{"id":32253,"date":"2023-11-06T23:30:39","date_gmt":"2023-11-06T14:30:39","guid":{"rendered":"https:\/\/monolith.law\/?page_id=32253"},"modified":"2026-04-02T00:56:53","modified_gmt":"2026-04-01T15:56:53","slug":"system-development","status":"publish","type":"page","link":"https:\/\/monolith.law\/ro\/system-development","title":{"rendered":"Dezvoltarea Sistemelor"},"content":{"rendered":"\n<section class=\"heading-area\">\n\t<div class=\"heading-area-inner\">\n\t\t<h2 class=\"icon-system-development\">Dezvoltarea Sistemelor<\/h2>\n\t\t<p>Dezvoltarea de sisteme foarte specializate adesea implic\u0103 probleme complexe \u0219i negocieri dificile \u00een cadrul negocierilor contractuale. Suntem preg\u0103ti\u021bi s\u0103 sus\u021binem compania dumneavoastr\u0103, utiliz\u00e2nd cuno\u0219tin\u021bele noastre nu doar ca exper\u021bi legali, ci \u0219i ca exper\u021bi \u00een IT, pentru a determina ce este esen\u021bial pentru companie.<\/p>\n\t<\/div>\n<\/section>\n\n<section class=\"white-section\">\n\t<div class=\"section-inner pdt0 border-bottom-section\">\n\t\t<p>Suntem un birou de avocatur\u0103 condus de un avocat care a fost anterior inginer IT, \u0219i ne ocup\u0103m de tot ce implic\u0103 redactarea, revizuirea \u0219i negocierea contractelor pentru dezvoltarea de sisteme foarte specializate, p\u00e2n\u0103 la rezolvarea disputelor atunci c\u00e2nd acestea apar. De asemenea, redact\u0103m contracte de la zero baz\u00e2ndu-ne pe materiale existente, cum ar fi documentele de propunere, \u0219i cu un num\u0103r minim de \u00eent\u00e2lniri.<\/p>\n\t<\/div>\n<\/section>\n\n<section class=\"second-nav\">\n\t<div class=\"second-nav-inner\">\n\t\t<p>SUBIECTE<\/p>\n\t\t<nav>\n\t\t\t<ul>\n\t\t\t\t<li><a href=\"#contract-drafting-in-system-development\">Preg\u0103tirea Contractelor de Dezvoltare a Sistemelor<\/a><\/li>\n\t\t\t\t<li><a href=\"#dispute-resolution-in-system-development\">Rezolvarea Disputelor \u00een Dezvoltarea de Sisteme<\/a><\/li>\n\t\t\t\t<li><a href=\"#drafting-with-minimal-operating-time\">Redactarea cu Timp Minim de Operare<\/a><\/li>\n\t\t\t\t<li><a href=\"#examples-of-support-provided-by-our-firm\">Exemple de Suport Oferit de Biroul Nostru<\/a><\/li>\n\t\t\t\t<li><a href=\"#publication-achievements-systems-development-legal\"> Realiz\u0103ri \u00een Publica\u021bii<\/a><\/li>\n\t\t\t\t<li><a href=\"#crypto-assets-and-blockchain\">Active Cripto \u0219i Blockchain<\/a><\/li>\n\t\t\t\t<li><a href=\"#manda\">M&amp;A<\/a><\/li>\n\t\t\t\t<li><a href=\"#monolith-law-magazine\">MONOLITH LAW MAGAZINE<\/a><\/li>\n\t\t\t\t<li><a href=\"#fee-structure\">Structura Taxelor<\/a><\/li>\n\t\t\t<\/ul>\n\t\t<\/nav>\n\t<\/div>\n<\/section>\n\n<section class=\"white-section mgt-section mgb-section80\">\n\t<div class=\"anchor\" id=\"contract-drafting-in-system-development\"><\/div>\n\t<div class=\"section-inner-black\">\n\t\t<h3>Preg\u0103tirea Contractelor de Dezvoltare a Sistemelor<\/h3>\n\t\t<p class=\"mgb-small\">\u00cen cazul dezvolt\u0103rii de sisteme, de\u0219i pot fi prev\u0103zute clauze abstracte, cum ar fi r\u0103spunderea \u00een cazul neconformit\u0103\u021bii contractuale, contractul men\u021bioneaz\u0103 doar &#8220;prin acord separat&#8221;. Cu alte cuvinte, circumstan\u021bele specifice sistemului sau proiectului nu sunt men\u021bionate direct. Ca rezultat, adesea este neclar care va fi rezultatul \u00een cazul unui litigiu real.<\/p>\n\t\t<p class=\"mgb-middle\">Biroul nostru consider\u0103 c\u0103 nu doar redactarea contractelor, ci \u0219i o \u00een\u021belegere profund\u0103 a sistemelor de dezvoltare asociate reprezint\u0103 o parte important\u0103 a muncii noastre.<\/p>\n\t<\/div>\n<\/section>\n\n<section class=\"purple-section\">\n\t<div class=\"anchor\" id=\"dispute-resolution-in-system-development\"><\/div>\n\t<div class=\"section-inner\">\n\t\t<div class=\"flex\">\n\t\t\t<div class=\"width41\"><img decoding=\"async\" src=\"\/wp-content\/themes\/monolith2021\/img\/systemdevelopment\/systemdevelopment_pic1.jpg\" alt=\" Rezolvarea Disputelor \u00een Dezvoltarea Sistemelor\"><\/div>\n\t\t\t<div class=\"width51\">\n\t\t\t\t<h3>Rezolvarea Disputelor \u00een Dezvoltarea de Sisteme<\/h3>\n\t\t\t\t<p class=\"mgb-small\">C\u00e2nd apare un litigiu, suntem responsabili pentru cererile de daune \u00een afara instan\u021bei, precum \u0219i pentru injunc\u021biile provizorii \u0219i procesele.<\/p>\n\t\t\t\t<p>Totu\u0219i, este preferabil ca disputele s\u0103 nu apar\u0103 deloc, \u0219i chiar dac\u0103 exist\u0103 o oportunitate pentru un litigiu, este cel mai bine s\u0103 nu ajung\u0103 la proces. Aceasta este viziunea \u0219i pozi\u021bia noastr\u0103 de baz\u0103, \u0219i oferim servicii juridice zilnice clien\u021bilor no\u0219tri corporativi pe baza acestei premize.<\/p>\n\t\t\t<\/div>\n\t\t<\/div>\n\t<\/div>\n<\/section>\n\n<section class=\"white-section\">\n\t<div class=\"anchor\" id=\"drafting-with-minimal-operating-time\"><\/div>\n\t<div class=\"section-inner\">\n\t\t<div class=\"flex reverse\">\n\t\t\t<div class=\"width41\"><img decoding=\"async\" src=\"\/wp-content\/themes\/monolith2021\/img\/pic\/pic_draft.jpg\" alt=\"Redactare cu Timp de Operare Minim\"><\/div>\n\t\t\t<div class=\"width51\">\n\t\t\t\t<h3>Redactarea cu Timp Minim de Operare<\/h3>\n\t\t\t\t<p class=\"mgb-small\">Avocatul reprezentant al MONOLITH LAW OFFICE este un fost inginer IT.<\/p>\n\t\t\t\t<p class=\"mgb-small\">Pentru a redacta un contract pentru dezvoltarea de sisteme \u0219i pentru a proiecta o schem\u0103 ca premis\u0103 pentru un astfel de contract, este necesar s\u0103 \u00een\u021belegem conturul sistemului relevant. Putem citi diversele documente \u0219i date care exist\u0103 deja \u00een compania dumneavoastr\u0103, cum ar fi defini\u021biile cerin\u021belor \u0219i materialele de v\u00e2nzare pentru clien\u021bii poten\u021biali ai dezvolt\u0103rii sistemului respectiv, din partea noastr\u0103.<\/p>\n\t\t\t\t<p>Prin urmare, putem preg\u0103ti proiecte de contracte \u0219i alte documente cu un minim de timp petrecut \u00een \u00eent\u00e2lniri etc., reduc\u00e2nd astfel eficient costurile de comunicare \u0219i timpul necesar pentru preg\u0103tire.<\/p>\n\t\t\t<\/div>\n\t\t<\/div>\n\t<\/div>\n<\/section>\n\n<section class=\"orange-section\">\n\t<div class=\"anchor\" id=\"examples-of-support-provided-by-our-firm\"><\/div>\n\t<div class=\"section-inner\">\n\t\t<h3 class=\"mgb-middle\">Exemple de suport oferit de biroul nostru<\/h3>\n\t\t<ul class=\"layout-column4\">\n\t\t\t<li>\n\t\t\t\t<div><img decoding=\"async\" src=\"\/wp-content\/themes\/monolith2021\/img\/systemdevelopment\/systemdevelopment_support_pic1.jpg\"><\/div>\n\t\t\t\t<h4>Furnizori IT<\/h4>\n\t\t\t\t<p>Oferim o varietate de servicii pentru companiile care furnizeaz\u0103 servicii de dezvoltare a sistemelor, de la redactarea contractelor legate de dezvoltarea sistemelor p\u00e2n\u0103 la rezolvarea disputelor, sub forma de consultan\u021b\u0103 juridic\u0103 \u0219i alte servicii legale. De asemenea, ne ocup\u0103m de domenii de v\u00e2rf, cum ar fi problemele legate de blockchain.<\/p>\n\t\t\t<\/li>\n\t\t\t<li>\n\t\t\t\t<div><img decoding=\"async\" src=\"\/wp-content\/themes\/monolith2021\/img\/systemdevelopment\/systemdevelopment_support_pic2.jpg\"><\/div>\n\t\t\t\t<h4>Companii Comerciale<\/h4>\n\t\t\t\t<p>Oferim o varietate de servicii companiilor comerciale care comand\u0103 lucr\u0103ri de dezvoltare a sistemelor. \u00cen special, pentru noile afaceri ale companiilor care nu sunt specializate \u00een IT, putem oferi suport inclusiv pentru proiectarea sistemului pentru \u00eentreaga afacere, inclusiv urm\u0103rirea post-livrare.<\/p>\n\t\t\t<\/li>\n\t\t\t<li>\n\t\t\t\t<div><img decoding=\"async\" src=\"\/wp-content\/themes\/monolith2021\/img\/systemdevelopment\/systemdevelopment_support_pic3.jpg\"><\/div>\n\t\t\t\t<h4>Servicii de Inginerie de Sistem (SES)<\/h4>\n\t\t\t\t<p>MONOLITH LAW OFFICE ofer\u0103 servicii juridice multor companii SES. Ne ocup\u0103m de redactarea contractelor legate de SES, rezolvarea disputelor extrajudiciare privind probleme specifice \u0219i gestionarea litigiilor.<\/p>\n\t\t\t<\/li>\n\t\t\t<li>\n\t\t\t\t<div><img decoding=\"async\" src=\"\/wp-content\/themes\/monolith2021\/img\/systemdevelopment\/systemdevelopment_support_pic4.jpg\"><\/div>\n\t\t\t\t<h4>Software open-source (OSS)<\/h4>\n\t\t\t\t<p>Am oferit cu succes design profesional \u0219i supraveghere a documenta\u021biei utilizatorilor pentru companii care ofer\u0103 at\u00e2t licen\u021be GPL c\u00e2t \u0219i alte licen\u021be open source, precum \u0219i licen\u021be comerciale.<\/p>\n\t\t\t<\/li>\n\t\t<\/ul>\n\t<\/div>\n<\/section>\n\n<section class=\"white-section\">\n\t<div class=\"anchor\" id=\"publication-achievements-systems-development-legal\"><\/div>\n\t<div class=\"section-inner\">\n\t\t<div class=\"flex reverse\">\n\t\t\t<div class=\"width41\"><img decoding=\"async\" src=\"\/wp-content\/themes\/monolith2021\/img\/pic\/pic_publishing.jpg\" alt=\"Publicarea c\u0103r\u021bilor privind problemele juridice legate de dezvoltarea sistemului\"><\/div>\n\t\t\t<div class=\"width51\">\n\t\t\t\t<h3>Publicarea C\u0103r\u021bilor despre Probleme Juridice Legate de Dezvoltarea Sistemelor<\/h3>\n\t\t\t\t<p class=\"mgb-small\">Ca birou de avocatur\u0103 specializat \u00een dezvoltarea de sisteme pentru servicii web, aplica\u021bii \u0219i jocuri, am publicat cartea &#8220;\u00centreb\u0103ri \u0219i r\u0103spunsuri juridice introductive pentru inginerii IT&#8221;. \u00cen carte, un fost inginer avocat explic\u0103 cuno\u0219tin\u021bele juridice \u00een principal pentru inginerii IT.<\/p>\n\t\t\t\t<p>Cartea este compus\u0103 din capitolele Capcanele dreptului de autor, Capcanele contractelor de dezvoltare, Capcanele rela\u021biilor de munc\u0103, Puncte de control ale contractelor, ofer\u0103 explica\u021bii juridice ale punctelor specifice care pot fi problematice \u00een situa\u021bii reale de dezvoltare a sistemelor.<\/p>\n\t\t\t<\/div>\n\t\t<\/div>\n\t<\/div>\n<\/section>\n\n<section class=\"purple-section\">\n\t<div class=\"anchor\" id=\"crypto-assets-and-blockchain\"><\/div>\n\t<div class=\"section-inner\">\n\t\t<div class=\"flex\">\n\t\t\t<div class=\"width41\"><img decoding=\"async\" src=\"\/wp-content\/uploads\/2022\/07\/shutterstock_1151380622_2.png\" alt=\"Crypto Assets and Blockchain\"><\/div>\n\t\t\t<div class=\"width51\">\n\t\t\t\t<h3>Active Cripto \u0219i Blockchain<\/h3>\n\t\t\t\t<p>Blockchain este o baz\u0103 de date descentralizat\u0103, cu un risc sc\u0103zut de pierdere a \u00eenregistr\u0103rilor \u0219i dificil de modificat \u00eenregistr\u0103rile anterioare. Acest lucru este realizat prin tehnici IT precum algoritmi de consens, criptografie \u0219i re\u021bele P2P. MONOLITH LAW OFFICE a fost implicat \u00een munca juridic\u0103 a activelor cripto \u0219i blockchain \u00eenc\u0103 de la deschiderea sa \u00een 2017.<\/p>\n\t\t\t<\/div>\n\t\t<\/div>\n\t<\/div>\n<\/section>\n\n<section class=\"white-section mgt-section mgb-section\">\n\t<div class=\"anchor\" id=\"manda\"><\/div>\n\t<div class=\"section-inner-black\">\n\t\t<h3>M&amp;A<\/h3>\n\t\t<p class=\"mgb-middle\">Avem o experien\u021b\u0103 vast\u0103 \u00een M&amp;A implic\u00e2nd sisteme IT, inclusiv transferuri de afaceri \u0219i achizi\u021bii de aplica\u021bii \u0219i servicii web.<\/p>\n\t<\/div>\n<\/section>\n\n<section class=\"purple2-section\">\n\t<div class=\"anchor\" id=\"monolith-law-magazine\"><\/div>\n\t<div class=\"section-inner\">\n\t\t    <section class=\"white-section temp-article\">\n        <div class=\"section-inner\">\n            <h4>MONOLITH LAW MAGAZINE<\/h4>\n            <div class=\"articles type_practice_column\">\n                                                                    <div class=\"article article-area\">\n                        <figure>\n                            <div class=\"img-wrap\">\n                                <img alt=\"Care este gradul de responsabilitate al furnizorilor pentru produsele livrate, inclusiv OSS? Explicarea r\u0103spunderii civile \u0219i a m\u0103surilor de precau\u021bie pentru fiecare tip de contract\" src=\"https:\/\/monolith.law\/ro\/wp-content\/uploads\/sites\/32\/2025\/08\/a3e2bebbbd18ab9195487c8b62e3ba94.webp\" width=\"500\" height=\"250\">\n                            <\/div>\n                            <figcaption>\n                                <div class=\"figcaption-inner\">\n                                    <h3>Care este gradul de responsabilitate al furnizorilor pentru produsele livrate, i.<\/h3>\n                                <\/div>\n                            <\/figcaption>\n                            <a href=\"https:\/\/monolith.law\/ro\/it\/oss-contract\"><\/a>\n                        <\/figure>\n                    <\/div>\n                                                    <div class=\"article article-area\">\n                        <figure>\n                            <div class=\"img-wrap\">\n                                <img alt=\"Explicarea a 8 legi problematice \u00een dezvoltarea de software care utilizeaz\u0103 software-ul open-source (OSS)\" src=\"https:\/\/monolith.law\/ro\/wp-content\/uploads\/sites\/32\/2025\/08\/2e3dcd72416c364f481cdcf21967a2a8.webp\" width=\"500\" height=\"250\">\n                            <\/div>\n                            <figcaption>\n                                <div class=\"figcaption-inner\">\n                                    <h3>Explicarea a 8 legi problematice \u00een dezvoltarea de software care utilizeaz\u0103 soft.<\/h3>\n                                <\/div>\n                            <\/figcaption>\n                            <a href=\"https:\/\/monolith.law\/ro\/it\/oss-law\"><\/a>\n                        <\/figure>\n                    <\/div>\n                                                    <div class=\"article article-area\">\n                        <figure>\n                            <div class=\"img-wrap\">\n                                <img alt=\"Puncte de aten\u021bie c\u00e2nd se utilizeaz\u0103 OSS (Open Source Software) \u00een contractele de dezvoltare software la comand\u0103\" src=\"https:\/\/monolith.law\/ro\/wp-content\/uploads\/sites\/32\/2025\/08\/9132dea58501d53c6b72439e72a5a1e0.webp\" width=\"500\" height=\"250\">\n                            <\/div>\n                            <figcaption>\n                                <div class=\"figcaption-inner\">\n                                    <h3>Puncte de aten\u021bie c\u00e2nd se utilizeaz\u0103 OSS (Open Source Software) \u00een contractele d.<\/h3>\n                                <\/div>\n                            <\/figcaption>\n                            <a href=\"https:\/\/monolith.law\/ro\/it\/oss-development-contract\"><\/a>\n                        <\/figure>\n                    <\/div>\n                                            <\/div>\n            <div class=\"btn-more\"><a href=\"https:\/\/monolith.law\/ro\/tag\/system-development\">Read More<\/a><\/div>\n        <\/div>\n    <\/section>\n\t<\/div>\n<\/section>\n\n<section class=\"orange2-section\">\n\t<div class=\"anchor\" id=\"fee-structure\"><\/div>\n\t<div class=\"section-inner\">\n\t<div class=\"planWrap\">\n\t<h3>Structura<br>Taxelor<\/h3>\n\t<ul class=\"plan\">\n\t\t<li class=\"txt-left\">\n\t\t\t<div class=\"plan-inner\">\n\t\t\t<div class=\"plan-header\">\n\t\t\t<h4 class=\"plan-title\">Tarif Orar<\/h4>\n\t\t\t<div class=\"plan-price\"><span class=\"price-figure\">$300<\/span>pe or\u0103<span class=\"price-tax\"><\/span><\/div>\n\t\t\t<\/div>\n\t\t\t<div class=\"plan-body\">\u00cen anumite cazuri, putem lua \u00een considerare acceptarea unui litigiu sau proces cu un onorariu ini\u021bial \u0219i un onorariu de succes. Pentru mai multe detalii, v\u0103 invit\u0103m s\u0103 ne contacta\u021bi.<\/div>\n\t\t\t<\/div>\n\t\t<\/li>\n\t\t<li class=\"txt-left\">\n\t\t\t<div class=\"plan-inner\">\n\t\t\t<div class=\"plan-header\">\n\t\t\t<h4 class=\"plan-title\">Redactarea Contractelor<\/h4>\n\t\t\t<div class=\"plan-price\"><span class=\"price-value\">de la<\/span><span class=\"price-figure\">$500<\/span><span class=\"price-value\">p\u00e2n\u0103 la $2,000 sau mai mult<\/span><span class=\"price-tax\"><\/span><\/div>\n\t\t\t<\/div>\n\t\t\t<div class=\"plan-body\">Structura pre\u021burilor poate varia \u00een func\u021bie de tipul \u0219i cantitatea contractelor. Suntem \u00eenc\u00e2nta\u021bi s\u0103 oferim o estimare preliminar\u0103 la cerere, \u00eencuraj\u00e2ndu-v\u0103 astfel s\u0103 ne contacta\u021bi pentru detalii suplimentare.<\/div>\n\t\t\t<\/div>\n\t\t<\/li>\n\t\t<li class=\"txt-left\">\n\t\t\t<div class=\"plan-inner\">\n\t\t\t<div class=\"plan-header\">\n\t\t\t<h4 class=\"plan-title\">Alte Servicii<\/h4>\n\t\t\t<div class=\"plan-price\"><span class=\"price-figure\">Contacta\u021bi-ne<\/span><\/div>\n\t\t\t<\/div>\n\t\t\t<div class=\"plan-body\">Oferim o gam\u0103 larg\u0103 de servicii, inclusiv \u00eenfiin\u021barea de companii, revizuirea contractelor, opinii legale, revizuirea cazurilor sau scrisori de cercetare. Dac\u0103 ave\u021bi \u00eentreb\u0103ri sau nel\u0103muriri, v\u0103 invit\u0103m cordial s\u0103 ne contacta\u021bi \u0219i echipa noastr\u0103 de exper\u021bi va fi bucuroas\u0103 s\u0103 v\u0103 asiste.<\/div>\n\t\t\t<\/div>\n\t\t\t<\/div>\n\t\t<\/li>\n\t<\/ul>\n\t<\/div>\n\t<\/div>\n<\/section>\n\n<section class=\"white-section\">\n\t<div class=\"section-inner\">\n\t\t<div class=\"btn-area\">\n\t\t\t<div class=\"btn icon-contact\"><a href=\"\/ro\/contact\">Contacta\u021bi-ne<\/a><\/div>\n\t\t<\/div>\n\t<\/div>\n<\/section>\n","protected":false},"excerpt":{"rendered":"<p>Dezvoltarea Sistemelor Dezvoltarea de sisteme foarte specializate adesea implic\u0103 probleme complexe \u0219i negocieri dificile \u00een cadrul negocierilor contractuale. Suntem preg\u0103ti\u021bi s\u0103 sus\u021binem compania dumn [&hellip;]<\/p>\n","protected":false},"author":1,"featured_media":57152,"parent":0,"menu_order":7,"comment_status":"closed","ping_status":"closed","template":"other-page-temp.php","meta":{"footnotes":""},"acf":[],"_links":{"self":[{"href":"https:\/\/monolith.law\/ro\/wp-json\/wp\/v2\/pages\/32253"}],"collection":[{"href":"https:\/\/monolith.law\/ro\/wp-json\/wp\/v2\/pages"}],"about":[{"href":"https:\/\/monolith.law\/ro\/wp-json\/wp\/v2\/types\/page"}],"author":[{"embeddable":true,"href":"https:\/\/monolith.law\/ro\/wp-json\/wp\/v2\/users\/1"}],"replies":[{"embeddable":true,"href":"https:\/\/monolith.law\/ro\/wp-json\/wp\/v2\/comments?post=32253"}],"version-history":[{"count":41,"href":"https:\/\/monolith.law\/ro\/wp-json\/wp\/v2\/pages\/32253\/revisions"}],"predecessor-version":[{"id":72919,"href":"https:\/\/monolith.law\/ro\/wp-json\/wp\/v2\/pages\/32253\/revisions\/72919"}],"wp:featuredmedia":[{"embeddable":true,"href":"https:\/\/monolith.law\/ro\/wp-json\/wp\/v2\/media\/57152"}],"wp:attachment":[{"href":"https:\/\/monolith.law\/ro\/wp-json\/wp\/v2\/media?parent=32253"}],"curies":[{"name":"wp","href":"https:\/\/api.w.org\/{rel}","templated":true}]}}