{"id":32408,"date":"2023-11-07T23:20:29","date_gmt":"2023-11-07T14:20:29","guid":{"rendered":"https:\/\/monolith.law\/?page_id=32408"},"modified":"2026-03-16T16:59:55","modified_gmt":"2026-03-16T07:59:55","slug":"m-and-a","status":"publish","type":"page","link":"https:\/\/monolith.law\/ro\/m-and-a","title":{"rendered":"M&amp;A"},"content":{"rendered":"\n<section class=\"heading-area\">\n\t<div class=\"heading-area-inner\">\n\t\t<h2 class=\"icon-m-and-a\">M&amp;A<\/h2>\n\t\t<p>MONOLITH LAW OFFICE a gestionat numeroase probleme legale legate de echitate \u0219i M&amp;A, centrate pe IT, inclusiv aplica\u021bii \u0219i servicii web. Suntem capabili s\u0103 gestion\u0103m due diligence-ul juridic (DD) \u00een achizi\u021biile corporative \u0219i alte situa\u021bii similare.<\/p>\n\t<\/div>\n<\/section>\n\n<section class=\"white-section\">\n\t<div class=\"section-inner pdt0 border-bottom-section\">\n\t\t<p>MONOLITH LAW OFFICE a gestionat numeroase tranzac\u021bii M&amp;A, inclusiv transferuri de afaceri, probleme legate de echitate, cum ar fi alocarea de ac\u021biuni ter\u021bilor, emiterea de op\u021biuni pe ac\u021biuni, cump\u0103r\u0103ri de management (MBO) \u0219i stabilirea de joint ventures (JV), precum \u0219i rezolvarea disputelor legate de aceste tranzac\u021bii, \u00een principal \u00een domeniul IT, inclusiv aplica\u021bii \u0219i servicii web. Mai mult, avem un sistem \u00een loc pentru a gestiona a\u0219a-numitul due diligence juridic (DD), care este o investiga\u021bie legal\u0103 pentru a confirma dac\u0103 exist\u0103 sau nu probleme legale deosebit de grave \u00een situa\u021bii precum achizi\u021biile corporative.<\/p>\n\t<\/div>\n<\/section>\n\n<section class=\"second-nav\">\n\t<div class=\"second-nav-inner\">\n\t\t<p>SUBIECTE<\/p>\n\t\t<nav>\n\t\t\t<ul>\n\t\t\t\t<li><a href=\"#examples-of-support-provided-by-our-firm\">Exemple de Suport Furnizat de Biroul Nostru<\/a><\/li>\n\t\t\t\t<li><a href=\"#share-and-capital-increase\">Cre\u0219terea Ac\u021biunilor \u0219i Capitalului<\/a><\/li>\n\t\t\t\t<li><a href=\"#ma-related-legal-affairs\">Afaceri Legale Legate de M&amp;A<\/a><\/li>\n\t\t\t\t<li><a href=\"#ma-of-sns-such-as-youtube\">M&amp;A al SNS-urilor precum YouTube<\/a><\/li>\n\t\t\t\t<li><a href=\"#one-stop-service-in-cooperation-with-judicial-scriveners\">Serviciu Integrat \u00een Colaborare cu Redactorii Judec\u0103tore\u0219ti<\/a><\/li>\n\t\t\t\t<li><a href=\"#legal-due-diligence-dd-support\">Suport pentru Diligen\u021ba Juridic\u0103<\/a><\/li>\n\t\t\t\t<li><a href=\"#legal-due-diligence-cases-we-have-handled\">Cazuri de Due Diligence Juridic\u0103 Gestionate de Noi<\/a><\/li>\n\t\t\t\t<li><a href=\"#disputes-related-to-stocks-and-investments\">Dispute Legate de Ac\u021biuni \u0219i Investi\u021bii<\/a><\/li>\n\t\t\t\t<li><a href=\"#monolith-law-magazine\">MONOLITH LAW MAGAZINE<\/a><\/li>\n\t\t\t\t<li><a href=\"#fee-structure\">Structura Taxelor<\/a><\/li>\n\t\t\t<\/ul>\n\t\t<\/nav>\n\t<\/div>\n<\/section>\n\n<section class=\"white-section\">\n\t<div class=\"anchor\" id=\"examples-of-support-provided-by-our-firm\"><\/div>\n\t<div class=\"section-inner-bottomhalf\">\n\t\t<h3 class=\"mgb-middle\">Exemplu de suport furnizat de biroul nostru<\/h3>\n\t\t<ul class=\"mgb-small layout-column4\">\n\t\t\t<li>\n\t\t\t\t<h4>Cre\u0219terea capitalului prin alocare c\u0103tre ter\u021bi<\/h4>\n\t\t\t\t<div><img decoding=\"async\" src=\"\/wp-content\/themes\/monolith2021\/img\/stockrelatedlaw\/stockrelatedlaw_support_pic1.jpg\"><\/div>\n\t\t\t\t<p>Am asistat numeroase companii de tip startup \u00een cre\u0219terea capitalului prin alocare c\u0103tre ter\u021bi. De asemenea, am asistat o companie listat\u0103 la burs\u0103 \u00een efectuarea primei sale investi\u021bii de capital de risc, redact\u00e2nd un term sheet \u0219i un acord de investi\u021bii.<\/p>\n\t\t\t<\/li>\n\t\t\t<li>\n\t\t\t\t<h4>Cump\u0103rarea prin Management (MBO)<\/h4>\n\t\t\t\t<div><img decoding=\"async\" src=\"\/wp-content\/themes\/monolith2021\/img\/stockrelatedlaw\/stockrelatedlaw_support_pic2.jpg\"><\/div>\n\t\t\t\t<p>Am colaborat cu companii de tip start-up care se confruntau cu probleme legate de rela\u021biile de capital pentru a dezvolta strategii \u0219i a redacta diverse acorduri pentru cump\u0103r\u0103ri prin management (MBO), cum ar fi str\u00e2ngerea de fonduri, \u00eenfiin\u021barea unei noi entit\u0103\u021bi juridice care s\u0103 func\u021bioneze ca vehicul \u0219i permiterea acestei noi entit\u0103\u021bi juridice s\u0103 achizi\u021bioneze ac\u021biuni de la ac\u021bionarii existen\u021bi.<\/p>\n\t\t\t<\/li>\n\t\t\t<li>\n\t\t\t\t<h4>\u00cenfiin\u021barea de Joint Ventures<\/h4>\n\t\t\t\t<div><img decoding=\"async\" src=\"\/wp-content\/themes\/monolith2021\/img\/stockrelatedlaw\/stockrelatedlaw_support_pic3.jpg\"><\/div>\n\t\t\t\t<p>Am lucrat cu companii start-up pentru \u00eenfiin\u021barea de joint ventures (JV), \u00een care o companie start-up \u0219i o \u00eentreprindere de afaceri de mari dimensiuni de\u021bin ac\u021biuni \u00een aceea\u0219i companie, prin redactarea de term sheets, negocierea contractelor \u0219i transferul afacerii de la compania start-up c\u0103tre compania nou \u00eenfiin\u021bat\u0103.<\/p>\n\t\t\t\t<\/li>\n\t\t\t<li>\n\t\t\t\t<h4>Litigii legate de ac\u021biuni<\/h4>\n\t\t\t\t<div><img decoding=\"async\" src=\"\/wp-content\/themes\/monolith2021\/img\/stockrelatedlaw\/stockrelatedlaw_support_pic4.jpg\"><\/div>\n\t\t\t\t<p>Am gestionat cazuri \u00een care o companie start-up a primit investi\u021bii de la un investitor privat \u0219i ulterior s-a disputat validitatea contractului de investi\u021bii, precum \u0219i cazuri \u00een care reprezentan\u021bii unei companii care au realizat o r\u0103scump\u0103rare de succes a fost ulterior acuzat de ne\u00eendeplinirea obliga\u021biilor \u0219i a primit o cerere de desp\u0103gubire din partea companiei c\u0103reia i-a v\u00e2ndut ac\u021biunile, de la negocieri \u00een afara instan\u021bei p\u00e2n\u0103 la litigii.<\/p>\n\t\t\t<\/li>\n\t\t<\/ul>\n\t<\/div>\n<\/section>\n\n<section class=\"white-section\">\n\t<div class=\"section-inner-tophalf\">\n\t\t<div class=\"frame2 max-width860 txt-center-pc\">\n\t\t\t<p class=\"bold txt-l\">Am servit ca avoca\u021bi consilieri pentru un num\u0103r mare de companii start-up din domeniul IT.<br>Lucr\u0103rile juridice legate de capitaluri proprii \u0219i M&amp;A reprezint\u0103 una dintre principalele noastre arii de practic\u0103.<\/p>\n\t\t<\/div>\n\t<\/div>\n<\/section>\n\n<section class=\"white-section mgb-section80\">\n\t<div class=\"anchor\" id=\"share-and-capital-increase\"><\/div>\n\t<div class=\"section-inner-black\">\n\t\t<h3>Cre\u0219terea Ac\u021biunilor \u0219i Capitalului<\/h3>\n\t\t<p class=\"mgb-middle\">\u00cen ceea ce prive\u0219te emiterea de ac\u021biuni prin alocare c\u0103tre ter\u021bi, ne ocup\u0103m de tot, de la preg\u0103tirea foilor de termeni p\u00e2n\u0103 la redactarea acordurilor de investi\u021bii \u0219i a acordurilor ac\u021bionarilor. De asemenea, gestion\u0103m proiectarea ac\u021biunilor de clas\u0103 care stipuleaz\u0103 distribu\u021bia preferen\u021bial\u0103, etc., emiterea drepturilor de achizi\u021bie a ac\u021biunilor, acordurile \u00eentre fondatori, transferul de ac\u021biuni \u0219i diverse alte strategii \u0219i contracte legate de echitate, etc.<\/p>\n\n\n\n\t<\/div>\n<\/section>\n\n<section class=\"white-section mgb-section100\">\n\t<div class=\"anchor\" id=\"ma-related-legal-affairs\"><\/div>\n\t<div class=\"section-inner-black\">\n\t\t<h3>Afaceri juridice legate de M&amp;A<\/h3>\n\t\t<p class=\"mgb-middle\">Avem o experien\u021b\u0103 vast\u0103 \u00een tranzac\u021biile M&amp;A \u00een sensul larg al termenului, \u00een principal \u00een domeniul IT, inclusiv transferuri de afaceri ale serviciilor web \u0219i aplica\u021biilor, precum \u0219i cump\u0103rarea companiilor de tip start-up. De asemenea, am ac\u021bionat ca client pentru o companie listat\u0103 la bursa de valori din Tokyo \u00een transferul afacerii sale de sisteme IT de la o companie de tip start-up.<\/p>\n\n\n\n\t<\/div>\n<\/section>\n\n<section class=\"purple-section\">\n\t<div class=\"anchor\" id=\"ma-of-sns-such-as-youtube\"><\/div>\n\t<div class=\"section-inner\">\n\t\t<div class=\"flex reverse\">\n\t\t\t<div class=\"width41\"><img decoding=\"async\" src=\"\/wp-content\/themes\/monolith2021\/img\/pic\/pic_sns_manda.jpg\" alt=\"M&amp;A of SNS such as YouTube\"><\/div>\n\t\t\t<div class=\"width51\">\n\t\t\t\t<h3>M&amp;A al SNS-urilor precum YouTube<\/h3>\n\t\t\t\t<p class=\"mgb-small\">Canalele de YouTube \u0219i conturile de Twitter sunt supuse fuziunilor \u0219i achizi\u021biilor, la fel ca \u0219i site-urile web, etc. Cu toate acestea, datorit\u0103 naturii speciale a acestor tranzac\u021bii de fuziuni \u0219i achizi\u021bii, este necesar un birou de avocatur\u0103 cu cuno\u0219tin\u021be \u0219i know-how specializat.<\/p>\n\t\t\t\t<p class=\"mgb-small\">Biroul nostru a gestionat numeroase tranzac\u021bii de fuziuni \u0219i achizi\u021bii pentru canalele de YouTube \u0219i altele, variind de la sume mici p\u00e2n\u0103 la cele care implic\u0103 mai mult de 100 de milioane de yeni, oferind servicii juridice care variaz\u0103 de la redactarea contractelor p\u00e2n\u0103 la due diligence (DD).<\/p>\n\t\t\t\t<div class=\"btn-area align-left\">\n\t\t\t\t\t\n\t\t\t\t<\/div>\n\t\t\t<\/div>\n\t\t<\/div>\n\t<\/div>\n<\/section>\n\n<section class=\"white-section\">\n\t<div class=\"anchor\" id=\"one-stop-service-in-cooperation-with-judicial-scriveners\"><\/div>\n\t<div class=\"section-inner\">\n\t\t<div class=\"flex\">\n\t\t\t<div class=\"width41\"><img decoding=\"async\" src=\"\/wp-content\/themes\/monolith2021\/img\/stockrelatedlaw\/stockrelatedlaw_pic2.jpg\" alt=\"Serviciu unic \u00een colaborare cu grefierii judiciari\"><\/div>\n\t\t\t<div class=\"width51\">\n\t\t\t\t<h3>Serviciu unic \u00een colaborare cu grefierii judiciari<\/h3>\n\t\t\t\t<p class=\"mgb-small\">Diverse tipuri de munc\u0103, cum ar fi alocarea de noi ac\u021biuni c\u0103tre ter\u021bi, sunt \u00een mare parte \u00eemp\u0103r\u021bite \u00een preg\u0103tirea foii de termeni, negocierea contractelor \u0219i preg\u0103tirea acordurilor de investi\u021bii \u0219i a acordurilor ac\u021bionarilor, \u00een care avoca\u021bii au expertiz\u0103, \u0219i lucr\u0103rile legate de \u00eenregistrare, \u00een care grefierii judiciari au expertiz\u0103.<\/p>\n\t\t\t\t<p class=\"mgb-small\">\u0218i deoarece acestea sunt interconectate, costurile de comunicare se umfl\u0103 dac\u0103 clien\u021bii trebuie s\u0103 se ocupe de mai multe firme separat.<\/p>\n\t\t\t\t<p>MONOLITH LAW OFFICE, \u00een colaborare cu birourile grefierilor judiciari, poate gestiona toate aceste servicii \u00eentr-un singur punct de contact \u0219i \u00eentr-un mod unificat.<\/p>\n\t\t\t<\/div>\n\t\t<\/div>\n\t<\/div>\n<\/section>\n\n<section class=\"orange-section\">\n\t<div class=\"anchor\" id=\"legal-due-diligence-dd-support\"><\/div>\n\t<div class=\"section-inner\">\n\t\t<div class=\"flex reverse\">\n\t\t\t<div class=\"width41\"><img decoding=\"async\" src=\"\/wp-content\/themes\/monolith2021\/img\/pic\/pic_legalduediligence.jpg\" alt=\"Suport pentru Diligen\u021ba Juridic\u0103\"><\/div>\n\t\t\t<div class=\"width51\">\n\t\t\t\t<h3>Suport pentru Diligen\u021ba Juridic\u0103<\/h3>\n\t\t\t\t<p class=\"mgb-small\">\u00cen cazul achizi\u021biilor corporative \u0219i \u00een alte situa\u021bii, diligen\u021ba juridic\u0103 (DD) este o investiga\u021bie juridic\u0103 pentru a determina dac\u0103 exist\u0103 sau nu probleme juridice deosebit de grave \u00een urm\u0103toarele domenii: \u00eenfiin\u021barea, structura corporativ\u0103, ac\u021biunile, ac\u021bionarii, afilia\u021bii, fuziuni \u0219i achizi\u021bii (M&amp;A), imobiliare, bunuri mobile, drepturi de proprietate intelectual\u0103, finan\u021be, contracte, litigii \u0219i dispute, conformitate, \u0219i a\u0219a mai departe. Diligen\u021ba juridic\u0103 (DD) este o sarcin\u0103 care necesit\u0103 abilit\u0103\u021bi organiza\u021bionale din partea birourilor de avocatur\u0103. Echipa noastr\u0103 de avoca\u021bi 30 este capabil\u0103 s\u0103 efectueze astfel de diligen\u021be juridice \u0219i s\u0103 preg\u0103teasc\u0103 rapoarte DD \u00eentr-un mod prompt.<\/p>\n\t\t\t\t<p><span class=\"bold\">*C\u00e2nd se preg\u0103te\u0219te un raport DD, dureaz\u0103 \u00een general mai mult de 30 de ore de timpul avocatului (onorariile avocatului de pu\u021bin peste $12,000).<\/span><\/p>\n\t\t\t<\/div>\n\t\t<\/div>\n\t<\/div>\n<\/section>\n\n<section class=\"orange2-section\">\n\t<div class=\"anchor\" id=\"legal-due-diligence-cases-we-have-handled\"><\/div>\n\t<div class=\"section-inner\">\n\t\t<h3>Cazuri de Due Diligence Juridic\u0103 Gestionate de Noi<\/h3>\n\t\t<p class=\"mgb-small\">\u00cen esen\u021b\u0103, domeniul Due Diligence include aspecte care constituie fundamentul pentru companii sau opera\u021biuni comerciale, precum \u0219i acelea care au un impact semnificativ asupra activit\u0103\u021bilor corporative.<\/p>\n\t\t<p class=\"mgb-small\">Mai specific, acesta implic\u0103 evaluarea, \u00een termeni de structur\u0103 corporativ\u0103 \u0219i guvernan\u021b\u0103, a capacit\u0103\u021bii companiilor sau afacerilor de a se sus\u021bine, identificarea reglement\u0103rilor legale \u0219i permiselor necesare pentru avansarea companiilor \u0219i afacerilor, \u0219i determinarea fezabilit\u0103\u021bii men\u021binerii acestor permise. De asemenea, include evaluarea st\u0103rii activelor \u0219i pasivelor importante legate de opera\u021biunile comerciale, identificarea absen\u021bei contractelor esen\u021biale (inclusiv cele de munc\u0103 \u0219i tranzac\u021biile cu p\u0103r\u021bi afiliate), evaluarea posibilit\u0103\u021bii de continuare a condi\u021biilor favorabile \u0219i evaluarea impactului poten\u021bial al riscurilor manifestate care pot ap\u0103rea.<\/p>\n\t\t<p class=\"mgb-middle\">De\u0219i fundamental bazat\u0103 pe aceste aspecte, sfera de aplicare a due diligence-ului juridic este supus\u0103 unor puncte specifice adaptate naturii companiei sau afacerii.<\/p>\n\t\t<ol class=\"layout-datalist\">\n\t\t\t<li>\n\t\t\t\t<h4>O Startup de Tehnologie<\/h4>\n\t\t\t\t<p>\u00cencep\u00e2nd cu cercetarea structurii corporative, inclusiv emiterea de ac\u021biuni \u0219i compozi\u021bia ac\u021bionarilor \u0219i directorilor, punem de asemenea accent pe o examinare atent\u0103 a inven\u021biilor brevetate \u0219i a altor drepturi legate de activitatea principal\u0103, analiza afacerii.<\/p>\n\t\t\t<\/li>\n\t\t\t<li>\n\t\t\t\t<h4>O Companie de Management Media<\/h4>\n\t\t\t\t<p>Am examinat canalele lor de YouTube pentru a vedea dac\u0103 opereaz\u0103 \u00een conformitate cu Termenii de Serviciu \u0219i Politica de Confiden\u021bialitate, precum \u0219i dac\u0103 con\u021binutul video pe care l-au publicat anterior respect\u0103 reglement\u0103rile privind drepturile de autor \u0219i publicitate.<\/p>\n\t\t\t<\/li>\n\t\t\t<li>\n\t\t\t\t<h4>O Companie IT Bazat\u0103 pe Contracte<\/h4>\n\t\t\t\t<p>Av\u00e2nd \u00een vedere o discrepan\u021b\u0103 identificat\u0103 \u00eentre Actul Constitutiv \u0219i situa\u021bia real\u0103 privind emiterea de ac\u021biuni \u0219i \u021binerea adun\u0103rilor ac\u021bionarilor, am clarificat riscurile asociate cu aceste probleme, precum \u0219i am ajutat la implementarea m\u0103surilor de contracarare viitoare.<\/p>\n\t\t\t<\/li>\n\t\t\t<li>\n\t\t\t\t<h4>Comercian\u021bi de produse legate de PC<\/h4>\n\t\t\t\t<p>\u00cen loc s\u0103 ne concentr\u0103m doar pe afacerea \u00een sine, am evaluat \u0219i starea tranzac\u021biilor cu alte companii \u0219i starea contractelor pentru achizi\u021bia de produse ale companiei. \u00cen plus, av\u00e2nd \u00een vedere c\u0103 compania se ocupa \u0219i de contracte de construc\u021bie, am confirmat cu aten\u021bie detaliile licen\u021belor \u0219i permiselor legate de continuarea afacerii de construc\u021bie \u0219i starea lor de re\u00eennoire, inclusiv loca\u021bia p\u0103r\u021bii responsabile.<\/p>\n\t\t\t<\/li>\n\t\t\t<li>\n\t\t\t\t<h4>Produc\u0103tori de produse legate de PC<\/h4>\n\t\t\t\t<p>Pe l\u00e2ng\u0103 investigarea condi\u021biilor de munc\u0103, cum ar fi regulile de munc\u0103 \u0219i reglement\u0103rile salariale, av\u00e2nd \u00een vedere c\u0103 compania de\u021binea mai multe ma\u0219ini de lucru, fabrici \u0219i terenuri, am examinat \u00eendeaproape drepturile \u0219i valoarea de achizi\u021bie a acestora.<\/p>\n\t\t\t<\/li>\n\t\t<\/ol>\n\t<\/div>\n<\/section>\n\n<section class=\"white-section\">\n\t<div class=\"anchor\" id=\"disputes-related-to-stocks-and-investments\"><\/div>\n\t<div class=\"section-inner\">\n\t\t<div class=\"flex\">\n\t\t\t<div class=\"width41\"><img decoding=\"async\" src=\"\/wp-content\/themes\/monolith2021\/img\/stockrelatedlaw\/stockrelatedlaw_pic4.jpg\" alt=\"Disputes Related to Stocks and Investments\"><\/div>\n\t\t\t<div class=\"width51\">\n\t\t\t\t<h3>Dispute Legate de Ac\u021biuni \u0219i Investi\u021bii<\/h3>\n\t\t\t\t<p>Avem o mare experien\u021b\u0103 \u00een rezolvarea problemelor \u0219i disputelor legate de investi\u021bii \u0219i alte chestiuni, variind de la procese \u00eentre corpora\u021bii \u0219i ac\u021bionari, cum ar fi procesele derivate ale ac\u021bionarilor, p\u00e2n\u0103 la probleme legate de cre\u0219terea capitalului, r\u0103scump\u0103r\u0103ri \u0219i alte chestiuni.<\/p>\n\t\t\t<\/div>\n\t\t<\/div>\n\t<\/div>\n<\/section>\n\n<section class=\"purple2-section\">\n\t<div class=\"anchor\" id=\"monolith-law-magazine\"><\/div>\n\t<div class=\"section-inner\">\n\t\t    <section class=\"white-section temp-article\">\n        <div class=\"section-inner\">\n            <h4>MONOLITH LAW MAGAZINE<\/h4>\n            <div class=\"articles type_practice_column\">\n                                                                    <div class=\"article article-area\">\n                        <figure>\n                            <div class=\"img-wrap\">\n                                <img alt=\"\u3010Implementare \u00een octombrie 2026 (Reiwa 6)\u3011Avantajele \u0219i dezavantajele confiden\u021bialit\u0103\u021bii adresei directorului executiv \u00eenregistrat, explicate \u00een detaliu\" src=\"https:\/\/monolith.law\/ro\/wp-content\/uploads\/sites\/32\/2024\/07\/shutterstock_446633164-1.webp\" width=\"500\" height=\"250\">\n                            <\/div>\n                            <figcaption>\n                                <div class=\"figcaption-inner\">\n                                    <h3>\u3010Implementare \u00een octombrie 2026 (Reiwa 6)\u3011Avantajele \u0219i dezavantajele confiden\u021bi.<\/h3>\n                                <\/div>\n                            <\/figcaption>\n                            <a href=\"https:\/\/monolith.law\/ro\/general-corporate\/ceo-address-hidden\"><\/a>\n                        <\/figure>\n                    <\/div>\n                                                    <div class=\"article article-area\">\n                        <figure>\n                            <div class=\"img-wrap\">\n                                <img alt=\"Ce este contractul de asigurare pentru r\u0103spunderea desp\u0103gubirii directorilor \u0219i a altor ofi\u021beri? Explicarea procedurilor dup\u0103 modificarea Legii Companiilor Japoneze \u0219i diferen\u021bele fa\u021b\u0103 de compensa\u021bia companiei\" src=\"https:\/\/monolith.law\/ro\/wp-content\/uploads\/sites\/32\/2024\/08\/Shutterstock_2311231603.webp\" width=\"500\" height=\"250\">\n                            <\/div>\n                            <figcaption>\n                                <div class=\"figcaption-inner\">\n                                    <h3>Ce este contractul de asigurare pentru r\u0103spunderea desp\u0103gubirii directorilor \u0219i .<\/h3>\n                                <\/div>\n                            <\/figcaption>\n                            <a href=\"https:\/\/monolith.law\/ro\/general-corporate\/directors-liability-insurance-contract\"><\/a>\n                        <\/figure>\n                    <\/div>\n                                                    <div class=\"article article-area\">\n                        <figure>\n                            <div class=\"img-wrap\">\n                                <img alt=\"Metoda de \u00eenfiin\u021bare a unei corpora\u021bii (companii) \u00een str\u0103in\u0103tate? Explica\u021bii despre tipuri \u0219i puncte cheie\" src=\"https:\/\/monolith.law\/ro\/wp-content\/uploads\/sites\/32\/2024\/08\/world.webp\" width=\"500\" height=\"250\">\n                            <\/div>\n                            <figcaption>\n                                <div class=\"figcaption-inner\">\n                                    <h3>Metoda de \u00eenfiin\u021bare a unei corpora\u021bii (companii) \u00een str\u0103in\u0103tate? Explica\u021bii des.<\/h3>\n                                <\/div>\n                            <\/figcaption>\n                            <a href=\"https:\/\/monolith.law\/ro\/general-corporate\/establishment-of-overseas-corporation\"><\/a>\n                        <\/figure>\n                    <\/div>\n                                            <\/div>\n            <div class=\"btn-more\"><a href=\"https:\/\/monolith.law\/ro\/tag\/m-and-a\">Read More<\/a><\/div>\n        <\/div>\n    <\/section>\n\t<\/div>\n<\/section>\n\n<section class=\"orange2-section\">\n\t<div class=\"anchor\" id=\"fee-structure\"><\/div>\n\t<div class=\"section-inner\">\n\t<div class=\"planWrap\">\n\t<h3>Structura<br>Taxelor<\/h3>\n\t<ul class=\"plan\">\n\t\t<li class=\"txt-left\">\n\t\t\t<div class=\"plan-inner\">\n\t\t\t<div class=\"plan-header\">\n\t\t\t<h4 class=\"plan-title\">Tarif Orar<\/h4>\n\t\t\t<div class=\"plan-price\"><span class=\"price-figure\">$300<\/span>pe or\u0103<span class=\"price-tax\"><\/span><\/div>\n\t\t\t<\/div>\n\t\t\t<div class=\"plan-body\">\u00cen anumite cazuri, putem lua \u00een considerare acceptarea unui litigiu sau proces cu un onorariu ini\u021bial \u0219i un onorariu de succes. Pentru mai multe detalii, v\u0103 invit\u0103m s\u0103 ne contacta\u021bi.<\/div>\n\t\t\t<\/div>\n\t\t<\/li>\n\t\t<li class=\"txt-left\">\n\t\t\t<div class=\"plan-inner\">\n\t\t\t<div class=\"plan-header\">\n\t\t\t<h4 class=\"plan-title\">Redactarea Contractelor<\/h4>\n\t\t\t<div class=\"plan-price\"><span class=\"price-value\">de la<\/span><span class=\"price-figure\">$500<\/span><span class=\"price-value\">p\u00e2n\u0103 la $2,000 sau mai mult<\/span><span class=\"price-tax\"><\/span><\/div>\n\t\t\t<\/div>\n\t\t\t<div class=\"plan-body\">Structura pre\u021burilor poate varia \u00een func\u021bie de tipul \u0219i cantitatea contractelor. Suntem \u00eenc\u00e2nta\u021bi s\u0103 oferim o estimare preliminar\u0103 la cerere, \u00eencuraj\u00e2ndu-v\u0103 astfel s\u0103 ne contacta\u021bi pentru detalii suplimentare.<\/div>\n\t\t\t<\/div>\n\t\t<\/li>\n\t\t<li class=\"txt-left\">\n\t\t\t<div class=\"plan-inner\">\n\t\t\t<div class=\"plan-header\">\n\t\t\t<h4 class=\"plan-title\">Alte Servicii<\/h4>\n\t\t\t<div class=\"plan-price\"><span class=\"price-figure\">Contacta\u021bi-ne<\/span><\/div>\n\t\t\t<\/div>\n\t\t\t<div class=\"plan-body\">Oferim o gam\u0103 larg\u0103 de servicii, inclusiv \u00eenfiin\u021barea de companii, revizuirea contractelor, opinii juridice, revizuirea cazurilor sau scrisori de cercetare. Dac\u0103 ave\u021bi \u00eentreb\u0103ri sau nel\u0103muriri, v\u0103 invit\u0103m cordial s\u0103 ne contacta\u021bi \u0219i echipa noastr\u0103 de exper\u021bi va fi bucuroas\u0103 s\u0103 v\u0103 asiste.<\/div>\n\t\t\t<\/div>\n\t\t\t<\/div>\n\t\t<\/li>\n\t<\/ul>\n\t<\/div>\n\t<\/div>\n<\/section>\n\n<section class=\"white-section\">\n\t<div class=\"section-inner\">\n\t\t<div class=\"btn-area\">\n\t\t\t<div class=\"btn icon-contact\"><a href=\"\/ro\/contact\">Contacta\u021bi-ne<\/a><\/div>\n\t\t<\/div>\n\t<\/div>\n<\/section>\n","protected":false},"excerpt":{"rendered":"<p>M&amp;A MONOLITH LAW OFFICE a gestionat numeroase probleme legale legate de echitate \u0219i M&amp;A, centrate pe IT, inclusiv aplica\u021bii \u0219i servicii web. Suntem capabili s\u0103 gestion\u0103m due diligence-ul jurid [&hellip;]<\/p>\n","protected":false},"author":1,"featured_media":57141,"parent":0,"menu_order":7,"comment_status":"closed","ping_status":"closed","template":"other-page-temp.php","meta":{"footnotes":""},"acf":[],"_links":{"self":[{"href":"https:\/\/monolith.law\/ro\/wp-json\/wp\/v2\/pages\/32408"}],"collection":[{"href":"https:\/\/monolith.law\/ro\/wp-json\/wp\/v2\/pages"}],"about":[{"href":"https:\/\/monolith.law\/ro\/wp-json\/wp\/v2\/types\/page"}],"author":[{"embeddable":true,"href":"https:\/\/monolith.law\/ro\/wp-json\/wp\/v2\/users\/1"}],"replies":[{"embeddable":true,"href":"https:\/\/monolith.law\/ro\/wp-json\/wp\/v2\/comments?post=32408"}],"version-history":[{"count":39,"href":"https:\/\/monolith.law\/ro\/wp-json\/wp\/v2\/pages\/32408\/revisions"}],"predecessor-version":[{"id":72865,"href":"https:\/\/monolith.law\/ro\/wp-json\/wp\/v2\/pages\/32408\/revisions\/72865"}],"wp:featuredmedia":[{"embeddable":true,"href":"https:\/\/monolith.law\/ro\/wp-json\/wp\/v2\/media\/57141"}],"wp:attachment":[{"href":"https:\/\/monolith.law\/ro\/wp-json\/wp\/v2\/media?parent=32408"}],"curies":[{"name":"wp","href":"https:\/\/api.w.org\/{rel}","templated":true}]}}