{"id":4096,"date":"2023-11-11T23:50:29","date_gmt":"2023-11-11T14:50:29","guid":{"rendered":"https:\/\/monolith.law\/?page_id=4096"},"modified":"2026-03-16T15:01:44","modified_gmt":"2026-03-16T06:01:44","slug":"overview-of-our-firm","status":"publish","type":"page","link":"https:\/\/monolith.law\/ro\/overview-of-our-firm","title":{"rendered":"Prezentarea Biroului Nostru"},"content":{"rendered":"\n<section class=\"heading-area\">\n\t<div class=\"heading-area-inner\">\n\t\t<h2 class=\"icon-overview-of-our-firm\">Prezentarea Biroului Nostru<\/h2>\n\t\t<p>MONOLITH LAW OFFICE este un birou de avocatur\u0103 japonez cu sediul \u00een Tokyo, specializat \u00een domeniile IT, Internet \u0219i Afaceri, format din speciali\u0219ti IT, inclusiv Avocatul Reprezentant care are o experien\u021b\u0103 vast\u0103 ca inginer IT.<\/p>\n\t<\/div>\n<\/section>\n<section class=\"white-section\">\n\t<div class=\"section-inner pdt0 border-bottom-section\">\n\t\t<p>Avocatul nostru reprezentant, Toki Kawase, s-a interesat de programare \u00eenc\u0103 din clasa a treia a \u0219colii elementare \u0219i a lucrat \u00een industria IT ca student universitar. \u00cen anii dou\u0103zeci, a experimentat managementul companiilor startup \u0219i al afacerilor mai mari. Prin sinergia acestor experien\u021be unice, biroul nostru dispune de o echip\u0103 de profesioni\u0219ti IT care ajut\u0103 la furnizarea de solu\u021bii clien\u021bilor no\u0219tri. <br>MONOLITH LAW OFFICE ofer\u0103 servicii de consultan\u021b\u0103 juridic\u0103, utiliz\u00e2nd la maximum punctele sale forte \u00een domeniul IT. Clien\u021bii no\u0219tri variaz\u0103 de la companii de top p\u00e2n\u0103 la companii startup \u00een faza de seed. Avem o experien\u021b\u0103 vast\u0103 \u00een furnizarea de servicii juridice legate de IT pentru diverse companii.<\/p>\n\t<\/div>\n<\/section>\n<section class=\"second-nav\">\n\t<div class=\"second-nav-inner\">\n\t\t<p>SUBIECTE<\/p>\n\t\t<nav>\n\t\t\t<ul>\n\t\t\t\t<li><a href=\"#specialization-in-it\">Specializare \u00een IT<\/a><\/li>\n\t\t\t\t<li><a href=\"#law-firm-at-otemachi-tokyo\">Birou de Avocatur\u0103 din Otemachi, Tokyo<\/a><\/li>\n\t\t\t\t<li><a href=\"#what-is-a-monolith\">Ce \u00eenseamn\u0103 Monolith<\/a><\/li>\n\t\t\t\t<li><a href=\"#from-legal-advisor-to-it-specialized-lawyer\">De la Avocat Consultant p\u0103n\u0103 la Avocat Specializat \u00een IT<\/a><\/li>\n\t\t\t\t<li><a href=\"#handling-cross-border-legal-matters\">Gestionarea problemelor juridice transfrontaliere<\/a><\/li>\n\t\t\t\t<li><a href=\"#our-clients\">Clien\u021bii no\u0219tri\n<\/a><\/li>\n\t\t\t<\/ul>\n\t\t<\/nav>\n\t<\/div>\n<\/section>\n<section class=\"white-section\">\n\t<div class=\"anchor\" id=\"specialization-in-it\"><\/div>\n\t<div class=\"section-inner\">\n\t\t<div class=\"flex\">\n\t\t\t<div class=\"width41\"><img decoding=\"async\" src=\"\/wp-content\/uploads\/2023\/06\/about_pic1.jpg\" alt=\"Specialization in IT\"><\/div>\n\t\t\t<div class=\"width51\">\n\t\t\t\t<h3>Specializare \u00een IT<\/h3>\n\t\t\t\t<p class=\"mgb-small\">Suntem un birou de avocatur\u0103 japonez cu sediul \u00een Tokyo, cu o for\u021b\u0103 excep\u021bional\u0103 \u00een domeniul IT. Nu numai c\u0103 avem o echip\u0103 de avoca\u021bi specializa\u021bi \u00een diferite domenii ale IT-ului, dar avem \u0219i o echip\u0103 de consultan\u021bi IT cu cuno\u0219tin\u021be extinse \u00een acest sector. Prin sinergia dintre drept \u0219i IT, ne asigur\u0103m c\u0103 ap\u0103r\u0103m cel mai bine avantajele clien\u021bilor no\u0219tri.<\/p>\n\t\t\t\t<p class=\"mgb-small\">Avocatul nostru reprezentant, Toki Kawase, a \u00eenceput s\u0103 programeze \u00eenc\u0103 din clasa a treia a \u0219colii elementare. Toki s-a dedicat industriei IT imediat dup\u0103 ce a intrat la facultate, \u0219i a afacerilor, \u00een special startup-urilor \u0219i \u00eentreprinderilor mici \u0219i mijlocii, cu care a avut experien\u021b\u0103 \u00een anii &#8217;20. Acestea sunt punctele forte ale lui Toki Kawase, avocatul reprezentant, \u0219i domeniile de practic\u0103 ale MONOLITH LAW OFFICE.<\/p>\n\t\t\t\t<p class=\"mgb-middle\">Din aceste perspective, MONOLITH LAW OFFICE se concentreaz\u0103 pe servicii de consultan\u021b\u0103 \u0219i alte servicii av\u00e2nd &#8220;IT&#8221; ca cuv\u00e2nt cheie, de la companii de top p\u00e2n\u0103 la startup-uri \u00een faza de seed, precum \u0219i servicii cu &#8220;Internet&#8221; \u0219i &#8220;Afaceri&#8221; ca cuvinte cheie, de la afaceri juridice pe internet pentru companii listate p\u00e2n\u0103 la M&amp;A.<\/p>\n\t\t\t\t<div class=\"btn-area\">\n\t\t\t\t\t<div class=\"btn icon-services\"><a href=\"\/ro\/services\">Servicii<\/a><\/div>\n\t\t\t\t\t<div class=\"btn icon-people\"><a href=\"\/en\/people\">Echipa<\/a><\/div>\n\t\t\t\t<\/div>\n\t\t\t<\/div>\n\t\t<\/div>\n\t<\/div>\n<\/section>\n<section class=\"purple-section\">\n\t<div class=\"anchor\" id=\"law-firm-at-otemachi-tokyo\"><\/div>\n\t<div class=\"section-inner\">\n\t\t<div class=\"flex reverse\">\n\t\t\t<div class=\"width41\"><img decoding=\"async\" src=\"\/wp-content\/uploads\/2023\/06\/about_pic2.jpg\" alt=\"Law Firm at Otemachi, Tokyo\"><\/div>\n\t\t\t<div class=\"width51\">\n\t\t\t\t<div class=\"inline-inner\">\n\t\t\t\t\t<h3>Birou de avocatur\u0103 \u00een Otemachi, Tokyo<\/h3>\n\t\t\t\t\t<p class=\"mgb-small\">MONOLITH LAW OFFICE este un birou de avocatur\u0103 japonez situat \u00een Otemachi, Chiyoda-ku, Tokyo.<\/p>\n\t\t\t\t\t<p class=\"mgb-small\">Am servit ca avoca\u021bi consilieri pentru aproximativ 1087 companii IT, variind de la companii startup \u00een stadiul de semin\u021be p\u00e2n\u0103 la companiile din Prima Sec\u021biune TSE, care reprezint\u0103 cele mai mari \u0219i mai prestigioase companii listate la Bursa de Valori din Tokyo. Oferim servicii juridice unui total de 1855 clien\u021bi, concentr\u00e2ndu-ne pe probleme juridice legate de IT, cum ar fi prevenirea daunelor reputa\u021bionale, anti-def\u0103imare \u0219i dispute legate de dezvoltarea sistemului.<\/p>\n\t\t\t\t\t<p class=\"mgb-middle\">&#8220;Expertiz\u0103 \u00een IT \u0219i Afaceri&#8221; este ceea ce ne distinge.<\/p>\n\t\t\t\t\t<div class=\"btn-area\">\n\t\t\t\t\t\t<div class=\"btn icon-access\"><a href=\"\/ro\/access\">Access<\/a><\/div>\n\t\t\t\t\t<\/div>\n\t\t\t\t<\/div>\n\t\t\t<\/div>\n\t\t<\/div>\n\t<\/div>\n<\/section>\n<section class=\"white-section\">\n\t<div class=\"anchor\" id=\"what-is-a-monolith\"><\/div>\n\t<div class=\"section-inner\">\n\t\t<div class=\"flex\">\n\t\t\t<div class=\"width41\"><img decoding=\"async\" src=\"\/wp-content\/themes\/monolith2021\/img\/about\/about_pic3.jpg\" alt=\"What is a Monolith\"><\/div>\n\t\t\t<div class=\"width51\">\n\t\t\t\t<h3>Ce \u00eenseamn\u0103 Monolith<\/h3>\n\t\t\t\t<p class=\"mgb-small\">Cuv\u00e2ntul &#8220;monolit&#8221; provine din latin\u0103, \u00eensemn\u00e2nd o st\u00e2nc\u0103 unic\u0103 sau izolat\u0103. \u00cen filmul lui Stanley Kubrick &#8220;2001: O odisee spa\u021bial\u0103&#8221;, acestea sunt reprezentate ca instrumente ale inteligen\u021bei extraterestre, cu rolul de a cataliza evolu\u021bia uman\u0103.<\/p>\n\t\t\t\t<p class=\"mgb-small\">Misiunea MONOLITH LAW OFFICE este de a promova evolu\u021bia IT \u0219i a altor tehnologii, precum \u0219i a sistemelor sociale ca specialist \u00een drept. MONOLITH lucreaz\u0103 pentru a testa ipotezele ridicate de companiile de tip startup, coordoneaz\u0103 IT \u0219i dreptul \u00een contram\u0103surile de daune la reputa\u021bie, precum \u0219i rezolvarea disputelor, \u0219i construie\u0219te sisteme de afaceri mai eficiente.<\/p>\n\t\t\t\t<p class=\"mgb-small\">Suntem convin\u0219i c\u0103 legea catalizeaz\u0103 evolu\u021bia omenirii prin tehnologie \u0219i societate. <\/p>\n\t\t\t\t<p class=\"mgb-middle\">Scopul final al MONOLITH LAW OFFICE este de a promova evolu\u021bia IT, societ\u0103\u021bii \u0219i umanit\u0103\u021bii. <\/p>\n\t\t<\/div>\n\t<\/div>\n<\/section>\n<section class=\"orange-section\">\n\t<div class=\"anchor\" id=\"from-legal-advisor-to-it-specialized-lawyer\"><\/div>\n\t<div class=\"section-inner\">\n\t\t<div class=\"flex reverse\">\n\t\t\t<div class=\"width41\"><img decoding=\"async\" src=\"\/wp-content\/uploads\/2023\/06\/about_pic4.jpg\" alt=\"From \"><\/div>\n\t\t\t<div class=\"width51\">\n\t\t\t\t<h3>De la Avocat Consultant p\u0103n\u0103 la Avocat Specializat \u00een IT<\/h3>\n\t\t\t\t<p class=\"mgb-small\">MONOLITH LAW OFFICE \u00ee\u0219i promoveaz\u0103 avantajele \u00een domeniile &#8220;afacerilor juridice IT, afacerilor juridice pe Internet \u0219i afacerilor juridice comerciale&#8221;. Oferim servicii juridice multor companii, concentr\u00e2ndu-ne pe IT. Oferim dou\u0103 tipuri principale de servicii juridice.<\/p>\n\t\t\t\t<p class=\"mgb-small\">Primul este un serviciu bazat pe pozi\u021bia de &#8220;Avocat Consultant&#8221; sau &#8220;Director Juridic&#8221; pentru companii de IT. Deoarece activitatea principal\u0103 a companiei este legat\u0103 de IT, biroul nostru este ales pentru capacitatea sa de a \u00een\u021belege tehnologia IT \u0219i afacerile clientului.<\/p>\n\t\t\t\t<p class=\"mgb-small\">Al doilea este s\u0103 lucr\u0103m ca un &#8220;profesionist juridic IT \u0219i Internet&#8221; pentru companiile pentru care IT-ul nu este afacerea lor principal\u0103. Chiar dac\u0103 IT-ul nu este nucleul afacerilor precum finan\u021bele, imobiliarele \u0219i restaurantele, acestea nu se pot concretiza f\u0103r\u0103 IT \u0219i Internet. Oferim suport din perspectiv\u0103 juridic\u0103 companiilor \u00een opera\u021biunile lor legate de IT \u0219i Internet.<\/p>\n\t\t\t\t<p class=\"mgb-middle\">MONOLITH LAW OFFICE va colabora cu dumneavoastr\u0103 \u00een diverse pozi\u021bii, baz\u00e2ndu-se pe nivelul nostru \u00eenalt de expertiz\u0103, pentru a sprijini dezvoltarea companiei dumneavoastr\u0103.<\/p>\n\t\t\t\t<div class=\"btn-area\">\n\t\t\t\t\t<div class=\"btn icon-general-corporate\"><a href=\"\/en\/services#general-corporate\">Corporativ General<\/a><\/div>\n\t\t\t\t\t<div class=\"btn icon-it\"><a href=\"\/ro\/services#it\">IT<\/a><\/div>\n\t\t\t\t<\/div>\n\t\t\t<\/div>\n\t\t<\/div>\n\t<\/div>\n<\/section>\n<section class=\"white-section\">\n\t<div class=\"anchor\" id=\"handling-cross-border-legal-matters\"><\/div>\n\t<div class=\"section-inner\">\n\t\t<div class=\"flex\">\n\t\t\t<div class=\"width41\"><img decoding=\"async\" src=\"\/wp-content\/uploads\/2023\/06\/about_pic5.jpg\" alt=\"Handling cross-border legal matters\"><\/div>\n\t\t\t<div class=\"width51\">\n\t\t\t\t<h3>Gestionarea problemelor juridice transfrontaliere<\/h3>\n\t\t\t\t<p class=\"mgb-small\">Gestionarea problemelor juridice transfrontaliere \u00een sectoarele IT \u0219i Internet reprezint\u0103 expertiza noastr\u0103. Pe m\u0103sur\u0103 ce globalizarea \u0219i activit\u0103\u021bile transfrontaliere cap\u0103t\u0103 importan\u021b\u0103, devine crucial s\u0103 ai suport juridic adecvat.<\/p>\n\t\t\t\t<p class=\"mgb-small\">De exemplu, c\u00e2nd o companie japonez\u0103 de SaaS se extinde pe pie\u021bele interna\u021bionale, respectarea cerin\u021belor \u0219i reglement\u0103rilor legale locale devine esen\u021bial\u0103. Similar, c\u00e2nd se primesc investi\u021bii str\u0103ine, asisten\u021ba \u00een redactarea \u0219i negocierea acordurilor de investi\u021bii \u0219i a documentelor legale conexe este necesar\u0103. Pe de alt\u0103 parte, pentru companiile japoneze implicate \u00een fuziuni \u0219i achizi\u021bii peste hotare sau \u00een expansiune global\u0103, \u00een\u021belegerea legilor \u0219i reglement\u0103rilor locale este vital\u0103. Mai mult, dep\u0103\u0219irea barierelor lingvistice \u0219i culturale \u00een cazuri precum marketingul influencerilor \u0219i cererea inbound necesit\u0103 abordarea legilor \u0219i problemelor contractuale locale.<\/p>\n\t\t\t\t<p class=\"mgb-middle\">MONOLITH LAW OFFICE \u0219i-a \u00eent\u0103rit capacit\u0103\u021bile \u00een domenii juridice de avangard\u0103 pentru a r\u0103spunde cerin\u021belor activit\u0103\u021bilor transfrontaliere \u0219i globaliz\u0103rii. Combin\u00e2nd echipa noastr\u0103 de avoca\u021bi cu ingineri \u0219i al\u021bi profesioni\u0219ti, oferim suport comprehensiv, valorific\u00e2nd cuno\u0219tin\u021bele tehnice \u0219i expertiza juridic\u0103, pentru expansiunea interna\u021bional\u0103 \u0219i eforturile de afaceri globale ale clien\u021bilor no\u0219tri.<\/p>\n\t\t\t\t<div class=\"btn-area\">\n\t\t\t\t\t<div class=\"btn icon-cross-border\"><a href=\"\/ro\/services#cross-border\">Cross-border<\/a><\/div>\n\t\t\t\t<\/div>\n\t\t\t<\/div>\n\t\t<\/div>\n\t<\/div>\n<\/section>\n<section class=\"purple-section\">\n\t<div class=\"anchor\" id=\"our-clients\"><\/div>\n\t<div class=\"section-inner\">\n\t\t<div class=\"flex reverse\">\n\t\t\t<div class=\"width41\"><img decoding=\"async\" src=\"\/wp-content\/uploads\/2019\/09\/beartail_kurosaki.jpg\" alt=\"Our Clients\"><\/div>\n\t\t\t<div class=\"width51\">\n\t\t\t\t<h3>Clien\u021bii no\u0219tri<\/h3>\n\t\t\t\t<p class=\"mgb-small\">MONOLITH LAW OFFICE ofer\u0103 dou\u0103 tipuri principale de servicii. Unul este de a fi consilier general sau director juridic al unei companii IT \u0219i de start-up, gestion\u00e2nd afacerile juridice generale ale companiei. Al doilea este de a ac\u021biona ca un &#8220;avocat IT \u0219i IP&#8221; pentru diverse companii, \u0219i de a gestiona afacerile juridice IT \u0219i IP ale companiei.<\/p>\n\t\t\t\t<p class=\"mgb-small\">Am primit urm\u0103torul mesaj de la clien\u021bii no\u0219tri:<\/p>\n\t\t\t\t<p class=\"mgb-small\">&#8220;Presupunerea riscului juridic necesit\u0103 o \u00een\u021belegere a tehnologiei, iar MONOLITH LAW OFFICE este un profesionist \u00een acest domeniu.&#8221;<\/p>\n\t\t\t\t<p class=\"mgb-small\">&#8220;MONOLITH LAW OFFICE este util deoarece lucreaz\u0103 cu noi pentru a afla &#8216;cum s\u0103 control\u0103m riscul&#8217; din perspectiva unui director de companie.&#8221;<\/p>\n\t\t\t\t<p class=\"mgb-middle\">&#8220;MONOLITH LAW OFFICE este at\u00e2t un birou de avocatur\u0103, c\u00e2t \u0219i un consultant de management. Ei ofer\u0103 o baz\u0103 juridic\u0103 pentru explica\u021biile lor.&#8221;<\/p>\n\t\t\t\t\n\t\t<\/div>\n\t<\/div>\n<\/section>\n","protected":false},"excerpt":{"rendered":"<p>Prezentarea Biroului Nostru MONOLITH LAW OFFICE este un birou de avocatur\u0103 japonez cu sediul \u00een Tokyo, specializat \u00een domeniile IT, Internet \u0219i Afaceri, format din speciali\u0219ti IT, inclusiv Avocatul Re [&hellip;]<\/p>\n","protected":false},"author":1,"featured_media":56658,"parent":0,"menu_order":1,"comment_status":"closed","ping_status":"closed","template":"other-page-temp.php","meta":{"footnotes":""},"acf":[],"_links":{"self":[{"href":"https:\/\/monolith.law\/ro\/wp-json\/wp\/v2\/pages\/4096"}],"collection":[{"href":"https:\/\/monolith.law\/ro\/wp-json\/wp\/v2\/pages"}],"about":[{"href":"https:\/\/monolith.law\/ro\/wp-json\/wp\/v2\/types\/page"}],"author":[{"embeddable":true,"href":"https:\/\/monolith.law\/ro\/wp-json\/wp\/v2\/users\/1"}],"replies":[{"embeddable":true,"href":"https:\/\/monolith.law\/ro\/wp-json\/wp\/v2\/comments?post=4096"}],"version-history":[{"count":97,"href":"https:\/\/monolith.law\/ro\/wp-json\/wp\/v2\/pages\/4096\/revisions"}],"predecessor-version":[{"id":72851,"href":"https:\/\/monolith.law\/ro\/wp-json\/wp\/v2\/pages\/4096\/revisions\/72851"}],"wp:featuredmedia":[{"embeddable":true,"href":"https:\/\/monolith.law\/ro\/wp-json\/wp\/v2\/media\/56658"}],"wp:attachment":[{"href":"https:\/\/monolith.law\/ro\/wp-json\/wp\/v2\/media?parent=4096"}],"curies":[{"name":"wp","href":"https:\/\/api.w.org\/{rel}","templated":true}]}}