{"id":41151,"date":"2023-11-14T14:33:54","date_gmt":"2023-11-14T05:33:54","guid":{"rendered":"https:\/\/monolith.law\/?page_id=41151"},"modified":"2026-04-14T13:56:41","modified_gmt":"2026-04-14T04:56:41","slug":"home","status":"publish","type":"page","link":"https:\/\/monolith.law\/ro\/","title":{"rendered":"MONOLITH LAW OFFICE | Tokyo, Japonia"},"content":{"rendered":"\n<p>\n<\/p>\n\n\n\n<section class=\"white-section front-top\" data-delighter=\"\">\n\t<div class=\"section-inner\">\n\t<div class=\"top-logo\">\n\t<div class=\"base\"><\/div>\n\t<img decoding=\"async\" src=\"\/wp-content\/themes\/monolith2021\/img\/top\/top_logo_m.svg\" alt=\"M\" class=\"top-logo-1\">\n\t<img decoding=\"async\" src=\"\/wp-content\/themes\/monolith2021\/img\/top\/top_logo_o.svg\" alt=\"O\" class=\"top-logo-2\">\n\t<img decoding=\"async\" src=\"\/wp-content\/themes\/monolith2021\/img\/top\/top_logo_n.svg\" alt=\"N\" class=\"top-logo-3\">\n\t<img decoding=\"async\" src=\"\/wp-content\/themes\/monolith2021\/img\/top\/top_logo_o.svg\" alt=\"O\" class=\"top-logo-4\">\n\t<img decoding=\"async\" src=\"\/wp-content\/themes\/monolith2021\/img\/top\/top_logo_l.svg\" alt=\"L\" class=\"top-logo-5\">\n\t<img decoding=\"async\" src=\"\/wp-content\/themes\/monolith2021\/img\/top\/top_logo_i.svg\" alt=\"I\" class=\"top-logo-6\">\n\t<img decoding=\"async\" src=\"\/wp-content\/themes\/monolith2021\/img\/top\/top_logo_t.svg\" alt=\"T\" class=\"top-logo-7\">\n\t<img decoding=\"async\" src=\"\/wp-content\/themes\/monolith2021\/img\/top\/top_logo_h.svg\" alt=\"H\" class=\"top-logo-8\">\n\t<\/div>\n\t<p class=\"text1\"><strong>Dezvoltarea companiei IT<\/strong><\/p>\n\t<p class=\"text2\">Ast\u0103zi, tehnologia IT reprezint\u0103 pilonul central al opera\u021biunilor de afaceri moderne; cu toate acestea, utilizarea acestea implic\u0103 gestionarea riguroas\u0103 a riscurilor juridice.<br>La MONOLITH LAW OFFICE, echipa noastr\u0103 format\u0103 din avoca\u021bi \u0219i consultan\u021bi IT colaboreaz\u0103 sinergic pentru a oferi solu\u021bii integrate problemelor clien\u021bilor.<br class=\"sp-none\">Misiunea noastr\u0103 este de a stimula inova\u021bia IT \u0219i de a alimenta cre\u0219terea \u00een Japonia, permi\u021b\u00e2nd companiilor s\u0103 ating\u0103 culmi f\u0103r\u0103 precedent.<\/p>\n\t\n\t<\/div>\n<\/section>\n<section class=\"white-section front-about\">\n\t<div class=\"section-inner\">\n\t<div class=\"text\">\n\t<p class=\"en\">DESPRE MONOLITH LAW OFFICE<\/p>\n\t<h2>Misiunea noastr\u0103 ca profesioni\u0219ti \u00een domeniul juridic cu experien\u021b\u0103 \u00een ingineria IT<\/h2>\n\t<p class=\"text\">MONOLITH LAW OFFICE este un birou de avocatur\u0103 japonez cu sediul \u00een Tokyo, care ofer\u0103 servicii juridice specializate \u00een domeniul IT pentru o gam\u0103 variat\u0103 de companii.<br>Toki Kawase, avocatul nostru reprezentant, a activat ca inginer IT independent \u00eenc\u0103 din perioada studen\u021biei. Are experien\u021ba \u00een \u00eenfiin\u021barea unei companii IT \u0219i a lucrat \u0219i ca inginer. Toki a v\u0103zut cu proprii ochi cre\u0219terea semnificativ\u0103 a startup-urilor \u0219i a altor companii prin intermediul IT, precum \u0219i diversele riscuri care sunt implicate \u00een acest proces. El consider\u0103 c\u0103, pentru ca IT s\u0103 aduc\u0103 \u00een continuare beneficii mari companiilor \u00een viitor, este necesar s\u0103 avem o perspectiv\u0103 juridic\u0103 inovatoare.<br>Pe baza acestei experien\u021be, el a \u00eenfiin\u021bat MONOLITH LAW OFFICE, o organiza\u021bie de avoca\u021bi \u0219i consultan\u021bi IT foarte specializa\u021bi pentru a oferi o varietate de solu\u021bii.<\/p>\n\t<\/div>\n\t<div class=\"pic\"><img decoding=\"async\" src=\"\/wp-content\/themes\/monolith2021\/img\/top\/kawase_pic.png\" alt=\"Avocatul nostru reprezentant Toki Kawase\"><\/div>\n\t<\/div>\n<\/section>\n<section class=\"white-section front-numbers\">\n\t<div class=\"section-inner\">\n\t<p class=\"en\">MONOLITH LAW OFFICE \u00ceN CIFRE<\/p>\n\t<h2>Realiz\u0103rile noastre ca birou de avocatur\u0103, precum \u0219i specialist \u00een IT corporativ, sus\u021binut\u0103 de un portofoliu vast de clien\u021bi \u0219i dosare.<\/h2>\n\t<div class=\"box-wrap\">\n\t<div class=\"sub-box\">\n\t\t<h3>Clien\u021bi<\/h3>\n\t\t<p class=\"code\">1855\n\t\t<p class=\"text\">Am sprijinit diverse tipuri de companii din diferite industrii. Portofoliul nostru de clien\u021bi variaz\u0103 de la organiza\u021bii de top din Japonia p\u00e2n\u0103 la \u00eentreprinderi mici \u0219i mijlocii. Oferim servicii adaptate nevoilor fiec\u0103rui client.<\/p>\n\t<\/div>\n\t<div class=\"sub-box\">\n\t\t<h3>Solu\u021bii IT originale<\/h3>\n\t\t<p class=\"code\">7\n\t\t<p class=\"text\">Suntem o echip\u0103 specializat\u0103 \u00een IT corporativ. MONOLITH LAW OFFICE este o echip\u0103 format\u0103 din avoca\u021bi \u0219i consultan\u021bi IT talenta\u021bi, dedica\u021bi cre\u0103rii de solu\u021bii personalizate pentru nevoile dvs.\n\t<\/div>\n\t<div class=\"sub-box\">\n\t\t<h3>Avoca\u021bi<\/h3>\n\t\t<p class=\"code\">30\n\t\t<p class=\"text\">Cel mai important factor \u00een rezolvarea problemelor IT este viteza r\u0103spunsului ini\u021bial. La MONOLITH LAW OFFICE sunt mul\u021bi avoca\u021bi care pot r\u0103spunde la o varietate larg\u0103 de consult\u0103ri zilnice.<\/p>\n\t<\/div>\n\t<div class=\"sub-box\">\n\t\t<h3>Consultan\u021bi IT<\/h3>\n\t\t<p class=\"code\">16\n\t\t<p class=\"text\">Avem convingerea c\u0103 consultan\u021bii IT sunt la fel de importan\u021bi ca avoca\u021bii \u00een a \u021bine pasul cu tehnologia \u00een continu\u0103 evolu\u021bie \u0219i \u00een a face fa\u021b\u0103 provoc\u0103rilor corporative IT tot mai sofisticate.<\/p>\n\t<\/div>\n\t<div class=\"sub-box\">\n<h3>\u021a\u0103ri Acoperite<\/h3>\n\t\t<p class=\"code\">18\n\t\t<p class=\"text\">Birou de avocatur\u0103 japonez cu expertiz\u0103 transfrontalier\u0103. Specializat\u0103 \u00een tranzac\u021bii interna\u021bionale, litigii \u0219i conformitatea regulamentar\u0103. Solu\u021bii personalizate pentru clien\u021bii globali \u00een probleme de afaceri \u0219i juridice.<\/p>\n\t<\/div>\n\t<div class=\"sub-box\">\n\t\t<h3>Articole de Analiz\u0103 IT \u0219i Juridic\u0103<\/h3>\n\t\t<p class=\"code\">1058\n\t\t<p class=\"text\">Analiz\u0103m \u0219i explic\u0103m diverse studii de caz \u00een domeniul IT corporativ pe platforma online \u201cMONOLITH LAW MAGAZINE.\u201d Cercet\u0103m continuu solu\u021bii adecvate pentru provoc\u0103rile din ce \u00een ce mai complexe \u0219i variate ale IT-ului corporativ.<\/p>\n\t<\/div>\n\t<\/div>\n\t<\/div>\n<\/section>\n<section class=\"front-service\">\n\t<div class=\"section-inner\">\n\t\t<p class=\"en\">SERVICIILE MONOLITH LAW OFFICE<\/p>\n\t\t<h2>Solu\u021biile noastre pentru riscuri IT sofisticate.<\/h2>\n\t<\/div>\n\t<div class=\"front-service-field\">\n\t<div class=\"section-inner\">\n\t<h3><a href=\"\/ro\/services\">Servicii<\/a><\/h3>\n\t<div class=\"box-wrap\">\n\t<div class=\"sub-box\">\n\t\t<h4>Corporativ General<\/h4>\n\t\t<div class=\"icon\"><img decoding=\"async\" src=\"\/wp-content\/themes\/monolith_en\/img\/top\/service_general-corporate.svg\" alt=\"Afaceri Juridice Corporative pentru IT \u0219i Startup-uri\"><\/div>\n\t\t<p>Cuno\u0219tin\u021bele specializate \u0219i experien\u021ba sunt critice pentru a oferi suport juridic precis \u00een mediul dinamic, specific companiilor IT \u0219i startup-urilor. Biroul nostru are mul\u021bi speciali\u0219ti \u00een acest domeniu, cu experien\u021b\u0103 \u00een industrie, \u0219i a oferit cosultan\u021b\u0103 legal\u0103 pentru numeroase 1087 companii, \u00een principal IT, de la companii listate la Sec\u021biunea I a Bursei de Valori din Tokyo p\u00e2n\u0103 la startup-uri \u00een faza ini\u021bial\u0103.<\/p>\n\t\t<div class=\"btn-more\"><a href=\"\/ro\/general-corporate\">Vezi Mai Mult<\/a><\/div>\n\t<\/div>\n\t<div class=\"sub-box\">\n\t\t<h4>IT<\/h4>\n\t\t<div class=\"icon\"><img decoding=\"async\" src=\"\/wp-content\/themes\/monolith_en\/img\/top\/service_it.svg\" alt=\"Afaceri Juridice IT \u0219i IP pentru diverse companii\"><\/div>\n\t\t<p>Ast\u0103zi, toate companiile, indiferent de domeniul lor de activitate sau dimensiunea afacerii, sunt implicate \u00eentr-un fel sau altul cu IT \u00een activit\u0103\u021bile lor corporative. Putem juca un rol de &#8220;avoca\u021bi specializa\u021bi \u00een domeniul IT \u0219i proprietate intelectual\u0103&#8221; pentru companiile care au deja un consilier juridic principal, sau chiar pentru companiile a c\u0103ror activitate principal\u0103 nu este IT.<\/p>\n\t\t<div class=\"btn-more\"><a href=\"\/ro\/it\">Vezi Mai Mult<\/a><\/div>\n\t<\/div>\n\t<div class=\"sub-box\">\n\t\t<h4>Transfrontalier<\/h4>\n\t\t<div class=\"icon\"><img decoding=\"async\" src=\"\/wp-content\/themes\/monolith_en\/img\/top\/service_cross-border.svg\" alt=\"Afaceri Juridice Interna\u021bionale\"><\/div>\n\t\t<p>Principalul nostru focus este s\u0103 oferim servicii juridice cuprinz\u0103toare companiilor japoneze de IT care intr\u0103 pe pia\u021ba interna\u021bional\u0103. De asemenea, oferim suport juridic profesional companiilor str\u0103ine de IT care activeaz\u0103 \u00een Japonia. Biroul nostru este compus din avoca\u021bi licen\u021bia\u021bi provenind din diverse \u021b\u0103ri \u0219i regiuni, pentru a sprijini eficient tranzac\u021biile transfrontaliere.<\/p>\n\t\t<div class=\"btn-more\"><a href=\"\/ro\/cross-border\">Vezi Mai Mult<\/a><\/div>\n\t<\/div>\n\t<div class=\"sub-box\">\n\t\t<h4>Internet<\/h4>\n\t\t<div class=\"icon\"><img decoding=\"async\" src=\"\/wp-content\/themes\/monolith_en\/img\/top\/service_internet.svg\" alt=\"Marketing Influencer\"><\/div>\n\t\t<p>Cu expertiz\u0103 \u00een dreptul internetului, oferim suport juridic cuprinz\u0103tor antreprenorilor de internet, inclusiv YouTuberilor \u0219i companiilor care utilizeaz\u0103 SNS. Suntem specializa\u021bi \u00een rezolvarea disputelor online, eliminarea paginilor web negative \u0219i gestionarea reputa\u021biei online. Consulta\u021bi avoca\u021bii no\u0219tri califica\u021bi pentru solu\u021bii eficiente pentru internet.<\/p>\n\t\t<div class=\"btn-more\"><a href=\"\/ro\/internet\">Vezi Mai Mult<\/a><\/div>\n\t<\/div>\n\t<\/div>\n\t<\/div>\n\t<\/div>\n\t<div class=\"front-service-example\">\n\t<div class=\"section-inner\">\n\t<p>De exemplu<\/p>\n\t<ul class=\"clearfix\">\n\t\t<li>\n\t\t\t<div class=\"icon\"><a href=\"\/ro\/system-development\/\"><img decoding=\"async\" src=\"\/wp-content\/themes\/monolith_en\/img\/top\/service_ex_system-development.svg\" alt=\"Dezvoltare de Sisteme\"><\/a><\/div>\n\t\t\t<p>Dezvoltare<br>Sisteme<\/p>\n\t\t<\/li>\n\t\t<li>\n\t\t\t<div class=\"icon\"><a href=\"\/ro\/crypto-asset-and-blockchain\/\"><img decoding=\"async\" src=\"\/wp-content\/themes\/monolith_en\/img\/top\/service_ex_crypto-asset-and-blockchain.svg\" alt=\"Criptoactiv \u0219i Blockchain\"><\/a><\/div>\n\t\t\t<p>Criptoactiv <br>\u0219i Blockchain<\/p>\n\t\t<\/li>\n\t\t<li>\n\t\t\t<div class=\"icon\"><a href=\"\/ro\/ai\/\"><img decoding=\"async\" src=\"\/wp-content\/themes\/monolith_en\/img\/top\/service_ex_ai.svg\" alt=\"ai\"><\/a><\/div>\n\t\t\t<p>AI<br>(ChatGPT, etc.)<\/p>\n\t\t<\/li>\n\t\t<li>\n\t\t\t<div class=\"icon\"><a href=\"\/ro\/advertisement-review\/\"><img decoding=\"async\" src=\"\/wp-content\/themes\/monolith_en\/img\/top\/service_ex_advertisement-review.svg\" alt=\"Recenzie Publicitar\u0103\"><\/a><\/div>\n\t\t\t<p>Recenzie<br>Publicitar\u0103<\/p>\n\t\t<\/li>\n\t\t<li>\n\t\t\t<div class=\"icon\"><a href=\"\/ro\/mitigating-reputational-damage\/\"><img decoding=\"async\" src=\"\/wp-content\/themes\/monolith_en\/img\/top\/service_ex_mitigating-reputational-damage.svg\" alt=\"Atenuarea Daunelor de Reputa\u021bie\"><\/a><\/div>\n\t\t\t<p>Atenuarea<br>Daunelor de Reputa\u021bie<\/p>\n\t\t<\/li>\n\t<\/ul>\n\t<\/div>\n\t<\/div>\n<\/section>\n<section class=\"white-section front-client\">\n\t<div class=\"section-inner\">\n\t\t<h2>CLIENT<\/h2>\n\t\t<ul>\n\t\t\t<li><img src=\"https:\/\/monolith.law\/ro\/wp-content\/themes\/monolith_ro\/img\/clients\/logo_01.png\"><\/li>\n\t\t\t<li><img src=\"https:\/\/monolith.law\/ro\/wp-content\/themes\/monolith_ro\/img\/clients\/logo_02.png\"><\/li>\n\t\t\t<li><img src=\"https:\/\/monolith.law\/ro\/wp-content\/themes\/monolith_ro\/img\/clients\/logo_03.png\"><\/li>\n\t\t\t<li><img src=\"https:\/\/monolith.law\/ro\/wp-content\/themes\/monolith_ro\/img\/clients\/logo_04.png\"><\/li>\n\t\t\t<li><img src=\"https:\/\/monolith.law\/ro\/wp-content\/themes\/monolith_ro\/img\/clients\/logo_05.png\"><\/li>\n\t\t\t<li><img src=\"https:\/\/monolith.law\/ro\/wp-content\/themes\/monolith_ro\/img\/clients\/logo_06.png\"><\/li>\n\t\t\t<li><img src=\"https:\/\/monolith.law\/ro\/wp-content\/themes\/monolith_ro\/img\/clients\/logo_07.png\"><\/li>\n\t\t\t<li><img src=\"https:\/\/monolith.law\/ro\/wp-content\/themes\/monolith_ro\/img\/clients\/logo_08.png\"><\/li>\n\t\t\t<li><img src=\"https:\/\/monolith.law\/ro\/wp-content\/themes\/monolith_ro\/img\/clients\/logo_09.png\"><\/li>\n\t\t\t<li><img src=\"https:\/\/monolith.law\/ro\/wp-content\/themes\/monolith_ro\/img\/clients\/logo_10.png\"><\/li>\n\t\t\t<li><img src=\"https:\/\/monolith.law\/ro\/wp-content\/themes\/monolith_ro\/img\/clients\/logo_11.png\"><\/li>\n\t\t\t<li><img src=\"https:\/\/monolith.law\/ro\/wp-content\/themes\/monolith_ro\/img\/clients\/logo_12.png\"><\/li>\n\t\t\t<li><img src=\"https:\/\/monolith.law\/ro\/wp-content\/themes\/monolith_ro\/img\/clients\/logo_13.png\"><\/li>\n\t\t\t<li><img src=\"https:\/\/monolith.law\/ro\/wp-content\/themes\/monolith_ro\/img\/clients\/logo_14.png\"><\/li>\n\t\t\t<li><img src=\"https:\/\/monolith.law\/ro\/wp-content\/themes\/monolith_ro\/img\/clients\/logo_15.png\"><\/li>\n\t\t<\/ul>\n\t\t<!--<div class=\"btn-more\"><a href=\"https:\/\/monolith.law\/ro\/clients\">See More<\/a><\/div>-->\n\t<\/div>\n<\/section>\n\n<section class=\"white-section front-news\">\n    <div class=\"section-inner\">\n        <h2>\u0218TIRI [en]<\/h2>\n        <div>\n                        <ul>\n                                                    <li><span class=\"date\">2026.04.01<\/span><span class=\"category news-category-2\">NEWS<\/span><span class=\"subject\">Attorney Shota Akiyama has joined the firm.<\/span><\/li>\n                                                                <li><span class=\"date\">2026.03.26<\/span><span class=\"category news-category-2\">NEWS<\/span><span class=\"subject\">Attorneys Miki Takatsuki, Toko Takayanagi, Mizuki Kobayashi, Ryo Watanabe, and Shuto Ishimura have joined our firm.<\/span><\/li>\n                                                                <li><span class=\"date\">2025.05.08<\/span><span class=\"category news-category-2\">NEWS<\/span><span class=\"subject\">Monolith Law Office has been selected as a finalist for the Rising Law Firm of the Year category of the ALB Japan Law Awards, hosted by Asian Legal Business, an international law firm evaluation organization.<\/span><\/li>\n                                                                <li><span class=\"date\">2025.04.01<\/span><span class=\"category news-category-2\">NEWS<\/span><span class=\"subject\">Attorney Keita Yokoyama has joined the firm.<\/span><\/li>\n                                                                <li><span class=\"date\">2025.03.27<\/span><span class=\"category news-category-2\">NEWS<\/span><span class=\"subject\">Attorneys Yusuke Mizutani, Ryusei Juman, Mizuki Koyama, and Yusuke Muto have joined the firm.<\/span><\/li>\n                                                                <li><span class=\"date\">2024.06.12<\/span><span class=\"category news-category-2\">NEWS<\/span><span class=\"subject\">Attorney Akira Yoshida has joined the firm.<\/span><\/li>\n                                                            <\/ul>\n            <div class=\"btn-more\"><a href=\"\/en\/news\/\">Vezi Mai Mult<\/a><\/div>\n        <\/div>\n    <\/div>\n<\/section>\n<section class=\"white-section front-banner\">\n<div class=\"section-inner\">\n<div class=\"banner-slider\">\n<div><a href=\"\/ro\/cross-border\"><img decoding=\"async\" src=\"\/wp-content\/themes\/monolith_en\/img\/top\/banner_crossborder.png\" alt=\"Transfrontalier\"><\/a><\/div>\n<div><a href=\"\/en\/job-openings\"><img decoding=\"async\" src=\"\/wp-content\/themes\/monolith_en\/img\/top\/banner_jobopenings.png\" alt=\"Oferte de Munc\u0103\"><\/a><\/div>\n<div><a href=\"https:\/\/www.linkedin.com\/company\/monolith-law-office\/\" target=\"\u201d_blank\u201d\" rel=\"noopener\"><img decoding=\"async\" src=\"\/wp-content\/themes\/monolith_en\/img\/top\/banner_linkedin.png\" alt=\"LinkedIn\"><\/a><\/div>\n<div><a href=\"\/ro\/article\"><img decoding=\"async\" src=\"\/wp-content\/themes\/monolith_en\/img\/top\/banner_monolithlawmagazine.svg\" alt=\"MONOLITH LAW MAGAZINE\"><\/a><\/div>\n<\/div>\n<\/div>\n<\/section>\n","protected":false},"excerpt":{"rendered":"<p>Dezvoltarea companiei IT Ast\u0103zi, tehnologia IT reprezint\u0103 pilonul central al opera\u021biunilor de afaceri moderne; cu toate acestea, utilizarea acestea implic\u0103 gestionarea riguroas\u0103 a riscurilor juridice. [&hellip;]<\/p>\n","protected":false},"author":1,"featured_media":56656,"parent":0,"menu_order":0,"comment_status":"closed","ping_status":"closed","template":"front-page-temp.php","meta":{"footnotes":""},"acf":[],"_links":{"self":[{"href":"https:\/\/monolith.law\/ro\/wp-json\/wp\/v2\/pages\/41151"}],"collection":[{"href":"https:\/\/monolith.law\/ro\/wp-json\/wp\/v2\/pages"}],"about":[{"href":"https:\/\/monolith.law\/ro\/wp-json\/wp\/v2\/types\/page"}],"author":[{"embeddable":true,"href":"https:\/\/monolith.law\/ro\/wp-json\/wp\/v2\/users\/1"}],"replies":[{"embeddable":true,"href":"https:\/\/monolith.law\/ro\/wp-json\/wp\/v2\/comments?post=41151"}],"version-history":[{"count":135,"href":"https:\/\/monolith.law\/ro\/wp-json\/wp\/v2\/pages\/41151\/revisions"}],"predecessor-version":[{"id":72928,"href":"https:\/\/monolith.law\/ro\/wp-json\/wp\/v2\/pages\/41151\/revisions\/72928"}],"wp:featuredmedia":[{"embeddable":true,"href":"https:\/\/monolith.law\/ro\/wp-json\/wp\/v2\/media\/56656"}],"wp:attachment":[{"href":"https:\/\/monolith.law\/ro\/wp-json\/wp\/v2\/media?parent=41151"}],"curies":[{"name":"wp","href":"https:\/\/api.w.org\/{rel}","templated":true}]}}