{"id":4213,"date":"2023-11-08T04:28:26","date_gmt":"2023-11-07T19:28:26","guid":{"rendered":"https:\/\/monolith.law\/?page_id=4213"},"modified":"2026-03-16T15:41:48","modified_gmt":"2026-03-16T06:41:48","slug":"services","status":"publish","type":"page","link":"https:\/\/monolith.law\/ro\/services","title":{"rendered":"Servicii"},"content":{"rendered":"\n<section class=\"heading-area\">\n\t<div class=\"heading-area-inner\">\n\t\t<h2 class=\"icon-services\">Servicii<\/h2>\n\t\t<p>Cu experien\u021ba avocatului nostru reprezentant ca inginer IT \u0219i \u00een gestionarea companiilor IT, MONOLITH LAW OFFICE se afirm\u0103 ca un birou de avocatur\u0103 de top \u00een Japonia, specializat\u0103 \u00een IT, afaceri \u0219i internet. Organiza\u021bia noastr\u0103 global\u0103 ne permite s\u0103 oferim servicii juridice extrem de specializate \u00een aceste domenii.<\/p>\n\t<\/div>\n<\/section>\n<section class=\"second-nav\">\n\t<div class=\"second-nav-inner\">\n\t\t<p>SUBIECTE<\/p>\n\t\t<nav>\n\t\t\t<ul>\n\t\t\t\t<li><a href=\"#general-corporate\">Corporativ General<\/a><\/li>\n\t\t\t\t<li><a href=\"#it\">IT<\/a><\/li>\n\t\t\t\t<li><a href=\"#cross-border\">Opera\u021biuni transfrontaliere<\/a><\/li>\n\t\t\t\t<li><a href=\"#internet\">Internet<\/a><\/li>\n\t\t\t<\/ul>\n\t\t<\/nav>\n\t<\/div>\n<\/section>\n<section class=\"white-section\">\n\t<div class=\"anchor\" id=\"general-corporate\"><\/div>\n\t<div class=\"section-inner pdb0\">\n\t\t<div class=\"flex\">\n\t\t\t<div class=\"width41\"><img decoding=\"async\" src=\"\/wp-content\/themes\/monolith2021\/img\/pic\/pic_practices-corporate.jpg\" alt=\"Corporativ General\"><\/div>\n\t\t\t<div class=\"width51\">\n\t\t\t\t<div class=\"inline-inner\">\n\t\t\t\t\t<h3>Corporativ General<\/h3>\n\t\t\t\t\t<p>Pentru a oferi suport juridic precis \u00een mediul dinamic al afacerilor IT \u0219i al startup-urilor, este important s\u0103 avem cuno\u0219tin\u021be specializate \u0219i experien\u021b\u0103. Biroul nostru dispune de mul\u021bi speciali\u0219ti \u00een acest domeniu \u0219i avem experien\u021b\u0103 \u00een servirea ca consilieri juridici (inclusiv diverse contracte pentru directori, ofi\u021beri executivi etc.) pentru 1087 companii, compuse \u00een principal din companii IT, variind de la companii de top p\u00e2n\u0103 la startup-uri \u00een faza ini\u021bial\u0103 \u00een Japonia.<\/p>\n\t\t\t\t<\/div>\n\t\t\t<\/div>\n\t\t<\/div>\n\t<\/div>\n<\/section>\n<section class=\"white-section\">\n\t<div class=\"section-inner\">\n\t\t<ol class=\"practices-list mgb-big\">\n\t\t\t<li>\n\t\t\t\t<h4><img decoding=\"async\" src=\"\/wp-content\/themes\/monolith_en\/img\/practices\/practices_1_1.svg\" alt=\"1.Legile Aventurii\"><\/h4>\n\t\t\t\t<img decoding=\"async\" src=\"\/wp-content\/themes\/monolith2021\/img\/practices\/practices_1_1_pic.png\" alt=\"Legile Aventurii\">\n\t\t\t\t<p>Avem o experien\u021b\u0103 vast\u0103 \u00een problemele juridice legate de afaceri \u0219i capital, incluz\u00e2nd finan\u021barea, transferurile de afaceri \u0219i achizi\u021biile.<\/p>\n\t\t\t<\/li>\n\t\t\t<li>\n\t\t\t\t<h4><img decoding=\"async\" src=\"\/wp-content\/themes\/monolith_en\/img\/practices\/practices_1_2.svg\" alt=\"2.Dreptul IT \u0219i al Propriet\u0103\u021bii Intelectuale\"><\/h4>\n\t\t\t\t<img decoding=\"async\" src=\"\/wp-content\/themes\/monolith2021\/img\/practices\/practices_1_2_pic.png\" alt=\"Dreptul IT \u0219i al Propriet\u0103\u021bii Intelectuale\">\n\t\t\t\t<p>Toki Kawase, avocatul nostru reprezentant cu experien\u021b\u0103 anterioar\u0103 de inginer, va dob\u00e2ndi o \u00een\u021belegere profund\u0103 a produselor companiei dvs, ocazional chiar citind codul.<\/p>\n\t\t\t<\/li>\n\t\t\t<li>\n\t\t\t\t<h4><img decoding=\"async\" src=\"\/wp-content\/themes\/monolith_en\/img\/practices\/practices_1_3.svg\" alt=\"3.Viteza\"><\/h4>\n\t\t\t\t<img decoding=\"async\" src=\"\/wp-content\/themes\/monolith2021\/img\/practices\/practices_1_3_pic.png\" alt=\"Viteza\">\n\t\t\t\t<p>\u00cen\u021belegem importan\u021ba timpului de r\u0103spuns rapid pentru afacerea \u0219i compania dvs. Ca regul\u0103 general\u0103, r\u0103spundem \u00een termen de o zi lucr\u0103toare.<\/p>\n\t\t\t<\/li>\n\t\t\t<li>\n\t\t\t\t<h4><img decoding=\"async\" src=\"\/wp-content\/themes\/monolith_en\/img\/practices\/practices_1_4.svg\" alt=\"4.Afaceri Juridice ale \u00centreprinderilor Mici \u0219i Mijlocii\"><\/h4>\n\t\t\t\t<img decoding=\"async\" src=\"\/wp-content\/themes\/monolith2021\/img\/practices\/practices_1_4_pic.png\" alt=\"Afaceri Juridice ale \u00centreprinderilor Mici \u0219i Mijlocii\">\n\t\t\t\t<p>Avocatul nostru reprezentant, av\u00e2nd experien\u021b\u0103 \u00een managementul corporativ, \u00een\u021belege din experien\u021b\u0103 dificult\u0103\u021bile managementului.<\/p>\n\t\t\t<\/li>\n\t\t<\/ol>\n\t\t<div class=\"btn-area\">\n\t\t\t<div class=\"btn icon-general-corporate\"><a href=\"\/ro\/general-corporate\">Drept Corporativ General<\/a><\/div>\n\t\t<\/div>\n\t<\/div>\n<\/section>\n<section class=\"purple-section\">\n\t<div class=\"anchor\" id=\"it\"><\/div>\n\t<div class=\"section-inner\">\n\t\t<div class=\"flex mgb-middle\">\n\t\t\t<div class=\"width41\"><img decoding=\"async\" src=\"\/wp-content\/themes\/monolith2021\/img\/pic\/pic_practices-itlaw.jpg\" alt=\"IT\"><\/div>\n\t\t\t<div class=\"width51\">\n\t\t\t\t<div class=\"inline-inner\">\n\t\t\t\t\t<h3>IT<\/h3>\n\t\t\t\t\t<p class=\" mgb-middle\">Este important ca avoca\u021bii companiilor de IT s\u0103 \u00een\u021beleag\u0103 tehnologia \u0219i opera\u021biunile legate de IT \u0219i de proprietatea intelectual\u0103 \u00een activitatea de zi cu zi a companiei. <br>MONOLITH LAW OFFICE ac\u021bioneaz\u0103 ca un consilier juridic \u0219i ofi\u021ber juridic \u0219ef pentru companiile de IT \u0219i se ocup\u0103 de afaceri juridice specializate \u0219i sofisticate legate de IT,<br>precum dezvoltarea de sisteme, \u00eentre\u021binerea termenilor de utilizare pentru aplica\u021bii \u0219i servicii, gestionarea media, opera\u021biunile de marketing, blockchain, AI, protec\u021bia informa\u021biilor personale \u0219i afacerile juridice legate de proprietatea intelectual\u0103 \u00een Japonia. <\/p>\n\t\t\t\t<\/div>\n\t\t\t<\/div>\n\t\t<\/div>\n\t\t<ul class=\"layout-column4 mgb-big\">\n\t\t\t<li>\n\t\t\t\t<div><img decoding=\"async\" src=\"\/wp-content\/themes\/monolith2021\/img\/practices-itlaw\/practices-itlaw_pic1.jpg\"><\/div>\n\t\t\t\t<h4>Dezvoltarea Sistemelor<\/h4>\n\t\t\t\t<p>De la redactarea, revizuirea \u0219i negocierea contractelor p\u00e2n\u0103 la rezolvarea disputelor c\u00e2nd apar probleme<\/p>\n\t\t\t<\/li>\n\t\t\t<li>\n\t\t\t\t<div><img decoding=\"async\" src=\"\/wp-content\/themes\/monolith2021\/img\/practices-itlaw\/practices-itlaw_pic2.jpg\"><\/div>\n\t\t\t\t<h4>Termeni de Utilizare<\/h4>\n\t\t\t\t<p>Crearea \u0219i modificarea termenilor \u0219i condi\u021biilor precum \u0219i a politicilor de confiden\u021bialitate, necesare pentru publicare sau operare. <\/p>\n\t\t\t<\/li>\n\t\t\t<li>\n\t\t\t\t<div><img decoding=\"async\" src=\"\/wp-content\/uploads\/2023\/05\/oss.jpg\"><\/div>\n\t\t\t\t<h4>OSS<\/h4>\n\t\t\t\t<p>Diverse tipuri de suport bazate pe \u00een\u021belegerea software-ului, inclusiv designul licen\u021belor \u0219i acordurile de licen\u021biere<\/p>\n\t\t\t<\/li>\n\t\t\t<li>\n\t\t\t\t<div><img decoding=\"async\" src=\"\/wp-content\/uploads\/2022\/07\/shutterstock_1151380622_2.png\"><\/div>\n\t\t\t\t<h4>Activele criptografice<\/h4>\n\t\t\t\t<p>suport pentru afacerile legate de blockchain dintr-o perspectiv\u0103 legal\u0103, inclusiv str\u00e2ngerea de fonduri, afacerile de con\u021binut \u0219i NFT-urile<\/p>\n\t\t\t<\/li>\n\t\t<\/ul>\n\t\t<div class=\"btn-area\">\n\t\t\t<div class=\"btn icon-it\"><a href=\"\/ro\/it\">IT<\/a><\/div>\n\t\t<\/div>\n\t<\/div>\n<\/section>\n<section class=\"white-section\">\n\t<div class=\"anchor\" id=\"cross-border\"><\/div>\n\t<div class=\"section-inner\">\n\t\t<div class=\"flex reverse\">\n\t\t\t<div class=\"width41\"><img decoding=\"async\" src=\"\/en\/wp-content\/uploads\/sites\/6\/2023\/06\/global.jpg\" alt=\"Cross Border\"><\/div>\n\t\t\t<div class=\"width51\">\n\t\t\t\t<div class=\"inline-inner\">\n\t\t\t\t\t<h3>Opera\u021biuni transfrontaliere<\/h3>\n\t\t\t\t\t<p class=\"mgb-small\">MONOLITH LAW OFFICE este specializat \u00een furnizarea unei game largi de servicii juridice pentru companiile str\u0103ine care doresc s\u0103 intre pe pia\u021ba japonez\u0103. Cu expertiz\u0103 \u00een domeniul IT \u0219i al startup-urilor, avoca\u021bii no\u0219tri experimenta\u021bi ofer\u0103 suport \u00een acorduri de licen\u021biere, drepturi de proprietate intelectual\u0103, conformitate cu protec\u021bia datelor personale, negocierea contractelor \u0219i managementul riscurilor juridice.<\/p>\n\t\t\t\t\t<p class=\"mgb-small\">De asemenea, suntem specializa\u021bi \u00een asistarea startup-urilor cu str\u00e2ngerea de fonduri, acorduri de investi\u021bii \u0219i IPO-uri, stimul\u00e2nd cre\u0219terea \u0219i succesul lor prin suport juridic strategic. Echipa noastr\u0103 \u00een\u021belege caracteristicile unice \u0219i obiectivele fiec\u0103rei afaceri, oferind sfaturi \u0219i solu\u021bii personalizate care combin\u0103 o perspectiv\u0103 interna\u021bional\u0103 cu \u00een\u021belegerea local\u0103.<\/p>\n\t\t\t\t\t<p class=\"mgb-small\">Rezolvarea problemelor juridice este vital\u0103 pentru o expansiune de succes \u00een Japonia. Contacta\u021bi-ne pentru a discuta cum v\u0103 putem ajuta afacerea s\u0103 prospere pe pia\u021ba japonez\u0103.<\/p>\n\t\t\t\t<\/div>\n\t\t\t<\/div>\n\t\t<\/div>\n\t\t<div class=\"max-width980 mgb-small\"><img decoding=\"async\" src=\"\/wp-content\/uploads\/2023\/05\/global_map.png\" alt=\"\u021a\u0103ri Suportate\"><\/div>\n\t\t<div class=\"frame2 max-width860 mgb-big txt-center-pc\">\n\t\t\t<p>Servicii Juridice Globale: Expertiz\u0103 \u0219i Arie de Acoperire dincolo de Frontiere. Asisten\u021b\u0103 cuprinz\u0103toare la nivel mondial prin firme partenere de \u00eencredere. Contacta\u021bi-ne pentru nevoile juridice transfrontaliere.<\/p>\n\t\t<\/div>\n\t\t<div class=\"btn-area\">\n\t\t\t<div class=\"btn icon-cross-border\"><a href=\"\/ro\/cross-border\">Opera\u021biuni transfrontaliere<\/a><\/div>\n\t\t<\/div>\n\t<\/div>\n<\/section>\n\n<section class=\"orange-section\">\n\t<div class=\"anchor\" id=\"internet\"><\/div>\n\t<div class=\"section-inner\">\n\t\t<div class=\"flex mgb-middle\">\n\t\t\t<div class=\"width41\"><img decoding=\"async\" src=\"\/en\/wp-content\/uploads\/sites\/6\/2023\/06\/internet.jpg\" alt=\"Internet\"><\/div>\n\t\t\t<div class=\"width51\">\n\t\t\t\t<h3>Internet<\/h3>\n\t\t\t\t<p class=\"mgb-small\">MONOLITH LAW OFFICE, cu o vast\u0103 experien\u021b\u0103 \u00een problemele legale legate de IT, este deosebit de competent \u00een sus\u021binerea afacerilor bazate pe internet, inclusiv pentru YouTuberi \u0219i companii care desf\u0103\u0219oar\u0103 activit\u0103\u021bi legate de YouTube.<\/p>\n\t\t\t\t<p class=\"mgb-middle\">\u00cen\u021belegem riscurile inerente asociate cu internetul, precum paginile web negative \u0219i post\u0103rile pe forumurile online. Biroul nostru a gestionat cu succes numeroase cazuri care implic\u0103 managementul reputa\u021biei online pentru o gam\u0103 divers\u0103 de clien\u021bi, de la persoane fizice la corpora\u021bii mari. Paginile web negative reprezint\u0103 o provocare juridic\u0103 unic\u0103 \u00een Japonia, iar avoca\u021bii no\u0219tri califica\u021bi sunt preg\u0103ti\u021bi s\u0103 ofere solu\u021bii eficiente. Suntem bucuro\u015fi s\u0103 v\u0103 consult\u0103m, valorific\u00e2nd expertiza \u0219i experien\u021ba noastr\u0103 \u00een rezolvarea problemelor legate de paginile web negative.<\/p>\n\t\t\t<\/div>\n\t\t<\/div>\n\t\t<ul class=\"layout-column4 mgb-big\">\n\t\t\t<li>\n\t\t\t\t<div><img decoding=\"async\" src=\"\/wp-content\/themes\/monolith2021\/img\/pic\/pic_practices-youtuberlaw.jpg\" alt=\"YouTuber\"><\/div>\n\t\t\t\t<h4>YouTuber<\/h4>\n\t\t\t\t<p>Expertiz\u0103 \u00een managementul influencerilor. \u00cen\u021belegem legisla\u021bia japonez\u0103 \u0219i peisajul internetului \u00een continu\u0103 evolu\u021bie. Suntem de \u00eencredere pentru agen\u021biile de top de YouTuberi, companiile VTuber \u0219i creatorii de con\u021binut. Oferim suport juridic specializat pentru contracte \u0219i probleme legate de videoclipuri \u00een Japonia.<\/p>\n\t\t\t<\/li>\n\t\t\t<li>\n\t\t\t\t<div><img decoding=\"async\" src=\"\/wp-content\/themes\/monolith2021\/img\/pic\/pic_sns_manda.jpg\" alt=\"M&amp;A of SNS\"><\/div>\n\t\t\t\t<h4>M&amp;A de SNS<\/h4>\n\t\t\t\t<p>Expertiz\u0103 \u00een fuziuni \u0219i achizi\u021bii pe re\u021belele sociale. Biroul nostru de avocatur\u0103 \u00een\u021belege natura unic\u0103 a tranzac\u021biilor cu conturi de YouTube \u0219i Twitter. Cu cuno\u0219tin\u021be solide \u00een IT \u0219i internet, oferim suport complet pentru contracte, due diligence \u0219i aspecte legale. Ave\u021bi \u00eencredere \u00een noi pentru a proteja \u0219i maximiza valoarea activelor dvs. digitale.<\/p>\n\t\t\t<\/li>\n\t\t\t<li>\n\t\t\t\t<div><img decoding=\"async\" src=\"\/wp-content\/themes\/monolith2021\/img\/pic\/pic_practices-reputation.jpg\" alt=\"Negative Web Pages\"><\/div>\n\t\t\t\t<h4>Pagini Web Negative<\/h4>\n\t\t\t\t<p>Ap\u0103rare \u00eempotriva atacurilor online. Specializa\u021bi \u00een dreptul internetului, elimin\u0103m paginile web d\u0103un\u0103toare care afecteaz\u0103 reputa\u021bii. Fiind de \u00eencredere pentru corpora\u021bii \u0219i persoane individuale, oferim interven\u021bii juridice strategice \u0219i solu\u021bii cuprinz\u0103toare pentru a proteja prezen\u021ba \u0219i reputa\u021bia dvs. online.<\/p>\n\t\t\t<\/li>\n\t\t\t<li>\n\t\t\t\t<div><img decoding=\"async\" src=\"\/wp-content\/themes\/monolith2021\/img\/pic\/pic_reputation.jpg\" alt=\"Identification of Posters\"><\/div>\n\t\t\t\t<h4>Identificarea Autorilor<\/h4>\n\t\t\t\t<p>Identific\u0103m persoanele responsabile pentru post\u0103ri ilegale. MONOLITH LAW OFFICE este specializat\u0103 \u00een dreptul internetului \u0219i are o experien\u021b\u0103 vast\u0103 \u00een gestionarea cazurilor care implic\u0103 con\u021binut online negativ. Navig\u0103m prin procesele legale pentru a c\u0103uta justi\u021bie \u0219i a proteja interesele clien\u021bilor no\u0219tri.<\/p>\n\t\t\t<\/li>\n\t\t<\/ul>\n\t\t<div class=\"btn-area\">\n\t\t\t<div class=\"btn icon-internet\"><a href=\"\/ro\/internet\">Internet<\/a><\/div>\n\t\t<\/div>\n\t<\/div>\n<\/section>\n","protected":false},"excerpt":{"rendered":"<p>Servicii Cu experien\u021ba avocatului nostru reprezentant ca inginer IT \u0219i \u00een gestionarea companiilor IT, MONOLITH LAW OFFICE se afirm\u0103 ca un birou de avocatur\u0103 de top \u00een Japonia, specializat\u0103 \u00een IT, afac [&hellip;]<\/p>\n","protected":false},"author":1,"featured_media":57138,"parent":0,"menu_order":4,"comment_status":"closed","ping_status":"closed","template":"practices-page-temp.php","meta":{"footnotes":""},"acf":[],"_links":{"self":[{"href":"https:\/\/monolith.law\/ro\/wp-json\/wp\/v2\/pages\/4213"}],"collection":[{"href":"https:\/\/monolith.law\/ro\/wp-json\/wp\/v2\/pages"}],"about":[{"href":"https:\/\/monolith.law\/ro\/wp-json\/wp\/v2\/types\/page"}],"author":[{"embeddable":true,"href":"https:\/\/monolith.law\/ro\/wp-json\/wp\/v2\/users\/1"}],"replies":[{"embeddable":true,"href":"https:\/\/monolith.law\/ro\/wp-json\/wp\/v2\/comments?post=4213"}],"version-history":[{"count":117,"href":"https:\/\/monolith.law\/ro\/wp-json\/wp\/v2\/pages\/4213\/revisions"}],"predecessor-version":[{"id":72857,"href":"https:\/\/monolith.law\/ro\/wp-json\/wp\/v2\/pages\/4213\/revisions\/72857"}],"wp:featuredmedia":[{"embeddable":true,"href":"https:\/\/monolith.law\/ro\/wp-json\/wp\/v2\/media\/57138"}],"wp:attachment":[{"href":"https:\/\/monolith.law\/ro\/wp-json\/wp\/v2\/media?parent=4213"}],"curies":[{"name":"wp","href":"https:\/\/api.w.org\/{rel}","templated":true}]}}