{"id":4232,"date":"2023-11-11T23:40:45","date_gmt":"2023-11-11T14:40:45","guid":{"rendered":"https:\/\/monolith.law\/?page_id=4232"},"modified":"2026-03-16T15:21:11","modified_gmt":"2026-03-16T06:21:11","slug":"greetings-from-the-managing-attorney","status":"publish","type":"page","link":"https:\/\/monolith.law\/ro\/greetings-from-the-managing-attorney","title":{"rendered":"Salut\u0103ri din partea Avocatului Coordonator"},"content":{"rendered":"\n<section class=\"heading-area\">\n\t<div class=\"heading-area-inner\">\n\t\t<h2 class=\"icon-greetings-from-the-managing-attorney\">Salut\u0103ri din partea Avocatului Coordonator<\/h2>\n\t<\/div>\n<\/section>\n\n<section class=\"white-section\">\n\t<div class=\"section-inner section-inner-bottomhalf pdt0 border-bottom-section\">\n\t\t<div class=\"tagline\">\n\t\t\t<div class=\"textArea\">\n\t\t\t\t<p>Exploatarea puterii tehnologiei informa\u021biei a revolu\u021bionat istoria umanit\u0103\u021bii,<br class=\"pcOnly\"> comparabil\u0103 cu impactul dinamitei.<br>Internetul, \u00een special, a transformat rapid cursul evolu\u021biei,<br class=\"pcOnly\"> propuls\u00e2nd omenirea \u00eenainte cu o vitez\u0103 f\u0103r\u0103 precedent.<br>Totu\u0219i, odat\u0103 cu imensa sa putere apar \u0219i riscuri considerabile.<\/p>\n\t\t\t\t<p>La MONOLITH LAW OFFICE, credem cu t\u0103rie c\u0103 responsabilitatea noastr\u0103 este s\u0103 ne asigur\u0103m<br class=\"pcOnly\"> c\u0103 For\u021bele epocii noastre sunt exploatate nu ca o amenin\u021bare pentru afaceri,<br class=\"pcOnly\"> ci ca un catalizator pentru evolu\u021bia lor revolu\u021bionar\u0103.<br>Ne str\u0103duim s\u0103 fim o echip\u0103 inovatoare \u0219i cu viziune de viitor, oferind \u00eendrumare juridic\u0103<br class=\"pcOnly\"> \u0219i suport care s\u0103 permit\u0103 companiilor s\u0103 deblocheze \u00eentregul poten\u021bial al tehnologiei informa\u021biei.<\/p>\n\t\t\t\t<p>Misiunea noastr\u0103 este s\u0103 navig\u0103m peisajul juridic complex, \u00eemputernicind afacerile<br class=\"pcOnly\"> s\u0103 valorifice IT-ul la cel mai \u00eenalt nivel. Prin \u00eembr\u0103\u021bi\u0219area oportunit\u0103\u021bilor prezentate de<br class=\"pcOnly\"> era digital\u0103, ne propunem s\u0103 facilit\u0103m cre\u0219terea transformativ\u0103 a afacerilor clien\u021bilor no\u0219tri.<\/p>\n\t\t\t\t<p class=\"txt-l\">Dezvoltarea companiei IT<\/p>\n\t\t\t\t<p>MONOLITH LAW OFFICE<\/p>\n\t\t\t<\/div>\n\t\t\t<div class=\"logo\"><img decoding=\"async\" src=\"\/wp-content\/themes\/monolith2021\/img\/logo.svg\" alt=\"MONOLITH LAW OFFICE\"><\/div>\n\t\t<\/div>\n\t<\/div>\n<\/section>\n\n<section class=\"second-nav\">\n\t<div class=\"second-nav-inner\">\n\t\t<p>SUBIECTE<\/p>\n\t\t<nav>\n\t\t\t<ul>\n\t\t\t\t<li><a href=\"#law-firm-led-by-former-it-engineer-turned-lawyer-with-corporate-management-experience\">Birou de avocatur\u0103 condus de un fost inginer IT devenit avocat cu experien\u021b\u0103 \u00een managementul corporativ<\/a><\/li>\n\t\t\t\t<li><a href=\"#a-law-firm-emphasizing-it-internet-and-business-expertise\">Un birou de avocatur\u0103 care pune accent pe expertiza \u00een IT, Internet \u0219i afaceri<\/a><\/li>\n\t\t\t\t<li><a href=\"#corporate-law-and-it-legal-expertise\">Drept corporativ \u0219i expertiz\u0103 juridic\u0103 \u00een IT<\/a><\/li>\n\t\t\t\t<li><a href=\"#a-team-of-lawyers-and-it-consultants\">O echip\u0103 de avoca\u021bi \u0219i consultan\u021bi IT<\/a><\/li>\n\t\t\t<\/ul>\n\t\t<\/nav>\n\t<\/div>\n<\/section>\n\n<section class=\"white-section\">\n\t<div class=\"anchor\" id=\"law-firm-led-by-former-it-engineer-turned-lawyer-with-corporate-management-experience\"><\/div>\n\t<div class=\"section-inner\">\n\t\t<div class=\"flex\">\n\t\t\t<div class=\"width41\"><img decoding=\"async\" src=\"\/wp-content\/uploads\/2023\/06\/message_1.jpg\" alt=\"Birou de avocatur\u0103 condus de un fost inginer IT devenit avocat cu experien\u021b\u0103 \u00een managementul corporativ\"><\/div>\n\t\t\t<div class=\"width51\">\n\t\t\t\t<h3>Birou de avocatur\u0103 condus de un fost inginer IT transformat \u00een avocat cu experien\u021b\u0103 \u00een managementul corporativ<\/h3>\n\t\t\t\t<p class=\"font-h3 txt-right mgb-middle\">Avocatul reprezentant: Toki Kawase<\/p>\n\t\t\t\t<p class=\"mgb-small\">Am avut \u00eentotdeauna o pasiune pentru calculatoare \u0219i tehnologie \u00eenc\u0103 din copil\u0103rie, ceea ce m-a f\u0103cut cunoscut drept &#8220;geek al computerelor&#8221;. De-a lungul adolescen\u021bei \u0219i la \u00eenceputul vie\u021bii de adult, m-am dedicat lumii IT, conduc\u00e2nd propria afacere \u0219i acumul\u00e2nd o experien\u021b\u0103 valoroas\u0103.<\/p>\n\t\t\t\t<p class=\"mgb-small\">C\u0103l\u0103toria mea a \u00eenceput \u00een \u0219coala primar\u0103, c\u00e2nd am \u00eenceput s\u0103 programez pe primul meu PC, un &#8220;MSX 2+&#8221;. \u00cen gimnaziu, am intrat chiar \u00een echipa de informatic\u0103 a \u0219colii, aliment\u00e2ndu-mi pasiunea pentru programare. \u00cen timpul anilor de facultate, a ap\u0103rut oportunitatea de a crea un site web pentru o companie, care a devenit un punct de cotitur\u0103 \u00een cariera mea. Flexibilitatea \u0219i recompensele financiare ale acestei \u00eentreprinderi m-au determinat s\u0103 explorez diverse afaceri legate de IT, cum ar fi dezvoltarea web, crearea de servicii web \u0219i optimizarea SEO.<\/p>\n\t\t\t\t<p class=\"mgb-small\">\u00cen acea perioad\u0103, startup-urile conduse de tineri profesioni\u0219ti \u00een domeniul IT c\u00e2\u0219tigau teren, iar eu m-am g\u0103sit complet imersat \u00een lumea dinamic\u0103 \u0219i \u00eentr-o rapid\u0103 schimbare a antreprenoriatului. Lucr\u00e2nd neobosit, am \u00eembr\u0103\u021bi\u0219at proiecte at\u00e2t interne c\u00e2t \u0219i transfrontaliere, colabor\u00e2nd cu parteneri interna\u021bionali \u0219i adapt\u00e2ndu-m\u0103 constant la peisajul \u00een schimbare.<\/p>\n\t\t\t\t<p class=\"mgb-small\">Totu\u0219i, la sf\u00e2r\u0219itul anilor dou\u0103zeci, am luat o decizie care mi-a schimbat via\u021ba. Am predat \u0219tafeta afacerii mele IT altora \u0219i am pornit pe un nou drum. M-am \u00eenscris la facultatea de drept cu scopul de a combina expertiza mea tehnic\u0103 cu cuno\u0219tin\u021bele juridice. Ast\u0103zi, ca avocat \u0219i fost inginer IT cu experien\u021b\u0103 \u00een managementul corporativ, conduc MONOLITH LAW OFFICE, un birou care \u00een\u021belege subtilit\u0103\u021bile industriei IT \u0219i ofer\u0103 servicii juridice cuprinz\u0103toare.<\/p>\n\t\t\t\t<p>La biroul nostru, ne folosim de combina\u021bia unic\u0103 de cuno\u0219tin\u021be IT \u0219i expertiz\u0103 juridic\u0103 pentru a oferi \u00eendrumare \u0219i suport eficient clien\u021bilor no\u0219tri. \u00cen\u021belegem provoc\u0103rile \u0219i oportunit\u0103\u021bile care apar \u00een era digital\u0103 \u0219i ne dedic\u0103m ajut\u0103rii afacerilor s\u0103 navigheze peisajul juridic \u0219i s\u0103-\u0219i ating\u0103 obiectivele.<\/p>\n\t\t\t<\/div>\n\t\t<\/div>\n\t<\/div>\n<\/section>\n\n<section class=\"purple-section\">\n\t<div class=\"anchor\" id=\"a-law-firm-emphasizing-it-internet-and-business-expertise\"><\/div>\n\t<div class=\"section-inner\">\n\t\t<div class=\"flex reverse\">\n\t\t\t<div class=\"width41\"><img decoding=\"async\" src=\"\/wp-content\/uploads\/2023\/06\/message_2.jpg\" alt=\"Un birou de avocatur\u0103 care subliniaz\u0103 expertiza \u00een IT, Internet \u0219i afaceri\"><\/div>\n\t\t\t<div class=\"width51\">\n\t\t\t\t<h3>Un birou de Avocatur\u0103 cu Accent pe Expertiza \u00een IT, Internet \u0219i Afaceri<\/h3>\n\t\t\t\t<p class=\"mgb-small\">Oamenii adesea percep trecerea mea de la proprietar de afaceri IT la avocat ca o schimbare radical\u0103 de 180 de grade. Totu\u0219i, consider c\u0103 schimbarea nu a fost at\u00e2t de drastic\u0103 pe c\u00e2t ar putea p\u0103rea.<\/p>\n\t\t\t\t<p class=\"mgb-small\">Reflect\u00e2nd asupra trecutului meu, \u00eemi dau seama c\u0103, chiar \u0219i ca inginer IT orientat spre \u0219tiin\u021be, aveam o \u00eenclina\u021bie natural\u0103 pentru g\u00e2ndirea umanist\u0103. Lumea afacerilor m-a intrigat, ceea ce m-a determinat s\u0103 m\u0103 av\u00e2nt \u00een antreprenoriat \u00een loc s\u0103 urmez o carier\u0103 conven\u021bional\u0103 ca inginer IT.<\/p>\n\t\t\t\t<p class=\"mgb-small\">Ast\u0103zi, ca avocat, sunt cineva care exceleaz\u0103 \u00een g\u00e2ndirea \u0219tiin\u021bific\u0103 \u00eentr-un domeniu tradi\u021bional asociat cu umanit\u0103\u021bile. Acest background m\u0103 pozi\u021bioneaz\u0103 ca avocatul gestionar al unui birou de avocatur\u0103 care pune un accent puternic pe problemele legate de IT, Internet \u0219i afaceri.<\/p>\n\t\t\t\t<p class=\"mgb-big\">De\u0219i cariera mea poate diferi de cea a unui inginer IT tipic, v\u0103d trecerea mea de la inginer IT la avocat mai mult ca o schimbare treptat\u0103, poate c\u00e2teva zeci de grade, dec\u00e2t o transformare complet\u0103. De fapt, o percep ca o evolu\u021bie natural\u0103 care \u00eemi permite s\u0103 \u00eemi valorific combina\u021bia unic\u0103 de abilit\u0103\u021bi \u0219i cuno\u0219tin\u021be pentru a servi mai bine clien\u021bii no\u0219tri din sectoarele IT, Internet \u0219i afaceri.<\/p>\n\t\t\t\t<div class=\"btn-area align-left\">\n\t\t\t\t\t<div class=\"btn icon-services\"><a href=\"\/ro\/services\">Servicii<\/a><\/div>\n\t\t\t\t<\/div>\n\t\t\t<\/div>\n\t\t<\/div>\n\t<\/div>\n<\/section>\n\n<section class=\"white-section\">\n\t<div class=\"anchor\" id=\"corporate-law-and-it-legal-expertise\"><\/div>\n\t<div class=\"section-inner\">\n\t\t<div class=\"flex\">\n\t\t\t<div class=\"width41\"><img decoding=\"async\" src=\"\/wp-content\/uploads\/2023\/06\/message_3.jpg\" alt=\"Expertiz\u0103 Juridic\u0103 \u00een Dreptul Corporativ \u0219i IT\"><\/div>\n\t\t\t<div class=\"width51\">\n\t\t\t\t<h3>Drept corporativ \u0219i expertiz\u0103 juridic\u0103 \u00een IT<\/h3>\n\t\t\t\t<p class=\"mgb-small\">La MONOLITH LAW OFFICE, \u00eendeplinesc un rol dublu. \u00cen primul r\u00e2nd, ofer suport \u00een drept corporativ companiilor IT \u0219i startup-urilor \u00een calitate de consultant. \u00cen\u021belegerea complexit\u0103\u021bilor industriei IT \u0219i a provoc\u0103rilor unice cu care se confrunt\u0103 startup-urile este esen\u021bial\u0103 pentru a livra servicii juridice eficiente, personalizate nevoilor lor. Cu experien\u021ba \u0219i expertiza mea direct\u0103 \u00een domeniile IT \u0219i startup, sunt bine preg\u0103tit s\u0103 ofer asisten\u021b\u0103 juridic\u0103 excep\u021bional\u0103 acestor clien\u021bi.<\/p>\n\t\t\t\t<p class=\"mgb-small\">\u00cen al doilea r\u00e2nd, lucrez ca parte a unei echipe de speciali\u0219ti \u00een IT \u0219i drept, oferind servicii de consultan\u021b\u0103 companiilor din diverse industrii care necesit\u0103 \u00eendrumare \u00een probleme juridice legate de IT. Echipa noastr\u0103 \u00ee\u0219i folose\u0219te cuno\u0219tin\u021bele colective despre IT \u0219i drept pentru a furniza solu\u021bii optime care s\u0103 r\u0103spund\u0103 cerin\u021belor specifice ale fiec\u0103rui client.<\/p>\n\t\t\t\t<p class=\"mgb-small\">De\u0219i serviciile juridice tradi\u021bionale se concentreaz\u0103 adesea pe furnizarea de produse specifice, cum ar fi depunerea de ac\u021biuni \u00een instan\u021b\u0103 la cerere, recunosc importan\u021ba asigur\u0103rii c\u0103 solu\u021biile furnizate satisfac cu adev\u0103rat nevoile clientului. Putem s\u0103 ne baz\u0103m exclusiv pe client pentru a proiecta o solu\u021bie care s\u0103 abordeze eficient provoc\u0103rile lor unice? Acestea sunt considerente critice pe care le iau \u00een calcul.<\/p>\n\t\t\t\t<p class=\"mgb-small\">De exemplu, s\u0103 lu\u0103m \u00een considerare suportul pentru IPO-uri \u00een Japonia. Pentru a asigura conformitatea, companiile trebuie s\u0103 examineze temeinic toate amendamentele poten\u021biale la legile \u0219i reglement\u0103rile japoneze care ar putea afecta opera\u021biunile lor \u0219i s\u0103 ia m\u0103surile corespunz\u0103toare. Cu toate acestea, urm\u0103rirea numeroaselor amendamente, inclusiv a celor minore, poate fi o provocare pentru avoca\u021bi \u00een munca lor de zi cu zi.<\/p>\n\t\t\t\t<p>Ca expert \u00een IT \u0219i drept, m\u0103 str\u0103duiesc s\u0103 ofer &#8220;solu\u021bii&#8221; care combin\u0103 puterea IT-ului \u0219i a dreptului pentru a aborda eficient aceste probleme complexe.<\/p>\n\t\t\t<\/div>\n\t\t<\/div>\n\t<\/div>\n<\/section>\n\n<section class=\"orange-section\">\n\t<div class=\"anchor\" id=\"a-team-of-lawyers-and-it-consultants\"><\/div>\n\t<div class=\"section-inner\">\n\t\t<div class=\"flex reverse\">\n\t\t\t<div class=\"width41\"><img decoding=\"async\" src=\"\/wp-content\/uploads\/2023\/06\/message_4.jpg\" alt=\"O echip\u0103 de avoca\u021bi \u0219i consultan\u021bi IT\"><\/div>\n\t\t\t<div class=\"width51\">\n\t\t\t\t<h3>O echip\u0103 de avoca\u021bi \u0219i consultan\u021bi IT<\/h3>\n\t\t\t\t<p class=\"mgb-small\">Pe l\u00e2ng\u0103 exemplul de suport pentru IPO, exist\u0103 numeroase situa\u021bii \u00een care combinarea IT-ului cu dreptul este esen\u021bial\u0103 pentru a r\u0103spunde nevoilor clien\u021bilor. Abordarea scenariilor complexe de probleme necesit\u0103 o echip\u0103 cu abilit\u0103\u021bile \u0219i capacit\u0103\u021bile necesare pentru a lua decizii informate \u0219i a implementa m\u0103suri eficiente dintr-o gam\u0103 larg\u0103 de op\u021biuni. De\u0219i avoca\u021bii sunt profesioni\u0219ti legali \u0219i speciali\u0219ti \u00een materie juridic\u0103, construirea unei &#8220;solu\u021bii&#8221; cuprinz\u0103toare necesit\u0103 mai mult dec\u00e2t expertiz\u0103 legal\u0103.<\/p>\n\t\t\t\t<p class=\"mgb-small\">De aceea, echipa noastr\u0103 include membri care nu sunt doar avoca\u021bi, ci \u0219i consultan\u021bi IT, aduc\u00e2nd la mas\u0103 un set divers de competen\u021be. Cu abilit\u0103\u021bile lor de a efectua cercet\u0103ri pe internet, de a explica propunerile de solu\u021bii \u0219i de a oferi perspective care dep\u0103\u0219esc cuno\u0219tin\u021bele juridice tradi\u021bionale, putem oferi solu\u021bii cuprinz\u0103toare \u0219i eficiente. C\u00e2nd se ocup\u0103 de probleme juridice transfrontaliere, colaborarea cu echipe dincolo de avoca\u021bi este crucial\u0103. Membrii echipei noastre cu competen\u021be lingvistice str\u0103ine \u0219i o \u00een\u021belegere profund\u0103 a mediilor de afaceri str\u0103ine ne permit s\u0103 navig\u0103m \u00een domenii de v\u00e2rf \u00een sectorul IT transfrontalier.<\/p>\n\t\t\t\t<p class=\"mgb-small\">\u00cen ceea ce prive\u0219te recrutarea, este important de notat c\u0103 mul\u021bi dintre avoca\u021bii no\u0219tri se al\u0103tur\u0103 MONOLITH LAW OFFICE f\u0103r\u0103 o expertiz\u0103 extins\u0103 \u00een IT. Promov\u0103m un mediu colaborativ unde avoca\u021bii cu experien\u021be \u0219i fundaluri diverse \u00een probleme juridice legate de IT lucreaz\u0103 \u00eempreun\u0103 ca o echip\u0103. Responsabilit\u0103\u021bile pentru membrii echipei care nu sunt avoca\u021bi sunt adesea determinate pe baza abilit\u0103\u021bilor \u0219i caracteristicilor lor dup\u0103 ce se al\u0103tur\u0103 firmei \u0219i interac\u021bioneaz\u0103 cu diverse afaceri. \u00cencuraj\u0103m aplic\u0103rile din partea avoca\u021bilor care s-ar putea s\u0103 nu aib\u0103 cuno\u0219tin\u021be specializate \u00een IT sau care se simt ezitan\u021bi \u00een a fi eticheta\u021bi ca &#8220;speciali\u0219ti&#8221;.<\/p>\n\t\t\t\t<p class=\"mgb-big\">La MONOLITH LAW OFFICE, valoriz\u0103m expertiza colectiv\u0103 \u0219i contribu\u021biile fiec\u0103rui membru al echipei, cre\u00e2nd un mediu dinamic \u0219i inovator care combin\u0103 competen\u021ba juridic\u0103 cu perspectivele IT.<\/p>\n\t\t\t\t<div class=\"btn-area align-left\">\n\t\t\t\t\t<div class=\"btn icon-job-openings\"><a href=\"\/ro\/job-openings\/\">Informa\u021bi despre post<\/a><\/div>\n\t\t\t\t<\/div>\n\t\t\t<\/div>\n\t\t<\/div>\n\t<\/div>\n<\/section>\n","protected":false},"excerpt":{"rendered":"<p>Salut\u0103ri din partea Avocatului Coordonator Exploatarea puterii tehnologiei informa\u021biei a revolu\u021bionat istoria umanit\u0103\u021bii, comparabil\u0103 cu impactul dinamitei.Internetul, \u00een special, a transformat rapid  [&hellip;]<\/p>\n","protected":false},"author":1,"featured_media":57134,"parent":0,"menu_order":8,"comment_status":"closed","ping_status":"closed","template":"other-page-temp.php","meta":{"footnotes":""},"acf":[],"_links":{"self":[{"href":"https:\/\/monolith.law\/ro\/wp-json\/wp\/v2\/pages\/4232"}],"collection":[{"href":"https:\/\/monolith.law\/ro\/wp-json\/wp\/v2\/pages"}],"about":[{"href":"https:\/\/monolith.law\/ro\/wp-json\/wp\/v2\/types\/page"}],"author":[{"embeddable":true,"href":"https:\/\/monolith.law\/ro\/wp-json\/wp\/v2\/users\/1"}],"replies":[{"embeddable":true,"href":"https:\/\/monolith.law\/ro\/wp-json\/wp\/v2\/comments?post=4232"}],"version-history":[{"count":36,"href":"https:\/\/monolith.law\/ro\/wp-json\/wp\/v2\/pages\/4232\/revisions"}],"predecessor-version":[{"id":72853,"href":"https:\/\/monolith.law\/ro\/wp-json\/wp\/v2\/pages\/4232\/revisions\/72853"}],"wp:featuredmedia":[{"embeddable":true,"href":"https:\/\/monolith.law\/ro\/wp-json\/wp\/v2\/media\/57134"}],"wp:attachment":[{"href":"https:\/\/monolith.law\/ro\/wp-json\/wp\/v2\/media?parent=4232"}],"curies":[{"name":"wp","href":"https:\/\/api.w.org\/{rel}","templated":true}]}}