{"id":47528,"date":"2023-11-06T23:10:34","date_gmt":"2023-11-06T14:10:34","guid":{"rendered":"https:\/\/monolith.law\/?page_id=47528"},"modified":"2026-03-24T00:19:10","modified_gmt":"2026-03-23T15:19:10","slug":"crypto-asset-and-blockchain","status":"publish","type":"page","link":"https:\/\/monolith.law\/ro\/crypto-asset-and-blockchain","title":{"rendered":"Active Crypto \u0219i Blockchain"},"content":{"rendered":"\n<section class=\"heading-area\">\n\t<div class=\"heading-area-inner\">\n\t\t<h2 class=\"icon-crypto-asset-and-blockchain\">Active Crypto \u0219i Blockchain<\/h2>\n\t\t<p>Activele crypto \u0219i blockchain-urile sunt baze de date descentralizate create de diverse sisteme IT, inclusiv algoritmi de consens, criptografie \u0219i re\u021bele P2P, care sunt dificil de modificat \u0219i prezint\u0103 un risc sc\u0103zut de pierdere a datelor. Ca birou de avocatur\u0103 cu expertiz\u0103 \u00een domeniul IT, sus\u021binem afacerile implicate \u00een active crypto, NFT-uri \u0219i blockchain-uri.<\/p>\n\t<\/div>\n<\/section>\n<section class=\"white-section\">\n\t<div class=\"section-inner pdt0 border-bottom-section\">\n\t<p class=\"mgb-small\">Activele crypto, NFT-urile \u0219i blockchain-urile evolueaz\u0103 rapid datorit\u0103 inova\u021biei tehnice continue \u0219i poten\u021bialului lor pentru o gam\u0103 larg\u0103 de scopuri, de la str\u00e2ngerea de fonduri p\u00e2n\u0103 la gestionarea artei digitale. Ca atare, este de asemenea un domeniu complex de reglementat prin lege.<\/p>\n\t<p class=\"mgb-small\">MONOLITH LAW OFFICE este un birou de avocatur\u0103 care s-a specializat \u00een dreptul crypto \u0219i blockchain \u00eenc\u0103 de la \u00eenfiin\u021barea sa \u00een 2017. Suntem familiariza\u021bi cu reglement\u0103rile legale ale companiilor str\u0103ine, ini\u021biativele acestora \u00een Japonia, \u00eendrumarea adecvat\u0103 a afacerilor pentru implementare \u0219i preg\u0103tirea documentelor \u0219i contractelor pentru opera\u021biuni de afaceri legate de IT. Un astfel de lucru necesit\u0103 cuno\u0219tin\u021be \u0219i experien\u021b\u0103 \u00een IT interna\u021bional, legisla\u021bie de afaceri, financiar\u0103 \u0219i alte chestiuni legale.<\/p>\n\t<p>Oferim suport sofisticat pentru afacerile care utilizeaz\u0103 blockchain-uri, inclusiv active crypto \u0219i NFT-uri, prin colaborare complex\u0103 \u00eentre avoca\u021bi \u0219i consultan\u021bi IT.<\/p>\n\t<\/div>\n<\/section>\n<section class=\"second-nav\">\n\t<div class=\"second-nav-inner\">\n\t\t<p>SUBIECTE<\/p>\n\t\t<nav>\n\t\t\t<ul>\n\t\t\t\t<li><a href=\"#highly-specialized-teams-and-global-network\">Echipe foarte specializate \u0219i re\u021bea global\u0103<\/a><\/li>\n\t\t\t\t<li><a href=\"#examples-of-the-firm's-support-achievements\">Exemple de realiz\u0103ri ale firmei<\/a><\/li>\n\t\t\t\t<li><a href=\"#advanced-technology-and-financial-legislation\">Tehnologie avansat\u0103 \u0219i legisla\u021bie financiar\u0103<\/a><\/li>\n\t\t\t\t<li><a href=\"#providing-one-stop-solutions\">Oferirea de solu\u021bii complete<\/a><\/li>\n\t\t\t\t<li><a href=\"#legal-support-for-nft-related-businesses\">Suport juridic pentru afaceri legate de NFT<\/a><\/li>\n\t\t\t\t<li><a href=\"#crypto-asset-businesses-and-custody-services\">Afaceri cu active crypto \u0219i servicii de custodie<\/a><\/li>\n\t\t\t\t<li><a href=\"#other-crypto-assets-related-businesses\">Alte afaceri legate de activele crypto<\/a><\/li>\n\t\t\t\t<li><a href=\"#system-development\">Dezvoltare de Sisteme<\/a><\/li>\n\t\t\t\t<li><a href=\"#terms-of-use-maintennance-for-applications-etc\">Servicii de Documentare<\/a><\/li>\n\t\t\t\t<li><a href=\"#monolith-law-magazine\">MONOLITH LAW MAGAZINE<\/a><\/li>\n\t\t\t\t<li><a href=\"#fee-structure\">Structura Taxelor<\/a><\/li>\n\t\t\t<\/ul>\n\t\t<\/nav>\n\t<\/div>\n<\/section>\n<section class=\"white-section\">\n\t<div class=\"anchor\" id=\"highly-specialized-teams-and-global-network\"><\/div>\n\t<div class=\"section-inner pdb0\">\n\t\t<h3>Echipe foarte specializate \u0219i re\u021bea global\u0103<\/h3>\n\t\t<div class=\"max-width980 mgb-small\"><img decoding=\"async\" src=\"\/wp-content\/uploads\/2023\/05\/web3team.jpg\" alt=\"Avoca\u021bi\"><\/div>\n\t\t<div class=\"frame2 max-width860 txt-center-pc\">\n\t\t\t<p class=\"bold txt-l mgb-small\">Pe m\u0103sur\u0103 ce peisajul de afaceri \u00eenconjur\u0103tor pentru blockchains \u0219i activele cripto evolueaz\u0103 rapid, sunt necesare birouri de avocatur\u0103 \u0219i avoca\u021bi specializa\u021bi \u00een domeniu.<\/p>\n\t\t\t<p>La MONOLITH LAW OFFICE, am stabilit o echip\u0103 dedicat\u0103 de avoca\u021bi cu cuno\u0219tin\u021be extinse de IT, avoca\u021bi cu calific\u0103ri interna\u021bionale \u0219i ingineri IT experimenta\u021bi. Prin intermediul re\u021belei noastre interna\u021bionale robuste, promov\u0103m cunoa\u0219terea, permi\u021b\u00e2ndu-ne s\u0103 r\u0103m\u00e2nem \u00een avangarda acestui domeniu dinamic.<\/p>\n\t\t<\/div>\n\t<\/div>\n<\/section>\n<section class=\"white-section\">\n\t<div class=\"anchor\" id=\"examples-of-the-firm's-support-achievements\"><\/div>\n\t<div class=\"section-inner\">\n\t\t<h3>Exemple de realiz\u0103ri \u00een sprijinul oferit de biroul nostru<\/h3>\n\t\t<ul class=\"layout-column4\">\n\t\t\t<li>\n\t\t\t\t<div><img decoding=\"async\" src=\"\/wp-content\/uploads\/2022\/07\/shutterstock_1009471096.png\"><\/div>\n\t\t\t\t<h4>Str\u00e2ngerea de fonduri (ICO, STO, IEO)<\/h4>\n\t\t\t\t<p>Ast\u0103zi, ICO, STO \u0219i IEO, care utilizeaz\u0103 activele cripto ca mijloc de str\u00e2ngere de fonduri, sunt \u00een cre\u0219tere ca popularitate. Acestea sunt considerate ca o modalitate mai flexibil\u0103 de a str\u00e2nge fonduri comparativ cu IPO-urile, oferind \u00een acela\u0219i timp protec\u021bie investitorilor sub reglement\u0103rile Legii japoneze a Instrumentelor Financiare \u0219i a Schimburilor \u0219i a Legii japoneze a Serviciilor de Plat\u0103. MONOLITH LAW OFFICE ofer\u0103 suport \u00een legalitatea afacerii, asist\u00e2nd \u0219i preg\u0103tind rapoarte.<\/p>\n\t\t\t<\/li>\n\t\t\t<li>\n\t\t\t\t<div><img decoding=\"async\" src=\"\/wp-content\/uploads\/2022\/07\/shutterstock_758063575-1.png\"><\/div>\n\t\t\t\t<h4>Minarea\/Staking-ul<\/h4>\n\t\t\t\t<p>Efectu\u0103m cercet\u0103ri privind legalitatea min\u0103rii \u0219i staking-ului \u00een blockchain-uri, precum \u0219i redact\u0103m contracte \u0219i alte documente relevante. \u00cen unele cazuri, desf\u0103\u0219urarea activit\u0103\u021bilor de minare \u0219i staking \u00een blockchain-uri poate necesita \u00eenregistrarea ca o afacere de schimb de active cripto. Expertiza noastr\u0103 const\u0103 \u00een \u00een\u021belegerea cerin\u021belor legale \u0219i asistarea clien\u021bilor \u00een conformitate cu reglement\u0103rile necesare.<\/p>\n\t\t\t<\/li>\n\t\t\t<li>\n\t\t\t\t<div><img decoding=\"async\" src=\"\/wp-content\/uploads\/2022\/07\/shutterstock_1096851425.png\"><\/div>\n\t\t\t\t<h4>Schimburile de active cripto \u0219i opera\u021biunile lor<\/h4>\n\t\t\t\t<p>Conform Legii japoneze revizuite a Reglement\u0103rii Fondurilor, \u00eenregistrarea ca o afacere de schimb de active cripto este acum necesar\u0103 pentru a cump\u0103ra, vinde, schimba \u0219i ac\u021biona ca intermediar sau agent pentru active cripto. Prin conceperea unui model de afaceri unic, este posibil s\u0103 se evite astfel de \u00eenregistr\u0103ri \u00een cadrul acestei legi. De asemenea, putem asista clien\u021bii no\u0219tri cu suport pentru \u00eenregistrarea ca schimb de active cripto \u0219i suport continuu pentru companiile care opereaz\u0103 schimburi de monede virtuale.<\/p>\n\t\t\t<li>\n\t\t\t\t<div><img decoding=\"async\" src=\"\/wp-content\/uploads\/2022\/07\/shutterstock_2118688160.png\"><\/div>\n\t\t\t\t<h4>Afaceri cu con\u021binut \/ NFT<\/h4>\n\t\t\t\t<p>Tokenurile Non-Fungibile (NFT-uri), reprezentate de art\u0103 digital\u0103, obiecte din jocuri pe blockchain etc., pot avea un statut legal diferit \u00een func\u021bie de sistem, variind de la active criptografice la mijloace de plat\u0103 prepl\u0103tite p\u00e2n\u0103 la drepturi de transfer \u00eenregistrate electronic (valori mobiliare), dar r\u0103m\u00e2n supuse unor reguli complexe \u0219i stricte. Ne ocup\u0103m de examinarea legalit\u0103\u021bii afacerilor clien\u021bilor no\u0219tri \u0219i \u00eei sprijinim dintr-o perspectiv\u0103 juridic\u0103.<\/p>\n\t\t\t<\/li>\n\t\t<\/ul>\n\t<\/div>\n<\/section>\n<section class=\"white-section\">\n\t<div class=\"anchor\" id=\"advanced-technology-and-financial-legislation\"><\/div>\n\t<div class=\"section-inner\">\n\t\t<div class=\"flex reverse\">\n\t\t\t<div class=\"width41\"><img decoding=\"async\" src=\"\/wp-content\/uploads\/2022\/07\/shutterstock_1144405721.png\" alt=\"Tehnologie avansat\u0103 \u0219i legisla\u021bie financiar\u0103\"><\/div>\n\t\t\t<div class=\"width51\">\n\t\t\t\t<h3>Tehnologie avansat\u0103 \u0219i legisla\u021bie financiar\u0103<\/h3>\n\t\t\t\t<p class=\"mgb-small\">Domeniul blockchain-urilor este unul \u00een care afacerile care le utilizeaz\u0103 evolueaz\u0103 rapid, \u00een special \u00een str\u0103in\u0103tate. Companiile implicate \u00een acest domeniu trebuie s\u0103 ia \u00een considerare dac\u0103 este posibil s\u0103 implementeze un astfel de sistem \u00een Japonia, pe baza celor mai recente reglement\u0103ri str\u0103ine. \u00cen primul r\u00e2nd, citim materialele dezv\u0103luite de astfel de afaceri str\u0103ine, baz\u00e2ndu-ne pe cuno\u0219tin\u021bele noastre IT despre cele mai recente tehnologii. Apoi, examin\u0103m legalitatea sistemului \u00een Japonia, \u00een lumina sistemului juridic intern, inclusiv legisla\u021bia financiar\u0103 \u0219i opiniile administrative. Apoi, oferim sfaturi despre cum s\u0103 implement\u0103m legal sistemul \u00een Japonia, pe baza judec\u0103\u021bilor noastre de afaceri.<\/p>\n\t\t\t\t<p>Blockchain, inclusiv activele cripto \u0219i NFT, este un domeniu complex care necesit\u0103 firme de avocatur\u0103 \u0219i avoca\u021bi cu un nivel ridicat de expertiz\u0103 at\u00e2t \u00een IT, c\u00e2t \u0219i \u00een drept.<\/p>\n\t\t\t<\/div>\n\t\t<\/div>\n\t<\/div>\n<\/section>\n<section class=\"purple-section\">\n\t<div class=\"anchor\" id=\"providing-one-stop-solutions\"><\/div>\n\t<div class=\"section-inner\">\n\t\t<div class=\"flex reverse\">\n\t\t\t<div class=\"width51\">\n\t\t\t\t<h3>Oferirea de solu\u021bii complete<\/h3>\n\t\t\t\t<p class=\"mgb-small\">Biroul nostru este compus din 30 avoca\u021bi \u0219i 85 membri ai personalului, inclusiv consultan\u021bi IT, sub supravegherea fondatorului care este un fost inginer IT \u0219i proprietar al unei companii IT.<\/p>\n\t\t\t\t<p>Traducerea \u0219i \u00een\u021belegerea tehnic\u0103 a documentelor publicate de proprietarii de afaceri din str\u0103in\u0103tate, precum \u0219i a documentelor tehnice \u0219i codurilor create \u00een cadrul companiei, sunt realizate de avocatul reprezentant \u0219i departamentul de consultan\u021b\u0103 IT. Cercetarea juridic\u0103, redactarea contractelor, preg\u0103tirea documentelor \u0219i alte servicii juridice sunt realizate de avocatul reprezentant \u0219i avocatul la lege. Astfel, putem oferi un serviciu complet pentru o serie de cazuri care necesit\u0103 un nivel ridicat de expertiz\u0103 at\u00e2t \u00een IT, c\u00e2t \u0219i \u00een drept.<\/p>\n\t\t\t<\/div>\n\t\t\t<div class=\"width41\"><img decoding=\"async\" src=\"\/wp-content\/themes\/monolith_en\/img\/operationofofmedia\/operationofofmedia_pic5.svg\" alt=\"Oferirea de solu\u021bii complete\"><\/div>\n\t\t<\/div>\n\t<\/div>\n<\/section>\n<section class=\"white-section mgt-section\">\n\t<div class=\"anchor\" id=\"legal-support-for-nft-related-businesses\"><\/div>\n\t<div class=\"section-inner-black\">\n\t\t<h3>Suport juridic pentru afaceri legate de NFT<\/h3>\n\t\t\t\t<p class=\"mgb-small\">Tokenurile Non-Fungibile (NFT), construite \u00een principal pe blockchain-ul Ethereum, sunt utilizate \u00een mod practic pentru a crea produse unice, inclusiv art\u0103 digital\u0103, obiecte de joc pe blockchain \u0219i c\u0103r\u021bi de tranzac\u021bionare, precum \u0219i pentru a reprezenta dovada propriet\u0103\u021bii asupra bunurilor imobiliare, cum ar fi imobiliarele, \u0219i apartenen\u021ba la organiza\u021bii \u00een lumea real\u0103. <\/p>\n\t\t\t\t<p class=\"mgb-middle\">NFT, \u00een func\u021bie de designul \u0219i schema lor de afaceri, pot c\u0103dea sub categoria de active criptografice, mijloace de plat\u0103 prepl\u0103tite, drepturi de transfer de \u00eenregistr\u0103ri electronice, etc. Noi sus\u021binem afacerile legate de NFT cu nivelul nostru \u00eenalt de expertiz\u0103.<\/p>\n\t<\/div>\n<\/section>\n<section class=\"white-section\">\n\t<div class=\"anchor\" id=\"crypto-asset-businesses-and-custody-services\"><\/div>\n\t<div class=\"section-inner\">\n\t\t<div class=\"flex reverse\">\n\t\t\t<div class=\"width41\"><img decoding=\"async\" src=\"\/wp-content\/uploads\/2022\/07\/shutterstock_1151380622_2.png\" alt=\"Crypto Asset Businesses and Custody Services\"><\/div>\n\t\t\t<div class=\"width51\">\n\t\t\t\t<h3>Afaceri cu active crypto \u0219i servicii de custodie<\/h3>\n\t\t\t\t<p class=\"mgb-small\">Conform Legii revizuite a Reglement\u0103rii Monetare din 2020, &#8220;gestionarea activelor cripto pentru al\u021bii (adic\u0103, afacerea de custodie)&#8221; este acum inclus\u0103 \u00een afacerea de schimb de active cripto, necesit\u00e2nd \u00eenregistrarea ca furnizor de servicii de active cripto \u0219i, prin urmare, este supus\u0103 diferitelor reglement\u0103ri pentru a implementa un sistem care include gestionarea activelor cripto. Cu toate acestea, aceste reglement\u0103ri sunt foarte greoaie pentru cei care nu sunt a\u0219a-numitele servicii de schimb de valut\u0103 virtual\u0103, ci ofer\u0103 doar servicii de custodie.<\/p>\n\t\t\t\t<p>Astfel de servicii vor trebui s\u0103 decid\u0103 dac\u0103 ar trebui s\u0103 se \u00eenregistreze \u0219i s\u0103 fac\u0103 afaceri ca un schimbator de active cripto sau dac\u0103 ar trebui s\u0103 gestioneze activele cripto evit\u00e2nd \u00eenregistrarea.<\/p>\n\t\t\t<\/div>\n\t\t<\/div>\n\t<\/div>\n<\/section>\n<section class=\"white-section mgb-section\">\n\t<div class=\"anchor\" id=\"other-crypto-assets-related-businesses\"><\/div>\n\t<div class=\"section-inner-black\">\n\t\t<h3>Alte afaceri legate de active cripto \u0219i blockchain<\/h3>\n\t\t<p class=\"mgb-small\">Activele cripto \u0219i blockchain-urile sunt domenii tehnologice \u0219i de afaceri \u00een continu\u0103 evolu\u021bie. Aceasta include reglement\u0103rile privind monedele stabile, care au fost reglementate \u00een conformitate cu Legea revizuit\u0103 a Reglement\u0103rii Fondurilor din 2022, \u0219i IEOs, o metod\u0103 de finan\u021bare care revizuie\u0219te schimburile de monede virtuale, \u0219i afacerile legate de staking. Biroul nostru se men\u021bine la curent cu cele mai recente evolu\u021bii \u0219i ofer\u0103 suport pentru astfel de afaceri.<\/p>\n\t\t<p class=\"mgb-middle\">Ca un birou de avocatur\u0103 compus dintr-un avocat reprezentant cu experien\u021b\u0103 anterioar\u0103 ca inginer IT, \u00eempreun\u0103 cu consultan\u021bi IT cu experien\u021b\u0103 \u00een \u00een\u021belegerea documentelor albe, documentelor tehnice \u0219i altor materiale lansate \u00een str\u0103in\u0103tate pentru a \u00een\u021belege tehnologia \u0219i modelele de afaceri.<\/p>\n\t<\/div>\n<\/section>\n<section class=\"orange-section\">\n\t<div class=\"anchor\" id=\"system-development\"><\/div>\n\t<div class=\"section-inner\">\n\t\t<div class=\"flex reverse\">\n\t\t\t<div class=\"width41\"><img decoding=\"async\" src=\"\/wp-content\/themes\/monolith2021\/img\/practices-itlaw\/practices-itlaw_pic1.jpg\" alt=\"Dezvoltare de Sistem\"><\/div>\n\t\t\t<div class=\"width51\">\n\t\t\t\t<h3>Dezvoltare de Sisteme<\/h3>\n\t\t\t\t<p>Reprezentat de un fost inginer IT, MONOLITH LAW OFFICE este un birou de avocatur\u0103 care se ocup\u0103 cu redactarea, modificarea \u0219i negocierea contractelor, precum \u0219i cu rezolvarea disputelor atunci c\u00e2nd apar probleme, nu numai \u00een domeniul activelor cripto \u0219i a problemelor legate de blockchain, dar \u0219i \u00een diverse probleme de dezvoltare a sistemelor foarte specializate, cum ar fi dezvoltarea de sisteme pentru bursele de valut\u0103 virtual\u0103. De asemenea, ne ocup\u0103m de rezolvarea disputelor atunci c\u00e2nd apar probleme.<\/p>\n\t\t\t<\/div>\n\t\t<\/div>\n\t<\/div>\n<\/section>\n<section class=\"white-section\">\n\t<div class=\"anchor\" id=\"terms-of-use-maintenance-for-applications-etc\"><\/div>\n\t<div class=\"section-inner\">\n\t\t<div class=\"flex\">\n\t\t\t<div class=\"width41\"><img decoding=\"async\" src=\"\/wp-content\/themes\/monolith2021\/img\/practices-itlaw\/practices-itlaw_pic2.jpg\" alt=\"Servicii Documentare\"><\/div>\n\t\t\t<div class=\"width51\">\n\t\t\t\t<h3>Servicii de Documentare<\/h3>\n\t\t\t\t<p>MONOLITH LAW OFFICE se ocup\u0103 cu crearea \u0219i revizuirea documentelor care descriu termenii de utilizare \u0219i politicile de confiden\u021bialitate pentru diverse aplica\u021bii, servicii \u0219i jocuri, inclusiv cele pentru jocuri blockchain, active criptografice \u0219i produse \u0219i servicii legate de blockchain. De asemenea, studiem documentele \u0219i datele corporative existente, cum ar fi defini\u021biile cerin\u021belor pentru dezvoltarea aplica\u021biei relevante, cadrele create \u00een Adobe XD, LPs, materialele de v\u00e2nzare pentru clien\u021bii poten\u021biali, etc.<\/p>\n\t\t\t<\/div>\n\t\t<\/div>\n\t<\/div>\n<\/section>\n\n<section class=\"purple2-section\">\n\t<div class=\"anchor\" id=\"monolith-law-magazine\"><\/div>\n\t<div class=\"section-inner\">\n\t\t    <section class=\"white-section temp-article\">\n        <div class=\"section-inner\">\n            <h4>MONOLITH LAW MAGAZINE<\/h4>\n            <div class=\"articles type_practice_column\">\n                                                                    <div class=\"article article-area\">\n                        <figure>\n                            <div class=\"img-wrap\">\n                                <img alt=\"Ce este un model de afaceri care utilizeaz\u0103 Web3? Explicarea ultimelor tendin\u021be \u0219i a studiilor de caz de utilizare\" src=\"https:\/\/monolith.law\/ro\/wp-content\/uploads\/sites\/32\/2025\/08\/Shutterstock_2333502635.webp\" width=\"500\" height=\"250\">\n                            <\/div>\n                            <figcaption>\n                                <div class=\"figcaption-inner\">\n                                    <h3>Ce este un model de afaceri care utilizeaz\u0103 Web3? Explicarea ultimelor tendin\u021be .<\/h3>\n                                <\/div>\n                            <\/figcaption>\n                            <a href=\"https:\/\/monolith.law\/ro\/it\/web3-business-model\"><\/a>\n                        <\/figure>\n                    <\/div>\n                                                    <div class=\"article article-area\">\n                        <figure>\n                            <div class=\"img-wrap\">\n                                <img alt=\"\u3010Edi\u021bia actualizat\u0103 2025\u3011Interpretarea juridic\u0103 a activelor cripto (monedelor virtuale): Incadrarea ca valori mobiliare \u0219i puncte de aten\u021bie pentru operatori\" src=\"https:\/\/monolith.law\/ro\/wp-content\/uploads\/sites\/32\/2025\/08\/Shutterstock_2049735344.webp\" width=\"500\" height=\"250\">\n                            <\/div>\n                            <figcaption>\n                                <div class=\"figcaption-inner\">\n                                    <h3>\u3010Edi\u021bia actualizat\u0103 2025\u3011Interpretarea juridic\u0103 a activelor cripto (monedelor vi.<\/h3>\n                                <\/div>\n                            <\/figcaption>\n                            <a href=\"https:\/\/monolith.law\/ro\/it\/crypto-assets-securities\"><\/a>\n                        <\/figure>\n                    <\/div>\n                                                    <div class=\"article article-area\">\n                        <figure>\n                            <div class=\"img-wrap\">\n                                <img alt=\"Cerin\u021bele de guvernan\u021b\u0103 corporativ\u0103 necesare pentru listarea la NASDAQ\" src=\"https:\/\/monolith.law\/ro\/wp-content\/uploads\/sites\/32\/2025\/08\/19e0312b170969f265c8e568bdf254db.webp\" width=\"500\" height=\"250\">\n                            <\/div>\n                            <figcaption>\n                                <div class=\"figcaption-inner\">\n                                    <h3>Cerin\u021bele de guvernan\u021b\u0103 corporativ\u0103 necesare pentru listarea la NASDAQ<\/h3>\n                                <\/div>\n                            <\/figcaption>\n                            <a href=\"https:\/\/monolith.law\/ro\/it\/nasdaq-corporate-governance\"><\/a>\n                        <\/figure>\n                    <\/div>\n                                            <\/div>\n            <div class=\"btn-more\"><a href=\"https:\/\/monolith.law\/ro\/tag\/crypto-assets-and-blockchains\">Read More<\/a><\/div>\n        <\/div>\n    <\/section>\n\t<\/div>\n<\/section>\n\n<section class=\"orange2-section\">\n\t<div class=\"anchor\" id=\"fee-structure\"><\/div>\n\t<div class=\"section-inner\">\n\t<div class=\"planWrap\">\n\t<h3>Structura<br>Taxelor<\/h3>\n\t<ul class=\"plan\">\n\t\t<li class=\"txt-left\">\n\t\t\t<div class=\"plan-inner\">\n\t\t\t<div class=\"plan-header\">\n\t\t\t<h4 class=\"plan-title\">Tarif Orar<\/h4>\n\t\t\t<div class=\"plan-price\"><span class=\"price-figure\">$300<\/span>pe or\u0103<span class=\"price-tax\"><\/span><\/div>\n\t\t\t<\/div>\n\t\t\t<div class=\"plan-body\">\u00cen anumite cazuri, putem lua \u00een considerare acceptarea unui litigiu sau proces cu un onorariu ini\u021bial \u0219i un onorariu de succes. Pentru mai multe detalii, v\u0103 invit\u0103m s\u0103 ne contacta\u021bi.<\/div>\n\t\t\t<\/div>\n\t\t<\/li>\n\t\t<li class=\"txt-left\">\n\t\t\t<div class=\"plan-inner\">\n\t\t\t<div class=\"plan-header\">\n\t\t\t<h4 class=\"plan-title\">Redactarea Contractelor<\/h4>\n\t\t\t<div class=\"plan-price\"><span class=\"price-value\">de la<\/span><span class=\"price-figure\">$500<\/span><span class=\"price-value\">p\u00e2n\u0103 la $2,000 sau mai mult<\/span><span class=\"price-tax\"><\/span><\/div>\n\t\t\t<\/div>\n\t\t\t<div class=\"plan-body\">Structura pre\u021burilor poate varia \u00een func\u021bie de tipul \u0219i cantitatea contractelor. Suntem \u00eenc\u00e2nta\u021bi s\u0103 oferim o estimare preliminar\u0103 la cerere, \u00eencuraj\u00e2ndu-v\u0103 astfel s\u0103 ne contacta\u021bi pentru detalii suplimentare.<\/div>\n\t\t\t<\/div>\n\t\t<\/li>\n\t\t<li class=\"txt-left\">\n\t\t\t<div class=\"plan-inner\">\n\t\t\t<div class=\"plan-header\">\n\t\t\t<h4 class=\"plan-title\">Alte Servicii<\/h4>\n\t\t\t<div class=\"plan-price\"><span class=\"price-figure\">Contacta\u021bi-ne<\/span><\/div>\n\t\t\t<\/div>\n\t\t\t<div class=\"plan-body\">Oferim o gam\u0103 larg\u0103 de servicii, inclusiv \u00eenfiin\u021barea de companii, revizuirea contractelor, opinii juridice, revizuirea cazurilor sau scrisori de cercetare. Dac\u0103 ave\u021bi \u00eentreb\u0103ri sau nel\u0103muriri, v\u0103 invit\u0103m cordial s\u0103 ne contacta\u021bi. Vom fi bucuro\u0219i s\u0103 v\u0103 asist\u0103m.<\/div>\n\t\t\t<\/div>\n\t\t\t<\/div>\n\t\t<\/li>\n\t<\/ul>\n\t<\/div>\n\t<\/div>\n<\/section>\n\n<section class=\"white-section\">\n\t<div class=\"section-inner\">\n\t\t<div class=\"btn-area\">\n\t\t\t<div class=\"btn icon-contact\"><a href=\"\/ro\/contact\">Contacta\u021bi-ne<\/a><\/div>\n\t\t<\/div>\n\t<\/div>\n<\/section>\n","protected":false},"excerpt":{"rendered":"<p>Active Crypto \u0219i Blockchain Activele crypto \u0219i blockchain-urile sunt baze de date descentralizate create de diverse sisteme IT, inclusiv algoritmi de consens, criptografie \u0219i re\u021bele P2P, care sunt dif [&hellip;]<\/p>\n","protected":false},"author":1,"featured_media":56655,"parent":0,"menu_order":6,"comment_status":"closed","ping_status":"closed","template":"other-page-temp.php","meta":{"footnotes":""},"acf":[],"_links":{"self":[{"href":"https:\/\/monolith.law\/ro\/wp-json\/wp\/v2\/pages\/47528"}],"collection":[{"href":"https:\/\/monolith.law\/ro\/wp-json\/wp\/v2\/pages"}],"about":[{"href":"https:\/\/monolith.law\/ro\/wp-json\/wp\/v2\/types\/page"}],"author":[{"embeddable":true,"href":"https:\/\/monolith.law\/ro\/wp-json\/wp\/v2\/users\/1"}],"replies":[{"embeddable":true,"href":"https:\/\/monolith.law\/ro\/wp-json\/wp\/v2\/comments?post=47528"}],"version-history":[{"count":71,"href":"https:\/\/monolith.law\/ro\/wp-json\/wp\/v2\/pages\/47528\/revisions"}],"predecessor-version":[{"id":72886,"href":"https:\/\/monolith.law\/ro\/wp-json\/wp\/v2\/pages\/47528\/revisions\/72886"}],"wp:featuredmedia":[{"embeddable":true,"href":"https:\/\/monolith.law\/ro\/wp-json\/wp\/v2\/media\/56655"}],"wp:attachment":[{"href":"https:\/\/monolith.law\/ro\/wp-json\/wp\/v2\/media?parent=47528"}],"curies":[{"name":"wp","href":"https:\/\/api.w.org\/{rel}","templated":true}]}}