{"id":56075,"date":"2023-11-06T23:50:40","date_gmt":"2023-11-06T14:50:40","guid":{"rendered":"https:\/\/monolith.law\/ro\/?page_id=56075"},"modified":"2026-03-16T18:40:26","modified_gmt":"2026-03-16T09:40:26","slug":"it","status":"publish","type":"page","link":"https:\/\/monolith.law\/ro\/it","title":{"rendered":"IT"},"content":{"rendered":"\n<section class=\"heading-area\">\n\t<div class=\"heading-area-inner\">\n\t\t<h2 class=\"icon-it\">IT<\/h2>\n\t\t<p>\u00centr-o societate unde tehnologia continu\u0103 s\u0103 evolueze rapid, o \u00een\u021belegere profund\u0103 a IT-ului \u0219i a propriet\u0103\u021bii intelectuale ale unei companii este crucial\u0103 pentru avoca\u021bii corporativi din Japonia. Punctul nostru forte const\u0103 \u00een echipa noastr\u0103 de speciali\u0219ti \u00een acest domeniu.<\/p>\n\t<\/div>\n<\/section>\n\n<section class=\"white-section\">\n\t<div class=\"section-inner pdt0  border-bottom-section\">\n\t\t<p>Pentru avoca\u021bii companiilor de IT, este important s\u0103 \u00een\u021beleag\u0103 tehnologia \u0219i opera\u021biunile legate de IT precum \u0219i proprietatea intelectual\u0103 \u00een activitatea de zi cu zi a companiei. F\u0103r\u0103 cuno\u0219tin\u021be \u0219i \u00een\u021belegere a IT-ului, este imposibil s\u0103 revizuie\u0219ti cu aten\u021bie contractele \u0219i alte documente legate de produsele gestionate, care sunt de cea mai mare importan\u021b\u0103 pentru companii, sau s\u0103 iei \u00een considerare cum s\u0103 r\u0103spunzi \u0219i s\u0103 previi problemele \u00een cazul \u00een care acestea apar. MONOLITH LAW OFFICE se ocup\u0103 nu numai de cazuri care implic\u0103 startup-uri \u0219i companii listate specializate \u00een IT, dar \u0219i de cazuri IT \u0219i Internet care implic\u0103 companii non-IT, ca avocat responsabil de IT \u0219i proprietate intelectual\u0103.<\/p>\n\t<\/div>\n<\/section>\n\n\n<section class=\"white-section\">\n\t<div class=\"section-inner\">\n\t\t<h3 class=\"ttl-white\">Ast\u0103zi, IT-ul este prezent \u00een fiecare aspect al activit\u0103\u021bilor corporative<\/h3>\n\t\t<ul class=\"layout-column4\">\n\t\t\t<li>\n\t\t\t\t<h4>Pentru afacerile din domeniul restaurantelor<\/h4>\n\t\t\t\t<div><img decoding=\"async\" src=\"\/wp-content\/themes\/monolith2021\/img\/practices-itlaw\/practices-itlaw_illust1.png\"><\/div>\n\t\t\t\t<p>Atragerea clien\u021bilor prin <span class=\"bold\">web marketing<\/span> necesit\u0103 externalizarea serviciilor de IT \u0219i companiilor de IT.<\/p>\n\t\t\t<\/li>\n\t\t\t<li>\n\t\t\t\t<h4>Pentru industria manufacturier\u0103<\/h4>\n\t\t\t\t<div><img decoding=\"async\" src=\"\/wp-content\/themes\/monolith2021\/img\/practices-itlaw\/practices-itlaw_illust2.png\"><\/div>\n\t\t\t\t<p>Dezvoltarea continu\u0103 a <span class=\"bold\">informa\u021biilor bazate pe IT<\/span> este esen\u021bial\u0103 pentru managementul produc\u021biei.<\/p>\n\t\t\t<\/li>\n\t\t\t<li>\n\t\t\t\t<h4>Pentru companiile de E-commerce<\/h4>\n\t\t\t\t<div><img decoding=\"async\" src=\"\/wp-content\/themes\/monolith2021\/img\/practices-itlaw\/practices-itlaw_illust3.png\"><\/div>\n\t\t\t\t<p>Gestionarea site-urilor de E-commerce \u0219i opera\u021biunile de <span class=\"bold\">web media marketing<\/span> fac parte, de asemenea, din afacerea noastr\u0103 legat\u0103 de IT.<\/p>\n\t\t\t<\/li>\n\t\t\t<li>\n\t\t\t\t<h4>Pentru industria de divertisment<\/h4>\n\t\t\t\t<div><img decoding=\"async\" src=\"\/wp-content\/themes\/monolith2021\/img\/practices-itlaw\/practices-itlaw_illust4.png\"><\/div>\n\t\t\t\t<p>Internetul este esen\u021bial pentru <span class=\"bold\">gestionarea media \u0219i distribu\u021bia de con\u021binut<\/span>.<\/p>\n\t\t\t<\/li>\n\t\t<\/ul>\n\t<\/div>\n<\/section>\n\n<section class=\"white-section\">\n\t<div class=\"section-inner pdt0\">\n\t\t<p class=\"txt-l txt-center mgb-middle\">Biroul nostru \u00ee\u0219i valorific\u0103 experien\u021ba Avocatului nostru Principal, care este un fost inginer IT<br>Deoarece suntem <span class=\"bold\">un birou de avocatur\u0103 cu puncte forte \u00een dreptul IT\/IP japonez<\/span><\/p>\n\t\t<div class=\"frame2 max-width860 txt-center-pc\">\n\t\t\t<p class=\"txt-l\"><span class=\"bold\">Putem gestiona toate aspectele legale pentru companiile de IT \u0219i startup-uri.<br>Pentru companiile care nu practic\u0103 IT-ul ca activitate principal\u0103, ac\u021bion\u0103m ca <br>&#8220;avoca\u021bi consultan\u021bi \u00een domeniul legal IT\/IP&#8221;.<\/p>\n\t\t<\/div>\n\t<\/div>\n<\/section>\n\n<section class=\"second-nav\">\n\t<div class=\"second-nav-inner\">\n\t\t<p>SUBIECTE<\/p>\n\t\t<nav>\n\t\t\t<ul>\n\t\t\t\t<li><a href=\"#system-development\">Dezvoltare de Sisteme<\/a><\/li>\n\t\t\t\t<li><a href=\"#terms-of-use\">Termeni de Utilizare<\/a><\/li>\n\t\t\t\t<li><a href=\"#crypto-assets-and-blockchain\">Active Cripto \u0219i Blockchain<\/a><\/li>\n\t\t\t\t<li><a href=\"#ai-chatgpt-etc\">AI (ChatGPT, etc.)<\/a><\/li>\n\t\t\t\t<li><a href=\"#games\">Jocuri<\/a><\/li>\n\t\t\t\t<li><a href=\"#swift-and-efficient-tech-legal-analysis\">Analiz\u0103 tehnico-legal\u0103 rapid\u0103 \u0219i eficient\u0103<\/a><\/li>\n\t\t\t\t<li><a href=\"#intellectual-property-rights\">Proprietate Intelectual\u0103\n<\/a><\/li>\n\t\t\t\t<li><a href=\"#domain-name-disputes\">Dispute de Domenii<\/a><\/li>\n\t\t\t\t<li><a href=\"#e-commerce\">E-commerce<\/a><\/li>\n\t\t\t\t<li><a href=\"#medical-law\">Drept Medical<\/a><\/li>\n\t\t\t\t<li><a href=\"#cybercrime\">Cibercriminalitate<\/a><\/li>\n\t\t\t\t<li><a href=\"#monolith-law-magazine\">MONOLITH LAW MAGAZINE<\/a><\/li>\n\t\t\t\t<li><a href=\"#fee-structure\">Structura Taxelor<\/a><\/li>\n\t\t\t<\/ul>\n\t\t<\/nav>\n\t<\/div>\n<\/section>\n\n\n<section class=\"white-section\">\n\t<div class=\"anchor\" id=\"system-development\"><\/div>\n\t<div class=\"section-inner\">\n\t\t<div class=\"flex\">\n\t\t\t<div class=\"width41\"><img decoding=\"async\" src=\"\/wp-content\/themes\/monolith2021\/img\/practices-itlaw\/practices-itlaw_pic1.jpg\" alt=\"Dezvoltarea Sistemelor\"><\/div>\n\t\t\t<div class=\"width51\">\n\t\t\t\t<h3>Dezvoltare de Sisteme<\/h3>\n\t\t\t\t<p class=\"mgb-middle\">Suntem un birou de avocatur\u0103 condus de un fost inginer IT, specializat\u0103 \u00een probleme legate de dezvoltarea de sisteme, de la redactarea, revizuirea \u0219i negocierea contractelor p\u00e2n\u0103 la rezolvarea disputelor. De asemenea, redact\u0103m contracte de la zero pe baza materialelor existente, cum ar fi documentele de propunere, cu un minim de interviuri cu clien\u021bii.<\/p>\n\t\t\t\t<div class=\"btn-area align-left\">\n\t\t\t\t\t<div class=\"btn icon-system-development\"><a href=\"\/ro\/system-development\">Dezvoltare de Sisteme<\/a><\/div>\n\t\t\t\t<\/div>\n\t\t\t<\/div>\n\t\t<\/div>\n\t<\/div>\n<\/section>\n\n<section class=\"orange-section\">\n\t<div class=\"anchor\" id=\"terms-of-use\"><\/div>\n\t<div class=\"section-inner\">\n\t\t<div class=\"flex reverse\">\n\t\t\t<div class=\"width41\"><img decoding=\"async\" src=\"\/wp-content\/themes\/monolith2021\/img\/practices-itlaw\/practices-itlaw_pic2.jpg\" alt=\"Review of Terms of Use for Apps\"><\/div>\n\t\t\t<div class=\"width51\">\n\t\t\t\t<h3>Termeni de Utilizare<\/h3>\n\t\t\t\t<p class=\"mgb-middle\">MONOLITH LAW OFFICE se ocup\u0103 cu crearea \u0219i revizuirea termenilor de utilizare \u0219i politicilor de confiden\u021bialitate pentru diverse aplica\u021bii, servicii, jocuri \u00een Japonia. \u00cen plus, putem analiza cerin\u021bele dumneavoastr\u0103. De defini\u021bie pentru dezvoltarea aplica\u021biei relevante, cadrele Adobe XD, LP-urile, materialele de v\u00e2nzare pentru clien\u021bii poten\u021biali \u0219i alte documente \u0219i date existente.<\/p>\n\t\t\t\t<div class=\"btn-area align-left\">\n\t\t\t\t\t<div class=\"btn icon-terms-of-use\"><a href=\"\/ro\/terms-of-use\">Termeni de utilizare<\/a><\/div>\n\t\t\t\t<\/div>\n\t\t\t<\/div>\n\t\t<\/div>\n\t<\/div>\n<\/section>\n\n<section class=\"white-section\">\n\t<div class=\"anchor\" id=\"crypto-assets-and-blockchain\"><\/div>\n\t<div class=\"section-inner\">\n\t\t<div class=\"flex\">\n\t\t\t<div class=\"width41\"><img decoding=\"async\" src=\"\/wp-content\/uploads\/2022\/07\/shutterstock_1151380622_2.png\" alt=\"Crypto Assets and Blockchain\"><\/div>\n\t\t\t<div class=\"width51\">\n\t\t\t\t<h3>Active Cripto \u0219i Blockchain<\/h3>\n\t\t\t\t<p class=\"mgb-middle\">Blockchain-urile sunt baze de date descentralizate care au un risc extrem de sc\u0103zut de pierdere a \u00eenregistr\u0103rilor, fac mai dificil\u0103 falsificarea \u00eenregistr\u0103rilor anterioare \u0219i sunt posibile prin tehnici IT precum algoritmi de consens, criptografie \u0219i re\u021bele P2P. MONOLITH LAW OFFICE a fost implicat \u00een lucr\u0103rile juridice privind activele cripto \u0219i blockchain imediat dup\u0103 \u00eenfiin\u021barea sa \u00een 2017.<\/p>\n\t\t\t\t<div class=\"btn-area align-left\">\n\t\t\t\t\t<div class=\"btn icon-crypto-asset-and-blockchain\"><a href=\"\/ro\/crypto-asset-and-blockchain\">Active cripto<br>\u0219i Blockchain<\/a><\/div>\n\t\t\t\t<\/div>\n\t\t\t<\/div>\n\t\t<\/div>\n\t<\/div>\n<\/section>\n\n<section class=\"purple-section\">\n\t<div class=\"anchor\" id=\"ai-chatgpt-etc\"><\/div>\n\t<div class=\"section-inner\">\n\t\t<div class=\"flex reverse\">\n\t\t\t<div class=\"width41\"><img decoding=\"async\" src=\"\/wp-content\/themes\/monolith2021\/img\/practices-itlaw\/practices-itlaw_pic5.jpg\" alt=\"AI (ChatGPT, etc.)\"><\/div>\n\t\t\t<div class=\"width51\">\n\t\t\t\t<h3>AI (ChatGPT, etc.)<\/h3>\n\t\t\t\t<p class=\"mgb-small\">Oferim verific\u0103ri juridice, procesare de contracte \u0219i suport pentru notific\u0103ri guvernamentale pentru servicii AI de imagine \u0219i limbaj natural \u0219i probleme legate de legea drepturilor de autor, legea protec\u021biei informa\u021biilor personale, etc., la cererea companiilor de startup \u0219i de afaceri IT.<\/p>\n\t\t\t\t<p class=\"mgb-middle\">\u00cen anumite cazuri, examin\u0103m documentele tehnice \u0219i codurile surs\u0103 pentru a \u00een\u021belege exact func\u021bionarea bibliotecii \u00eenainte de a evalua legalitatea serviciului \u0219i sistemul necesar pentru func\u021bionarea sa legal\u0103 \u00een Japonia.<\/p>\n\t\t\t\t<div class=\"btn-area align-left\">\n\t\t\t\t\t<div class=\"btn icon-ai\"><a href=\"\/ro\/ai\">AI (ChatGPT, etc.)<\/a><\/div>\n\t\t\t\t<\/div>\n\t\t\t<\/div>\n\t\t<\/div>\n\t<\/div>\n<\/section>\n\n<section class=\"white-section mgt-section \">\n\t<div class=\"anchor\" id=\"games\"><\/div>\n\t<div class=\"section-inner-black\">\n\t\t<h3>Jocuri<\/h3>\n\t\t<p class=\"mgb-middle\"> \u00cen Japonia, mai multe legi reglementeaz\u0103 func\u021bionarea jocurilor sociale, inclusiv Legea drepturilor de autor (Japanese Copyright Act), Legea \u00eempotriva primelor nejustificate \u0219i a reprezent\u0103rilor \u00een\u0219el\u0103toare (Japanese Act against Unjustifiable Premiums and Misleading Representations), Legea privind reglementarea fondurilor (Japanese Funds Settlement Act), Legea contractelor de consum (Japanese Consumer Contract Act), Legea privind tranzac\u021biile comerciale specifice (Japanese Specified Commercial Transactions Act) \u0219i Legea privind afacerile de telecomunica\u021bii (Japanese Telecommunications Business Act) sunt cele principale.<br> Pentru a evita disputele \u0219i sanc\u021biunile guvernamentale, este necesar s\u0103 se asigure conformitatea legal\u0103.<br> Biroul nostru, MONOLITH LAW OFFICE, serve\u0219te de asemenea ca avocat pentru companiile de jocuri video \u0219i e-sports din Japonia, necesit\u00e2nd o \u00een\u021belegere a industriei pentru a asigura o func\u021bionare legal\u0103.<\/p>\n\t<\/div>\n<\/section>\n\n<section class=\"white-section\">\n\t<div class=\"anchor\" id=\"swift-and-efficient-tech-legal-analysis\"><\/div>\n\t<div class=\"section-inner\">\n\t\t<div class=\"flex reverse\">\n\t\t\t<div class=\"width41\"><img decoding=\"async\" src=\"\/wp-content\/themes\/monolith2021\/img\/pic\/pic_draft.jpg\" alt=\"Redactare cu timp minim de operare\"><\/div>\n\t\t\t<div class=\"width51\">\n\t\t\t\t<h3>Analiz\u0103 tehnico-legal\u0103 rapid\u0103 \u0219i eficient\u0103<\/h3>\n\t\t\t\t<p class=\"mgb-middle\">Cu avocatul nostru director care este un fost inginer IT \u0219i o echip\u0103 de consultan\u021bi IT, biroul nostru ofer\u0103 servicii tehnice de analiz\u0103 \u0219i revizuire juridic\u0103, \u00een special pentru tehnologii avansate precum AI. <\/p>\n\t\t\t\t<p>Legalitatea serviciilor care utilizeaz\u0103 tehnologia avansat\u0103, \u00een special AI, nu poate fi determinat\u0103 f\u0103r\u0103 a avea o \u00een\u021belegere tehnic\u0103 a modului \u00een care aceste servicii func\u021bioneaz\u0103. Ca un serviciu unic, putem oferi at\u00e2t analiz\u0103 tehnic\u0103, c\u00e2t \u0219i revizuire juridic\u0103.<\/p>\n\t\t\t<\/div>\n\t\t<\/div>\n\t<\/div>\n<\/section>\n\n<section class=\"white-section mgb-section80\">\n\t<div class=\"anchor\" id=\"intellectual-property-rights\"><\/div>\n\t<div class=\"section-inner-black\">\n\t\t<h3>Proprietate Intelectual\u0103<\/h3>\n\t\t<p class=\"mgb-middle\">We handle IP strategy planning, contractual relations and litigation in both the IT and entertainment fields.\nIn the case of disputes, we also handle highly specialized litigation, such as litigation over patent ownership rights.<\/p>\n\t<\/div>\n<\/section>\n\n<section class=\"white-section mgt-section80\">\n\t<div class=\"anchor\" id=\"domain-name-disputes\"><\/div>\n\t<div class=\"section-inner-black\">\n\t\t<h3>Dispute de Domenii<\/h3>\n\t\t<p class=\"mgb-middle\">We have expertise in handling domain names, intellectual property rights, and dispute resolution based on the JP Domain Name Dispute Resolution Policy (DRP) and litigation procedures using the Unfair Competition Prevention Act.\n<\/p>\n\t<\/div>\n<\/section>\n\n<section class=\"white-section\">\n\t<div class=\"anchor\" id=\"e-commerce\"><\/div>\n\t<div class=\"section-inner\">\n\t\t<div class=\"flex\">\n\t\t\t<div class=\"width41\"><img decoding=\"async\" src=\"\/wp-content\/themes\/monolith2021\/img\/practices-itlaw\/practices-itlaw_pic7.jpg\" alt=\"E-commerce\"><\/div>\n\t\t\t<div class=\"width51\">\n\t\t\t\t<h3>E-commerce<\/h3>\n\t\t\t\t<p>Avem experien\u021b\u0103 \u00een solu\u021bionarea diverselor dispute legate de comer\u021bul electronic japonez, inclusiv \u00een ob\u021binerea de m\u0103suri injunctive \u00eempotriva \u00eenc\u0103lc\u0103rilor de m\u0103rci \u0219i drepturi de autor pe platforme precum Rakuten, Amazon \u0219i Yahoo! Shopping.<\/p>\n\t\t\t<\/div>\n\t\t<\/div>\n\t<\/div>\n<\/section>\n\n<section class=\"white-section mgb-section80\">\n\t<div class=\"anchor\" id=\"medical-law\"><\/div>\n\t<div class=\"section-inner-black\">\n\t\t<h3>Drept Medical<\/h3>\n\t\t<p class=\"mgb-middle\">Intersec\u021bia legilor legate de \u00eengrijirea medical\u0103 din Japonia, cum ar fi Legea Afacerilor Farmaceutice, Legea Serviciilor Medicale \u0219i Legea Practicienilor Medicali, cu IT \u0219i Internetul, este un domeniu complex \u0219i specializat. Biroul nostru dispune de speciali\u0219ti \u00een drept medical \u0219i de un avocat reprezentant, Toki Kawase, care este fost inginer IT \u0219i cunoa\u0219te bine industria.<\/p>\n\t\t<h4 class=\"mgb-middle\">Experien\u021ba Noastr\u0103 \u00een Cazuri de Drept Medical (Exemple)<\/h4>\n\t\t<p class=\"mgb-middle\">Revizuire juridic\u0103 conform Legii Dispozitivelor Farmaceutice \u0219i Medicale (PMD Act) \u0219i alte acte referitoare la LP-urile distribuitorilor de suplimente, revizuiri juridice \u0219i formularea de linii directoare conform PMD Act \u0219i alte legi aplicabile pentru media legate de frumuse\u021be, \u0219i auditul legitimit\u0103\u021bii juridice a noilor afaceri \u00een startup-uri medicale, redactarea contractelor pentru cercetare comun\u0103 cu universit\u0103\u021bile pentru startup-uri medicale. Revizuire juridic\u0103 \u0219i preg\u0103tirea termenilor de utilizare pentru serviciile de colaborare a informa\u021biilor medicale. Preg\u0103tirea descrierilor Codului Comercial Specificat, etc., pentru afacerile de v\u00e2nzare a suplimentelor.<\/p>\n\t<\/div>\n<\/section>\n\n<section class=\"white-section\">\n\t<div class=\"anchor\" id=\"cybercrime\"><\/div>\n\t<div class=\"section-inner\">\n\t\t<div class=\"flex reverse\">\n\t\t\t<div class=\"width41\"><img decoding=\"async\" src=\"\/wp-content\/uploads\/2023\/05\/dispute_pic2.jpg\" alt=\"Cybercrime\"><\/div>\n\t\t\t<div class=\"width51\">\n\t\t\t\t<h3>Cibercriminalitate<\/h3>\n\t\t\t\t<p class=\"mgb-middle\">Pentru a stimula investiga\u021bia \u0219i arestarea de c\u0103tre poli\u021bia japonez\u0103 \u00een cazul incidentelor precum accesul neautorizat care au loc \u00een Japonia, este eficient s\u0103 avem asisten\u021ba exper\u021bilor care cunosc bine procedurile penale japoneze. Ca birou de avocatur\u0103 cu expertiz\u0103 \u00een IT, oferim suport juridic pentru companiile care au fost victime ale infrac\u021biunilor cibernetice, cum ar fi accesul neautorizat \u0219i exfiltrarea ilicit\u0103 de date, inclusiv asisten\u021b\u0103 pentru depunerea de pl\u00e2ngeri penale \u0219i rapoarte pentru a ini\u021bia investiga\u021bii penale. Aceasta este una dintre caracteristicile noastre distinctive.<\/p>\n\t\t\t\t<div class=\"btn-area align-left\">\n\t\t\t\t\t<div class=\"btn icon-cybercrime\"><a href=\"\/ro\/cybercrime\">Criminalitatea cibernetic\u0103<\/a><\/div>\n\t\t\t\t<\/div>\n\t\t\t<\/div>\n\t\t<\/div>\n\t<\/div>\n<\/section>\n\n<section class=\"white-section\">\n\t<div class=\"section-inner pdt0\">\n\t\t<div class=\"frame2 max-width860 txt-center-pc\">\n\t\t\t<p class=\"bold txt-l\">De asemenea, putem ac\u021biona ca &#8220;al doilea avocat&#8221; pentru afacerea principal\u0103 a companiei dumneavoastr\u0103, utiliz\u00e2nd punctele noastre forte \u00eentr-o capacitate separat\u0103 de consilierul juridic principal al companiei dumneavoastr\u0103.<\/p>\n\t\t<\/div>\n\t<\/div>\n<\/section>\n\n<section class=\"purple2-section\">\n\t<div class=\"anchor\" id=\"monolith-law-magazine\"><\/div>\n\t<div class=\"section-inner\">\n\t\t    <section class=\"white-section temp-article\">\n        <div class=\"section-inner\">\n            <h4>MONOLITH LAW MAGAZINE<\/h4>\n            <div class=\"articles type_practice_column\">\n                                                                    <div class=\"article article-area\">\n                        <figure>\n                            <div class=\"img-wrap\">\n                                <img alt=\"Un avocat explic\u0103 con\u021binutul 'Ghidului pentru operatorii de AI' al Ministerului Economiei, Comer\u021bului \u0219i Industriei\" src=\"https:\/\/monolith.law\/ro\/wp-content\/uploads\/sites\/32\/2025\/08\/e36600b5b611907cab776b37513c6f6e.webp\" width=\"500\" height=\"250\">\n                            <\/div>\n                            <figcaption>\n                                <div class=\"figcaption-inner\">\n                                    <h3>Un avocat explic\u0103 con\u021binutul 'Ghidului pentru operatorii de AI' al Ministerului .<\/h3>\n                                <\/div>\n                            <\/figcaption>\n                            <a href=\"https:\/\/monolith.law\/ro\/it\/ai-business-guidelines\"><\/a>\n                        <\/figure>\n                    <\/div>\n                                                    <div class=\"article article-area\">\n                        <figure>\n                            <div class=\"img-wrap\">\n                                <img alt=\"Legea de reglementare a IA \u00een UE \u0219i m\u0103surile necesare pentru companiile japoneze\" src=\"https:\/\/monolith.law\/ro\/wp-content\/uploads\/sites\/32\/2025\/08\/a1a29c01832a47f3d2c7dc6bfde10302.webp\" width=\"500\" height=\"250\">\n                            <\/div>\n                            <figcaption>\n                                <div class=\"figcaption-inner\">\n                                    <h3>Legea de reglementare a IA \u00een UE \u0219i m\u0103surile necesare pentru companiile japoneze<\/h3>\n                                <\/div>\n                            <\/figcaption>\n                            <a href=\"https:\/\/monolith.law\/ro\/it\/eu-ai-act\"><\/a>\n                        <\/figure>\n                    <\/div>\n                                                    <div class=\"article article-area\">\n                        <figure>\n                            <div class=\"img-wrap\">\n                                <img alt=\"Cerin\u021bele de guvernan\u021b\u0103 corporativ\u0103 necesare pentru listarea la NASDAQ\" src=\"https:\/\/monolith.law\/ro\/wp-content\/uploads\/sites\/32\/2025\/08\/19e0312b170969f265c8e568bdf254db.webp\" width=\"500\" height=\"250\">\n                            <\/div>\n                            <figcaption>\n                                <div class=\"figcaption-inner\">\n                                    <h3>Cerin\u021bele de guvernan\u021b\u0103 corporativ\u0103 necesare pentru listarea la NASDAQ<\/h3>\n                                <\/div>\n                            <\/figcaption>\n                            <a href=\"https:\/\/monolith.law\/ro\/it\/nasdaq-corporate-governance\"><\/a>\n                        <\/figure>\n                    <\/div>\n                                            <\/div>\n            <div class=\"btn-more\"><a href=\"https:\/\/monolith.law\/ro\/tag\/it\">Read More<\/a><\/div>\n        <\/div>\n    <\/section>\n\t<\/div>\n<\/section>\n\n<section class=\"orange2-section\">\n\t<div class=\"anchor\" id=\"fee-structure\"><\/div>\n\t<div class=\"section-inner\">\n\t\t<div class=\"planWrap\">\n\t\t\t<h3>Structura Taxelor<\/h3>\n\t\t\t<ul class=\"plan\">\n\t\t\t\t<li class=\"txt-left\">\n\t\t\t\t\t<div class=\"plan-inner\">\n\t\t\t\t\t<div class=\"plan-header\">\n\t\t\t\t\t\t<h4 class=\"plan-title\">Tarif Orar<\/h4>\n\t\t\t\t\t\t<div class=\"plan-price\">\n\t\t\t\t\t\t\t<div class=\"plan-price\"><span class=\"price-figure\">$300<\/span>pe or\u0103<span class=\"price-value\"><\/span><\/div>\n<\/div>\n\t\t\t\t\t<\/div>\n\t\t\t\t\t<div class=\"plan-body\">\n\t\t\t\t\t\t<p>\u00cen anumite cazuri, putem lua \u00een considerare acceptarea unui litigiu sau proces cu un onorariu ini\u021bial \u0219i un onorariu de succes. Pentru mai multe detalii, v\u0103 invit\u0103m s\u0103 ne contacta\u021bi. <\/p>\n\t\t\t\t\t\t<p><\/p>\n\t\t\t\t\t\t<p class=\"txt-s\"><\/p>\n\t\t\t\t\t<\/div>\n\t\t\t\t\t<\/div>\n\t\t\t\t<\/li>\n\t\t\t\t<li class=\"txt-left\">\n\t\t\t\t\t<div class=\"plan-inner\">\n\t\t\t\t\t<div class=\"plan-header\">\n\t\t\t\t\t\t<h4 class=\"plan-title\">Redactarea Contractelor<\/h4>\n\t\t\t\t\t\t<div class=\"plan-price\">\n\t\t\t\t\t\t<div class=\"plan-price\"><span class=\"price-value\">de la<\/span><span class=\"price-figure\">$500<\/span><span class=\"price-value\">p\u00e2n\u0103 la $2,000 sau mai mult<\/span><\/div>\n<\/div>\n\t\t\t\t\t<\/div>\n\t\t\t\t\t<div class=\"plan-body\">\n\t\t\t\t\t\t<p>The pricing structure is subject to variation based on the type and quantity of contracts. We are pleased to offer a preliminary estimate upon inquiry, thereby encouraging you to reach out to us for further details.\n<\/p>\n\t\t\t\t\t\t<p class=\"txt-s\"><\/p>\n\t\t\t\t\t<\/div>\n\t\t\t\t\t<\/div>\n\t\t\t\t<\/li>\n\t\t\t\t<li class=\"txt-left\">\n\t\t\t\t\t<div class=\"plan-inner\">\n\t\t\t\t\t<div class=\"plan-header\">\n\t\t\t\t\t<h4 class=\"plan-title\">Alte Servicii<\/h4>\n\t\t\t\t\t<div class=\"plan-price\">\n\t\t\t\t\t\t<div class=\"plan-price\"><span class=\"price-figure\">Contacta\u021bi-ne<\/span><\/div>\n\t\t\t\t\t<\/div>\n\t\t\t\t\t<div class=\"plan-body\">\n\t\t\t\t\t\t<p>Oferim o gam\u0103 larg\u0103 de servicii, inclusiv \u00eenfiin\u021barea de companii, revizuirea contractelor, opinii juridice, revizuirea cazurilor sau scrisori de cercetare. Dac\u0103 ave\u021bi \u00eentreb\u0103ri sau nel\u0103muriri, v\u0103 invit\u0103m cordial s\u0103 ne contacta\u021bi \u0219i echipa noastr\u0103 de exper\u021bi va fi bucuroas\u0103 s\u0103 v\u0103 asiste.<\/p>\n\t\t\t\t\t\t<p>\n<\/p>\n\t\t\t\t\t\t<p class=\"txt-s\"><\/p>\n\t\t\t\t\t<\/div>\n\t\t\t\t\t<\/div>\n\t\t\t\t<\/li>\n\t\t\t<\/ul>\n\t\t<\/div>\n\t<\/div>\n<\/section>\n<section class=\"white-section\">\n\t<div class=\"section-inner\">\n\t\t<div class=\"btn-area\">\n\t\t\t<div class=\"btn icon-contact\"><a href=\"\/ro\/contact\">Contacta\u021bi-ne<\/a><\/div>\n\t\t<\/div>\n\t<\/div>\n<\/section>\n","protected":false},"excerpt":{"rendered":"<p>IT \u00centr-o societate unde tehnologia continu\u0103 s\u0103 evolueze rapid, o \u00een\u021belegere profund\u0103 a IT-ului \u0219i a propriet\u0103\u021bii intelectuale ale unei companii este crucial\u0103 pentru avoca\u021bii corporativi din Japonia.  [&hellip;]<\/p>\n","protected":false},"author":1,"featured_media":57140,"parent":0,"menu_order":0,"comment_status":"closed","ping_status":"closed","template":"non-other-page-temp.php","meta":{"footnotes":""},"acf":[],"_links":{"self":[{"href":"https:\/\/monolith.law\/ro\/wp-json\/wp\/v2\/pages\/56075"}],"collection":[{"href":"https:\/\/monolith.law\/ro\/wp-json\/wp\/v2\/pages"}],"about":[{"href":"https:\/\/monolith.law\/ro\/wp-json\/wp\/v2\/types\/page"}],"author":[{"embeddable":true,"href":"https:\/\/monolith.law\/ro\/wp-json\/wp\/v2\/users\/1"}],"replies":[{"embeddable":true,"href":"https:\/\/monolith.law\/ro\/wp-json\/wp\/v2\/comments?post=56075"}],"version-history":[{"count":34,"href":"https:\/\/monolith.law\/ro\/wp-json\/wp\/v2\/pages\/56075\/revisions"}],"predecessor-version":[{"id":72875,"href":"https:\/\/monolith.law\/ro\/wp-json\/wp\/v2\/pages\/56075\/revisions\/72875"}],"wp:featuredmedia":[{"embeddable":true,"href":"https:\/\/monolith.law\/ro\/wp-json\/wp\/v2\/media\/57140"}],"wp:attachment":[{"href":"https:\/\/monolith.law\/ro\/wp-json\/wp\/v2\/media?parent=56075"}],"curies":[{"name":"wp","href":"https:\/\/api.w.org\/{rel}","templated":true}]}}