{"id":56080,"date":"2023-11-05T23:50:59","date_gmt":"2023-11-05T14:50:59","guid":{"rendered":"https:\/\/monolith.law\/ro\/?page_id=56080"},"modified":"2026-03-24T00:30:52","modified_gmt":"2026-03-23T15:30:52","slug":"internet","status":"publish","type":"page","link":"https:\/\/monolith.law\/ro\/internet","title":{"rendered":"Internet"},"content":{"rendered":"\n<section class=\"heading-area\">\n\t<div class=\"heading-area-inner\">\n\t\t<h2 class=\"icon-internet\">Internet<\/h2>\n\t\t<p>Ca un birou de avocatur\u0103 cu o expertiz\u0103 solid\u0103 \u00een IT, avem un istoric dovedit \u00een oferirea de suport juridic cuprinz\u0103tor antreprenorilor din industria internetului, inclusiv YouTuberilor. Ne specializ\u0103m \u0219i \u00een gestionarea disputelor legate de platformele online \u0219i am asistat cu succes clien\u021bi \u00een eliminarea paginilor web negative \u0219i rezolvarea conflictelor online.<\/p>\n\t<\/div>\n<\/section>\n\n<section class=\"white-section\">\n\t<div class=\"section-inner pdt0  border-bottom-section\">\n\t\t<p class=\"mgb-small\">MONOLITH LAW OFFICE, cu experien\u021ba sa vast\u0103 \u00een problemele juridice legate de IT, este deosebit de competent\u0103 \u00een sprijinirea afacerilor bazate pe internet, inclusiv a YouTuberilor \u0219i companiilor implicate \u00een activit\u0103\u021bi legate de YouTube.<\/p>\n\t\t<p>\u00cen\u021belegem riscurile inerente asociate cu internetul, cum ar fi paginile web negative \u0219i post\u0103rile pe forumurile online. Biroul nostru a gestionat cu succes numeroase cazuri care implic\u0103 managementul reputa\u021biei online pentru o gam\u0103 divers\u0103 de clien\u021bi, de la persoane individuale la corpora\u021bii mari. Paginile web negative reprezint\u0103 o provocare juridic\u0103 unic\u0103 \u00een Japonia, iar avoca\u021bii no\u0219tri califica\u021bi sunt preg\u0103ti\u021bi s\u0103 ofere solu\u021bii eficiente. Suntem dornici s\u0103 v\u0103 consult\u0103m, valorific\u00e2nd expertiza \u0219i experien\u021ba noastr\u0103 \u00een rezolvarea problemelor legate de paginile web negative.<\/p>\n\t<\/div>\n<\/section>\n\n<section class=\"second-nav\">\n\t<div class=\"second-nav-inner\">\n\t\t<p>SUBIECTE<\/p>\n\t\t<nav>\n\t\t\t<ul>\n\t\t\t\t<li><a href=\"#legal-support-for-youtuber\">Suport Juridic pentru YouTuber<\/a><\/li>\n\t\t\t\t<li><a href=\"#legal-support-for-vtuber\">Suport Juridic pentru VTuber<\/a><\/li>\n\t\t\t\t<li><a href=\"#manda-of-sns-accounts\">M&amp;A al Conturilor SNS<\/a><\/li>\n\t\t\t\t<li><a href=\"#mitigating-reputational-damage\">Atenuarea Daunelor de Reputa\u021bie<\/a><\/li>\n\t\t\t\t<li><a href=\"#id-of-the-defamatory-statement\">Identificarea Declara\u021biilor Def\u0103im\u0103toare<\/a><\/li>\n\t\t\t\t<li><a href=\"#corporate-reputation-management\">Gestionarea Reputa\u021biei Corporative<\/a><\/li>\n\t\t\t\t<li><a href=\"#removal-of-past-unwanted-info\">Eliminarea Informa\u021biilor Nedorite din Trecut<\/a><\/li>\n\t\t\t\t<li><a href=\"#monolith-law-magazine\">MONOLITH LAW MAGAZINE<\/a><\/li>\n\t\t\t\t<li><a href=\"#fee-structure\">Structura Taxelor<\/a><\/li>\n\t\t\t<\/ul>\n\t\t<\/nav>\n\t<\/div>\n<\/section>\n\n<section class=\"purple-section mgt-section\">\n\t<div class=\"anchor\" id=\"legal-support-for-youtuber\"><\/div>\n\t<div class=\"section-inner\">\n\t\t<div class=\"flex\">\n\t\t\t<div class=\"width41\"><img decoding=\"async\" src=\"\/wp-content\/themes\/monolith2021\/img\/pic\/pic_practices-youtuberlaw.jpg\" alt=\"Suport Juridic pentru YouTuber\"><\/div>\n\t\t\t<div class=\"width51\">\n\t\t\t\t<h3>Suport Juridic pentru YouTuber<\/h3>\n\t\t\t\t<p class=\"mgb-small\">Canalele de YouTube gestionate de agen\u021biile de YouTuberi, companiile care opereaz\u0103 YouTuberi Virtuali (VTuberi), \u0219i companiile de afaceri au nevoie de consilieri juridici cu cuno\u0219tin\u021be specializate \u0219i experien\u021b\u0103 \u00een Japonia.<\/p>\n\t\t\t\t<p class=\"mgb-middle\">Clien\u021bii no\u0219tri includ companii mari japoneze de management al YouTuberilor, YouTuberi individuali proeminen\u021bi, \u0219i diverse companii de management al afacerilor VTuber din Japonia. De asemenea, oferim suport foarte specializat \u00een redactarea \u0219i revizuirea contractelor legate de YouTuberi \u0219i VTuberi \u0219i \u00een abordarea problemelor juridice legate de crearea de videoclipuri \u00een Japonia.<\/p>\n\t\t\t\t<div class=\"btn-area align-left\">\n\t\t\t\t\t<div class=\"btn icon-legal-support-for-youtuber\"><a href=\"\/ro\/legal-support-for-youtuber\/\">Suport Juridic<br>pentru YouTuberi<\/a><\/div>\n\t\t\t\t<\/div>\n\t\t\t<\/div>\n\t\t<\/div>\n\t<\/div>\n<\/section>\n\n<section class=\"white-section\">\n\t<div class=\"anchor\" id=\"legal-support-for-vtuber\"><\/div>\n\t<div class=\"section-inner\">\n\t\t<div class=\"flex reverse\">\n\t\t\t<div class=\"width41\"><img decoding=\"async\" src=\"\/wp-content\/themes\/monolith2021\/img\/vtuberlaw\/pic_practices-vtuberlaw.jpg\" alt=\"Suport Juridic pentru VTuber\"><\/div>\n\t\t\t<div class=\"width51\">\n\t\t\t\t<h3>Suport Juridic pentru VTuber<\/h3>\n\t\t\t\t<p class=\"mgb-small\">Popularitatea VTuberilor, YouTuberi care folosesc avatare 2D sau 3D pentru a crea videoclipuri \u0219i transmisiuni live, s-a consolidat. A \u00eenceput \u00een Japonia \u0219i s-a r\u0103sp\u00e2ndit acum \u00een \u021b\u0103ri din \u00eentreaga lume.<\/p>\n\t\t\t\t<p class=\"mgb-middle\">Din 2017, ne ocup\u0103m de problemele juridice ale VTuberilor \u00een Japonia, \u0219i am acumulat o experien\u021b\u0103 bogat\u0103 \u0219i un palmares solid. Ne angaj\u0103m pe deplin s\u0103 oferim suport cuprinz\u0103tor VTuberilor \u0219i companiilor \u0219i agen\u021biilor lor afiliate la nivel mondial.<\/p>\n\t\t\t\t<div class=\"btn-area align-left\">\n\t\t\t\t\t<div class=\"btn icon-legal-support-for-vtuber\"><a href=\"\/ro\/legal-support-for-vtuber\/\">Suport Juridic<br>pentru VTuber<\/a><\/div>\n\t\t\t\t<\/div>\n\t\t\t<\/div>\n\t\t<\/div>\n\t<\/div>\n<\/section>\n\n<section class=\"white-section\">\n\t<div class=\"anchor\" id=\"manda-of-sns-accounts\"><\/div>\n\t<div class=\"section-inner\">\n\t\t<div class=\"flex\">\n\t\t\t<div class=\"width41\"><img decoding=\"async\" src=\"\/wp-content\/themes\/monolith2021\/img\/pic\/pic_sns_manda.jpg\" alt=\"M&amp;A of SNS accounts\"><\/div>\n\t\t\t<div class=\"width51\">\n\t\t\t\t<h3>M&amp;A al Conturilor SNS<\/h3>\n\t\t\t\t<p class=\"mgb-small\">Similar cu site-urile web, canalele YouTube \u0219i conturile Twitter sunt, de asemenea, supuse fuziunilor \u0219i achizi\u021biilor. Cu toate acestea, deoarece aceste fuziuni \u0219i achizi\u021bii sunt cazuri speciale, este necesar un birou de avocatur\u0103 cu cuno\u0219tin\u021be \u0219i know-how specializate. MONOLITH LAW OFFICE este un birou de avocatur\u0103 specializat \u00een IT, internet \u0219i afaceri. Avoca\u021bii no\u0219tri se ocup\u0103 de tot, de la redactarea contractelor p\u00e2n\u0103 la due diligence (DD) pentru multe fuziuni \u0219i achizi\u021bii, de la proiecte mici care implic\u0103 canale YouTube p\u00e2n\u0103 la proiecte care dep\u0103\u0219esc 100 de milioane de yeni.<\/p>\n\t\t\t\t<div class=\"btn-area align-left\">\n\t\t\t\t\t<div class=\"btn icon-m-and-a-of-sns-accounts\"><a href=\"\/ro\/m-and-a-of-sns-accounts\/\">Fuziuni \u0219i achizi\u021bii ale conturilor SNS<\/a><\/div>\n\t\t\t\t<\/div>\n\n\t\t\t<\/div>\n\t\t<\/div>\n\t<\/div>\n<\/section>\n\n<section class=\"purple-section\">\n\t<div class=\"anchor\" id=\"mitigating-reputational-damage\"><\/div>\n\t<div class=\"section-inner\">\n\t\t<div class=\"flex reverse\">\n\t\t\t<div class=\"width41\"><img decoding=\"async\" src=\"\/wp-content\/themes\/monolith2021\/img\/pic\/pic_practices-reputation.jpg\" alt=\"Mitigating Reputational Damage\"><\/div>\n\t\t\t<div class=\"width51\">\n\t\t\t\t<h3>Atenuarea Daunelor de Reputa\u021bie<\/h3>\n\t\t\t\t<p class=\"mgb-small\">Paginile web negative care lanseaz\u0103 atacuri asupra companiilor sau persoanelor individuale pot avea efecte d\u0103un\u0103toare asupra reputa\u021biei acestora. Cu toate acestea, legisla\u021bia japonez\u0103 ofer\u0103 prevederi pentru eliminarea unor astfel de pagini web dac\u0103 acestea constituie def\u0103imare sau \u00eenc\u0103lcare a vie\u021bii private. La MONOLITH LAW OFFICE, ne specializ\u0103m \u00een probleme legale legate de internet \u0219i am gestionat cu succes numeroase cazuri care implic\u0103 eliminarea informa\u021biilor d\u0103un\u0103toare de pe internet.<\/p>\n\t\t\t\t<p class=\"mgb-middle\">Cu experien\u021ba noastr\u0103 solid\u0103 \u00een domeniul internetului \u0219i o \u00een\u021belegere profund\u0103 a principiilor legale japoneze, echipa noastr\u0103 dedicat\u0103 a asistat o gam\u0103 larg\u0103 de clien\u021bi, inclusiv corpora\u021bii mari \u0219i persoane individuale, \u00een combaterea eficient\u0103 a paginilor web negative. Prin interven\u021bii legale strategice, lucr\u0103m cu s\u00e2rguin\u021b\u0103 pentru a proteja reputa\u021biile clien\u021bilor no\u0219tri \u0219i pentru a atenua daunele cauzate de con\u021binutul def\u0103im\u0103tor sau care invadeaz\u0103 via\u021ba privat\u0103.<\/p>\n\t\t\t\t<div class=\"btn-area align-left\">\n\t\t\t\t\t<div class=\"btn icon-mitigating-reputational-damage\"><a href=\"\/ro\/mitigating-reputational-damage\/\">Atenuarea Daunelor<br>de Reputa\u021bie<\/a><\/div>\n\t\t\t\t<\/div>\n\t\t\t<\/div>\n\t\t<\/div>\n\t<\/div>\n<\/section>\n\n<section class=\"white-section\">\n\t<div class=\"anchor\" id=\"id-of-the-defamatory-statement\"><\/div>\n\t<div class=\"section-inner\">\n\t\t<div class=\"flex\">\n\t\t\t<div class=\"width41\"><img decoding=\"async\" src=\"\/wp-content\/themes\/monolith2021\/img\/pic\/pic_reputation.jpg\" alt=\"ID of the Defamatory Statement Source\"><\/div>\n\t\t\t<div class=\"width51\">\n\t\t\t\t<h3>Identificarea Declara\u021biilor Def\u0103im\u0103toare<\/h3>\n\t\t\t\t<p class=\"mgb-small\">Conform legii japoneze, identificarea persoanelor responsabile pentru post\u0103ri ilegale, cum ar fi cele care constituie def\u0103imare, poate fi urm\u0103rit\u0103 prin prevederile Legii Japoneze de Limitare a R\u0103spunderii Furnizorului. Aceast\u0103 procedur\u0103 legal\u0103 se desf\u0103\u0219oar\u0103 \u00eentr-un tribunal japonez.<\/p>\n\t\t\t\t<p class=\"mgb-middle\">\u00cen cazurile care implic\u0103 post\u0103ri extrem de r\u0103u inten\u021bionate care nu pot fi trecute cu vederea, cum ar fi acuza\u021biile false care leag\u0103 un proprietar de afaceri de for\u021be antisociale, este crucial s\u0103 identific\u0103m autorii \u0219i s\u0103 c\u0103ut\u0103m sanc\u021biuni legale adecvate. \u00cen plus, atunci c\u00e2nd apar post\u0103ri ilegale \u00een mod persistent, ar trebui f\u0103cute eforturi pentru a identifica \u0219i preveni recuren\u021ba.<\/p>\n\t\t\t\t<div class=\"btn-area align-left\">\n\t\t\t\t\t<div class=\"btn icon-id-of-the-defamatory-statement\"><a href=\"\/ro\/id-of-the-defamatory-statement\/\">Identificarea Declara\u021biei<br>Def\u0103im\u0103toare<\/a><\/div>\n\t\t\t\t<\/div>\n\t\t\t<\/div>\n\t\t<\/div>\n\t<\/div>\n<\/section>\n\n<section class=\"orange-section\">\n\t<div class=\"anchor\" id=\"corporate-reputation-management\"><\/div>\n\t<div class=\"section-inner\">\n\t\t<div class=\"flex reverse\">\n\t\t\t<div class=\"width41\"><img decoding=\"async\" src=\"\/en\/wp-content\/uploads\/sites\/6\/2023\/06\/pic_practices-listedcompany.jpg\" alt=\"Managementul Reputa\u021biei Corporative\"><\/div>\n\t\t\t<div class=\"width51\">\n\t\t\t\t<h3>Gestionarea Reputa\u021biei Corporative<\/h3>\n\t\t\t\t<p class=\"mgb-small\">C\u00e2nd o companie mare se confrunt\u0103 cu deteriorarea reputa\u021biei din cauza numeroaselor pagini web negative pe Internet, abordarea problemei devine complex\u0103. Stabilirea priorit\u0103\u021bilor pentru paginile de eliminat \u0219i evaluarea cost-eficien\u021bei eforturilor de eliminare reprezint\u0103 provoc\u0103ri semnificative. Ca birou de avocatur\u0103 dotat at\u00e2t cu expertiz\u0103 juridic\u0103, c\u00e2t \u0219i cu consultan\u021b\u0103 IT, oferim solu\u021bii cuprinz\u0103toare adaptate acestor scenarii complexe de probleme.<\/p>\n\t\t\t\t<p>Echipa noastr\u0103 de avoca\u021bi \u0219i consultan\u021bi IT ofer\u0103 expertiz\u0103 \u00een stabilirea priorit\u0103\u021bilor, proiectarea indicatorilor cheie de performan\u021b\u0103 (KPI) \u0219i estimarea raporturilor cost-beneficiu \u00een rela\u021bie cu alocarea bugetului. Abord\u0103m situa\u021bia similar firmelor de consultan\u021b\u0103, oferind \u00eendrumare strategic\u0103 \u0219i analiz\u0103 pentru a naviga eficient procesul.<\/p>\n\t\t\t<\/div>\n\t\t<\/div>\n\t<\/div>\n<\/section>\n\n<section class=\"white-section\">\n\t<div class=\"anchor\" id=\"removal-of-past-unwanted-info\"><\/div>\n\t<div class=\"section-inner\">\n\t\t<div class=\"flex\">\n\t\t\t<div class=\"width41\"><img decoding=\"async\" src=\"\/en\/wp-content\/uploads\/sites\/6\/2023\/06\/pastunwantedcontent.jpg\" alt=\"Eliminarea con\u021binutului nedorit din trecut\"><\/div>\n\t\t\t<div class=\"width51\">\n\t\t\t\t<h3>Eliminarea Informa\u021biilor Nedorite din Trecut<\/h3>\n\t\t\t\t<p class=\"mgb-small\">MONOLITH LAW OFFICE se specializeaz\u0103 \u00een rezolvarea provoc\u0103rii gestion\u0103rii prezen\u021bei online, \u00een special pentru persoanele implicate \u00een industria divertismentului. \u00cen\u021belegem c\u0103 informa\u021biile, at\u00e2t cele oficiale c\u00e2t \u0219i cele neoficiale, pot avea un impact durabil asupra vie\u021bii personale \u0219i profesionale. Biroul nostru ofer\u0103 solu\u021bii cuprinz\u0103toare pentru a aborda aceste preocup\u0103ri, utiliz\u00e2nd o combina\u021bie unic\u0103 de expertiz\u0103 juridic\u0103 \u0219i tehnologia informa\u021biei. Fie c\u0103 este vorba de eliminarea con\u021binutului nedorit, gestionarea amprentelor digitale sau navigarea \u00een problemele &#8220;dreptului de a fi uitat&#8221;, oferim o solu\u021bie unic\u0103 pentru a proteja reputa\u021bia dvs. online.<\/p>\n\t\t\t\t<p>\u00cencredin\u021ba\u021bi-v\u0103 MONOLITH LAW OFFICE pentru a v\u0103 proteja confiden\u021bialitatea \u0219i pentru a asigura o tranzi\u021bie f\u0103r\u0103 probleme c\u0103tre viitoarele dvs. \u00eencerc\u0103ri.<\/p>\n\t\t\t<\/div>\n\t\t<\/div>\n\t<\/div>\n<\/section>\n\n<section class=\"purple2-section\">\n\t<div class=\"anchor\" id=\"monolith-law-magazine\"><\/div>\n\t<div class=\"section-inner\">\n\t\t    <section class=\"white-section temp-article\">\n        <div class=\"section-inner\">\n            <h4>MONOLITH LAW MAGAZINE<\/h4>\n            <div class=\"articles type_practice_column\">\n                                                                    <div class=\"article article-area\">\n                        <figure>\n                            <div class=\"img-wrap\">\n                                <img alt=\"P\u00e2n\u0103 unde este permis\u0103 asem\u0103narea m\u0103rcilor comerciale? Explicarea criteriilor de similaritate \u0219i a cazurilor de \u00eenc\u0103lcare a drepturilor de marc\u0103 comercial\u0103\" src=\"https:\/\/monolith.law\/ro\/wp-content\/uploads\/sites\/32\/2025\/08\/eac576e0765af2cac6d210d899b2d93d.webp\" width=\"500\" height=\"250\">\n                            <\/div>\n                            <figcaption>\n                                <div class=\"figcaption-inner\">\n                                    <h3>P\u00e2n\u0103 unde este permis\u0103 asem\u0103narea m\u0103rcilor comerciale? Explicarea criteriilor de.<\/h3>\n                                <\/div>\n                            <\/figcaption>\n                            <a href=\"https:\/\/monolith.law\/ro\/internet\/trademark-infringement\"><\/a>\n                        <\/figure>\n                    <\/div>\n                                                    <div class=\"article article-area\">\n                        <figure>\n                            <div class=\"img-wrap\">\n                                <img alt=\"Care sunt responsabilit\u0103\u021bile legale pentru r\u0103sp\u00e2ndirea \u0219i difuzarea de informa\u021bii false? Explicarea a dou\u0103 tipuri de responsabilitate penal\u0103 prin exemple de arest\u0103ri\" src=\"https:\/\/monolith.law\/ro\/wp-content\/uploads\/sites\/32\/2025\/08\/7d8b9299c2a15a801c04913ba0d80d99.webp\" width=\"500\" height=\"250\">\n                            <\/div>\n                            <figcaption>\n                                <div class=\"figcaption-inner\">\n                                    <h3>Care sunt responsabilit\u0103\u021bile legale pentru r\u0103sp\u00e2ndirea \u0219i difuzarea de informa\u021bi.<\/h3>\n                                <\/div>\n                            <\/figcaption>\n                            <a href=\"https:\/\/monolith.law\/ro\/internet\/false-information-criminal-liability\"><\/a>\n                        <\/figure>\n                    <\/div>\n                                                    <div class=\"article article-area\">\n                        <figure>\n                            <div class=\"img-wrap\">\n                                <img alt=\"\u00cenv\u0103\u021b\u00e2nd despre \u00eenc\u0103lcarea drepturilor de brevet \u0219i importan\u021ba principiului teritorialit\u0103\u021bii din cazul de litigiu \u00eentre Dwango \u0219i FC2\" src=\"https:\/\/monolith.law\/ro\/wp-content\/uploads\/sites\/32\/2025\/08\/3d197fbdd689457ec22de396ff65b2df.webp\" width=\"500\" height=\"250\">\n                            <\/div>\n                            <figcaption>\n                                <div class=\"figcaption-inner\">\n                                    <h3>\u00cenv\u0103\u021b\u00e2nd despre \u00eenc\u0103lcarea drepturilor de brevet \u0219i importan\u021ba principiului teri.<\/h3>\n                                <\/div>\n                            <\/figcaption>\n                            <a href=\"https:\/\/monolith.law\/ro\/internet\/patent-infringement-territoriality\"><\/a>\n                        <\/figure>\n                    <\/div>\n                                            <\/div>\n            <div class=\"btn-more\"><a href=\"https:\/\/monolith.law\/ro\/tag\/internet\">Read More<\/a><\/div>\n        <\/div>\n    <\/section>\n\t<\/div>\n<\/section>\n\n<section class=\"orange2-section\">\n\t<div class=\"anchor\" id=\"fee-structure\"><\/div>\n\t<div class=\"section-inner\">\n\t<div class=\"planWrap\">\n\t<h3>Structura<br>Taxelor<\/h3>\n\t<ul class=\"plan\">\n\t\t<li class=\"txt-left\">\n\t\t\t<div class=\"plan-inner\">\n\t\t\t<div class=\"plan-header\">\n\t\t\t<h4 class=\"plan-title\">Tarif Orar<\/h4>\n\t\t\t<div class=\"plan-price\"><span class=\"price-figure\">$300<\/span>pe or\u0103<span class=\"price-tax\"><\/span><\/div>\n\t\t\t<\/div>\n\t\t\t<div class=\"plan-body\">\u00cen anumite cazuri, putem lua \u00een considerare acceptarea unui litigiu sau proces cu un onorariu ini\u021bial \u0219i un onorariu de succes. Pentru mai multe detalii, v\u0103 invit\u0103m s\u0103 ne contacta\u021bi.<\/div>\n\t\t\t<\/div>\n\t\t<\/li>\n\t\t<li class=\"txt-left\">\n\t\t\t<div class=\"plan-inner\">\n\t\t\t<div class=\"plan-header\">\n\t\t\t<h4 class=\"plan-title\">Redactarea Contractelor<\/h4>\n\t\t\t<div class=\"plan-price\"><span class=\"price-value\">de la<\/span><span class=\"price-figure\">$500<\/span><span class=\"price-value\">p\u00e2n\u0103 la $2,000 sau mai mult<\/span><span class=\"price-tax\"><\/span><\/div>\n\t\t\t<\/div>\n\t\t\t<div class=\"plan-body\">Structura de pre\u021buri poate varia \u00een func\u021bie de tipul \u0219i cantitatea contractelor. Suntem \u00eenc\u00e2nta\u021bi s\u0103 oferim o estimare preliminar\u0103 la cerere, \u00eencuraj\u00e2ndu-v\u0103 astfel s\u0103 ne contacta\u021bi pentru detalii suplimentare.<\/div>\n\t\t\t<\/div>\n\t\t<\/li>\n\t\t<li class=\"txt-left\">\n\t\t\t<div class=\"plan-inner\">\n\t\t\t<div class=\"plan-header\">\n\t\t\t<h4 class=\"plan-title\">Alte Servicii<\/h4>\n\t\t\t<div class=\"plan-price\"><span class=\"price-figure\">Contacta\u021bi-ne<\/span><\/div>\n\t\t\t<\/div>\n\t\t\t<div class=\"plan-body\">Oferim o gam\u0103 larg\u0103 de servicii, inclusiv \u00eenfiin\u021barea de companii, revizuirea contractelor, opinii juridice, revizuirea cazurilor sau scrisori de cercetare. Dac\u0103 ave\u021bi \u00eentreb\u0103ri sau nel\u0103muriri, v\u0103 invit\u0103m cordial s\u0103 ne contacta\u021bi \u0219i echipa noastr\u0103 de exper\u021bi va fi bucuroas\u0103 s\u0103 v\u0103 asiste.<\/div>\n\t\t\t<\/div>\n\t\t\t<\/div>\n\t\t<\/li>\n\t<\/ul>\n\t<\/div>\n\t<\/div>\n<\/section>\n\n<section class=\"white-section\">\n\t<div class=\"section-inner\">\n\t\t<div class=\"btn-area\">\n\t\t\t<div class=\"btn icon-contact\"><a href=\"\/ro\/contact\">Contacta\u021bi-ne<\/a><\/div>\n\t\t<\/div>\n\t<\/div>\n<\/section>\n","protected":false},"excerpt":{"rendered":"<p>Internet Ca un birou de avocatur\u0103 cu o expertiz\u0103 solid\u0103 \u00een IT, avem un istoric dovedit \u00een oferirea de suport juridic cuprinz\u0103tor antreprenorilor din industria internetului, inclusiv YouTuberilor. Ne s [&hellip;]<\/p>\n","protected":false},"author":1,"featured_media":57159,"parent":0,"menu_order":0,"comment_status":"closed","ping_status":"closed","template":"other-page-temp.php","meta":{"footnotes":""},"acf":[],"_links":{"self":[{"href":"https:\/\/monolith.law\/ro\/wp-json\/wp\/v2\/pages\/56080"}],"collection":[{"href":"https:\/\/monolith.law\/ro\/wp-json\/wp\/v2\/pages"}],"about":[{"href":"https:\/\/monolith.law\/ro\/wp-json\/wp\/v2\/types\/page"}],"author":[{"embeddable":true,"href":"https:\/\/monolith.law\/ro\/wp-json\/wp\/v2\/users\/1"}],"replies":[{"embeddable":true,"href":"https:\/\/monolith.law\/ro\/wp-json\/wp\/v2\/comments?post=56080"}],"version-history":[{"count":32,"href":"https:\/\/monolith.law\/ro\/wp-json\/wp\/v2\/pages\/56080\/revisions"}],"predecessor-version":[{"id":72890,"href":"https:\/\/monolith.law\/ro\/wp-json\/wp\/v2\/pages\/56080\/revisions\/72890"}],"wp:featuredmedia":[{"embeddable":true,"href":"https:\/\/monolith.law\/ro\/wp-json\/wp\/v2\/media\/57159"}],"wp:attachment":[{"href":"https:\/\/monolith.law\/ro\/wp-json\/wp\/v2\/media?parent=56080"}],"curies":[{"name":"wp","href":"https:\/\/api.w.org\/{rel}","templated":true}]}}