{"id":25864,"date":"2023-11-11T23:30:39","date_gmt":"2023-11-11T14:30:39","guid":{"rendered":"https:\/\/monolith.law\/?page_id=25864"},"modified":"2024-01-29T13:05:37","modified_gmt":"2024-01-29T04:05:37","slug":"access","status":"publish","type":"page","link":"https:\/\/monolith.law\/sv\/access","title":{"rendered":"\u00c5tkomst"},"content":{"rendered":"\n<section class=\"heading-area\">\n\t<div class=\"heading-area-inner\">\n\t\t<h2 class=\"icon-access\">\u00c5tkomst<\/h2>\n\t<\/div>\n<\/section>\n<section class=\"second-nav\">\n\t<div class=\"second-nav-inner\">\n\t\t<p>\u00c4MNEN<\/p>\n\t\t<nav>\n\t\t\t<ul>\n\t\t\t\t<li><a href=\"#law-firm-with-strength-in-it-internet-and-business\">Juridisk byr\u00e5 med styrka inom IT, Internet och aff\u00e4rsverksamhet<\/a><\/li>\n\t\t\t\t<li><a href=\"#access-map\">\u00c5tkomstkarta<\/a><\/li>\n\t\t\t\t<li><a href=\"#expansion-and-relocation-to-otemachi-financial-city\">Expansion och flytt till Otemachi Financial City<\/a><\/li>\n\t\t\t<\/ul>\n\t\t<\/nav>\n\t<\/div>\n<\/section>\n<section class=\"white-section\">\n\t<div class=\"anchor\" id=\"law-firm-with-strength-in-it-internet-and-business\"><\/div>\n\t<div class=\"section-inner\">\n\t\t<div class=\"flex\">\n\t\t\t<div class=\"width41\"><img decoding=\"async\" src=\"\/wp-content\/themes\/monolith2021\/img\/access\/access_pic1.jpg\" alt=\"Juridisk byr\u00e5 med styrka inom IT, Internet och aff\u00e4rsverksamhet\"><\/div>\n\t\t\t<div class=\"width51\">\n\t\t\t\t<h3>Advokatbyr\u00e5 med styrka inom<br>IT, internet och aff\u00e4rer.<\/h3>\n\t\t\t\t<p class=\"mgb-small\">MONOLITH LAW OFFICE \u00e4r en advokatbyr\u00e5 bel\u00e4gen i Otemachi, Chiyoda-ku, Tokyo, Japan. Byr\u00e5n har direkt anslutning till Otemachi Station och ligger en 7 minuters promenad fr\u00e5n Tokyo Station.<\/p>\n\t\t\t\t<p class=\"mgb-small\">Vi har agerat som juridiska r\u00e5dgivare (inklusive olika avtal med styrelseledam\u00f6ter, verkst\u00e4llande direkt\u00f6rer, etc.) f\u00f6r 1087 f\u00f6retag, fr\u00e5n f\u00f6retag noterade p\u00e5 TSE Prime till f\u00f6retag i seed-stadiet. V\u00e5rt arbete relaterat till IT\/internet inkluderar f\u00f6rebyggande av ryktesskador, anti-diffamering och tvister relaterade till systemutveckling. Vi tillhandah\u00e5ller \u00e4ven juridiska tj\u00e4nster relaterade till startup-f\u00f6retag, vilket inkluderar investeringar p\u00e5 100 miljoner yen eller mer fr\u00e5n f\u00f6retag noterade p\u00e5 TSE och M&#038;A av venturef\u00f6retag. Vi har tillhandah\u00e5llit juridiska tj\u00e4nster till 1855 klienter hittills.<\/p>\n\t\t\t\t<p class=\"mgb-middle\">&#8220;Att f\u00f6rst\u00e5 IT och aff\u00e4rer&#8221; \u00e4r det som g\u00f6r oss speciella.<\/p>\n\t\t\t\t<div class=\"btn-area\">\n\t\t\t\t\t<div class=\"btn icon-services\"><a href=\"\/sv\/services\">Tj\u00e4nster<\/a><\/div>\n\t\t\t\t\t<div class=\"btn icon-overview-of-our-firm\"><a href=\"\/sv\/overview-of-our-firm\">\u00d6versikt av V\u00e5r Byr\u00e5<\/a><\/div>\n\t\t\t\t<\/div>\n\t\t\t<\/div>\n\t\t<\/div>\n\t<\/div>\n<\/section>\n<section class=\"purple-section\">\n\t<div class=\"anchor\" id=\"access-map\"><\/div>\n\t<div class=\"section-inner\">\n\t\t<div class=\"flex reverse\">\n\t\t\t<div class=\"width41\"><img decoding=\"async\" src=\"\/wp-content\/themes\/monolith2021\/img\/about\/about_pic2.jpg\" alt=\"MONOLITH LAW OFFICE\"><\/div>\n\t\t\t<div class=\"width51\">\n\t\t\t\t<h3>MONOLITH LAW OFFICE (Otemachi-kontoret)<\/h3>\n\t\t\t\t<p><a href=\"https:\/\/goo.gl\/maps\/YfcgPhBgXFyg1hHF6\" target=\"_blank\" rel=\"noopener noreferrer\">21\/F Financial City North Tower 1-9-5 Otemachi, Chiyoda-ku Tokyo 100-0004, Japan <\/a><\/p>\n\t\t\t\t<p>Tokyo Metro Marunouchi-linjen, Tozai-linjen, Chiyoda-linjen, Hanzomon-linjen, Toei Subway Mita-linjen<\/p>\n\t\t\t\t<p class=\"mgb-small\"><a href=\"https:\/\/www.tokyometro.jp\/station\/otemachi\/yardmap\/index.html\" target=\"_blank\" rel=\"noopener noreferrer\">Direkt\u00e5tkomst fr\u00e5n utg\u00e5ng A1 vid Otemachi Station<\/a><\/p>\n\t\t\t\t<p>Shinkansen: Tohoku Shinkansen, Joetsu Shinkansen, Hokuriku Shinkansen, Hokkaido Shinkansen, Yamagata Shinkansen, Akita Shinkansen, JR Tokaido-linjen, Keihin Tohoku-linjen, Yamanote-linjen, Chuo-linjen, Yokosuka-linjen, Keiyo-linjen, Tokyo Metro Marunouchi-linjen<\/p>\n\t\t\t\t<p class=\"mgb-small\"><a href=\"https:\/\/www.tokyometro.jp\/station\/tokyo\/index.html\" target=\"_blank\" rel=\"noopener noreferrer\">7 minuters promenad fr\u00e5n Tokyo Station Marunouchi North Exit<\/a><\/p>\n\t\t\t\t<p>Otemachi Financial Citys parkeringsplats<\/p>\n\t\t\t\t<p class=\"mgb-middle\"><a href=\"https:\/\/www.otemachi-financialcity.jp\/access\/\">1-9-5, 1-9-7, Otemachi, Chiyoda-ku, Tokyo<\/a><\/p>\n\t\t\t\t<div class=\"btn-area align-left\">\n\t\t\t\t\t<div class=\"btn icon-contact\"><a href=\"\/sv\/contact\">Kontakta oss<\/a><\/div>\n\t\t\t\t<\/div>\n\t\t\t<\/div>\n\t\t<\/div>\n\t<\/div>\n<\/section>\t \n<section class=\"google-maps\"><iframe src=\"https:\/\/www.google.com\/maps\/embed?pb=!1m14!1m8!1m3!1d6480.976676769898!2d139.7597063!3d35.6895987!3m2!1i1024!2i768!4f13.1!3m3!1m2!1s0x60188cec724a6ae9%3A0x6efbadeb18528c88!2sMonolith%20Law%20Office!5e0!3m2!1ssv!2sjp!4v1706501100356!5m2!1ssv!2sjp\" width=\"600\" height=\"450\" style=\"border:0;\" allowfullscreen=\"\" loading=\"lazy\" referrerpolicy=\"no-referrer-when-downgrade\"><\/iframe><\/section>\n<section class=\"white-section\">\n\t<div class=\"anchor\" id=\"expansion-and-relocation-to-otemachi-financial-city\"><\/div>\n\t<div class=\"section-inner\">\n\t\t<div class=\"flex\">\n\t\t\t<div class=\"width41\"><img decoding=\"async\" src=\"\/wp-content\/uploads\/2022\/11\/financialcity.jpg\" alt=\"Expansion and Relocation to Otemachi Financial City\"><\/div>\n\t\t\t<div class=\"width51\">\n\t\t\t\t<h3>Expansion och flytt till Otemachi Financial City<\/h3>\n\t\t\t\t<p class=\"mgb-small\">Efter att ha \u00f6ppnat i Yotsuya, Shinjuku-ku, Tokyo i mars 2017, flyttade MONOLITH LAW OFFICE till Otemachi (Asahi Seimei Otemachi Building) i augusti 2018, tack vare ert st\u00f6d, och blev ett advokatbyr\u00e5 i mars 2020. I december 2020 \u00f6ppnade vi ett filialkontor p\u00e5 29:e v\u00e5ningen i samma byggnad som v\u00e5rt Otemachi-kontor (Asahi Seimei Otemachi Building).<\/p>\n\t\t\t\t<p class=\"mgb-small\">Sedan, i september 2022, expanderade vi och flyttade till Otemachi Financial City.<\/p>\n\t\t\t\t<p class=\"mgb-small\">Vi ser fram emot att arbeta med er.<\/p>\n\t\t\t<\/div>\n\t\t<\/div>\n\t<\/div>\n<\/section>\n","protected":false},"excerpt":{"rendered":"<p>\u00c5tkomst \u00c4MNEN Juridisk byr\u00e5 med styrka inom IT, Internet och aff\u00e4rsverksamhet \u00c5tkomstkarta Expansion och flytt till Otemachi Financial City Advokatbyr\u00e5 med styrka inomIT, internet och aff\u00e4rer. MONOLIT [&hellip;]<\/p>\n","protected":false},"author":1,"featured_media":57041,"parent":0,"menu_order":10,"comment_status":"closed","ping_status":"closed","template":"other-page-temp.php","meta":{"footnotes":""},"acf":[],"_links":{"self":[{"href":"https:\/\/monolith.law\/sv\/wp-json\/wp\/v2\/pages\/25864"}],"collection":[{"href":"https:\/\/monolith.law\/sv\/wp-json\/wp\/v2\/pages"}],"about":[{"href":"https:\/\/monolith.law\/sv\/wp-json\/wp\/v2\/types\/page"}],"author":[{"embeddable":true,"href":"https:\/\/monolith.law\/sv\/wp-json\/wp\/v2\/users\/1"}],"replies":[{"embeddable":true,"href":"https:\/\/monolith.law\/sv\/wp-json\/wp\/v2\/comments?post=25864"}],"version-history":[{"count":27,"href":"https:\/\/monolith.law\/sv\/wp-json\/wp\/v2\/pages\/25864\/revisions"}],"predecessor-version":[{"id":62715,"href":"https:\/\/monolith.law\/sv\/wp-json\/wp\/v2\/pages\/25864\/revisions\/62715"}],"wp:featuredmedia":[{"embeddable":true,"href":"https:\/\/monolith.law\/sv\/wp-json\/wp\/v2\/media\/57041"}],"wp:attachment":[{"href":"https:\/\/monolith.law\/sv\/wp-json\/wp\/v2\/media?parent=25864"}],"curies":[{"name":"wp","href":"https:\/\/api.w.org\/{rel}","templated":true}]}}