{"id":30628,"date":"2023-11-07T23:40:08","date_gmt":"2023-11-07T14:40:08","guid":{"rendered":"https:\/\/monolith.law\/?page_id=30628"},"modified":"2024-01-29T13:22:29","modified_gmt":"2024-01-29T04:22:29","slug":"contract-drafting-and-review","status":"publish","type":"page","link":"https:\/\/monolith.law\/sv\/contract-drafting-and-review","title":{"rendered":"Uppr\u00e4ttande och granskning av avtal"},"content":{"rendered":"\n<section class=\"heading-area\">\n\t<div class=\"heading-area-inner\">\n\t\t<h2 class=\"icon-contract-drafting-and-review\">Uppr\u00e4ttande och granskning av avtal<\/h2>\n\t\t<p>Som juridiskt ombud f\u00f6r IT- och startup-f\u00f6retag, och ibland som IT-jurister f\u00f6r f\u00f6retag, uppr\u00e4ttar och granskar vi en m\u00e4ngd h\u00f6gspecialiserade IT-relaterade avtal. V\u00e5rt m\u00e5l \u00e4r att s\u00e4kerst\u00e4lla en stark position i en snabbt f\u00f6r\u00e4nderlig aff\u00e4rsmilj\u00f6 i Japan.<\/p>\n\t<\/div>\n<\/section>\n<section class=\"white-section mgb-section\">\n\t<div class=\"section-inner pdt0 border-bottom-section\">\n\t\t<p>MONOLITH LAW OFFICE agerar som juridiskt ombud f\u00f6r japanska IT- och startup-f\u00f6retag i samband med olika typer av avtal, inklusive outsourcingavtal relaterade till deras outsourcade verksamheter, anv\u00e4ndnings- och agentavtal relaterade till deras produkter, investeringsavtal och aktie\u00e4garavtal som kapitalrelaterade avtal, samt anst\u00e4llningsavtal som avtal relaterade till f\u00f6retaget. Vi agerar ocks\u00e5 som IT-jurister f\u00f6r japanska aff\u00e4rsf\u00f6retag.<br>Dessutom, som IT-jurister f\u00f6r operativa f\u00f6retag, uppr\u00e4ttar och granskar vi avtal relaterade till nya IT-relaterade aff\u00e4rsverksamheter, avtal relaterade till outsourcing till IT-f\u00f6retag, och andra avtal ocks\u00e5.<\/p>\n\t<\/div>\n<\/section>\n<section class=\"white-section\">\n\t<div class=\"section-inner pdt0\">\n\t\t<h3 class=\"ttl-enjp mgb-middle\"><span class=\"en\"><\/span><span class=\"ja\">K\u00e4nnetecken f\u00f6r MONOLITH LAW OFFICE<\/span><\/h3>\n\t\t<ol class=\"practices-list\">\n\t\t\t<li>\n\t\t\t\t<h4><img decoding=\"async\" src=\"\/wp-content\/themes\/monolith_en\/img\/practices\/practices_1_1.svg\" alt=\"1.Start-up Legal Services\"><\/h4>\n\t\t\t\t<img decoding=\"async\" src=\"\/wp-content\/themes\/monolith2021\/img\/practices\/practices_1_1_pic.png\" alt=\"Start-up Legal Services\">\n\t\t\t\t<p>Vi har omfattande erfarenhet av juridiska tj\u00e4nster relaterade till aff\u00e4rs- och kapitalfr\u00e5gor, inklusive finansieringsrundor, f\u00f6retags\u00f6verl\u00e5telser och uppk\u00f6p i Japan.<\/p>\n\t\t\t<\/li>\n\t\t\t<li>\n\t\t\t\t<h4><img decoding=\"async\" src=\"\/wp-content\/themes\/monolith_en\/img\/practices\/practices_1_2.svg\" alt=\"2.IT och immaterialr\u00e4ttsliga tj\u00e4nster\"><\/h4>\n\t\t\t\t<img decoding=\"async\" src=\"\/wp-content\/themes\/monolith2021\/img\/practices\/practices_1_2_pic.png\" alt=\"IT och immaterialr\u00e4ttsliga tj\u00e4nster\">\n\t\t\t\t<p>V\u00e5ra advokater, inklusive v\u00e5r grundare som \u00e4r en f\u00f6re detta ingenj\u00f6r, str\u00e4var efter att f\u00e5 en djup f\u00f6rst\u00e5else f\u00f6r din produkt, ibland genom att l\u00e4sa koden.<\/p>\n\t\t\t<\/li>\n\t\t\t<li>\n\t\t\t\t<h4><img decoding=\"async\" src=\"\/wp-content\/themes\/monolith_en\/img\/practices\/practices_1_3.svg\" alt=\"3.Snabbhet\"><\/h4>\n\t\t\t\t<img decoding=\"async\" src=\"\/wp-content\/themes\/monolith2021\/img\/practices\/practices_1_3_pic.png\" alt=\"Snabbhet\">\n\t\t\t\t<p>Vi f\u00f6rst\u00e5r vikten av att snabbt svara p\u00e5 dina aff\u00e4rsbehov, och vi svarar vanligtvis inom en arbetsdag.<\/p>\n\t\t\t<\/li>\n\t\t\t<li>\n\t\t\t\t<h4><img decoding=\"async\" src=\"\/wp-content\/themes\/monolith_en\/img\/practices\/practices_1_4.svg\" alt=\"4. F\u00f6retagsjuridiska tj\u00e4nster f\u00f6r sm\u00e5 och medelstora f\u00f6retag\"><\/h4>\n\t\t\t\t<img decoding=\"async\" src=\"\/wp-content\/themes\/monolith2021\/img\/practices\/practices_1_4_pic.png\" alt=\"F\u00f6retagsjuridiska tj\u00e4nster f\u00f6r sm\u00e5 och medelstora f\u00f6retag\">\n\t\t\t\t<p>V\u00e5r grundande advokat, med erfarenhet av japansk f\u00f6retagsledning, f\u00f6rst\u00e5r utmaningarna med att driva ett f\u00f6retag.<\/p>\n\t\t\t<\/li>\n\t\t<\/ol>\n\t<\/div>\n<\/section>\n<section class=\"second-nav\">\n\t<div class=\"second-nav-inner\">\n\t\t<p>\u00c4MNEN<\/p>\n\t\t<nav>\n\t\t\t<ul>\n\t\t\t\t<li><a href=\"#our-experience-in-contract-drafting-etc\">V\u00e5r erfarenhet av att utforma kontrakt, etc.<\/a><\/li>\n\t\t\t\t<li><a href=\"#handling-more-than-3000-contracts-per-year-as-an-organization\">Hanterar mer \u00e4n 3 000 kontrakt per \u00e5r som organisation<\/a><\/li>\n\t\t\t\t<li><a href=\"#IT\">IT<\/a><\/li>\n\t\t\t\t<li><a href=\"#extensive-experience-in-investment-contracts-etc\">Omfattande erfarenhet av investeringskontrakt, etc.<\/a><\/li>\n\t\t\t\t<li><a href=\"#examples-of-support-provided-by-our-firm\">Exempel p\u00e5 st\u00f6d som v\u00e5r firma tillhandah\u00e5ller<\/a><\/li>\n\t\t\t\t<li><a href=\"#monolith-law-magazine\">MONOLITH LAW MAGAZINE<\/a><\/li>\n\t\t\t\t<li><a href=\"#fee-structure\">Avgiftsstruktur<\/a><\/li>\n\t\t\t<\/ul>\n\t\t<\/nav>\n\t<\/div>\n<\/section>\n<section class=\"white-section mgt-section mgb-section\">\n\t<div class=\"anchor\" id=\"our-experience-in-contract-drafting-etc\"><\/div>\n\t<div class=\"section-inner-black\">\n\t\t<h3>V\u00e5r erfarenhet av att utforma kontrakt, <br class=\"spOnly\">etc.<\/h3>\n\t\t<p class=\"mgb-middle\">MONOLITH LAW OFFICE, som en advokatbyr\u00e5 specialiserad p\u00e5 &#8220;IT, Internet och Aff\u00e4rer&#8221;, tillhandah\u00e5ller olika typer av tj\u00e4nster f\u00f6r att utforma och granska IT-relaterade och aff\u00e4rsrelaterade kontrakt. N\u00e5gra exempel p\u00e5 v\u00e5ra tj\u00e4nster inkluderar, men \u00e4r inte begr\u00e4nsade till, f\u00f6ljande:<\/p>\n\t\t<p class=\"mgb-middle\">Avtal om SEO-outsourcing, Avtal om outsourcing av SNS-drift, Fusionsavtal, Aktie\u00f6verl\u00e5telseavtal, Teckningsavtal f\u00f6r aktier, Samarbetsavtal om gemensam forskning, Joint Venture-avtal, Tj\u00e4nsteavtal, Aff\u00e4rsalliansavtal, L\u00e5neavtal, Avtal om outsourcing av reklam, Grundl\u00e4ggande avtal om reklamtransaktioner, R\u00e5dgivningsavtal, Anst\u00e4llningsavtal, Konsultavtal, Avtal om \u00f6verl\u00e5telse av fordringar, Avtal om \u00f6verl\u00e5telse av s\u00e4kerhetsintressen, Verksamhets\u00f6verl\u00e5telseavtal, Varum\u00e4rkes\u00f6verl\u00e5telseavtal, Grundl\u00e4ggande rekryteringsavtal, Kapital- och aff\u00e4rsalliansavtal, Avtal om begr\u00e4nsat ansvar, Avtal om talanganslutning, Avg\u00e5ngsavtal, Agentavtal, Upphovsr\u00e4tts\u00f6verl\u00e5telseavtal, Investeringsavtal, Grundl\u00e4ggande k\u00f6peavtal, Distribut\u00f6rsavtal, Sekretessavtal, Franchiseavtal, Allm\u00e4nt teckningsavtal, F\u00f6rvaltningsavtal, MEO-avtal, Licensavtal, Avtal om uthyrning av arbetstagare, F\u00f6rlikningsavtal<\/p>\n\t<\/div>\n<\/section>\n<section class=\"purple-section\">\n\t<div class=\"anchor\" id=\"handling-more-than-3000-contracts-per-year-as-an-organization\"><\/div>\n\t<div class=\"section-inner\">\n\t\t<div class=\"flex\">\n\t\t\t<div class=\"width51\">\n\t\t\t\t<h3> Hanterar mer \u00e4n 3 000 kontrakt per \u00e5r <\/h3>\n\t\t\t\t<p class=\"mgb-small\"> MONOLITH LAW OFFICE \u00e4r en organisation best\u00e5ende av 30 advokater ledda av v\u00e5r grundande advokat, en f\u00f6re detta IT-ingenj\u00f6r och f\u00f6retagsledare. <\/p>\n\t\t\t\t<p class=\"mgb-small\"> V\u00e5rt f\u00f6retag utformar och granskar mer \u00e4n 3 000 kontrakt \u00e5rligen, vilket visar omfattande erfarenhet och expertis inom dessa fr\u00e5gor. <\/p>\n\t\t\t\t<p> * Diagrammen baseras p\u00e5 siffror med uppskattning, och det kan finnas ett fel p\u00e5 upp till 20%. <\/p>\n\t\t\t<\/div>\n\t\t\t<div class=\"width41\"><img decoding=\"async\" src=\"\/wp-content\/themes\/monolith_en\/img\/contractcreation\/contractcreation_pic1.png\" alt=\"Hanterar mer \u00e4n 2 000 kontrakt per \u00e5r som en organisation\"><\/div>\n\t\t<\/div>\n\t<\/div>\n<\/section>\n\n<section class=\"white-section\">\n\t<div id=\"IT\"><\/div>\n\t<div class=\"section-inner\">\n\t<div class=\"flex\">\n\t<div class=\"width41\"><img decoding=\"async\" src=\"\/wp-content\/themes\/monolith2021\/img\/pic\/pic_practices-itlaw.jpg\" alt=\"IT\" \/><\/div>\n\t<div class=\"width51\">\n\t\t<h3>IT<\/h3>\n\t\t<p class=\"mgb-middle\">MONOLITH LAW OFFICE specialiserar sig p\u00e5 IT-r\u00e4tt och erbjuder omfattande juridiskt st\u00f6d till olika IT-f\u00f6retag. V\u00e5r expertis inkluderar att utarbeta kontrakt relaterade till banbrytande teknologier, samt investeringar och M&#038;A-transaktioner som involverar uppstartsf\u00f6retag. Med v\u00e5r omfattande erfarenhet av kontraktsutformning, s\u00e4rskilt inom IT-sektorn, \u00e4r vi v\u00e4l rustade f\u00f6r att m\u00f6ta de unika juridiska behoven hos teknikdrivna f\u00f6retag.<\/p>\n\t\t<div class=\"btn-area align-left\">\n\t\t\t<div class=\"btn icon-it\"><a href=\"\/sv\/it\">IT<\/a><\/div>\n\t\t<\/div>\n\t<\/div>\n\t<\/div>\n\t<\/div>\n<\/section>\n\n<section class=\"white-section\">\n\t<div class=\"anchor\" id=\"extensive-experience-in-investment-contracts-etc\"><\/div>\n\t<div class=\"section-inner-black\">\n\t\t<h3>Omfattande erfarenhet av investeringsavtal med mera<\/h3>\n\t\t<p class=\"mgb-middle\">N\u00e4r det g\u00e4ller emission av aktier genom tredjepartsallokering hanterar MONOLITH LAW OFFICE allt fr\u00e5n f\u00f6rberedelse av term sheets till utformning av investeringsavtal och aktie\u00e4garavtal. Vi hanterar \u00e4ven design av aktieklasser som stipulerar f\u00f6retr\u00e4desr\u00e4tt till utdelning med mera, emission av teckningsoptioner, grundare-till-grundare avtal, \u00f6verl\u00e5telse av aktier och olika andra strategier och kontrakt relaterade till eget kapital.<\/p>\n\t<\/div>\n<\/section>\n\n<section class=\"orange-section mgt-section\">\n\t<div class=\"anchor\" id=\"examples-of-support-provided-by-our-firm\"><\/div>\n\t<div class=\"section-inner\">\n\t\t<h3 class=\"mgb-middle\">Exempel p\u00e5 st\u00f6d som tillhandah\u00e5lls av MONOLITH LAW OFFICE<\/h3>\n\t\t<p class=\"mgb-middle\">MONOLITH LAW OFFICE har agerat som juridisk r\u00e5dgivare f\u00f6r japanska IT- och startupf\u00f6retag i samband med olika typer av kontrakt, inklusive outsourcingkontrakt f\u00f6r utlagda operationer, anv\u00e4ndnings- och agentkontrakt f\u00f6r f\u00f6retagsprodukter, investeringskontrakt och aktie\u00e4garavtal f\u00f6r kontrakt relaterade till eget kapital, samt anst\u00e4llningskontrakt. Vi agerar ocks\u00e5 som IT-jurister f\u00f6r aff\u00e4rsf\u00f6retag i Japan, genom att utforma och granska kontrakt f\u00f6r nya IT-relaterade aff\u00e4rsomr\u00e5den och kontrakt relaterade till IT-f\u00f6retag.<\/p>\n\t\t<div class=\"white-base\">\n\t\t\t<ul>\n\t\t\t\t<li class=\"mgb-small\">\n\t\t\t\t\t<figure><img decoding=\"async\" alt=\"HAZAMA ANDO CORPORATION\" src=\"\/wp-content\/themes\/monolith2021\/img\/clients\/logo_andohazama.png\"><\/figure>\n\t\t\t\t\t<h4 class=\"mgt-small mgb-small\">HAZAMA ANDO CORPORATION<\/h4>\n\t\t\t\t\t<p>V\u00e5rt f\u00f6retag utformade ett IT-relaterat kontrakt f\u00f6r denna klient, en stor generalentrepren\u00f6r noterad p\u00e5 Tokyo Stock Exchange Prime.<\/p>\n\t\t\t\t<\/li>\n\t\t\t\t<li class=\"mgb-small\">\n\t\t\t\t\t<figure><img decoding=\"async\" alt=\"Gftd Japan\" src=\"\/wp-content\/themes\/monolith2021\/img\/clients\/logo_gftd.png\"><\/figure>\n\t\t\t\t\t<h4 class=\"mgt-small mgb-small\">Gftd Japan<\/h4>\n\t\t\t\t\t<p>Gftd Japan \u00e4r ett startupf\u00f6retag relaterat till blockchain f\u00f6r vilket vi har utformat olika typer av kontrakt, fr\u00e5n aff\u00e4rsrelaterade kontrakt till anst\u00e4llningsrelaterade kontrakt.<\/p>\n\t\t\t\t<\/li>\n\t\t\t\t<li class=\"mgb-small\">\n\t\t\t\t\t<figure><img decoding=\"async\" alt=\"TOKIUM Inc.\" src=\"\/wp-content\/uploads\/2022\/04\/logo_tokium.png\"><\/figure>\n\t\t\t\t\t<h4 class=\"mgt-small mgb-small\">TOKIUM Inc.<\/h4>\n\t\t\t\t\t<p>Tokium \u00e4r ett fintech-relaterat startupf\u00f6retag, f\u00f6r vilket vi har utformat kontrakt som str\u00e4cker sig fr\u00e5n kapital- och aff\u00e4rsalliansavtal till aff\u00e4rsrelaterade avtal.<\/p>\n\t\t\t\t<\/li>\n\t\t\t\t<li class=\"mgb-small\">\n\t\t\t\t\t<figure><img decoding=\"async\" alt=\"MI-6 Ltd.\" src=\"\/wp-content\/themes\/monolith2021\/img\/clients\/logo_mi-6.png\"><\/figure>\n\t\t\t\t\t<h4 class=\"mgt-small mgb-small\">MI-6 Ltd.<\/h4>\n\t\t\t\t\t<p>V\u00e5rt f\u00f6retag f\u00f6rberedde investeringsavtal, J-KISS-typ av aktieoptionsutgivningar och kontrakt relaterade till gemensam forskning.<\/p>\n\t\t\t\t<\/li>\n\t\t\t<\/ul><p class=\"mgb-small\">\n\t\t<p class=\"txt-s\">*Vi ansvarar f\u00f6r m\u00e5nga andra klientprojekt. Vi listar endast n\u00e5gra av v\u00e5ra klienter som har gett oss tillst\u00e5nd att avsl\u00f6ja deras status som klienter (eller \u00e4r registrerade som styrelseledam\u00f6ter). Som en allm\u00e4n regel uppr\u00e4tth\u00e5lls klientkonfidentialitet enligt sekretessplikten.<\/p>\n\t<\/div><\/div>\n<\/section>\n\n<section class=\"purple2-section\">\n\t<div class=\"anchor\" id=\"monolith-law-magazine\"><\/div>\n\t<div class=\"section-inner\">\n\t\t    <section class=\"white-section temp-article\">\n        <div class=\"section-inner\">\n            <h4>MONOLITH LAW MAGAZINE<\/h4>\n            <div class=\"articles type_practice_column\">\n                                                                    <div class=\"article article-area\">\n                        <figure>\n                            <div class=\"img-wrap\">\n                                <img alt=\"F\u00f6rklaring av p\u00e5f\u00f6ljder vid \u00f6vertr\u00e4delse av den nya lagen f\u00f6r frilansare baserat p\u00e5 tre fallstudier\" src=\"https:\/\/monolith.law\/sv\/wp-content\/uploads\/sites\/29\/2025\/08\/6d129f9213bc4489ca4b5e0a5df7378f.webp\" width=\"500\" height=\"250\">\n                            <\/div>\n                            <figcaption>\n                                <div class=\"figcaption-inner\">\n                                    <h3>F\u00f6rklaring av p\u00e5f\u00f6ljder vid \u00f6vertr\u00e4delse av den nya lagen f\u00f6r frilansare baserat.<\/h3>\n                                <\/div>\n                            <\/figcaption>\n                            <a href=\"https:\/\/monolith.law\/sv\/general-corporate\/freelance-law-penalties\"><\/a>\n                        <\/figure>\n                    <\/div>\n                                                    <div class=\"article article-area\">\n                        <figure>\n                            <div class=\"img-wrap\">\n                                <img alt=\"Vad \u00e4r den nya lagen f\u00f6r frilansare? F\u00f6rklaring av kontrollpunkter baserade p\u00e5 ett exempel p\u00e5 ett kontrakt anpassat till den nya lagen\" src=\"https:\/\/monolith.law\/sv\/wp-content\/uploads\/sites\/29\/2025\/08\/873e76645ec995ae22ee695f1ecd9a55.webp\" width=\"500\" height=\"250\">\n                            <\/div>\n                            <figcaption>\n                                <div class=\"figcaption-inner\">\n                                    <h3>Vad \u00e4r den nya lagen f\u00f6r frilansare? F\u00f6rklaring av kontrollpunkter baserade p\u00e5 e.<\/h3>\n                                <\/div>\n                            <\/figcaption>\n                            <a href=\"https:\/\/monolith.law\/sv\/general-corporate\/freelance-law-contract\"><\/a>\n                        <\/figure>\n                    <\/div>\n                                                    <div class=\"article article-area\">\n                        <figure>\n                            <div class=\"img-wrap\">\n                                <img alt=\"R\u00e4tten till eget namn och bild i digitala spel och dess r\u00e4ttsliga skydd\" src=\"https:\/\/monolith.law\/sv\/wp-content\/uploads\/sites\/29\/2025\/03\/009b049064307a52d4e7c541b90c915e-1024x538.jpg\" width=\"500\" height=\"250\">\n                            <\/div>\n                            <figcaption>\n                                <div class=\"figcaption-inner\">\n                                    <h3>R\u00e4tten till eget namn och bild i digitala spel och dess r\u00e4ttsliga skydd<\/h3>\n                                <\/div>\n                            <\/figcaption>\n                            <a href=\"https:\/\/monolith.law\/sv\/general-corporate\/portrait-rights-legal-protection-digital-games\"><\/a>\n                        <\/figure>\n                    <\/div>\n                                            <\/div>\n            <div class=\"btn-more\"><a href=\"https:\/\/monolith.law\/sv\/tag\/contract-drafting-and-review\">Read More<\/a><\/div>\n        <\/div>\n    <\/section>\n\t<\/div>\n<\/section>\n\n<section class=\"orange2-section\">\n\t<div id=\"fee-structure\"><\/div>\n\t<div class=\"section-inner\">\n\t<div class=\"planWrap\">\n\t<h3>Avgiftsstruktur<\/h3>\n\t<ul class=\"plan\">\n\t\t<li class=\"txt-left\">\n\t\t\t<div class=\"plan-inner\">\n\t\t\t<div class=\"plan-header\">\n\t\t\t<h4 class=\"plan-title\">Timtaxa<\/h4>\n\t\t\t<div class=\"plan-price\"><span class=\"price-figure\">$300<\/span>per timme<span class=\"price-value\"><\/span><\/div>\n\t\t\t<\/div>\n\t\t\t<div class=\"plan-body\">I vissa fall kan vi \u00f6verv\u00e4ga att acceptera ett tvistem\u00e5l eller en st\u00e4mning med en startavgift och resultatbaserad arvode. F\u00f6r mer information, tveka inte att kontakta oss.<\/div>\n\t\t\t<\/div>\n\t\t<\/li>\n\t\t<li class=\"txt-left\">\n\t\t\t<div class=\"plan-inner\">\n\t\t\t<div class=\"plan-header\">\n\t\t\t<h4 class=\"plan-title\">Uppr\u00e4ttande av Avtal<\/h4>\n\t\t\t<div class=\"plan-price\"><span class=\"price-value\">fr\u00e5n<\/span><span class=\"price-figure\">$500<\/span><span class=\"price-value\">till $2,000 eller mer<\/span><\/div>\n\t\t\t<\/div>\n\t\t\t<div class=\"plan-body\">Prisstrukturen kan variera beroende p\u00e5 typ och m\u00e4ngd av avtal. Vi erbjuder g\u00e4rna en prelimin\u00e4r kostnadsuppskattning vid f\u00f6rfr\u00e5gan, s\u00e5 vi uppmuntrar dig att kontakta oss f\u00f6r ytterligare information.<\/div>\n\t\t\t<\/div>\n\t\t<\/li>\n\t\t<li class=\"txt-left\">\n\t\t\t<div class=\"plan-inner\">\n\t\t\t<div class=\"plan-header\">\n\t\t\t<h4 class=\"plan-title\">\u00d6vriga Tj\u00e4nster<\/h4>\n\t\t\t<div class=\"plan-price\"><span class=\"price-figure\">Kontakta Oss<\/span><\/div>\n\t\t\t<\/div>\n\t\t\t<div class=\"plan-body\">Vi erbjuder ett brett utbud av tj\u00e4nster inklusive bolagsbildning, granskning av avtal, juridiska yttranden, fallgenomg\u00e5ngar eller forskningsbrev. Om du har n\u00e5gra fr\u00e5gor eller funderingar, inbjuder vi dig hj\u00e4rtligt att kontakta oss och v\u00e5rt kunniga team kommer g\u00e4rna att assistera dig.<\/div>\n\t\t\t<\/div>\n\t\t<\/li>\n\t<\/ul>\n\t<\/div>\n\t<\/div>\n<\/section>\n\n<section class=\"white-section\">\n\t<div class=\"section-inner\">\n\t<div class=\"btn-area\">\n\t<div class=\"btn icon-contact\"><a href=\"\/sv\/contact\">Kontakta Oss<\/a><\/div>\n\t<\/div>\n\t<\/div>\n<\/section>\n","protected":false},"excerpt":{"rendered":"<p>Uppr\u00e4ttande och granskning av avtal Som juridiskt ombud f\u00f6r IT- och startup-f\u00f6retag, och ibland som IT-jurister f\u00f6r f\u00f6retag, uppr\u00e4ttar och granskar vi en m\u00e4ngd h\u00f6gspecialiserade IT-relaterade avtal. V [&hellip;]<\/p>\n","protected":false},"author":1,"featured_media":57034,"parent":0,"menu_order":7,"comment_status":"closed","ping_status":"closed","template":"other-page-temp.php","meta":{"footnotes":""},"acf":[],"_links":{"self":[{"href":"https:\/\/monolith.law\/sv\/wp-json\/wp\/v2\/pages\/30628"}],"collection":[{"href":"https:\/\/monolith.law\/sv\/wp-json\/wp\/v2\/pages"}],"about":[{"href":"https:\/\/monolith.law\/sv\/wp-json\/wp\/v2\/types\/page"}],"author":[{"embeddable":true,"href":"https:\/\/monolith.law\/sv\/wp-json\/wp\/v2\/users\/1"}],"replies":[{"embeddable":true,"href":"https:\/\/monolith.law\/sv\/wp-json\/wp\/v2\/comments?post=30628"}],"version-history":[{"count":99,"href":"https:\/\/monolith.law\/sv\/wp-json\/wp\/v2\/pages\/30628\/revisions"}],"predecessor-version":[{"id":62735,"href":"https:\/\/monolith.law\/sv\/wp-json\/wp\/v2\/pages\/30628\/revisions\/62735"}],"wp:featuredmedia":[{"embeddable":true,"href":"https:\/\/monolith.law\/sv\/wp-json\/wp\/v2\/media\/57034"}],"wp:attachment":[{"href":"https:\/\/monolith.law\/sv\/wp-json\/wp\/v2\/media?parent=30628"}],"curies":[{"name":"wp","href":"https:\/\/api.w.org\/{rel}","templated":true}]}}