{"id":30684,"date":"2023-11-05T23:00:20","date_gmt":"2023-11-05T14:00:20","guid":{"rendered":"https:\/\/monolith.law\/?page_id=30684"},"modified":"2024-01-29T13:28:31","modified_gmt":"2024-01-29T04:28:31","slug":"id-of-the-defamatory-statement","status":"publish","type":"page","link":"https:\/\/monolith.law\/sv\/id-of-the-defamatory-statement","title":{"rendered":"ID f\u00f6r det f\u00f6rtalande uttalandet"},"content":{"rendered":"\n<section class=\"heading-area\">\n\t<div class=\"heading-area-inner\">\n\t\t<h2 class=\"icon-id-of-the-defamatory-statement\">ID f\u00f6r det f\u00f6rtalande uttalandet<\/h2>\n\t\t<p>Enligt japansk lag kan ett f\u00f6retag eller en individ som lider av f\u00f6rtal eller intr\u00e5ng i privatlivet av en anonym anv\u00e4ndare p\u00e5 internet identifiera den anonyma postaren genom olika juridiska f\u00f6rfaranden som underl\u00e4ttas av domstolen. \u00c4ven om det finns fall av f\u00f6rtal av anonyma anv\u00e4ndare i det japanska onlinerummet, \u00e4r det m\u00f6jligt att identifiera postaren och g\u00f6ra anspr\u00e5k p\u00e5 skadest\u00e5nd genom en advokat.<\/p>\n\t<\/div>\n<\/section>\n\n<section class=\"white-section\">\n\t<div class=\"section-inner pdt0 border-bottom-section\">\n\t\t<p class=\"mgb-small\">Om du har blivit utsatt f\u00f6r f\u00f6rtal av en anonym anv\u00e4ndare p\u00e5 internet och \u00f6nskar g\u00f6ra anspr\u00e5k p\u00e5 skadest\u00e5nd, \u00e4r det n\u00f6dv\u00e4ndigt att f\u00f6rst identifiera anv\u00e4ndarens identitet. Japansk lagstiftning tillhandah\u00e5ller juridiska f\u00f6rfaranden f\u00f6r att identifiera anonyma anv\u00e4ndare p\u00e5 internet.<\/p>\n\t\t<p>MONOLITH LAW OFFICE \u00e4r en japansk advokatbyr\u00e5 som specialiserar sig p\u00e5 internetrelaterade \u00e4renden. Vi har engagerats i identifieringen av f\u00f6rtalande postare baserat p\u00e5 f\u00f6rfr\u00e5gningar fr\u00e5n olika klienter, inklusive inhemska b\u00f6rsnoterade f\u00f6retag, framst\u00e5ende verkst\u00e4llande direkt\u00f6rer och inflytelserika individer. Med v\u00e5r omfattande erfarenhet och meritlista \u00e4r vi rustade att hantera tvister i det japanska onlinerummet.<\/p>\n\t<\/div>\n<\/section>\n\n<section class=\"second-nav\">\n\t<div class=\"second-nav-inner\">\n\t\t<p>\u00c4MNEN<\/p>\n\t\t<nav>\n\t\t\t<ul>\n\t\t\t\t<li><a href=\"#identification-of-the-defamatory-statement\">Identifiering av det f\u00f6rtalande uttalandet<\/a><\/li>\n\t\t\t\t<li><a href=\"#examples-of-identifications-by-our-firm-target-sites\">Exempel p\u00e5 identifieringar av v\u00e5r byr\u00e5: M\u00e5lsidor<\/a><\/li>\n\t\t\t\t<li><a href=\"#examples-of-support-provided-by-our-firm\">Exempel p\u00e5 st\u00f6d som v\u00e5r byr\u00e5 tillhandah\u00e5llit<\/a><\/li>\n\t\t\t\t<li><a href=\"#procedures-for-identifying-authors-under-japanese-law\">F\u00f6rfaranden f\u00f6r att identifiera f\u00f6rfattare enligt japansk lag<\/a><\/li>\n\t\t\t\t<li><a href=\"#publications-as-a-lawyer-specializing-in-mitigating-reputational-damage\">Publikationer som advokat specialiserad p\u00e5 att mildra ryktesskador<\/a><\/li>\n\t\t\t\t<li><a href=\"#monolith-law-magazine\">MONOLITH LAW MAGAZINE<\/a><\/li>\n\t\t\t\t<li><a href=\"#fee-structure\">Avgiftsstruktur<\/a><\/li>\n\t\t\t<\/ul>\n\t\t<\/nav>\n\t<\/div>\n<\/section>\n\n<section class=\"white-section\">\n\t<div class=\"anchor\" id=\"identification-of-the-defamatory-statement\"><\/div>\n\t<div class=\"section-inner\">\n\t\t<div class=\"flex\">\n\t\t\t<div class=\"width41\"><img decoding=\"async\" src=\"\/wp-content\/themes\/monolith2021\/img\/pic\/pic_reputation.jpg\" alt=\"K\u00e4lla f\u00f6r identifiering av det f\u00f6rtalande uttalandet\"><\/div>\n\t\t\t<div class=\"width51\">\n\t\t\t\t<h3>Identifiering av f\u00f6rtalande uttalanden<\/h3>\n\t\t\t\t<p>Enligt japansk lag \u00e4r det m\u00f6jligt att vidta r\u00e4ttsliga \u00e5tg\u00e4rder f\u00f6r att identifiera individer ansvariga f\u00f6r olagliga inl\u00e4gg, inklusive f\u00f6rtalande uttalanden, genom en domstolsprocess. Om ditt f\u00f6retag blir m\u00e5ltavla f\u00f6r anonyma internetanv\u00e4ndare som utf\u00f6r attacker p\u00e5 det japanska internet, kan det vara m\u00f6jligt att avsl\u00f6ja identiteten, inklusive namn och adress, f\u00f6r den anonyma anv\u00e4ndaren genom att r\u00e5dg\u00f6ra med en h\u00f6gt specialiserad advokat. N\u00e4r identiteten \u00e4r avsl\u00f6jad kan du ha m\u00f6jlighet att framst\u00e4lla ett skadest\u00e5ndsanspr\u00e5k mot internetanv\u00e4ndaren. Det \u00e4r avg\u00f6rande att arbeta med en erfaren advokat som kan v\u00e4gleda dig genom den juridiska processen och skydda ditt f\u00f6retags intressen.<\/p>\n\t\t\t<\/div>\n\t\t<\/div>\n\t<\/div>\n<\/section>\n\n<section class=\"white-section mgb-section\">\n\t<div class=\"anchor\" id=\"examples-of-identifications-by-our-firm-target-sites\"><\/div>\n\t<div class=\"section-inner-black\">\n\t\t<h3 class=\"mgb-middle\">Exempel p\u00e5 identifieringar av v\u00e5r byr\u00e5: M\u00e5lsajter<\/h3>\n\t\t<p class=\"mgb-middle\">MONOLITH LAW OFFICE har en meritlista och expertis inom identifiering av f\u00f6rfattare till f\u00f6rtalande inl\u00e4gg p\u00e5 olika webbplatser, inklusive men inte begr\u00e4nsat till fall av f\u00f6rtal, intr\u00e5ng i privatlivet, upphovsr\u00e4ttsintr\u00e5ng och identitetsf\u00f6rfalskning. Vi har framg\u00e5ngsrikt assisterat klienter med att identifiera f\u00f6rfattarna bakom s\u00e5dana inl\u00e4gg, genom att utnyttja v\u00e5r erfarenhet och kunskap inom omr\u00e5det.<\/p>\n\t\t<p class=\"mgb-middle\">2channel, 5channel, Twitter, Facebook, Instagram, Google Maps (My Business), Yahoo! Finance, Food Log, Amazon kundrecensioner, Girls Channel, Bakusai, Mansion Community, Hostlove och olika andra anslagstavelsajter. Yahoo! Chiebukuro, NAVER sammanfattning, telefonnummers\u00f6kning (jpnumber, etc.), Livedoor Blog, FC2 Blog, Ameba Blog, Hatena Blog, etc. Andra olika bloggsajter, YouTube, Nico Nico Douga, FC2 Video och andra videosajter. MILKCAFE, openwork, Lighthouse (tidigare Kaishas Reputation), andra jobbrecensionssajter, andra originaldom\u00e4nsajter.<\/p>\n\t<\/div>\n<\/section>\n\n<section class=\"purple-section\">\n\t<div class=\"anchor\" id=\"examples-of-support-provided-by-our-firm\"><\/div>\n\t<div class=\"section-inner\">\n\t\t<h3 class=\"mgb-middle\">Exempel p\u00e5 st\u00f6d som tillhandah\u00e5lls av v\u00e5r byr\u00e5<\/h3>\n\t\t<ul class=\"layout-column4 mgb-big\">\n\t\t\t<li>\n\t\t\t\t<div><img decoding=\"async\" src=\"\/wp-content\/themes\/monolith2021\/img\/identificationofslander\/identificationofslander_support_pic1.jpg\" alt=\"Toki Kawase\"><\/div>\n\t\t\t\t<h4>B\u00f6rsnoterat f\u00f6retag p\u00e5 TSE<\/h4>\n\t\t\t\t<p>Vi har identifierat f\u00f6rfattarna bakom ih\u00e5llande inl\u00e4gg som sprider falsk information, s\u00e5som interna skandaler, p\u00e5 plattformar som Yahoo! Finance och Google Recensioner.<\/p>\n\t\t\t<\/li>\n\t\t\t<li>\n\t\t\t\t<div><img decoding=\"async\" src=\"\/wp-content\/themes\/monolith2021\/img\/identificationofslander\/identificationofslander_support_pic2.jpg\" alt=\"Framst\u00e5ende verkst\u00e4llande direkt\u00f6r\"><\/div>\n\t\t\t\t<h4>Framst\u00e5ende verkst\u00e4llande direkt\u00f6r<\/h4>\n\t\t\t\t<p>Vi har genomf\u00f6rt identifiering av f\u00f6rfattare till konton p\u00e5 Twitter som \u00e4gnar sig \u00e5t f\u00f6rtal, personifiering och neds\u00e4ttande inl\u00e4gg riktade mot enskilda verkst\u00e4llande direkt\u00f6rer.<\/p>\n\t\t\t<\/li>\n\t\t\t<li>\n\t\t\t\t<div><img decoding=\"async\" src=\"\/wp-content\/themes\/monolith2021\/img\/systemdevelopment\/systemdevelopment_support_pic3.jpg\" alt=\"Aff\u00e4rsf\u00f6retag\"><\/div>\n\t\t\t\t<h4>Aff\u00e4rsf\u00f6retag<\/h4>\n\t\t\t\t<p>Vi har genomf\u00f6rt identifiering av f\u00f6rfattare till f\u00f6rtalande inl\u00e4gg riktade mot specifika verkst\u00e4llande direkt\u00f6rer p\u00e5 anonyma meddelandetavlor som 5channel och Google Recensioner.<\/p>\n\t\t\t<\/li>\n\t\t\t<li>\n\t\t\t\t<div><img decoding=\"async\" src=\"\/wp-content\/themes\/monolith2021\/img\/identificationofslander\/identificationofslander_support_pic4.jpg\" alt=\"Framst\u00e5ende YouTuber\"><\/div>\n\t\t\t\t<h4>Framst\u00e5ende YouTuber<\/h4>\n\t\t\t\t<p>Vi har assisterat i identifiering av f\u00f6rfattare i fall som involverar l\u00e4ckor av personlig information och f\u00f6rtalande kommentarer gjorda p\u00e5 andra YouTubers videor, personliga bloggar och andra plattformar.<\/p>\n\t\t\t<\/li>\n\t\t<\/ul>\n\t\t<div class=\"frame2-white max-width860 txt-center-pc\">\n\t\t\t<p class=\"txt-l bold\">Identifiering av f\u00f6rfattare kr\u00e4ver h\u00f6gt specialiserad expertis, som omfattar strategisk planering och specifika operativa uppgifter.<\/p>\n\t\t<\/div>\n\t<\/div>\n<\/section>\n\n<section class=\"white-section\">\n\t<div class=\"anchor\" id=\"procedures-for-identifying-authors-under-japanese-law\"><\/div>\n\t<div class=\"section-inner pdb0\">\n\t\t<h3>F\u00f6rfaranden f\u00f6r att identifiera f\u00f6rfattare enligt japansk lag<\/h3>\n\t\t<p class=\"mgb-middle\">I Japan finns det olika juridiska f\u00f6rfaranden tillg\u00e4ngliga f\u00f6r att identifiera f\u00f6rfattare av kr\u00e4nkande onlineinl\u00e4gg och bek\u00e4mpa cyberf\u00f6rtal. Som juridiska experter anv\u00e4nder vi dessa f\u00f6rfaranden selektivt och i kombination f\u00f6r att uppn\u00e5 identifiering av f\u00f6rfattaren. \u00c4ven om det \u00e4r utmanande att ge en helt\u00e4ckande f\u00f6rklaring p\u00e5 denna sida p\u00e5 grund av f\u00f6rfarandenas h\u00f6gt specialiserade natur, kommer vi att ge en \u00f6versikt.<\/p>\n\t\t<ul class=\"layout-datalist\">\n\t\t\t<li>\n\t\t\t\t<h4>A: Beg\u00e4ran om Uppgiftsl\u00e4mnande (Provisoriskt F\u00f6rfogande)<\/h4>\n\t\t\t\t<p>Denna snabba interimistiska \u00e5tg\u00e4rd g\u00f6r det m\u00f6jligt f\u00f6r oss att beg\u00e4ra att webbplatsoperat\u00f6rer eller serveradministrat\u00f6rer avsl\u00f6jar postarens IP-adress, utan att beh\u00f6va g\u00e5 till formell r\u00e4tteg\u00e5ng. Det \u00e4r dock viktigt att notera att vissa webbplatser kan l\u00e4mna ut IP-adressen frivilligt genom informella f\u00f6rhandlingar utan att detta f\u00f6rfarande beh\u00f6vs. Att g\u00f6ra r\u00e4tt bed\u00f6mning i s\u00e5dana fall kr\u00e4ver erfarenhet och expertis fr\u00e5n kunniga advokater.<\/p>\n\t\t\t<\/li>\n\t\t\t<li>\n\t\t\t\t<h4>B: F\u00f6rbud mot Radering av Information<\/h4>\n\t\t\t\t<p>Genom att analysera den avsl\u00f6jade IP-adressen som erh\u00e5llits genom F\u00f6rfarande A \u00e4r det m\u00f6jligt att identifiera internetleverant\u00f6ren (ISP) som den anonyma anv\u00e4ndaren anv\u00e4nder. I F\u00f6rfarande C \u00e4r det avg\u00f6rande att beg\u00e4ra att ISP:n inte raderar avs\u00e4ndarinformationen (logdata relaterad till anv\u00e4ndarens internetanslutning) f\u00f6r att bevara bevis.<\/p>\n\t\t\t<\/li>\n\t\t\t<li>\n\t\t\t\t<h4>C: Beg\u00e4ran om Uppgiftsl\u00e4mnande (St\u00e4mning)<\/h4>\n\t\t\t\t<p>I detta f\u00f6rfarande st\u00e4mmer man den identifierade ISP:n som svarande f\u00f6r att beg\u00e4ra utl\u00e4mnande av den anonyma anv\u00e4ndarens adress och namn. I fall d\u00e4r den anonyma anv\u00e4ndaren har registrerat ett telefonnummer p\u00e5 webbplatsen kan detta f\u00f6rfarande anv\u00e4ndas mot webbplatsoperat\u00f6ren f\u00f6r att beg\u00e4ra utl\u00e4mnande av det telefonnumret. Snabba interimistiska \u00e5tg\u00e4rder kan inte anv\u00e4ndas i detta f\u00f6rfarande, och formell r\u00e4tteg\u00e5ng kr\u00e4vs enligt japansk r\u00e4ttspraxis.<\/p>\n\t\t\t<\/li>\n\t\t\t<li>\n\t\t\t\t<h4>D: Order om Uppgiftsl\u00e4mnande (\u00e4ndringen 2022)<\/h4>\n\t\t\t\t<p>Detta nyligen inf\u00f6rda r\u00e4ttsliga ramverk kombinerar F\u00f6rfarandena A, B och C till ett enda f\u00f6rfarande, vilket m\u00f6jligg\u00f6r genomf\u00f6randet av alla steg (A, B och C) inom en kortare tidsram. Detta f\u00f6rfarande anv\u00e4nder en accelererad mekanism. F\u00f6r n\u00e4rvarande anses detta f\u00f6rfarande vara den allm\u00e4nna principen f\u00f6r f\u00f6rfattaridentifiering. Det finns dock undantag, s\u00e5som webbplatser d\u00e4r endast ett telefonnummer \u00e4r registrerat utan en IP-adress eller fall d\u00e4r utl\u00e4mnande av IP-adressen kan uppn\u00e5s genom frivilliga f\u00f6rhandlingar. Expertis och know-how fr\u00e5n juridiska professionella \u00e4r avg\u00f6rande f\u00f6r att hantera dessa undantag.<\/p>\n\t\t\t<\/li>\n\t\t\t<li>\n\t\t\t\t<h4>E: F\u00f6rfr\u00e5gningsf\u00f6rfarande genom Advokatsamfundet<\/h4>\n\t\t\t\t<p>I de fall d\u00e4r postarens telefonnummer blir k\u00e4nt under de ovan n\u00e4mnda f\u00f6rfarandena, \u00e4r det n\u00f6dv\u00e4ndigt att beg\u00e4ra avsl\u00f6jande av adressen eller namnet p\u00e5 personen som anv\u00e4nder det telefonnumret fr\u00e5n telekommunikationsoperat\u00f6ren. I Japan har mobiltelefonoperat\u00f6rer en praxis att tillhandah\u00e5lla information n\u00e4r en advokat g\u00f6r en korrekt f\u00f6rfr\u00e5gan genom deras anslutna advokatsamfund.<\/p>\n\t\t\t<\/li>\n\t\t<\/ul>\n\t<\/div>\n<\/section>\n\n<section class=\"white-section\">\n\t<div class=\"section-inner\">\n\t\t<div class=\"frame2 max-width860 txt-center-pc\">\n\t\t\t<p class=\"bold txt-l\">Att identifiera f\u00f6rfattarna till f\u00f6rtalande inl\u00e4gg i enlighet med japansk lag \u00e4r verkligen ett mycket komplext och specialiserat omr\u00e5de. Om du har n\u00e5gra fr\u00e5gor eller funderingar, inklusive genomf\u00f6rbarhet och kostnadsaspekter, tveka inte att kontakta oss. Vi \u00e4r h\u00e4r f\u00f6r att hj\u00e4lpa dig och ge den n\u00f6dv\u00e4ndiga v\u00e4gledningen.<\/p>\n\t\t<\/div>\n\t<\/div>\n<\/section>\n\n<section class=\"orange-section\">\n\t<div class=\"anchor\" id=\"publications-as-a-lawyer-specializing-in-mitigating-reputational-damage\"><\/div>\n\t<div class=\"section-inner\">\n\t\t<div class=\"flex\">\n\t\t\t<div class=\"width41\"><img decoding=\"async\" src=\"\/wp-content\/themes\/monolith2021\/img\/pic\/pic_publishing2.jpg\" alt=\"Publikationer som en advokat specialiserad p\u00e5 att mildra skada p\u00e5 rykte\"><\/div>\n\t\t\t<div class=\"width51\">\n\t\t\t\t<h3>Publikationer som advokat specialiserad p\u00e5 att mildra ryktesskador<\/h3>\n\t\t\t\t<p class=\"mgb-small\">Deltog i skrivandet av &#8220;R\u00e4ttsfall fr\u00e5n lagen om begr\u00e4nsning av leverant\u00f6rers ansvar&#8221; (Provider Liability Limitation Act), en samling av r\u00e4ttsfall om \u00e5tg\u00e4rder mot ryktesskador, som en del av den Praktiska Studiegruppen f\u00f6r lagen om begr\u00e4nsning av leverant\u00f6rers ansvar som bildats av advokater.<\/p>\n\t\t\t\t<p>Publicerade &#8220;Digitalt M\u00e4rke &#8211; Internetf\u00f6rtal och fall av ryktesskador&#8221; fr\u00e5n Jiyuukokumin-sha, f\u00f6rlaget som ger ut &#8220;Gendai Yogo no Kihonjitsu&#8221; (Grundl\u00e4ggande kunskap om modern terminologi), och ansvarade f\u00f6r utkastet till NHK:s l\u00f6rdagsdrama &#8220;Digitalt M\u00e4rke&#8221; baserat p\u00e5 denna publikation.<\/p>\n\t\t\t<\/div>\n\t\t<\/div>\n\t<\/div>\n<\/section>\n\n<section class=\"purple2-section\">\n\t<div class=\"anchor\" id=\"monolith-law-magazine\"><\/div>\n\t<div class=\"section-inner\">\n\t\t    <section class=\"white-section temp-article\">\n        <div class=\"section-inner\">\n            <h4>MONOLITH LAW MAGAZINE<\/h4>\n            <div class=\"articles type_practice_column\">\n                                                                    <div class=\"article article-area\">\n                        <figure>\n                            <div class=\"img-wrap\">\n                                <img alt=\"Hur bevarar man bevis p\u00e5 f\u00f6rtal p\u00e5 Instagram? En guide till att spara bevis som kan anv\u00e4ndas i r\u00e4tteg\u00e5ng.\" src=\"https:\/\/monolith.law\/sv\/wp-content\/uploads\/sites\/29\/2025\/08\/b7a6d88c3f4a061d0c0c2cfa711ac604.webp\" width=\"500\" height=\"250\">\n                            <\/div>\n                            <figcaption>\n                                <div class=\"figcaption-inner\">\n                                    <h3>Hur bevarar man bevis p\u00e5 f\u00f6rtal p\u00e5 Instagram? En guide till att spara bevis som .<\/h3>\n                                <\/div>\n                            <\/figcaption>\n                            <a href=\"https:\/\/monolith.law\/sv\/it\/instagram-preservation-evidence\"><\/a>\n                        <\/figure>\n                    <\/div>\n                                                    <div class=\"article article-area\">\n                        <figure>\n                            <div class=\"img-wrap\">\n                                <img alt=\"Kan man beg\u00e4ra utl\u00e4mnande av information f\u00f6r kr\u00e4nkningar och f\u00f6rtal i onlinespel? En genomg\u00e5ng av r\u00e4ttsliga processer f\u00f6r att identifiera motparten.\" src=\"https:\/\/monolith.law\/sv\/wp-content\/uploads\/sites\/29\/2024\/11\/onlinegame1.webp\" width=\"500\" height=\"250\">\n                            <\/div>\n                            <figcaption>\n                                <div class=\"figcaption-inner\">\n                                    <h3>Kan man beg\u00e4ra utl\u00e4mnande av information f\u00f6r kr\u00e4nkningar och f\u00f6rtal i onlinespel.<\/h3>\n                                <\/div>\n                            <\/figcaption>\n                            <a href=\"https:\/\/monolith.law\/sv\/internet\/onlinegame-defamation\"><\/a>\n                        <\/figure>\n                    <\/div>\n                                                    <div class=\"article article-area\">\n                        <figure>\n                            <div class=\"img-wrap\">\n                                <img alt=\"\u00c4r det m\u00f6jligt att beg\u00e4ra upplysningar fr\u00e5n LINE? En f\u00f6rklaring av identifiering av individer genom avsl\u00f6jande av avs\u00e4ndarinformation\" src=\"https:\/\/monolith.law\/sv\/wp-content\/uploads\/sites\/29\/2024\/11\/29578280_m.webp\" width=\"500\" height=\"250\">\n                            <\/div>\n                            <figcaption>\n                                <div class=\"figcaption-inner\">\n                                    <h3>\u00c4r det m\u00f6jligt att beg\u00e4ra upplysningar fr\u00e5n LINE? En f\u00f6rklaring av identifiering.<\/h3>\n                                <\/div>\n                            <\/figcaption>\n                            <a href=\"https:\/\/monolith.law\/sv\/internet\/line-disclosure-request\"><\/a>\n                        <\/figure>\n                    <\/div>\n                                            <\/div>\n            <div class=\"btn-more\"><a href=\"https:\/\/monolith.law\/sv\/tag\/id-of-the-defamatory-statement\">Read More<\/a><\/div>\n        <\/div>\n    <\/section>\n\t<\/div>\n<\/section>\n\n<section class=\"orange2-section\">\n\t<div class=\"anchor\" id=\"fee-structure\"><\/div>\n\t<div class=\"section-inner\">\n\t<div class=\"planWrap\">\n\t<h3>Fee Structure<\/h3>\n\t<ul class=\"plan\">\n\t\t<li class=\"txt-left\">\n\t\t\t<div class=\"plan-inner\">\n\t\t\t<div class=\"plan-header\">\n\t\t\t<h4 class=\"plan-title\">Timpris<\/h4>\n\t\t\t<div class=\"plan-price\"><span class=\"price-figure\">$300<\/span>per timme<span class=\"price-tax\"><\/span><\/div>\n\t\t\t<\/div>\n\t\t\t<div class=\"plan-body\">I vissa fall kan vi \u00f6verv\u00e4ga att acceptera en tvist eller st\u00e4mning med en startavgift och resultatbaserad avgift. F\u00f6r mer information, tveka inte att kontakta oss.<\/div>\n\t\t\t<\/div>\n\t\t<\/li>\n\t\t<li class=\"txt-left\">\n\t\t\t<div class=\"plan-inner\">\n\t\t\t<div class=\"plan-header\">\n\t\t\t<h4 class=\"plan-title\">Uppr\u00e4ttande av avtal<\/h4>\n\t\t\t<div class=\"plan-price\"><span class=\"price-value\">fr\u00e5n<\/span><span class=\"price-figure\">$500<\/span><span class=\"price-value\">till $2,000 eller mer<\/span><span class=\"price-tax\"><\/span><\/div>\n\t\t\t<\/div>\n\t\t\t<div class=\"plan-body\">Prisstrukturen kan variera beroende p\u00e5 typ och m\u00e4ngd av avtal. Vi erbjuder g\u00e4rna en prelimin\u00e4r kostnadsuppskattning vid f\u00f6rfr\u00e5gan, s\u00e5 tveka inte att kontakta oss f\u00f6r ytterligare information.<\/div>\n\t\t\t<\/div>\n\t\t<\/li>\n\t\t<li class=\"txt-left\">\n\t\t\t<div class=\"plan-inner\">\n\t\t\t<div class=\"plan-header\">\n\t\t\t<h4 class=\"plan-title\">\u00d6vriga tj\u00e4nster<\/h4>\n\t\t\t<div class=\"plan-price\"><span class=\"price-figure\">Kontakta Oss<\/span><\/div>\n\t\t\t<\/div>\n\t\t\t<div class=\"plan-body\">Vi erbjuder ett brett utbud av tj\u00e4nster inklusive f\u00f6retagsbildning, granskning av avtal, juridiska yttranden, fallgranskning eller forskningsbrev. Om du har n\u00e5gra fr\u00e5gor eller funderingar, inbjuder vi dig varmt att kontakta oss och v\u00e5rt kunniga team kommer g\u00e4rna att hj\u00e4lpa dig.<\/div>\n\t\t\t<\/div>\n\t\t\t<\/div>\n\t\t<\/li>\n\t<\/ul>\n\t<\/div>\n\t<\/div>\n<\/section>\n\n<section class=\"white-section\">\n\t<div class=\"section-inner\">\n\t\t<div class=\"btn-area\">\n\t\t\t<div class=\"btn icon-contact\"><a href=\"\/sv\/contact\">Kontakta Oss<\/a><\/div>\n\t\t<\/div>\n\t<\/div>\n<\/section>\n","protected":false},"excerpt":{"rendered":"<p>ID f\u00f6r det f\u00f6rtalande uttalandet Enligt japansk lag kan ett f\u00f6retag eller en individ som lider av f\u00f6rtal eller intr\u00e5ng i privatlivet av en anonym anv\u00e4ndare p\u00e5 internet identifiera den anonyma postaren [&hellip;]<\/p>\n","protected":false},"author":1,"featured_media":57174,"parent":0,"menu_order":7,"comment_status":"closed","ping_status":"closed","template":"other-page-temp.php","meta":{"footnotes":""},"acf":[],"_links":{"self":[{"href":"https:\/\/monolith.law\/sv\/wp-json\/wp\/v2\/pages\/30684"}],"collection":[{"href":"https:\/\/monolith.law\/sv\/wp-json\/wp\/v2\/pages"}],"about":[{"href":"https:\/\/monolith.law\/sv\/wp-json\/wp\/v2\/types\/page"}],"author":[{"embeddable":true,"href":"https:\/\/monolith.law\/sv\/wp-json\/wp\/v2\/users\/1"}],"replies":[{"embeddable":true,"href":"https:\/\/monolith.law\/sv\/wp-json\/wp\/v2\/comments?post=30684"}],"version-history":[{"count":30,"href":"https:\/\/monolith.law\/sv\/wp-json\/wp\/v2\/pages\/30684\/revisions"}],"predecessor-version":[{"id":62746,"href":"https:\/\/monolith.law\/sv\/wp-json\/wp\/v2\/pages\/30684\/revisions\/62746"}],"wp:featuredmedia":[{"embeddable":true,"href":"https:\/\/monolith.law\/sv\/wp-json\/wp\/v2\/media\/57174"}],"wp:attachment":[{"href":"https:\/\/monolith.law\/sv\/wp-json\/wp\/v2\/media?parent=30684"}],"curies":[{"name":"wp","href":"https:\/\/api.w.org\/{rel}","templated":true}]}}