{"id":31513,"date":"2023-11-05T23:20:32","date_gmt":"2023-11-05T14:20:32","guid":{"rendered":"https:\/\/monolith.law\/?page_id=31513"},"modified":"2024-01-29T13:12:10","modified_gmt":"2024-01-29T04:12:10","slug":"m-and-a-of-sns-accounts","status":"publish","type":"page","link":"https:\/\/monolith.law\/sv\/m-and-a-of-sns-accounts","title":{"rendered":"M&amp;A av SNS-konton"},"content":{"rendered":"\n<section class=\"heading-area\">\n\t<div class=\"heading-area-inner\">\n\t\t<h2 class=\"icon-m-and-a-of-sns-accounts\">M&#038;A av SNS-konton<\/h2>\n\t\t<p>M&#038;A av YouTube-kanaler och Twitter-konton \u00e4r ett h\u00f6gspecialiserat omr\u00e5de som kr\u00e4ver specialkunskaper och know-how. Som en juridisk byr\u00e5 med specialister inom IT, internet och aff\u00e4rer erbjuder vi omfattande st\u00f6d inom detta omr\u00e5de.<\/p>\n\t<\/div>\n<\/section>\n\n<section class=\"white-section\">\n\t<div class=\"section-inner pdt0 border-bottom-section\">\n\t\t<p>Similar to websites, YouTube channels and Twitter accounts are also subject to M&amp;A. However, because these M&amp;As are unique situations, it is necessary to hire a law firm with specialized knowledge and expertise. \nMonolith Law Office is a law firm specializing in IT, the Internet and business. Our attorneys handle every aspect of many M&amp;As, from small projects involving YouTube channels to projects worth more than 100 million yen, ranging from contract drafting to due diligence (DD).<\/p>\n\t<\/div>\n<\/section>\n\n<section class=\"second-nav\">\n\t<div class=\"second-nav-inner\">\n\t\t<p>\u00c4MNEN<\/p>\n\t\t<nav>\n\t\t\t<ul>\n\t\t\t\t<li><a href=\"#an-example-of-ma-track-record\">Exempel p\u00e5 M&#038;A-track record<\/a><\/li>\n\t\t\t\t<li><a href=\"#ma-special-feature-on-sns-such-as-youtube\">Specialartikel om M&#038;A p\u00e5 SNS som YouTube<\/a><\/li>\n\t\t\t\t<li><a href=\"#responding-to-legal-due-diligence-dd\">Svar p\u00e5 juridisk due diligence<\/a><\/li>\n\t\t\t\t<li><a href=\"#legal-due-diligence-dd-peculiarities-of-sns-etc\">S\u00e4rdrag hos juridisk due diligence f\u00f6r SNS<\/a><\/li>\n\t\t\t\t<li><a href=\"#an-example-of-our-client\">Ett exempel p\u00e5 v\u00e5r klient<\/a><\/li>\n\t\t\t\t<li><a href=\"#book-writing-records\">Publikationshistorik<\/a><\/li>\n\t\t\t\t<li><a href=\"#media-appearance-record\">Medverkanshistorik i media<\/a><\/li>\n\t\t\t\t<li><a href=\"#monolith-law-magazine\">MONOLITH LAW MAGAZINE<\/a><\/li>\n\t\t\t\t<li><a href=\"#fee-structure\">Prisstruktur<\/a><\/li>\n\t\t\t<\/ul>\n\t\t<\/nav>\n\t<\/div>\n<\/section>\n\n<section class=\"white-section\">\n\t<div class=\"anchor\" id=\"an-example-of-ma-track-record\"><\/div>\n\t<div class=\"section-inner\">\n\t\t<h3>Exempel p\u00e5 M&#038;A-erfarenheter<\/h3>\n\t\t<ul class=\"layout-column4\">\n\t\t\t<li>\n\t\t\t\t<div><img decoding=\"async\" src=\"\/wp-content\/themes\/monolith2021\/img\/practices-youtuberlaw\/practices-youtuberlaw_necessity_pic3.jpg\" alt=\"YouTube channel\"><\/div>\n\t\t\t\t<h4>YouTube-kanaler<\/h4>\n\t\t\t\t<p>Vi har erfarenhet av M&#038;A och due diligence-transaktioner p\u00e5 \u00f6ver 100 miljoner yen, s\u00e5som \u00f6verf\u00f6ring av VTuber- och anime-YouTube-kanaler.<\/p>\n\t\t\t<\/li>\n\t\t\t<li>\n\t\t\t\t<div><img decoding=\"async\" src=\"\/wp-content\/themes\/monolith2021\/img\/snsmalaw\/snsmalaw_example_pic2.jpg\" alt=\"Twitter-konto\"><\/div>\n\t\t\t\t<h4>Twitter-konton<\/h4>\n\t\t\t\t<p>Vi hanterar ett stort antal kontrakt och due diligence i samband med \u00f6verf\u00f6ring av Twitter-konton som tillhandah\u00e5ller information.<\/p>\n\t\t\t<\/li>\n\t\t\t<li>\n\t\t\t\t<div><img decoding=\"async\" src=\"\/wp-content\/themes\/monolith2021\/img\/snsmalaw\/snsmalaw_example_pic3.jpg\" alt=\"Instagram-konto\"><\/div>\n\t\t\t\t<h4>Instagram-konton<\/h4>\n\t\t\t\t<p>Vi st\u00f6djer \u00f6verf\u00f6ringen av Instagram-konton som en del av f\u00f6retags\u00f6verl\u00e5telser av \u00e4gda medier.<\/p>\n\t\t\t<\/li>\n\t\t\t<li>\n\t\t\t\t<div><img decoding=\"async\" src=\"\/wp-content\/themes\/monolith2021\/img\/snsmalaw\/snsmalaw_example_pic4.jpg\" alt=\"Andra SNS\"><\/div>\n\t\t\t\t<h4>Andra SNS<\/h4>\n\t\t\t\t<p>Vi har ocks\u00e5 erfarenhet och kunskap g\u00e4llande andra SNS och webbtj\u00e4nster.<\/p>\n\t\t\t<\/li>\n\t\t<\/ul>\n\t<\/div>\n<\/section>\n\n<section class=\"white-section\">\n\t<div class=\"section-inner pdt0\">\n\t\t<div class=\"frame2 max-width860 txt-center-pc\">\n\t\t\t<p class=\"bold txt-l\">MONOLITH LAW OFFICE \u00e4r en advokatbyr\u00e5<br class=\"pcOnly\">som specialiserar sig p\u00e5 IT, internet och aff\u00e4rsverksamhet.<br class=\"pcOnly\">Vi tillhandah\u00e5ller juridiska tj\u00e4nster som str\u00e4cker sig fr\u00e5n kontraktsutformning till due diligence (DD) f\u00f6r M&#038;A, inklusive YouTube-kanaler,<br class=\"pcOnly\"> fr\u00e5n sm\u00e5 aff\u00e4rer till transaktioner som \u00f6verstiger 100 miljoner yen.<br class=\"pcOnly\"><\/p>\n\t\t<\/div>\n\t<\/div>\n<\/section>\n\n<section class=\"orange-section\">\n\t<div class=\"anchor\" id=\"ma-special-feature-on-sns-such-as-youtube\"><\/div>\n\t<div class=\"section-inner\">\n\t\t<h3>Specialfunktioner f\u00f6r M&#038;A p\u00e5 sociala medier som YouTube<\/h3>\n\t\t<ul class=\"layout-column4\">\n\t\t\t<li>\n\t\t\t\t<div><img decoding=\"async\" src=\"\/wp-content\/themes\/monolith2021\/img\/snsmalaw\/snsmalaw_specificity_pic1.jpg\" alt=\"IT\/Internet juridiska fr\u00e5gor\"><\/div>\n\t\t\t\t<h4>IT\/Internet juridiska fr\u00e5gor<\/h4>\n\t\t\t\t<p>Utan en juristbyr\u00e5 med omfattande erfarenhet inom IT och internet skulle det vara sv\u00e5rt att korrekt fastst\u00e4lla de juridiska kontrollpunkterna som r\u00f6r transaktionen.<\/p>\n\t\t\t<\/li>\n\t\t\t<li>\n\t\t\t\t<div><img decoding=\"async\" src=\"\/wp-content\/themes\/monolith2021\/img\/snsmalaw\/snsmalaw_specificity_pic2.jpg\" alt=\"Immaterialr\u00e4tt\"><\/div>\n\t\t\t\t<h4>Immaterialr\u00e4tt<\/h4>\n\t\t\t\t<p>Expertkunskap om immaterialr\u00e4ttigheter, s\u00e5som upphovsr\u00e4tt, kr\u00e4vs f\u00f6r att korrekt hantera r\u00e4ttigheter vid \u00f6verf\u00f6ring av SNS-konton.<\/p>\n\t\t\t<\/li>\n\t\t\t<li>\n\t\t\t\t<div><img decoding=\"async\" src=\"\/wp-content\/themes\/monolith2021\/img\/snsmalaw\/snsmalaw_specificity_pic3.jpg\" alt=\"Licensiering, etc.\"><\/div>\n\t\t\t\t<h4>IP-licensiering<\/h4>\n\t\t\t\t<p>F\u00f6rst\u00e5else f\u00f6r licenser som tredje parter har fastst\u00e4llt \u00e4r avg\u00f6rande n\u00e4r man sprider inneh\u00e5ll i olika medier, och att g\u00f6ra detta korrekt \u00e4r en h\u00f6gst specialiserad uppgift.<\/p>\n\t\t\t<\/li>\n\t\t\t<li>\n\t\t\t\t<div><img decoding=\"async\" src=\"\/wp-content\/themes\/monolith2021\/img\/snsmalaw\/snsmalaw_specificity_pic4.jpg\" alt=\"Villkor och riktlinjer\"><\/div>\n\t\t\t\t<h4>Villkor<\/h4>\n\t\t\t\t<p>Till exempel kr\u00e4ver Due Diligence (DD)-processen f\u00f6r YouTube-kanaler kunskap om terminologi samt att h\u00e5lla sig uppdaterad om de senaste versionerna av olika riktlinjer.<\/p>\n\t\t\t<\/li>\n\t\t<\/ul>\n\t<\/div>\n<\/section>\n\n<section class=\"white-section\">\n\t<div class=\"anchor\" id=\"responding-to-legal-due-diligence-dd\"><\/div>\n\t<div class=\"section-inner\">\n\t\t<div class=\"flex reverse\">\n\t\t\t<div class=\"width41\"><img decoding=\"async\" src=\"\/wp-content\/themes\/monolith2021\/img\/pic\/pic_legalduediligence.jpg\" alt=\"Svar p\u00e5 juridisk due diligence (DD)\"><\/div>\n\t\t\t<div class=\"width51\">\n\t\t\t\t<h3>Svarar p\u00e5 juridisk due diligence<\/h3>\n\t\t\t\t<p class=\"mgb-small\">\u00d6verf\u00f6ring av f\u00f6retagets konton p\u00e5 sociala medier som YouTube-kanaler och Twitter, samt aktie\u00f6verf\u00f6ring av f\u00f6retag som \u00e4ger dem, \u00e4r kontrakt som i vissa fall kr\u00e4ver juridisk due diligence (DD), precis som s\u00e5 kallade vanliga M&#038;A.<\/p>\n\t\t\t\t<p class=\"mgb-small\">V\u00e5r byr\u00e5 MONOLITH LAW OFFICE f\u00f6rbereder ocks\u00e5 juridisk due diligence (DD) och DD-rapporter f\u00f6r s\u00e5dana h\u00f6gt specialiserade M&#038;A-transaktioner.<\/p>\n\t\t\t\t<p class=\"txt-s\">* I fallet med att skapa en DD-rapport \u00e4r advokatens arbetstid i princip 30 timmar eller mer (advokatens avgift \u00e4r 1 miljon yen eller mer).<\/p>\n\t\t\t<\/div>\n\t\t<\/div>\n\t<\/div>\n<\/section>\n\n<section class=\"white-section\">\n\t<div class=\"anchor\" id=\"legal-due-diligence-dd-peculiarities-of-sns-etc\"><\/div>\n\t<div class=\"section-inner-black\">\n\t\t<h3><br class=\"spOnly\">S\u00e4rdrag hos juridisk due diligence f\u00f6r sociala medier<\/h3>\n\t\t<p class=\"mgb-small\">N\u00e4r man genomf\u00f6r M&#038;A DD f\u00f6r en YouTube-kanal, till exempel, \u00e4r det viktigt att beakta lagligheten hos de publicerade videorna p\u00e5 kanalen, samt deras \u00f6verensst\u00e4mmelse med YouTubes anv\u00e4ndarvillkor och olika riktlinjer. Om dessa fr\u00e5gor uppst\u00e5r kan offentliga videor raderas och i v\u00e4rsta fall kan \u00e5tg\u00e4rder s\u00e5som kontosp\u00e4rrning vidtas, vilket kan leda till missf\u00f6rst\u00e5nd kring kanalens v\u00e4rde.<\/p>\n\t\t<p class=\"mgb-small\">F\u00f6r att g\u00f6ra detta kr\u00e4vs juridisk kunskap inom en m\u00e4ngd olika omr\u00e5den, inklusive upphovsr\u00e4tt f\u00f6r objekt och musik som anv\u00e4nds i videor, portr\u00e4ttr\u00e4tt och integritetsskydd relaterade till personers framtr\u00e4danden, samt reklamregler som kan vara problematiska vid introduktion av kosmetika och h\u00e4lsokost. Det \u00e4r avg\u00f6rande att f\u00f6rst\u00e5 anv\u00e4ndarvillkoren och de olika riktlinjerna, samt att h\u00e5lla sig uppdaterad med den senaste versionen.<\/p>\n\t\t<p class=\"mgb-middle\">Dessutom, eftersom anv\u00e4ndarvillkor och riktlinjer skapas p\u00e5 frivillig basis, \u00e4r det essentiellt att hitta en juridisk byr\u00e5 med specialisering inom detta omr\u00e5de, s\u00e5som MONOLITH LAW OFFICE.<\/p>\n\n\n\n\t<\/div>\n<\/section>\n\n<section class=\"white-section\">\n\t<div class=\"anchor\" id=\"an-example-of-our-client\"><\/div>\n\t<div class=\"section-inner\">\n\t\t<h3>Ett exempel p\u00e5 v\u00e5r klient<\/h3>\n\t\t<ul class=\"layout-column4 mgb-middle\">\n\t\t\t<li>\n\t\t\t\t<div><img decoding=\"async\" src=\"\/wp-content\/themes\/monolith2021\/img\/clients\/logo_zizai.png\" alt=\"ZIZAI\"><\/div>\n\t\t\t\t<h4><a href=\"https:\/\/zizai.co.jp\/\" target=\"_blank\" rel=\"noopener noreferrer\">ZIZAI Inc.<\/a><\/h4>\n\t\t\t\t<p>Vi hanterar ett projekt f\u00f6r ZIZAI Inc., som driver VTuber\/virtuell YouTuber Miraiakari och pachinko\/slot tr\u00e4ningsvideokanalen Sulopachi Station.<\/p>\n\t\t\t<\/li>\n\t\t\t<li>\n\t\t\t\t<div><img decoding=\"async\" src=\"\/wp-content\/themes\/monolith2021\/img\/clients\/logo_plott.png\" alt=\"Plott Inc.\"><\/div>\n\t\t\t\t<h4><a href=\"https:\/\/plott.tokyo\/\" target=\"_blank\" rel=\"noopener noreferrer\">Plott Inc.<\/a><\/h4>\n\t\t\t\t<p>Vi hanterar ett projekt f\u00f6r Plott Co., Ltd., som f\u00f6rvaltar anime YouTube-kanaler s\u00e5som &#8220;Teikou Penguin&#8221;, &#8220;KAREKORE of MIXED BLOOD&#8221;, &#8220;Grim Reaper Flag Chan!&#8221;, och &#8220;Yaruminati&#8221;.<\/p>\n\t\t\t<\/li>\n\t\t\t<li>\n\t\t\t\t<div><img decoding=\"async\" src=\"\/wp-content\/themes\/monolith2021\/img\/clients\/logo_algorithm.png\" alt=\"Algorithm\"><\/div>\n\t\t\t\t<h4><a href=\"https:\/\/algorithms.co.jp\/\" target=\"_blank\" rel=\"noopenerrnoreferrer noopener\">Algorithm Inc.<\/a><\/h4>\n\t\t\t\t<p>Vi hanterar ett projekt f\u00f6r Algorithm Inc., vars huvudsakliga verksamhet \u00e4r f\u00f6rv\u00e4rv och aktivering av affiliate media, samt drift av &#8220;feely&#8221; och &#8220;tabiyori&#8221;.<\/p>\n\t\t\t<\/li>\n\t\t\t<li>\n\t\t\t\t<div><img decoding=\"async\" src=\"\/wp-content\/themes\/monolith2021\/img\/clients\/logo_mediano.png\" alt=\"Mediano\"><\/div>\n\t\t\t\t<h4><a href=\"https:\/\/mediano-ltd.co.jp\/\" target=\"_blank\" rel=\"noopener noreferrer\">Mediano Co., Ltd.<\/a><\/h4>\n\t\t\t\t<p>F\u00f6rutom smartphone-appar hanterar vi ett projekt f\u00f6r Mediano Co., Ltd., vars huvudverksamhet \u00e4r M&#038;A-transaktioner som realiserar samarbete som utnyttjar b\u00e5da parters styrkor och \u00e4ven f\u00f6rv\u00e4rv av medieinneh\u00e5ll som \u00e4r planerat f\u00f6r \u00f6verf\u00f6ring.<\/p>\n\t\t\t<\/li>\n\t\t<\/ul>\n\t\t<p class=\"txt-s\">*Vi ansvarar \u00e4ven f\u00f6r m\u00e5nga andra klientprojekt. Endast f\u00f6retag med tillst\u00e5nd att offentligg\u00f6ra aff\u00e4rspartnerinformation listas. P\u00e5 grund av sekretesskyldigheter h\u00e5lls faktumet att ni \u00e4r v\u00e5r klient strikt konfidentiellt.<\/p>\n\t<\/div>\n<\/section>\n\n<section class=\"white-section\">\n\t<div class=\"section-inner\">\n\t\t<div class=\"frame2 max-width860 txt-center-pc\">\n\t\t\t<p class=\"bold txt-l mgb-small\">Publiceringsaktiviteter inom YouTuber\/VTuber-juridik<\/p>\n\t\t\t<p>Juridiska fr\u00e5gor f\u00f6r YouTubers\/VTubers \u00e4r ett h\u00f6gst specialiserat omr\u00e5de. Toki Kawase, v\u00e5r chefsjurist, \u00e4r ocks\u00e5 engagerad i publiceringsaktiviteter relaterade till dessa \u00e4mnen.<\/p>\n\t\t<\/div>\n\t<\/div>\n<\/section>\n<section class=\"orange-section\">\n\t<div class=\"anchor\" id=\"book-writing-records\"><\/div>\n\t<div class=\"section-inner\">\n\t\t<div class=\"flex reverse\">\n\t\t\t<div class=\"width41\"><img decoding=\"async\" src=\"\/wp-content\/uploads\/2022\/07\/it_law_book.jpg\" alt=\"Publiceringssp\u00e5rrekord som advokat stark inom SNS-relaterade juridiska fr\u00e5gor s\u00e5som YouTube\"><\/div>\n\t\t\t<div class=\"width51\">\n\t\t\t\t<h3>Publikationsaktiviteter som advokat med expertis inom juridiska fr\u00e5gor kring SNS, inklusive YouTube<\/h3>\n\t\t\t\t<p>&#8220;IT-advokat, ber\u00e4tta f\u00f6r oss om YouTube-lagar och villkor&#8221; (Shodensha, 30 juli 2022) har publicerats f\u00f6r att f\u00f6rklara YouTube-relaterade regler och villkor f\u00f6r nyb\u00f6rjare. I ett fr\u00e5ga-och-svar-format f\u00f6rklarar boken hur man skapar olika kontrakt och kontrollpunkter f\u00f6r varje tema, fr\u00e5n kontrakt som \u00e4r f\u00f6ruts\u00e4ttningar f\u00f6r M&#038;A till aff\u00e4rsoverl\u00e5telsekontrakt.<\/p>\n\t\t\t<\/div>\n\t\t<\/div>\n\t<\/div>\n<\/section>\n<section class=\"white-section\">\n\t<div class=\"anchor\" id=\"media-appearance-record\"><\/div>\n\t<div class=\"section-inner\">\n\t\t<div class=\"flex\">\n\t\t\t<div class=\"width41\"><img decoding=\"async\" src=\"\/wp-content\/themes\/monolith2021\/img\/practices-youtuberlaw\/practices-youtuberlaw_pic2.jpg\"><\/div>\n\t\t\t<div class=\"width51\">\n\t\t\t\t<h3>VTuber-relaterat g\u00e4stframtr\u00e4dande p\u00e5 &#8220;ABEMA Prime&#8221;<\/h3>\n\t\t\t\t<p>I &#8220;ABEMA Prime&#8221;, ett program som s\u00e4ndes den 16 februari och 20 maj 2022, kommenterade v\u00e5r representativa advokat Toki Kawase juridiska fr\u00e5gor som VTubers integritet och kontroversiella influencers som orsakar uppst\u00e5ndelse p\u00e5 internet.<\/p>\n\t\t\t<\/div>\n\t\t<\/div>\n\t<\/div>\n<\/section>\n\n<section class=\"purple2-section\">\n\t<div class=\"anchor\" id=\"monolith-law-magazine\"><\/div>\n\t<div class=\"section-inner\">\n\t\t    <section class=\"white-section temp-article\">\n        <div class=\"section-inner\">\n            <h4>MONOLITH LAW MAGAZINE<\/h4>\n            <div class=\"articles type_practice_column\">\n                                                                    <div class=\"article article-area\">\n                        <figure>\n                            <div class=\"img-wrap\">\n                                <img alt=\"K\u00f6p och f\u00f6retags\u00f6verl\u00e5telse av virtuella YouTubers - VTubers\" src=\"https:\/\/monolith.law\/sv\/wp-content\/uploads\/sites\/29\/2023\/12\/youtuber-vtubervirtual-youtuber-ma-1.jpg\" width=\"500\" height=\"250\">\n                            <\/div>\n                            <figcaption>\n                                <div class=\"figcaption-inner\">\n                                    <h3>K\u00f6p och f\u00f6retags\u00f6verl\u00e5telse av virtuella YouTubers - VTubers<\/h3>\n                                <\/div>\n                            <\/figcaption>\n                            <a href=\"https:\/\/monolith.law\/sv\/internet\/virtual-youtuber-ma\"><\/a>\n                        <\/figure>\n                    <\/div>\n                                                    <div class=\"article article-area\">\n                        <figure>\n                            <div class=\"img-wrap\">\n                                <img alt=\"\u00d6verl\u00e5telse av YouTubers verksamhet och vad \u00e4r ett managementkontrakt efter \u00f6verl\u00e5telsen?\" src=\"https:\/\/monolith.law\/sv\/wp-content\/uploads\/sites\/29\/2023\/12\/youtuber-business-transfer-Management-contract-i.jpg\" width=\"500\" height=\"250\">\n                            <\/div>\n                            <figcaption>\n                                <div class=\"figcaption-inner\">\n                                    <h3>\u00d6verl\u00e5telse av YouTubers verksamhet och vad \u00e4r ett managementkontrakt efter \u00f6ver.<\/h3>\n                                <\/div>\n                            <\/figcaption>\n                            <a href=\"https:\/\/monolith.law\/sv\/internet\/youtuber-business-transfer-management-contract\"><\/a>\n                        <\/figure>\n                    <\/div>\n                                            <\/div>\n            <div class=\"btn-more\"><a href=\"https:\/\/monolith.law\/sv\/tag\/m-and-a-of-sns-accounts\">Read More<\/a><\/div>\n        <\/div>\n    <\/section>\n\t<\/div>\n<\/section>\n\n<section class=\"orange2-section\">\n\t<div class=\"anchor\" id=\"fee-structure\"><\/div>\n\t<div class=\"section-inner\">\n\t<div class=\"planWrap\">\n\t<h3>Avgiftsstruktur<\/h3>\n\t<ul class=\"plan\">\n\t\t<li class=\"txt-left\">\n\t\t\t<div class=\"plan-inner\">\n\t\t\t<div class=\"plan-header\">\n\t\t\t<h4 class=\"plan-title\">Timdebitering<\/h4>\n\t\t\t<div class=\"plan-price\"><span class=\"price-figure\">$300<\/span>per timme<span class=\"price-tax\"><\/span><\/div>\n\t\t\t<\/div>\n\t\t\t<div class=\"plan-body\">I vissa fall kan vi \u00f6verv\u00e4ga att acceptera ett tvistem\u00e5l eller en st\u00e4mning med en startavgift och en resultatbaserad avgift. F\u00f6r mer information, tveka inte att kontakta oss.<\/div>\n\t\t\t<\/div>\n\t\t<\/li>\n\t\t<li class=\"txt-left\">\n\t\t\t<div class=\"plan-inner\">\n\t\t\t<div class=\"plan-header\">\n\t\t\t<h4 class=\"plan-title\">Uppr\u00e4ttande av Avtal<\/h4>\n\t\t\t<div class=\"plan-price\"><span class=\"price-value\">fr\u00e5n<\/span><span class=\"price-figure\">$500<\/span><span class=\"price-value\">till $2,000 eller mer<\/span><span class=\"price-tax\"><\/span><\/div>\n\t\t\t<\/div>\n\t\t\t<div class=\"plan-body\">Prisstrukturen kan variera beroende p\u00e5 typ och m\u00e4ngd av avtal. Vi erbjuder g\u00e4rna en prelimin\u00e4r kostnadsuppskattning vid f\u00f6rfr\u00e5gan, s\u00e5 vi uppmuntrar dig att kontakta oss f\u00f6r ytterligare information.<\/div>\n\t\t\t<\/div>\n\t\t<\/li>\n\t\t<li class=\"txt-left\">\n\t\t\t<div class=\"plan-inner\">\n\t\t\t<div class=\"plan-header\">\n\t\t\t<h4 class=\"plan-title\">\u00d6vriga Tj\u00e4nster<\/h4>\n\t\t\t<div class=\"plan-price\"><span class=\"price-figure\">Kontakta Oss<\/span><\/div>\n\t\t\t<\/div>\n\t\t\t<div class=\"plan-body\">Vi erbjuder ett brett utbud av tj\u00e4nster inklusive bolagsbildning, granskning av avtal, juridiska yttranden, fallgenomg\u00e5ngar eller forskningsbrev. Om du har n\u00e5gra fr\u00e5gor eller funderingar, inbjuder vi dig hj\u00e4rtligt att kontakta oss och v\u00e5rt kunniga team kommer g\u00e4rna att assistera dig.<\/div>\n\t\t\t<\/div>\n\t\t\t<\/div>\n\t\t<\/li>\n\t<\/ul>\n\t<\/div>\n\t<\/div>\n<\/section>\n\n<section class=\"white-section\">\n\t<div class=\"section-inner\">\n\t\t<div class=\"btn-area\">\n\t\t\t<div class=\"btn icon-contact\"><a href=\"\/sv\/contact\">Kontakta Oss<\/a><\/div>\n\t\t<\/div>\n\t<\/div>\n<\/section>\n","protected":false},"excerpt":{"rendered":"<p>M&#038;A av SNS-konton M&#038;A av YouTube-kanaler och Twitter-konton \u00e4r ett h\u00f6gspecialiserat omr\u00e5de som kr\u00e4ver specialkunskaper och know-how. Som en juridisk byr\u00e5 med specialister inom IT, internet o [&hellip;]<\/p>\n","protected":false},"author":1,"featured_media":57173,"parent":0,"menu_order":7,"comment_status":"closed","ping_status":"closed","template":"other-page-temp.php","meta":{"footnotes":""},"acf":[],"_links":{"self":[{"href":"https:\/\/monolith.law\/sv\/wp-json\/wp\/v2\/pages\/31513"}],"collection":[{"href":"https:\/\/monolith.law\/sv\/wp-json\/wp\/v2\/pages"}],"about":[{"href":"https:\/\/monolith.law\/sv\/wp-json\/wp\/v2\/types\/page"}],"author":[{"embeddable":true,"href":"https:\/\/monolith.law\/sv\/wp-json\/wp\/v2\/users\/1"}],"replies":[{"embeddable":true,"href":"https:\/\/monolith.law\/sv\/wp-json\/wp\/v2\/comments?post=31513"}],"version-history":[{"count":67,"href":"https:\/\/monolith.law\/sv\/wp-json\/wp\/v2\/pages\/31513\/revisions"}],"predecessor-version":[{"id":62719,"href":"https:\/\/monolith.law\/sv\/wp-json\/wp\/v2\/pages\/31513\/revisions\/62719"}],"wp:featuredmedia":[{"embeddable":true,"href":"https:\/\/monolith.law\/sv\/wp-json\/wp\/v2\/media\/57173"}],"wp:attachment":[{"href":"https:\/\/monolith.law\/sv\/wp-json\/wp\/v2\/media?parent=31513"}],"curies":[{"name":"wp","href":"https:\/\/api.w.org\/{rel}","templated":true}]}}