{"id":31896,"date":"2023-11-06T23:00:19","date_gmt":"2023-11-06T14:00:19","guid":{"rendered":"https:\/\/monolith.law\/?page_id=31896"},"modified":"2024-01-29T13:15:50","modified_gmt":"2024-01-29T04:15:50","slug":"cybercrime","status":"publish","type":"page","link":"https:\/\/monolith.law\/sv\/cybercrime","title":{"rendered":"Cyberbrott"},"content":{"rendered":"\n<section class=\"heading-area\">\n\t<div class=\"heading-area-inner\">\n\t\t<h2 class=\"icon-cybercrime\">Cyberbrott<\/h2>\n\t\t<p>Cyberbrott \u00e4r ett allvarligt problem i dagens samh\u00e4lle, och det \u00e4r avg\u00f6rande f\u00f6r f\u00f6retag att vidta l\u00e4mpliga \u00e5tg\u00e4rder n\u00e4r de blir offer f\u00f6r s\u00e5dana brott. Med ett team av jurister som har juridisk kunskap och IT-expertis, samt aktiva IT-ingenj\u00f6rer och IT-konsulter, kan v\u00e5r byr\u00e5 ge exakt r\u00e5dgivning anpassad till f\u00f6retagets specifika situation och bist\u00e5 med att inleda brottsm\u00e5l.<\/p>\n\t<\/div>\n<\/section>\n\n<section class=\"white-section\">\n\t<div class=\"section-inner pdt0  border-bottom-section\">\n\t\t<p>Det \u00e4r effektivt att anlita experter som \u00e4r v\u00e4l insatta i japanska brottm\u00e5lsprocesser f\u00f6r att snabbt f\u00e5 japansk polis att inleda en utredning och g\u00f6ra gripanden i fall som involverar obeh\u00f6rig \u00e5tkomst i Japan. Som en IT-inriktad advokatbyr\u00e5, erbjuder vi juridisk assistans till f\u00f6retag som har blivit offer f\u00f6r cyberbrott s\u00e5som obeh\u00f6rig \u00e5tkomst och olaglig dataexfiltrering, inklusive hj\u00e4lp med att l\u00e4mna in brottm\u00e5lsanm\u00e4lningar och rapporter f\u00f6r att starta en brottsutredning.<\/p>\n\t<\/div>\n<\/section>\n\n<section class=\"second-nav\">\n\t<div class=\"second-nav-inner\">\n\t\t<p>\u00c4MNEN<\/p>\n\t\t<nav>\n\t\t\t<ul>\n\t\t\t\t<li><a href=\"#specialized-expertise-in-cybersecurity\">Specialiserad expertis inom cybers\u00e4kerhet<\/a><\/li>\n\t\t\t\t<li><a href=\"#the-need-for-addressing-cybercrime\">Behovet av att hantera cyberbrott<\/a><\/li>\n\t\t\t\t<li><a href=\"#the-challenges-of-criminal-prosecution-in-cybercrime-cases\">Utmaningarna med brotts\u00e5tal i cyberbrottsfall<\/a><\/li>\n\t\t\t\t<li><a href=\"#synergy-of-lawyers-and-it-consultants\">Samarbete mellan jurister och IT-konsulter<\/a><\/li>\n\t\t\t\t<li><a href=\"#monolith-law-magazine\">MONOLITH LAW MAGAZINE<\/a><\/li>\n\t\t\t\t<li><a href=\"#fee-structure\">Prisstruktur<\/a><\/li>\n\t\t\t<\/ul>\n\t\t<\/nav>\n\t<\/div>\n<\/section>\n\n<section class=\"white-section\">\n\t<div class=\"anchor\" id=\"specialized-expertise-in-cybersecurity\"><\/div>\n\t<div class=\"section-inner pdb0\">\n\t\t<h3>Specialiserad expertis inom cybers\u00e4kerhet<\/h3>\n\t\t<div class=\"max-width980 mgb-small\"><img decoding=\"async\" src=\"\/wp-content\/themes\/monolith2021\/img\/dispute\/dispute_member.jpg\" alt=\"Specialiserad expertis inom cybers\u00e4kerhet\"><\/div>\n\t\t<div class=\"frame2 max-width860 txt-center-pc\">\n\t\t\t<p class=\"bold txt-l\">MONOLITH LAW OFFICE erbjuder specialiserad expertis inom IT-r\u00e4tt, ledd av en representativ advokat med bakgrund som tidigare IT-ingenj\u00f6r och verkst\u00e4llande direkt\u00f6r. Firman best\u00e5r av 30 advokater, Kenji Shinjo (r\u00e5dgivare), en tidigare \u00e5klagare vid Tokyo High Public Prosecutors Office, och ett team av 16 IT-konsulter. Vi erbjuder l\u00f6sningar f\u00f6r att l\u00f6sa komplexa tvister relaterade till cybers\u00e4kerhet, med hj\u00e4lp av v\u00e5rt teams djupa kunskap och erfarenhet inom IT-r\u00e4tt.<\/p>\n\t\t<\/div>\n\t<\/div>\n<\/section>\n\n<section class=\"orange-section mgt-section\">\n\t<div class=\"anchor\" id=\"the-need-for-addressing-cybercrime\"><\/div>\n\t<div class=\"section-inner\">\n\t\t<div class=\"flex\">\n\t\t\t<div class=\"width41\"><img decoding=\"async\" src=\"\/wp-content\/uploads\/2023\/05\/dispute_pic2.jpg\" alt=\"Behovet av att hantera cyberbrott\"><\/div>\n\t\t\t<div class=\"width51\">\n\t\t\t\t<h3>Behovet av att ta itu med cyberbrott<\/h3>\n\t\t\t\t<p class=\"mgb-small\">I den moderna v\u00e4rlden utg\u00f6r cyberbrott ett allt st\u00f6rre hot. Det finns olika typer av cyberattacker, inklusive obeh\u00f6rig \u00e5tkomst, olaglig dataexfiltrering, skr\u00e4ppost, phishing-bedr\u00e4gerier och malware-attacker.<\/p>\n\t\t\t\t<p class=\"mgb-small\">Obeh\u00f6rig \u00e5tkomst inneb\u00e4r att man tr\u00e4nger in i ett datasystem f\u00f6r att stj\u00e4la eller manipulera information. F\u00f6r f\u00f6retag kan detta resultera i st\u00f6ld av konfidentiell information eller systemst\u00f6rningar som leder till minskad produktivitet. Olaglig dataexfiltrering inneb\u00e4r att k\u00e4nslig f\u00f6retagsinformation l\u00e4cker ut till externa k\u00e4llor. Detta kan ske n\u00e4r anst\u00e4llda, som agerar inifr\u00e5n, tar konfidentiell information ut ur f\u00f6retaget eller n\u00e4r externa angripare f\u00e5r obeh\u00f6rig \u00e5tkomst f\u00f6r att stj\u00e4la information.<\/p>\n\t\t\t\t<p>Dessa cyberattacker orsakar inte bara betydande skada p\u00e5 f\u00f6retag, s\u00e5som dataintr\u00e5ng och st\u00f6rningar i aff\u00e4rsverksamheten, utan undergr\u00e4ver ocks\u00e5 f\u00f6retagets sociala f\u00f6rtroende genom l\u00e4ckage av personlig information. Det \u00e4r avg\u00f6rande att vidta juridiska \u00e5tg\u00e4rder f\u00f6r att hantera cyberbrott f\u00f6r att skydda s\u00e4kerheten f\u00f6r b\u00e5de f\u00f6retag och individer.<\/p>\n\t\t\t<\/div>\n\t\t<\/div>\n\t<\/div>\n<\/section>\n\n<section class=\"white-section\">\n\t<div class=\"anchor\" id=\"the-challenges-of-criminal-prosecution-in-cybercrime-cases\"><\/div>\n\t<div class=\"section-inner\">\n\t\t<div class=\"flex reverse\">\n\t\t\t<div class=\"width41\"><img decoding=\"async\" src=\"\/wp-content\/uploads\/2023\/05\/dispute_pic2-1.jpg\" alt=\"Utmaningarna med brottsbek\u00e4mpning i cyberbrottm\u00e5l\"><\/div>\n\t\t\t<div class=\"width51\">\n\t\t\t\t<h3>Utmaningarna med \u00e5tal i cyberbrottm\u00e5l<\/h3>\n\t\t\t\t<p class=\"mgb-small\">Om en individ blir offer f\u00f6r ett cyberbrott och rapporterar h\u00e4ndelsen till polisen, f\u00f6rv\u00e4ntas det generellt att polisen ska genomf\u00f6ra en utredning, identifiera g\u00e4rningsmannen och g\u00e5 vidare med gripanden och \u00e5tal. Detta \u00e4r &#8220;den vanliga medborgarens uppfattning.&#8221; Tyv\u00e4rr \u00e4r det dock s\u00e5 att i Japan, n\u00e4r det g\u00e4ller ekonomiska brott som inte innefattar hot mot m\u00e4nniskors liv eller fysiska v\u00e4lbefinnande, s\u00e4rskilt i fall av cyberbrott, \u00e4r polisens utredningsresurser begr\u00e4nsade i praktiken. Utan att offret genomf\u00f6r grundliga utredningar och skapar omfattande dokumentation, s\u00e5som &#8220;incidentrapporter&#8221;, \u00e4r det sv\u00e5rt att effektivt driva p\u00e5 polisens utredningar.<\/p>\n\t\t\t\t<p class=\"mgb-small\">M\u00e4ngden dokument som v\u00e5r advokatbyr\u00e5 MONOLITH LAW OFFICE har skapat i ett specifikt fall av cyberbrott f\u00f6r att uppn\u00e5 faktiskt gripande och f\u00e4llande dom av g\u00e4rningsmannen visas p\u00e5 bilden till h\u00f6ger. \u00c4ven efter att ha l\u00e4mnat in en brottsanm\u00e4lan eller en rapport om brottsoffer m\u00e5ste offret forts\u00e4tta att skapa och l\u00e4mna in olika detaljerade material som polisen beg\u00e4r. F\u00f6r att underl\u00e4tta utredningar och gripanden m\u00e5ste en betydande m\u00e4ngd dokumentation f\u00f6rberedas och l\u00e4mnas in.<\/p>\n\t\t\t\t<p>Att st\u00f6dja \u00e5tal av cyberbrottsoffer kr\u00e4ver en advokatbyr\u00e5 med h\u00f6g expertis och organisatoriska f\u00f6rm\u00e5gor, likt de som kr\u00e4vs f\u00f6r stora r\u00e4ttsprocesser inom IT.<\/p>\n\t\t\t<\/div>\n\t\t<\/div>\n\t<\/div>\n<\/section>\n\n<section class=\"purple-section\">\n\t<div class=\"anchor\" id=\"synergy-of-lawyers-and-it-consultants\"><\/div>\n\t<div class=\"section-inner\">\n\t\t<div class=\"flex reverse\">\n\t\t\t<div class=\"width51\">\n\t\t\t\t<h3>Samarbete mellan advokater och IT-konsulter<\/h3>\n\t\t\t\t<p class=\"mgb-small\">F\u00f6r att effektivt rapportera omfattningen av skador och tillhandah\u00e5lla information som leder till cyberbrottslingarna till polisen, \u00e4r en kombination av avancerad IT-kunskap och juridisk analys avg\u00f6rande. Till exempel, i fall av obeh\u00f6rig \u00e5tkomst, \u00e4r det n\u00f6dv\u00e4ndigt att tolka loggar fr\u00e5n plattformar som Apache, identifiera problematisk \u00e5tkomst och bed\u00f6ma dess juridiska konsekvenser f\u00f6r att f\u00f6rklara varf\u00f6r den kvalificerar sig som &#8220;obeh\u00f6rig&#8221; \u00e5tkomst. Dessa fynd m\u00e5ste presenteras i ett logiskt sammanh\u00e4ngande dokument.<\/p>\n\t\t\t\t<p class=\"mgb-small\">F\u00f6r att uppn\u00e5 detta \u00e4r expertis motsvarande IT-ingenj\u00f6rers och specialiserad kunskap inom japanska IT-lagar oumb\u00e4rlig.<\/p>\n\t\t\t\t<p>V\u00e5r advokatbyr\u00e5 MONOLITH LAW OFFICE best\u00e5r av 30 advokater, ledda av chefsadvokaten Toki Kawase, som \u00e4r en f\u00f6re detta IT-ingenj\u00f6r med erfarenhet fr\u00e5n webbaserade f\u00f6retag, tillsammans med ett team av 16 IT-konsulter och 85 medarbetare. Med denna organisationsstruktur \u00e4r vi unikt positionerade att erbjuda omfattande l\u00f6sningar fr\u00e5n ett och samma st\u00e4lle.<\/p>\n\t\t\t<\/div>\n\t\t\t<div class=\"width41\"><img decoding=\"async\" src=\"\/wp-content\/themes\/monolith_en\/img\/operationofofmedia\/operationofofmedia_pic5.svg\" alt=\"Synergi mellan advokater och IT-konsulter\"><\/div>\n\t\t<\/div>\n\t<\/div>\n<\/section>\n\n<section class=\"purple2-section\">\n\t<div class=\"anchor\" id=\"monolith-law-magazine\"><\/div>\n\t<div class=\"section-inner\">\n\t\t    <section class=\"white-section temp-article\">\n        <div class=\"section-inner\">\n            <h4>MONOLITH LAW MAGAZINE<\/h4>\n            <div class=\"articles type_practice_column\">\n                                                                    <div class=\"article article-area\">\n                        <figure>\n                            <div class=\"img-wrap\">\n                                <img alt=\"\u00c4r sk\u00e4rmdumpar ett brott mot upphovsr\u00e4tten? F\u00f6rklaring av identifiering av uppladdare och metoder f\u00f6r borttagning\" src=\"https:\/\/monolith.law\/sv\/wp-content\/uploads\/sites\/29\/2024\/11\/30375485_m-1024x683-1.webp\" width=\"500\" height=\"250\">\n                            <\/div>\n                            <figcaption>\n                                <div class=\"figcaption-inner\">\n                                    <h3>\u00c4r sk\u00e4rmdumpar ett brott mot upphovsr\u00e4tten? F\u00f6rklaring av identifiering av uppla.<\/h3>\n                                <\/div>\n                            <\/figcaption>\n                            <a href=\"https:\/\/monolith.law\/sv\/it\/screenshots-copyright\"><\/a>\n                        <\/figure>\n                    <\/div>\n                                                    <div class=\"article article-area\">\n                        <figure>\n                            <div class=\"img-wrap\">\n                                <img alt=\"\u3010Snabbrapport\u3011Antalet k\u00e4nda fall av obeh\u00f6rig \u00e5tkomst under Reiwa 5 (2023) har tredubblats p\u00e5 ett \u00e5r\" src=\"https:\/\/monolith.law\/sv\/wp-content\/uploads\/sites\/29\/2024\/07\/Shutterstock_2236181323.webp\" width=\"500\" height=\"250\">\n                            <\/div>\n                            <figcaption>\n                                <div class=\"figcaption-inner\">\n                                    <h3>\u3010Snabbrapport\u3011Antalet k\u00e4nda fall av obeh\u00f6rig \u00e5tkomst under Reiwa 5 (2023) har tr.<\/h3>\n                                <\/div>\n                            <\/figcaption>\n                            <a href=\"https:\/\/monolith.law\/sv\/it\/unauthorized-access-statistics-2023\"><\/a>\n                        <\/figure>\n                    <\/div>\n                                                    <div class=\"article article-area\">\n                        <figure>\n                            <div class=\"img-wrap\">\n                                <img alt=\"En advokat f\u00f6rklarar handlingar och exempel som f\u00f6rbjuds av den japanska 'Lagen om f\u00f6rbud mot obeh\u00f6rig \u00e5tkomst\" src=\"https:\/\/monolith.law\/sv\/wp-content\/uploads\/sites\/29\/2023\/12\/shutterstock_772039471-1024x683-1.jpg\" width=\"500\" height=\"250\">\n                            <\/div>\n                            <figcaption>\n                                <div class=\"figcaption-inner\">\n                                    <h3>En advokat f\u00f6rklarar handlingar och exempel som f\u00f6rbjuds av den japanska 'Lagen .<\/h3>\n                                <\/div>\n                            <\/figcaption>\n                            <a href=\"https:\/\/monolith.law\/sv\/it\/injustice-access-law\"><\/a>\n                        <\/figure>\n                    <\/div>\n                                            <\/div>\n            <div class=\"btn-more\"><a href=\"https:\/\/monolith.law\/sv\/tag\/cybercrime\">Read More<\/a><\/div>\n        <\/div>\n    <\/section>\n\t<\/div>\n<\/section>\n\n<section class=\"orange2-section\">\n\t<div class=\"anchor\" id=\"fee-structure\"><\/div>\n\t<div class=\"section-inner\">\n\t<div class=\"planWrap\">\n\t<h3>Avgiftsstruktur<\/h3>\n\t<ul class=\"plan\">\n\t\t<li class=\"txt-left\">\n\t\t\t<div class=\"plan-inner\">\n\t\t\t<div class=\"plan-header\">\n\t\t\t<h4 class=\"plan-title\">Timtaxa<\/h4>\n\t\t\t<div class=\"plan-price\"><span class=\"price-figure\">$300<\/span>per timme<span class=\"price-tax\"><\/span><\/div>\n\t\t\t<\/div>\n\t\t\t<div class=\"plan-body\">I vissa fall kan vi \u00f6verv\u00e4ga att acceptera en tvist eller ett m\u00e5l med en startavgift och en resultatbaserad avgift. F\u00f6r mer information, tveka inte att kontakta oss.<\/div>\n\t\t\t<\/div>\n\t\t<\/li>\n\t\t<li class=\"txt-left\">\n\t\t\t<div class=\"plan-inner\">\n\t\t\t<div class=\"plan-header\">\n\t\t\t<h4 class=\"plan-title\">Uppr\u00e4ttande av Avtal<\/h4>\n\t\t\t<div class=\"plan-price\"><span class=\"price-value\">fr\u00e5n<\/span><span class=\"price-figure\">$500<\/span><span class=\"price-value\">till $2,000 eller mer<\/span><span class=\"price-tax\"><\/span><\/div>\n\t\t\t<\/div>\n\t\t\t<div class=\"plan-body\">Prisstrukturen kan variera beroende p\u00e5 typ och m\u00e4ngd av avtal. Vi erbjuder g\u00e4rna en prelimin\u00e4r kostnadsuppskattning vid f\u00f6rfr\u00e5gan, s\u00e5 vi uppmuntrar dig att kontakta oss f\u00f6r ytterligare information.<\/div>\n\t\t\t<\/div>\n\t\t<\/li>\n\t\t<li class=\"txt-left\">\n\t\t\t<div class=\"plan-inner\">\n\t\t\t<div class=\"plan-header\">\n\t\t\t<h4 class=\"plan-title\">\u00d6vriga Tj\u00e4nster<\/h4>\n\t\t\t<div class=\"plan-price\"><span class=\"price-figure\">Kontakta Oss<\/span><\/div>\n\t\t\t<\/div>\n\t\t\t<div class=\"plan-body\">Vi erbjuder ett brett utbud av tj\u00e4nster inklusive bolagsbildning, granskning av avtal, juridiska yttranden, fallgenomg\u00e5ngar eller forskningsbrev. Om du har n\u00e5gra fr\u00e5gor eller funderingar, inbjuder vi dig hj\u00e4rtligt att kontakta oss och v\u00e5rt kunniga team kommer g\u00e4rna att assistera dig.<\/div>\n\t\t\t<\/div>\n\t\t\t<\/div>\n\t\t<\/li>\n\t<\/ul>\n\t<\/div>\n\t<\/div>\n<\/section>\n\n<section class=\"white-section\">\n\t<div class=\"section-inner\">\n\t\t<div class=\"btn-area\">\n\t\t\t<div class=\"btn icon-contact\"><a href=\"\/sv\/contact\">Kontakta Oss<\/a><\/div>\n\t\t<\/div>\n\t<\/div>\n<\/section>\n","protected":false},"excerpt":{"rendered":"<p>Cyberbrott Cyberbrott \u00e4r ett allvarligt problem i dagens samh\u00e4lle, och det \u00e4r avg\u00f6rande f\u00f6r f\u00f6retag att vidta l\u00e4mpliga \u00e5tg\u00e4rder n\u00e4r de blir offer f\u00f6r s\u00e5dana brott. Med ett team av jurister som har jur [&hellip;]<\/p>\n","protected":false},"author":1,"featured_media":57158,"parent":0,"menu_order":7,"comment_status":"closed","ping_status":"closed","template":"other-page-temp.php","meta":{"footnotes":""},"acf":[],"_links":{"self":[{"href":"https:\/\/monolith.law\/sv\/wp-json\/wp\/v2\/pages\/31896"}],"collection":[{"href":"https:\/\/monolith.law\/sv\/wp-json\/wp\/v2\/pages"}],"about":[{"href":"https:\/\/monolith.law\/sv\/wp-json\/wp\/v2\/types\/page"}],"author":[{"embeddable":true,"href":"https:\/\/monolith.law\/sv\/wp-json\/wp\/v2\/users\/1"}],"replies":[{"embeddable":true,"href":"https:\/\/monolith.law\/sv\/wp-json\/wp\/v2\/comments?post=31896"}],"version-history":[{"count":22,"href":"https:\/\/monolith.law\/sv\/wp-json\/wp\/v2\/pages\/31896\/revisions"}],"predecessor-version":[{"id":62723,"href":"https:\/\/monolith.law\/sv\/wp-json\/wp\/v2\/pages\/31896\/revisions\/62723"}],"wp:featuredmedia":[{"embeddable":true,"href":"https:\/\/monolith.law\/sv\/wp-json\/wp\/v2\/media\/57158"}],"wp:attachment":[{"href":"https:\/\/monolith.law\/sv\/wp-json\/wp\/v2\/media?parent=31896"}],"curies":[{"name":"wp","href":"https:\/\/api.w.org\/{rel}","templated":true}]}}