{"id":32193,"date":"2023-11-06T23:20:51","date_gmt":"2023-11-06T14:20:51","guid":{"rendered":"https:\/\/monolith.law\/?page_id=32193"},"modified":"2024-01-29T13:31:12","modified_gmt":"2024-01-29T04:31:12","slug":"terms-of-use","status":"publish","type":"page","link":"https:\/\/monolith.law\/sv\/terms-of-use","title":{"rendered":"Anv\u00e4ndarvillkor"},"content":{"rendered":"\n<section class=\"heading-area\">\n\t<div class=\"heading-area-inner\">\n\t\t<h2 class=\"icon-terms-of-use\">Anv\u00e4ndarvillkor<\/h2>\n\t\t<p>P\u00e5 MONOLITH LAW OFFICE hanterar vi skapandet och granskningen av anv\u00e4ndarvillkor och integritetspolicyer f\u00f6r olika appar, tj\u00e4nster och spel i Japan. Dessutom kan vi l\u00e4sa och analysera era kravspecifikationer f\u00f6r relevant apputveckling, Adobe XD-ramverk, landningssidor, f\u00f6rs\u00e4ljningsmaterial f\u00f6r potentiella kunder och andra befintliga dokument och data.<\/p>\n\t<\/div>\n<\/section>\n\n<section class=\"white-section\">\n\t<div class=\"section-inner pdt0  border-bottom-section\">\n\t\t<p class=\"mgb-small\">P\u00e5 MONOLITH LAW OFFICE hanterar vi skapandet, modifieringen och granskningen av olika anv\u00e4ndarvillkor, integritetspolicyer och andra n\u00f6dv\u00e4ndiga avtal i enlighet med till\u00e4mpliga lagar och f\u00f6rordningar i Japan. Vi \u00e4r specialiserade p\u00e5 att tillhandah\u00e5lla juridiskt st\u00f6d f\u00f6r appar, tj\u00e4nster, spel och andra digitala plattformar.<\/p>\n\t\t<p class=\"mgb-small\">Vi kan arbeta med ert befintliga material och data, s\u00e5som kravdefinitioner, ramverk skapade med Adobe XD, landningssidor och f\u00f6rs\u00e4ljningsmaterial riktade mot prospektiva kunder. V\u00e5rt team \u00e4r kapabelt att f\u00f6rst\u00e5 och analysera dessa material f\u00f6r att s\u00e4kerst\u00e4lla juridisk efterlevnad och tillhandah\u00e5lla v\u00e4rdefulla insikter.<\/p>\n\t\t<p>Tveka inte att kontakta oss f\u00f6r hj\u00e4lp med att utforma eller uppdatera era anv\u00e4ndarvillkor, integritetspolicyer eller andra juridiska dokument som \u00e4r n\u00f6dv\u00e4ndiga f\u00f6r drift och lansering av er app eller digitala tj\u00e4nst.<\/p>\n\t<\/div>\n<\/section>\n\n<section class=\"second-nav\">\n\t<div class=\"second-nav-inner\">\n\t\t<p>\u00c4MNEN<\/p>\n\t\t<nav>\n\t\t\t<ul>\n\t\t\t\t<li><a href=\"#apps-web-services-and-digital-platforms\">Appar, Webb-tj\u00e4nster och Digitala Plattformar<\/a><\/li>\n\t\t\t\t<li><a href=\"#games\">Spel<\/a><\/li>\n\t\t\t\t<li><a href=\"#publication-of-books-on-legal-matters-related-to-it\">Publicering av B\u00f6cker om Juridiska Fr\u00e5gor Relaterade till IT<\/a><\/li>\n\t\t\t\t<li><a href=\"#crypto-asset-and-blockchain\">Kryptovaluta och Blockchain<\/a><\/li>\n\t\t\t\t<li><a href=\"#medical-Apps-etc\">Medicinska Appar, etc.<\/a><\/li>\n\t\t\t\t<li><a href=\"#drafting-with-minimal-operating-time\">Utarbetande med Minimal Drifttid<\/a><\/li>\n\t\t\t\t<li><a href=\"#some-examples-of-our-clients-and-the-products\">N\u00e5gra Exempel p\u00e5 V\u00e5ra Klienter och Deras Produkter<\/a><\/li>\n\t\t\t\t<li><a href=\"#monolith-law-magazine\">MONOLITH LAW MAGAZINE<\/a><\/li>\n\t\t\t\t<li><a href=\"#fee-structure\">Prisstruktur<\/a><\/li>\n\t\t\t<\/ul>\n\t\t<\/nav>\n\t<\/div>\n<\/section>\n\n<section class=\"white-section mgt-section mgb-section80\">\n\t<div class=\"anchor\" id=\"apps-web-services-and-digital-platforms\"><\/div>\n\t<div class=\"section-inner-black\">\n\t\t<h3>Appar, webbtj\u00e4nster och digitala plattformar<\/h3>\n\t\t<p class=\"mgb-middle\">Vi har omfattande erfarenhet av att skapa och modifiera anv\u00e4ndarvillkor, integritetspolicyer och andra juridiska dokument relaterade till appar, webbtj\u00e4nster och digitala plattformar. Vi erbjuder \u00e4ven konsulttj\u00e4nster f\u00f6r att bist\u00e5 med laglig drift av webbtj\u00e4nster och appar i enlighet med till\u00e4mpliga regleringar.<\/p>\n\t\t<h4 class=\"mgb-small\">H\u00e4r \u00e4r n\u00e5gra exempel p\u00e5 v\u00e5ra prestationer<\/h4>\n\t\t<p class=\"mgb-middle\">Tj\u00e4nster f\u00f6r distribution av bakgrundsmusik och ljudeffekter, appar f\u00f6r uppspelning av bakgrundsmusik, SaaS-baserade r\u00f6stigenk\u00e4nningstj\u00e4nster f\u00f6r B2B, direkt-till-konsument e-handelswebbplatser, EC-plattformar, tj\u00e4nster som underl\u00e4ttar dataintegration mellan SaaS-plattformar, integrationstj\u00e4nster f\u00f6r SaaS-leverant\u00f6rer, plattformar f\u00f6r artister, f\u00f6rs\u00e4ljningsst\u00f6dsverktyg, appar f\u00f6r personlig ekonomihantering, webbtj\u00e4nster och plattformar f\u00f6r jobbs\u00f6kning, molnbaserade tj\u00e4nster f\u00f6r utgiftshantering, molnbaserade n\u00e4rvarohanteringstj\u00e4nster, molnbaserade tj\u00e4nster f\u00f6r resekostnadsers\u00e4ttning, tj\u00e4nster f\u00f6r f\u00f6rs\u00e4ljning av kosttillskott, sociala n\u00e4tverkstj\u00e4nster relaterade till politik, taxiappar, tj\u00e4nster f\u00f6r outsourcing av dataanalys, sociala n\u00e4tverkstj\u00e4nster baserade p\u00e5 video, aff\u00e4rsorienterade sociala n\u00e4tverksplattformar, webbplatser f\u00f6r aff\u00e4rsmatchning, plattformar f\u00f6r sjukhusbokningar, programmeringsskolor, blockchain-baserade sociala n\u00e4tverkstj\u00e4nster, blockchain-baserade reklamn\u00e4tverk, referenstj\u00e4nster, resekonsiergetj\u00e4nster, tj\u00e4nster f\u00f6r s\u00e4kerhetsbekr\u00e4ftelse, medicinska informationssystemn\u00e4tverk, kryptovalutab\u00f6rser (utl\u00e4ndska), databaswebbplatser f\u00f6r ortodontikliniker, tj\u00e4nster f\u00f6r st\u00f6d till personer med funktionsneds\u00e4ttning, molnbaserade tj\u00e4nster f\u00f6r rekrytering av nyutexaminerade, anst\u00e4lldshantering och personalutbildning, officiella webbplatser f\u00f6r f\u00f6rs\u00e4ljning av importerade bilar, livsst\u00f6dstj\u00e4nster, st\u00f6dtj\u00e4nster f\u00f6r startups, tj\u00e4nster f\u00f6r kontroll av antisocialt beteende<\/p>\n\t<\/div>\n<\/section>\n\n<section class=\"white-section mgt-section mgb-section\">\n\t<div class=\"anchor\" id=\"games\"><\/div>\n\t<div class=\"section-inner-black\">\n\t\t<h3>Spel<\/h3>\n\t\t<p class=\"mgb-small\">Vi p\u00e5 MONOLITH LAW OFFICE har omfattande erfarenhet av att utforma anv\u00e4ndarvillkor f\u00f6r olika typer av spel, fr\u00e5n konsolspel till mobilspel. Vi f\u00f6rst\u00e5r de juridiska implikationerna och kraven som \u00e4r relaterade till spelverksamhet, inklusive upphovsr\u00e4ttslag, lag om prispromotion, betaltj\u00e4nstlag, konsumentavtalslag, lag om s\u00e4rskilda kommersiella transaktioner och telekommunikationsf\u00f6retagslag. Vi kan bist\u00e5 er med att skapa omfattande anv\u00e4ndarvillkor som f\u00f6ljer relevanta regleringar.<\/p>\n\t\t<p class=\"mgb-small\">Dessutom str\u00e4cker sig v\u00e5ra tj\u00e4nster ut\u00f6ver den initiala utformningen av anv\u00e4ndarvillkor. Vi erbjuder r\u00e5dgivning om laglig implementering av evenemang och andra aktiviteter relaterade till spelverksamhet. V\u00e5rt team \u00e4r kunnigt om de juridiska aspekterna av spelf\u00f6retag och kan ge v\u00e4gledning f\u00f6r att s\u00e4kerst\u00e4lla efterlevnad av till\u00e4mpliga lagar och f\u00f6rordningar.<\/p>\n\t\t<p class=\"mgb-middle\">Oavsett om ni \u00e4r en spelutvecklare eller ett f\u00f6retag som \u00e4r involverat i spelverksamhet, \u00e4r vi v\u00e4lutrustade f\u00f6r att erbjuda skr\u00e4ddarsydd juridisk support f\u00f6r att m\u00f6ta era specifika behov inom spelindustrin.<\/p>\n\t<\/div>\n<\/section>\n\n<section class=\"purple-section\">\n\t<div class=\"anchor\" id=\"publication-of-books-on-legal-matters-related-to-it\"><\/div>\n\t<div class=\"section-inner\">\n\t\t<div class=\"flex reverse\">\n\t\t\t<div class=\"width41\"><img decoding=\"async\" src=\"\/wp-content\/themes\/monolith2021\/img\/pic\/pic_publishing.jpg\" alt=\"Publikation av b\u00f6cker om juridiska fr\u00e5gor relaterade till IT\"><\/div>\n\t\t\t<div class=\"width51\">\n\t\t\t\t<h3>Publicering av b\u00f6cker om juridiska fr\u00e5gor relaterade till IT<\/h3>\n\t\t\t\t<p>Som en advokatbyr\u00e5 specialiserad p\u00e5 systemutveckling och IT-relaterade juridiska fr\u00e5gor, inklusive etablering av anv\u00e4ndarvillkor, webbtj\u00e4nster, appar och spelrelaterade problem, har Monolith Law Office publicerat en bok med titeln &#8220;L\u00e4ttf\u00f6rst\u00e5elig lag Q&amp;A f\u00f6r IT-ingenj\u00f6rer&#8221;. Boken \u00e4r f\u00f6rfattad av en tidigare ingenj\u00f6r som blev advokat och riktar sig fr\u00e4mst till IT-ingenj\u00f6rer. Den ger f\u00f6rklaringar till juridisk kunskap som \u00e4r specifikt anpassad till deras behov, och t\u00e4cker \u00e4mnen som utveckling av anv\u00e4ndarvillkor. Boken syftar till att erbjuda ett anv\u00e4ndarv\u00e4nligt tillv\u00e4gag\u00e5ngss\u00e4tt till juridiska koncept och hj\u00e4lpa IT-ingenj\u00f6rer att navigera i de juridiska aspekterna av sitt arbete.<\/p>\n\t\t\t<\/div>\n\t\t<\/div>\n\t<\/div>\n<\/section>\n\n<section class=\"white-section\">\n\t<div class=\"anchor\" id=\"crypto-asset-and-blockchain\"><\/div>\n\t<div class=\"section-inner\">\n\t\t<div class=\"flex\">\n\t\t\t<div class=\"width41\"><img decoding=\"async\" src=\"\/wp-content\/uploads\/2022\/07\/shutterstock_1151380622_2.png\" alt=\"Crypto Asset and Blockchain\"><\/div>\n\t\t\t<div class=\"width51\">\n\t\t\t\t<h3>Kryptovalutor och Blockchain<\/h3>\n\t\t\t\t<p>MONOLITH LAW OFFICE har aktivt arbetat med juridiska fr\u00e5gor relaterade till kryptovalutor och blockchain-teknologi sedan dess grundande 2017. Vi \u00e4r v\u00e4l rustade f\u00f6r att hantera juridiska \u00e4renden som r\u00f6r blockchain-baserade spel. Med v\u00e5r expertis inom IT och juridiska fr\u00e5gor relaterade till spel, kan vi erbjuda omfattande st\u00f6d i att navigera genom de juridiska komplexiteterna i blockchain-spel, inklusive regulatorisk efterlevnad, skydd av immateriella r\u00e4ttigheter, anv\u00e4ndaravtal och mer.<\/p>\n\t\t\t<\/div>\n\t\t<\/div>\n\t<\/div>\n<\/section>\n\n<section class=\"white-section mgb-section\">\n\t<div class=\"anchor\" id=\"medical-Apps-etc\"><\/div>\n\t<div class=\"section-inner-black\">\n\t\t<h3>Medicinska appar, etc.<\/h3>\n\t\t<p class=\"mgb-small\">V\u00e5r advokatbyr\u00e5 har ett starkt team av advokater, inklusive grundande advokaten som har en bakgrund inom IT-teknik och advokater som har omfattande erfarenhet av att hantera medicinska \u00e4renden. Med denna expertis \u00e4r vi v\u00e4l rustade f\u00f6r att hantera f\u00f6retag, appar och webbtj\u00e4nster relaterade till h\u00e4lso- och sjukv\u00e5rdsindustrin. Vi har ett bevisat framg\u00e5ngsrikt track record inom detta omr\u00e5de.<\/p>\n\t\t<p class=\"mgb-middle\">Den juridiska milj\u00f6n kring h\u00e4lso- och sjukv\u00e5rd i Japan kan vara komplex, men du kan lita p\u00e5 v\u00e5r byr\u00e5 f\u00f6r att navigera genom komplexiteten. Vi kan erbjuda omfattande juridiskt st\u00f6d anpassat till de unika behoven inom medicinsektorn, inklusive reglerings\u00f6verensst\u00e4mmelse, dataskydd, licensiering, kontrakt och tvistl\u00f6sning. V\u00e5rt m\u00e5l \u00e4r att s\u00e4kerst\u00e4lla att dina h\u00e4lso- och sjukv\u00e5rdsrelaterade f\u00f6retag bedrivs i enlighet med till\u00e4mpliga lagar och f\u00f6rordningar samtidigt som vi skyddar dina intressen.<\/p>\n\t<\/div>\n<\/section>\n\n<section class=\"orange-section\">\n\t<div class=\"anchor\" id=\"drafting-with-minimal-operating-time\"><\/div>\n\t<div class=\"section-inner\">\n\t\t<div class=\"flex\">\n\t\t\t<div class=\"width41\"><img decoding=\"async\" src=\"\/wp-content\/themes\/monolith2021\/img\/pic\/pic_draft.jpg\" alt=\"Drafting with Minimal Operating Time\"><\/div>\n\t\t\t<div class=\"width51\">\n\t\t\t\t<h3>Utarbetande med minimal driftstid<\/h3>\n\t\t\t\t<p class=\"mgb-small\">Med v\u00e5r huvudadvokat som tidigare var en IT-ingenj\u00f6r, har vi f\u00f6rm\u00e5gan att f\u00f6rst\u00e5 de tekniska aspekterna, anv\u00e4ndargr\u00e4nssnittet och funktionaliteten hos appar och webbtj\u00e4nster n\u00e4r vi skapar anv\u00e4ndarvillkor och andra relaterade dokument. Vi kan utnyttja befintliga kravdefinitioner, ramverk, landningssidor och marknadsf\u00f6ringsmaterial som ditt f\u00f6retag redan besitter, vilket g\u00f6r att vi kan tolka och extrahera den n\u00f6dv\u00e4ndiga informationen p\u00e5 v\u00e5r sida.<\/p>\n\t\t\t\t<p>Genom att minimera behovet av omfattande intervjuer eller m\u00f6ten kan vi effektivt utarbeta anv\u00e4ndarvillkoren samtidigt som vi minskar kommunikationskostnader och tidsramar. Denna strategi g\u00f6r att vi kan effektivisera processen och leverera resultat i tid.<\/p>\n\t\t\t<\/div>\n\t\t<\/div>\n\t<\/div>\n<\/section>\n\n<section class=\"white-section\">\n\t<div class=\"anchor\" id=\"some-examples-of-our-clients-and-the-products\"><\/div>\n\t<div class=\"section-inner\">\n\t\t<h3>N\u00e5gra exempel p\u00e5 v\u00e5ra klienter och deras produkter<\/h3>\n\t\t<ul class=\"layout-column4 mgb-middle\">\n\t\t\t<li>\n\t\t\t\t<div><img decoding=\"async\" src=\"\/wp-content\/themes\/monolith2021\/img\/clients\/logo_tokium.png\"><\/div>\n\t\t\t\t<h4><a href=\"https:\/\/www.keihi.com\/lp\/\" target=\"_blank\" rel=\"noopener noreferrer\">TOKIUM Expense Reimbursement<\/a><\/h4>\n\t\t\t\t<p>Vi har arbetat med TOKIUM Inc., f\u00f6retaget bakom f\u00f6retagsekonomiappen &#8220;TOKIUM Expense Reimbursement&#8221;, som deras chefsjurist. Vi har tillhandah\u00e5llit juridiskt st\u00f6d f\u00f6r deras projekt, inklusive lanseringen av deras utl\u00e4ggshanteringssystem &#8220;TOKIUM Invoice&#8221;.<\/p>\n\t\t\t<\/li>\n\t\t\t<li>\n\t\t\t\t<div><img decoding=\"async\" src=\"\/wp-content\/themes\/monolith2021\/img\/clients\/logo_seculio.png\"><\/div>\n\t\t\t\t<h4><a href=\"https:\/\/www.lrm.jp\/seculio\/feature\/\" target=\"_blank\" rel=\"noopener noreferrer\">Securio<\/a><\/h4>\n\t\t\t\t<p>Vi har varit revisor f\u00f6r LRM Corporation, som lanserar Securio, vilket f\u00f6rb\u00e4ttrar uppfattningen om informationss\u00e4kerhet i hela f\u00f6retaget.<\/p>\n\t\t\t<\/li>\n\t\t\t<li>\n\t\t\t\t<div><img decoding=\"async\" src=\"\/wp-content\/themes\/monolith2021\/img\/clients\/logo_tribeau.png\"><\/div>\n\t\t\t\t<h4><a href=\"https:\/\/corp.tribeau.jp\/\" target=\"_blank\" rel=\"noopener noreferrer\">TRIBEAU<\/a><\/h4>\n\t\t\t\t<p>Vi har arbetat med TRIBEAU Inc., f\u00f6retaget bakom appen f\u00f6r sk\u00f6nhetsmedicinska recensioner och bokningar &#8220;TRIBEAU&#8221;. Vi har tillhandah\u00e5llit juridisk assistans f\u00f6r lanseringen av b\u00e5de deras app och webbtj\u00e4nstversioner.<\/p>\n\t\t\t<\/li>\n\t\t\t<li>\n\t\t\t\t<div><img decoding=\"async\" src=\"\/wp-content\/themes\/monolith2021\/img\/clients\/logo_flowerknightgirl.png\"><\/div>\n\t\t\t\t<h4><a href=\"https:\/\/flower-knight-girl.com\/\" target=\"_blank\" rel=\"noopener noreferrer\">FLOWER KNIGHT GIRL<\/a><\/h4>\n\t\t\t\t<p>Vi har assisterat YourGames Inc. med lanseringen av deras popul\u00e4ra RPG-spel &#8220;FLOWER KNIGHT GIRL&#8221;, som har \u00f6verstigit en miljon registrerade anv\u00e4ndare. Spelet finns tillg\u00e4ngligt p\u00e5 DMM GAMES-plattformen.<\/p>\n\t\t\t<\/li>\n\t\t<\/ul>\n\t\t<p class=\"txt-s\">* Observera att dessa \u00e4r bara n\u00e5gra exempel, och vi har arbetat med m\u00e5nga andra klienter. Vi prioriterar klientkonfidentialitet och avsl\u00f6jar endast inblandning med f\u00f6retag som har gett sitt samtycke till offentligt erk\u00e4nnande eller de som \u00e4r registrerade i offentliga register som tj\u00e4nstem\u00e4n.<\/p>\n\t<\/div>\n<\/section>\n\n<section class=\"purple2-section\">\n\t<div class=\"anchor\" id=\"monolith-law-magazine\"><\/div>\n\t<div class=\"section-inner\">\n\t\t    <section class=\"white-section temp-article\">\n        <div class=\"section-inner\">\n            <h4>MONOLITH LAW MAGAZINE<\/h4>\n            <div class=\"articles type_practice_column\">\n                                                                    <div class=\"article article-area\">\n                        <figure>\n                            <div class=\"img-wrap\">\n                                <img alt=\"\u00c4r Googles omd\u00f6mesf\u00f6rmedling olaglig? En f\u00f6rklaring av relationen till lagen om marknadsf\u00f6ring och tillh\u00f6rande sanktioner\" src=\"https:\/\/monolith.law\/sv\/wp-content\/uploads\/sites\/29\/2025\/08\/18d044df35c4f42bb7e1507848a5e228.webp\" width=\"500\" height=\"250\">\n                            <\/div>\n                            <figcaption>\n                                <div class=\"figcaption-inner\">\n                                    <h3>\u00c4r Googles omd\u00f6mesf\u00f6rmedling olaglig? En f\u00f6rklaring av relationen till lagen om .<\/h3>\n                                <\/div>\n                            <\/figcaption>\n                            <a href=\"https:\/\/monolith.law\/sv\/it\/google-review-agency\"><\/a>\n                        <\/figure>\n                    <\/div>\n                                                    <div class=\"article article-area\">\n                        <figure>\n                            <div class=\"img-wrap\">\n                                <img alt=\"Vad \u00e4r 'molnundantaget' i personuppgiftslagen? En f\u00f6rklaring baserad p\u00e5 verkliga exempel av administrativa v\u00e4gledningar som mottagits av molntj\u00e4nstleverant\u00f6rer.\" src=\"https:\/\/monolith.law\/sv\/wp-content\/uploads\/sites\/29\/2025\/08\/0cdfadb6e93fc71449935bfe824bbde2.jpg\" width=\"500\" height=\"250\">\n                            <\/div>\n                            <figcaption>\n                                <div class=\"figcaption-inner\">\n                                    <h3>Vad \u00e4r 'molnundantaget' i personuppgiftslagen? En f\u00f6rklaring baserad p\u00e5 verkliga.<\/h3>\n                                <\/div>\n                            <\/figcaption>\n                            <a href=\"https:\/\/monolith.law\/sv\/it\/personal-information-cloud-exceptions\"><\/a>\n                        <\/figure>\n                    <\/div>\n                                                    <div class=\"article article-area\">\n                        <figure>\n                            <div class=\"img-wrap\">\n                                <img alt=\"Vilka \u00e4r riskerna med att anv\u00e4nda ChatGPT i verksamheten? En f\u00f6rklaring av juridiska fr\u00e5gor\" src=\"https:\/\/monolith.law\/sv\/wp-content\/uploads\/sites\/29\/2024\/04\/Shutterstock_2252802247-1.webp\" width=\"500\" height=\"250\">\n                            <\/div>\n                            <figcaption>\n                                <div class=\"figcaption-inner\">\n                                    <h3>Vilka \u00e4r riskerna med att anv\u00e4nda ChatGPT i verksamheten? En f\u00f6rklaring av jurid.<\/h3>\n                                <\/div>\n                            <\/figcaption>\n                            <a href=\"https:\/\/monolith.law\/sv\/it\/chatgpt-legal-issues\"><\/a>\n                        <\/figure>\n                    <\/div>\n                                            <\/div>\n            <div class=\"btn-more\"><a href=\"https:\/\/monolith.law\/sv\/tag\/terms-of-use\">Read More<\/a><\/div>\n        <\/div>\n    <\/section>\n\t<\/div>\n<\/section>\n\n<section class=\"orange2-section\">\n\t<div class=\"anchor\" id=\"fee-structure\"><\/div>\n\t<div class=\"section-inner\">\n\t<div class=\"planWrap\">\n\t<h3>Avgiftsstruktur<\/h3>\n\t<ul class=\"plan\">\n\t\t<li class=\"txt-left\">\n\t\t\t<div class=\"plan-inner\">\n\t\t\t<div class=\"plan-header\">\n\t\t\t<h4 class=\"plan-title\">Timtaxa<\/h4>\n\t\t\t<div class=\"plan-price\"><span class=\"price-figure\">$300<\/span>per timme<span class=\"price-tax\"><\/span><\/div>\n\t\t\t<\/div>\n\t\t\t<div class=\"plan-body\">I vissa fall kan vi \u00f6verv\u00e4ga att acceptera en tvist eller ett m\u00e5l med en startavgift och en resultatbaserad avgift. F\u00f6r mer information, tveka inte att kontakta oss.<\/div>\n\t\t\t<\/div>\n\t\t<\/li>\n\t\t<li class=\"txt-left\">\n\t\t\t<div class=\"plan-inner\">\n\t\t\t<div class=\"plan-header\">\n\t\t\t<h4 class=\"plan-title\">Uppr\u00e4ttande av Avtal<\/h4>\n\t\t\t<div class=\"plan-price\"><span class=\"price-value\">fr\u00e5n<\/span><span class=\"price-figure\">$500<\/span><span class=\"price-value\">till $2,000 eller mer<\/span><span class=\"price-tax\"><\/span><\/div>\n\t\t\t<\/div>\n\t\t\t<div class=\"plan-body\">Prisstrukturen kan variera beroende p\u00e5 typ och m\u00e4ngd av avtal. Vi erbjuder g\u00e4rna en prelimin\u00e4r kostnadsuppskattning vid f\u00f6rfr\u00e5gan, s\u00e5 vi uppmuntrar dig att kontakta oss f\u00f6r ytterligare information.<\/div>\n\t\t\t<\/div>\n\t\t<\/li>\n\t\t<li class=\"txt-left\">\n\t\t\t<div class=\"plan-inner\">\n\t\t\t<div class=\"plan-header\">\n\t\t\t<h4 class=\"plan-title\">\u00d6vriga Tj\u00e4nster<\/h4>\n\t\t\t<div class=\"plan-price\"><span class=\"price-figure\">Kontakta Oss<\/span><\/div>\n\t\t\t<\/div>\n\t\t\t<div class=\"plan-body\">Vi erbjuder ett brett utbud av tj\u00e4nster inklusive bolagsbildning, granskning av avtal, juridiska yttranden, fallgenomg\u00e5ngar eller forskningsbrev. Om du har n\u00e5gra fr\u00e5gor eller funderingar, inbjuder vi dig hj\u00e4rtligt att kontakta oss och v\u00e5rt kunniga team kommer g\u00e4rna att assistera dig.<\/div>\n\t\t\t<\/div>\n\t\t\t<\/div>\n\t\t<\/li>\n\t<\/ul>\n\t<\/div>\n\t<\/div>\n<\/section>\n\n<section class=\"white-section\">\n\t<div class=\"section-inner\">\n\t\t<div class=\"btn-area\">\n\t\t\t<div class=\"btn icon-contact\"><a href=\"\/sv\/contact\">Kontakta Oss<\/a><\/div>\n\t\t<\/div>\n\t<\/div>\n<\/section>\n","protected":false},"excerpt":{"rendered":"<p>Anv\u00e4ndarvillkor P\u00e5 MONOLITH LAW OFFICE hanterar vi skapandet och granskningen av anv\u00e4ndarvillkor och integritetspolicyer f\u00f6r olika appar, tj\u00e4nster och spel i Japan. Dessutom kan vi l\u00e4sa och analysera  [&hellip;]<\/p>\n","protected":false},"author":1,"featured_media":57154,"parent":0,"menu_order":7,"comment_status":"closed","ping_status":"closed","template":"other-page-temp.php","meta":{"footnotes":""},"acf":[],"_links":{"self":[{"href":"https:\/\/monolith.law\/sv\/wp-json\/wp\/v2\/pages\/32193"}],"collection":[{"href":"https:\/\/monolith.law\/sv\/wp-json\/wp\/v2\/pages"}],"about":[{"href":"https:\/\/monolith.law\/sv\/wp-json\/wp\/v2\/types\/page"}],"author":[{"embeddable":true,"href":"https:\/\/monolith.law\/sv\/wp-json\/wp\/v2\/users\/1"}],"replies":[{"embeddable":true,"href":"https:\/\/monolith.law\/sv\/wp-json\/wp\/v2\/comments?post=32193"}],"version-history":[{"count":19,"href":"https:\/\/monolith.law\/sv\/wp-json\/wp\/v2\/pages\/32193\/revisions"}],"predecessor-version":[{"id":62750,"href":"https:\/\/monolith.law\/sv\/wp-json\/wp\/v2\/pages\/32193\/revisions\/62750"}],"wp:featuredmedia":[{"embeddable":true,"href":"https:\/\/monolith.law\/sv\/wp-json\/wp\/v2\/media\/57154"}],"wp:attachment":[{"href":"https:\/\/monolith.law\/sv\/wp-json\/wp\/v2\/media?parent=32193"}],"curies":[{"name":"wp","href":"https:\/\/api.w.org\/{rel}","templated":true}]}}