{"id":32253,"date":"2023-11-06T23:30:39","date_gmt":"2023-11-06T14:30:39","guid":{"rendered":"https:\/\/monolith.law\/?page_id=32253"},"modified":"2024-08-14T13:13:56","modified_gmt":"2024-08-14T04:13:56","slug":"system-development","status":"publish","type":"page","link":"https:\/\/monolith.law\/sv\/system-development","title":{"rendered":"Systemutveckling"},"content":{"rendered":"\n<section class=\"heading-area\">\n\t<div class=\"heading-area-inner\">\n\t\t<h2 class=\"icon-system-development\">Systemutveckling<\/h2>\n\t\t<p>Specialiserad systemutveckling inneb\u00e4r ofta komplexa problem och f\u00f6rhandlingar vid kontraktsf\u00f6rhandlingar. Vi \u00e4r redo att st\u00f6dja ert f\u00f6retag genom att anv\u00e4nda v\u00e5r kunskap inte bara som juridiska experter utan \u00e4ven som IT-experter f\u00f6r att avg\u00f6ra vad som \u00e4r v\u00e4sentligt f\u00f6r f\u00f6retaget.<\/p>\n\t<\/div>\n<\/section>\n\n<section class=\"white-section\">\n\t<div class=\"section-inner pdt0 border-bottom-section\">\n\t\t<p>MONOLITH LAW OFFICE \u00e4r en advokatbyr\u00e5 ledd av en advokat som tidigare var IT-ingenj\u00f6r, och vi hanterar allt fr\u00e5n att utforma, revidera och f\u00f6rhandla kontrakt f\u00f6r specialiserad systemutveckling till att l\u00f6sa tvister n\u00e4r de uppst\u00e5r. Vi utformar ocks\u00e5 kontrakt fr\u00e5n grunden baserat p\u00e5 befintliga material, s\u00e5som f\u00f6rslagsdokument, och med ett minimum av m\u00f6ten.<\/p>\n\t<\/div>\n<\/section>\n\n<section class=\"second-nav\">\n\t<div class=\"second-nav-inner\">\n\t\t<p>\u00c4MNEN<\/p>\n\t\t<nav>\n\t\t\t<ul>\n\t\t\t\t<li><a href=\"#contract-drafting-in-system-development\">Kontraktsskrivning i systemutveckling<\/a><\/li>\n\t\t\t\t<li><a href=\"#dispute-resolution-in-system-development\">Tvistl\u00f6sning i systemutveckling<\/a><\/li>\n\t\t\t\t<li><a href=\"#drafting-with-minimal-operating-time\">Utarbetande med minimal drifttid<\/a><\/li>\n\t\t\t\t<li><a href=\"#examples-of-support-provided-by-our-firm\">Exempel p\u00e5 st\u00f6d som v\u00e5r byr\u00e5 erbjuder<\/a><\/li>\n\t\t\t\t<li><a href=\"#publication-achievements-systems-development-legal\">Publikationsframg\u00e5ngar<\/a><\/li>\n\t\t\t\t<li><a href=\"#crypto-assets-and-blockchain\">Kryptovalutor och blockchain<\/a><\/li>\n\t\t\t\t<li><a href=\"#manda\">M&amp;A<\/a><\/li>\n\t\t\t\t<li><a href=\"#monolith-law-magazine\">MONOLITH LAW MAGAZINE<\/a><\/li>\n\t\t\t\t<li><a href=\"#fee-structure\">Prisstruktur<\/a><\/li>\n\t\t\t<\/ul>\n\t\t<\/nav>\n\t<\/div>\n<\/section>\n\n<section class=\"white-section mgt-section mgb-section80\">\n\t<div class=\"anchor\" id=\"contract-drafting-in-system-development\"><\/div>\n\t<div class=\"section-inner-black\">\n\t\t<h3>F\u00f6rberedelse av systemutvecklingskontrakt<\/h3>\n\t\t<p class=\"mgb-small\">I fallet med systemutveckling, \u00e4ven om abstrakta klausuler som ansvar vid kontraktsm\u00e4ssig icke-\u00f6verensst\u00e4mmelse kan tillhandah\u00e5llas, s\u00e4ger kontraktet bara &#8220;genom separat \u00f6verenskommelse&#8221;. Med andra ord n\u00e4mns inte system- eller projektspecifika omst\u00e4ndigheter direkt. Som ett resultat \u00e4r det ofta oklart vad utfallet kommer att bli vid en faktisk tvist.<\/p>\n\t\t<p class=\"mgb-middle\">V\u00e5rt f\u00f6retag anser att inte bara utformningen av kontrakt, utan ocks\u00e5 en djup f\u00f6rst\u00e5else f\u00f6r de relaterade systemutvecklingarna \u00e4r en viktig del av v\u00e5rt arbete.<\/p>\n\n\t<\/div>\n<\/section>\n\n<section class=\"purple-section\">\n\t<div class=\"anchor\" id=\"dispute-resolution-in-system-development\"><\/div>\n\t<div class=\"section-inner\">\n\t\t<div class=\"flex\">\n\t\t\t<div class=\"width41\"><img decoding=\"async\" src=\"\/wp-content\/themes\/monolith2021\/img\/systemdevelopment\/systemdevelopment_pic1.jpg\" alt=\"Tvistl\u00f6sning i systemutveckling\"><\/div>\n\t\t\t<div class=\"width51\">\n\t\t\t\t<h3> Tvistl\u00f6sning inom systemutveckling<\/h3>\n\t\t\t\t<p class=\"mgb-small\">N\u00e4r en tvist uppst\u00e5r tar vi ansvar f\u00f6r utomr\u00e4ttsliga skadest\u00e5ndskrav, samt tillf\u00e4lliga f\u00f6rbud och r\u00e4tteg\u00e5ngar.<\/p>\n\t\t\t\t<p>Det \u00e4r dock f\u00f6redraget att tvister aldrig uppst\u00e5r, och \u00e4ven om det finns en m\u00f6jlighet f\u00f6r en tvist, \u00e4r det b\u00e4st att den inte g\u00e5r till r\u00e4tteg\u00e5ng. Detta \u00e4r v\u00e5r grundl\u00e4ggande syn och st\u00e5ndpunkt, och vi tillhandah\u00e5ller dagliga juridiska tj\u00e4nster till v\u00e5ra f\u00f6retagskunder baserat p\u00e5 detta antagande.<\/p>\n\t\t\t<\/div>\n\t\t<\/div>\n\t<\/div>\n<\/section>\n\n<section class=\"white-section\">\n\t<div class=\"anchor\" id=\"drafting-with-minimal-operating-time\"><\/div>\n\t<div class=\"section-inner\">\n\t\t<div class=\"flex reverse\">\n\t\t\t<div class=\"width41\"><img decoding=\"async\" src=\"\/wp-content\/themes\/monolith2021\/img\/pic\/pic_draft.jpg\" alt=\"Utkast med minimal driftstid\"><\/div>\n\t\t\t<div class=\"width51\">\n\t\t\t\t<h3>Utarbetande med minimal drifttid<\/h3>\n\t\t\t\t<p class=\"mgb-small\">V\u00e5r grundande advokat \u00e4r en f\u00f6re detta IT-ingenj\u00f6r.<\/p>\n\t\t\t\t<p class=\"mgb-small\">F\u00f6r att utarbeta ett kontrakt f\u00f6r systemutveckling och designa ett uppl\u00e4gg som en f\u00f6ruts\u00e4ttning f\u00f6r ett s\u00e5dant kontrakt, \u00e4r det n\u00f6dv\u00e4ndigt att f\u00f6rst\u00e5 konturerna av det relevanta systemet. Vi kan l\u00e4sa de olika dokument och data som redan finns i ert f\u00f6retag, s\u00e5som kravdefinitioner och f\u00f6rs\u00e4ljningsmaterial f\u00f6r potentiella kunder f\u00f6r den aktuella systemutvecklingen, p\u00e5 v\u00e5r sida.<\/p>\n\t\t\t\t<p>D\u00e4rf\u00f6r kan vi f\u00f6rbereda utkast till kontrakt och andra dokument med ett minimum av tid som spenderas p\u00e5 m\u00f6ten och liknande, vilket effektivt minskar kommunikationskostnader och den tid som kr\u00e4vs f\u00f6r f\u00f6rberedelser.<\/p>\n\t\t\t<\/div>\n\t\t<\/div>\n\t<\/div>\n<\/section>\n\n<section class=\"orange-section\">\n\t<div class=\"anchor\" id=\"examples-of-support-provided-by-our-firm\"><\/div>\n\t<div class=\"section-inner\">\n\t\t<h3 class=\"mgb-middle\">Exempel p\u00e5 st\u00f6d som v\u00e5r byr\u00e5 erbjuder<\/h3>\n\t\t<ul class=\"layout-column4\">\n\t\t\t<li>\n\t\t\t\t<div><img decoding=\"async\" src=\"\/wp-content\/themes\/monolith2021\/img\/systemdevelopment\/systemdevelopment_support_pic1.jpg\"><\/div>\n\t\t\t\t<h4>IT-leverant\u00f6rer<\/h4>\n\t\t\t\t<p>Vi erbjuder en m\u00e4ngd tj\u00e4nster f\u00f6r f\u00f6retag som tillhandah\u00e5ller tj\u00e4nster f\u00f6r systemutveckling, fr\u00e5n att utarbeta kontrakt relaterade till systemutveckling till tvistl\u00f6sning, i form av juridisk r\u00e5dgivning och andra juridiska tj\u00e4nster. Vi hanterar ocks\u00e5 framkantsomr\u00e5den s\u00e5som blockchain-relaterade \u00e4renden.<\/p>\n\t\t\t<\/li>\n\t\t\t<li>\n\t\t\t\t<div><img decoding=\"async\" src=\"\/wp-content\/themes\/monolith2021\/img\/systemdevelopment\/systemdevelopment_support_pic2.jpg\"><\/div>\n\t\t\t\t<h4>Aff\u00e4rsf\u00f6retag<\/h4>\n\t\t\t\t<p>Vi erbjuder en m\u00e4ngd tj\u00e4nster till aff\u00e4rsf\u00f6retag som best\u00e4ller systemutvecklingsarbete. S\u00e4rskilt f\u00f6r nya verksamheter hos f\u00f6retag som inte \u00e4r specialiserade p\u00e5 IT, kan vi erbjuda st\u00f6d inklusive systemdesign f\u00f6r hela verksamheten, inklusive uppf\u00f6ljning efter leverans.<\/p>\n\t\t\t<\/li>\n\t\t\t<li>\n\t\t\t\t<div><img decoding=\"async\" src=\"\/wp-content\/themes\/monolith2021\/img\/systemdevelopment\/systemdevelopment_support_pic3.jpg\"><\/div>\n\t\t\t\t<h4>System Engineering Services (SES)<\/h4>\n\t\t\t\t<p>MONOLITH LAW OFFICE tillhandah\u00e5ller juridiska tj\u00e4nster till m\u00e5nga SES-f\u00f6retag. Vi \u00e4r engagerade i att utarbeta kontrakt relaterade till SES, l\u00f6sa tvister utanf\u00f6r domstol ang\u00e5ende specifika problem och hantera r\u00e4tteg\u00e5ngar.<\/p>\n\t\t\t<\/li>\n\t\t\t<li>\n\t\t\t\t<div><img decoding=\"async\" src=\"\/wp-content\/themes\/monolith2021\/img\/systemdevelopment\/systemdevelopment_support_pic4.jpg\"><\/div>\n\t\t\t\t<h4>\u00d6ppen k\u00e4llkodsprogramvara (OSS)<\/h4>\n\t\t\t\t<p>Vi har framg\u00e5ngsrikt tillhandah\u00e5llit professionell design och \u00f6vervakning av anv\u00e4ndardokumentation f\u00f6r f\u00f6retag som erbjuder b\u00e5de GPL och andra \u00f6ppna k\u00e4llkodslicenser, samt kommersiella licenser.<\/p>\n\t\t\t<\/li>\n\t\t<\/ul>\n\t<\/div>\n<\/section>\n\n<section class=\"white-section\">\n\t<div class=\"anchor\" id=\"publication-achievements-systems-development-legal\"><\/div>\n\t<div class=\"section-inner\">\n\t\t<div class=\"flex reverse\">\n\t\t\t<div class=\"width41\"><img decoding=\"async\" src=\"\/wp-content\/themes\/monolith2021\/img\/pic\/pic_publishing.jpg\" alt=\"Publikation av b\u00f6cker om juridiska fr\u00e5gor relaterade till systemutveckling\"><\/div>\n\t\t\t<div class=\"width51\">\n\t\t\t\t<h3>Publicering av b\u00f6cker om juridiska fr\u00e5gor relaterade till systemutveckling<\/h3>\n\t\t\t\t<p class=\"mgb-small\">Som en advokatbyr\u00e5 som specialiserar sig p\u00e5 systemutveckling f\u00f6r webbtj\u00e4nster, applikationer och spel, har vi publicerat boken &#8220;Introduktiv juridisk fr\u00e5ga &amp; svar f\u00f6r IT-ingenj\u00f6rer&#8221;. I boken f\u00f6rklarar en tidigare ingenj\u00f6r advokat huvudsakligen juridisk kunskap f\u00f6r IT-ingenj\u00f6rer.<\/p>\n\t\t\t\t<p>Boken best\u00e5r av kapitlen Fallgropar i upphovsr\u00e4tt, Fallgropar i utvecklingskontrakt, Fallgropar i arbetsrelationer, Kontrollpunkter i kontrakt, och ger juridiska f\u00f6rklaringar till specifika punkter som kan vara problematiska i faktiska systemutvecklingssituationer.<\/p>\n\t\t\t<\/div>\n\t\t<\/div>\n\t<\/div>\n<\/section>\n\n<section class=\"purple-section\">\n\t<div class=\"anchor\" id=\"crypto-assets-and-blockchain\"><\/div>\n\t<div class=\"section-inner\">\n\t\t<div class=\"flex\">\n\t\t\t<div class=\"width41\"><img decoding=\"async\" src=\"\/wp-content\/uploads\/2022\/07\/shutterstock_1151380622_2.png\" alt=\"Crypto Assets and Blockchain\"><\/div>\n\t\t\t<div class=\"width51\">\n\t\t\t\t<h3>Kryptovalutor och Blockchain<\/h3>\n\t\t\t\t<p>Blockchain \u00e4r en decentraliserad databas, med l\u00e5g risk f\u00f6r f\u00f6rlust av poster, och sv\u00e5rt att \u00e4ndra tidigare poster. Detta \u00e4r m\u00f6jligt genom IT-tekniker som konsensusalgoritmer, kryptografi och P2P-n\u00e4tverk. MONOLITH LAW OFFICE har varit involverad i juridiskt arbete med kryptovalutor och blockchain sedan dess \u00f6ppning 2017.<\/p>\n\t\t\t<\/div>\n\t\t<\/div>\n\t<\/div>\n<\/section>\n\n<section class=\"white-section mgt-section mgb-section\">\n\t<div class=\"anchor\" id=\"manda\"><\/div>\n\t<div class=\"section-inner-black\">\n\t\t<h3>M&amp;A<\/h3>\n\t\t<p class=\"mgb-middle\">Vi har omfattande erfarenhet av M&amp;A som involverar IT-system, inklusive f\u00f6retags\u00f6verl\u00e5telser och f\u00f6rv\u00e4rv av applikationer och webbtj\u00e4nster.<\/p>\n\t<\/div>\n<\/section>\n\n<section class=\"purple2-section\">\n\t<div class=\"anchor\" id=\"monolith-law-magazine\"><\/div>\n\t<div class=\"section-inner\">\n\t\t    <section class=\"white-section temp-article\">\n        <div class=\"section-inner\">\n            <h4>MONOLITH LAW MAGAZINE<\/h4>\n            <div class=\"articles type_practice_column\">\n                                                                    <div class=\"article article-area\">\n                        <figure>\n                            <div class=\"img-wrap\">\n                                <img alt=\"\u00c5tta juridiska fr\u00e5gor som uppst\u00e5r vid mjukvaruutveckling med anv\u00e4ndning av \u00f6ppen k\u00e4llkod (OSS) f\u00f6rklaras\" src=\"https:\/\/monolith.law\/sv\/wp-content\/uploads\/sites\/29\/2025\/08\/2e3dcd72416c364f481cdcf21967a2a8.webp\" width=\"500\" height=\"250\">\n                            <\/div>\n                            <figcaption>\n                                <div class=\"figcaption-inner\">\n                                    <h3>\u00c5tta juridiska fr\u00e5gor som uppst\u00e5r vid mjukvaruutveckling med anv\u00e4ndning av \u00f6ppen.<\/h3>\n                                <\/div>\n                            <\/figcaption>\n                            <a href=\"https:\/\/monolith.law\/sv\/it\/oss-law\"><\/a>\n                        <\/figure>\n                    <\/div>\n                                                    <div class=\"article article-area\">\n                        <figure>\n                            <div class=\"img-wrap\">\n                                <img alt=\"I vilken utstr\u00e4ckning \u00e4r leverant\u00f6rer ansvariga f\u00f6r leveranser som inkluderar OSS? En f\u00f6rklaring av civilr\u00e4ttsligt ansvar och \u00e5tg\u00e4rder f\u00f6r varje typ av kontrakt.\" src=\"https:\/\/monolith.law\/sv\/wp-content\/uploads\/sites\/29\/2025\/08\/a3e2bebbbd18ab9195487c8b62e3ba94.webp\" width=\"500\" height=\"250\">\n                            <\/div>\n                            <figcaption>\n                                <div class=\"figcaption-inner\">\n                                    <h3>I vilken utstr\u00e4ckning \u00e4r leverant\u00f6rer ansvariga f\u00f6r leveranser som inkluderar OS.<\/h3>\n                                <\/div>\n                            <\/figcaption>\n                            <a href=\"https:\/\/monolith.law\/sv\/it\/oss-contract\"><\/a>\n                        <\/figure>\n                    <\/div>\n                                                    <div class=\"article article-area\">\n                        <figure>\n                            <div class=\"img-wrap\">\n                                <img alt=\"Viktiga \u00f6verv\u00e4ganden n\u00e4r man anv\u00e4nder OSS i mjukvaruutvecklingskontrakt\" src=\"https:\/\/monolith.law\/sv\/wp-content\/uploads\/sites\/29\/2025\/08\/9132dea58501d53c6b72439e72a5a1e0.webp\" width=\"500\" height=\"250\">\n                            <\/div>\n                            <figcaption>\n                                <div class=\"figcaption-inner\">\n                                    <h3>Viktiga \u00f6verv\u00e4ganden n\u00e4r man anv\u00e4nder OSS i mjukvaruutvecklingskontrakt<\/h3>\n                                <\/div>\n                            <\/figcaption>\n                            <a href=\"https:\/\/monolith.law\/sv\/it\/oss-development-contract\"><\/a>\n                        <\/figure>\n                    <\/div>\n                                            <\/div>\n            <div class=\"btn-more\"><a href=\"https:\/\/monolith.law\/sv\/tag\/system-development\">Read More<\/a><\/div>\n        <\/div>\n    <\/section>\n\t<\/div>\n<\/section>\n\n<section class=\"orange2-section\">\n\t<div class=\"anchor\" id=\"fee-structure\"><\/div>\n\t<div class=\"section-inner\">\n\t<div class=\"planWrap\">\n\t<h3>Avgiftsstruktur<\/h3>\n\t<ul class=\"plan\">\n\t\t<li class=\"txt-left\">\n\t\t\t<div class=\"plan-inner\">\n\t\t\t<div class=\"plan-header\">\n\t\t\t<h4 class=\"plan-title\">Timtaxa<\/h4>\n\t\t\t<div class=\"plan-price\"><span class=\"price-figure\">$300<\/span>per timme<span class=\"price-tax\"><\/span><\/div>\n\t\t\t<\/div>\n\t\t\t<div class=\"plan-body\">I vissa fall kan vi \u00f6verv\u00e4ga att acceptera en tvist eller ett m\u00e5l med en startavgift och en resultatbaserad avgift. F\u00f6r mer information, tveka inte att kontakta oss.<\/div>\n\t\t\t<\/div>\n\t\t<\/li>\n\t\t<li class=\"txt-left\">\n\t\t\t<div class=\"plan-inner\">\n\t\t\t<div class=\"plan-header\">\n\t\t\t<h4 class=\"plan-title\">Uppr\u00e4ttande av Avtal<\/h4>\n\t\t\t<div class=\"plan-price\"><span class=\"price-value\">fr\u00e5n<\/span><span class=\"price-figure\">$500<\/span><span class=\"price-value\">till $2,000 eller mer<\/span><span class=\"price-tax\"><\/span><\/div>\n\t\t\t<\/div>\n\t\t\t<div class=\"plan-body\">Prisstrukturen kan variera beroende p\u00e5 typ och m\u00e4ngd av avtal. Vi erbjuder g\u00e4rna en prelimin\u00e4r kostnadsuppskattning vid f\u00f6rfr\u00e5gan, s\u00e5 vi uppmuntrar dig att kontakta oss f\u00f6r ytterligare information.<\/div>\n\t\t\t<\/div>\n\t\t<\/li>\n\t\t<li class=\"txt-left\">\n\t\t\t<div class=\"plan-inner\">\n\t\t\t<div class=\"plan-header\">\n\t\t\t<h4 class=\"plan-title\">\u00d6vriga Tj\u00e4nster<\/h4>\n\t\t\t<div class=\"plan-price\"><span class=\"price-figure\">Kontakta Oss<\/span><\/div>\n\t\t\t<\/div>\n\t\t\t<div class=\"plan-body\">Vi erbjuder ett brett utbud av tj\u00e4nster inklusive bolagsbildning, granskning av avtal, juridiska yttranden, fallgenomg\u00e5ngar eller forskningsbrev. Om du har n\u00e5gra fr\u00e5gor eller funderingar, inbjuder vi dig hj\u00e4rtligt att kontakta oss och v\u00e5rt kunniga team kommer g\u00e4rna att assistera dig.<\/div>\n\t\t\t<\/div>\n\t\t\t<\/div>\n\t\t<\/li>\n\t<\/ul>\n\t<\/div>\n\t<\/div>\n<\/section>\n\n<section class=\"white-section\">\n\t<div class=\"section-inner\">\n\t\t<div class=\"btn-area\">\n\t\t\t<div class=\"btn icon-contact\"><a href=\"\/sv\/contact\">Kontakta Oss<\/a><\/div>\n\t\t<\/div>\n\t<\/div>\n<\/section>\n","protected":false},"excerpt":{"rendered":"<p>Systemutveckling Specialiserad systemutveckling inneb\u00e4r ofta komplexa problem och f\u00f6rhandlingar vid kontraktsf\u00f6rhandlingar. Vi \u00e4r redo att st\u00f6dja ert f\u00f6retag genom att anv\u00e4nda v\u00e5r kunskap inte bara so [&hellip;]<\/p>\n","protected":false},"author":1,"featured_media":57152,"parent":0,"menu_order":7,"comment_status":"closed","ping_status":"closed","template":"other-page-temp.php","meta":{"footnotes":""},"acf":[],"_links":{"self":[{"href":"https:\/\/monolith.law\/sv\/wp-json\/wp\/v2\/pages\/32253"}],"collection":[{"href":"https:\/\/monolith.law\/sv\/wp-json\/wp\/v2\/pages"}],"about":[{"href":"https:\/\/monolith.law\/sv\/wp-json\/wp\/v2\/types\/page"}],"author":[{"embeddable":true,"href":"https:\/\/monolith.law\/sv\/wp-json\/wp\/v2\/users\/1"}],"replies":[{"embeddable":true,"href":"https:\/\/monolith.law\/sv\/wp-json\/wp\/v2\/comments?post=32253"}],"version-history":[{"count":34,"href":"https:\/\/monolith.law\/sv\/wp-json\/wp\/v2\/pages\/32253\/revisions"}],"predecessor-version":[{"id":69076,"href":"https:\/\/monolith.law\/sv\/wp-json\/wp\/v2\/pages\/32253\/revisions\/69076"}],"wp:featuredmedia":[{"embeddable":true,"href":"https:\/\/monolith.law\/sv\/wp-json\/wp\/v2\/media\/57152"}],"wp:attachment":[{"href":"https:\/\/monolith.law\/sv\/wp-json\/wp\/v2\/media?parent=32253"}],"curies":[{"name":"wp","href":"https:\/\/api.w.org\/{rel}","templated":true}]}}