{"id":32408,"date":"2023-11-07T23:20:29","date_gmt":"2023-11-07T14:20:29","guid":{"rendered":"https:\/\/monolith.law\/?page_id=32408"},"modified":"2024-01-29T18:36:36","modified_gmt":"2024-01-29T09:36:36","slug":"m-and-a","status":"publish","type":"page","link":"https:\/\/monolith.law\/sv\/m-and-a","title":{"rendered":"M&amp;A"},"content":{"rendered":"\n<section class=\"heading-area\">\n\t<div class=\"heading-area-inner\">\n\t\t<h2 class=\"icon-m-and-a\">M&amp;A<\/h2>\n\t\t<p>MONOLITH LAW OFFICE har hanterat ett flertal \u00e4gar- och M&amp;A-relaterade juridiska \u00e4renden med fokus p\u00e5 IT, inklusive appar och webbtj\u00e4nster. Vi \u00e4r kapabla att hantera juridisk due diligence (DD) vid f\u00f6retagsf\u00f6rv\u00e4rv och andra situationer.<\/p>\n\t<\/div>\n<\/section>\n\n<section class=\"white-section\">\n\t<div class=\"section-inner pdt0 border-bottom-section\">\n\t\t<p>MONOLITH LAW OFFICE har hanterat m\u00e5nga M&amp;A-transaktioner, inklusive f\u00f6retags\u00f6verl\u00e5telser, \u00e4garrelaterade juridiska fr\u00e5gor s\u00e5som nyemissioner till tredje part, utgivning av aktieoptioner, management buyouts (MBO) och etablering av joint ventures (JV), samt tvistl\u00f6sning relaterad till dessa transaktioner, fr\u00e4mst inom IT-omr\u00e5det, inklusive appar och webbtj\u00e4nster. Dessutom har vi ett system f\u00f6r att hantera s\u00e5 kallad juridisk due diligence (DD), vilket \u00e4r en juridisk unders\u00f6kning f\u00f6r att bekr\u00e4fta om det finns n\u00e5gra s\u00e4rskilt allvarliga juridiska problem i situationer som f\u00f6retagsf\u00f6rv\u00e4rv.<\/p>\n\t<\/div>\n<\/section>\n\n<section class=\"second-nav\">\n\t<div class=\"second-nav-inner\">\n\t\t<p>\u00c4MNEN<\/p>\n\t\t<nav>\n\t\t\t<ul>\n\t\t\t\t<li><a href=\"#examples-of-support-provided-by-our-firm\">Exempel p\u00e5 st\u00f6d som v\u00e5r firma erbjuder<\/a><\/li>\n\t\t\t\t<li><a href=\"#share-and-capital-increase\">Aktie- och kapital\u00f6kning<\/a><\/li>\n\t\t\t\t<li><a href=\"#ma-related-legal-affairs\">M&amp;A-relaterade juridiska fr\u00e5gor<\/a><\/li>\n\t\t\t\t<li><a href=\"#ma-of-sns-such-as-youtube\">M&amp;A av SNS s\u00e5som YouTube<\/a><\/li>\n\t\t\t\t<li><a href=\"#one-stop-service-in-cooperation-with-judicial-scriveners\">One-stop service i samarbete med juridiska skrivare<\/a><\/li>\n\t\t\t\t<li><a href=\"#legal-due-diligence-dd-support\">St\u00f6d f\u00f6r juridisk due diligence (DD)<\/a><\/li>\n\t\t\t\t<li><a href=\"#legal-due-diligence-cases-we-have-handled\">R\u00e4ttsliga due diligence-fall som vi har hanterat<\/a><\/li>\n\t\t\t\t<li><a href=\"#disputes-related-to-stocks-and-investments\">Tvister relaterade till aktier och investeringar<\/a><\/li>\n\t\t\t\t<li><a href=\"#monolith-law-magazine\">MONOLITH LAW MAGAZINE<\/a><\/li>\n\t\t\t\t<li><a href=\"#fee-structure\">Avgiftsstruktur<\/a><\/li>\n\t\t\t<\/ul>\n\t\t<\/nav>\n\t<\/div>\n<\/section>\n\n<section class=\"white-section\">\n\t<div class=\"anchor\" id=\"examples-of-support-provided-by-our-firm\"><\/div>\n\t<div class=\"section-inner-bottomhalf\">\n\t\t<h3 class=\"mgb-middle\">Exempel p\u00e5 st\u00f6d som v\u00e5r firma erbjuder<\/h3>\n\t\t<ul class=\"mgb-small layout-column4\">\n\t\t\t<li>\n\t\t\t\t<h4>Kapital\u00f6kning genom nyemission till tredje part<\/h4>\n\t\t\t\t<div><img decoding=\"async\" src=\"\/wp-content\/themes\/monolith2021\/img\/stockrelatedlaw\/stockrelatedlaw_support_pic1.jpg\"><\/div>\n\t\t\t\t<p>Vi har assisterat m\u00e5nga venturef\u00f6retag med att \u00f6ka kapital genom nyemission till tredje part. Vi har \u00e4ven bist\u00e5tt ett b\u00f6rsnoterat f\u00f6retag med dess f\u00f6rsta venturekapitalinvestering genom att utforma ett term sheet och investeringsavtal.<\/p>\n\t\t\t<\/li>\n\t\t\t<li>\n\t\t\t\t<h4>Management Buyout (MBO)<\/h4>\n\t\t\t\t<div><img decoding=\"async\" src=\"\/wp-content\/themes\/monolith2021\/img\/stockrelatedlaw\/stockrelatedlaw_support_pic2.jpg\"><\/div>\n\t\t\t\t<p>Vi har arbetat med venturef\u00f6retag som hade problem med kapitalrelationer f\u00f6r att utveckla strategier och utforma olika avtal f\u00f6r management buyouts (MBOs), inklusive att samla in medel, etablera en ny juridisk enhet som fungerar som ett verktyg, och l\u00e5ta den nya juridiska enheten f\u00f6rv\u00e4rva aktier fr\u00e5n befintliga aktie\u00e4gare.<\/p>\n\t\t\t<\/li>\n\t\t\t<li>\n\t\t\t\t<h4>Uppr\u00e4ttande av Joint Ventures<\/h4>\n\t\t\t\t<div><img decoding=\"async\" src=\"\/wp-content\/themes\/monolith2021\/img\/stockrelatedlaw\/stockrelatedlaw_support_pic3.jpg\"><\/div>\n\t\t\t\t<p>Vi har arbetat med startup-f\u00f6retag f\u00f6r att etablera joint ventures (JVs), d\u00e4r ett startup-f\u00f6retag och ett stort f\u00f6retag innehar aktier i samma f\u00f6retag, genom att utforma term sheets, f\u00f6rhandla avtal och \u00f6verf\u00f6ra verksamheten fr\u00e5n startup-f\u00f6retaget till det nystartade f\u00f6retaget.<\/p>\n\t\t\t\t<\/li>\n\t\t\t<li>\n\t\t\t\t<h4>R\u00e4tteg\u00e5ngar relaterade till aktier<\/h4>\n\t\t\t\t<div><img decoding=\"async\" src=\"\/wp-content\/themes\/monolith2021\/img\/stockrelatedlaw\/stockrelatedlaw_support_pic4.jpg\"><\/div>\n\t\t\t\t<p>Vi har hanterat fall d\u00e4r ett startup-f\u00f6retag mottagit investeringar fr\u00e5n en privat investerare och giltigheten av investeringsavtalet senare ifr\u00e5gasatts, och fall d\u00e4r grundaren av ett framg\u00e5ngsrikt buyout-f\u00f6retag senare anklagats f\u00f6r att ha brustit i sina \u00e5taganden och mottagit skadest\u00e5ndskrav fr\u00e5n f\u00f6retaget till vilket han s\u00e5lt sina aktier, fr\u00e5n f\u00f6rhandlingar utanf\u00f6r domstol till r\u00e4tteg\u00e5ng.<\/p>\n\t\t\t<\/li>\n\t\t<\/ul>\n\t<\/div>\n<\/section>\n\n<section class=\"white-section\">\n\t<div class=\"section-inner-tophalf\">\n\t\t<div class=\"frame2 max-width860 txt-center-pc\">\n\t\t\t<p class=\"bold txt-l\">Vi har fungerat som juridiska r\u00e5dgivare till ett antal IT-startups.<br>Arbete med aktier och M&#038;A-relaterade juridiska fr\u00e5gor \u00e4r ett av v\u00e5ra huvudomr\u00e5den.<\/p>\n\t\t<\/div>\n\t<\/div>\n<\/section>\n\n<section class=\"white-section mgb-section80\">\n\t<div class=\"anchor\" id=\"share-and-capital-increase\"><\/div>\n\t<div class=\"section-inner-black\">\n\t\t<h3>Aktie- och kapital\u00f6kning<\/h3>\n\t\t<p class=\"mgb-middle\">N\u00e4r det g\u00e4ller utgivning av aktier genom tredjepartsallokering, hanterar vi allt fr\u00e5n f\u00f6rberedelse av termblad till utformning av investeringsavtal och aktie\u00e4garavtal. Vi hanterar ocks\u00e5 utformningen av klassaktier som stipulerar f\u00f6redragen f\u00f6rdelning, etc., utf\u00e4rdandet av aktieoptionsr\u00e4ttigheter, grundare-till-grundare-avtal, \u00f6verf\u00f6ring av aktier och olika andra aktierelaterade strategier och kontrakt, etc.<\/p>\n\n\n\n\t<\/div>\n<\/section>\n\n<section class=\"white-section mgb-section100\">\n\t<div class=\"anchor\" id=\"ma-related-legal-affairs\"><\/div>\n\t<div class=\"section-inner-black\">\n\t\t<h3>M&amp;A Relaterade Juridiska \u00c4renden<\/h3>\n\t\t<p class=\"mgb-middle\">Vi har omfattande erfarenhet av M&amp;A-transaktioner i bred bem\u00e4rkelse, fr\u00e4mst inom IT-omr\u00e5det, inklusive aff\u00e4rstransfer av webbtj\u00e4nster och applikationer, samt uppk\u00f6p av venturef\u00f6retag. Vi har ocks\u00e5 agerat som klient f\u00f6r ett f\u00f6retag noterat p\u00e5 Tokyo Stock Exchange&#8217;s prime-lista vid \u00f6verf\u00f6ring av dess IT-systemverksamhet fr\u00e5n ett venturef\u00f6retag.<\/p>\n\n\n\n\t<\/div>\n<\/section>\n\n<section class=\"purple-section\">\n\t<div class=\"anchor\" id=\"ma-of-sns-such-as-youtube\"><\/div>\n\t<div class=\"section-inner\">\n\t\t<div class=\"flex reverse\">\n\t\t\t<div class=\"width41\"><img decoding=\"async\" src=\"\/wp-content\/themes\/monolith2021\/img\/pic\/pic_sns_manda.jpg\" alt=\"M&amp;A av SNS som YouTube\"><\/div>\n\t\t\t<div class=\"width51\">\n\t\t\t\t<h3>M&amp;A av SNS som YouTube<\/h3>\n\t\t\t\t<p class=\"mgb-small\">YouTube-kanaler och Twitter-konton kan vara f\u00f6rem\u00e5l f\u00f6r M&amp;A, liksom webbplatser, etc. P\u00e5 grund av den speciella karakt\u00e4ren hos dessa M&amp;A-transaktioner kr\u00e4vs det dock en advokatbyr\u00e5 med specialiserad kunskap och know-how.<\/p>\n\t\t\t\t<p class=\"mgb-small\">V\u00e5r byr\u00e5 har hanterat m\u00e5nga M&amp;A-transaktioner f\u00f6r YouTube-kanaler och andra, fr\u00e5n sm\u00e5 belopp till de som involverar mer \u00e4n 100 miljoner yen, och tillhandah\u00e5ller juridiska tj\u00e4nster som str\u00e4cker sig fr\u00e5n att utarbeta kontrakt till due diligence (DD).<\/p>\n\t\t\t\t<div class=\"btn-area align-left\">\n\t\t\t\t\t\n\t\t\t\t<\/div>\n\t\t\t<\/div>\n\t\t<\/div>\n\t<\/div>\n<\/section>\n\n<section class=\"white-section\">\n\t<div class=\"anchor\" id=\"one-stop-service-in-cooperation-with-judicial-scriveners\"><\/div>\n\t<div class=\"section-inner\">\n\t\t<div class=\"flex\">\n\t\t\t<div class=\"width41\"><img decoding=\"async\" src=\"\/wp-content\/themes\/monolith2021\/img\/stockrelatedlaw\/stockrelatedlaw_pic2.jpg\" alt=\"One-stop Service in Cooperation with Judicial Scriveners\"><\/div>\n\t\t\t<div class=\"width51\">\n\t\t\t\t<h3>Enkeltpunktservice i samarbete med juridiska skrivare<\/h3>\n\t\t\t\t<p class=\"mgb-small\">Olika typer av arbete, s\u00e5som tredjepartsallokering av nya aktier, delas huvudsakligen upp i f\u00f6rberedelse av termblad, kontraktsf\u00f6rhandlingar och f\u00f6rberedelse av investeringsavtal och aktie\u00e4garavtal, d\u00e4r advokater har expertis, och registreringsrelaterat arbete, d\u00e4r juridiska skrivare har expertis.<\/p>\n\t\t\t\t<p class=\"mgb-small\">Och eftersom dessa \u00e4r sammanl\u00e4nkade, sv\u00e4ller kommunikationskostnaderna om kunderna m\u00e5ste hantera flera f\u00f6retag separat.<\/p>\n\t\t\t\t<p>MONOLITH LAW OFFICE, i samarbete med juridiska skrivares kontor, kan hantera alla dessa tj\u00e4nster p\u00e5 en enda kontaktpunkt och p\u00e5 ett enhetligt s\u00e4tt.<\/p>\n\t\t\t<\/div>\n\t\t<\/div>\n\t<\/div>\n<\/section>\n\n<section class=\"orange-section\">\n\t<div class=\"anchor\" id=\"legal-due-diligence-dd-support\"><\/div>\n\t<div class=\"section-inner\">\n\t\t<div class=\"flex reverse\">\n\t\t\t<div class=\"width41\"><img decoding=\"async\" src=\"\/wp-content\/themes\/monolith2021\/img\/pic\/pic_legalduediligence.jpg\" alt=\"St\u00f6d f\u00f6r juridisk due diligence\"><\/div>\n\t\t\t<div class=\"width51\">\n\t\t\t\t<h3>St\u00f6d f\u00f6r Juridisk Due Diligence<\/h3>\n\t\t\t\t<p class=\"mgb-small\">Vid f\u00f6retagsf\u00f6rv\u00e4rv och andra situationer \u00e4r juridisk due diligence (DD) en juridisk unders\u00f6kning f\u00f6r att fastst\u00e4lla om det finns n\u00e5gra s\u00e4rskilt allvarliga juridiska problem inom f\u00f6ljande omr\u00e5den: f\u00f6retagsbildning, f\u00f6retagsstruktur, aktier, aktie\u00e4gare, dotterbolag, M&amp;A, fastigheter, l\u00f6s egendom, immateriella r\u00e4ttigheter, finans, kontrakt, tvister och tvister, efterlevnad, och s\u00e5 vidare. Due diligence (DD) \u00e4r en uppgift som kr\u00e4ver organisatoriska f\u00e4rdigheter fr\u00e5n advokatbyr\u00e5er. V\u00e5rt team av 30 advokater \u00e4r kapabla att genomf\u00f6ra s\u00e5dan juridisk due diligence och f\u00f6rbereda DD-rapporter p\u00e5 ett snabbt s\u00e4tt.<\/p>\n\t\t\t\t<p><span class=\"bold\">*N\u00e4r man f\u00f6rbereder en DD-rapport tar det generellt mer \u00e4n 30 timmars advokatarbete (advokatkostnader p\u00e5 lite \u00f6ver 120 000 kronor).<\/span><\/p>\n\t\t\t<\/div>\n\t\t<\/div>\n\t<\/div>\n<\/section>\n\n<section class=\"orange2-section\">\n\t<div class=\"anchor\" id=\"legal-due-diligence-cases-we-have-handled\"><\/div>\n\t<div class=\"section-inner\">\n\t\t<h3>R\u00e4ttsliga due diligence-fall som vi har hanterat<\/h3>\n\t\t<p class=\"mgb-small\">I grund och botten omfattar due diligence fr\u00e5gor som utg\u00f6r grunden f\u00f6r f\u00f6retag eller aff\u00e4rsverksamheter, samt s\u00e5dana som har en betydande inverkan p\u00e5 f\u00f6retagsaktiviteter.<\/p>\n\t\t<p class=\"mgb-small\">Specifikt inneb\u00e4r det att bed\u00f6ma ur ett f\u00f6retagsstruktur- och styrningsperspektiv om f\u00f6retag eller verksamheter kan uppr\u00e4tth\u00e5lla sin livskraft, identifiera n\u00f6dv\u00e4ndiga juridiska regleringar och tillst\u00e5nd f\u00f6r att f\u00f6retag och verksamheter ska kunna forts\u00e4tta, och avg\u00f6ra om underh\u00e5llet av s\u00e5dana tillst\u00e5nd \u00e4r genomf\u00f6rbart. Det inneb\u00e4r \u00e4ven att utv\u00e4rdera statusen f\u00f6r viktiga tillg\u00e5ngar och skulder relaterade till aff\u00e4rsverksamheten, att klarg\u00f6ra fr\u00e5nvaron av v\u00e4sentliga avtal (inklusive arbets- och transaktioner med n\u00e4rst\u00e5ende parter), bed\u00f6ma m\u00f6jligheten att forts\u00e4tta under gynnsamma f\u00f6rh\u00e5llanden, och att utv\u00e4rdera den potentiella p\u00e5verkan av manifesterade risker som kan uppst\u00e5.<\/p>\n\t\t<p class=\"mgb-middle\">Medan den grundl\u00e4ggande utg\u00e5ngspunkten \u00e4r dessa aspekter, \u00e4r omfattningen av juridisk due diligence anpassad till specifika punkter som \u00e4r skr\u00e4ddarsydda f\u00f6r f\u00f6retagets eller verksamhetens natur.<\/p>\n\t\t<ol class=\"layout-datalist\">\n\t\t\t<li>\n\t\t\t\t<h4>En teknikstart-up<\/h4>\n\t\t\t\t<p>Fr\u00e5n att b\u00f6rja med forskning i f\u00f6retagsstrukturen, inklusive aktieutgivning och sammans\u00e4ttningen av aktie\u00e4gare och styrelseledam\u00f6ter, l\u00e4gger vi p\u00e5 MONOLITH LAW OFFICE \u00e4ven stor vikt vid en noggrann granskning av patenterade uppfinningar och andra r\u00e4ttigheter relaterade till huvudverksamheten, aff\u00e4rsanalysen.<\/p>\n\t\t\t<\/li>\n\t\t\t<li>\n\t\t\t\t<h4>Ett mediehanteringsf\u00f6retag<\/h4>\n\t\t\t\t<p>Vi granskade deras YouTube-kanaler f\u00f6r att se om de opererade i enlighet med anv\u00e4ndarvillkoren och sekretesspolicyn, samt om det videomaterial de tidigare publicerat f\u00f6ljde upphovsr\u00e4ttsliga och reklamregleringar.<\/p>\n\t\t\t<\/li>\n\t\t\t<li>\n\t\t\t\t<h4>Ett IT-f\u00f6retag baserat p\u00e5 kontrakt<\/h4>\n\t\t\t\t<p>Eftersom en avvikelse mellan bolagsordningen och den faktiska situationen g\u00e4llande aktieutgivning och h\u00e5llande av aktie\u00e4garst\u00e4mmor identifierades, klargjorde vi p\u00e5 MONOLITH LAW OFFICE riskerna associerade med dessa fr\u00e5gor, samt hj\u00e4lpte till med att implementera framtida mot\u00e5tg\u00e4rder.<\/p>\n\t\t\t<\/li>\n\t\t\t<li>\n\t\t\t\t<h4>Datorrelaterade \u00e5terf\u00f6rs\u00e4ljare<\/h4>\n\t\t\t\t<p>Ist\u00e4llet f\u00f6r att endast fokusera p\u00e5 sj\u00e4lva verksamheten, utv\u00e4rderade vi ocks\u00e5 f\u00f6retagets aff\u00e4rstransaktioner med andra f\u00f6retag och statusen f\u00f6r kontrakt f\u00f6r ink\u00f6p av f\u00f6retagets produkter. Med tanke p\u00e5 att f\u00f6retaget ocks\u00e5 var engagerat i byggentreprenader, bekr\u00e4ftade vi noggrant detaljerna i licenser och tillst\u00e5nd relaterade till forts\u00e4ttningen av byggverksamheten och deras f\u00f6rnyelsestatus, inklusive platsen f\u00f6r den ansvariga parten.<\/p>\n\t\t\t<\/li>\n\t\t\t<li>\n\t\t\t\t<h4>Datorrelaterade tillverkare<\/h4>\n\t\t\t\t<p>F\u00f6rutom att unders\u00f6ka arbetsf\u00f6rh\u00e5llanden som arbetsregler och l\u00f6nebest\u00e4mmelser, med tanke p\u00e5 att f\u00f6retaget \u00e4gde flera arbetsrelaterade maskiner, fabriker och mark, granskade vi noggrant r\u00e4ttigheterna och f\u00f6rv\u00e4rvsv\u00e4rdet f\u00f6r s\u00e5dana ocks\u00e5.<\/p>\n\t\t\t<\/li>\n\t\t<\/ol>\n\t<\/div>\n<\/section>\n\n<section class=\"white-section\">\n\t<div class=\"anchor\" id=\"disputes-related-to-stocks-and-investments\"><\/div>\n\t<div class=\"section-inner\">\n\t\t<div class=\"flex\">\n\t\t\t<div class=\"width41\"><img decoding=\"async\" src=\"\/wp-content\/themes\/monolith2021\/img\/stockrelatedlaw\/stockrelatedlaw_pic4.jpg\" alt=\"Tvister relaterade till aktier och investeringar\"><\/div>\n\t\t\t<div class=\"width51\">\n\t\t\t\t<h3>Tvister relaterade till aktier och investeringar<\/h3>\n\t\t\t\t<p>Vi har stor expertis inom att l\u00f6sa problem och tvister relaterade till investeringar och andra fr\u00e5gor, allt fr\u00e5n r\u00e4ttsprocesser mellan f\u00f6retag och aktie\u00e4gare, s\u00e5som aktie\u00e4garklagom\u00e5l, till problem relaterade till kapital\u00f6kningar, uppk\u00f6p och andra fr\u00e5gor.<\/p>\n\t\t\t<\/div>\n\t\t<\/div>\n\t<\/div>\n<\/section>\n\n<section class=\"purple2-section\">\n\t<div class=\"anchor\" id=\"monolith-law-magazine\"><\/div>\n\t<div class=\"section-inner\">\n\t\t    <section class=\"white-section temp-article\">\n        <div class=\"section-inner\">\n            <h4>MONOLITH LAW MAGAZINE<\/h4>\n            <div class=\"articles type_practice_column\">\n                                                                    <div class=\"article article-area\">\n                        <figure>\n                            <div class=\"img-wrap\">\n                                <img alt=\"F\u00f6rdelar och nackdelar med att inte offentligg\u00f6ra verkst\u00e4llande direkt\u00f6rens adress i registreringar, genomf\u00f6rd i oktober (2024) Reiwa 6 (2024)\" src=\"https:\/\/monolith.law\/sv\/wp-content\/uploads\/sites\/29\/2024\/07\/shutterstock_446633164-1.webp\" width=\"500\" height=\"250\">\n                            <\/div>\n                            <figcaption>\n                                <div class=\"figcaption-inner\">\n                                    <h3>F\u00f6rdelar och nackdelar med att inte offentligg\u00f6ra verkst\u00e4llande direkt\u00f6rens adre.<\/h3>\n                                <\/div>\n                            <\/figcaption>\n                            <a href=\"https:\/\/monolith.law\/sv\/general-corporate\/ceo-address-hidden\"><\/a>\n                        <\/figure>\n                    <\/div>\n                                                    <div class=\"article article-area\">\n                        <figure>\n                            <div class=\"img-wrap\">\n                                <img alt=\"De huvudsakliga strukturerna och deras skillnader i M&amp;A f\u00f6r v\u00e5rdgivare\" src=\"https:\/\/monolith.law\/sv\/wp-content\/uploads\/sites\/29\/2024\/04\/Shutterstock_1789226708-1.webp\" width=\"500\" height=\"250\">\n                            <\/div>\n                            <figcaption>\n                                <div class=\"figcaption-inner\">\n                                    <h3>De huvudsakliga strukturerna och deras skillnader i M&amp;A f\u00f6r v\u00e5rdgivare<\/h3>\n                                <\/div>\n                            <\/figcaption>\n                            <a href=\"https:\/\/monolith.law\/sv\/general-corporate\/nursing_care_ma\"><\/a>\n                        <\/figure>\n                    <\/div>\n                                                    <div class=\"article article-area\">\n                        <figure>\n                            <div class=\"img-wrap\">\n                                <img alt=\"Vad \u00e4r ett avtalsf\u00f6rs\u00e4kring f\u00f6r styrelseledam\u00f6ter och andra ansvariga? F\u00f6rklaring av f\u00f6rfaranden efter reformen av den japanska 'F\u00f6retagslagen' och skillnader fr\u00e5n f\u00f6retagsers\u00e4ttning\" src=\"https:\/\/monolith.law\/sv\/wp-content\/uploads\/sites\/29\/2024\/04\/Shutterstock_2311231603-1.webp\" width=\"500\" height=\"250\">\n                            <\/div>\n                            <figcaption>\n                                <div class=\"figcaption-inner\">\n                                    <h3>Vad \u00e4r ett avtalsf\u00f6rs\u00e4kring f\u00f6r styrelseledam\u00f6ter och andra ansvariga? F\u00f6rklarin.<\/h3>\n                                <\/div>\n                            <\/figcaption>\n                            <a href=\"https:\/\/monolith.law\/sv\/general-corporate\/directors-liability-insurance-contract\"><\/a>\n                        <\/figure>\n                    <\/div>\n                                            <\/div>\n            <div class=\"btn-more\"><a href=\"https:\/\/monolith.law\/sv\/tag\/m-and-a\">Read More<\/a><\/div>\n        <\/div>\n    <\/section>\n\t<\/div>\n<\/section>\n\n<section class=\"orange2-section\">\n\t<div class=\"anchor\" id=\"fee-structure\"><\/div>\n\t<div class=\"section-inner\">\n\t<div class=\"planWrap\">\n\t<h3>Avgiftsstruktur<\/h3>\n\t<ul class=\"plan\">\n\t\t<li class=\"txt-left\">\n\t\t\t<div class=\"plan-inner\">\n\t\t\t<div class=\"plan-header\">\n\t\t\t<h4 class=\"plan-title\">Timtaxa<\/h4>\n\t\t\t<div class=\"plan-price\"><span class=\"price-figure\">$300<\/span>per timme<span class=\"price-tax\"><\/span><\/div>\n\t\t\t<\/div>\n\t\t\t<div class=\"plan-body\">I vissa fall kan vi \u00f6verv\u00e4ga att acceptera ett tvistem\u00e5l eller en r\u00e4tteg\u00e5ng med en startavgift och en resultatbaserad avgift. F\u00f6r mer information, tveka inte att kontakta oss.<\/div>\n\t\t\t<\/div>\n\t\t<\/li>\n\t\t<li class=\"txt-left\">\n\t\t\t<div class=\"plan-inner\">\n\t\t\t<div class=\"plan-header\">\n\t\t\t<h4 class=\"plan-title\">Uppr\u00e4ttande av Avtal<\/h4>\n\t\t\t<div class=\"plan-price\"><span class=\"price-value\">fr\u00e5n<\/span><span class=\"price-figure\">$500<\/span><span class=\"price-value\">till $2,000 eller mer<\/span><span class=\"price-tax\"><\/span><\/div>\n\t\t\t<\/div>\n\t\t\t<div class=\"plan-body\">Prisstrukturen kan variera beroende p\u00e5 typ och m\u00e4ngd av avtal. Vi erbjuder g\u00e4rna en prelimin\u00e4r kostnadsuppskattning vid f\u00f6rfr\u00e5gan, s\u00e5 vi uppmuntrar dig att kontakta oss f\u00f6r ytterligare information.<\/div>\n\t\t\t<\/div>\n\t\t<\/li>\n\t\t<li class=\"txt-left\">\n\t\t\t<div class=\"plan-inner\">\n\t\t\t<div class=\"plan-header\">\n\t\t\t<h4 class=\"plan-title\">\u00d6vriga Tj\u00e4nster<\/h4>\n\t\t\t<div class=\"plan-price\"><span class=\"price-figure\">Kontakta Oss<\/span><\/div>\n\t\t\t<\/div>\n\t\t\t<div class=\"plan-body\">Vi erbjuder ett brett utbud av tj\u00e4nster inklusive bolagsbildning, granskning av avtal, juridiska yttranden, fallgenomg\u00e5ngar eller forskningsbrev. Om du har n\u00e5gra fr\u00e5gor eller funderingar, inbjuder vi dig hj\u00e4rtligt att kontakta oss och v\u00e5rt kunniga team kommer g\u00e4rna att assistera dig.<\/div>\n\t\t\t<\/div>\n\t\t\t<\/div>\n\t\t<\/li>\n\t<\/ul>\n\t<\/div>\n\t<\/div>\n<\/section>\n\n<section class=\"white-section\">\n\t<div class=\"section-inner\">\n\t\t<div class=\"btn-area\">\n\t\t\t<div class=\"btn icon-contact\"><a href=\"\/sv\/contact\">Kontakta Oss<\/a><\/div>\n\t\t<\/div>\n\t<\/div>\n<\/section>\n","protected":false},"excerpt":{"rendered":"<p>M&amp;A MONOLITH LAW OFFICE har hanterat ett flertal \u00e4gar- och M&amp;A-relaterade juridiska \u00e4renden med fokus p\u00e5 IT, inklusive appar och webbtj\u00e4nster. Vi \u00e4r kapabla att hantera juridisk due diligence  [&hellip;]<\/p>\n","protected":false},"author":1,"featured_media":57141,"parent":0,"menu_order":7,"comment_status":"closed","ping_status":"closed","template":"other-page-temp.php","meta":{"footnotes":""},"acf":[],"_links":{"self":[{"href":"https:\/\/monolith.law\/sv\/wp-json\/wp\/v2\/pages\/32408"}],"collection":[{"href":"https:\/\/monolith.law\/sv\/wp-json\/wp\/v2\/pages"}],"about":[{"href":"https:\/\/monolith.law\/sv\/wp-json\/wp\/v2\/types\/page"}],"author":[{"embeddable":true,"href":"https:\/\/monolith.law\/sv\/wp-json\/wp\/v2\/users\/1"}],"replies":[{"embeddable":true,"href":"https:\/\/monolith.law\/sv\/wp-json\/wp\/v2\/comments?post=32408"}],"version-history":[{"count":33,"href":"https:\/\/monolith.law\/sv\/wp-json\/wp\/v2\/pages\/32408\/revisions"}],"predecessor-version":[{"id":62786,"href":"https:\/\/monolith.law\/sv\/wp-json\/wp\/v2\/pages\/32408\/revisions\/62786"}],"wp:featuredmedia":[{"embeddable":true,"href":"https:\/\/monolith.law\/sv\/wp-json\/wp\/v2\/media\/57141"}],"wp:attachment":[{"href":"https:\/\/monolith.law\/sv\/wp-json\/wp\/v2\/media?parent=32408"}],"curies":[{"name":"wp","href":"https:\/\/api.w.org\/{rel}","templated":true}]}}