{"id":4096,"date":"2023-11-11T23:50:29","date_gmt":"2023-11-11T14:50:29","guid":{"rendered":"https:\/\/monolith.law\/?page_id=4096"},"modified":"2024-01-29T13:59:33","modified_gmt":"2024-01-29T04:59:33","slug":"overview-of-our-firm","status":"publish","type":"page","link":"https:\/\/monolith.law\/sv\/overview-of-our-firm","title":{"rendered":"\u00d6versikt av v\u00e5r byr\u00e5"},"content":{"rendered":"\n<section class=\"heading-area\">\n\t<div class=\"heading-area-inner\">\n\t\t<h2 class=\"icon-overview-of-our-firm\">\u00d6versikt av v\u00e5r byr\u00e5<\/h2>\n\t\t<p>MONOLITH LAW OFFICE \u00e4r en japansk advokatbyr\u00e5 baserad i Tokyo med expertis inom IT, internet och aff\u00e4rsomr\u00e5den, best\u00e5ende av IT-specialister, inklusive grundande advokaten som har en omfattande bakgrund som IT-ingenj\u00f6r.<\/p>\n\t<\/div>\n<\/section>\n<section class=\"white-section\">\n\t<div class=\"section-inner pdt0 border-bottom-section\">\n\t\t<p>V\u00e5r grundande advokat, Toki Kawase, har varit intresserad av programmering sedan tredje klass i grundskolan och arbetade inom IT-industrin som universitetsstudent. I sina tjugo\u00e5rs\u00e5ldern upplevde han att hantera start-up f\u00f6retag och st\u00f6rre f\u00f6retag. Genom synergin av dessa unika erfarenheter har v\u00e5r byr\u00e5 ett team av IT-professionella som hj\u00e4lper till att erbjuda l\u00f6sningar till v\u00e5ra klienter. <br>MONOLITH LAW OFFICE tillhandah\u00e5ller juridiska konsulttj\u00e4nster genom att fullt utnyttja sin styrka inom IT-omr\u00e5det. V\u00e5ra klienter varierar fr\u00e5n topprankade f\u00f6retag till start-up f\u00f6retag i seed-stadiet. Vi har omfattande erfarenhet av att tillhandah\u00e5lla IT-relaterade juridiska tj\u00e4nster till olika f\u00f6retag.<\/p>\n\t<\/div>\n<\/section>\n<section class=\"second-nav\">\n\t<div class=\"second-nav-inner\">\n\t\t<p>\u00c4MNEN<\/p>\n\t\t<nav>\n\t\t\t<ul>\n\t\t\t\t<li><a href=\"#specialization-in-it\">Specialisering inom IT<\/a><\/li>\n\t\t\t\t<li><a href=\"#law-firm-at-otemachi-tokyo\">Advokatbyr\u00e5 i Otemachi, Tokyo<\/a><\/li>\n\t\t\t\t<li><a href=\"#what-is-a-monolith\">Vad \u00e4r en Monolit<\/a><\/li>\n\t\t\t\t<li><a href=\"#from-legal-advisor-to-it-specialized-lawyer\">Fr\u00e5n juridisk r\u00e5dgivare till IT-specialiserad advokat<\/a><\/li>\n\t\t\t\t<li><a href=\"#handling-cross-border-legal-matters\">Hantering av gr\u00e4ns\u00f6verskridande juridiska \u00e4renden<\/a><\/li>\n\t\t\t\t<li><a href=\"#our-clients\">V\u00e5ra klienter<\/a><\/li>\n\t\t\t<\/ul>\n\t\t<\/nav>\n\t<\/div>\n<\/section>\n<section class=\"white-section\">\n\t<div class=\"anchor\" id=\"specialization-in-it\"><\/div>\n\t<div class=\"section-inner\">\n\t\t<div class=\"flex\">\n\t\t\t<div class=\"width41\"><img decoding=\"async\" src=\"\/wp-content\/uploads\/2023\/06\/about_pic1.jpg\" alt=\"Specialization in IT\"><\/div>\n\t\t\t<div class=\"width51\">\n\t\t\t\t<h3>Specialisering inom IT<\/h3>\n\t\t\t\t<p class=\"mgb-small\">Vi \u00e4r en japansk advokatbyr\u00e5 baserad i Tokyo med s\u00e4rskild styrka inom IT. Vi har inte bara ett team av advokater som specialiserar sig p\u00e5 olika omr\u00e5den inom IT, utan \u00e4ven ett team av IT-konsulter med omfattande kunskap inom IT. Genom synergin mellan juridik och IT s\u00e4kerst\u00e4ller vi v\u00e5ra klienters b\u00e4sta intressen.<\/p>\n\t\t\t\t<p class=\"mgb-small\">V\u00e5r representativa advokat Toki Kawase b\u00f6rjade programmera redan i tredje klass i grundskolan. Toki har f\u00f6rdjupat sig i IT-branschen, som han har varit engagerad i sedan strax efter universitetsintr\u00e4det; och aff\u00e4rsverksamhet, s\u00e4rskilt startups och sm\u00e5 och medelstora f\u00f6retag, vilket han upplevde n\u00e4r han var i 20-\u00e5rs\u00e5ldern. Dessa \u00e4r styrkorna hos Toki Kawase, v\u00e5r grundande advokat, och verksamhetsomr\u00e5dena f\u00f6r MONOLITH LAW OFFICE.<\/p>\n\t\t\t\t<p class=\"mgb-middle\">Utifr\u00e5n dessa perspektiv fokuserar MONOLITH LAW OFFICE p\u00e5 r\u00e5dgivning och andra tj\u00e4nster med &#8220;IT&#8221; som nyckelord, fr\u00e5n topprankade f\u00f6retag till startups i seed-stadiet, samt tj\u00e4nster med &#8220;Internet&#8221; och &#8220;Aff\u00e4rer&#8221; som nyckelord, fr\u00e5n internetjuridik f\u00f6r b\u00f6rsnoterade f\u00f6retag till M&#038;A.<\/p>\n\t\t\t\t<div class=\"btn-area\">\n\t\t\t\t\t<div class=\"btn icon-services\"><a href=\"\/sv\/services\">Tj\u00e4nster<\/a><\/div>\n\t\t\t\t\t<div class=\"btn icon-people\"><a href=\"\/en\/people\">V\u00e5rt lag[en]<\/a><\/div>\n\t\t\t\t<\/div>\n\t\t\t<\/div>\n\t\t<\/div>\n\t<\/div>\n<\/section>\n<section class=\"purple-section\">\n\t<div class=\"anchor\" id=\"law-firm-at-otemachi-tokyo\"><\/div>\n\t<div class=\"section-inner\">\n\t\t<div class=\"flex reverse\">\n\t\t\t<div class=\"width41\"><img decoding=\"async\" src=\"\/wp-content\/uploads\/2023\/06\/about_pic2.jpg\" alt=\"Law Firm at Otemachi, Tokyo\"><\/div>\n\t\t\t<div class=\"width51\">\n\t\t\t\t<div class=\"inline-inner\">\n\t\t\t\t\t<h3>Advokatbyr\u00e5 i Otemachi, Tokyo<\/h3>\n\t\t\t\t\t<p class=\"mgb-small\">MONOLITH LAW OFFICE \u00e4r en japansk advokatbyr\u00e5 bel\u00e4gen i Otemachi, Chiyoda-ku, Tokyo.<\/p>\n\t\t\t\t\t<p class=\"mgb-small\">Vi har fungerat som juridiska r\u00e5dgivare f\u00f6r ungef\u00e4r 1087 IT-f\u00f6retag, allt fr\u00e5n uppstartsf\u00f6retag i tidigt skede till f\u00f6retag noterade p\u00e5 TSE:s f\u00f6rsta sektion, vilka representerar de st\u00f6rsta och mest prestigefyllda f\u00f6retagen noterade p\u00e5 Tokyo-b\u00f6rsen. Vi tillhandah\u00e5ller juridiska tj\u00e4nster till totalt 1855 klienter, med fokus p\u00e5 IT-relaterade juridiska fr\u00e5gor s\u00e5som f\u00f6rebyggande av skada p\u00e5 rykte, f\u00f6rtalsbek\u00e4mpning och tvister relaterade till systemutveckling.<\/p>\n\t\t\t\t\t<p class=\"mgb-middle\">&#8220;Expertis inom IT och aff\u00e4rsverksamhet&#8221; \u00e4r vad som g\u00f6r oss speciella.<\/p>\n\t\t\t\t\t<div class=\"btn-area\">\n\t\t\t\t\t\t<div class=\"btn icon-access\"><a href=\"\/sv\/access\">\u00c5tkomst<\/a><\/div>\n\t\t\t\t\t<\/div>\n\t\t\t\t<\/div>\n\t\t\t<\/div>\n\t\t<\/div>\n\t<\/div>\n<\/section>\n<section class=\"white-section\">\n\t<div class=\"anchor\" id=\"what-is-a-monolith\"><\/div>\n\t<div class=\"section-inner\">\n\t\t<div class=\"flex\">\n\t\t\t<div class=\"width41\"><img decoding=\"async\" src=\"\/wp-content\/themes\/monolith2021\/img\/about\/about_pic3.jpg\" alt=\"What is a Monolith\"><\/div>\n\t\t\t<div class=\"width51\">\n\t\t\t\t<h3>Vad \u00e4r en Monolit<\/h3>\n\t\t\t\t<p class=\"mgb-small\">Ordet &#8220;monolit&#8221; h\u00e4rstammar fr\u00e5n latin och betyder en ensam eller isolerad klippa. I Stanley Kubricks film &#8220;2001: Ett rymd\u00e4ventyr&#8221; framst\u00e4lls de som verktyg f\u00f6r utomjordisk intelligens, med rollen att katalysera m\u00e4nsklig evolution.<\/p>\n\t\t\t\t<p class=\"mgb-small\">MONOLITH LAW OFFICE:s uppdrag \u00e4r att fr\u00e4mja utvecklingen av IT och andra teknologier, samt sociala system som en juridisk specialist. MONOLITH arbetar f\u00f6r att testa hypoteser som framf\u00f6rs av startup-f\u00f6retag, samordna IT och lagstiftning i mot\u00e5tg\u00e4rder mot skada p\u00e5 rykte samt tvistl\u00f6sning, och bygga smidigare aff\u00e4rssystem.<\/p>\n\t\t\t\t<p class=\"mgb-small\">MONOLITH LAW OFFICE tror att lagen katalyserar m\u00e4nsklighetens utveckling genom teknologi och samh\u00e4lle. <\/p>\n\t\t\t\t<p class=\"mgb-middle\">Det yttersta m\u00e5let f\u00f6r MONOLITH LAW OFFICE \u00e4r att fr\u00e4mja utvecklingen av IT, samh\u00e4llet och m\u00e4nskligheten. <\/p>\n\t\t<\/div>\n\t<\/div>\n<\/section>\n<section class=\"orange-section\">\n\t<div class=\"anchor\" id=\"from-legal-advisor-to-it-specialized-lawyer\"><\/div>\n\t<div class=\"section-inner\">\n\t\t<div class=\"flex reverse\">\n\t\t\t<div class=\"width41\"><img decoding=\"async\" src=\"\/wp-content\/uploads\/2023\/06\/about_pic4.jpg\" alt=\"From \"><\/div>\n\t\t\t<div class=\"width51\">\n\t\t\t\t<h3>Fr\u00e5n juridiskt ombud till IT-r\u00e4ttsspecialister<\/h3>\n\t\t\t\t<p class=\"mgb-small\">MONOLITH LAW OFFICE framh\u00e4ver sina f\u00f6rdelar inom &#8220;IT-r\u00e4tt, internetr\u00e4tt och aff\u00e4rsjuridik&#8221;. Vi tillhandah\u00e5ller juridiska tj\u00e4nster till m\u00e5nga f\u00f6retag med fokus p\u00e5 IT. Vi erbjuder tv\u00e5 huvudtyper av juridiska tj\u00e4nster.<\/p>\n\t\t\t\t<p class=\"mgb-small\">Den ena \u00e4r en tj\u00e4nst baserad p\u00e5 rollen som &#8220;General Counsel&#8221; eller &#8220;Chief Legal Officer&#8221; f\u00f6r ett IT-f\u00f6retag. Eftersom f\u00f6retagets huvudsakliga verksamhet \u00e4r relaterad till IT, v\u00e4ljs v\u00e5r byr\u00e5 f\u00f6r sin f\u00f6rm\u00e5ga att f\u00f6rst\u00e5 kundens IT-teknik och aff\u00e4rer.<\/p>\n\t\t\t\t<p class=\"mgb-small\">Den andra \u00e4r att arbeta som en &#8220;IT\/internetr\u00e4ttsjurist&#8221; f\u00f6r f\u00f6retag d\u00e4r IT inte \u00e4r deras k\u00e4rnverksamhet. \u00c4ven om IT inte \u00e4r k\u00e4rnan i verksamheter som finans, fastigheter och restauranger, kan de inte l\u00e4ngre existera utan IT och internet. Vi erbjuder st\u00f6d fr\u00e5n ett juridiskt perspektiv till f\u00f6retag i deras IT- och internetrelaterade verksamheter.<\/p>\n\t\t\t\t<p class=\"mgb-middle\">MONOLITH LAW OFFICE kommer att arbeta med dig i olika positioner baserat p\u00e5 v\u00e5r h\u00f6ga expertis f\u00f6r att st\u00f6dja utvecklingen av ditt f\u00f6retag.<\/p>\n\t\t\t\t<div class=\"btn-area\">\n\t\t\t\t\t<div class=\"btn icon-general-corporate\"><a href=\"\/sv\/services#general-corporate\">Allm\u00e4n f\u00f6retagsjuridik<\/a><\/div>\n\t\t\t\t\t<div class=\"btn icon-it\"><a href=\"\/sv\/services#it\">IT<\/a><\/div>\n\t\t\t\t<\/div>\n\t\t\t<\/div>\n\t\t<\/div>\n\t<\/div>\n<\/section>\n<section class=\"white-section\">\n\t<div class=\"anchor\" id=\"handling-cross-border-legal-matters\"><\/div>\n\t<div class=\"section-inner\">\n\t\t<div class=\"flex\">\n\t\t\t<div class=\"width41\"><img decoding=\"async\" src=\"\/wp-content\/uploads\/2023\/06\/about_pic5.jpg\" alt=\"Handling cross-border legal matters\"><\/div>\n\t\t\t<div class=\"width51\">\n\t\t\t\t<h3>Att hantera gr\u00e4ns\u00f6verskridande juridiska fr\u00e5gor<\/h3>\n\t\t\t\t<p class=\"mgb-small\">Att hantera gr\u00e4ns\u00f6verskridande juridiska \u00e4renden inom IT- och internetsektorerna \u00e4r v\u00e5r expertis. I takt med att globaliseringen och gr\u00e4ns\u00f6verskridande aktiviteter blir allt viktigare, blir det avg\u00f6rande att ha r\u00e4tt juridiskt st\u00f6d.<\/p>\n\t\t\t\t<p class=\"mgb-small\">Till exempel, n\u00e4r ett japanskt SaaS-f\u00f6retag expanderar till internationella marknader, \u00e4r det n\u00f6dv\u00e4ndigt att f\u00f6lja lokala juridiska krav och regleringar. P\u00e5 samma s\u00e4tt, n\u00e4r man tar emot utl\u00e4ndska investeringar, \u00e4r hj\u00e4lp med att utforma och f\u00f6rhandla investeringsavtal och relaterade juridiska dokument n\u00f6dv\u00e4ndig. F\u00f6r japanska f\u00f6retag som \u00e4r involverade i utl\u00e4ndska M&#038;A eller global expansion \u00e4r det avg\u00f6rande att f\u00f6rst\u00e5 lokala lagar och regleringar. Dessutom kr\u00e4ver \u00f6verkommandet av spr\u00e5kliga och kulturella hinder i fall som influencer-marknadsf\u00f6ring och inbound efterfr\u00e5gan att man tar itu med lokala lagar och kontraktsfr\u00e5gor.<\/p>\n\t\t\t\t<p class=\"mgb-middle\">MONOLITH LAW OFFICE har st\u00e4rkt sina kapaciteter inom avancerade juridiska omr\u00e5den f\u00f6r att m\u00f6ta kraven fr\u00e5n gr\u00e4ns\u00f6verskridande och globalisering. Genom att kombinera v\u00e5rt team av jurister med ingenj\u00f6rer och andra professionella, erbjuder vi omfattande st\u00f6d och utnyttjar teknisk kunskap och juridisk expertis f\u00f6r v\u00e5ra klienters internationella expansion och globala aff\u00e4rsstr\u00e4vanden.<\/p>\n\t\t\t\t<div class=\"btn-area\">\n\t\t\t\t\t<div class=\"btn icon-cross-border\"><a href=\"\/sv\/services#cross-border\">Gr\u00e4ns\u00f6verskridande<\/a><\/div>\n\t\t\t\t<\/div>\n\t\t\t<\/div>\n\t\t<\/div>\n\t<\/div>\n<\/section>\n<section class=\"purple-section\">\n\t<div class=\"anchor\" id=\"our-clients\"><\/div>\n\t<div class=\"section-inner\">\n\t\t<div class=\"flex reverse\">\n\t\t\t<div class=\"width41\"><img decoding=\"async\" src=\"\/wp-content\/uploads\/2019\/09\/beartail_kurosaki.jpg\" alt=\"Our Clients\"><\/div>\n\t\t\t<div class=\"width51\">\n\t\t\t\t<h3>V\u00e5ra klienter<\/h3>\n\t\t\t\t<p class=\"mgb-small\">MONOLITH LAW OFFICE erbjuder tv\u00e5 huvudtyper av tj\u00e4nster. Den ena \u00e4r att vara en allm\u00e4n r\u00e5dgivare eller chefsjurist f\u00f6r ett IT- och startupf\u00f6retag, och hantera f\u00f6retagets \u00f6vergripande juridiska \u00e4renden. Den andra \u00e4r att agera som en &#8220;IT- och IP-advokat&#8221; f\u00f6r olika f\u00f6retag och hantera f\u00f6retagets IT- och IP-juridiska \u00e4renden.<\/p>\n\t\t\t\t<p class=\"mgb-small\">Vi har mottagit f\u00f6ljande meddelande fr\u00e5n v\u00e5ra klienter:<\/p>\n\t\t\t\t<p class=\"mgb-small\">&#8220;Att anta juridisk risk kr\u00e4ver en f\u00f6rst\u00e5else f\u00f6r teknik, och MONOLITH LAW OFFICE \u00e4r en professionell inom detta omr\u00e5de.&#8221;<\/p>\n\t\t\t\t<p class=\"mgb-small\">&#8220;MONOLITH LAW OFFICE \u00e4r hj\u00e4lpsamma eftersom de arbetar med oss f\u00f6r att ta reda p\u00e5 &#8216;hur man kontrollerar risk&#8217; ur ett f\u00f6retagsledningsperspektiv.&#8221;<\/p>\n\t\t\t\t<p class=\"mgb-middle\">&#8220;MONOLITH LAW OFFICE \u00e4r b\u00e5de en advokatbyr\u00e5 och en managementkonsult. De ger en juridisk grund f\u00f6r sina f\u00f6rklaringar.&#8221;<\/p>\n\t\t\t\t\n\t\t<\/div>\n\t<\/div>\n<\/section>\n","protected":false},"excerpt":{"rendered":"<p>\u00d6versikt av v\u00e5r byr\u00e5 MONOLITH LAW OFFICE \u00e4r en japansk advokatbyr\u00e5 baserad i Tokyo med expertis inom IT, internet och aff\u00e4rsomr\u00e5den, best\u00e5ende av IT-specialister, inklusive grundande advokaten som har [&hellip;]<\/p>\n","protected":false},"author":1,"featured_media":56658,"parent":0,"menu_order":1,"comment_status":"closed","ping_status":"closed","template":"other-page-temp.php","meta":{"footnotes":""},"acf":[],"_links":{"self":[{"href":"https:\/\/monolith.law\/sv\/wp-json\/wp\/v2\/pages\/4096"}],"collection":[{"href":"https:\/\/monolith.law\/sv\/wp-json\/wp\/v2\/pages"}],"about":[{"href":"https:\/\/monolith.law\/sv\/wp-json\/wp\/v2\/types\/page"}],"author":[{"embeddable":true,"href":"https:\/\/monolith.law\/sv\/wp-json\/wp\/v2\/users\/1"}],"replies":[{"embeddable":true,"href":"https:\/\/monolith.law\/sv\/wp-json\/wp\/v2\/comments?post=4096"}],"version-history":[{"count":96,"href":"https:\/\/monolith.law\/sv\/wp-json\/wp\/v2\/pages\/4096\/revisions"}],"predecessor-version":[{"id":62772,"href":"https:\/\/monolith.law\/sv\/wp-json\/wp\/v2\/pages\/4096\/revisions\/62772"}],"wp:featuredmedia":[{"embeddable":true,"href":"https:\/\/monolith.law\/sv\/wp-json\/wp\/v2\/media\/56658"}],"wp:attachment":[{"href":"https:\/\/monolith.law\/sv\/wp-json\/wp\/v2\/media?parent=4096"}],"curies":[{"name":"wp","href":"https:\/\/api.w.org\/{rel}","templated":true}]}}