{"id":41151,"date":"2023-11-14T14:33:54","date_gmt":"2023-11-14T05:33:54","guid":{"rendered":"https:\/\/monolith.law\/?page_id=41151"},"modified":"2025-08-30T09:15:39","modified_gmt":"2025-08-30T00:15:39","slug":"home","status":"publish","type":"page","link":"https:\/\/monolith.law\/sv\/","title":{"rendered":"MONOLITH LAW OFFICE | Tokyo, Japan"},"content":{"rendered":"\n<p>\n<\/p>\n\n\n\n<section class=\"white-section front-top\" data-delighter=\"\">\n\t<div class=\"section-inner\">\n\t<div class=\"top-logo\">\n\t<div class=\"base\"><\/div>\n\t<img decoding=\"async\" src=\"\/wp-content\/themes\/monolith2021\/img\/top\/top_logo_m.svg\" alt=\"M\" class=\"top-logo-1\">\n\t<img decoding=\"async\" src=\"\/wp-content\/themes\/monolith2021\/img\/top\/top_logo_o.svg\" alt=\"O\" class=\"top-logo-2\">\n\t<img decoding=\"async\" src=\"\/wp-content\/themes\/monolith2021\/img\/top\/top_logo_n.svg\" alt=\"N\" class=\"top-logo-3\">\n\t<img decoding=\"async\" src=\"\/wp-content\/themes\/monolith2021\/img\/top\/top_logo_o.svg\" alt=\"O\" class=\"top-logo-4\">\n\t<img decoding=\"async\" src=\"\/wp-content\/themes\/monolith2021\/img\/top\/top_logo_l.svg\" alt=\"L\" class=\"top-logo-5\">\n\t<img decoding=\"async\" src=\"\/wp-content\/themes\/monolith2021\/img\/top\/top_logo_i.svg\" alt=\"I\" class=\"top-logo-6\">\n\t<img decoding=\"async\" src=\"\/wp-content\/themes\/monolith2021\/img\/top\/top_logo_t.svg\" alt=\"T\" class=\"top-logo-7\">\n\t<img decoding=\"async\" src=\"\/wp-content\/themes\/monolith2021\/img\/top\/top_logo_h.svg\" alt=\"H\" class=\"top-logo-8\">\n\t<\/div>\n\t<p class=\"text1\"><strong>IT:s evolution<\/strong><\/p>\n\t<p class=\"text2\">Idag \u00e4r IT hj\u00e4rtat i moderna aff\u00e4rsoperationer, <br class=\"sp-none\">men att anv\u00e4nda IT f\u00f6r aff\u00e4rer kr\u00e4ver juridisk riskhantering.<br>P\u00e5 MONOLITH LAW OFFICE arbetar v\u00e5rt team av advokater och IT-konsulter i samklang f\u00f6r att l\u00f6sa klientens problem.<br class=\"sp-none\">V\u00e5rt uppdrag \u00e4r att t\u00e4nda IT-innovation och br\u00e4nsle tillv\u00e4xt i Japan, vilket ger f\u00f6retag m\u00f6jlighet att stiga till o\u00f6vertr\u00e4ffade h\u00f6jder.<\/p>\n\t\n\t<\/div>\n<\/section>\n<section class=\"white-section front-about\">\n\t<div class=\"section-inner\">\n\t<div class=\"text\">\n\t<p class=\"en\">OM MONOLITH LAW OFFICE<\/p>\n\t<h2>V\u00e5rt uppdrag som juridisk professionell med en IT-teknisk bakgrund.<\/h2>\n\t<p class=\"text\">MONOLITH LAW OFFICE \u00e4r en Tokyo-baserad japansk advokatbyr\u00e5 som tillhandah\u00e5ller IT-juridiska tj\u00e4nster till en m\u00e4ngd olika f\u00f6retag.<br>Toki Kawase, v\u00e5r Managing Attorney, har arbetat som frilansande IT-ingenj\u00f6r sedan han var universitetsstudent. Han har erfarenhet av att etablera ett IT-f\u00f6retag och har \u00e4ven arbetat som IT-ingenj\u00f6r. Toki har med egna \u00f6gon sett den betydande tillv\u00e4xten av startups och andra f\u00f6retag genom IT, och de olika risker som medf\u00f6ljer i processen. Han f\u00f6rst\u00e5r att f\u00f6r att IT kontinuerligt ska kunna ge stora f\u00f6rdelar till f\u00f6retag i framtiden, \u00e4r det n\u00f6dv\u00e4ndigt att ha ett innovativt juridiskt perspektiv.<br>Utifr\u00e5n denna erfarenhet har han grundat MONOLITH LAW OFFICE, en organisation av h\u00f6gt specialiserade advokater och IT-konsulter f\u00f6r att tillhandah\u00e5lla en m\u00e4ngd olika l\u00f6sningar.<\/p>\n\t<\/div>\n\t<div class=\"pic\"><img decoding=\"async\" src=\"\/wp-content\/themes\/monolith2021\/img\/top\/kawase_pic.png\" alt=\"V\u00e5r grundande advokat Toki Kawase\"><\/div>\n\t<\/div>\n<\/section>\n<section class=\"white-section front-numbers\">\n\t<div class=\"section-inner\">\n\t<p class=\"en\">I SIFFROR MONOLITH LAW OFFICE<\/p>\n\t<h2>V\u00e5r erfarenhet som en advokatbyr\u00e5 samt som en f\u00f6retagsspecialist inom IT.<\/h2>\n\t<div class=\"box-wrap\">\n\t<div class=\"sub-box\">\n\t\t<h3>Klienter<\/h3>\n\t\t<p class=\"code\">1855\n\t\t<p class=\"text\">Vi har st\u00f6ttat olika typer av f\u00f6retag i olika branscher. V\u00e5ra klienter str\u00e4cker sig fr\u00e5n Japans topporganisationer till sm\u00e5 och medelstora f\u00f6retag. Vi tillhandah\u00e5ller tj\u00e4nster som \u00e4r anpassade efter varje klients behov. <\/p>\n\t<\/div>\n\t<div class=\"sub-box\">\n\t\t<h3>Unika IT-l\u00f6sningar<\/h3>\n\t\t<p class=\"code\">7\n\t\t<p class=\"text\">Vi \u00e4r ett team specialiserat p\u00e5 f\u00f6retags IT. MONOLITH LAW OFFICE \u00e4r ett team av skickliga advokater och IT-konsulter som \u00e4r dedikerade till att skapa skr\u00e4ddarsydda l\u00f6sningar f\u00f6r dina specifika behov.<\/p>\n\t<\/div>\n\t<div class=\"sub-box\">\n\t\t<h3>Advokater<\/h3>\n\t\t<p class=\"code\">30\n\t\t<p class=\"text\">Den viktigaste faktorn f\u00f6r att l\u00f6sa IT-problem \u00e4r hastigheten p\u00e5 det initiala svaret. MONOLITH LAW OFFICE har m\u00e5nga advokater som kan svara p\u00e5 en m\u00e4ngd olika konsultationer dagligen.<\/p>\n\t<\/div>\n\t<div class=\"sub-box\">\n\t\t<h3>IT-konsulter<\/h3>\n\t\t<p class=\"code\">16\n\t\t<p class=\"text\">Vi anser att IT-konsulter \u00e4r lika viktiga som advokater f\u00f6r att h\u00e5lla j\u00e4mna steg med den st\u00e4ndigt utvecklande tekniken och m\u00f6ta mer sofistikerade f\u00f6retags-IT-utmaningar.<\/p>\n\t<\/div>\n\t<div class=\"sub-box\">\n<h3>St\u00f6dda l\u00e4nder<\/h3>\n\t\t<p class=\"code\">18\n\t\t<p class=\"text\">Japansk advokatbyr\u00e5 med expertis inom gr\u00e4ns\u00f6verskridande fr\u00e5gor. Specialiserad p\u00e5 internationella transaktioner, tvister och regelbundenhet. Skr\u00e4ddarsydda l\u00f6sningar f\u00f6r globala kunder inom aff\u00e4rs- och juridiska \u00e4renden.<\/p>\n\t<\/div>\n\t<div class=\"sub-box\">\n\t\t<h3>Artiklar om IT och juridiska insikter<\/h3>\n\t\t<p class=\"code\">1010\n\t\t<p class=\"text\">Vi analyserar och f\u00f6rklarar olika fallstudier inom f\u00f6retags-IT p\u00e5 webbmediet \u201cMONOLITH LAW MAGAZINE.\u201d Vi forskar kontinuerligt f\u00f6r att hitta l\u00e4mpliga l\u00f6sningar f\u00f6r de alltmer komplexa och varierande utmaningarna inom f\u00f6retags-IT.<\/p>\n\t<\/div>\n\t<\/div>\n\t<\/div>\n<\/section>\n<section class=\"front-service\">\n\t<div class=\"section-inner\">\n\t\t<p class=\"en\">TJ\u00c4NSTER AV MONOLITH LAW OFFICE<\/p>\n\t\t<h2>V\u00e5ra l\u00f6sningar f\u00f6r komplexa IT-risker.<\/h2>\n\t<\/div>\n\t<div class=\"front-service-field\">\n\t<div class=\"section-inner\">\n\t<h3><a href=\"\/sv\/services\">Tj\u00e4nster<\/a><\/h3>\n\t<div class=\"box-wrap\">\n\t<div class=\"sub-box\">\n\t\t<h4>Allm\u00e4n f\u00f6retagsr\u00e4tt<\/h4>\n\t\t<div class=\"icon\"><img decoding=\"async\" src=\"\/wp-content\/themes\/monolith_en\/img\/top\/service_general-corporate.svg\" alt=\"Juridiska f\u00f6retags\u00e4renden f\u00f6r IT och startup-f\u00f6retag\"><\/div>\n\t\t<p>Specialiserad kunskap och erfarenhet \u00e4r avg\u00f6rande f\u00f6r att kunna erbjuda korrekt juridiskt st\u00f6d i den dynamiska milj\u00f6 som \u00e4r unik f\u00f6r IT- och startup-f\u00f6retag. V\u00e5r byr\u00e5 har m\u00e5nga specialister inom denna bransch, och vi har agerat som juridiska r\u00e5dgivare f\u00f6r 1087 f\u00f6retag, fr\u00e4mst IT-f\u00f6retag, fr\u00e5n f\u00f6retag noterade p\u00e5 TSE First Section till startups i tidigt skede.<\/p>\n\t\t<div class=\"btn-more\"><a href=\"\/sv\/general-corporate\">L\u00e4s mer<\/a><\/div>\n\t<\/div>\n\t<div class=\"sub-box\">\n\t\t<h4>IT<\/h4>\n\t\t<div class=\"icon\"><img decoding=\"async\" src=\"\/wp-content\/themes\/monolith_en\/img\/top\/service_it.svg\" alt=\"IT- och IP-juridiska \u00e4renden f\u00f6r olika f\u00f6retag\"><\/div>\n\t\t<p>Idag \u00e4r alla f\u00f6retag, oavsett deras aff\u00e4rsomr\u00e5de eller storlek, p\u00e5 n\u00e5got s\u00e4tt involverade i IT i sin f\u00f6retagsverksamhet. Vi kan ta rollen som &#8220;advokater specialiserade p\u00e5 omr\u00e5det IT och immateriell egendom&#8221; f\u00f6r f\u00f6retag som redan har en prim\u00e4r juridisk r\u00e5dgivare, eller \u00e4ven f\u00f6r f\u00f6retag vars huvudsakliga verksamhet inte \u00e4r IT.<\/p>\n\t\t<div class=\"btn-more\"><a href=\"\/sv\/it\">L\u00e4s mer<\/a><\/div>\n\t<\/div>\n\t<div class=\"sub-box\">\n\t\t<h4>Gr\u00e4ns\u00f6verskridande<\/h4>\n\t\t<div class=\"icon\"><img decoding=\"async\" src=\"\/wp-content\/themes\/monolith_en\/img\/top\/service_cross-border.svg\" alt=\"Internationella juridiska \u00e4renden\"><\/div>\n\t\t<p>V\u00e5rt fr\u00e4msta fokus \u00e4r att tillhandah\u00e5lla omfattande juridiska tj\u00e4nster till japanska IT-f\u00f6retag som g\u00e5r in p\u00e5 den internationella marknaden. Vi erbjuder ocks\u00e5 professionellt juridiskt st\u00f6d till utl\u00e4ndska IT-f\u00f6retag i Japan. V\u00e5r byr\u00e5 best\u00e5r av utl\u00e4ndska licensierade advokater fr\u00e5n olika l\u00e4nder och regioner f\u00f6r att effektivt st\u00f6dja gr\u00e4ns\u00f6verskridande transaktioner.<\/p>\n\t\t<div class=\"btn-more\"><a href=\"\/sv\/cross-border\">L\u00e4s mer<\/a><\/div>\n\t<\/div>\n\t<div class=\"sub-box\">\n\t\t<h4>Internet<\/h4>\n\t\t<div class=\"icon\"><img decoding=\"async\" src=\"\/wp-content\/themes\/monolith_en\/img\/top\/service_internet.svg\" alt=\"Influencer Marketing\"><\/div>\n\t\t<p>Med expertis inom internetr\u00e4tt erbjuder vi omfattande juridiskt st\u00f6d till internetentrepren\u00f6rer, inklusive YouTubers och f\u00f6retag som anv\u00e4nder sociala medier. Vi \u00e4r specialiserade p\u00e5 att l\u00f6sa online-tvister, ta bort negativa webbsidor och hantera online-reputation. Konsultera v\u00e5ra kvalificerade advokater f\u00f6r effektiva l\u00f6sningar p\u00e5 internet.<\/p>\n\t\t<div class=\"btn-more\"><a href=\"\/sv\/internet\">L\u00e4s mer<\/a><\/div>\n\t<\/div>\n\t<\/div>\n\t<\/div>\n\t<\/div>\n\t<div class=\"front-service-example\">\n\t<div class=\"section-inner\">\n\t<p>Till exempel<\/p>\n\t<ul class=\"clearfix\">\n\t\t<li>\n\t\t\t<div class=\"icon\"><a href=\"\/sv\/system-development\/\"><img decoding=\"async\" src=\"\/wp-content\/themes\/monolith_en\/img\/top\/service_ex_system-development.svg\" alt=\"Systemutveckling\"><\/a><\/div>\n\t\t\t<p>System<br>Utveckling<\/p>\n\t\t<\/li>\n\t\t<li>\n\t\t\t<div class=\"icon\"><a href=\"\/sv\/crypto-asset-and-blockchain\/\"><img decoding=\"async\" src=\"\/wp-content\/themes\/monolith_en\/img\/top\/service_ex_crypto-asset-and-blockchain.svg\" alt=\"Kryptovaluta och Blockchain\"><\/a><\/div>\n\t\t\t<p>Kryptovaluta <br>och Blockchain<\/p>\n\t\t<\/li>\n\t\t<li>\n\t\t\t<div class=\"icon\"><a href=\"\/sv\/ai\/\"><img decoding=\"async\" src=\"\/wp-content\/themes\/monolith_en\/img\/top\/service_ex_ai.svg\" alt=\"ai\"><\/a><\/div>\n\t\t\t<p>AI<br>(ChatGPT, etc.)<\/p>\n\t\t<\/li>\n\t\t<li>\n\t\t\t<div class=\"icon\"><a href=\"\/sv\/advertisement-review\/\"><img decoding=\"async\" src=\"\/wp-content\/themes\/monolith_en\/img\/top\/service_ex_advertisement-review.svg\" alt=\"Annonsgenomg\u00e5ng\"><\/a><\/div>\n\t\t\t<p>Annonsgenomg\u00e5ng<\/p>\n\t\t<\/li>\n\t\t<li>\n\t\t\t<div class=\"icon\"><a href=\"\/sv\/mitigating-reputational-damage\/\"><img decoding=\"async\" src=\"\/wp-content\/themes\/monolith_en\/img\/top\/service_ex_mitigating-reputational-damage.svg\" alt=\"Begr\u00e4nsa reputationsrisk\"><\/a><\/div>\n\t\t\t<p>Begr\u00e4nsa<br>Reputationsrisk<\/p>\n\t\t<\/li>\n\t<\/ul>\n\t<\/div>\n\t<\/div>\n<\/section>\n<section class=\"white-section front-client\">\n\t<div class=\"section-inner\">\n\t\t<h2>KLIENTER<\/h2>\n\t\t<ul>\n\t\t\t<li><img src=\"https:\/\/monolith.law\/sv\/wp-content\/themes\/monolith_sv\/img\/clients\/logo_01.png\"><\/li>\n\t\t\t<li><img src=\"https:\/\/monolith.law\/sv\/wp-content\/themes\/monolith_sv\/img\/clients\/logo_02.png\"><\/li>\n\t\t\t<li><img src=\"https:\/\/monolith.law\/sv\/wp-content\/themes\/monolith_sv\/img\/clients\/logo_03.png\"><\/li>\n\t\t\t<li><img src=\"https:\/\/monolith.law\/sv\/wp-content\/themes\/monolith_sv\/img\/clients\/logo_04.png\"><\/li>\n\t\t\t<li><img src=\"https:\/\/monolith.law\/sv\/wp-content\/themes\/monolith_sv\/img\/clients\/logo_05.png\"><\/li>\n\t\t\t<li><img src=\"https:\/\/monolith.law\/sv\/wp-content\/themes\/monolith_sv\/img\/clients\/logo_06.png\"><\/li>\n\t\t\t<li><img src=\"https:\/\/monolith.law\/sv\/wp-content\/themes\/monolith_sv\/img\/clients\/logo_07.png\"><\/li>\n\t\t\t<li><img src=\"https:\/\/monolith.law\/sv\/wp-content\/themes\/monolith_sv\/img\/clients\/logo_08.png\"><\/li>\n\t\t\t<li><img src=\"https:\/\/monolith.law\/sv\/wp-content\/themes\/monolith_sv\/img\/clients\/logo_09.png\"><\/li>\n\t\t\t<li><img src=\"https:\/\/monolith.law\/sv\/wp-content\/themes\/monolith_sv\/img\/clients\/logo_10.png\"><\/li>\n\t\t\t<li><img src=\"https:\/\/monolith.law\/sv\/wp-content\/themes\/monolith_sv\/img\/clients\/logo_11.png\"><\/li>\n\t\t\t<li><img src=\"https:\/\/monolith.law\/sv\/wp-content\/themes\/monolith_sv\/img\/clients\/logo_12.png\"><\/li>\n\t\t\t<li><img src=\"https:\/\/monolith.law\/sv\/wp-content\/themes\/monolith_sv\/img\/clients\/logo_13.png\"><\/li>\n\t\t\t<li><img src=\"https:\/\/monolith.law\/sv\/wp-content\/themes\/monolith_sv\/img\/clients\/logo_14.png\"><\/li>\n\t\t\t<li><img src=\"https:\/\/monolith.law\/sv\/wp-content\/themes\/monolith_sv\/img\/clients\/logo_15.png\"><\/li>\n\t\t<\/ul>\n\t\t<!--<div class=\"btn-more\"><a href=\"https:\/\/monolith.law\/sv\/clients\">See More<\/a><\/div>-->\n\t<\/div>\n<\/section>\n<section class=\"white-section front-news\">\n    <div class=\"section-inner\">\n        <h2>NYHETER<\/h2>\n        <div>\n                        <ul>\n                                                    <li><span class=\"date\">2026.04.01<\/span><span class=\"category news-category-2\">NEWS<\/span><span class=\"subject\">Attorney Shota Akiyama has joined the firm.<\/span><\/li>\n                                                                <li><span class=\"date\">2026.03.26<\/span><span class=\"category news-category-2\">NEWS<\/span><span class=\"subject\">Attorneys Miki Takatsuki, Toko Takayanagi, Mizuki Kobayashi, Ryo Watanabe, and Shuto Ishimura have joined our firm.<\/span><\/li>\n                                                                <li><span class=\"date\">2025.05.08<\/span><span class=\"category news-category-2\">NEWS<\/span><span class=\"subject\">Monolith Law Office has been selected as a finalist for the Rising Law Firm of the Year category of the ALB Japan Law Awards, hosted by Asian Legal Business, an international law firm evaluation organization.<\/span><\/li>\n                                                                <li><span class=\"date\">2025.04.01<\/span><span class=\"category news-category-2\">NEWS<\/span><span class=\"subject\">Attorney Keita Yokoyama has joined the firm.<\/span><\/li>\n                                                                <li><span class=\"date\">2025.03.27<\/span><span class=\"category news-category-2\">NEWS<\/span><span class=\"subject\">Attorneys Yusuke Mizutani, Ryusei Juman, Mizuki Koyama, and Yusuke Muto have joined the firm.<\/span><\/li>\n                                                                <li><span class=\"date\">2024.06.12<\/span><span class=\"category news-category-2\">NEWS<\/span><span class=\"subject\">Attorney Akira Yoshida has joined the firm.<\/span><\/li>\n                                                            <\/ul>\n            <div class=\"btn-more\"><a href=\"\/en\/news\/\">L\u00e4s mer [en]<\/a><\/div>\n        <\/div>\n    <\/div>\n<\/section>\n<section class=\"white-section front-banner\">\n<div class=\"section-inner\">\n<div class=\"banner-slider\">\n<div><a href=\"\/sv\/cross-border\"><img decoding=\"async\" src=\"\/wp-content\/themes\/monolith_en\/img\/top\/banner_crossborder.png\" alt=\"Gr\u00e4ns\u00f6verskridande\"><\/a><\/div>\n<div><a href=\"\/en\/job-openings\"><img decoding=\"async\" src=\"\/wp-content\/themes\/monolith_en\/img\/top\/banner_jobopenings.png\" alt=\"Jobb\u00f6ppningar\"><\/a><\/div>\n<div><a href=\"https:\/\/www.linkedin.com\/company\/monolith-law-office\/\" target=\"\u201d_blank\u201d\" rel=\"noopener\"><img decoding=\"async\" src=\"\/wp-content\/themes\/monolith_en\/img\/top\/banner_linkedin.png\" alt=\"LinkedIn\"><\/a><\/div>\n<div><a href=\"\/sv\/article\"><img decoding=\"async\" src=\"\/wp-content\/themes\/monolith_en\/img\/top\/banner_monolithlawmagazine.svg\" alt=\"MONOLITH LAW MAGAZINE\"><\/a><\/div>\n<\/div>\n<\/div>\n<\/section>\n","protected":false},"excerpt":{"rendered":"<p>IT:s evolution Idag \u00e4r IT hj\u00e4rtat i moderna aff\u00e4rsoperationer, men att anv\u00e4nda IT f\u00f6r aff\u00e4rer kr\u00e4ver juridisk riskhantering.P\u00e5 MONOLITH LAW OFFICE arbetar v\u00e5rt team av advokater och IT-konsulter i sam [&hellip;]<\/p>\n","protected":false},"author":1,"featured_media":56656,"parent":0,"menu_order":0,"comment_status":"closed","ping_status":"closed","template":"front-page-temp.php","meta":{"footnotes":""},"acf":[],"_links":{"self":[{"href":"https:\/\/monolith.law\/sv\/wp-json\/wp\/v2\/pages\/41151"}],"collection":[{"href":"https:\/\/monolith.law\/sv\/wp-json\/wp\/v2\/pages"}],"about":[{"href":"https:\/\/monolith.law\/sv\/wp-json\/wp\/v2\/types\/page"}],"author":[{"embeddable":true,"href":"https:\/\/monolith.law\/sv\/wp-json\/wp\/v2\/users\/1"}],"replies":[{"embeddable":true,"href":"https:\/\/monolith.law\/sv\/wp-json\/wp\/v2\/comments?post=41151"}],"version-history":[{"count":125,"href":"https:\/\/monolith.law\/sv\/wp-json\/wp\/v2\/pages\/41151\/revisions"}],"predecessor-version":[{"id":72643,"href":"https:\/\/monolith.law\/sv\/wp-json\/wp\/v2\/pages\/41151\/revisions\/72643"}],"wp:featuredmedia":[{"embeddable":true,"href":"https:\/\/monolith.law\/sv\/wp-json\/wp\/v2\/media\/56656"}],"wp:attachment":[{"href":"https:\/\/monolith.law\/sv\/wp-json\/wp\/v2\/media?parent=41151"}],"curies":[{"name":"wp","href":"https:\/\/api.w.org\/{rel}","templated":true}]}}