{"id":4213,"date":"2023-11-08T04:28:26","date_gmt":"2023-11-07T19:28:26","guid":{"rendered":"https:\/\/monolith.law\/?page_id=4213"},"modified":"2024-01-29T13:18:47","modified_gmt":"2024-01-29T04:18:47","slug":"services","status":"publish","type":"page","link":"https:\/\/monolith.law\/sv\/services","title":{"rendered":"Tj\u00e4nster"},"content":{"rendered":"\n<section class=\"heading-area\">\n\t<div class=\"heading-area-inner\">\n\t\t<h2 class=\"icon-services\">Tj\u00e4nster<\/h2>\n\t\t<p>Med v\u00e5r chefsadvokats bakgrund som IT-ingenj\u00f6r och erfarenhet av att leda IT-f\u00f6retag, st\u00e5r MONOLITH LAW OFFICE som en ledande advokatbyr\u00e5 i Japan specialiserad p\u00e5 IT, aff\u00e4rer och internet. V\u00e5r globala organisation g\u00f6r att vi kan erbjuda h\u00f6gt specialiserade juridiska tj\u00e4nster inom dessa omr\u00e5den.<\/p>\n\t<\/div>\n<\/section>\n<section class=\"second-nav\">\n\t<div class=\"second-nav-inner\">\n\t\t<p>\u00c4MNEN<\/p>\n\t\t<nav>\n\t\t\t<ul>\n\t\t\t\t<li><a href=\"#general-corporate\">Allm\u00e4n f\u00f6retagsr\u00e4tt<\/a><\/li>\n\t\t\t\t<li><a href=\"#it\">IT<\/a><\/li>\n\t\t\t\t<li><a href=\"#cross-border\">Gr\u00e4ns\u00f6verskridande<\/a><\/li>\n\t\t\t\t<li><a href=\"#internet\">Internet<\/a><\/li>\n\t\t\t<\/ul>\n\t\t<\/nav>\n\t<\/div>\n<\/section>\n<section class=\"white-section\">\n\t<div class=\"anchor\" id=\"general-corporate\"><\/div>\n\t<div class=\"section-inner pdb0\">\n\t\t<div class=\"flex\">\n\t\t\t<div class=\"width41\"><img decoding=\"async\" src=\"\/wp-content\/themes\/monolith2021\/img\/pic\/pic_practices-corporate.jpg\" alt=\"Allm\u00e4n f\u00f6retagsr\u00e4tt\"><\/div>\n\t\t\t<div class=\"width51\">\n\t\t\t\t<div class=\"inline-inner\">\n\t\t\t\t\t<h3>Allm\u00e4n f\u00f6retagsr\u00e4tt<\/h3>\n\t\t\t\t\t<p>F\u00f6r att kunna erbjuda korrekt juridiskt st\u00f6d i den snabbr\u00f6rliga milj\u00f6n av IT och startup-f\u00f6retag \u00e4r det viktigt att ha specialiserad kunskap och erfarenhet. V\u00e5r byr\u00e5 har m\u00e5nga specialister inom detta omr\u00e5de och vi har erfarenhet av att tj\u00e4na som juridiskt ombud (inklusive olika kontrakt f\u00f6r styrelseledam\u00f6ter, verkst\u00e4llande direkt\u00f6rer etc.) f\u00f6r 1087 f\u00f6retag, best\u00e5ende huvudsakligen av IT-f\u00f6retag, fr\u00e5n toppf\u00f6retag till nystartade f\u00f6retag i Japan.<\/p>\n\t\t\t\t<\/div>\n\t\t\t<\/div>\n\t\t<\/div>\n\t<\/div>\n<\/section>\n<section class=\"white-section\">\n\t<div class=\"section-inner\">\n\t\t<ol class=\"practices-list mgb-big\">\n\t\t\t<li>\n\t\t\t\t<h4><img decoding=\"async\" src=\"\/wp-content\/themes\/monolith_en\/img\/practices\/practices_1_1.svg\" alt=\"1.Venture Law \"><\/h4>\n\t\t\t\t<img decoding=\"async\" src=\"\/wp-content\/themes\/monolith2021\/img\/practices\/practices_1_1_pic.png\" alt=\"Venture Law \">\n\t\t\t\t<p>Vi har omfattande erfarenhet av juridiska fr\u00e5gor relaterade till aff\u00e4rer och kapital, inklusive finansiering, f\u00f6retags\u00f6verl\u00e5telser och uppk\u00f6p.<\/p>\n\t\t\t<\/li>\n\t\t\t<li>\n\t\t\t\t<h4><img decoding=\"async\" src=\"\/wp-content\/themes\/monolith_en\/img\/practices\/practices_1_2.svg\" alt=\"2.IT och immaterialr\u00e4tt\"><\/h4>\n\t\t\t\t<img decoding=\"async\" src=\"\/wp-content\/themes\/monolith2021\/img\/practices\/practices_1_2_pic.png\" alt=\"IT och immaterialr\u00e4tt\">\n\t\t\t\t<p>Toki Kawase, v\u00e5r chefsjurist med tidigare erfarenhet som ingenj\u00f6r, kommer att f\u00e5 en djup f\u00f6rst\u00e5else f\u00f6r ditt f\u00f6retags produkter, ibland genom att faktiskt l\u00e4sa koden.<\/p>\n\t\t\t<\/li>\n\t\t\t<li>\n\t\t\t\t<h4><img decoding=\"async\" src=\"\/wp-content\/themes\/monolith_en\/img\/practices\/practices_1_3.svg\" alt=\"3.Hastighet\"><\/h4>\n\t\t\t\t<img decoding=\"async\" src=\"\/wp-content\/themes\/monolith2021\/img\/practices\/practices_1_3_pic.png\" alt=\"Hastighet\">\n\t\t\t\t<p>Vi f\u00f6rst\u00e5r vikten av snabb \u00e5terkoppling till ditt f\u00f6retag och f\u00f6retag. Som en allm\u00e4n regel svarar vi inom en arbetsdag.<\/p>\n\t\t\t<\/li>\n\t\t\t<li>\n\t\t\t\t<h4><img decoding=\"async\" src=\"\/wp-content\/themes\/monolith_en\/img\/practices\/practices_1_4.svg\" alt=\"4.Juridiska fr\u00e5gor f\u00f6r sm\u00e5 och medelstora f\u00f6retag\"><\/h4>\n\t\t\t\t<img decoding=\"async\" src=\"\/wp-content\/themes\/monolith2021\/img\/practices\/practices_1_4_pic.png\" alt=\"Juridiska fr\u00e5gor f\u00f6r sm\u00e5 och medelstora f\u00f6retag\">\n\t\t\t\t<p>V\u00e5r grundande jurist har erfarenhet av f\u00f6retagsledning och f\u00f6rst\u00e5r utifr\u00e5n egen erfarenhet sv\u00e5righeterna med ledning.<\/p>\n\t\t\t<\/li>\n\t\t<\/ol>\n\t\t<div class=\"btn-area\">\n\t\t\t<div class=\"btn icon-general-corporate\"><a href=\"\/sv\/general-corporate\">Allm\u00e4n f\u00f6retagsr\u00e4tt<\/a><\/div>\n\t\t<\/div>\n\t<\/div>\n<\/section>\n<section class=\"purple-section\">\n\t<div class=\"anchor\" id=\"it\"><\/div>\n\t<div class=\"section-inner\">\n\t\t<div class=\"flex mgb-middle\">\n\t\t\t<div class=\"width41\"><img decoding=\"async\" src=\"\/wp-content\/themes\/monolith2021\/img\/pic\/pic_practices-itlaw.jpg\" alt=\"IT\"><\/div>\n\t\t\t<div class=\"width51\">\n\t\t\t\t<div class=\"inline-inner\">\n\t\t\t\t\t<h3>IT<\/h3>\n\t\t\t\t\t<p class=\" mgb-middle\">Det \u00e4r viktigt f\u00f6r jurister som arbetar med IT-f\u00f6retag att f\u00f6rst\u00e5 tekniken och verksamheten relaterad till IT och immateriell egendom i f\u00f6retagets dagliga arbete. <br>MONOLITH LAW OFFICE fungerar som juridisk r\u00e5dgivare och chefsjurist f\u00f6r IT-f\u00f6retag och hanterar specialiserade och avancerade juridiska \u00e4renden inom IT,<br>s\u00e5som systemutveckling, underh\u00e5ll av anv\u00e4ndarvillkor f\u00f6r applikationer och tj\u00e4nster, mediehantering, marknadsf\u00f6ringsoperationer, blockchain, AI, skydd av personuppgifter och juridiska \u00e4renden relaterade till immateriell egendom i Japan. <\/p>\n\t\t\t\t<\/div>\n\t\t\t<\/div>\n\t\t<\/div>\n\t\t<ul class=\"layout-column4 mgb-big\">\n\t\t\t<li>\n\t\t\t\t<div><img decoding=\"async\" src=\"\/wp-content\/themes\/monolith2021\/img\/practices-itlaw\/practices-itlaw_pic1.jpg\"><\/div>\n\t\t\t\t<h4>Systemutveckling<\/h4>\n\t\t\t\t<p>Fr\u00e5n att utforma, revidera och f\u00f6rhandla avtal till att l\u00f6sa tvister n\u00e4r problem uppst\u00e5r<\/p>\n\t\t\t<\/li>\n\t\t\t<li>\n\t\t\t\t<div><img decoding=\"async\" src=\"\/wp-content\/themes\/monolith2021\/img\/practices-itlaw\/practices-itlaw_pic2.jpg\"><\/div>\n\t\t\t\t<h4>Anv\u00e4ndarvillkor<\/h4>\n\t\t\t\t<p>Skapande och modifiering av anv\u00e4ndarvillkor samt integritetspolicyer, n\u00f6dv\u00e4ndiga f\u00f6r publicering eller drift. <\/p>\n\t\t\t<\/li>\n\t\t\t<li>\n\t\t\t\t<div><img decoding=\"async\" src=\"\/wp-content\/uploads\/2023\/05\/oss.jpg\"><\/div>\n\t\t\t\t<h4>OSS<\/h4>\n\t\t\t\t<p>Olika typer av st\u00f6d baserat p\u00e5 f\u00f6rst\u00e5else f\u00f6r mjukvaran, inklusive licensdesign och licensavtal<\/p>\n\t\t\t<\/li>\n\t\t\t<li>\n\t\t\t\t<div><img decoding=\"async\" src=\"\/wp-content\/uploads\/2022\/07\/shutterstock_1151380622_2.png\"><\/div>\n\t\t\t\t<h4>Kryptovalutor<\/h4>\n\t\t\t\t<p>juridiskt st\u00f6d f\u00f6r blockchain-relaterade f\u00f6retag, inklusive insamling av medel, inneh\u00e5llsf\u00f6retag och NFTs<\/p>\n\t\t\t<\/li>\n\t\t<\/ul>\n\t\t<div class=\"btn-area\">\n\t\t\t<div class=\"btn icon-it\"><a href=\"\/sv\/it\">IT<\/a><\/div>\n\t\t<\/div>\n\t<\/div>\n<\/section>\n<section class=\"white-section\">\n\t<div class=\"anchor\" id=\"cross-border\"><\/div>\n\t<div class=\"section-inner\">\n\t\t<div class=\"flex reverse\">\n\t\t\t<div class=\"width41\"><img decoding=\"async\" src=\"\/en\/wp-content\/uploads\/sites\/6\/2023\/06\/global.jpg\" alt=\"Cross Border\"><\/div>\n\t\t\t<div class=\"width51\">\n\t\t\t\t<div class=\"inline-inner\">\n\t\t\t\t\t<h3>Gr\u00e4ns\u00f6verskridande<\/h3>\n\t\t\t\t\t<p class=\"mgb-small\">MONOLITH LAW OFFICE \u00e4r specialiserade p\u00e5 att tillhandah\u00e5lla ett brett utbud av juridiska tj\u00e4nster f\u00f6r utl\u00e4ndska f\u00f6retag som vill etablera sig p\u00e5 den japanska marknaden. Med expertis inom IT och startups erbjuder v\u00e5ra erfarna advokater st\u00f6d i licensavtal, immateriella r\u00e4ttigheter, dataskyddsf\u00f6rordningar, kontraktsf\u00f6rhandlingar och juridisk riskhantering.<\/p>\n\t\t\t\t\t<p class=\"mgb-small\">Vi \u00e4r ocks\u00e5 specialiserade p\u00e5 att assistera startups med finansiering, investeringsavtal och b\u00f6rsintroduktioner (IPOs), och driver deras tillv\u00e4xt och framg\u00e5ng genom strategiskt juridiskt st\u00f6d. V\u00e5rt team f\u00f6rst\u00e5r varje f\u00f6retags unika egenskaper och m\u00e5l, och tillhandah\u00e5ller skr\u00e4ddarsydda r\u00e5d och l\u00f6sningar som kombinerar ett internationellt perspektiv med lokal insikt.<\/p>\n\t\t\t\t\t<p class=\"mgb-small\">Juridisk probleml\u00f6sning \u00e4r avg\u00f6rande f\u00f6r framg\u00e5ngsrik expansion i Japan. Kontakta oss f\u00f6r att diskutera hur vi kan hj\u00e4lpa ditt f\u00f6retag att blomstra p\u00e5 den japanska marknaden.<\/p>\n\t\t\t\t<\/div>\n\t\t\t<\/div>\n\t\t<\/div>\n\t\t<div class=\"max-width980 mgb-small\"><img decoding=\"async\" src=\"\/wp-content\/uploads\/2023\/05\/global_map.png\" alt=\"Supported Countries\"><\/div>\n\t\t<div class=\"frame2 max-width860 mgb-big txt-center-pc\">\n\t\t\t<p>Globala juridiska tj\u00e4nster: Expertis och r\u00e4ckvidd \u00f6ver gr\u00e4nserna. Omfattande assistans \u00f6ver hela v\u00e4rlden genom p\u00e5litliga partnerbyr\u00e5er. Kontakta oss f\u00f6r gr\u00e4ns\u00f6verskridande juridiska behov.<\/p>\n\t\t<\/div>\n\t\t<div class=\"btn-area\">\n\t\t\t<div class=\"btn icon-cross-border\"><a href=\"\/sv\/cross-border\">Gr\u00e4ns\u00f6verskridande<\/a><\/div>\n\t\t<\/div>\n\t<\/div>\n<\/section>\n\n<section class=\"orange-section\">\n\t<div class=\"anchor\" id=\"internet\"><\/div>\n\t<div class=\"section-inner\">\n\t\t<div class=\"flex mgb-middle\">\n\t\t\t<div class=\"width41\"><img decoding=\"async\" src=\"\/en\/wp-content\/uploads\/sites\/6\/2023\/06\/internet.jpg\" alt=\"Internet\"><\/div>\n\t\t\t<div class=\"width51\">\n\t\t\t\t<h3>Internet<\/h3>\n\t\t\t\t<p class=\"mgb-small\">MONOLITH LAW OFFICE har omfattande erfarenhet av juridiska fr\u00e5gor relaterade till IT och \u00e4r s\u00e4rskilt skickliga p\u00e5 att st\u00f6dja internetbaserade f\u00f6retag, inklusive YouTubers och f\u00f6retag som bedriver verksamhet relaterad till YouTube.<\/p>\n\t\t\t\t<p class=\"mgb-middle\">Vi f\u00f6rst\u00e5r de inneboende riskerna med internet, s\u00e5som negativa webbsidor och inl\u00e4gg p\u00e5 onlineforum. V\u00e5r byr\u00e5 har framg\u00e5ngsrikt hanterat m\u00e5nga fall som r\u00f6r hantering av online-reputation f\u00f6r en bred kundkrets, fr\u00e5n enskilda individer till stora f\u00f6retag. Negativa webbsidor utg\u00f6r en unik juridisk utmaning i Japan, och v\u00e5ra kvalificerade advokater \u00e4r rustade f\u00f6r att erbjuda effektiva l\u00f6sningar. Vi ser fram emot att konsultera med dig och anv\u00e4nda v\u00e5r expertis och erfarenhet f\u00f6r att l\u00f6sa problem relaterade till negativa webbsidor.<\/p>\n\t\t\t<\/div>\n\t\t<\/div>\n\t\t<ul class=\"layout-column4 mgb-big\">\n\t\t\t<li>\n\t\t\t\t<div><img decoding=\"async\" src=\"\/wp-content\/themes\/monolith2021\/img\/pic\/pic_practices-youtuberlaw.jpg\" alt=\"YouTuber\"><\/div>\n\t\t\t\t<h4>YouTuber<\/h4>\n\t\t\t\t<p>Expertis inom influencerhantering. Vi f\u00f6rst\u00e5r japansk lagstiftning och det st\u00e4ndigt f\u00f6r\u00e4nderliga internetlandskapet. Vi \u00e4r betrodda av ledande YouTuber-agenturer, VTuber-f\u00f6retag och skapare. Specialiserat juridiskt st\u00f6d f\u00f6r kontrakt och videorelaterade fr\u00e5gor i Japan.<\/p>\n\t\t\t<\/li>\n\t\t\t<li>\n\t\t\t\t<div><img decoding=\"async\" src=\"\/wp-content\/themes\/monolith2021\/img\/pic\/pic_sns_manda.jpg\" alt=\"M&#038;A of SNS\"><\/div>\n\t\t\t\t<h4>M&#038;A av SNS<\/h4>\n\t\t\t\t<p>Expertis inom sociala mediers M&#038;A. V\u00e5r advokatbyr\u00e5 f\u00f6rst\u00e5r de unika egenskaperna hos transaktioner med YouTube- och Twitter-konton. Med starka kunskaper inom IT och internet erbjuder vi omfattande st\u00f6d f\u00f6r kontrakt, due diligence och juridiska aspekter. Lita p\u00e5 oss f\u00f6r att skydda och maximera v\u00e4rdet p\u00e5 dina digitala tillg\u00e5ngar.<\/p>\n\t\t\t<\/li>\n\t\t\t<li>\n\t\t\t\t<div><img decoding=\"async\" src=\"\/wp-content\/themes\/monolith2021\/img\/pic\/pic_practices-reputation.jpg\" alt=\"Negative Web Pages\"><\/div>\n\t\t\t\t<h4>Negativa Webbsidor<\/h4>\n\t\t\t\t<p>F\u00f6rsvar mot onlineattacker. Specialiserade p\u00e5 internetr\u00e4tt, tar vi bort skadliga webbsidor som skadar rykten. Betrott av f\u00f6retag och individer, erbjuder vi strategiska juridiska ingripanden och omfattande l\u00f6sningar f\u00f6r att skydda din n\u00e4rvaro och rykte online.<\/p>\n\t\t\t<\/li>\n\t\t\t<li>\n\t\t\t\t<div><img decoding=\"async\" src=\"\/wp-content\/themes\/monolith2021\/img\/pic\/pic_reputation.jpg\" alt=\"Identification of Posters\"><\/div>\n\t\t\t\t<h4>Identifiering av Postare<\/h4>\n\t\t\t\t<p>Identifiering av individer ansvariga f\u00f6r olagliga inl\u00e4gg. MONOLITH LAW OFFICE specialiserar sig p\u00e5 internetlag och har omfattande erfarenhet av att hantera fall som involverar negativt online-inneh\u00e5ll. Vi navigerar genom de juridiska processerna f\u00f6r att s\u00f6ka r\u00e4ttvisa och skydda v\u00e5ra klienters intressen.<\/p>\n\t\t\t<\/li>\n\t\t<\/ul>\n\t\t<div class=\"btn-area\">\n\t\t\t<div class=\"btn icon-internet\"><a href=\"\/sv\/internet\">Internet<\/a><\/div>\n\t\t<\/div>\n\t<\/div>\n<\/section>\n","protected":false},"excerpt":{"rendered":"<p>Tj\u00e4nster Med v\u00e5r chefsadvokats bakgrund som IT-ingenj\u00f6r och erfarenhet av att leda IT-f\u00f6retag, st\u00e5r MONOLITH LAW OFFICE som en ledande advokatbyr\u00e5 i Japan specialiserad p\u00e5 IT, aff\u00e4rer och internet. V\u00e5 [&hellip;]<\/p>\n","protected":false},"author":1,"featured_media":57138,"parent":0,"menu_order":4,"comment_status":"closed","ping_status":"closed","template":"practices-page-temp.php","meta":{"footnotes":""},"acf":[],"_links":{"self":[{"href":"https:\/\/monolith.law\/sv\/wp-json\/wp\/v2\/pages\/4213"}],"collection":[{"href":"https:\/\/monolith.law\/sv\/wp-json\/wp\/v2\/pages"}],"about":[{"href":"https:\/\/monolith.law\/sv\/wp-json\/wp\/v2\/types\/page"}],"author":[{"embeddable":true,"href":"https:\/\/monolith.law\/sv\/wp-json\/wp\/v2\/users\/1"}],"replies":[{"embeddable":true,"href":"https:\/\/monolith.law\/sv\/wp-json\/wp\/v2\/comments?post=4213"}],"version-history":[{"count":114,"href":"https:\/\/monolith.law\/sv\/wp-json\/wp\/v2\/pages\/4213\/revisions"}],"predecessor-version":[{"id":62729,"href":"https:\/\/monolith.law\/sv\/wp-json\/wp\/v2\/pages\/4213\/revisions\/62729"}],"wp:featuredmedia":[{"embeddable":true,"href":"https:\/\/monolith.law\/sv\/wp-json\/wp\/v2\/media\/57138"}],"wp:attachment":[{"href":"https:\/\/monolith.law\/sv\/wp-json\/wp\/v2\/media?parent=4213"}],"curies":[{"name":"wp","href":"https:\/\/api.w.org\/{rel}","templated":true}]}}