{"id":4232,"date":"2023-11-11T23:40:45","date_gmt":"2023-11-11T14:40:45","guid":{"rendered":"https:\/\/monolith.law\/?page_id=4232"},"modified":"2024-01-29T14:02:29","modified_gmt":"2024-01-29T05:02:29","slug":"greetings-from-the-managing-attorney","status":"publish","type":"page","link":"https:\/\/monolith.law\/sv\/greetings-from-the-managing-attorney","title":{"rendered":"H\u00e4lsningar fr\u00e5n chefsjuristen"},"content":{"rendered":"\n<section class=\"heading-area\">\n\t<div class=\"heading-area-inner\">\n\t\t<h2 class=\"icon-greetings-from-the-managing-attorney\">H\u00e4lsningar fr\u00e5n chefsjuristen<\/h2>\n\t<\/div>\n<\/section>\n\n<section class=\"white-section\">\n\t<div class=\"section-inner section-inner-bottomhalf pdt0 border-bottom-section\">\n\t\t<div class=\"tagline\">\n\t\t\t<div class=\"textArea\">\n\t\t\t\t<p>Att utnyttja kraften i informationsteknologi har revolutionerat m\u00e4nsklighetens historia,<br class=\"pcOnly\"> j\u00e4mf\u00f6rbart med dynamitens p\u00e5verkan.<br>Internet har i synnerhet snabbt f\u00f6r\u00e4ndrat evolutionens kurs,<br class=\"pcOnly\"> och drivit m\u00e4nskligheten fram\u00e5t i en aldrig tidigare sk\u00e5dad takt.<br>Men med stor kraft f\u00f6ljer stora risker.<\/p>\n\t\t\t\t<p>P\u00e5 MONOLITH LAW OFFICE tror vi fast att det \u00e4r v\u00e5rt ansvar att se till<br class=\"pcOnly\"> att v\u00e5r tids krafter inte utnyttjas som ett hot mot f\u00f6retag,<br class=\"pcOnly\"> utan som en katalysator f\u00f6r deras revolutionerande utveckling.<br>Vi str\u00e4var efter att vara ett innovativt och fram\u00e5tblickande team som erbjuder juridisk v\u00e4gledning<br class=\"pcOnly\"> och st\u00f6d som m\u00f6jligg\u00f6r f\u00f6r f\u00f6retag att l\u00e5sa upp informationsteknologins fulla potential.<\/p>\n\t\t\t\t<p>V\u00e5rt uppdrag \u00e4r att navigera genom den komplexa juridiska landskapet och ge f\u00f6retag m\u00f6jligheten<br class=\"pcOnly\"> att utnyttja IT till dess fulla omfattning. Genom att omfamna de m\u00f6jligheter som<br class=\"pcOnly\"> den digitala eran presenterar, siktar vi p\u00e5 att underl\u00e4tta den transformativa tillv\u00e4xten av v\u00e5ra klienters verksamheter.<\/p>\n\t\t\t\t<p class=\"txt-l\">Evolutionerande IT<\/p>\n\t\t\t\t<p>MONOLITH LAW OFFICE<\/p>\n\t\t\t<\/div>\n\t\t\t<div class=\"logo\"><img decoding=\"async\" src=\"\/wp-content\/themes\/monolith2021\/img\/logo.svg\" alt=\"MONOLITH LAW OFFICE\"><\/div>\n\t\t<\/div>\n\t<\/div>\n<\/section>\n\n<section class=\"second-nav\">\n\t<div class=\"second-nav-inner\">\n\t\t<p>\u00c4MNEN<\/p>\n\t\t<nav>\n\t\t\t<ul>\n\t\t\t\t<li><a href=\"#law-firm-led-by-former-it-engineer-turned-lawyer-with-corporate-management-experience\">Advokatbyr\u00e5 ledd av tidigare IT-ingenj\u00f6r som blivit advokat med erfarenhet av f\u00f6retagsledning<\/a><\/li>\n\t\t\t\t<li><a href=\"#a-law-firm-emphasizing-it-internet-and-business-expertise\">En advokatbyr\u00e5 som betonar IT, Internet och aff\u00e4rsexpertis<\/a><\/li>\n\t\t\t\t<li><a href=\"#corporate-law-and-it-legal-expertise\">F\u00f6retagsr\u00e4tt och IT-juridisk expertis<\/a><\/li>\n\t\t\t\t<li><a href=\"#a-team-of-lawyers-and-it-consultants\">Ett team av advokater och IT-konsulter<\/a><\/li>\n\t\t\t<\/ul>\n\t\t<\/nav>\n\t<\/div>\n<\/section>\n\n<section class=\"white-section\">\n\t<div class=\"anchor\" id=\"law-firm-led-by-former-it-engineer-turned-lawyer-with-corporate-management-experience\"><\/div>\n\t<div class=\"section-inner\">\n\t\t<div class=\"flex\">\n\t\t\t<div class=\"width41\"><img decoding=\"async\" src=\"\/wp-content\/uploads\/2023\/06\/message_1.jpg\" alt=\"Advokatbyr\u00e5 ledd av tidigare IT-ingenj\u00f6r som blivit advokat med erfarenhet av f\u00f6retagsledning\"><\/div>\n\t\t\t<div class=\"width51\">\n\t\t\t\t<h3>Advokatbyr\u00e5 ledd av tidigare IT-ingenj\u00f6r som blivit advokat med erfarenhet av f\u00f6retagsledning<\/h3>\n\t\t\t\t<p class=\"font-h3 txt-right mgb-middle\">Ansvarig advokat: Toki Kawase<\/p>\n\t\t\t\t<p class=\"mgb-small\">Jag har alltid haft en passion f\u00f6r datorer och teknik sedan jag var en ung pojke, vilket gav mig titeln &#8220;datorn\u00f6rd&#8221;. Under mina ton\u00e5rs\u00e5r och tidiga vuxenliv f\u00f6rdjupade jag mig i IT-v\u00e4rlden, drev mitt eget f\u00f6retag och samlade v\u00e4rdefull erfarenhet.<\/p>\n\t\t\t\t<p class=\"mgb-small\">Min resa b\u00f6rjade i grundskolan n\u00e4r jag b\u00f6rjade programmera p\u00e5 min f\u00f6rsta PC, en &#8220;MSX 2+&#8221;. I h\u00f6gstadiet gick jag med i skolans datalag, vilket eldade p\u00e5 mitt intresse f\u00f6r programmering. Under mina universitets\u00e5r uppstod m\u00f6jligheten att skapa en webbplats \u00e5t ett f\u00f6retag, vilket blev en v\u00e4ndpunkt i min karri\u00e4r. Flexibiliteten och de ekonomiska bel\u00f6ningarna fr\u00e5n detta f\u00f6retag ledde mig till att utforska olika IT-relaterade verksamheter s\u00e5som webbutveckling, skapande av webbtj\u00e4nster och SEO-optimering.<\/p>\n\t\t\t\t<p class=\"mgb-small\">Under denna period var startups ledda av unga yrkesverksamma inom IT p\u00e5 uppg\u00e5ng, och jag fann mig helt uppslukad av entrepren\u00f6rskapets dynamiska och snabbt f\u00f6r\u00e4nderliga v\u00e4rld. Jag arbetade outtr\u00f6ttligt och omfamnade b\u00e5de inhemska och gr\u00e4ns\u00f6verskridande projekt, samarbetade med internationella partners och anpassade mig st\u00e4ndigt till det f\u00f6r\u00e4nderliga landskapet.<\/p>\n\t\t\t\t<p class=\"mgb-small\">Dock, i mina sena tjugo\u00e5r, fattade jag ett livsf\u00f6r\u00e4ndrande beslut. Jag \u00f6verl\u00e4mnade stafettpinnen f\u00f6r mitt IT-f\u00f6retag till andra och p\u00e5b\u00f6rjade en ny v\u00e4g. Jag skrev in mig p\u00e5 juristprogrammet med m\u00e5let att kombinera min tekniska expertis med juridisk kunskap. Idag, som advokat och tidigare IT-ingenj\u00f6r med erfarenhet av f\u00f6retagsledning, leder jag MONOLITH LAW OFFICE som f\u00f6rst\u00e5r IT-industrins komplexitet och erbjuder omfattande juridiska tj\u00e4nster.<\/p>\n\t\t\t\t<p>I v\u00e5r byr\u00e5 anv\u00e4nder vi v\u00e5r unika kombination av IT-kunskap och juridisk expertis f\u00f6r att ge effektiv v\u00e4gledning och st\u00f6d till v\u00e5ra klienter. Vi f\u00f6rst\u00e5r de utmaningar och m\u00f6jligheter som uppst\u00e5r i den digitala tids\u00e5ldern, och vi \u00e4r engagerade i att hj\u00e4lpa f\u00f6retag att navigera i den juridiska landskapet och uppn\u00e5 sina m\u00e5l.<\/p>\n\t\t\t<\/div>\n\t\t<\/div>\n\t<\/div>\n<\/section>\n\n<section class=\"purple-section\">\n\t<div class=\"anchor\" id=\"a-law-firm-emphasizing-it-internet-and-business-expertise\"><\/div>\n\t<div class=\"section-inner\">\n\t\t<div class=\"flex reverse\">\n\t\t\t<div class=\"width41\"><img decoding=\"async\" src=\"\/wp-content\/uploads\/2023\/06\/message_2.jpg\" alt=\"En advokatbyr\u00e5 med betoning p\u00e5 IT, internet och aff\u00e4rsexpertis\"><\/div>\n\t\t\t<div class=\"width51\">\n\t\t\t\t<h3>En juristbyr\u00e5 med fokus p\u00e5 IT, internet och aff\u00e4rskompetens<\/h3>\n\t\t\t\t<p class=\"mgb-small\">M\u00e5nga uppfattar mitt byte fr\u00e5n IT-f\u00f6retagare till jurist som en total omv\u00e4ndning p\u00e5 180 grader. Jag anser dock att f\u00f6r\u00e4ndringen inte var s\u00e5 drastisk som den kan verka.<\/p>\n\t\t\t\t<p class=\"mgb-small\">N\u00e4r jag reflekterar \u00f6ver mitt f\u00f6rflutna inser jag att jag \u00e4ven som en naturvetenskapligt inriktad IT-ingenj\u00f6r hade en naturlig ben\u00e4genhet f\u00f6r humanistiskt t\u00e4nkande. Aff\u00e4rsv\u00e4rlden fascinerade mig, vilket ledde mig till att bli entrepren\u00f6r ist\u00e4llet f\u00f6r att f\u00f6lja en traditionell karri\u00e4r som IT-ingenj\u00f6r.<\/p>\n\t\t\t\t<p class=\"mgb-small\">Idag, som jurist, \u00e4r jag n\u00e5gon som utm\u00e4rker sig med vetenskapligt t\u00e4nkande inom ett omr\u00e5de som traditionellt f\u00f6rknippas med humaniora. Denna bakgrund g\u00f6r mig till en ledande advokat p\u00e5 en juristbyr\u00e5 som starkt betonar IT, internet och aff\u00e4rsfr\u00e5gor.<\/p>\n\t\t\t\t<p class=\"mgb-big\">\u00c4ven om min karri\u00e4r kan skilja sig fr\u00e5n den hos en typisk IT-ingenj\u00f6r, ser jag mitt skifte fr\u00e5n IT-ingenj\u00f6r till jurist som en gradvis f\u00f6r\u00e4ndring, kanske n\u00e5gra dussin grader snarare \u00e4n en fullst\u00e4ndig v\u00e4ndning. Faktum \u00e4r att jag ser det som en naturlig utveckling som g\u00f6r att jag kan anv\u00e4nda min unika kombination av f\u00e4rdigheter och kunskaper f\u00f6r att b\u00e4ttre tj\u00e4na v\u00e5ra klienter inom IT, internet och aff\u00e4rssektorerna.<\/p>\n\t\t\t\t<div class=\"btn-area align-left\">\n\t\t\t\t\t<div class=\"btn icon-services\"><a href=\"\/sv\/services\">Tj\u00e4nster<\/a><\/div>\n\t\t\t\t<\/div>\n\t\t\t<\/div>\n\t\t<\/div>\n\t<\/div>\n<\/section>\n\n<section class=\"white-section\">\n\t<div class=\"anchor\" id=\"corporate-law-and-it-legal-expertise\"><\/div>\n\t<div class=\"section-inner\">\n\t\t<div class=\"flex\">\n\t\t\t<div class=\"width41\"><img decoding=\"async\" src=\"\/wp-content\/uploads\/2023\/06\/message_3.jpg\" alt=\"F\u00f6retagsjuridik och IT-juridisk expertis\"><\/div>\n\t\t\t<div class=\"width51\">\n\t\t\t\t<h3>F\u00f6retagsr\u00e4tt och juridisk IT-expertis<\/h3>\n\t\t\t\t<p class=\"mgb-small\">P\u00e5 MONOLITH LAW OFFICE har jag en dubbel roll. F\u00f6r det f\u00f6rsta erbjuder jag f\u00f6retagsjuridiskt st\u00f6d till IT-f\u00f6retag och startups som konsult. Att f\u00f6rst\u00e5 IT-branschens komplexitet och de unika utmaningar som startups st\u00e5r inf\u00f6r \u00e4r avg\u00f6rande f\u00f6r att kunna leverera effektiva juridiska tj\u00e4nster anpassade efter deras behov. Med min direkta erfarenhet och expertis inom IT och startup-milj\u00f6er \u00e4r jag v\u00e4l rustad att erbjuda exceptionell juridisk assistans till dessa klienter.<\/p>\n\t\t\t\t<p class=\"mgb-small\">F\u00f6r det andra arbetar jag som en del av ett team av IT- och juridikspecialister som erbjuder konsulttj\u00e4nster till f\u00f6retag inom olika branscher som beh\u00f6ver v\u00e4gledning i IT-relaterade juridiska fr\u00e5gor. V\u00e5rt team anv\u00e4nder v\u00e5r kollektiva kunskap inom IT och juridik f\u00f6r att sammanst\u00e4lla och leverera optimala l\u00f6sningar som m\u00f6ter varje klients specifika krav.<\/p>\n\t\t\t\t<p class=\"mgb-small\">Medan traditionella juridiska tj\u00e4nster ofta fokuserar p\u00e5 att tillhandah\u00e5lla specifika produkter, s\u00e5som att l\u00e4mna in st\u00e4mningsans\u00f6kningar p\u00e5 beg\u00e4ran, inser jag vikten av att se till att de l\u00f6sningar som tillhandah\u00e5lls verkligen uppfyller kundens behov. Kan vi enbart f\u00f6rlita oss p\u00e5 att kunden sj\u00e4lv utformar en l\u00f6sning som effektivt tar itu med deras unika utmaningar? Detta \u00e4r kritiska \u00f6verv\u00e4ganden som jag tar h\u00e4nsyn till.<\/p>\n\t\t\t\t<p class=\"mgb-small\">L\u00e5t oss till exempel \u00f6verv\u00e4ga st\u00f6d f\u00f6r b\u00f6rsintroduktioner (IPOs) i Japan. F\u00f6r att s\u00e4kerst\u00e4lla efterlevnad m\u00e5ste f\u00f6retag noggrant unders\u00f6ka alla potentiella \u00e4ndringar i japanska lagar och f\u00f6rordningar som kan p\u00e5verka deras verksamhet och vidta l\u00e4mpliga \u00e5tg\u00e4rder. Det kan dock vara utmanande f\u00f6r jurister att h\u00e5lla reda p\u00e5 de m\u00e5nga \u00e4ndringarna, inklusive de mindre, i sitt dagliga arbete.<\/p>\n\t\t\t\t<p>Som expert p\u00e5 IT och juridik str\u00e4var jag efter att tillhandah\u00e5lla &#8220;l\u00f6sningar&#8221; som kombinerar kraften i IT och lagen f\u00f6r att effektivt ta itu med dessa komplexa problem.<\/p>\n\t\t\t<\/div>\n\t\t<\/div>\n\t<\/div>\n<\/section>\n\n<section class=\"orange-section\">\n\t<div class=\"anchor\" id=\"a-team-of-lawyers-and-it-consultants\"><\/div>\n\t<div class=\"section-inner\">\n\t\t<div class=\"flex reverse\">\n\t\t\t<div class=\"width41\"><img decoding=\"async\" src=\"\/wp-content\/uploads\/2023\/06\/message_4.jpg\" alt=\"Ett team av jurister och IT-konsulter\"><\/div>\n\t\t\t<div class=\"width51\">\n\t\t\t\t<h3>En grupp av jurister och IT-konsulter<\/h3>\n\t\t\t\t<p class=\"mgb-small\">Ut\u00f6ver exempelvis st\u00f6d vid b\u00f6rsintroduktioner (IPO), finns det m\u00e5nga situationer d\u00e4r en kombination av IT och juridik \u00e4r avg\u00f6rande f\u00f6r att m\u00f6ta klienternas behov. Att hantera komplexa problemst\u00e4llningar kr\u00e4ver ett team med f\u00e4rdigheter och f\u00f6rm\u00e5gor att fatta v\u00e4lgrundade beslut och genomf\u00f6ra effektiva \u00e5tg\u00e4rder fr\u00e5n ett brett spektrum av alternativ. Medan jurister \u00e4r juridiska professionella och specialister p\u00e5 r\u00e4ttsliga fr\u00e5gor, kr\u00e4vs mer \u00e4n bara juridisk expertis f\u00f6r att bygga en helt\u00e4ckande &#8220;l\u00f6sning&#8221;.<\/p>\n\t\t\t\t<p class=\"mgb-small\">D\u00e4rf\u00f6r inkluderar v\u00e5rt team \u00e4ven andra medarbetare \u00e4n jurister, s\u00e5som IT-konsulter, som bidrar med en m\u00e5ngfald av f\u00e4rdigheter. Med deras f\u00f6rm\u00e5ga att utf\u00f6ra internetforskning, f\u00f6rklara l\u00f6sningf\u00f6rslag och erbjuda insikter som str\u00e4cker sig bortom traditionell juridisk kunskap, kan vi erbjuda omfattande och effektiva l\u00f6sningar. N\u00e4r det g\u00e4ller gr\u00e4ns\u00f6verskridande juridiska \u00e4renden \u00e4r samarbete med team ut\u00f6ver jurister avg\u00f6rande. V\u00e5ra teammedlemmar med spr\u00e5kkunskaper och djup f\u00f6rst\u00e5else f\u00f6r utl\u00e4ndska aff\u00e4rsmilj\u00f6er g\u00f6r det m\u00f6jligt f\u00f6r oss att navigera i spetskompetensomr\u00e5den inom den gr\u00e4ns\u00f6verskridande IT-sektorn.<\/p>\n\t\t\t\t<p class=\"mgb-small\">N\u00e4r det g\u00e4ller rekrytering \u00e4r det viktigt att notera att m\u00e5nga av v\u00e5ra jurister ansluter sig till MONOLITH LAW OFFICE utan omfattande IT-kunskaper. Vi fr\u00e4mjar en samarbetsmilj\u00f6 d\u00e4r jurister med olika bakgrunder och erfarenheter av IT-relaterade juridiska fr\u00e5gor arbetar tillsammans som ett team. Ansvarsomr\u00e5den f\u00f6r icke-juridiska teammedlemmar best\u00e4ms ofta baserat p\u00e5 deras f\u00f6rm\u00e5gor och egenskaper efter att de anslutit sig till firman och engagerat sig i olika verksamheter. Vi v\u00e4lkomnar ans\u00f6kningar fr\u00e5n jurister som kanske inte har specialiserad IT-kunskap eller som k\u00e4nner tveksamhet inf\u00f6r att bli etiketterade som &#8220;specialister&#8221;.<\/p>\n\t\t\t\t<p class=\"mgb-big\">P\u00e5 MONOLITH LAW OFFICE v\u00e4rderar vi den kollektiva expertisen och bidragen fr\u00e5n varje teammedlem, vilket skapar en dynamisk och innovativ milj\u00f6 som kombinerar juridisk skicklighet med insikter inom IT.<\/p>\n\t\t\t\t<div class=\"btn-area align-left\">\n\t\t\t\t\t<div class=\"btn icon-job-openings\"><a href=\"\/en\/job-openings\/\">Jobb\u00f6ppningar[en]<\/a><\/div>\n\t\t\t\t<\/div>\n\t\t\t<\/div>\n\t\t<\/div>\n\t<\/div>\n<\/section>\n","protected":false},"excerpt":{"rendered":"<p>H\u00e4lsningar fr\u00e5n chefsjuristen Att utnyttja kraften i informationsteknologi har revolutionerat m\u00e4nsklighetens historia, j\u00e4mf\u00f6rbart med dynamitens p\u00e5verkan.Internet har i synnerhet snabbt f\u00f6r\u00e4ndrat evol [&hellip;]<\/p>\n","protected":false},"author":1,"featured_media":57134,"parent":0,"menu_order":8,"comment_status":"closed","ping_status":"closed","template":"other-page-temp.php","meta":{"footnotes":""},"acf":[],"_links":{"self":[{"href":"https:\/\/monolith.law\/sv\/wp-json\/wp\/v2\/pages\/4232"}],"collection":[{"href":"https:\/\/monolith.law\/sv\/wp-json\/wp\/v2\/pages"}],"about":[{"href":"https:\/\/monolith.law\/sv\/wp-json\/wp\/v2\/types\/page"}],"author":[{"embeddable":true,"href":"https:\/\/monolith.law\/sv\/wp-json\/wp\/v2\/users\/1"}],"replies":[{"embeddable":true,"href":"https:\/\/monolith.law\/sv\/wp-json\/wp\/v2\/comments?post=4232"}],"version-history":[{"count":35,"href":"https:\/\/monolith.law\/sv\/wp-json\/wp\/v2\/pages\/4232\/revisions"}],"predecessor-version":[{"id":62773,"href":"https:\/\/monolith.law\/sv\/wp-json\/wp\/v2\/pages\/4232\/revisions\/62773"}],"wp:featuredmedia":[{"embeddable":true,"href":"https:\/\/monolith.law\/sv\/wp-json\/wp\/v2\/media\/57134"}],"wp:attachment":[{"href":"https:\/\/monolith.law\/sv\/wp-json\/wp\/v2\/media?parent=4232"}],"curies":[{"name":"wp","href":"https:\/\/api.w.org\/{rel}","templated":true}]}}