{"id":47528,"date":"2023-11-06T23:10:34","date_gmt":"2023-11-06T14:10:34","guid":{"rendered":"https:\/\/monolith.law\/?page_id=47528"},"modified":"2024-03-08T20:59:02","modified_gmt":"2024-03-08T11:59:02","slug":"crypto-asset-and-blockchain","status":"publish","type":"page","link":"https:\/\/monolith.law\/sv\/crypto-asset-and-blockchain","title":{"rendered":"Kryptovalutor och blockkedjor"},"content":{"rendered":"\n<section class=\"heading-area\">\n\t<div class=\"heading-area-inner\">\n\t\t<h2 class=\"icon-crypto-asset-and-blockchain\">Kryptovalutor och blockkedjor<\/h2>\n\t\t<p>Kryptovalutor och blockkedjor \u00e4r decentraliserade databaser som skapas av olika IT-system inklusive konsensusalgoritmer, kryptografi och P2P-n\u00e4tverk, vilka \u00e4r sv\u00e5ra att manipulera och har l\u00e5g risk f\u00f6r datal\u00e4ckage. Som en juridisk byr\u00e5 med expertis inom IT, st\u00f6djer vi f\u00f6retag som \u00e4r involverade i kryptovalutor, NFTs och blockkedjor.<\/p>\n\t<\/div>\n<\/section>\n<section class=\"white-section\">\n\t<div class=\"section-inner pdt0 border-bottom-section\">\n\t<p class=\"mgb-small\">Kryptovalutor, NFTs och blockkedjor utvecklas snabbt p\u00e5 grund av p\u00e5g\u00e5ende tekniska innovationer och deras potential f\u00f6r en m\u00e4ngd olika \u00e4ndam\u00e5l, fr\u00e5n finansiering till hantering av digital konst. D\u00e4rf\u00f6r \u00e4r det ocks\u00e5 ett komplext omr\u00e5de att reglera juridiskt.<\/p>\n\t<p class=\"mgb-small\">MONOLITH LAW OFFICE \u00e4r en juridisk byr\u00e5 som har specialiserat sig p\u00e5 lagar relaterade till krypto och blockkedjor sedan grundandet 2017. Vi \u00e4r v\u00e4l f\u00f6rtrogna med juridiska regleringar f\u00f6r utl\u00e4ndska f\u00f6retag, deras verksamhet i Japan, l\u00e4mplig aff\u00e4rsr\u00e5dgivning f\u00f6r implementering samt f\u00f6rberedelse av dokument och kontrakt f\u00f6r IT-relaterade aff\u00e4rsoperationer. S\u00e5dant arbete kr\u00e4ver kunskap och erfarenhet inom internationell IT, aff\u00e4rer, finansiell lagstiftning och andra juridiska fr\u00e5gor.<\/p>\n\t<p>Vi erbjuder sofistikerat st\u00f6d f\u00f6r f\u00f6retag som anv\u00e4nder blockkedjor, inklusive kryptovalutor och NFTs, genom intrikat samarbete mellan advokater och IT-konsulter.<\/p>\n\t<\/div>\n<\/section>\n<section class=\"second-nav\">\n\t<div class=\"second-nav-inner\">\n\t\t<p>\u00c4MNEN<\/p>\n\t\t<nav>\n\t\t\t<ul>\n\t\t\t\t<li><a href=\"#highly-specialized-teams-and-global-network\">H\u00f6gt specialiserade team och globalt n\u00e4tverk<\/a><\/li>\n\t\t\t\t<li><a href=\"#examples-of-the-firms-support-achievements\">Exempel p\u00e5 byr\u00e5ns framg\u00e5ngar<\/a><\/li>\n\t\t\t\t<li><a href=\"#advanced-technology-and-financial-legislation\">Avancerad teknologi och finansiell lagstiftning<\/a><\/li>\n\t\t\t\t<li><a href=\"#providing-one-stop-solutions\">Erbjudande av helhetsl\u00f6sningar<\/a><\/li>\n\t\t\t\t<li><a href=\"#legal-support-for-nft-related-businesses\">Juridiskt st\u00f6d f\u00f6r NFT-relaterade f\u00f6retag<\/a><\/li>\n\t\t\t\t<li><a href=\"#crypto-asset-businesses-and-custody-services\">Kryptovalutaf\u00f6retag och f\u00f6rvaringstj\u00e4nster<\/a><\/li>\n\t\t\t\t<li><a href=\"#other-crypto-assets-related-businesses\">\u00d6vriga kryptovalutarelaterade f\u00f6retag<\/a><\/li>\n\t\t\t\t<li><a href=\"#system-development\">Systemutveckling<\/a><\/li>\n\t\t\t\t<li><a href=\"#terms-of-use-maintenance-for-applications-etc\">Dokumenttj\u00e4nster<\/a><\/li>\n\t\t\t\t<li><a href=\"#monolith-law-magazine\">MONOLITH LAW MAGAZINE<\/a><\/li>\n\t\t\t\t<li><a href=\"#fee-structure\">Prisstruktur<\/a><\/li>\n\t\t\t<\/ul>\n\t\t<\/nav>\n\t<\/div>\n<\/section>\n<section class=\"white-section\">\n\t<div class=\"anchor\" id=\"highly-specialized-teams-and-global-network\"><\/div>\n\t<div class=\"section-inner pdb0\">\n\t\t<h3>H\u00f6gt specialiserade team och globalt n\u00e4tverk<\/h3>\n\t\t<div class=\"max-width980 mgb-small\"><img decoding=\"async\" src=\"\/wp-content\/uploads\/2023\/05\/web3team.jpg\" alt=\"Advokater\"><\/div>\n\t\t<div class=\"frame2 max-width860 txt-center-pc\">\n\t\t\t<p class=\"bold txt-l mgb-small\">I takt med att aff\u00e4rslandskapet kring blockkedjor och kryptovalutor utvecklas snabbt, \u00e4r det n\u00f6dv\u00e4ndigt med advokatbyr\u00e5er och advokater som \u00e4r specialiserade inom omr\u00e5det.<\/p>\n\t\t\t<p> P\u00e5 MONOLITH LAW OFFICE har vi etablerat ett dedikerat team av advokater med omfattande IT-kunskap, internationellt kvalificerade advokater och erfarna IT-ingenj\u00f6rer. Genom v\u00e5rt robusta internationella n\u00e4tverk fr\u00e4mjar vi kunskapsutbyte, vilket g\u00f6r att vi kan h\u00e5lla oss i framkant av detta dynamiska f\u00e4lt.<\/p>\n\t\t<\/div>\n\t<\/div>\n<\/section>\n<section class=\"white-section\">\n\t<div class=\"anchor\" id=\"examples-of-the-firms-support-achievements\"><\/div>\n\t<div class=\"section-inner\">\n\t\t<h3>Exempel p\u00e5 byr\u00e5ns st\u00f6dprestationer<\/h3>\n\t\t<ul class=\"layout-column4\">\n\t\t\t<li>\n\t\t\t\t<div><img decoding=\"async\" src=\"\/wp-content\/uploads\/2022\/07\/shutterstock_1009471096.png\"><\/div>\n\t\t\t\t<h4>Insamling av kapital (ICO, STO, IEO)<\/h4>\n\t\t\t\t<p>Idag \u00f6kar populariteten f\u00f6r ICO, STO och IEO, som anv\u00e4nder kryptovalutor som ett medel f\u00f6r kapitalanskaffning. De ses som ett mer flexibelt s\u00e4tt att samla in pengar j\u00e4mf\u00f6rt med IPO:er och liknande, samtidigt som de erbjuder investerarskydd under regelverken i Japanese Financial Instruments and Exchange Act och Japanese Payment Services Act. MONOLITH LAW OFFICE st\u00f6djer i lagligheten av verksamheten genom att erbjuda hj\u00e4lp och f\u00f6rbereda rapporter.<\/p>\n\t\t\t<\/li>\n\t\t\t<li>\n\t\t\t\t<div><img decoding=\"async\" src=\"\/wp-content\/uploads\/2022\/07\/shutterstock_758063575-1.png\"><\/div>\n\t\t\t\t<h4>Utvinning\/Staking<\/h4>\n\t\t\t\t<p>Vi utf\u00f6r unders\u00f6kningar om lagligheten av utvinning och staking i blockkedjor, samt utformar kontrakt och andra relevanta dokument. I vissa fall kan det kr\u00e4vas registrering som en kryptovalutab\u00f6rsverksamhet f\u00f6r att engagera sig i utvinning och staking i blockkedjor. V\u00e5r expertis ligger i att f\u00f6rst\u00e5 de juridiska kraven och hj\u00e4lpa klienter att f\u00f6lja n\u00f6dv\u00e4ndiga regleringar.<\/p>\n\t\t\t<\/li>\n\t\t\t<li>\n\t\t\t\t<div><img decoding=\"async\" src=\"\/wp-content\/uploads\/2022\/07\/shutterstock_1096851425.png\"><\/div>\n\t\t\t\t<h4>Kryptovalutab\u00f6rser och deras verksamhet<\/h4>\n\t\t\t\t<p>Enligt den reviderade Japanese Funds Settlement Law kr\u00e4vs nu registrering som en kryptovalutab\u00f6rsverksamhet f\u00f6r att k\u00f6pa, s\u00e4lja, byta och agera som mellanhand eller agent f\u00f6r kryptovalutor. Genom att utveckla en unik aff\u00e4rsmodell \u00e4r det m\u00f6jligt att undvika s\u00e5dan registrering inom lagens ramar. Vi kan ocks\u00e5 bist\u00e5 v\u00e5ra klienter med st\u00f6d f\u00f6r registrering som kryptovalutab\u00f6rs och l\u00f6pande st\u00f6d f\u00f6r f\u00f6retag som driver virtuella valutab\u00f6rser.<\/p>\n\t\t\t<li>\n\t\t\t\t<div><img decoding=\"async\" src=\"\/wp-content\/uploads\/2022\/07\/shutterstock_2118688160.png\"><\/div>\n\t\t\t\t<h4>Inneh\u00e5llsverksamhet \/ NFT<\/h4>\n\t\t\t\t<p>Non-Fungible Tokens (NFTs), representerade av digital konst, f\u00f6rem\u00e5l i blockkedjespel med mera, kan ha olika juridisk status beroende p\u00e5 systemets uppbyggnad, fr\u00e5n kryptovalutatillg\u00e5ngar till f\u00f6rbetalda betalningsmedel till elektroniskt registrerade \u00f6verf\u00f6ringsr\u00e4ttigheter (v\u00e4rdepapper) och annat, men de \u00e4r fortfarande f\u00f6rem\u00e5l f\u00f6r komplexa och strikta regler. Vi sysslar med att granska lagligheten av v\u00e5ra klienters verksamheter och st\u00f6djer dem ur ett juridiskt perspektiv.<\/p>\n\t\t\t<\/li>\n\t\t<\/ul>\n\t<\/div>\n<\/section>\n<section class=\"white-section\">\n\t<div class=\"anchor\" id=\"advanced-technology-and-financial-legislation\"><\/div>\n\t<div class=\"section-inner\">\n\t\t<div class=\"flex reverse\">\n\t\t\t<div class=\"width41\"><img decoding=\"async\" src=\"\/wp-content\/uploads\/2022\/07\/shutterstock_1144405721.png\" alt=\"Avancerad teknik och finansiell lagstiftning\"><\/div>\n\t\t\t<div class=\"width51\">\n\t\t\t\t<h3>Avancerad teknologi och finansiell lagstiftning<\/h3>\n\t\t\t\t<p class=\"mgb-small\">Blockkedjeomr\u00e5det \u00e4r ett omr\u00e5de d\u00e4r f\u00f6retag som anv\u00e4nder dem utvecklas i snabb takt, s\u00e4rskilt utomlands. F\u00f6retag som \u00e4r involverade i detta omr\u00e5de m\u00e5ste \u00f6verv\u00e4ga om det \u00e4r m\u00f6jligt att implementera ett s\u00e5dant system i Japan baserat p\u00e5 de senaste utl\u00e4ndska reglerna. Vi l\u00e4ser f\u00f6rst de material som offentliggjorts av s\u00e5dana utl\u00e4ndska f\u00f6retag baserat p\u00e5 v\u00e5r IT-kunskap om de senaste teknologierna. D\u00e4refter unders\u00f6ker vi systemets laglighet i Japan med h\u00e4nsyn till det inhemska r\u00e4ttssystemet, inklusive finansiell lagstiftning, och administrativa \u00e5sikter. Vi ger sedan r\u00e5d om hur man lagligt kan implementera systemet i Japan, baserat p\u00e5 v\u00e5ra aff\u00e4rsbed\u00f6mningar.<\/p>\n\t\t\t\t<p>Blockkedja, inklusive kryptovalutor och NFT, \u00e4r ett komplext omr\u00e5de som kr\u00e4ver advokatbyr\u00e5er och advokater med en h\u00f6g niv\u00e5 av expertis inom b\u00e5de IT och lag.<\/p>\n\t\t\t<\/div>\n\t\t<\/div>\n\t<\/div>\n<\/section>\n<section class=\"purple-section\">\n\t<div class=\"anchor\" id=\"providing-one-stop-solutions\"><\/div>\n\t<div class=\"section-inner\">\n\t\t<div class=\"flex reverse\">\n\t\t\t<div class=\"width51\">\n\t\t\t\t<h3>Tillhandah\u00e5ller One-Stop L\u00f6sningar<\/h3>\n\t\t\t\t<p class=\"mgb-small\">V\u00e5rt f\u00f6retag best\u00e5r av 30 advokater och 85 personalmedlemmar inklusive IT-konsulter under ledning av grundaren som \u00e4r en f\u00f6re detta IT-ingenj\u00f6r och IT-f\u00f6retags\u00e4gare.<\/p>\n\t\t\t\t<p>\u00d6vers\u00e4ttning och teknisk f\u00f6rst\u00e5else av dokument publicerade av utl\u00e4ndska f\u00f6retags\u00e4gare, samt tekniska dokument och koder skapade internt, utf\u00f6rs av den representativa advokaten och IT-konsultavdelningen. Juridisk forskning, kontraktsutformning, dokumentf\u00f6rberedelse och andra juridiska tj\u00e4nster utf\u00f6rs av den representativa advokaten och advokaten. P\u00e5 s\u00e5 s\u00e4tt kan vi erbjuda en one-stop service f\u00f6r en serie \u00e4renden som kr\u00e4ver en h\u00f6g niv\u00e5 av expertis inom b\u00e5de IT och lag.<\/p>\n\t\t\t<\/div>\n\t\t\t<div class=\"width41\"><img decoding=\"async\" src=\"\/wp-content\/themes\/monolith_en\/img\/operationofofmedia\/operationofofmedia_pic5.svg\" alt=\"Tillhandah\u00e5ller One-Stop L\u00f6sningar\"><\/div>\n\t\t<\/div>\n\t<\/div>\n<\/section>\n<section class=\"white-section mgt-section\">\n\t<div class=\"anchor\" id=\"legal-support-for-nft-related-businesses\"><\/div>\n\t<div class=\"section-inner-black\">\n\t\t<h3>R\u00e4ttsligt st\u00f6d f\u00f6r NFT-relaterade f\u00f6retag<\/h3>\n\t\t\t\t<p class=\"mgb-small\">Icke-fungibla token (NFTs), huvudsakligen byggda p\u00e5 Ethereum-blockchain, anv\u00e4nds praktiskt f\u00f6r att skapa unika produkter inklusive digital konst, blockchain-spelobjekt och samlarkort, samt representerar \u00e4gander\u00e4tt till fast egendom, s\u00e5som fastigheter, och medlemskap i den verkliga v\u00e4rlden. <\/p>\n\t\t\t\t<p class=\"mgb-middle\">NFTs, beroende p\u00e5 deras design och aff\u00e4rsmodell, kan falla under kategorin kryptotillg\u00e5ngar, f\u00f6rbetalda betalningsmedel, elektroniska \u00f6verf\u00f6ringsr\u00e4ttigheter f\u00f6r poster, etc. Vi st\u00f6der NFT-relaterade f\u00f6retag med v\u00e5r h\u00f6ga niv\u00e5 av expertis.<\/p>\n\t<\/div>\n<\/section>\n<section class=\"white-section\">\n\t<div class=\"anchor\" id=\"crypto-asset-businesses-and-custody-services\"><\/div>\n\t<div class=\"section-inner\">\n\t\t<div class=\"flex reverse\">\n\t\t\t<div class=\"width41\"><img decoding=\"async\" src=\"\/wp-content\/uploads\/2022\/07\/shutterstock_1151380622_2.png\" alt=\"Crypto Asset Businesses and Custody Services\"><\/div>\n\t\t\t<div class=\"width51\">\n\t\t\t\t<h3>Kryptovalutaverksamheter och f\u00f6rvaringstj\u00e4nster<\/h3>\n\t\t\t\t<p class=\"mgb-small\">Enligt den reviderade lagen om penning\u00f6verf\u00f6ring (2020), \u00e4r nu &#8220;hantering av kryptovalutor f\u00f6r andra (dvs. f\u00f6rvaringstj\u00e4nster)&#8221; inkluderat inom kryptovalutav\u00e4xlingsverksamheten, vilket kr\u00e4ver registrering som en kryptovalutatj\u00e4nsteleverant\u00f6r och \u00e4r d\u00e4rf\u00f6r f\u00f6rem\u00e5l f\u00f6r olika regleringar f\u00f6r att implementera ett system som inkluderar hantering av kryptovalutor. Dessa regleringar kan dock vara mycket betungande f\u00f6r de som inte \u00e4r s\u00e5 kallade virtuella valutav\u00e4xlingstj\u00e4nster utan endast tillhandah\u00e5ller f\u00f6rvaringstj\u00e4nster.<\/p>\n\t\t\t\t<p>S\u00e5dana tj\u00e4nster kommer att beh\u00f6va best\u00e4mma om de ska registrera sig och bedriva verksamhet som en kryptovalutav\u00e4xlare eller om de ska hantera kryptovalutor samtidigt som de undviker registrering.<\/p>\n\t\t\t<\/div>\n\t\t<\/div>\n\t<\/div>\n<\/section>\n<section class=\"white-section mgb-section\">\n\t<div class=\"anchor\" id=\"other-crypto-assets-related-businesses\"><\/div>\n\t<div class=\"section-inner-black\">\n\t\t<h3>Andra kryptovalutor och blockchain-relaterade f\u00f6retag<\/h3>\n\t\t<p class=\"mgb-small\">Kryptovalutor och blockchains \u00e4r tekniska och aff\u00e4rsomr\u00e5den som st\u00e4ndigt utvecklas. Detta inkluderar regleringar \u00f6ver stabila mynt, som reglerades enligt den reviderade lagen om fondavveckling (Japanese Funds Settlement Act) 2022, och IEOs, en finansieringsmetod som granskar virtuella valutav\u00e4xlingar, samt staking-relaterade f\u00f6retag. V\u00e5rt f\u00f6retag h\u00e5ller sig uppdaterat med de senaste utvecklingarna och ger st\u00f6d till s\u00e5dana f\u00f6retag.<\/p>\n\t\t<p class=\"mgb-middle\">Som en advokatbyr\u00e5 best\u00e5ende av en grundande advokat med tidigare erfarenhet som en tidigare IT-ingenj\u00f6r, tillsammans med IT-konsulter med erfarenhet av att f\u00f6rst\u00e5 vitb\u00f6cker, tekniska dokument och andra material som sl\u00e4pps utomlands f\u00f6r att f\u00f6rst\u00e5 tekniken och aff\u00e4rsmodellerna.<\/p>\n\t<\/div>\n<\/section>\n<section class=\"orange-section\">\n\t<div class=\"anchor\" id=\"system-development\"><\/div>\n\t<div class=\"section-inner\">\n\t\t<div class=\"flex reverse\">\n\t\t\t<div class=\"width41\"><img decoding=\"async\" src=\"\/wp-content\/themes\/monolith2021\/img\/practices-itlaw\/practices-itlaw_pic1.jpg\" alt=\"Systemutveckling \"><\/div>\n\t\t\t<div class=\"width51\">\n\t\t\t\t<h3>Systemutveckling<\/h3>\n\t\t\t\t<p>Grundad av en tidigare IT-ingenj\u00f6r, \u00e4r MONOLITH LAW OFFICE en advokatbyr\u00e5 som hanterar kontraktsutformning, \u00e4ndringar och kontraktsf\u00f6rhandlingar, samt tvistl\u00f6sning n\u00e4r problem uppst\u00e5r, inte bara inom omr\u00e5det f\u00f6r kryptovalutor och blockchain-relaterade fr\u00e5gor, men ocks\u00e5 inom olika h\u00f6gspecialiserade systemutvecklingsfr\u00e5gor, s\u00e5som systemutveckling f\u00f6r virtuella valutav\u00e4xlingar. Vi hanterar ocks\u00e5 tvistl\u00f6sning n\u00e4r problem uppst\u00e5r.<\/p>\n\t\t\t<\/div>\n\t\t<\/div>\n\t<\/div>\n<\/section>\n<section class=\"white-section\">\n\t<div class=\"anchor\" id=\"terms-of-use-maintenance-for-applications-etc\"><\/div>\n\t<div class=\"section-inner\">\n\t\t<div class=\"flex\">\n\t\t\t<div class=\"width41\"><img decoding=\"async\" src=\"\/wp-content\/themes\/monolith2021\/img\/practices-itlaw\/practices-itlaw_pic2.jpg\" alt=\"Document Services\"><\/div>\n\t\t\t<div class=\"width51\">\n\t\t\t\t<h3>Dokumenttj\u00e4nster<\/h3>\n\t\t\t\t<p>MONOLITH LAW OFFICE hanterar skapandet och revisionen av dokument som skisserar anv\u00e4ndarvillkor och sekretesspolicyer f\u00f6r olika appar, tj\u00e4nster och spel, inklusive de f\u00f6r blockchain-spel, kryptotillg\u00e5ngar och blockchain-relaterade produkter och tj\u00e4nster. Vi studerar ocks\u00e5 befintliga f\u00f6retagsdokument och data, s\u00e5som kravdefinitioner f\u00f6r relevant applikationsutveckling, ramar skapade i Adobe XD, LPs, f\u00f6rs\u00e4ljningsmaterial f\u00f6r potentiella kunder, etc.<\/p>\n\t\t\t<\/div>\n\t\t<\/div>\n\t<\/div>\n<\/section>\n\n<section class=\"purple2-section\">\n\t<div class=\"anchor\" id=\"monolith-law-magazine\"><\/div>\n\t<div class=\"section-inner\">\n\t\t    <section class=\"white-section temp-article\">\n        <div class=\"section-inner\">\n            <h4>MONOLITH LAW MAGAZINE<\/h4>\n            <div class=\"articles type_practice_column\">\n                                                                    <div class=\"article article-area\">\n                        <figure>\n                            <div class=\"img-wrap\">\n                                <img alt=\"Krav p\u00e5 bolagsstyrning som \u00e4r n\u00f6dv\u00e4ndiga f\u00f6r en notering p\u00e5 NASDAQ\" src=\"https:\/\/monolith.law\/sv\/wp-content\/uploads\/sites\/29\/2025\/08\/19e0312b170969f265c8e568bdf254db.webp\" width=\"500\" height=\"250\">\n                            <\/div>\n                            <figcaption>\n                                <div class=\"figcaption-inner\">\n                                    <h3>Krav p\u00e5 bolagsstyrning som \u00e4r n\u00f6dv\u00e4ndiga f\u00f6r en notering p\u00e5 NASDAQ<\/h3>\n                                <\/div>\n                            <\/figcaption>\n                            <a href=\"https:\/\/monolith.law\/sv\/it\/nasdaq-corporate-governance\"><\/a>\n                        <\/figure>\n                    <\/div>\n                                                    <div class=\"article article-area\">\n                        <figure>\n                            <div class=\"img-wrap\">\n                                <img alt=\"Vad \u00e4r aff\u00e4rsmodeller som utnyttjar Web3? En f\u00f6rklaring av de senaste trenderna och praktiska exempel\" src=\"https:\/\/monolith.law\/sv\/wp-content\/uploads\/sites\/29\/2025\/08\/Shutterstock_2333502635.webp\" width=\"500\" height=\"250\">\n                            <\/div>\n                            <figcaption>\n                                <div class=\"figcaption-inner\">\n                                    <h3>Vad \u00e4r aff\u00e4rsmodeller som utnyttjar Web3? En f\u00f6rklaring av de senaste trenderna .<\/h3>\n                                <\/div>\n                            <\/figcaption>\n                            <a href=\"https:\/\/monolith.law\/sv\/it\/web3-business-model\"><\/a>\n                        <\/figure>\n                    <\/div>\n                                                    <div class=\"article article-area\">\n                        <figure>\n                            <div class=\"img-wrap\">\n                                <img alt=\"\u30102025 \u00e5rs senaste version\u3011Juridisk tolkning av kryptovalutor (virtuell valuta): Till\u00e4mpligheten av v\u00e4rdepapperslagstiftningen och operat\u00f6rers uppm\u00e4rksamhetspunkter\" src=\"https:\/\/monolith.law\/sv\/wp-content\/uploads\/sites\/29\/2025\/08\/Shutterstock_2049735344.webp\" width=\"500\" height=\"250\">\n                            <\/div>\n                            <figcaption>\n                                <div class=\"figcaption-inner\">\n                                    <h3>\u30102025 \u00e5rs senaste version\u3011Juridisk tolkning av kryptovalutor (virtuell valuta): .<\/h3>\n                                <\/div>\n                            <\/figcaption>\n                            <a href=\"https:\/\/monolith.law\/sv\/it\/crypto-assets-securities\"><\/a>\n                        <\/figure>\n                    <\/div>\n                                            <\/div>\n            <div class=\"btn-more\"><a href=\"https:\/\/monolith.law\/sv\/tag\/crypto-assets-and-blockchains\">Read More<\/a><\/div>\n        <\/div>\n    <\/section>\n\t<\/div>\n<\/section>\n\n<section class=\"orange2-section\">\n\t<div class=\"anchor\" id=\"fee-structure\"><\/div>\n\t<div class=\"section-inner\">\n\t<div class=\"planWrap\">\n\t<h3>Avgiftsstruktur<\/h3>\n\t<ul class=\"plan\">\n\t\t<li class=\"txt-left\">\n\t\t\t<div class=\"plan-inner\">\n\t\t\t<div class=\"plan-header\">\n\t\t\t<h4 class=\"plan-title\">Timdebitering<\/h4>\n\t\t\t<div class=\"plan-price\"><span class=\"price-figure\">$300<\/span>per timme<span class=\"price-tax\"><\/span><\/div>\n\t\t\t<\/div>\n\t\t\t<div class=\"plan-body\">I vissa fall kan vi \u00f6verv\u00e4ga att acceptera ett tvistem\u00e5l eller en st\u00e4mning med en startavgift och en resultatbaserad avgift. F\u00f6r mer information, tveka inte att kontakta oss.<\/div>\n\t\t\t<\/div>\n\t\t<\/li>\n\t\t<li class=\"txt-left\">\n\t\t\t<div class=\"plan-inner\">\n\t\t\t<div class=\"plan-header\">\n\t\t\t<h4 class=\"plan-title\">Uppr\u00e4ttande av Avtal<\/h4>\n\t\t\t<div class=\"plan-price\"><span class=\"price-value\">fr\u00e5n<\/span><span class=\"price-figure\">$500<\/span><span class=\"price-value\">till $2,000 eller mer<\/span><span class=\"price-tax\"><\/span><\/div>\n\t\t\t<\/div>\n\t\t\t<div class=\"plan-body\">Prisstrukturen kan variera beroende p\u00e5 typ och m\u00e4ngd av avtal. Vi erbjuder g\u00e4rna en prelimin\u00e4r kostnadsuppskattning vid f\u00f6rfr\u00e5gan, s\u00e5 vi uppmuntrar dig att kontakta oss f\u00f6r ytterligare information.<\/div>\n\t\t\t<\/div>\n\t\t<\/li>\n\t\t<li class=\"txt-left\">\n\t\t\t<div class=\"plan-inner\">\n\t\t\t<div class=\"plan-header\">\n\t\t\t<h4 class=\"plan-title\">\u00d6vriga Tj\u00e4nster<\/h4>\n\t\t\t<div class=\"plan-price\"><span class=\"price-figure\">Kontakta Oss<\/span><\/div>\n\t\t\t<\/div>\n\t\t\t<div class=\"plan-body\">Vi erbjuder ett brett utbud av tj\u00e4nster inklusive bolagsbildning, granskning av avtal, juridiska yttranden, fallgenomg\u00e5ngar eller forskningsbrev. Om du har n\u00e5gra fr\u00e5gor eller funderingar, inbjuder vi dig hj\u00e4rtligt att kontakta oss. Vi \u00e4r h\u00e4r f\u00f6r att hj\u00e4lpa dig.<\/div>\n\t\t\t<\/div>\n\t\t\t<\/div>\n\t\t<\/li>\n\t<\/ul>\n\t<\/div>\n\t<\/div>\n<\/section>\n\n<section class=\"white-section\">\n\t<div class=\"section-inner\">\n\t\t<div class=\"btn-area\">\n\t\t\t<div class=\"btn icon-contact\"><a href=\"\/sv\/contact\">Kontakta Oss<\/a><\/div>\n\t\t<\/div>\n\t<\/div>\n<\/section>\n","protected":false},"excerpt":{"rendered":"<p>Kryptovalutor och blockkedjor Kryptovalutor och blockkedjor \u00e4r decentraliserade databaser som skapas av olika IT-system inklusive konsensusalgoritmer, kryptografi och P2P-n\u00e4tverk, vilka \u00e4r sv\u00e5ra att m [&hellip;]<\/p>\n","protected":false},"author":1,"featured_media":56655,"parent":0,"menu_order":6,"comment_status":"closed","ping_status":"closed","template":"other-page-temp.php","meta":{"footnotes":""},"acf":[],"_links":{"self":[{"href":"https:\/\/monolith.law\/sv\/wp-json\/wp\/v2\/pages\/47528"}],"collection":[{"href":"https:\/\/monolith.law\/sv\/wp-json\/wp\/v2\/pages"}],"about":[{"href":"https:\/\/monolith.law\/sv\/wp-json\/wp\/v2\/types\/page"}],"author":[{"embeddable":true,"href":"https:\/\/monolith.law\/sv\/wp-json\/wp\/v2\/users\/1"}],"replies":[{"embeddable":true,"href":"https:\/\/monolith.law\/sv\/wp-json\/wp\/v2\/comments?post=47528"}],"version-history":[{"count":70,"href":"https:\/\/monolith.law\/sv\/wp-json\/wp\/v2\/pages\/47528\/revisions"}],"predecessor-version":[{"id":64160,"href":"https:\/\/monolith.law\/sv\/wp-json\/wp\/v2\/pages\/47528\/revisions\/64160"}],"wp:featuredmedia":[{"embeddable":true,"href":"https:\/\/monolith.law\/sv\/wp-json\/wp\/v2\/media\/56655"}],"wp:attachment":[{"href":"https:\/\/monolith.law\/sv\/wp-json\/wp\/v2\/media?parent=47528"}],"curies":[{"name":"wp","href":"https:\/\/api.w.org\/{rel}","templated":true}]}}