{"id":55833,"date":"2023-11-05T23:40:21","date_gmt":"2023-11-05T14:40:21","guid":{"rendered":"https:\/\/monolith.law\/sv\/?page_id=55833"},"modified":"2024-08-14T13:16:31","modified_gmt":"2024-08-14T04:16:31","slug":"legal-support-for-youtuber","status":"publish","type":"page","link":"https:\/\/monolith.law\/sv\/legal-support-for-youtuber","title":{"rendered":"Juridiskt st\u00f6d f\u00f6r YouTubers"},"content":{"rendered":"\n<section class=\"heading-area\">\n\t<div class=\"heading-area-inner\">\n\t\t<h2 class=\"icon-legal-support-for-youtuber\">Juridiskt st\u00f6d f\u00f6r YouTubers<\/h2>\n\t\t<p>Hantering av online-influencers kr\u00e4ver kunskap som skiljer sig fr\u00e5n traditionell underh\u00e5llningsproduktion och mediehantering. Vi f\u00f6rst\u00e5r nyanserna i japansk lagstiftning och internetets egenskaper, vilket g\u00f6r att vi kan erbjuda starkt st\u00f6d f\u00f6r ert f\u00f6retag att sprida information genom ett system som kontinuerligt uppdateras med den senaste informationen om japansk lagstiftning.<\/p>\n\t<\/div>\n<\/section>\n\n<section class=\"white-section\">\n\t<div class=\"section-inner pdt0 border-bottom-section\">\n\t\t<p>YouTube-kanaler som hanteras av YouTuber-agenturer, f\u00f6retag som driver virtuella YouTubers (VTubers) och aff\u00e4rsf\u00f6retag i Japan beh\u00f6ver alla juridiska r\u00e5dgivare med specialiserad kunskap och erfarenhet. <br>V\u00e5ra klienter inkluderar stora japanska YouTuber-hanteringsf\u00f6retag, framst\u00e5ende enskilda YouTubers och olika f\u00f6retag som hanterar VTubers-verksamhet \u00f6ver hela Japan. Vi erbjuder ocks\u00e5 h\u00f6gspecialiserat st\u00f6d i utformningen och granskningen av kontrakt relaterade till YouTubers och VTubers samt hantering av juridiska fr\u00e5gor relaterade till videoproduktion i Japan.<\/p>\n\t<\/div>\n<\/section>\n\n<section class=\"second-nav\">\n\t<div class=\"second-nav-inner\">\n\t<p>\u00c4MNEN<\/p>\n\t<nav>\n\t<ul>\n\t \t<li><a href=\"#necessity-of-youtube-related-legal-counsel\">Necessity of YouTube-related Legal Counsel<\/a><\/li>\n\t \t<li><a href=\"#contracts\">Contracts<\/a><\/li>\n\t \t<li><a href=\"#creating-and-publishing-videos\">Creating and Publishing Videos<\/a><\/li>\n\t \t<li><a href=\"#legal-support-for-vtubers\">Legal Support for VTubers<\/a><\/li>\n\t \t<li><a href=\"#terms-of-use-of-youtube\">Terms of Use of YouTube<\/a><\/li>\n\t \t<li><a href=\"#our-youtube-channel\">Our YouTube Channel<\/a><\/li>\n\t \t<li><a href=\"#manda-of-sns\">M&amp;A of SNS<\/a><\/li>\n\t \t<li><a href=\"#IT\">IT<\/a><\/li>\n\t \t<li><a href=\"#countermeasures-against-reputational-damage\">Countermeasures against Reputational Damage<\/a><\/li>\n\t \t<li><a href=\"#writings-and-other-activities\">Writings and other activities<\/a><\/li>\n\t \t<li><a href=\"#examples-of-our-clients\">Examples of Our Clients<\/a><\/li>\n\t\t<li><a href=\"#monolith-law-magazine\">MONOLITH LAW MAGAZINE<\/a><\/li>\n\t \t<li><a href=\"#fee-structure\">Fee Structure<\/a><\/li>\n\t<\/ul>\n\t<\/nav>\n\t<\/div>\n<\/section>\n\n<section class=\"white-section\">\n\t<div id=\"necessity-of-youtube-related-legal-counsel\"><\/div>\n\t<div class=\"section-inner\">\n\t<h3>Behovet av juridisk r\u00e5dgivning relaterad till YouTube<\/h3>\n\t<ul class=\"layout-column4\">\n\t \t<li>\n\t\t\t<div><img decoding=\"async\" src=\"\/wp-content\/themes\/monolith2021\/img\/practices-youtuberlaw\/practices-youtuberlaw_necessity_pic1.jpg\" alt=\"YouTuber\" \/><\/div>\n\t\t\t<h4>YouTuber<\/h4>\n\t\t\t<p>En YouTuber med flera hundratusen prenumeranter p\u00e5 sin kanal \u00e4r en enskild enhet och beh\u00f6ver en agent.<\/p>\n\t\t<\/li>\n\t \t<li>\n\t\t\t<div><img decoding=\"async\" src=\"\/wp-content\/themes\/monolith2021\/img\/practices-youtuberlaw\/practices-youtuberlaw_necessity_pic2.jpg\" alt=\"YouTuber Management Companies\" \/><\/div>\n\t\t\t<h4>YouTuber Management Companies<\/h4>\n\t\t\t<p>Det finns specifika f\u00f6rsiktighets\u00e5tg\u00e4rder och kontrollpunkter att beakta f\u00f6r hantering av YouTubers, kundprojekt och andra kontrakt.<\/p>\n\t\t<\/li>\n\t \t<li>\n\t\t\t<div><img decoding=\"async\" src=\"\/wp-content\/themes\/monolith2021\/img\/practices-youtuberlaw\/practices-youtuberlaw_necessity_pic3.jpg\" alt=\"Virtual YouTuber\" \/><\/div>\n\t\t\t<h4>Virtual YouTuber<\/h4>\n\t\t\t<p>Kontrakt och fusioner och f\u00f6rv\u00e4rv inom omr\u00e5det d\u00e4r IT och underh\u00e5llning m\u00f6ts \u00e4r ett extremt specialiserat f\u00e4lt.<\/p>\n\t\t<\/li>\n\t \t<li>\n\t\t\t<div><img decoding=\"async\" src=\"\/wp-content\/themes\/monolith2021\/img\/practices-youtuberlaw\/practices-youtuberlaw_necessity_pic4.jpg\" alt=\"YouTube channel for Business Company\" \/><\/div>\n\t\t\t<h4>YouTube-kanal<br>f\u00f6r f\u00f6retag<\/h4>\n\t\t\tN\u00e4r du driver en YouTube-kanal beh\u00f6ver du en huvudsaklig juridisk r\u00e5dgivare och en separat advokat f\u00f6r YouTube.\n\t\t<\/li>\n\t<\/ul>\n\t<\/div>\n<\/section>\n\n<section class=\"white-section\">\n\t<div class=\"section-inner pdt0\">\n\t<div class=\"frame2 txt-center-pc max-width860\">\n\t<p class=\"bold txt-l\">YouTubers och Virtual YouTubers beh\u00f6ver juridiska r\u00e5dgivare som \u00e4r bekanta med kanalhantering och kontraktsfullg\u00f6rande.<\/p>\n\t<\/div>\n\t<\/div>\n<\/section>\n\n<section class=\"white-section mgb-section100\">\n\t<div id=\"contracts\"><\/div>\n\t<div class=\"section-inner-black\">\n\t<h3>Kontrakt<\/h3>\n\t<p class=\"mgb-middle\">I Japan brukar YouTubers och VTubers generellt sett skriva ett f\u00f6rvaltningskontrakt med en byr\u00e5 f\u00f6r att utf\u00f6ra sina aktiviteter, medan de i vissa fall skriver ett kontrakt med ett f\u00f6retag och engagerar sig i reklamaktiviteter.<br>Traditionellt sett anv\u00e4ndes f\u00f6rvaltningskontrakt mellan underh\u00e5llare och underh\u00e5llningsbyr\u00e5er, samt reklamkontrakt mellan underh\u00e5llare och f\u00f6retag i den japanska underh\u00e5llningsindustrin. Dock skiljer sig YouTubers och VTubers n\u00e5got fr\u00e5n traditionella underh\u00e5llare p\u00e5 grund av YouTubes anv\u00e4ndarvillkor.<br>En advokat med kunskap och erfarenhet av japanska kontrakt relaterade till YouTubers kan hj\u00e4lpa dig att smidigt sluta ett kontrakt med de v\u00e4sentliga punkterna. V\u00e5ra japanska juridiska experter \u00e4r v\u00e4l insatta i de unika aspekterna av den japanska marknaden och online video-plattformar.<\/p>\n\t<\/div>\n<\/section>\n\n<section class=\"white-section mgb-section100\">\n\t<div id=\"creating-and-publishing-videos\"><\/div>\n\t<div class=\"section-inner-black\">\n\t<h3>Skapande och publicering av videor<\/h3>\n\t<p class=\"mgb-middle\">N\u00e4r man skapar och publicerar YouTube-videor \u00e4r det n\u00f6dv\u00e4ndigt att ha juridisk kunskap inom olika omr\u00e5den, s\u00e5som upphovsr\u00e4tt f\u00f6r musik och objekt som visas i videon, portr\u00e4tt-\/integritetsr\u00e4ttigheter, och reklamregler som kan vara problematiska n\u00e4r man introducerar kosmetika och h\u00e4lsokost i Japan. Brist p\u00e5 juridisk kunskap inom dessa omr\u00e5den kan leda till risken att dina videor tas bort eller, i v\u00e4rsta fall, att ditt konto blir f\u00f6rbjudet i Japan.<\/p>\n\t<\/div>\n<\/section>\n\n<section class=\"purple-section mgb-section100\">\n\t<div id=\"legal-support-for-vtubers\"><\/div>\n\t<div class=\"section-inner\">\n\t<div class=\"flex reverse\">\n\t<div class=\"width41\"><img decoding=\"async\" src=\"\/wp-content\/themes\/monolith2021\/img\/vtuberlaw\/pic_practices-vtuberlaw.jpg\" alt=\"Juridiskt st\u00f6d f\u00f6r virtuella YouTubers\" \/><\/div>\n\t<div class=\"width51\">\n\t\t<h3>R\u00e4ttsligt st\u00f6d f\u00f6r VTubers<\/h3>\n\t\t<p class=\"mgb-small\">Sedan 2017, n\u00e4r VTubers sj\u00e4lva var i sina tidiga dagar, har MONOLITH LAW OFFICE hanterat r\u00e4ttsliga \u00e4renden f\u00f6r VTubers, inklusive olika kontraktsf\u00f6rh\u00e5llanden och tvistl\u00f6sning, f\u00f6r enskilda VTubers och deras relaterade f\u00f6retag och kontor i Japan.<\/p>\n\t\t<p class=\"mgb-middle\">V\u00e5rt juridiska team har erfarenheten och know-how f\u00f6r att l\u00f6sa de mycket komplexa fr\u00e5gorna relaterade till VTubers, s\u00e5som upphovsr\u00e4ttsfr\u00e5gor f\u00f6r illustrationer och CG, \u00e4gande av YouTube-kanaler och karakt\u00e4rer, och r\u00e4ttsf\u00f6rh\u00e5llandet mellan personen sj\u00e4lv och \u00e4garen.<\/p>\n\t<\/div>\n\t<\/div>\n\t<\/div>\n<\/section>\n\n<section class=\"white-section mgb-section\">\n\t<div id=\"terms-of-use-of-youtube\" class=\"anchor\"><\/div>\n\t<div class=\"section-inner-black\">\n\t<h3>Anv\u00e4ndarvillkor f\u00f6r YouTube och andra medier<\/h3>\n\t<p class=\"mgb-middle\">N\u00e4r man driver en YouTube-kanal i Japan \u00e4r det n\u00f6dv\u00e4ndigt att f\u00f6rst\u00e5 YouTube&#8217;s anv\u00e4ndarvillkor samt de juridiska aspekterna. \u00c4ven om en video \u00e4r juridiskt acceptabel kan den bli borttagen eller ett konto kan bli fryst om det bryter mot anv\u00e4ndarvillkoren. V\u00e5rt f\u00f6retag besitter kunskap och f\u00f6rst\u00e5else f\u00f6r YouTube och andra mediers anv\u00e4ndarvillkor samt japansk lagstiftning.<\/p>\n\t<\/div>\n<\/section>\n\n<section class=\"orange-section\">\n\t<div id=\"our-youtube-channel\"><\/div>\n\t<div class=\"section-inner\">\n\t<div class=\"flex reverse\">\n\t<div class=\"width41\"><img decoding=\"async\" src=\"\/wp-content\/themes\/monolith2021\/img\/practices-youtuberlaw\/practices-youtuberlaw_pic1.png\" alt=\"Juridisk r\u00e5dgivning anpassad f\u00f6r YouTubers\" \/><\/div>\n\t<div class=\"width51\">\n\t\t<h3>V\u00e5r YouTube-kanal<\/h3>\n\t\t<p class=\"mgb-small\">V\u00e5r YouTube-kanal &#8220;Juridisk r\u00e5dgivning f\u00f6r YouTubers&#8221; f\u00f6rklarar juridiska fr\u00e5gor relaterade till YouTube genom konversationsvideor med en advokat i form av en VTuber, en v\u00e4nlig karakt\u00e4r med h\u00f6g expertis.<\/p>\n\t\t<p class=\"mgb-small\">Vi levererar juridisk kunskap f\u00f6r japanska YouTubers fr\u00e5n olika vinklar varje g\u00e5ng, s\u00e5 vi rekommenderar v\u00e5r kanal om du redan driver en kanal eller \u00e4r p\u00e5 v\u00e4g att g\u00f6ra det i Japan.<\/p>\n\t\t<p>Vi erk\u00e4nner att advokater som hj\u00e4lper YouTubers och YouTube-relaterade f\u00f6retagsoperat\u00f6rer kr\u00e4ver mer \u00e4n bara kunskap om abstrakt juridisk teori. Djup insikt och f\u00f6rst\u00e5else f\u00f6r YouTube-plattformen \u00e4r avg\u00f6rande f\u00f6r att kunna erbjuda effektiv juridiskt st\u00f6d inom detta omr\u00e5de.<\/p>\n\t<\/div>\n\t<\/div>\n\t<\/div>\n<\/section>\n\n<section class=\"white-section\">\n\t<div id=\"manda-of-sns\"><\/div>\n\t<div class=\"section-inner\">\n\t<div class=\"flex\">\n\t<div class=\"width41\"><img decoding=\"async\" src=\"\/wp-content\/themes\/monolith2021\/img\/pic\/pic_sns_manda.jpg\" alt=\"M&amp;A of SNS\" \/><\/div>\n\t<div class=\"width51\">\n\t<h3>M&amp;A av SNS<\/h3>\n\t\t<p class=\"mgb-small\">YouTube-kanaler och Twitter-konton, liksom webbplatser, \u00e4r f\u00f6rem\u00e5l f\u00f6r M&amp;A. P\u00e5 grund av de specifika egenskaperna hos dessa M&amp;A \u00e4r en advokatbyr\u00e5 med specialiserad kunskap och erfarenhet p\u00e5 den japanska marknaden n\u00f6dv\u00e4ndig. <\/p>\n\t\t<p class=\"mgb-middle\">Fr\u00e5n sm\u00e5 belopp till aff\u00e4rer \u00f6ver 100 miljoner yen har MONOLITH LAW OFFICE hanterat m\u00e5nga M&amp;A-transaktioner som en advokatbyr\u00e5 med stark expertis inom IT-branschen. Vi hj\u00e4lper dig i varje steg av processen, fr\u00e5n att utforma kontrakt till att genomf\u00f6ra due diligence (DD) f\u00f6r YouTube-kanaler och andra f\u00f6retag.<\/p>\n\t<\/div>\n\t<\/div>\n\t<\/div>\n<\/section>\n\n<section class=\"purple-section\">\n\t<div id=\"IT\"><\/div>\n\t<div class=\"section-inner\">\n\t<div class=\"flex reverse\">\n\t<div class=\"width41\"><img decoding=\"async\" src=\"\/wp-content\/themes\/monolith2021\/img\/pic\/pic_practices-itlaw.jpg\" alt=\"IT\" \/><\/div>\n\t<div class=\"width51\">\n\t\t<h3>IT<\/h3>\n\t\t<p class=\"mgb-middle\">Systemutveckling inom omr\u00e5det f\u00f6r VTubers \u00e4r ett extremt specialiserat omr\u00e5de i Japan. Kunskap om immateriella r\u00e4ttigheter \u00e4r n\u00f6dv\u00e4ndigt f\u00f6r att kontrollera hanteringen av videor, bilder och produktioner som uppst\u00e5r i SNS-verksamheter. V\u00e5ra firmas representativa advokater har erfarenhet som IT-ingenj\u00f6rer och tillhandah\u00e5ller tj\u00e4nster i tvister och f\u00f6rebyggande av systemutvecklingsproblem. Vi p\u00e5 MONOLITH LAW OFFICE tillhandah\u00e5ller h\u00f6gspecialiserat IT- och IP-relaterat juridiskt st\u00f6d till m\u00e5nga f\u00f6retag, inklusive f\u00f6retag som \u00e4r noterade p\u00e5 Tokyo Stock Exchange i Japan.<\/p>\n\t\t<div class=\"btn-area align-left\">\n\t\t\t<div class=\"btn icon-it\"><a href=\"\/sv\/it\">IT<\/a><\/div>\n\t\t<\/div>\n\t<\/div>\n\t<\/div>\n\t<\/div>\n<\/section>\n\n<section class=\"white-section\">\n\t<div id=\"countermeasures-against-reputational-damage\"><\/div>\n\t<div class=\"section-inner\">\n\t<div class=\"flex\">\n\t<div class=\"width41\"><img decoding=\"async\" src=\"\/wp-content\/themes\/monolith2021\/img\/pic\/pic_practices-reputation.jpg\" alt=\"Mot\u00e5tg\u00e4rder mot skada p\u00e5 rykte\" \/><\/div>\n\t<div class=\"width51\">\n\t\t<h3>\u00c5tg\u00e4rder mot skadligt rykte<\/h3>\n\t\t<p class=\"mgb-small\">N\u00e4r YouTubers och VTubers f\u00e5r fler tittare kan de drabbas av ryktesskador p\u00e5 internet. Vi anser dock att det alltid b\u00f6r vidtas \u00e5tg\u00e4rder mot \u00f6verdriven f\u00f6rtal och l\u00e4ckage av personlig information.<\/p>\n\t\t<p class=\"mgb-middle\">V\u00e5r byr\u00e5, MONOLITH LAW OFFICE, har omfattande erfarenhet och expertis i att ta bort och identifiera f\u00f6rfattare till rykten p\u00e5 internet. Vi har f\u00e5tt m\u00e5nga f\u00f6rfr\u00e5gningar fr\u00e5n klienter som str\u00e4cker sig fr\u00e5n f\u00f6retag noterade p\u00e5 Tokyob\u00f6rsens f\u00f6rstasektion till enskilda individer, vilket visar v\u00e5rt engagemang f\u00f6r att skydda ryktet f\u00f6r YouTubers och VTubers i Japan.<\/p>\n\t<\/div>\n\t<\/div>\n\t<\/div>\n<\/section>\n\n<section class=\"orange-section\">\n\t<div class=\"anchor\" id=\"writings-and-other-activities\"><\/div>\n\t<div class=\"section-inner\">\n\t\t<div class=\"frame2 max-width860 txt-center-pc\">\n\t\t\t<p class=\"bold txt-l mgb-small\">Skrifter och andra aktiviteter relaterade till juridiska fr\u00e5gor f\u00f6r YouTuber\/VTuber<\/p>\n\t\t\t<p>Juridiska fr\u00e5gor f\u00f6r YouTuber och VTuber \u00e4r h\u00f6gt specialiserade omr\u00e5den.<br>V\u00e5r grundande advokat, Toki Kawase, engagerar sig i skrivande och andra aktiviteter relaterade till dessa f\u00e4lt.<\/p>\n\t\t<\/div>\n\t<\/div>\n<\/section>\n\n<section class=\"white-section\">\n\t<div class=\"section-inner\">\n\t\t<div class=\"flex reverse\">\n\t\t\t<div class=\"width41\"><img decoding=\"async\" src=\"\/wp-content\/uploads\/2022\/11\/it_law_book.jpg\"><\/div>\n\t\t\t<div class=\"width51\">\n\t\t\t\t<h3>Publikationer som en advokat specialiserad p\u00e5 YouTuber och VTuber juridiska fr\u00e5gor<\/h3>\n\t\t\t\t<p class=\"mgb-small\">V\u00e5r grundande advokat publicerade &#8220;IT-advokat, ber\u00e4tta f\u00f6r mig om YouTuber lagar och anv\u00e4ndarvillkor&#8221;, en bok som diskuterar olika juridiska fr\u00e5gor kring japanska YouTubers i ett fr\u00e5ga och svar format. N\u00e5gra \u00e4mnen som diskuteras inkluderar &#8220;\u00c4r stealth marknadsf\u00f6ring ett brott mot lagen?&#8221;, &#8220;\u00c4r det n\u00f6dv\u00e4ndigt att sudda registreringsskyltar?&#8221;, och s\u00e5 vidare.<\/p>\n\t\t\t\t<p>En annan publikation, &#8220;En guide till YouTube-relaterade lagar f\u00f6r juridiska yrkesverksamma&#8221; en praktisk handbok ang\u00e5ende YouTuber juridiska fr\u00e5gor, f\u00f6r advokater och f\u00f6retags PR-agenter.<\/p>\n\t\t\t<\/div>\n\t\t<\/div>\n\t<\/div>\n<\/section>\n\n<section class=\"white-section\">\n\t<div class=\"section-inner\">\n\t\t<div class=\"flex\">\n\t\t\t<div class=\"width41\"><img decoding=\"async\" src=\"\/wp-content\/themes\/monolith2021\/img\/practices-youtuberlaw\/practices-youtuberlaw_pic2.jpg\"><\/div>\n\t\t\t<div class=\"width51\">\n\t\t\t\t<h3>V\u00e5r grundande advokat g\u00e4stade &#8220;ABEMA Prime&#8221;<\/h3>\n\t\t\t\t<p class=\"mgb-small\">V\u00e5r grundande advokat var g\u00e4st p\u00e5 s\u00e4ndningen av &#8220;ABEMA Prime&#8221;, en av de mest popul\u00e4ra live-streaming-showerna i Japan. <br> Han g\u00e4stade som en advokat med expertis inom juridiska fr\u00e5gor relaterade till YouTubers och VTubers.<\/p>\n\t\t\t\t<p>16 februari 2022: juridiska fr\u00e5gor som r\u00f6r VTubers privatliv<br>20 maj 2022: juridiska fr\u00e5gor om allvarlig backlash mot influencers<\/p>\n\t\t\t<\/div>\n\t\t<\/div>\n\t<\/div>\n<\/section>\n\n<section class=\"white-section\">\n\t<div id=\"examples-of-our-clients\"><\/div>\n\t<div class=\"section-inner\">\n\t<h3>Exempel p\u00e5 YouTubers och VTubers som klienter hos MONOLITH LAW OFFICE<\/h3>\n\t<ul class=\"layout-column4 mgb-middle\">\n\t \t<li>\n\t\t\t<div><img decoding=\"async\" src=\"\/wp-content\/themes\/monolith2021\/img\/practices-youtuberlaw\/practices-youtuberlaw_client_pic1.jpg\" alt=\"Carry On Inc.\" \/><\/div>\n\t\t\t<h4><a href=\"https:\/\/carry0n.co.jp\/\" target=\"_blank\" rel=\"noopener noreferrer\">Carry On Inc.<\/a><\/h4>\n\t\t\tVi har arbetat med projekt f\u00f6r Carry On Inc. sedan strax efter f\u00f6retagets grundande, vilket inkluderar popul\u00e4ra YouTubers som Kimagure Cook, Bryan, Channel Gado Man och m\u00e5nga andra skapare.\n\t\t<\/li>\n\t \t<li>\n\t\t\t<div><img decoding=\"async\" src=\"\/wp-content\/themes\/monolith2021\/img\/practices-youtuberlaw\/practices-youtuberlaw_client_pic2.jpg\" alt=\"Tenchim\" \/><\/div>\n\t\t\t<h4><a href=\"https:\/\/www.youtube.com\/channel\/UCXzU-b8I0Y_fhMkLQMYt3vA\" target=\"_blank\" rel=\"noopener noreferrer\">Tenchim<\/a><\/h4>\n\t\t\tVi har arbetat med ett projekt f\u00f6r Tenchim, en bloggare, TV-personlighet och modell som driver &#8220;Tenchim CH\/tenchim&#8221;.\n\t\t<\/li>\n\t \t<li>\n\t\t\t<div><img decoding=\"async\" src=\"\/wp-content\/themes\/monolith2021\/img\/practices-youtuberlaw\/practices-youtuberlaw_client_pic3.png\" alt=\"Mirai Akari\" \/><\/div>\n\t\t\t<h4><a href=\"https:\/\/akari-mir.ai\/\" target=\"_blank\" rel=\"noopener noreferrer\">Mirai Akari<\/a><\/h4>\n\t\t\tVi har arbetat med projekt f\u00f6r ZIZAI Corporation sedan 2016, innan deras VTuber Mirai Akari debuterade 2017.\n\t\t<\/li>\n\t \t<li>\n\t\t\t<div><img decoding=\"async\" src=\"\/wp-content\/themes\/monolith2021\/img\/practices-youtuberlaw\/practices-youtuberlaw_client_pic4.png\" alt=\"Teiko Penguin\" \/><\/div>\n\t\t\t<h4><a href=\"https:\/\/www.youtube.com\/channel\/UCUTgXNqRBqR33D5q10DfQXw\" target=\"_blank\" rel=\"noopener noreferrer\">Teiko Penguin<\/a><\/h4>\n\t\t\tVi har arbetat med projekt f\u00f6r Plott Corporation, som driver den animerade YouTube-kanalen &#8220;Teiko Penguin&#8221;, sedan 2018, \u00e4ven innan kanalen lanserades.\n\t\t<\/li>\n\t<\/ul>\n\t<p class=\"txt-s\">*Detta \u00e4r en partiell lista \u00f6ver f\u00f6retag som har gett oss tillst\u00e5nd att avsl\u00f6ja att de \u00e4r v\u00e5ra klienter, eller som \u00e4r registrerade som direkt\u00f6rer.<br>Faktum \u00e4r att vi arbetar med projekt f\u00f6r m\u00e5nga klienter, inklusive frilansande YouTubers.<br>I princip kommer vi att h\u00e5lla din identitet konfidentiell enligt ett sekretessavtal.<\/p>\n\t<\/div>\n<\/section>\n\n<section class=\"purple2-section\">\n\t<div class=\"anchor\" id=\"monolith-law-magazine\"><\/div>\n\t<div class=\"section-inner\">\n\t\t    <section class=\"white-section temp-article\">\n        <div class=\"section-inner\">\n            <h4>MONOLITH LAW MAGAZINE<\/h4>\n            <div class=\"articles type_practice_column\">\n                                                                    <div class=\"article article-area\">\n                        <figure>\n                            <div class=\"img-wrap\">\n                                <img alt=\"Viktiga punkter att t\u00e4nka p\u00e5 i YouTubes anv\u00e4ndarvillkor vid spelkommentarsvideor\" src=\"https:\/\/monolith.law\/sv\/wp-content\/uploads\/sites\/29\/2024\/07\/Shutterstock_2091406600.webp\" width=\"500\" height=\"250\">\n                            <\/div>\n                            <figcaption>\n                                <div class=\"figcaption-inner\">\n                                    <h3>Viktiga punkter att t\u00e4nka p\u00e5 i YouTubes anv\u00e4ndarvillkor vid spelkommentarsvideor<\/h3>\n                                <\/div>\n                            <\/figcaption>\n                            <a href=\"https:\/\/monolith.law\/sv\/internet\/youtube-game-play-videos\"><\/a>\n                        <\/figure>\n                    <\/div>\n                                                    <div class=\"article article-area\">\n                        <figure>\n                            <div class=\"img-wrap\">\n                                <img alt=\"Vad \u00e4r YouTubes fem f\u00f6rbjudna punkter 'Community Guidelines'? Viktigt att veta f\u00f6r att undvika att ditt konto blir avst\u00e4ngt\" src=\"https:\/\/monolith.law\/sv\/wp-content\/uploads\/sites\/29\/2024\/04\/Shutterstock_246432538.webp\" width=\"500\" height=\"250\">\n                            <\/div>\n                            <figcaption>\n                                <div class=\"figcaption-inner\">\n                                    <h3>Vad \u00e4r YouTubes fem f\u00f6rbjudna punkter 'Community Guidelines'? Viktigt att veta f.<\/h3>\n                                <\/div>\n                            <\/figcaption>\n                            <a href=\"https:\/\/monolith.law\/sv\/internet\/youtube-community-guidelines-prohibitions\"><\/a>\n                        <\/figure>\n                    <\/div>\n                                                    <div class=\"article article-area\">\n                        <figure>\n                            <div class=\"img-wrap\">\n                                <img alt=\"\u00c4r fotografering och publicering utan tillst\u00e5nd lagligt till\u00e5tet? En f\u00f6rklaring av fyra diskussionspunkter\" src=\"https:\/\/monolith.law\/sv\/wp-content\/uploads\/sites\/29\/2024\/04\/Shutterstock_1830157235.webp\" width=\"500\" height=\"250\">\n                            <\/div>\n                            <figcaption>\n                                <div class=\"figcaption-inner\">\n                                    <h3>\u00c4r fotografering och publicering utan tillst\u00e5nd lagligt till\u00e5tet? En f\u00f6rklaring .<\/h3>\n                                <\/div>\n                            <\/figcaption>\n                            <a href=\"https:\/\/monolith.law\/sv\/internet\/copyright-permission-photograph\"><\/a>\n                        <\/figure>\n                    <\/div>\n                                            <\/div>\n            <div class=\"btn-more\"><a href=\"https:\/\/monolith.law\/sv\/tag\/legal-support-for-youtuber\">Read More<\/a><\/div>\n        <\/div>\n    <\/section>\n\t<\/div>\n<\/section>\n\n<section class=\"orange2-section\">\n\t<div class=\"anchor\" id=\"fee-structure\"><\/div>\n\t<div class=\"section-inner\">\n\t<div class=\"planWrap\">\n\t<h3>Avgiftsstruktur<\/h3>\n\t<ul class=\"plan\">\n\t\t<li class=\"txt-left\">\n\t\t\t<div class=\"plan-inner\">\n\t\t\t<div class=\"plan-header\">\n\t\t\t<h4 class=\"plan-title\">Timtaxa<\/h4>\n\t\t\t<div class=\"plan-price\"><span class=\"price-figure\">$300<\/span>per timme<span class=\"price-tax\"><\/span><\/div>\n\t\t\t<\/div>\n\t\t\t<div class=\"plan-body\">I vissa fall kan vi \u00f6verv\u00e4ga att acceptera en tvist eller ett m\u00e5l med en startavgift och en resultatbaserad avgift. F\u00f6r mer information, tveka inte att kontakta oss.<\/div>\n\t\t\t<\/div>\n\t\t<\/li>\n\t\t<li class=\"txt-left\">\n\t\t\t<div class=\"plan-inner\">\n\t\t\t<div class=\"plan-header\">\n\t\t\t<h4 class=\"plan-title\">Uppr\u00e4ttande av Avtal<\/h4>\n\t\t\t<div class=\"plan-price\"><span class=\"price-value\">fr\u00e5n<\/span><span class=\"price-figure\">$500<\/span><span class=\"price-value\">till $2,000 eller mer<\/span><span class=\"price-tax\"><\/span><\/div>\n\t\t\t<\/div>\n\t\t\t<div class=\"plan-body\">Prisstrukturen kan variera beroende p\u00e5 typ och m\u00e4ngd av avtal. Vi erbjuder g\u00e4rna en prelimin\u00e4r kostnadsuppskattning vid f\u00f6rfr\u00e5gan, s\u00e5 vi uppmuntrar dig att kontakta oss f\u00f6r ytterligare information.<\/div>\n\t\t\t<\/div>\n\t\t<\/li>\n\t\t<li class=\"txt-left\">\n\t\t\t<div class=\"plan-inner\">\n\t\t\t<div class=\"plan-header\">\n\t\t\t<h4 class=\"plan-title\">\u00d6vriga Tj\u00e4nster<\/h4>\n\t\t\t<div class=\"plan-price\"><span class=\"price-figure\">Kontakta Oss<\/span><\/div>\n\t\t\t<\/div>\n\t\t\t<div class=\"plan-body\">Vi erbjuder ett brett utbud av tj\u00e4nster inklusive bolagsbildning, granskning av avtal, juridiska yttranden, fallgenomg\u00e5ngar eller forskningsbrev. Om du har n\u00e5gra fr\u00e5gor eller funderingar, inbjuder vi dig hj\u00e4rtligt att kontakta oss och v\u00e5rt kunniga team kommer g\u00e4rna att assistera dig.<\/div>\n\t\t\t<\/div>\n\t\t\t<\/div>\n\t\t<\/li>\n\t<\/ul>\n\t<\/div>\n\t<\/div>\n<\/section>\n\n<section class=\"white-section\">\n\t<div class=\"section-inner\">\n\t\t<div class=\"btn-area\">\n\t\t\t<div class=\"btn icon-contact\"><a href=\"\/sv\/contact\">Kontakta Oss<\/a><\/div>\n\t\t<\/div>\n\t<\/div>\n<\/section>\n","protected":false},"excerpt":{"rendered":"<p>Juridiskt st\u00f6d f\u00f6r YouTubers Hantering av online-influencers kr\u00e4ver kunskap som skiljer sig fr\u00e5n traditionell underh\u00e5llningsproduktion och mediehantering. Vi f\u00f6rst\u00e5r nyanserna i japansk lagstiftning o [&hellip;]<\/p>\n","protected":false},"author":1,"featured_media":57171,"parent":0,"menu_order":0,"comment_status":"closed","ping_status":"closed","template":"non-other-page-temp.php","meta":{"footnotes":""},"acf":[],"_links":{"self":[{"href":"https:\/\/monolith.law\/sv\/wp-json\/wp\/v2\/pages\/55833"}],"collection":[{"href":"https:\/\/monolith.law\/sv\/wp-json\/wp\/v2\/pages"}],"about":[{"href":"https:\/\/monolith.law\/sv\/wp-json\/wp\/v2\/types\/page"}],"author":[{"embeddable":true,"href":"https:\/\/monolith.law\/sv\/wp-json\/wp\/v2\/users\/1"}],"replies":[{"embeddable":true,"href":"https:\/\/monolith.law\/sv\/wp-json\/wp\/v2\/comments?post=55833"}],"version-history":[{"count":27,"href":"https:\/\/monolith.law\/sv\/wp-json\/wp\/v2\/pages\/55833\/revisions"}],"predecessor-version":[{"id":69078,"href":"https:\/\/monolith.law\/sv\/wp-json\/wp\/v2\/pages\/55833\/revisions\/69078"}],"wp:featuredmedia":[{"embeddable":true,"href":"https:\/\/monolith.law\/sv\/wp-json\/wp\/v2\/media\/57171"}],"wp:attachment":[{"href":"https:\/\/monolith.law\/sv\/wp-json\/wp\/v2\/media?parent=55833"}],"curies":[{"name":"wp","href":"https:\/\/api.w.org\/{rel}","templated":true}]}}