{"id":56075,"date":"2023-11-06T23:50:40","date_gmt":"2023-11-06T14:50:40","guid":{"rendered":"https:\/\/monolith.law\/sv\/?page_id=56075"},"modified":"2024-01-29T13:16:42","modified_gmt":"2024-01-29T04:16:42","slug":"it","status":"publish","type":"page","link":"https:\/\/monolith.law\/sv\/it","title":{"rendered":"IT"},"content":{"rendered":"\n<section class=\"heading-area\">\n\t<div class=\"heading-area-inner\">\n\t\t<h2 class=\"icon-it\">IT<\/h2>\n\t\t<p>I ett samh\u00e4lle d\u00e4r tekniken utvecklas snabbt \u00e4r det avg\u00f6rande f\u00f6r f\u00f6retagsjurister i Japan att ha en djup f\u00f6rst\u00e5else f\u00f6r f\u00f6retagets IT och IP. V\u00e5r styrka ligger i v\u00e5rt team av specialister inom detta omr\u00e5de.<\/p>\n\t<\/div>\n<\/section>\n\n<section class=\"white-section\">\n\t<div class=\"section-inner pdt0  border-bottom-section\">\n\t\t<p>F\u00f6r advokater som arbetar med IT-f\u00f6retag \u00e4r det viktigt att f\u00f6rst\u00e5 tekniken och de processer som \u00e4r relaterade till IT och immateriella r\u00e4ttigheter i f\u00f6retagets dagliga verksamhet. Utan kunskap och f\u00f6rst\u00e5else f\u00f6r IT \u00e4r det om\u00f6jligt att noggrant granska kontrakt och andra dokument som \u00e4r av st\u00f6rsta vikt f\u00f6r f\u00f6retagen, samt att \u00f6verv\u00e4ga hur man ska hantera och f\u00f6rebygga problem om de skulle uppst\u00e5. MONOLITH LAW OFFICE hanterar inte bara \u00e4renden som involverar startup-f\u00f6retag och b\u00f6rsnoterade f\u00f6retag specialiserade p\u00e5 IT, utan \u00e4ven IT- och internetrelaterade \u00e4renden f\u00f6r icke-IT-f\u00f6retag som ansvarig advokat f\u00f6r IT och IP.<\/p>\n\t<\/div>\n<\/section>\n\n\n<section class=\"white-section\">\n\t<div class=\"section-inner\">\n\t\t<h3 class=\"ttl-white\">Idag \u00e4r IT n\u00e4rvarande i alla aspekter av f\u00f6retagsaktiviteter<\/h3>\n\t\t<ul class=\"layout-column4\">\n\t\t\t<li>\n\t\t\t\t<h4>F\u00f6r restaurangbranschen<\/h4>\n\t\t\t\t<div><img decoding=\"async\" src=\"\/wp-content\/themes\/monolith2021\/img\/practices-itlaw\/practices-itlaw_illust1.png\"><\/div>\n\t\t\t\t<p>Att locka kunder genom <span class=\"bold\">webbmarknadsf\u00f6ring<\/span> kr\u00e4ver att man anlitar IT-tj\u00e4nster och IT-f\u00f6retag.<\/p>\n\t\t\t<\/li>\n\t\t\t<li>\n\t\t\t\t<h4>F\u00f6r tillverkningsindustrin<\/h4>\n\t\t\t\t<div><img decoding=\"async\" src=\"\/wp-content\/themes\/monolith2021\/img\/practices-itlaw\/practices-itlaw_illust2.png\"><\/div>\n\t\t\t\t<p>Kontinuerlig utveckling av <span class=\"bold\">IT-baserad information<\/span> \u00e4r avg\u00f6rande f\u00f6r produktionshanteringen.<\/p>\n\t\t\t<\/li>\n\t\t\t<li>\n\t\t\t\t<h4>F\u00f6r e-handelsf\u00f6retag<\/h4>\n\t\t\t\t<div><img decoding=\"async\" src=\"\/wp-content\/themes\/monolith2021\/img\/practices-itlaw\/practices-itlaw_illust3.png\"><\/div>\n\t\t\t\t<p>Sk\u00f6tsel av e-handelsplatser och <span class=\"bold\">webbmedia marknadsf\u00f6ringsoperationer<\/span> \u00e4r ocks\u00e5 en del av v\u00e5r IT-relaterade verksamhet.<\/p>\n\t\t\t<\/li>\n\t\t\t<li>\n\t\t\t\t<h4>F\u00f6r underh\u00e5llningsindustrin<\/h4>\n\t\t\t\t<div><img decoding=\"async\" src=\"\/wp-content\/themes\/monolith2021\/img\/practices-itlaw\/practices-itlaw_illust4.png\"><\/div>\n\t\t\t\t<p>Internet \u00e4r avg\u00f6rande f\u00f6r <span class=\"bold\">mediahantering och distribution av inneh\u00e5ll<\/span>.<\/p>\n\t\t\t<\/li>\n\t\t<\/ul>\n\t<\/div>\n<\/section>\n\n<section class=\"white-section\">\n\t<div class=\"section-inner pdt0\">\n\t\t<p class=\"txt-l txt-center mgb-middle\">V\u00e5r firma utnyttjar erfarenheten fr\u00e5n v\u00e5r Managing Attorney, Toki Kawase, som \u00e4r en tidigare IT-ingenj\u00f6r<br>Eftersom vi \u00e4r <span class=\"bold\">en advokatbyr\u00e5 med styrka inom japansk IT\/IP-r\u00e4tt<\/span><\/p>\n\t\t<div class=\"frame2 max-width860 txt-center-pc\">\n\t\t\t<p class=\"txt-l\"><span class=\"bold\">Vi kan hantera alla juridiska fr\u00e5gor f\u00f6r IT- och startup-f\u00f6retag.<br>F\u00f6r f\u00f6retag som inte bedriver IT som sin huvudsakliga verksamhet, agerar vi som<br>&#8220;juridiska r\u00e5dgivare inom IT\/IP-r\u00e4tt&#8221;.<\/p>\n\t\t<\/div>\n\t<\/div>\n<\/section>\n\n<section class=\"second-nav\">\n\t<div class=\"second-nav-inner\">\n\t\t<p>\u00c4MNEN<\/p>\n\t\t<nav>\n\t\t\t<ul>\n\t\t\t\t<li><a href=\"#system-development\">Systemutveckling<\/a><\/li>\n\t\t\t\t<li><a href=\"#terms-of-use\">Anv\u00e4ndarvillkor<\/a><\/li>\n\t\t\t\t<li><a href=\"#crypto-assets-and-blockchain\">Kryptovalutor och blockchain<\/a><\/li>\n\t\t\t\t<li><a href=\"#ai-chatgpt-etc\">AI (ChatGPT, etc.)<\/a><\/li>\n\t\t\t\t<li><a href=\"#games\">Spel<\/a><\/li>\n\t\t\t\t<li><a href=\"#swift-and-efficient-tech-legal-analysis\">Snabb och effektiv teknisk\/juridisk analys<\/a><\/li>\n\t\t\t\t<li><a href=\"#intellectual-property-rights\">Immateriella r\u00e4ttigheter<\/a><\/li>\n\t\t\t\t<li><a href=\"#domain-name-disputes\">Tvister om dom\u00e4nnamn<\/a><\/li>\n\t\t\t\t<li><a href=\"#e-commerce\">E-handel<\/a><\/li>\n\t\t\t\t<li><a href=\"#medical-law\">Medicinsk lagstiftning<\/a><\/li>\n\t\t\t\t<li><a href=\"#cybercrime\">Cyberbrott<\/a><\/li>\n\t\t\t\t<li><a href=\"#monolith-law-magazine\">MONOLITH LAW MAGAZINE<\/a><\/li>\n\t\t\t\t<li><a href=\"#fee-structure\">Prisstruktur<\/a><\/li>\n\t\t\t<\/ul>\n\t\t<\/nav>\n\t<\/div>\n<\/section>\n\n\n<section class=\"white-section\">\n\t<div class=\"anchor\" id=\"system-development\"><\/div>\n\t<div class=\"section-inner\">\n\t\t<div class=\"flex\">\n\t\t\t<div class=\"width41\"><img decoding=\"async\" src=\"\/wp-content\/themes\/monolith2021\/img\/practices-itlaw\/practices-itlaw_pic1.jpg\" alt=\"Systemutveckling\"><\/div>\n\t\t\t<div class=\"width51\">\n\t\t\t\t<h3>Systemutveckling<\/h3>\n\t\t\t\t<p class=\"mgb-middle\">Vi \u00e4r en advokatbyr\u00e5 ledd av en tidigare IT-ingenj\u00f6r, specialiserad p\u00e5 fr\u00e5gor om systemutveckling, fr\u00e5n utformning, revidering och f\u00f6rhandling av kontrakt till att l\u00f6sa tvister. Vi utformar ocks\u00e5 kontrakt fr\u00e5n grunden baserat p\u00e5 befintliga material, s\u00e5som f\u00f6rslagsdokument, med ett minimum av klientintervjuer.<\/p>\n\t\t\t\t<div class=\"btn-area align-left\">\n\t\t\t\t\t<div class=\"btn icon-system-development\"><a href=\"\/sv\/system-development\">Systemutveckling<\/a><\/div>\n\t\t\t\t<\/div>\n\t\t\t<\/div>\n\t\t<\/div>\n\t<\/div>\n<\/section>\n\n<section class=\"orange-section\">\n\t<div class=\"anchor\" id=\"terms-of-use\"><\/div>\n\t<div class=\"section-inner\">\n\t\t<div class=\"flex reverse\">\n\t\t\t<div class=\"width41\"><img decoding=\"async\" src=\"\/wp-content\/themes\/monolith2021\/img\/practices-itlaw\/practices-itlaw_pic2.jpg\" alt=\"Granskning av anv\u00e4ndarvillkor f\u00f6r appar\"><\/div>\n\t\t\t<div class=\"width51\">\n\t\t\t\t<h3>Anv\u00e4ndarvillkor<\/h3>\n\t\t\t\t<p class=\"mgb-middle\">MONOLITH LAW OFFICE hanterar skapandet och granskningen av anv\u00e4ndarvillkor och sekretesspolicyer f\u00f6r olika appar, tj\u00e4nster, spel i Japan. Dessutom kan vi l\u00e4sa dina kravdefinitioner f\u00f6r den relevanta apputvecklingen, Adobe XD-ramverk, LPs, f\u00f6rs\u00e4ljningsmaterial f\u00f6r potentiella kunder och andra befintliga dokument och data.<\/p>\n\t\t\t\t<div class=\"btn-area align-left\">\n\t\t\t\t\t<div class=\"btn icon-terms-of-use\"><a href=\"\/sv\/terms-of-use\">Anv\u00e4ndarvillkor<\/a><\/div>\n\t\t\t\t<\/div>\n\t\t\t<\/div>\n\t\t<\/div>\n\t<\/div>\n<\/section>\n\n<section class=\"white-section\">\n\t<div class=\"anchor\" id=\"crypto-assets-and-blockchain\"><\/div>\n\t<div class=\"section-inner\">\n\t\t<div class=\"flex\">\n\t\t\t<div class=\"width41\"><img decoding=\"async\" src=\"\/wp-content\/uploads\/2022\/07\/shutterstock_1151380622_2.png\" alt=\"Crypto Assets and Blockchain\"><\/div>\n\t\t\t<div class=\"width51\">\n\t\t\t\t<h3>Kryptovalutor och Blockchain<\/h3>\n\t\t\t\t<p class=\"mgb-middle\">Blockchains \u00e4r decentraliserade databaser som har extremt l\u00e5g risk f\u00f6r f\u00f6rlust av poster, g\u00f6r det sv\u00e5rare att f\u00f6rfalska tidigare poster och m\u00f6jligg\u00f6rs av IT-tekniker som konsensusalgoritmer, kryptografi och P2P-n\u00e4tverk. MONOLITH LAW OFFICE har varit involverad i juridiskt arbete med kryptovalutor och blockchain kort efter dess start 2017.<\/p>\n\t\t\t\t<div class=\"btn-area align-left\">\n\t\t\t\t\t<div class=\"btn icon-crypto-asset-and-blockchain\"><a href=\"\/sv\/crypto-asset-and-blockchain\">Kryptovalutor<br>och Blockchain<\/a><\/div>\n\t\t\t\t<\/div>\n\t\t\t<\/div>\n\t\t<\/div>\n\t<\/div>\n<\/section>\n\n<section class=\"purple-section\">\n\t<div class=\"anchor\" id=\"ai-chatgpt-etc\"><\/div>\n\t<div class=\"section-inner\">\n\t\t<div class=\"flex reverse\">\n\t\t\t<div class=\"width41\"><img decoding=\"async\" src=\"\/wp-content\/themes\/monolith2021\/img\/practices-itlaw\/practices-itlaw_pic5.jpg\" alt=\"AI (ChatGPT, etc.)\"><\/div>\n\t\t\t<div class=\"width51\">\n\t\t\t\t<h3>AI (ChatGPT, etc.)<\/h3>\n\t\t\t\t<p class=\"mgb-small\">Vi tillhandah\u00e5ller juridiska kontroller, kontraktsbehandling och st\u00f6d f\u00f6r statliga anm\u00e4lningar f\u00f6r bild- och naturligt spr\u00e5k AI-tj\u00e4nster och fr\u00e5gor relaterade till upphovsr\u00e4ttslag, personuppgiftsskyddslag, etc., p\u00e5 beg\u00e4ran av IT-startups och aff\u00e4rsf\u00f6retag.<\/p>\n\t\t\t\t<p class=\"mgb-middle\">I vissa fall granskar vi tekniska dokument och k\u00e4llkoder f\u00f6r att f\u00f6rst\u00e5 bibliotekets exakta funktion innan vi bed\u00f6mer lagligheten av tj\u00e4nsten och systemet som kr\u00e4vs f\u00f6r dess lagliga drift i Japan.<\/p>\n\t\t\t\t<div class=\"btn-area align-left\">\n\t\t\t\t\t<div class=\"btn icon-ai\"><a href=\"\/sv\/ai\">AI (ChatGPT, etc.)<\/a><\/div>\n\t\t\t\t<\/div>\n\t\t\t<\/div>\n\t\t<\/div>\n\t<\/div>\n<\/section>\n\n<section class=\"white-section mgt-section \">\n\t<div class=\"anchor\" id=\"games\"><\/div>\n\t<div class=\"section-inner-black\">\n\t\t<h3>Spel<\/h3>\n\t\t<p class=\"mgb-middle\"> I Japan regleras driften av sociala spel av flera lagar, inklusive den japanska upphovsr\u00e4ttslagen, lagen mot or\u00e4ttvisa premier och vilseledande representationer, lagen om fondavveckling, konsumentkontraktslagen, lagen om specifika kommersiella transaktioner och telekommunikationsverksamhetslagen.<br> F\u00f6r att undvika tvister och statliga straff \u00e4r det n\u00f6dv\u00e4ndigt att s\u00e4kerst\u00e4lla laglig efterlevnad.<br> V\u00e5rt f\u00f6retag fungerar ocks\u00e5 som juridisk r\u00e5dgivare f\u00f6r videospel- och e-sportf\u00f6retag i Japan, vilket kr\u00e4ver en f\u00f6rst\u00e5else f\u00f6r branschen f\u00f6r att s\u00e4kerst\u00e4lla laglig drift.<\/p>\n\t<\/div>\n<\/section>\n\n<section class=\"white-section\">\n\t<div class=\"anchor\" id=\"swift-and-efficient-tech-legal-analysis\"><\/div>\n\t<div class=\"section-inner\">\n\t\t<div class=\"flex reverse\">\n\t\t\t<div class=\"width41\"><img decoding=\"async\" src=\"\/wp-content\/themes\/monolith2021\/img\/pic\/pic_draft.jpg\" alt=\"Utkast med minimal driftstid\"><\/div>\n\t\t\t<div class=\"width51\">\n\t\t\t\t<h3>Minsta tid som kr\u00e4vs f\u00f6r utformning<\/h3>\n\t\t\t\t<p class=\"mgb-middle\">Med v\u00e5r Managing Attorney som \u00e4r en f\u00f6re detta IT-ingenj\u00f6r och ett team av IT-konsulter, erbjuder v\u00e5r firma en komplett teknisk analys och juridisk granskningstj\u00e4nst, s\u00e4rskilt f\u00f6r avancerade teknologier som AI. <\/p>\n\t\t\t\t<p>Det g\u00e5r inte att fastst\u00e4lla lagligheten hos tj\u00e4nster som anv\u00e4nder avancerad teknologi, s\u00e4rskilt AI, utan att ha en teknisk f\u00f6rst\u00e5else f\u00f6r hur s\u00e5dana tj\u00e4nster fungerar. Som en komplett service kan vi erbjuda b\u00e5de teknisk analys och juridisk granskning.<\/p>\n\t\t\t<\/div>\n\t\t<\/div>\n\t<\/div>\n<\/section>\n\n<section class=\"white-section mgb-section80\">\n\t<div class=\"anchor\" id=\"intellectual-property-rights\"><\/div>\n\t<div class=\"section-inner-black\">\n\t\t<h3>Intellektuell egendom<\/h3>\n\t\t<p class=\"mgb-middle\">We handle IP strategy planning, contractual relations and litigation in both the IT and entertainment fields.\nIn the case of disputes, we also handle highly specialized litigation, such as litigation over patent ownership rights.<\/p>\n\t<\/div>\n<\/section>\n\n<section class=\"white-section mgt-section80\">\n\t<div class=\"anchor\" id=\"domain-name-disputes\"><\/div>\n\t<div class=\"section-inner-black\">\n\t\t<h3>Dom\u00e4nnamnstvister<\/h3>\n\t\t<p class=\"mgb-middle\">We have expertise in handling domain names, intellectual property rights, and dispute resolution based on the JP Domain Name Dispute Resolution Policy (DRP) and litigation procedures using the Unfair Competition Prevention Act.\n<\/p>\n\t<\/div>\n<\/section>\n\n<section class=\"white-section\">\n\t<div class=\"anchor\" id=\"e-commerce\"><\/div>\n\t<div class=\"section-inner\">\n\t\t<div class=\"flex\">\n\t\t\t<div class=\"width41\"><img decoding=\"async\" src=\"\/wp-content\/themes\/monolith2021\/img\/practices-itlaw\/practices-itlaw_pic7.jpg\" alt=\"E-handel\"><\/div>\n\t\t\t<div class=\"width51\">\n\t\t\t\t<h3>E-handel<\/h3>\n\t\t\t\t<p>Vi har erfarenhet av att l\u00f6sa olika japanska tvister inom e-handel, inklusive injunktiva \u00e5tg\u00e4rder mot varum\u00e4rkes- och upphovsr\u00e4ttsintr\u00e5ng p\u00e5 plattformar som Rakuten, Amazon och Yahoo! Shopping.<\/p>\n\t\t\t<\/div>\n\t\t<\/div>\n\t<\/div>\n<\/section>\n\n<section class=\"white-section mgb-section80\">\n\t<div class=\"anchor\" id=\"medical-law\"><\/div>\n\t<div class=\"section-inner-black\">\n\t\t<h3>Medicinsk r\u00e4tt<\/h3>\n\t\t<p class=\"mgb-middle\">The intersection of laws related to medical care in Japan, such as the Pharmaceutical Affairs Act, Medical Service Act, and Medical Practitioners Act, with IT and the Internet, is a complex and specialized area.\nOur firm has medical-related legal specialists and a founding lawyer who is a former IT engineer, is well-versed in the industry.<\/p>\n\t\t<h4 class=\"mgb-middle\">V\u00e5r erfarenhet av medicinr\u00e4ttsliga fall (exempel)<\/h4>\n\t\t<p class=\"mgb-middle\">Juridisk granskning enligt Lagen om l\u00e4kemedel och medicintekniska produkter (Japanese Pharmaceutical and Medical Device Act, PMD Act) och andra lagar g\u00e4llande LP f\u00f6r distribut\u00f6rer av kosttillskott, juridiska granskningar och utformning av riktlinjer enligt PMD Act och andra till\u00e4mpliga lagar f\u00f6r sk\u00f6nhetsrelaterade medier, samt revision av juridisk legitimitet f\u00f6r nya f\u00f6retag inom medicinrelaterade startups, utformning av avtal f\u00f6r gemensam forskning med universitet f\u00f6r medicinrelaterade startups. Juridisk granskning och f\u00f6rberedelse av anv\u00e4ndarvillkor f\u00f6r tj\u00e4nster f\u00f6r samarbete kring medicinsk information samt f\u00f6rberedelse av beskrivningar av den S\u00e4rskilda handelskoden (Japanese Specified Commercial Code) m.m., f\u00f6r f\u00f6retag som s\u00e4ljer kosttillskott.<\/p>\n\t<\/div>\n<\/section>\n\n<section class=\"white-section\">\n\t<div class=\"anchor\" id=\"cybercrime\"><\/div>\n\t<div class=\"section-inner\">\n\t\t<div class=\"flex reverse\">\n\t\t\t<div class=\"width41\"><img decoding=\"async\" src=\"\/wp-content\/uploads\/2023\/05\/dispute_pic2.jpg\" alt=\"Cybercrime\"><\/div>\n\t\t\t<div class=\"width51\">\n\t\t\t\t<h3>Cyberbrott<\/h3>\n\t\t\t\t<p class=\"mgb-middle\">F\u00f6r att p\u00e5skynda utredning och gripande av den japanska polisen ang\u00e5ende h\u00e4ndelser som obeh\u00f6rig \u00e5tkomst som intr\u00e4ffar i Japan, \u00e4r det effektivt att ha hj\u00e4lp av experter som \u00e4r v\u00e4l insatta i japanska brottm\u00e5lsf\u00f6rfaranden. Som en advokatbyr\u00e5 med expertis inom IT erbjuder vi juridiskt st\u00f6d f\u00f6r f\u00f6retag som har varit offer f\u00f6r cyberbrott som obeh\u00f6rig \u00e5tkomst och olaglig dataexfiltration, inklusive hj\u00e4lp med att l\u00e4mna in brottsanm\u00e4lningar och rapporter f\u00f6r att inleda brottsutredningar. Detta \u00e4r en av v\u00e5ra s\u00e4rskiljande egenskaper.<\/p>\n\t\t\t\t<div class=\"btn-area align-left\">\n\t\t\t\t\t<div class=\"btn icon-cybercrime\"><a href=\"\/sv\/cybercrime\">Cyberbrott<\/a><\/div>\n\t\t\t\t<\/div>\n\t\t\t<\/div>\n\t\t<\/div>\n\t<\/div>\n<\/section>\n\n<section class=\"white-section\">\n\t<div class=\"section-inner pdt0\">\n\t\t<div class=\"frame2 max-width860 txt-center-pc\">\n\t\t\t<p class=\"bold txt-l\">Vi kan ocks\u00e5 fungera som en &#8220;andra advokat&#8221; f\u00f6r ditt f\u00f6retags huvudverksamhet, genom att utnyttja v\u00e5ra styrkor i en separat kapacitet fr\u00e5n ditt f\u00f6retags huvudjuridiska r\u00e5dgivare.<\/p>\n\t\t<\/div>\n\t<\/div>\n<\/section>\n\n<section class=\"purple2-section\">\n\t<div class=\"anchor\" id=\"monolith-law-magazine\"><\/div>\n\t<div class=\"section-inner\">\n\t\t    <section class=\"white-section temp-article\">\n        <div class=\"section-inner\">\n            <h4>MONOLITH LAW MAGAZINE<\/h4>\n            <div class=\"articles type_practice_column\">\n                                                                    <div class=\"article article-area\">\n                        <figure>\n                            <div class=\"img-wrap\">\n                                <img alt=\"\u00c4r Googles omd\u00f6mesf\u00f6rmedling olaglig? En f\u00f6rklaring av relationen till lagen om marknadsf\u00f6ring och tillh\u00f6rande sanktioner\" src=\"https:\/\/monolith.law\/sv\/wp-content\/uploads\/sites\/29\/2025\/08\/18d044df35c4f42bb7e1507848a5e228.webp\" width=\"500\" height=\"250\">\n                            <\/div>\n                            <figcaption>\n                                <div class=\"figcaption-inner\">\n                                    <h3>\u00c4r Googles omd\u00f6mesf\u00f6rmedling olaglig? En f\u00f6rklaring av relationen till lagen om .<\/h3>\n                                <\/div>\n                            <\/figcaption>\n                            <a href=\"https:\/\/monolith.law\/sv\/it\/google-review-agency\"><\/a>\n                        <\/figure>\n                    <\/div>\n                                                    <div class=\"article article-area\">\n                        <figure>\n                            <div class=\"img-wrap\">\n                                <img alt=\"Vad \u00e4r AI-governance som f\u00f6retag b\u00f6r engagera sig i? F\u00f6rklaring av nyckelpunkter baserade p\u00e5 \"AI-operat\u00f6rernas riktlinjer\" src=\"https:\/\/monolith.law\/sv\/wp-content\/uploads\/sites\/29\/2025\/08\/fc5bc7fb09bf3639183f3d32651cd70f.webp\" width=\"500\" height=\"250\">\n                            <\/div>\n                            <figcaption>\n                                <div class=\"figcaption-inner\">\n                                    <h3>Vad \u00e4r AI-governance som f\u00f6retag b\u00f6r engagera sig i? F\u00f6rklaring av nyckelpunkter.<\/h3>\n                                <\/div>\n                            <\/figcaption>\n                            <a href=\"https:\/\/monolith.law\/sv\/it\/ai-business-guidelines-governance\"><\/a>\n                        <\/figure>\n                    <\/div>\n                                                    <div class=\"article article-area\">\n                        <figure>\n                            <div class=\"img-wrap\">\n                                <img alt=\"Kan skapandet av \"r\u00f6ster\" med AI leda till upphovsr\u00e4ttsintr\u00e5ng? (#2 Skapande och anv\u00e4ndningsfas)\" src=\"https:\/\/monolith.law\/sv\/wp-content\/uploads\/sites\/29\/2025\/08\/071c6dfda5192d917cf2d4cf6da39d6d.webp\" width=\"500\" height=\"250\">\n                            <\/div>\n                            <figcaption>\n                                <div class=\"figcaption-inner\">\n                                    <h3>Kan skapandet av \"r\u00f6ster\" med AI leda till upphovsr\u00e4ttsintr\u00e5ng? (#2 Skapande och.<\/h3>\n                                <\/div>\n                            <\/figcaption>\n                            <a href=\"https:\/\/monolith.law\/sv\/it\/ai-voice-copyright-2\"><\/a>\n                        <\/figure>\n                    <\/div>\n                                            <\/div>\n            <div class=\"btn-more\"><a href=\"https:\/\/monolith.law\/sv\/tag\/it\">Read More<\/a><\/div>\n        <\/div>\n    <\/section>\n\t<\/div>\n<\/section>\n\n<section class=\"orange2-section\">\n\t<div class=\"anchor\" id=\"fee-structure\"><\/div>\n\t<div class=\"section-inner\">\n\t\t<div class=\"planWrap\">\n\t\t\t<h3>Avgiftsstruktur<\/h3>\n\t\t\t<ul class=\"plan\">\n\t\t\t\t<li class=\"txt-left\">\n\t\t\t\t\t<div class=\"plan-inner\">\n\t\t\t\t\t<div class=\"plan-header\">\n\t\t\t\t\t\t<h4 class=\"plan-title\">Timtaxa<\/h4>\n\t\t\t\t\t\t<div class=\"plan-price\">\n\t\t\t\t\t\t\t<div class=\"plan-price\"><span class=\"price-figure\">$300<\/span>per timme<span class=\"price-value\"><\/span><\/div>\n<\/div>\n\t\t\t\t\t<\/div>\n\t\t\t\t\t<div class=\"plan-body\">\n\t\t\t\t\t\t<p>I vissa fall kan vi \u00f6verv\u00e4ga att acceptera ett tvistem\u00e5l eller en st\u00e4mning med en startavgift och en resultatbaserad avgift. F\u00f6r mer information, tveka inte att kontakta oss.<\/p>\n\t\t\t\t\t\t<p><\/p>\n\t\t\t\t\t\t<p class=\"txt-s\"><\/p>\n\t\t\t\t\t<\/div>\n\t\t\t\t\t<\/div>\n\t\t\t\t<\/li>\n\t\t\t\t<li class=\"txt-left\">\n\t\t\t\t\t<div class=\"plan-inner\">\n\t\t\t\t\t<div class=\"plan-header\">\n\t\t\t\t\t\t<h4 class=\"plan-title\">Uppr\u00e4ttande av Avtal<\/h4>\n\t\t\t\t\t\t<div class=\"plan-price\">\n\t\t\t\t\t\t<div class=\"plan-price\"><span class=\"price-value\">fr\u00e5n<\/span><span class=\"price-figure\">$500<\/span><span class=\"price-value\">till $2,000 eller mer<\/span><\/div>\n<\/div>\n\t\t\t\t\t<\/div>\n\t\t\t\t\t<div class=\"plan-body\">\n\t\t\t\t\t\t<p>The pricing structure is subject to variation based on the type and quantity of contracts. We are pleased to offer a preliminary estimate upon inquiry, thereby encouraging you to reach out to us for further details.\n<\/p>\n\t\t\t\t\t\t<p class=\"txt-s\"><\/p>\n\t\t\t\t\t<\/div>\n\t\t\t\t\t<\/div>\n\t\t\t\t<\/li>\n\t\t\t\t<li class=\"txt-left\">\n\t\t\t\t\t<div class=\"plan-inner\">\n\t\t\t\t\t<div class=\"plan-header\">\n\t\t\t\t\t<h4 class=\"plan-title\">\u00d6vriga Tj\u00e4nster<\/h4>\n\t\t\t\t\t<div class=\"plan-price\">\n\t\t\t\t\t\t<div class=\"plan-price\"><span class=\"price-figure\">Kontakta Oss<\/span><\/div>\n\t\t\t\t\t<\/div>\n\t\t\t\t\t<div class=\"plan-body\">\n\t\t\t\t\t\t<p>Vi erbjuder ett brett utbud av tj\u00e4nster inklusive bolagsbildning, granskning av avtal, juridiska yttranden, fallgenomg\u00e5ngar eller forskningsbrev. Om du har n\u00e5gra fr\u00e5gor eller funderingar, inbjuder vi dig hj\u00e4rtligt att kontakta oss och v\u00e5rt kunniga team kommer g\u00e4rna att assistera dig.<\/p>\n\t\t\t\t\t\t<p>\n<\/p>\n\t\t\t\t\t\t<p class=\"txt-s\"><\/p>\n\t\t\t\t\t<\/div>\n\t\t\t\t\t<\/div>\n\t\t\t\t<\/li>\n\t\t\t<\/ul>\n\t\t<\/div>\n\t<\/div>\n<\/section>\n<section class=\"white-section\">\n\t<div class=\"section-inner\">\n\t\t<div class=\"btn-area\">\n\t\t\t<div class=\"btn icon-contact\"><a href=\"\/sv\/contact\">Kontakta Oss<\/a><\/div>\n\t\t<\/div>\n\t<\/div>\n<\/section>\n","protected":false},"excerpt":{"rendered":"<p>IT I ett samh\u00e4lle d\u00e4r tekniken utvecklas snabbt \u00e4r det avg\u00f6rande f\u00f6r f\u00f6retagsjurister i Japan att ha en djup f\u00f6rst\u00e5else f\u00f6r f\u00f6retagets IT och IP. V\u00e5r styrka ligger i v\u00e5rt team av specialister inom det [&hellip;]<\/p>\n","protected":false},"author":1,"featured_media":57140,"parent":0,"menu_order":0,"comment_status":"closed","ping_status":"closed","template":"non-other-page-temp.php","meta":{"footnotes":""},"acf":[],"_links":{"self":[{"href":"https:\/\/monolith.law\/sv\/wp-json\/wp\/v2\/pages\/56075"}],"collection":[{"href":"https:\/\/monolith.law\/sv\/wp-json\/wp\/v2\/pages"}],"about":[{"href":"https:\/\/monolith.law\/sv\/wp-json\/wp\/v2\/types\/page"}],"author":[{"embeddable":true,"href":"https:\/\/monolith.law\/sv\/wp-json\/wp\/v2\/users\/1"}],"replies":[{"embeddable":true,"href":"https:\/\/monolith.law\/sv\/wp-json\/wp\/v2\/comments?post=56075"}],"version-history":[{"count":30,"href":"https:\/\/monolith.law\/sv\/wp-json\/wp\/v2\/pages\/56075\/revisions"}],"predecessor-version":[{"id":62725,"href":"https:\/\/monolith.law\/sv\/wp-json\/wp\/v2\/pages\/56075\/revisions\/62725"}],"wp:featuredmedia":[{"embeddable":true,"href":"https:\/\/monolith.law\/sv\/wp-json\/wp\/v2\/media\/57140"}],"wp:attachment":[{"href":"https:\/\/monolith.law\/sv\/wp-json\/wp\/v2\/media?parent=56075"}],"curies":[{"name":"wp","href":"https:\/\/api.w.org\/{rel}","templated":true}]}}