{"id":56080,"date":"2023-11-05T23:50:59","date_gmt":"2023-11-05T14:50:59","guid":{"rendered":"https:\/\/monolith.law\/sv\/?page_id=56080"},"modified":"2024-08-14T13:15:30","modified_gmt":"2024-08-14T04:15:30","slug":"internet","status":"publish","type":"page","link":"https:\/\/monolith.law\/sv\/internet","title":{"rendered":"Internet"},"content":{"rendered":"\n<section class=\"heading-area\">\n\t<div class=\"heading-area-inner\">\n\t\t<h2 class=\"icon-internet\">Internet<\/h2>\n\t\t<p>Som en juridisk byr\u00e5 med stark IT-kompetens har vi en bepr\u00f6vad erfarenhet av att tillhandah\u00e5lla omfattande juridiskt st\u00f6d till entrepren\u00f6rer inom internetindustrin, inklusive YouTubers. Vi \u00e4r ocks\u00e5 specialiserade p\u00e5 att hantera tvister relaterade till onlineplattformar och har framg\u00e5ngsrikt hj\u00e4lpt klienter med att ta bort negativa webbsidor och l\u00f6sa onlinekonflikter.<\/p>\n\t<\/div>\n<\/section>\n\n<section class=\"white-section\">\n\t<div class=\"section-inner pdt0  border-bottom-section\">\n\t\t<p class=\"mgb-small\">MONOLITH LAW OFFICE, med sin omfattande erfarenhet av juridiska fr\u00e5gor relaterade till IT, \u00e4r s\u00e4rskilt kunnig i att st\u00f6dja internetbaserade f\u00f6retag, inklusive YouTubers och f\u00f6retag som bedriver YouTube-relaterade aktiviteter.<\/p>\n\t\t<p>Vi f\u00f6rst\u00e5r de inneboende riskerna med internet, s\u00e5som negativa webbsidor och inl\u00e4gg p\u00e5 onlineannonstavlor. V\u00e5r byr\u00e5 har framg\u00e5ngsrikt hanterat m\u00e5nga fall som involverar hantering av online rykte f\u00f6r en m\u00e5ngfald av klienter, fr\u00e5n enskilda individer till stora f\u00f6retag. Negativa webbsidor utg\u00f6r en unik juridisk utmaning i Japan, och v\u00e5ra kvalificerade advokater \u00e4r rustade f\u00f6r att erbjuda effektiva l\u00f6sningar. Vi ser fram emot att konsultera med dig och anv\u00e4nda v\u00e5r expertis och erfarenhet f\u00f6r att l\u00f6sa problem relaterade till negativa webbsidor.<\/p>\n\t<\/div>\n<\/section>\n\n<section class=\"second-nav\">\n\t<div class=\"second-nav-inner\">\n\t\t<p>\u00c4MNEN<\/p>\n\t\t<nav>\n\t\t\t<ul>\n\t\t\t\t<li><a href=\"#legal-support-for-youtuber\">Juridiskt st\u00f6d f\u00f6r YouTuber<\/a><\/li>\n\t\t\t\t<li><a href=\"#legal-support-for-vtuber\">Juridiskt st\u00f6d f\u00f6r VTuber<\/a><\/li>\n\t\t\t\t<li><a href=\"#manda-of-sns-accounts\">M&amp;A av SNS-konton<\/a><\/li>\n\t\t\t\t<li><a href=\"#mitigating-reputational-damage\">Minska reputationsm\u00e4ssig skada<\/a><\/li>\n\t\t\t\t<li><a href=\"#id-of-the-defamatory-statement\">Identifiering av f\u00f6rtal<\/a><\/li>\n\t\t\t\t<li><a href=\"#corporate-reputation-management\">F\u00f6retagsreputationshantering<\/a><\/li>\n\t\t\t\t<li><a href=\"#removal-of-past-unwanted-info\">Borttagning av tidigare o\u00f6nskad information<\/a><\/li>\n\t\t\t\t<li><a href=\"#monolith-law-magazine\">MONOLITH LAW MAGAZINE<\/a><\/li>\n\t\t\t\t<li><a href=\"#fee-structure\">Prisstruktur<\/a><\/li>\n\t\t\t<\/ul>\n\t\t<\/nav>\n\t<\/div>\n<\/section>\n\n<section class=\"purple-section mgt-section\">\n\t<div class=\"anchor\" id=\"legal-support-for-youtuber\"><\/div>\n\t<div class=\"section-inner\">\n\t\t<div class=\"flex\">\n\t\t\t<div class=\"width41\"><img decoding=\"async\" src=\"\/wp-content\/themes\/monolith2021\/img\/pic\/pic_practices-youtuberlaw.jpg\" alt=\"Juridiskt st\u00f6d f\u00f6r YouTuber\"><\/div>\n\t\t\t<div class=\"width51\">\n\t\t\t\t<h3>R\u00e4ttsligt st\u00f6d f\u00f6r YouTuber<\/h3>\n\t\t\t\t<p class=\"mgb-small\">YouTube-kanaler som hanteras av YouTuber-agenturer, f\u00f6retag som driver virtuella YouTubers (VTubers) och aff\u00e4rsf\u00f6retag beh\u00f6ver alla juridiska r\u00e5dgivare med specialiserad kunskap och erfarenhet i Japan.<\/p>\n\t\t\t\t<p class=\"mgb-middle\">V\u00e5ra klienter inkluderar stora japanska YouTuber-hanteringsf\u00f6retag, framst\u00e5ende individuella YouTubers och olika VTubers aff\u00e4rsledningsf\u00f6retag \u00f6ver hela Japan. Vi erbjuder ocks\u00e5 mycket specialiserat st\u00f6d i utformning och granskning av YouTuber och VTuber-relaterade kontrakt och hantering av juridiska fr\u00e5gor relaterade till videoproduktion i Japan.<\/p>\n\t\t\t\t<div class=\"btn-area align-left\">\n\t\t\t\t\t<div class=\"btn icon-legal-support-for-youtuber\"><a href=\"\/sv\/legal-support-for-youtuber\/\">R\u00e4ttsligt st\u00f6d<br>f\u00f6r YouTuber<\/a><\/div>\n\t\t\t\t<\/div>\n\t\t\t<\/div>\n\t\t<\/div>\n\t<\/div>\n<\/section>\n\n<section class=\"white-section\">\n\t<div class=\"anchor\" id=\"legal-support-for-vtuber\"><\/div>\n\t<div class=\"section-inner\">\n\t\t<div class=\"flex reverse\">\n\t\t\t<div class=\"width41\"><img decoding=\"async\" src=\"\/wp-content\/themes\/monolith2021\/img\/vtuberlaw\/pic_practices-vtuberlaw.jpg\" alt=\"R\u00e4ttsligt st\u00f6d f\u00f6r VTuber\"><\/div>\n\t\t\t<div class=\"width51\">\n\t\t\t\t<h3>R\u00e4ttsligt st\u00f6d f\u00f6r VTuber<\/h3>\n\t\t\t\t<p class=\"mgb-small\">Populariteten hos VTubers, YouTubers som anv\u00e4nder 2D- eller 3D-avatarer f\u00f6r att skapa videor och livestreams, har blivit v\u00e4l etablerad. Det b\u00f6rjade i Japan och har nu spridit sig till l\u00e4nder runt om i v\u00e4rlden.<\/p>\n\t\t\t\t<p class=\"mgb-middle\">Sedan 2017 har vi hanterat r\u00e4ttsliga fr\u00e5gor f\u00f6r VTubers i Japan, och vi har samlat en rik erfarenhet och en solid meritlista. Vi \u00e4r helt engagerade i att erbjuda omfattande st\u00f6d till VTubers och deras anknutna f\u00f6retag och byr\u00e5er \u00f6ver hela v\u00e4rlden.<\/p>\n\t\t\t\t<div class=\"btn-area align-left\">\n\t\t\t\t\t<div class=\"btn icon-legal-support-for-vtuber\"><a href=\"\/sv\/legal-support-for-vtuber\/\">R\u00e4ttsligt st\u00f6d<br>f\u00f6r VTuber<\/a><\/div>\n\t\t\t\t<\/div>\n\t\t\t<\/div>\n\t\t<\/div>\n\t<\/div>\n<\/section>\n\n<section class=\"white-section\">\n\t<div class=\"anchor\" id=\"manda-of-sns-accounts\"><\/div>\n\t<div class=\"section-inner\">\n\t\t<div class=\"flex\">\n\t\t\t<div class=\"width41\"><img decoding=\"async\" src=\"\/wp-content\/themes\/monolith2021\/img\/pic\/pic_sns_manda.jpg\" alt=\"M&amp;A av SNS-konton\"><\/div>\n\t\t\t<div class=\"width51\">\n\t\t\t\t<h3>M&amp;A av SNS-konton<\/h3>\n\t\t\t\t<p class=\"mgb-small\">Liksom med webbplatser, kan \u00e4ven YouTube-kanaler och Twitter-konton vara f\u00f6rem\u00e5l f\u00f6r M&amp;A. Men eftersom dessa M&amp;A \u00e4r speciella fall, kr\u00e4vs en advokatbyr\u00e5 med specialiserad kunskap och know-how. Monolith Law Office \u00e4r en advokatbyr\u00e5 som specialiserar sig p\u00e5 IT, internet och aff\u00e4rer. V\u00e5ra advokater hanterar allt fr\u00e5n kontraktsutformning till due diligence (DD) f\u00f6r m\u00e5nga M&amp;A, fr\u00e5n sm\u00e5 projekt som involverar YouTube-kanaler till projekt som \u00f6verstiger 100 miljoner yen.<\/p>\n\t\t\t\t<div class=\"btn-area align-left\">\n\t\t\t\t\t<div class=\"btn icon-m-and-a-of-sns-accounts\"><a href=\"\/sv\/m-and-a-of-sns-accounts\/\">M&amp;A av SNS-konton<\/a><\/div>\n\t\t\t\t<\/div>\n\n\t\t\t<\/div>\n\t\t<\/div>\n\t<\/div>\n<\/section>\n\n<section class=\"purple-section\">\n\t<div class=\"anchor\" id=\"mitigating-reputational-damage\"><\/div>\n\t<div class=\"section-inner\">\n\t\t<div class=\"flex reverse\">\n\t\t\t<div class=\"width41\"><img decoding=\"async\" src=\"\/wp-content\/themes\/monolith2021\/img\/pic\/pic_practices-reputation.jpg\" alt=\"Mitigating Reputational Damage\"><\/div>\n\t\t\t<div class=\"width51\">\n\t\t\t\t<h3>Att minska skada p\u00e5 ryktet<\/h3>\n\t\t\t\t<p class=\"mgb-small\">Negativa webbsidor som riktar attacker mot f\u00f6retag eller individer kan ha skadliga effekter p\u00e5 deras rykte. Dock erbjuder japansk lagstiftning m\u00f6jligheter att ta bort s\u00e5dana webbsidor om de utg\u00f6r f\u00f6rtal eller intr\u00e5ng i privatlivet. P\u00e5 MONOLITH LAW OFFICE \u00e4r vi specialiserade p\u00e5 juridiska fr\u00e5gor relaterade till internet och har framg\u00e5ngsrikt hanterat m\u00e5nga fall som involverar borttagning av skadlig information fr\u00e5n n\u00e4tet.<\/p>\n\t\t\t\t<p class=\"mgb-middle\">Med v\u00e5r starka erfarenhet av internet och djupg\u00e5ende f\u00f6rst\u00e5else f\u00f6r japanska juridiska principer har v\u00e5rt engagerade team bist\u00e5tt ett brett spektrum av klienter, inklusive stora f\u00f6retag och enskilda individer, i att effektivt bek\u00e4mpa negativa webbsidor. Genom strategiska juridiska ingripanden arbetar vi omsorgsfullt f\u00f6r att skydda v\u00e5ra klienters rykten och minska skadan som orsakats av f\u00f6rtalande eller privatlivskr\u00e4nkande inneh\u00e5ll.<\/p>\n\t\t\t\t<div class=\"btn-area align-left\">\n\t\t\t\t\t<div class=\"btn icon-mitigating-reputational-damage\"><a href=\"\/sv\/mitigating-reputational-damage\/\">Minska<br>Reputationsskada<\/a><\/div>\n\t\t\t\t<\/div>\n\t\t\t<\/div>\n\t\t<\/div>\n\t<\/div>\n<\/section>\n\n<section class=\"white-section\">\n\t<div class=\"anchor\" id=\"id-of-the-defamatory-statement\"><\/div>\n\t<div class=\"section-inner\">\n\t\t<div class=\"flex\">\n\t\t\t<div class=\"width41\"><img decoding=\"async\" src=\"\/wp-content\/themes\/monolith2021\/img\/pic\/pic_reputation.jpg\" alt=\"K\u00e4llkod f\u00f6r f\u00f6rtalande uttalande\"><\/div>\n\t\t\t<div class=\"width51\">\n\t\t\t\t<h3>Identifiering av f\u00f6rtalande uttalande<\/h3>\n\t\t\t\t<p class=\"mgb-small\">Enligt japansk lag kan identifiering av individer som ansvarar f\u00f6r olagliga inl\u00e4gg, s\u00e5som de som utg\u00f6r f\u00f6rtal, f\u00f6rf\u00f6ljas genom best\u00e4mmelserna i den japanska &#8220;Provider Liability Limitation Act&#8221; (Lagen om begr\u00e4nsning av leverant\u00f6rsansvar). Denna r\u00e4ttsliga procedur genomf\u00f6rs i en japansk domstol.<\/p>\n\t\t\t\t<p class=\"mgb-middle\">I fall som involverar h\u00f6gst illvilliga inl\u00e4gg som inte kan ignoreras, s\u00e5som falska anklagelser som kopplar en f\u00f6retags\u00e4gare till antisociala krafter, \u00e4r det avg\u00f6rande att identifiera f\u00f6r\u00f6varna och s\u00f6ka l\u00e4mpliga r\u00e4ttsliga sanktioner. Dessutom, n\u00e4r olagliga inl\u00e4gg sker ih\u00e5llande, b\u00f6r anstr\u00e4ngningar g\u00f6ras f\u00f6r att identifiera och f\u00f6rhindra \u00e5terkommande.<\/p>\n\t\t\t\t<div class=\"btn-area align-left\">\n\t\t\t\t\t<div class=\"btn icon-id-of-the-defamatory-statement\"><a href=\"\/sv\/id-of-the-defamatory-statement\/\">Identifiering av f\u00f6rtalande<br>uttalande<\/a><\/div>\n\t\t\t\t<\/div>\n\t\t\t<\/div>\n\t\t<\/div>\n\t<\/div>\n<\/section>\n\n<section class=\"orange-section\">\n\t<div class=\"anchor\" id=\"corporate-reputation-management\"><\/div>\n\t<div class=\"section-inner\">\n\t\t<div class=\"flex reverse\">\n\t\t\t<div class=\"width41\"><img decoding=\"async\" src=\"\/en\/wp-content\/uploads\/sites\/6\/2023\/06\/pic_practices-listedcompany.jpg\" alt=\"F\u00f6retags rykteshantering\"><\/div>\n\t\t\t<div class=\"width51\">\n\t\t\t\t<h3>F\u00f6retagsreputationshantering<\/h3>\n\t\t\t\t<p class=\"mgb-small\">N\u00e4r ett stort f\u00f6retag st\u00e5r inf\u00f6r skador p\u00e5 sitt rykte p\u00e5 grund av ett stort antal negativa webbsidor p\u00e5 internet, blir det komplicerat att hantera problemet. Att prioritera vilka sidor som ska tas bort och att bed\u00f6ma kostnadseffektiviteten i borttagningsinsatserna utg\u00f6r betydande utmaningar. Som en advokatbyr\u00e5 utrustad med b\u00e5de juridisk expertis och IT-konsultation, erbjuder vi omfattande l\u00f6sningar anpassade till dessa komplexa problemscenarier.<\/p>\n\t\t\t\t<p>V\u00e5rt team av advokater och IT-konsulter tillhandah\u00e5ller expertis inom prioritering, utformning av nyckelprestationsindikatorer (KPI:er) och uppskattning av kostnadsnyttof\u00f6rh\u00e5llanden i relation till budgetf\u00f6rdelning. Vi n\u00e4rmar oss situationen p\u00e5 ett liknande s\u00e4tt som konsultf\u00f6retag, och erbjuder strategisk v\u00e4gledning och analys f\u00f6r att effektivt navigera i processen.<\/p>\n\t\t\t<\/div>\n\t\t<\/div>\n\t<\/div>\n<\/section>\n\n<section class=\"white-section\">\n\t<div class=\"anchor\" id=\"removal-of-past-unwanted-info\"><\/div>\n\t<div class=\"section-inner\">\n\t\t<div class=\"flex\">\n\t\t\t<div class=\"width41\"><img decoding=\"async\" src=\"\/en\/wp-content\/uploads\/sites\/6\/2023\/06\/pastunwantedcontent.jpg\" alt=\"Borttagning av tidigare o\u00f6nskat inneh\u00e5ll\"><\/div>\n\t\t\t<div class=\"width51\">\n\t\t\t\t<h3>Borttagning av o\u00f6nskad tidigare information<\/h3>\n\t\t\t\t<p class=\"mgb-small\">MONOLITH LAW OFFICE specialiserar sig p\u00e5 att l\u00f6sa utmaningen med att hantera ens online-n\u00e4rvaro, s\u00e4rskilt f\u00f6r individer involverade i underh\u00e5llningsindustrin. Vi f\u00f6rst\u00e5r att information, b\u00e5de officiell och inofficiell, kan ha en varaktig inverkan p\u00e5 personliga och professionella liv. V\u00e5r firma erbjuder omfattande l\u00f6sningar f\u00f6r att hantera dessa problem, genom att anv\u00e4nda en unik kombination av juridisk expertis och informationsteknologi. Oavsett om det handlar om att ta bort o\u00f6nskat inneh\u00e5ll, hantera digitala fotavtryck, eller navigera &#8220;r\u00e4tten att bli gl\u00f6md&#8221; fr\u00e5gor, erbjuder vi en helhetsl\u00f6sning f\u00f6r att skydda ditt online-rykte.<\/p>\n\t\t\t\t<p>Lita p\u00e5 MONOLITH LAW OFFICE f\u00f6r att skydda din integritet och s\u00e4kerst\u00e4lla en s\u00f6ml\u00f6s \u00f6verg\u00e5ng till dina framtida str\u00e4vanden.<\/p>\n\t\t\t<\/div>\n\t\t<\/div>\n\t<\/div>\n<\/section>\n\n<section class=\"purple2-section\">\n\t<div class=\"anchor\" id=\"monolith-law-magazine\"><\/div>\n\t<div class=\"section-inner\">\n\t\t    <section class=\"white-section temp-article\">\n        <div class=\"section-inner\">\n            <h4>MONOLITH LAW MAGAZINE<\/h4>\n            <div class=\"articles type_practice_column\">\n                                                                    <div class=\"article article-area\">\n                        <figure>\n                            <div class=\"img-wrap\">\n                                <img alt=\"L\u00e4rdomar om patentintr\u00e5ng och territorialitetsprincipen fr\u00e5n r\u00e4ttstvisten mellan Dwango och FC2\" src=\"https:\/\/monolith.law\/sv\/wp-content\/uploads\/sites\/29\/2025\/08\/3d197fbdd689457ec22de396ff65b2df.webp\" width=\"500\" height=\"250\">\n                            <\/div>\n                            <figcaption>\n                                <div class=\"figcaption-inner\">\n                                    <h3>L\u00e4rdomar om patentintr\u00e5ng och territorialitetsprincipen fr\u00e5n r\u00e4ttstvisten mellan.<\/h3>\n                                <\/div>\n                            <\/figcaption>\n                            <a href=\"https:\/\/monolith.law\/sv\/internet\/patent-infringement-territoriality\"><\/a>\n                        <\/figure>\n                    <\/div>\n                                                    <div class=\"article article-area\">\n                        <figure>\n                            <div class=\"img-wrap\">\n                                <img alt=\"Hur l\u00e5ngt str\u00e4cker sig toleransen f\u00f6r liknande varum\u00e4rken? En genomg\u00e5ng av kriterierna f\u00f6r likhet och n\u00e4r det utg\u00f6r varum\u00e4rkesintr\u00e5ng.\" src=\"https:\/\/monolith.law\/sv\/wp-content\/uploads\/sites\/29\/2025\/08\/eac576e0765af2cac6d210d899b2d93d.webp\" width=\"500\" height=\"250\">\n                            <\/div>\n                            <figcaption>\n                                <div class=\"figcaption-inner\">\n                                    <h3>Hur l\u00e5ngt str\u00e4cker sig toleransen f\u00f6r liknande varum\u00e4rken? En genomg\u00e5ng av krite.<\/h3>\n                                <\/div>\n                            <\/figcaption>\n                            <a href=\"https:\/\/monolith.law\/sv\/internet\/trademark-infringement\"><\/a>\n                        <\/figure>\n                    <\/div>\n                                                    <div class=\"article article-area\">\n                        <figure>\n                            <div class=\"img-wrap\">\n                                <img alt=\"Vad \u00e4r det juridiska ansvaret f\u00f6r spridning och vidarebefordran av falska rykten? En f\u00f6rklaring av tv\u00e5 typer av straffansvar utifr\u00e5n exempel p\u00e5 gripanden\" src=\"https:\/\/monolith.law\/sv\/wp-content\/uploads\/sites\/29\/2025\/08\/7d8b9299c2a15a801c04913ba0d80d99.webp\" width=\"500\" height=\"250\">\n                            <\/div>\n                            <figcaption>\n                                <div class=\"figcaption-inner\">\n                                    <h3>Vad \u00e4r det juridiska ansvaret f\u00f6r spridning och vidarebefordran av falska rykten.<\/h3>\n                                <\/div>\n                            <\/figcaption>\n                            <a href=\"https:\/\/monolith.law\/sv\/internet\/false-information-criminal-liability\"><\/a>\n                        <\/figure>\n                    <\/div>\n                                            <\/div>\n            <div class=\"btn-more\"><a href=\"https:\/\/monolith.law\/sv\/tag\/internet\">Read More<\/a><\/div>\n        <\/div>\n    <\/section>\n\t<\/div>\n<\/section>\n\n<section class=\"orange2-section\">\n\t<div class=\"anchor\" id=\"fee-structure\"><\/div>\n\t<div class=\"section-inner\">\n\t<div class=\"planWrap\">\n\t<h3>Avgiftsstruktur<\/h3>\n\t<ul class=\"plan\">\n\t\t<li class=\"txt-left\">\n\t\t\t<div class=\"plan-inner\">\n\t\t\t<div class=\"plan-header\">\n\t\t\t<h4 class=\"plan-title\">Timtaxa<\/h4>\n\t\t\t<div class=\"plan-price\"><span class=\"price-figure\">$300<\/span>per timme<span class=\"price-tax\"><\/span><\/div>\n\t\t\t<\/div>\n\t\t\t<div class=\"plan-body\">I vissa fall kan vi \u00f6verv\u00e4ga att acceptera en tvist eller ett m\u00e5l med en startavgift och en resultatbaserad avgift. F\u00f6r mer information, tveka inte att kontakta oss.<\/div>\n\t\t\t<\/div>\n\t\t<\/li>\n\t\t<li class=\"txt-left\">\n\t\t\t<div class=\"plan-inner\">\n\t\t\t<div class=\"plan-header\">\n\t\t\t<h4 class=\"plan-title\">Uppr\u00e4ttande av Avtal<\/h4>\n\t\t\t<div class=\"plan-price\"><span class=\"price-value\">fr\u00e5n<\/span><span class=\"price-figure\">$500<\/span><span class=\"price-value\">till $2,000 eller mer<\/span><span class=\"price-tax\"><\/span><\/div>\n\t\t\t<\/div>\n\t\t\t<div class=\"plan-body\">Prisstrukturen kan variera beroende p\u00e5 typ och m\u00e4ngd av avtal. Vi erbjuder g\u00e4rna en prelimin\u00e4r kostnadsuppskattning vid f\u00f6rfr\u00e5gan, s\u00e5 vi uppmuntrar dig att kontakta oss f\u00f6r ytterligare information.<\/div>\n\t\t\t<\/div>\n\t\t<\/li>\n\t\t<li class=\"txt-left\">\n\t\t\t<div class=\"plan-inner\">\n\t\t\t<div class=\"plan-header\">\n\t\t\t<h4 class=\"plan-title\">\u00d6vriga Tj\u00e4nster<\/h4>\n\t\t\t<div class=\"plan-price\"><span class=\"price-figure\">Kontakta Oss<\/span><\/div>\n\t\t\t<\/div>\n\t\t\t<div class=\"plan-body\">Vi erbjuder ett brett utbud av tj\u00e4nster inklusive bolagsbildning, granskning av avtal, juridiska yttranden, fallgenomg\u00e5ngar eller forskningsbrev. Om du har n\u00e5gra fr\u00e5gor eller funderingar, inbjuder vi dig hj\u00e4rtligt att kontakta oss och v\u00e5rt kunniga team kommer g\u00e4rna att assistera dig.<\/div>\n\t\t\t<\/div>\n\t\t\t<\/div>\n\t\t<\/li>\n\t<\/ul>\n\t<\/div>\n\t<\/div>\n<\/section>\n\n<section class=\"white-section\">\n\t<div class=\"section-inner\">\n\t\t<div class=\"btn-area\">\n\t\t\t<div class=\"btn icon-contact\"><a href=\"\/sv\/contact\">Kontakta Oss<\/a><\/div>\n\t\t<\/div>\n\t<\/div>\n<\/section>\n","protected":false},"excerpt":{"rendered":"<p>Internet Som en juridisk byr\u00e5 med stark IT-kompetens har vi en bepr\u00f6vad erfarenhet av att tillhandah\u00e5lla omfattande juridiskt st\u00f6d till entrepren\u00f6rer inom internetindustrin, inklusive YouTubers. Vi \u00e4r [&hellip;]<\/p>\n","protected":false},"author":1,"featured_media":57159,"parent":0,"menu_order":0,"comment_status":"closed","ping_status":"closed","template":"other-page-temp.php","meta":{"footnotes":""},"acf":[],"_links":{"self":[{"href":"https:\/\/monolith.law\/sv\/wp-json\/wp\/v2\/pages\/56080"}],"collection":[{"href":"https:\/\/monolith.law\/sv\/wp-json\/wp\/v2\/pages"}],"about":[{"href":"https:\/\/monolith.law\/sv\/wp-json\/wp\/v2\/types\/page"}],"author":[{"embeddable":true,"href":"https:\/\/monolith.law\/sv\/wp-json\/wp\/v2\/users\/1"}],"replies":[{"embeddable":true,"href":"https:\/\/monolith.law\/sv\/wp-json\/wp\/v2\/comments?post=56080"}],"version-history":[{"count":28,"href":"https:\/\/monolith.law\/sv\/wp-json\/wp\/v2\/pages\/56080\/revisions"}],"predecessor-version":[{"id":69077,"href":"https:\/\/monolith.law\/sv\/wp-json\/wp\/v2\/pages\/56080\/revisions\/69077"}],"wp:featuredmedia":[{"embeddable":true,"href":"https:\/\/monolith.law\/sv\/wp-json\/wp\/v2\/media\/57159"}],"wp:attachment":[{"href":"https:\/\/monolith.law\/sv\/wp-json\/wp\/v2\/media?parent=56080"}],"curies":[{"name":"wp","href":"https:\/\/api.w.org\/{rel}","templated":true}]}}