{"id":25864,"date":"2023-11-11T23:30:39","date_gmt":"2023-11-11T14:30:39","guid":{"rendered":"https:\/\/monolith.law\/?page_id=25864"},"modified":"2024-01-17T18:48:15","modified_gmt":"2024-01-17T09:48:15","slug":"access","status":"publish","type":"page","link":"https:\/\/monolith.law\/tr\/access","title":{"rendered":"Eri\u015fim"},"content":{"rendered":"\n<section class=\"heading-area\">\n\t<div class=\"heading-area-inner\">\n\t\t<h2 class=\"icon-access\">Eri\u015fim<\/h2>\n\t<\/div>\n<\/section>\n<section class=\"second-nav\">\n\t<div class=\"second-nav-inner\">\n\t\t<p>KONULAR<\/p>\n\t\t<nav>\n\t\t\t<ul>\n\t\t\t\t<li><a href=\"#law-firm-with-strength-in-it-internet-and-business\">IT, \u0130nternet ve \u0130\u015f D\u00fcnyas\u0131nda G\u00fc\u00e7l\u00fc Hukuk Firmas\u0131<\/a><\/li>\n\t\t\t\t<li><a href=\"#access-map\">Eri\u015fim Haritas\u0131<\/a><\/li>\n\t\t\t\t<li><a href=\"#expansion-and-relocation-to-otemachi-financial-city\">Otemachi Finans \u015eehrine Geni\u015fleme ve Ta\u015f\u0131nma<\/a><\/li>\n\t\t\t<\/ul>\n\t\t<\/nav>\n\t<\/div>\n<\/section>\n<section class=\"white-section\">\n\t<div class=\"anchor\" id=\"law-firm-with-strength-in-it-internet-and-business\"><\/div>\n\t<div class=\"section-inner\">\n\t\t<div class=\"flex\">\n\t\t\t<div class=\"width41\"><img decoding=\"async\" src=\"\/wp-content\/themes\/monolith2021\/img\/access\/access_pic1.jpg\" alt=\"IT, \u0130nternet ve \u0130\u015f D\u00fcnyas\u0131nda G\u00fc\u00e7l\u00fc Hukuk Firmas\u0131\"><\/div>\n\t\t\t<div class=\"width51\">\n\t\t\t\t<h3>IT, \u0130nternet ve \u0130\u015f D\u00fcnyas\u0131nda G\u00fc\u00e7l\u00fc<br>Hukuk B\u00fcrosu.<\/h3>\n\t\t\t\t<p class=\"mgb-small\">MONOLITH LAW OFFICE, Japonya&#8217;n\u0131n Tokyo \u015fehri, Chiyoda-ku, Otemachi b\u00f6lgesinde yer alan bir hukuk b\u00fcrosudur. Otemachi \u0130stasyonu&#8217;na do\u011frudan ba\u011flant\u0131s\u0131 bulunmakta ve Tokyo \u0130stasyonu&#8217;na yedi dakikal\u0131k y\u00fcr\u00fcme mesafesindedir.<\/p>\n\t\t\t\t<p class=\"mgb-small\">TSE prime&#8217;da listelenen \u015firketlerden, tohum a\u015famas\u0131ndaki giri\u015fim firmalar\u0131na kadar 1087 \u015firkete, y\u00f6netim kurulu \u00fcyeleri, icra kurulu \u00fcyeleri vb. ile \u00e7e\u015fitli s\u00f6zle\u015fmeler kapsam\u0131nda hukuki dan\u0131\u015fmanl\u0131k hizmeti verdik. IT\/\u0130nternet ile ilgili \u00e7al\u0131\u015fmalar\u0131m\u0131z, itibar zarar\u0131n\u0131n \u00f6nlenmesi, karalama kar\u015f\u0131t\u0131 faaliyetler ve sistem geli\u015ftirme ile ilgili uyu\u015fmazl\u0131klar\u0131 i\u00e7ermektedir. Ayr\u0131ca, TSE listesinde yer alan \u015firketler taraf\u0131ndan yap\u0131lan 100 milyon yen veya daha fazla yat\u0131r\u0131mlar\u0131 ve giri\u015fim \u015firketleri taraf\u0131ndan ger\u00e7ekle\u015ftirilen M&#038;A i\u015flemlerini i\u00e7eren startup \u015firketlerine y\u00f6nelik hukuki hizmetler de sunmaktay\u0131z. \u015eimdiye kadar 1855 m\u00fc\u015fteriye hukuki hizmet sa\u011flam\u0131\u015f bulunmaktay\u0131z.<\/p>\n\t\t\t\t<p class=\"mgb-middle\">&#8220;IT ve i\u015f d\u00fcnyas\u0131n\u0131 anlamak&#8221; bizi \u00f6zel k\u0131lan \u015feydir.<\/p>\n\t\t\t\t<div class=\"btn-area\">\n\t\t\t\t\t<div class=\"btn icon-services\"><a href=\"\/tr\/services\">Hizmetler<\/a><\/div>\n\t\t\t\t\t<div class=\"btn icon-overview-of-our-firm\"><a href=\"\/tr\/overview-of-our-firm\">Firmam\u0131z Hakk\u0131nda<\/a><\/div>\n\t\t\t\t<\/div>\n\t\t\t<\/div>\n\t\t<\/div>\n\t<\/div>\n<\/section>\n<section class=\"purple-section\">\n\t<div class=\"anchor\" id=\"access-map\"><\/div>\n\t<div class=\"section-inner\">\n\t\t<div class=\"flex reverse\">\n\t\t\t<div class=\"width41\"><img decoding=\"async\" src=\"\/wp-content\/themes\/monolith2021\/img\/about\/about_pic2.jpg\" alt=\"MONOLITH LAW OFFICE\"><\/div>\n\t\t\t<div class=\"width51\">\n\t\t\t\t<h3>MONOLITH LAW OFFICE (Otemachi ofisi)<\/h3>\n\t\t\t\t<p><a href=\"https:\/\/goo.gl\/maps\/YfcgPhBgXFyg1hHF6\" target=\"_blank\" rel=\"noopener noreferrer\">21\/F Financial City North Tower 1-9-5 Otemachi, Chiyoda-ku Tokyo 100-0004, Japan <\/a><\/p>\n\t\t\t\t<p>Tokyo Metro Marunouchi Hatt\u0131, Tozai Hatt\u0131, Chiyoda Hatt\u0131, Hanzomon Hatt\u0131, Toei Metro Mita Hatt\u0131<\/p>\n\t\t\t\t<p class=\"mgb-small\"><a href=\"https:\/\/www.tokyometro.jp\/station\/otemachi\/yardmap\/index.html\" target=\"_blank\" rel=\"noopener noreferrer\">Otemachi \u0130stasyonu A1 \u00c7\u0131k\u0131\u015f\u0131&#8217;ndan do\u011frudan eri\u015fim<\/a><\/p>\n\t\t\t\t<p>Shinkansen: Tohoku Shinkansen, Joetsu Shinkansen, Hokuriku Shinkansen, Hokkaido Shinkansen, Yamagata Shinkansen, Akita Shinkansen, JR Tokaido Hatt\u0131, Keihin Tohoku Hatt\u0131, Yamanote Hatt\u0131, Chuo Hatt\u0131, Yokosuka Hatt\u0131, Keiyo Hatt\u0131, Tokyo Metro Marunouchi Hatt\u0131<\/p>\n\t\t\t\t<p class=\"mgb-small\"><a href=\"https:\/\/www.tokyometro.jp\/station\/tokyo\/index.html\" target=\"_blank\" rel=\"noopener noreferrer\">Tokyo \u0130stasyonu Marunouchi Kuzey \u00c7\u0131k\u0131\u015f\u0131&#8217;ndan 7 dakikal\u0131k y\u00fcr\u00fcme mesafesi<\/a><\/p>\n\t\t\t\t<p>Otemachi Financial City Otopark\u0131<\/p>\n\t\t\t\t<p class=\"mgb-middle\"><a href=\"https:\/\/www.otemachi-financialcity.jp\/access\/\">1-9-5, 1-9-7, Otemachi, Chiyoda-ku, Tokyo<\/a><\/p>\n\t\t\t\t<div class=\"btn-area align-left\">\n\t\t\t\t\t<div class=\"btn icon-contact\"><a href=\"\/tr\/contact\">Bize Ula\u015f\u0131n<\/a><\/div>\n\t\t\t\t<\/div>\n\t\t\t<\/div>\n\t\t<\/div>\n\t<\/div>\n<\/section>\t \n<section class=\"google-maps\"><iframe src=\"https:\/\/www.google.com\/maps\/embed?pb=!1m14!1m8!1m3!1d6480.976676769898!2d139.7597063!3d35.6895987!3m2!1i1024!2i768!4f13.1!3m3!1m2!1s0x60188cec724a6ae9%3A0x6efbadeb18528c88!2sMonolith%20Law%20Office!5e0!3m2!1str!2sjp!4v1705484851043!5m2!1str!2sjp\" width=\"600\" height=\"450\" style=\"border:0;\" allowfullscreen=\"\" loading=\"lazy\" referrerpolicy=\"no-referrer-when-downgrade\"><\/iframe><\/section>\n<section class=\"white-section\">\n\t<div class=\"anchor\" id=\"expansion-and-relocation-to-otemachi-financial-city\"><\/div>\n\t<div class=\"section-inner\">\n\t\t<div class=\"flex\">\n\t\t\t<div class=\"width41\"><img decoding=\"async\" src=\"\/wp-content\/uploads\/2022\/11\/financialcity.jpg\" alt=\"Otemachi Financial City'ye Geni\u015fleme ve Ta\u015f\u0131nma\"><\/div>\n\t\t\t<div class=\"width51\">\n\t\t\t\t<h3>Otemachi Finans \u015eehri&#8217;ne Geni\u015fleme ve Ta\u015f\u0131nma<\/h3>\n\t\t\t\t<p class=\"mgb-small\">Mart 2017&#8217;de Tokyo&#8217;nun Shinjuku-ku, Yotsuya b\u00f6lgesinde a\u00e7\u0131ld\u0131ktan sonra, MONOLITH LAW OFFICE, deste\u011finiz sayesinde A\u011fustos 2018&#8217;de Otemachi&#8217;ye (Asahi Seimei Otemachi Binas\u0131) ta\u015f\u0131nd\u0131 ve Mart 2020&#8217;de bir hukuk firmas\u0131 olarak kuruldu. Aral\u0131k 2020&#8217;de, Otemachi ofisimizin bulundu\u011fu binan\u0131n 29. kat\u0131nda bir \u015fube ofis a\u00e7t\u0131k (Asahi Seimei Otemachi Binas\u0131).<\/p>\n\t\t\t\t<p class=\"mgb-small\">Daha sonra, Eyl\u00fcl 2022&#8217;de, Otemachi Finans \u015eehri&#8217;ne geni\u015fledik ve ta\u015f\u0131nd\u0131k.<\/p>\n\t\t\t\t<p class=\"mgb-small\">Sizinle \u00e7al\u0131\u015fmay\u0131 d\u00f6rt g\u00f6zle bekliyoruz.<\/p>\n\t\t\t<\/div>\n\t\t<\/div>\n\t<\/div>\n<\/section>\n","protected":false},"excerpt":{"rendered":"<p>Eri\u015fim KONULAR IT, \u0130nternet ve \u0130\u015f D\u00fcnyas\u0131nda G\u00fc\u00e7l\u00fc Hukuk Firmas\u0131 Eri\u015fim Haritas\u0131 Otemachi Finans \u015eehrine Geni\u015fleme ve Ta\u015f\u0131nma IT, \u0130nternet ve \u0130\u015f D\u00fcnyas\u0131nda G\u00fc\u00e7l\u00fcHukuk B\u00fcrosu. MONOLITH LAW OFFICE, Japo [&hellip;]<\/p>\n","protected":false},"author":1,"featured_media":57041,"parent":0,"menu_order":10,"comment_status":"closed","ping_status":"closed","template":"other-page-temp.php","meta":{"footnotes":""},"acf":[],"_links":{"self":[{"href":"https:\/\/monolith.law\/tr\/wp-json\/wp\/v2\/pages\/25864"}],"collection":[{"href":"https:\/\/monolith.law\/tr\/wp-json\/wp\/v2\/pages"}],"about":[{"href":"https:\/\/monolith.law\/tr\/wp-json\/wp\/v2\/types\/page"}],"author":[{"embeddable":true,"href":"https:\/\/monolith.law\/tr\/wp-json\/wp\/v2\/users\/1"}],"replies":[{"embeddable":true,"href":"https:\/\/monolith.law\/tr\/wp-json\/wp\/v2\/comments?post=25864"}],"version-history":[{"count":30,"href":"https:\/\/monolith.law\/tr\/wp-json\/wp\/v2\/pages\/25864\/revisions"}],"predecessor-version":[{"id":62821,"href":"https:\/\/monolith.law\/tr\/wp-json\/wp\/v2\/pages\/25864\/revisions\/62821"}],"wp:featuredmedia":[{"embeddable":true,"href":"https:\/\/monolith.law\/tr\/wp-json\/wp\/v2\/media\/57041"}],"wp:attachment":[{"href":"https:\/\/monolith.law\/tr\/wp-json\/wp\/v2\/media?parent=25864"}],"curies":[{"name":"wp","href":"https:\/\/api.w.org\/{rel}","templated":true}]}}