{"id":30628,"date":"2023-11-07T23:40:08","date_gmt":"2023-11-07T14:40:08","guid":{"rendered":"https:\/\/monolith.law\/?page_id=30628"},"modified":"2024-01-17T18:34:55","modified_gmt":"2024-01-17T09:34:55","slug":"contract-drafting-and-review","status":"publish","type":"page","link":"https:\/\/monolith.law\/tr\/contract-drafting-and-review","title":{"rendered":"S\u00f6zle\u015fme Haz\u0131rlama ve \u0130nceleme"},"content":{"rendered":"\n<section class=\"heading-area\">\n\t<div class=\"heading-area-inner\">\n\t\t<h2 class=\"icon-contract-drafting-and-review\">S\u00f6zle\u015fme Haz\u0131rlama ve \u0130nceleme<\/h2>\n\t\t<p>IT ve startup \u015firketlerine hukuki dan\u0131\u015fmanl\u0131k yaparken, bazen de \u015firketlere IT hukuku dan\u0131\u015fman\u0131 olarak, Japonya&#8217;daki h\u0131zla de\u011fi\u015fen i\u015f ortam\u0131nda sa\u011flam bir konum sa\u011flamay\u0131 hedefleyerek \u00e7e\u015fitli \u00f6zelle\u015fmi\u015f IT ile ilgili s\u00f6zle\u015fmeler haz\u0131rl\u0131yor ve inceliyoruz.<\/p>\n\t<\/div>\n<\/section>\n<section class=\"white-section mgb-section\">\n\t<div class=\"section-inner pdt0 border-bottom-section\">\n\t\t<p>MONOLITH LAW OFFICE, Japon IT ve startup \u015firketlerine, d\u0131\u015f kaynak kullan\u0131m\u0131 ile ilgili s\u00f6zle\u015fmeler, \u00fcr\u00fcnleriyle ilgili kullan\u0131m ve acentelik s\u00f6zle\u015fmeleri, sermaye ile ilgili yat\u0131r\u0131m s\u00f6zle\u015fmeleri ve hissedar anla\u015fmalar\u0131, \u015firketle ilgili i\u015f s\u00f6zle\u015fmeleri gibi \u00e7e\u015fitli s\u00f6zle\u015fme t\u00fcrleri ba\u011flam\u0131nda hukuki dan\u0131\u015fmanl\u0131k hizmeti vermektedir. Ayr\u0131ca, Japon i\u015f \u015firketleri i\u00e7in IT avukatlar\u0131 olarak da g\u00f6rev yap\u0131yoruz.<br>\u0130\u015fletme \u015firketlerine IT avukatlar\u0131 olarak, yeni IT ile ilgili i\u015f kollar\u0131yla ilgili s\u00f6zle\u015fmeler, IT \u015firketlerine d\u0131\u015f kaynak kullan\u0131m\u0131 ile ilgili s\u00f6zle\u015fmeler ve di\u011fer s\u00f6zle\u015fmeleri de haz\u0131rl\u0131yor ve inceliyoruz.<\/p>\n\t<\/div>\n<\/section>\n<section class=\"white-section\">\n\t<div class=\"section-inner pdt0\">\n\t\t<h3 class=\"ttl-enjp mgb-middle\"><span class=\"en\"><\/span><span class=\"ja\">MONOLITH LAW OFFICE \u00d6zellikleri<\/span><\/h3>\n\t\t<ol class=\"practices-list\">\n\t\t\t<li>\n\t\t\t\t<h4><img decoding=\"async\" src=\"\/wp-content\/themes\/monolith_en\/img\/practices\/practices_1_1.svg\" alt=\"1.Start-up Hukuki Hizmetleri\"><\/h4>\n\t\t\t\t<img decoding=\"async\" src=\"\/wp-content\/themes\/monolith2021\/img\/practices\/practices_1_1_pic.png\" alt=\"Start-up Hukuki Hizmetleri\">\n\t\t\t\t<p>Japonya&#8217;da fon toplama, i\u015f devirleri ve buyoutlar da dahil olmak \u00fczere i\u015f ve sermaye konular\u0131nda geni\u015f hukuki hizmet deneyimine sahibiz.<\/p>\n\t\t\t<\/li>\n\t\t\t<li>\n\t\t\t\t<h4><img decoding=\"async\" src=\"\/wp-content\/themes\/monolith_en\/img\/practices\/practices_1_2.svg\" alt=\"2.IT ve Fikri M\u00fclkiyet Hukuki Hizmetleri\"><\/h4>\n\t\t\t\t<img decoding=\"async\" src=\"\/wp-content\/themes\/monolith2021\/img\/practices\/practices_1_2_pic.png\" alt=\"IT ve Fikri M\u00fclkiyet Hukuki Hizmetleri\">\n\t\t\t\t<p>Avukatlar\u0131m\u0131z, aralar\u0131nda eski bir m\u00fchendis olan kurucu avukat\u0131m\u0131z da bulunmakta olup, \u00fcr\u00fcn\u00fcn\u00fcz\u00fc derinlemesine anlamak i\u00e7in bazen kodlar\u0131 okuyarak \u00e7aba g\u00f6sterirler.<\/p>\n\t\t\t<\/li>\n\t\t\t<li>\n\t\t\t\t<h4><img decoding=\"async\" src=\"\/wp-content\/themes\/monolith_en\/img\/practices\/practices_1_3.svg\" alt=\"3.H\u0131z\"><\/h4>\n\t\t\t\t<img decoding=\"async\" src=\"\/wp-content\/themes\/monolith2021\/img\/practices\/practices_1_3_pic.png\" alt=\"H\u0131z\">\n\t\t\t\t<p>\u0130\u015f ihtiya\u00e7lar\u0131n\u0131za h\u0131zl\u0131 bir \u015fekilde yan\u0131t vermenin \u00f6nemini anl\u0131yoruz ve genellikle bir i\u015f g\u00fcn\u00fc i\u00e7inde yan\u0131t veriyoruz.<\/p>\n\t\t\t<\/li>\n\t\t\t<li>\n\t\t\t\t<h4><img decoding=\"async\" src=\"\/wp-content\/themes\/monolith_en\/img\/practices\/practices_1_4.svg\" alt=\"4.K\u00fc\u00e7\u00fck ve Orta \u00d6l\u00e7ekli \u015eirketler i\u00e7in Kurumsal Hukuki Hizmetler\"><\/h4>\n\t\t\t\t<img decoding=\"async\" src=\"\/wp-content\/themes\/monolith2021\/img\/practices\/practices_1_4_pic.png\" alt=\"K\u00fc\u00e7\u00fck ve Orta \u00d6l\u00e7ekli \u015eirketler i\u00e7in Kurumsal Hukuki Hizmetler\">\n\t\t\t\t<p>Kurucu avukat\u0131m\u0131z, Japon \u015firket y\u00f6netiminde deneyime sahip olup, i\u015fletme y\u00f6netiminin zorluklar\u0131n\u0131 anlamaktad\u0131r.<\/p>\n\t\t\t<\/li>\n\t\t<\/ol>\n\t<\/div>\n<\/section>\n<section class=\"second-nav\">\n\t<div class=\"second-nav-inner\">\n\t\t<p>KONULAR<\/p>\n\t\t<nav>\n\t\t\t<ul>\n\t\t\t\t<li><a href=\"#our-experience-in-contract-drafting-etc\">S\u00f6zle\u015fme Haz\u0131rlama vb. Konusundaki Deneyimimiz<\/a><\/li>\n\t\t\t\t<li><a href=\"#handling-more-than-3000-contracts-per-year-as-an-organization\">Bir Organizasyon olarak Y\u0131lda 3.000&#8217;den Fazla S\u00f6zle\u015fme \u0130\u015fleme<\/a><\/li>\n\t\t\t\t<li><a href=\"#IT\">IT<\/a><\/li>\n\t\t\t\t<li><a href=\"#extensive-experience-in-investment-contracts-etc\">Yat\u0131r\u0131m S\u00f6zle\u015fmeleri vb. Konusunda Geni\u015f Deneyim<\/a><\/li>\n\t\t\t\t<li><a href=\"#examples-of-support-provided-by-our-firm\">Firmam\u0131z Taraf\u0131ndan Sa\u011flanan Destek \u00d6rnekleri<\/a><\/li>\n\t\t\t\t<li><a href=\"#monolith-law-magazine\">MONOLITH LAW MAGAZINE<\/a><\/li>\n\t\t\t\t<li><a href=\"#fee-structure\">\u00dccret Yap\u0131s\u0131<\/a><\/li>\n\t\t\t<\/ul>\n\t\t<\/nav>\n\t<\/div>\n<\/section>\n<section class=\"white-section mgt-section mgb-section\">\n\t<div class=\"anchor\" id=\"our-experience-in-contract-drafting-etc\"><\/div>\n\t<div class=\"section-inner-black\">\n\t\t<h3>S\u00f6zle\u015fme Haz\u0131rlama ve Di\u011fer Konulardaki Deneyimimiz<\/h3>\n\t\t<p class=\"mgb-middle\">&#8220;IT, \u0130nternet ve \u0130\u015f D\u00fcnyas\u0131&#8221; alanlar\u0131nda uzmanla\u015fm\u0131\u015f bir hukuk b\u00fcrosu olarak MONOLITH LAW OFFICE, \u00e7e\u015fitli IT ile ilgili ve i\u015f ile ilgili s\u00f6zle\u015fme haz\u0131rlama ve inceleme hizmetleri sunmaktad\u0131r. Hizmetlerimizden baz\u0131lar\u0131 \u015funlar\u0131 i\u00e7erir ancak bunlarla s\u0131n\u0131rl\u0131 de\u011fildir:<\/p>\n\t\t<p class=\"mgb-middle\">SEO D\u0131\u015f Kaynak Kullan\u0131m S\u00f6zle\u015fmesi, SNS \u0130\u015fletme D\u0131\u015f Kaynak Kullan\u0131m S\u00f6zle\u015fmesi, Birle\u015fme S\u00f6zle\u015fmesi, Hisse Devir S\u00f6zle\u015fmesi, Hisse Senedi Abonelik S\u00f6zle\u015fmesi, Ortak Ara\u015ft\u0131rma S\u00f6zle\u015fmesi, Ortak Giri\u015fim S\u00f6zle\u015fmesi, Hizmet S\u00f6zle\u015fmesi, \u0130\u015fbirli\u011fi S\u00f6zle\u015fmesi, Kredi S\u00f6zle\u015fmesi, Reklamc\u0131l\u0131k D\u0131\u015f Kaynak Kullan\u0131m S\u00f6zle\u015fmesi, Temel Reklam \u0130\u015flem S\u00f6zle\u015fmesi, Dan\u0131\u015fmanl\u0131k S\u00f6zle\u015fmesi, \u0130stihdam S\u00f6zle\u015fmesi, Dan\u0131\u015fmanl\u0131k S\u00f6zle\u015fmesi, Alacak Devri S\u00f6zle\u015fmesi, Teminat Haklar\u0131 Devri S\u00f6zle\u015fmesi, \u0130\u015fletme Devri S\u00f6zle\u015fmesi, Marka Devri S\u00f6zle\u015fmesi, Temel \u0130stihdam S\u00f6zle\u015fmesi, Sermaye ve \u0130\u015fbirli\u011fi S\u00f6zle\u015fmesi, S\u0131n\u0131rl\u0131 Sorumluluk S\u00f6zle\u015fmesi, Yetenek Ba\u011flant\u0131 S\u00f6zle\u015fmesi, Tazminat S\u00f6zle\u015fmesi, Acentelik S\u00f6zle\u015fmesi, Telif Hakk\u0131 Devir S\u00f6zle\u015fmesi, Yat\u0131r\u0131m S\u00f6zle\u015fmesi, Temel Sat\u0131n Alma S\u00f6zle\u015fmesi, Da\u011f\u0131t\u0131c\u0131 S\u00f6zle\u015fmesi, Gizlilik S\u00f6zle\u015fmesi, Franchise S\u00f6zle\u015fmesi, Genel Abonelik S\u00f6zle\u015fmesi, Y\u00f6netim S\u00f6zle\u015fmesi, MEO S\u00f6zle\u015fmesi, Lisans S\u00f6zle\u015fmesi, \u0130\u015f\u00e7i G\u00f6nderme S\u00f6zle\u015fmesi, Uzla\u015fma S\u00f6zle\u015fmesi<\/p>\n\t<\/div>\n<\/section>\n<section class=\"purple-section\">\n\t<div class=\"anchor\" id=\"handling-more-than-3000-contracts-per-year-as-an-organization\"><\/div>\n\t<div class=\"section-inner\">\n\t\t<div class=\"flex\">\n\t\t\t<div class=\"width51\">\n\t\t\t\t<h3>Y\u0131lda 3.000&#8217;den Fazla S\u00f6zle\u015fme \u0130\u015fleme<\/h3>\n\t\t\t\t<p class=\"mgb-small\">MONOLITH LAW OFFICE, kurucu avukat\u0131m\u0131z\u0131n liderli\u011findeki 30 avukattan olu\u015fan bir organizasyondur, ayn\u0131 zamanda eski bir IT m\u00fchendisi ve i\u015f y\u00f6neticisidir.<\/p>\n\t\t\t\t<p class=\"mgb-small\">Firmam\u0131z y\u0131lda 3.000&#8217;den fazla s\u00f6zle\u015fme tasla\u011f\u0131 haz\u0131rlar ve g\u00f6zden ge\u00e7irir, bu konularda geni\u015f deneyim ve uzmanl\u0131k g\u00f6sterir.<\/p>\n\t\t\t\t<p>*Grafikler tahmini rakamlara dayanmaktad\u0131r ve %20&#8217;ye kadar hata olabilir.<\/p>\n\t\t\t<\/div>\n\t\t\t<div class=\"width41\"><img decoding=\"async\" src=\"\/wp-content\/themes\/monolith_en\/img\/contractcreation\/contractcreation_pic1.png\" alt=\"Bir organizasyon olarak y\u0131lda 2.000'den fazla s\u00f6zle\u015fme i\u015fleme\"><\/div>\n\t\t<\/div>\n\t<\/div>\n<\/section>\n\n<section class=\"white-section\">\n\t<div id=\"IT\"><\/div>\n\t<div class=\"section-inner\">\n\t<div class=\"flex\">\n\t<div class=\"width41\"><img decoding=\"async\" src=\"\/wp-content\/themes\/monolith2021\/img\/pic\/pic_practices-itlaw.jpg\" alt=\"IT\" \/><\/div>\n\t<div class=\"width51\">\n\t\t<h3>IT<\/h3>\n\t\t<p class=\"mgb-middle\">MONOLITH LAW OFFICE, IT hukukunda uzmanla\u015fm\u0131\u015f olup \u00e7e\u015fitli IT \u015firketlerine kapsaml\u0131 hukuki destek sa\u011flar. Uzmanl\u0131k alanlar\u0131m\u0131z, son teknolojiye dayal\u0131 s\u00f6zle\u015fmelerin haz\u0131rlanmas\u0131 ve start-up \u015firketlerle ilgili yat\u0131r\u0131m ve birle\u015fme &#038; sat\u0131n alma i\u015flemlerini i\u00e7erir. \u00d6zellikle IT sekt\u00f6r\u00fcnde s\u00f6zle\u015fme haz\u0131rlama konusunda geni\u015f deneyimimizle, teknoloji odakl\u0131 i\u015fletmelerin benzersiz hukuki ihtiya\u00e7lar\u0131n\u0131 kar\u015f\u0131lamaya tam donan\u0131ml\u0131y\u0131z.<\/p>\n\t\t<div class=\"btn-area align-left\">\n\t\t\t<div class=\"btn icon-it\"><a href=\"\/tr\/it\">IT<\/a><\/div>\n\t\t<\/div>\n\t<\/div>\n\t<\/div>\n\t<\/div>\n<\/section>\n\n<section class=\"white-section\">\n\t<div class=\"anchor\" id=\"extensive-experience-in-investment-contracts-etc\"><\/div>\n\t<div class=\"section-inner-black\">\n\t\t<h3>Yat\u0131r\u0131m Anla\u015fmalar\u0131nda Geni\u015f Deneyim ve Daha Fazlas\u0131<\/h3>\n\t\t<p class=\"mgb-middle\">\u00dc\u00e7\u00fcnc\u00fc \u015fah\u0131slara hisse senedi ihra\u00e7 etme konusunda, terim sayfalar\u0131n\u0131n haz\u0131rlanmas\u0131ndan yat\u0131r\u0131m anla\u015fmalar\u0131 ve hissedarlar anla\u015fmas\u0131n\u0131n tasarlanmas\u0131na kadar her \u015feyi ele al\u0131yoruz. Ayr\u0131ca, tercihli da\u011f\u0131t\u0131m\u0131 belirleyen s\u0131n\u0131f hisselerinin tasar\u0131m\u0131, hisse senedi edinme haklar\u0131n\u0131n ihra\u00e7 edilmesi, kurucular aras\u0131 anla\u015fmalar, hisse senetlerinin devri ve \u00e7e\u015fitli di\u011fer sermaye ile ilgili stratejiler ve s\u00f6zle\u015fmeler vb. konular\u0131nda da hizmet veriyoruz.<\/p>\n\t<\/div>\n<\/section>\n\n<section class=\"orange-section mgt-section\">\n\t<div class=\"anchor\" id=\"examples-of-support-provided-by-our-firm\"><\/div>\n\t<div class=\"section-inner\">\n\t\t<h3 class=\"mgb-middle\">MONOLITH LAW OFFICE Taraf\u0131ndan Sa\u011flanan Destek \u00d6rnekleri<\/h3>\n\t\t<p class=\"mgb-middle\">MONOLITH LAW OFFICE, Japon IT ve startup \u015firketlerine, d\u0131\u015f kaynak kullan\u0131m\u0131 i\u00e7in outsourcing s\u00f6zle\u015fmelerinden, \u015firket \u00fcr\u00fcnleri i\u00e7in kullan\u0131m ve acentelik s\u00f6zle\u015fmelerine, sermaye ile ilgili s\u00f6zle\u015fmeler i\u00e7in yat\u0131r\u0131m anla\u015fmalar\u0131 ve hissedarlar anla\u015fmas\u0131na, \u015firketle ilgili s\u00f6zle\u015fmeler i\u00e7in istihdam anla\u015fmalar\u0131na kadar \u00e7e\u015fitli t\u00fcrdeki s\u00f6zle\u015fmelerde hukuki dan\u0131\u015fmanl\u0131k yapmaktad\u0131r. Ayr\u0131ca, Japonya&#8217;daki i\u015fletme \u015firketleri i\u00e7in IT avukatlar\u0131 olarak g\u00f6rev yapmakta, yeni IT ile ilgili i\u015fler ve IT \u015firketleriyle ilgili s\u00f6zle\u015fmeler i\u00e7in s\u00f6zle\u015fme taslaklar\u0131 haz\u0131rlamakta ve incelemekteyiz.<\/p>\n\t\t<div class=\"white-base\">\n\t\t\t<ul>\n\t\t\t\t<li class=\"mgb-small\">\n\t\t\t\t\t<figure><img decoding=\"async\" alt=\"HAZAMA ANDO CORPORATION\" src=\"\/wp-content\/themes\/monolith2021\/img\/clients\/logo_andohazama.png\"><\/figure>\n\t\t\t\t\t<h4 class=\"mgt-small mgb-small\">HAZAMA ANDO CORPORATION<\/h4>\n\t\t\t\t\t<p>Bu m\u00fc\u015fteri i\u00e7in, Tokyo Borsas\u0131 Prime&#8217;da listelenen b\u00fcy\u00fck bir genel m\u00fcteahhit olan, IT ile ilgili bir s\u00f6zle\u015fme tasla\u011f\u0131 haz\u0131rlad\u0131k.<\/p>\n\t\t\t\t<\/li>\n\t\t\t\t<li class=\"mgb-small\">\n\t\t\t\t\t<figure><img decoding=\"async\" alt=\"Gftd Japan\" src=\"\/wp-content\/themes\/monolith2021\/img\/clients\/logo_gftd.png\"><\/figure>\n\t\t\t\t\t<h4 class=\"mgt-small mgb-small\">Gftd Japan<\/h4>\n\t\t\t\t\t<p>Gftd Japan, i\u015f ile ilgili s\u00f6zle\u015fmelerden istihdam ile ilgili s\u00f6zle\u015fmelere kadar \u00e7e\u015fitli t\u00fcrdeki s\u00f6zle\u015fmelerin tasla\u011f\u0131n\u0131 haz\u0131rlad\u0131\u011f\u0131m\u0131z bir blockchain ile ilgili startup \u015firketidir.<\/p>\n\t\t\t\t<\/li>\n\t\t\t\t<li class=\"mgb-small\">\n\t\t\t\t\t<figure><img decoding=\"async\" alt=\"TOKIUM Inc.\" src=\"\/wp-content\/uploads\/2022\/04\/logo_tokium.png\"><\/figure>\n\t\t\t\t\t<h4 class=\"mgt-small mgb-small\">TOKIUM Inc.<\/h4>\n\t\t\t\t\t<p>Tokium, sermaye ve i\u015f birli\u011fi anla\u015fmalar\u0131ndan i\u015f ile ilgili anla\u015fmalara kadar \u00e7e\u015fitli s\u00f6zle\u015fmelerin tasla\u011f\u0131n\u0131 haz\u0131rlad\u0131\u011f\u0131m\u0131z bir fintech ile ilgili startup \u015firketidir.<\/p>\n\t\t\t\t<\/li>\n\t\t\t\t<li class=\"mgb-small\">\n\t\t\t\t\t<figure><img decoding=\"async\" alt=\"MI-6 Ltd.\" src=\"\/wp-content\/themes\/monolith2021\/img\/clients\/logo_mi-6.png\"><\/figure>\n\t\t\t\t\t<h4 class=\"mgt-small mgb-small\">MI-6 Ltd.<\/h4>\n\t\t\t\t\t<p>Firmam\u0131z, yat\u0131r\u0131m anla\u015fmalar\u0131, J-KISS tipi stok opsiyonu ihra\u00e7lar\u0131 ve ortak ara\u015ft\u0131rma ile ilgili s\u00f6zle\u015fmeler haz\u0131rlad\u0131.<\/p>\n\t\t\t\t<\/li>\n\t\t\t<\/ul><p class=\"mgb-small\">\n\t\t<p class=\"txt-s\">*M\u00fc\u015fterilerimizin projelerinden sorumlu oldu\u011fumuz bir\u00e7ok di\u011fer m\u00fc\u015fteri bulunmaktad\u0131r. M\u00fc\u015fteri olarak durumlar\u0131n\u0131 a\u00e7\u0131klamam\u0131za izin veren (veya y\u00f6netim kurulu \u00fcyesi olarak kay\u0131tl\u0131 olan) baz\u0131 m\u00fc\u015fterilerimizi listeliyoruz. Genel kural olarak, m\u00fc\u015fteri gizlili\u011fi, gizlilik y\u00fck\u00fcml\u00fcl\u00fc\u011f\u00fc alt\u0131nda korunmaktad\u0131r.<\/p>\n\t<\/div><\/div>\n<\/section>\n\n<section class=\"purple2-section\">\n\t<div class=\"anchor\" id=\"monolith-law-magazine\"><\/div>\n\t<div class=\"section-inner\">\n\t\t    <section class=\"white-section temp-article\">\n        <div class=\"section-inner\">\n            <h4>MONOLITH LAW MAGAZINE<\/h4>\n            <div class=\"articles type_practice_column\">\n                                                                    <div class=\"article article-area\">\n                        <figure>\n                            <div class=\"img-wrap\">\n                                <img alt=\"Freelance Yeni Yasas\u0131na Ayk\u0131r\u0131 Davran\u0131\u015flar\u0131n Cezalar\u0131n\u0131 \u00dc\u00e7 \u00d6rnek \u00dczerinden A\u00e7\u0131kl\u0131yoruz\" src=\"https:\/\/monolith.law\/tr\/wp-content\/uploads\/sites\/24\/2025\/08\/6d129f9213bc4489ca4b5e0a5df7378f.webp\" width=\"500\" height=\"250\">\n                            <\/div>\n                            <figcaption>\n                                <div class=\"figcaption-inner\">\n                                    <h3>Freelance Yeni Yasas\u0131na Ayk\u0131r\u0131 Davran\u0131\u015flar\u0131n Cezalar\u0131n\u0131 \u00dc\u00e7 \u00d6rnek \u00dczerinden A\u00e7\u0131kl.<\/h3>\n                                <\/div>\n                            <\/figcaption>\n                            <a href=\"https:\/\/monolith.law\/tr\/general-corporate\/freelance-law-penalties\"><\/a>\n                        <\/figure>\n                    <\/div>\n                                                    <div class=\"article article-area\">\n                        <figure>\n                            <div class=\"img-wrap\">\n                                <img alt=\"Freelance Yeni Yasas\u0131 Nedir? Yeni Yasa Uyumlu S\u00f6zle\u015fme \u00d6rnekleri \u00dczerinden Kontrol Noktalar\u0131n\u0131 A\u00e7\u0131kl\u0131yoruz\" src=\"https:\/\/monolith.law\/tr\/wp-content\/uploads\/sites\/24\/2025\/08\/873e76645ec995ae22ee695f1ecd9a55.webp\" width=\"500\" height=\"250\">\n                            <\/div>\n                            <figcaption>\n                                <div class=\"figcaption-inner\">\n                                    <h3>Freelance Yeni Yasas\u0131 Nedir? Yeni Yasa Uyumlu S\u00f6zle\u015fme \u00d6rnekleri \u00dczerinden Kontr.<\/h3>\n                                <\/div>\n                            <\/figcaption>\n                            <a href=\"https:\/\/monolith.law\/tr\/general-corporate\/freelance-law-contract\"><\/a>\n                        <\/figure>\n                    <\/div>\n                                                    <div class=\"article article-area\">\n                        <figure>\n                            <div class=\"img-wrap\">\n                                <img alt=\"e-Sporun Uluslararas\u0131 Yar\u0131\u015fma Haline Gelmesi: Beklentiler ve Zorluklar\" src=\"https:\/\/monolith.law\/tr\/wp-content\/uploads\/sites\/24\/2025\/03\/422672ce74473957b5c339e910e62d78-1024x585.webp\" width=\"500\" height=\"250\">\n                            <\/div>\n                            <figcaption>\n                                <div class=\"figcaption-inner\">\n                                    <h3>e-Sporun Uluslararas\u0131 Yar\u0131\u015fma Haline Gelmesi: Beklentiler ve Zorluklar<\/h3>\n                                <\/div>\n                            <\/figcaption>\n                            <a href=\"https:\/\/monolith.law\/tr\/general-corporate\/international-e-sports-competition-prospects-challenges\"><\/a>\n                        <\/figure>\n                    <\/div>\n                                            <\/div>\n            <div class=\"btn-more\"><a href=\"https:\/\/monolith.law\/tr\/tag\/contract-drafting-and-review\">Read More<\/a><\/div>\n        <\/div>\n    <\/section>\n\t<\/div>\n<\/section>\n\n<section class=\"orange2-section\">\n\t<div id=\"fee-structure\"><\/div>\n\t<div class=\"section-inner\">\n\t<div class=\"planWrap\">\n\t<h3>\u00dccret Yap\u0131s\u0131<\/h3>\n\t<ul class=\"plan\">\n\t\t<li class=\"txt-left\">\n\t\t\t<div class=\"plan-inner\">\n\t\t\t<div class=\"plan-header\">\n\t\t\t<h4 class=\"plan-title\">Saatlik \u00dccret<\/h4>\n\t\t\t<div class=\"plan-price\"><span class=\"price-figure\">$300<\/span>saat ba\u015f\u0131na<span class=\"price-value\"><\/span><\/div>\n\t\t\t<\/div>\n\t\t\t<div class=\"plan-body\">Baz\u0131 durumlarda, bir dava veya hukuk davas\u0131n\u0131 ba\u015flang\u0131\u00e7 \u00fccreti ve ba\u015far\u0131ya ba\u011fl\u0131 \u00fccret ile kabul etmeyi d\u00fc\u015f\u00fcnebiliriz. Daha fazla bilgi i\u00e7in l\u00fctfen bizimle ileti\u015fime ge\u00e7mekten \u00e7ekinmeyin.<\/div>\n\t\t\t<\/div>\n\t\t<\/li>\n\t\t<li class=\"txt-left\">\n\t\t\t<div class=\"plan-inner\">\n\t\t\t<div class=\"plan-header\">\n\t\t\t<h4 class=\"plan-title\">S\u00f6zle\u015fme Haz\u0131rlama<\/h4>\n\t\t\t<div class=\"plan-price\"><span class=\"price-value\">ba\u015flang\u0131\u00e7 fiyat\u0131<\/span><span class=\"price-figure\">$500<\/span><span class=\"price-value\">ile $2,000 veya daha fazla<\/span><\/div>\n\t\t\t<\/div>\n\t\t\t<div class=\"plan-body\">Fiyatland\u0131rma yap\u0131s\u0131, s\u00f6zle\u015fmelerin t\u00fcr\u00fcne ve miktar\u0131na g\u00f6re de\u011fi\u015fiklik g\u00f6sterebilir. Sorgulama \u00fczerine \u00f6n tahmin sunmaktan memnuniyet duyar\u0131z, bu nedenle daha fazla bilgi i\u00e7in bizimle ileti\u015fime ge\u00e7mekten \u00e7ekinmeyin.<\/div>\n\t\t\t<\/div>\n\t\t<\/li>\n\t\t<li class=\"txt-left\">\n\t\t\t<div class=\"plan-inner\">\n\t\t\t<div class=\"plan-header\">\n\t\t\t<h4 class=\"plan-title\">Di\u011fer Hizmetler<\/h4>\n\t\t\t<div class=\"plan-price\"><span class=\"price-figure\">Bize Ula\u015f\u0131n<\/span><\/div>\n\t\t\t<\/div>\n\t\t\t<div class=\"plan-body\">\u015eirket kurulumu, s\u00f6zle\u015fme incelemesi, hukuki g\u00f6r\u00fc\u015f, dava incelemesi veya ara\u015ft\u0131rma mektubu dahil olmak \u00fczere geni\u015f bir hizmet yelpazesi sunuyoruz. Herhangi bir sorunuz veya endi\u015feniz varsa, bizimle ileti\u015fime ge\u00e7mekten \u00e7ekinmeyin ve bilgili ekibimiz size yard\u0131mc\u0131 olmaktan mutluluk duyacakt\u0131r.<\/div>\n\t\t\t<\/div>\n\t\t<\/li>\n\t<\/ul>\n\t<\/div>\n\t<\/div>\n<\/section>\n\n<section class=\"white-section\">\n\t<div class=\"section-inner\">\n\t<div class=\"btn-area\">\n\t<div class=\"btn icon-contact\"><a href=\"\/tr\/contact\">Bize Ula\u015f\u0131n<\/a><\/div>\n\t<\/div>\n\t<\/div>\n<\/section>\n","protected":false},"excerpt":{"rendered":"<p>S\u00f6zle\u015fme Haz\u0131rlama ve \u0130nceleme IT ve startup \u015firketlerine hukuki dan\u0131\u015fmanl\u0131k yaparken, bazen de \u015firketlere IT hukuku dan\u0131\u015fman\u0131 olarak, Japonya&#8217;daki h\u0131zla de\u011fi\u015fen i\u015f ortam\u0131nda sa\u011flam bir konum sa [&hellip;]<\/p>\n","protected":false},"author":1,"featured_media":57034,"parent":0,"menu_order":7,"comment_status":"closed","ping_status":"closed","template":"other-page-temp.php","meta":{"footnotes":""},"acf":[],"_links":{"self":[{"href":"https:\/\/monolith.law\/tr\/wp-json\/wp\/v2\/pages\/30628"}],"collection":[{"href":"https:\/\/monolith.law\/tr\/wp-json\/wp\/v2\/pages"}],"about":[{"href":"https:\/\/monolith.law\/tr\/wp-json\/wp\/v2\/types\/page"}],"author":[{"embeddable":true,"href":"https:\/\/monolith.law\/tr\/wp-json\/wp\/v2\/users\/1"}],"replies":[{"embeddable":true,"href":"https:\/\/monolith.law\/tr\/wp-json\/wp\/v2\/comments?post=30628"}],"version-history":[{"count":99,"href":"https:\/\/monolith.law\/tr\/wp-json\/wp\/v2\/pages\/30628\/revisions"}],"predecessor-version":[{"id":62794,"href":"https:\/\/monolith.law\/tr\/wp-json\/wp\/v2\/pages\/30628\/revisions\/62794"}],"wp:featuredmedia":[{"embeddable":true,"href":"https:\/\/monolith.law\/tr\/wp-json\/wp\/v2\/media\/57034"}],"wp:attachment":[{"href":"https:\/\/monolith.law\/tr\/wp-json\/wp\/v2\/media?parent=30628"}],"curies":[{"name":"wp","href":"https:\/\/api.w.org\/{rel}","templated":true}]}}