{"id":30684,"date":"2023-11-05T23:00:20","date_gmt":"2023-11-05T14:00:20","guid":{"rendered":"https:\/\/monolith.law\/?page_id=30684"},"modified":"2024-01-17T18:46:08","modified_gmt":"2024-01-17T09:46:08","slug":"id-of-the-defamatory-statement","status":"publish","type":"page","link":"https:\/\/monolith.law\/tr\/id-of-the-defamatory-statement","title":{"rendered":"\u0130ftira Beyan\u0131n\u0131n Kimli\u011fi"},"content":{"rendered":"\n<section class=\"heading-area\">\n\t<div class=\"heading-area-inner\">\n\t\t<h2 class=\"icon-id-of-the-defamatory-statement\">\u0130ftira Beyan\u0131n\u0131n Kimli\u011fi<\/h2>\n\t\t<p>Japon yasalar\u0131na g\u00f6re, bir \u015firket veya birey, internet \u00fczerinde anonim bir kullan\u0131c\u0131 taraf\u0131ndan iftiraya veya mahremiyet ihlaline u\u011frad\u0131\u011f\u0131nda, mahkeme taraf\u0131ndan kolayla\u015ft\u0131r\u0131lan \u00e7e\u015fitli yasal i\u015flemler arac\u0131l\u0131\u011f\u0131yla anonim g\u00f6nderenin kimli\u011fi tespit edilebilir. Japon \u00e7evrimi\u00e7i ortam\u0131nda anonim kullan\u0131c\u0131lar taraf\u0131ndan iftira vakalar\u0131 ya\u015fanmakta olsa da, bir avukat arac\u0131l\u0131\u011f\u0131yla g\u00f6ndereni tespit etmek ve tazminat talebinde bulunmak m\u00fcmk\u00fcnd\u00fcr.<\/p>\n\t<\/div>\n<\/section>\n\n<section class=\"white-section\">\n\t<div class=\"section-inner pdt0 border-bottom-section\">\n\t\t<p class=\"mgb-small\">\u0130nternette anonim bir kullan\u0131c\u0131 taraf\u0131ndan iftiraya u\u011frad\u0131ysan\u0131z ve tazminat talebinde bulunmak istiyorsan\u0131z, \u00f6ncelikle bu kullan\u0131c\u0131n\u0131n kimli\u011fini belirlemeniz gerekmektedir. Japon yasalar\u0131, internet \u00fczerinde anonim kullan\u0131c\u0131lar\u0131n kimliklerinin tespiti i\u00e7in yasal i\u015flemler sa\u011flamaktad\u0131r.<\/p>\n\t\t<p>MONOLITH LAW OFFICE, internetle ilgili konularda uzmanla\u015fm\u0131\u015f bir Japon hukuk firmas\u0131d\u0131r. Yurt i\u00e7indeki halka a\u00e7\u0131k \u015firketler, \u00f6nde gelen y\u00f6neticiler ve etkili bireyler de dahil olmak \u00fczere \u00e7e\u015fitli m\u00fc\u015fterilerden gelen talepler do\u011frultusunda iftira atanlar\u0131n kimliklerinin tespiti konusunda \u00e7al\u0131\u015fmalar y\u00fcr\u00fctmekteyiz. Geni\u015f deneyimimiz ve ba\u015far\u0131 ge\u00e7mi\u015fimizle, Japon \u00e7evrimi\u00e7i ortam\u0131ndaki uyu\u015fmazl\u0131klar\u0131 ele alacak donan\u0131ma sahibiz.<\/p>\n\t<\/div>\n<\/section>\n\n<section class=\"second-nav\">\n\t<div class=\"second-nav-inner\">\n\t\t<p>BA\u015eLIKLAR<\/p>\n\t\t<nav>\n\t\t\t<ul>\n\t\t\t\t<li><a href=\"#identification-of-the-defamatory-statement\">\u0130ftira Beyan\u0131n\u0131n Tespiti<\/a><\/li>\n\t\t\t\t<li><a href=\"#examples-of-identifications-by-our-firm-target-sites\">Firmam\u0131z Taraf\u0131ndan Yap\u0131lan Tespit \u00d6rnekleri: Hedef Siteler<\/a><\/li>\n\t\t\t\t<li><a href=\"#examples-of-support-provided-by-our-firm\">Firmam\u0131z Taraf\u0131ndan Sa\u011flanan Destek \u00d6rnekleri<\/a><\/li>\n\t\t\t\t<li><a href=\"#procedures-for-identifying-authors-under-japanese-law\">Japon Yasalar\u0131na G\u00f6re Yazarlar\u0131n Tespiti \u0130\u015flemleri<\/a><\/li>\n\t\t\t\t<li><a href=\"#publications-as-a-lawyer-specializing-in-mitigating-reputational-damage\">\u0130tibar Zarar\u0131n\u0131 Hafifletmeye Uzmanla\u015fm\u0131\u015f Bir Avukat Olarak Yay\u0131nlar<\/a><\/li>\n\t\t\t\t<li><a href=\"#monolith-law-magazine\">MONOLITH LAW MAGAZINE<\/a><\/li>\n\t\t\t\t<li><a href=\"#fee-structure\">\u00dccret Yap\u0131s\u0131<\/a><\/li>\n\t\t\t<\/ul>\n\t\t<\/nav>\n\t<\/div>\n<\/section>\n\n<section class=\"white-section\">\n\t<div class=\"anchor\" id=\"identification-of-the-defamatory-statement\"><\/div>\n\t<div class=\"section-inner\">\n\t\t<div class=\"flex\">\n\t\t\t<div class=\"width41\"><img decoding=\"async\" src=\"\/wp-content\/themes\/monolith2021\/img\/pic\/pic_reputation.jpg\" alt=\"\u0130ftira Beyan\u0131n\u0131n Kayna\u011f\u0131n\u0131n Tespiti\"><\/div>\n\t\t\t<div class=\"width51\">\n\t\t\t\t<h3>\u0130ftira Beyan\u0131n\u0131n Tespiti<\/h3>\n\t\t\t\t<p>Japon hukukuna g\u00f6re, iftira beyanlar\u0131 da dahil olmak \u00fczere yasa d\u0131\u015f\u0131 g\u00f6nderileri yapan ki\u015filerin tespiti i\u00e7in hukuki i\u015flem ba\u015flatmak m\u00fcmk\u00fcnd\u00fcr. \u015eirketiniz, Japon internetinde anonim internet kullan\u0131c\u0131lar\u0131 taraf\u0131ndan sald\u0131r\u0131ya u\u011fruyorsa, uzman bir avukatla dan\u0131\u015farak anonim kullan\u0131c\u0131n\u0131n kimli\u011fini, isim ve adresini de i\u00e7erecek \u015fekilde a\u00e7\u0131\u011fa \u00e7\u0131karabilirsiniz. Kimlik ortaya \u00e7\u0131kt\u0131\u011f\u0131nda, internet kullan\u0131c\u0131s\u0131na kar\u015f\u0131 tazminat davas\u0131 a\u00e7ma f\u0131rsat\u0131n\u0131z olabilir. Hukuki s\u00fcre\u00e7 boyunca sizi y\u00f6nlendirecek ve \u015firketinizin \u00e7\u0131karlar\u0131n\u0131 koruyacak deneyimli bir avukatla \u00e7al\u0131\u015fmak hayati \u00f6nem ta\u015f\u0131r.<\/p>\n\t\t\t<\/div>\n\t\t<\/div>\n\t<\/div>\n<\/section>\n\n<section class=\"white-section mgb-section\">\n\t<div class=\"anchor\" id=\"examples-of-identifications-by-our-firm-target-sites\"><\/div>\n\t<div class=\"section-inner-black\">\n\t\t<h3 class=\"mgb-middle\">Firmam\u0131z taraf\u0131ndan yap\u0131lan tespit \u00f6rnekleri: Hedef Siteler<\/h3>\n\t\t<p class=\"mgb-middle\">MONOLITH LAW OFFICE, iftira, gizlilik ihlali, telif hakk\u0131 ihlali ve kimlik taklidi de dahil olmak \u00fczere \u00e7e\u015fitli web sitelerindeki iftira i\u00e7erikli g\u00f6nderilerin yazarlar\u0131n\u0131 tespit etme konusunda bir sicile ve uzmanl\u0131\u011fa sahiptir. M\u00fc\u015fterilerimizin bu t\u00fcr g\u00f6nderilerin arkas\u0131ndaki yazarlar\u0131 tespit etmelerine, alan\u0131ndaki deneyimimiz ve bilgimizle ba\u015far\u0131yla yard\u0131mc\u0131 olduk.<\/p>\n\t\t<p class=\"mgb-middle\">2channel, 5channel, Twitter, Facebook, Instagram, Google Maps (My Business), Yahoo! Finance, Food Log, Amazon m\u00fc\u015fteri yorumlar\u0131, Girls Channel, Bakusai, Mansion Community, Hostlove ve \u00e7e\u015fitli di\u011fer ilan panosu siteleri. Yahoo! Chiebukuro, NAVER \u00f6zeti, telefon numaras\u0131 arama (jpnumber vb.), Livedoor Blog, FC2 Blog, Ameba Blog, Hatena Blog vb. Di\u011fer \u00e7e\u015fitli blog siteleri, YouTube, Nico Nico Douga, FC2 Video ve di\u011fer video siteleri. MILKCAFE, openwork, Lighthouse (eski Kaisha&#8217;n\u0131n \u0130tibar\u0131), di\u011fer i\u015f de\u011ferlendirme siteleri, di\u011fer orijinal alan ad\u0131 siteleri.<\/p>\n\t<\/div>\n<\/section>\n\n<section class=\"purple-section\">\n\t<div class=\"anchor\" id=\"examples-of-support-provided-by-our-firm\"><\/div>\n\t<div class=\"section-inner\">\n\t\t<h3 class=\"mgb-middle\">Firmam\u0131z taraf\u0131ndan sa\u011flanan destek \u00f6rnekleri<\/h3>\n\t\t<ul class=\"layout-column4 mgb-big\">\n\t\t\t<li>\n\t\t\t\t<div><img decoding=\"async\" src=\"\/wp-content\/themes\/monolith2021\/img\/identificationofslander\/identificationofslander_support_pic1.jpg\" alt=\"TSE listelenmi\u015f \u015firket\"><\/div>\n\t\t\t\t<h4>TSE Listelenen \u015eirket<\/h4>\n\t\t\t\t<p>Yahoo! Finance ve Google Reviews gibi platformlarda s\u00fcrekli yay\u0131lan yanl\u0131\u015f bilgileri, \u00f6rne\u011fin \u015firket i\u00e7i skandallar\u0131, yay\u0131nlayan yazarlar\u0131n kimliklerini tespit ettik.<\/p>\n\t\t\t<\/li>\n\t\t\t<li>\n\t\t\t\t<div><img decoding=\"async\" src=\"\/wp-content\/themes\/monolith2021\/img\/identificationofslander\/identificationofslander_support_pic2.jpg\" alt=\"\u00d6nemli y\u00f6netici\"><\/div>\n\t\t\t\t<h4>\u00d6nemli Y\u00f6netici<\/h4>\n\t\t\t\t<p>Twitter&#8217;da bireysel y\u00f6neticilere y\u00f6nelik iftira, taklit ve a\u015fa\u011f\u0131lay\u0131c\u0131 g\u00f6nderilerde bulunan hesaplar\u0131n yazar kimliklerini belirledik.<\/p>\n\t\t\t<\/li>\n\t\t\t<li>\n\t\t\t\t<div><img decoding=\"async\" src=\"\/wp-content\/themes\/monolith2021\/img\/systemdevelopment\/systemdevelopment_support_pic3.jpg\" alt=\"\u0130\u015fletme \u015firketi\"><\/div>\n\t\t\t\t<h4>\u0130\u015fletme \u015eirketi<\/h4>\n\t\t\t\t<p>5channel ve Google Reviews gibi anonim mesaj panolar\u0131nda belirli y\u00f6neticilere y\u00f6nelik iftira i\u00e7erikli g\u00f6nderilerin yazarlar\u0131n\u0131 tespit ettik.<\/p>\n\t\t\t<\/li>\n\t\t\t<li>\n\t\t\t\t<div><img decoding=\"async\" src=\"\/wp-content\/themes\/monolith2021\/img\/identificationofslander\/identificationofslander_support_pic4.jpg\" alt=\"Tan\u0131nm\u0131\u015f YouTuber\"><\/div>\n\t\t\t\t<h4>Tan\u0131nm\u0131\u015f YouTuber<\/h4>\n\t\t\t\t<p>Ki\u015fisel bilgilerin s\u0131zd\u0131r\u0131lmas\u0131 ve di\u011fer YouTuber&#8217;lar\u0131n videolar\u0131nda, ki\u015fisel bloglarda ve di\u011fer platformlarda yap\u0131lan iftira niteli\u011findeki yorumlar\u0131n yazarlar\u0131n\u0131 belirlemede yard\u0131mc\u0131 olduk.<\/p>\n\t\t\t<\/li>\n\t\t<\/ul>\n\t\t<div class=\"frame2-white max-width860 txt-center-pc\">\n\t\t\t<p class=\"txt-l bold\">Yazar tespiti, stratejik planlamadan belirli operasyonel g\u00f6revlere kadar geni\u015f bir uzmanl\u0131k gerektiren olduk\u00e7a \u00f6zelle\u015fmi\u015f bir aland\u0131r.<\/p>\n\t\t<\/div>\n\t<\/div>\n<\/section>\n\n<section class=\"white-section\">\n\t<div class=\"anchor\" id=\"procedures-for-identifying-authors-under-japanese-law\"><\/div>\n\t<div class=\"section-inner pdb0\">\n\t\t<h3>\u65e5\u672c\u6cd5\u4e0b\u3067\u306e\u6295\u7a3f\u8005\u7279\u5b9a\u624b\u7d9a\u304d<\/h3>\n\t\t<p class=\"mgb-middle\">Japonya&#8217;da, iftira niteli\u011findeki \u00e7evrimi\u00e7i g\u00f6nderilerin yazarlar\u0131n\u0131 tespit etmek ve siber iftirayla m\u00fccadele etmek i\u00e7in \u00e7e\u015fitli yasal prosed\u00fcrler mevcuttur. Hukuk profesyonelleri olarak, yazarlar\u0131n kimli\u011fini belirlemek i\u00e7in bu prosed\u00fcrleri se\u00e7ici ve kombine bir \u015fekilde kullan\u0131yoruz. Bu prosed\u00fcrlerin olduk\u00e7a uzmanl\u0131k gerektiren do\u011fas\u0131 nedeniyle, bu sayfada kapsaml\u0131 bir a\u00e7\u0131klama sunmak zor olsa da, bir genel bak\u0131\u015f sa\u011flayaca\u011f\u0131z.<\/p>\n\t\t<ul class=\"layout-datalist\">\n\t\t\t<li>\n\t\t\t\t<h4>A: A\u00e7\u0131klama Talebi (Ge\u00e7ici D\u00fczenleme)<\/h4>\n\t\t\t\t<p>Bu h\u0131zland\u0131r\u0131lm\u0131\u015f ara \u00f6nlem, resmi bir dava s\u00fcrecine ba\u015fvurmadan web site i\u015fletmecilerinden veya hosting sunucu y\u00f6neticilerinden, g\u00f6nderinin IP adresinin a\u00e7\u0131klanmas\u0131n\u0131 talep etmemize olanak tan\u0131r. Ancak, baz\u0131 web sitelerinin bu prosed\u00fcre gerek kalmadan gayri resmi m\u00fczakereler yoluyla IP adresi a\u00e7\u0131klamas\u0131 yapmay\u0131 g\u00f6n\u00fcll\u00fc olarak sa\u011flayabilece\u011fini belirtmek \u00f6nemlidir. Bu t\u00fcr durumlarda do\u011fru karar\u0131 verebilmek, bilgili avukatlar\u0131n deneyimi ve uzmanl\u0131\u011f\u0131n\u0131 gerektirir.<\/p>\n\t\t\t<\/li>\n\t\t\t<li>\n\t\t\t\t<h4>B: Bilgi Silinmesinin \u00d6nlenmesi<\/h4>\n\t\t\t\t<p>Prosed\u00fcr A arac\u0131l\u0131\u011f\u0131yla elde edilen a\u00e7\u0131klanm\u0131\u015f IP adresini analiz ederek, anonim kullan\u0131c\u0131n\u0131n kulland\u0131\u011f\u0131 internet servis sa\u011flay\u0131c\u0131s\u0131n\u0131 (ISP) tespit etmek m\u00fcmk\u00fcnd\u00fcr. Prosed\u00fcr C&#8217;de, kan\u0131tlar\u0131n korunmas\u0131 i\u00e7in ISP&#8217;den g\u00f6nderen bilgilerinin (kullan\u0131c\u0131n\u0131n internet ba\u011flant\u0131s\u0131yla ilgili log verileri) silinmemesi talep edilmesi hayati \u00f6nem ta\u015f\u0131r.<\/p>\n\t\t\t<\/li>\n\t\t\t<li>\n\t\t\t\t<h4>C: A\u00e7\u0131klama Talebi (Dava)<\/h4>\n\t\t\t\t<p>Bu prosed\u00fcr, anonim kullan\u0131c\u0131n\u0131n adresini ve ad\u0131n\u0131 a\u00e7\u0131klamas\u0131 i\u00e7in tespit edilen ISP&#8217;ye kar\u015f\u0131 dava a\u00e7may\u0131 i\u00e7erir. Anonim kullan\u0131c\u0131n\u0131n telefon numaras\u0131n\u0131 kaydetti\u011fi web siteleri s\u00f6z konusu oldu\u011funda, bu prosed\u00fcr web site i\u015fletmecisine o telefon numaras\u0131n\u0131n a\u00e7\u0131klanmas\u0131n\u0131 talep etmek i\u00e7in kullan\u0131labilir. Bu prosed\u00fcrde acil ge\u00e7ici \u00f6nlemler kullan\u0131lamaz ve Japon yasal i\u00e7tihatlar\u0131na g\u00f6re resmi bir dava s\u00fcreci gereklidir.<\/p>\n\t\t\t<\/li>\n\t\t\t<li>\n\t\t\t\t<h4>D: A\u00e7\u0131klama Emri (2022 De\u011fi\u015fikli\u011fi)<\/h4>\n\t\t\t\t<p>Yeni tan\u0131t\u0131lan bu yasal \u00e7er\u00e7eve, Prosed\u00fcrler A, B ve C&#8217;yi tek bir prosed\u00fcrde birle\u015ftirerek, t\u00fcm ad\u0131mlar\u0131n (A, B ve C) daha k\u0131sa bir zaman diliminde uygulanmas\u0131n\u0131 sa\u011flar. Bu prosed\u00fcr h\u0131zland\u0131r\u0131lm\u0131\u015f bir mekanizma kullan\u0131r. \u015eu anda, bu prosed\u00fcr yazar tespiti i\u00e7in genel ilke olarak kabul edilmektedir. Ancak, IP adresi olmadan sadece bir telefon numaras\u0131n\u0131n kaydedildi\u011fi web siteleri veya IP adresinin a\u00e7\u0131klanmas\u0131n\u0131n g\u00f6n\u00fcll\u00fc m\u00fczakereler yoluyla sa\u011flanabilece\u011fi durumlar gibi istisnalar vard\u0131r. Bu istisnalar\u0131n ele al\u0131nmas\u0131nda hukuk profesyonellerinin uzmanl\u0131\u011f\u0131 ve bilgi birikimi esast\u0131r.<\/p>\n\t\t\t<\/li>\n\t\t\t<li>\n\t\t\t\t<h4>E: Baro Derne\u011fi Arac\u0131l\u0131\u011f\u0131yla Sorgulama Prosed\u00fcr\u00fc<\/h4>\n\t\t\t\t<p>Yukar\u0131da belirtilen prosed\u00fcrler s\u0131ras\u0131nda g\u00f6nderenin telefon numaras\u0131 biliniyorsa, bu telefon numaras\u0131n\u0131 kullanan ki\u015finin adresinin veya ad\u0131n\u0131n telekom\u00fcnikasyon ta\u015f\u0131y\u0131c\u0131s\u0131ndan a\u00e7\u0131klanmas\u0131n\u0131 talep etmek gereklidir. Japonya&#8217;da, mobil telefon ta\u015f\u0131y\u0131c\u0131lar\u0131n\u0131n, ba\u011fl\u0131 olduklar\u0131 baro derne\u011fi arac\u0131l\u0131\u011f\u0131yla bir avukat\u0131n uygun bir sorgulama yapmas\u0131 durumunda bilgi a\u00e7\u0131klamas\u0131 yapma uygulamas\u0131 vard\u0131r.<\/p>\n\t\t\t<\/li>\n\t\t<\/ul>\n\t<\/div>\n<\/section>\n\n<section class=\"white-section\">\n\t<div class=\"section-inner\">\n\t\t<div class=\"frame2 max-width860 txt-center-pc\">\n\t\t\t<p class=\"bold txt-l\">Hakaret i\u00e7eren g\u00f6nderilerin yazarlar\u0131n\u0131 Japon hukukuna g\u00f6re belirlemek ger\u00e7ekten olduk\u00e7a karma\u015f\u0131k ve uzmanl\u0131k gerektiren bir aland\u0131r. Herhangi bir sorunuz veya endi\u015feniz varsa, uygulanabilirlik ve maliyet y\u00f6nleri dahil olmak \u00fczere, l\u00fctfen bizimle \u00e7ekinmeden ileti\u015fime ge\u00e7in. Size yard\u0131mc\u0131 olmak ve gerekli y\u00f6nlendirmeyi sa\u011flamak i\u00e7in buraday\u0131z.<\/p>\n\t\t<\/div>\n\t<\/div>\n<\/section>\n\n<section class=\"orange-section\">\n\t<div class=\"anchor\" id=\"publications-as-a-lawyer-specializing-in-mitigating-reputational-damage\"><\/div>\n\t<div class=\"section-inner\">\n\t\t<div class=\"flex\">\n\t\t\t<div class=\"width41\"><img decoding=\"async\" src=\"\/wp-content\/themes\/monolith2021\/img\/pic\/pic_publishing2.jpg\" alt=\"\u0130tibar Zarar\u0131n\u0131 Hafifletmeye Uzmanla\u015fm\u0131\u015f Avukat olarak Yay\u0131nlar\"><\/div>\n\t\t\t<div class=\"width51\">\n\t\t\t\t<h3>\u0130tibar Zarar\u0131n\u0131 Azaltmada Uzmanla\u015fm\u0131\u015f Bir Avukat Olarak Yay\u0131nlar<\/h3>\n\t\t\t\t<p class=\"mgb-small\">Avukatlar taraf\u0131ndan olu\u015fturulan Sa\u011flay\u0131c\u0131 Sorumluluk S\u0131n\u0131rlama Yasas\u0131 \u00fczerine Pratik \u00c7al\u0131\u015fma Grubu&#8217;nun bir par\u00e7as\u0131 olarak, itibar zarar\u0131 \u00f6nlemleri \u00fczerine yarg\u0131 kararlar\u0131 koleksiyonu olan &#8220;Sa\u011flay\u0131c\u0131 Sorumluluk S\u0131n\u0131rlama Yasas\u0131 Yarg\u0131 Kararlar\u0131&#8221;n\u0131n yaz\u0131m\u0131na kat\u0131ld\u0131.<\/p>\n\t\t\t\t<p>Jiyuukokumin-sha taraf\u0131ndan yay\u0131nlanan ve &#8220;Gendai Yogo no Kihonjitsu&#8221; (Modern Terminolojinin Temel Bilgileri) kitab\u0131n\u0131n yay\u0131nc\u0131s\u0131 olan &#8220;Dijital D\u00f6vme &#8211; \u0130nternet \u0130ftiras\u0131 ve \u0130tibar Zarar\u0131 Dosyas\u0131&#8221;n\u0131 yay\u0131nlad\u0131 ve bu yay\u0131n kayd\u0131na dayanarak NHK Cumartesi dramas\u0131 &#8220;Dijital D\u00f6vme&#8221;nin tasla\u011f\u0131n\u0131 haz\u0131rlad\u0131.<\/p>\n\t\t\t<\/div>\n\t\t<\/div>\n\t<\/div>\n<\/section>\n\n<section class=\"purple2-section\">\n\t<div class=\"anchor\" id=\"monolith-law-magazine\"><\/div>\n\t<div class=\"section-inner\">\n\t\t    <section class=\"white-section temp-article\">\n        <div class=\"section-inner\">\n            <h4>MONOLITH LAW MAGAZINE<\/h4>\n            <div class=\"articles type_practice_column\">\n                                                                    <div class=\"article article-area\">\n                        <figure>\n                            <div class=\"img-wrap\">\n                                <img alt=\"Instagram'da Yap\u0131lan Hakaret ve \u0130ftiralar\u0131 Kan\u0131t Olarak Nas\u0131l Saklars\u0131n\u0131z? Mahkemede Kullan\u0131labilecek Delilleri Koruma Y\u00f6ntemlerini A\u00e7\u0131kl\u0131yoruz\" src=\"https:\/\/monolith.law\/tr\/wp-content\/uploads\/sites\/24\/2025\/08\/b7a6d88c3f4a061d0c0c2cfa711ac604.webp\" width=\"500\" height=\"250\">\n                            <\/div>\n                            <figcaption>\n                                <div class=\"figcaption-inner\">\n                                    <h3>Instagram'da Yap\u0131lan Hakaret ve \u0130ftiralar\u0131 Kan\u0131t Olarak Nas\u0131l Saklars\u0131n\u0131z? Mahke.<\/h3>\n                                <\/div>\n                            <\/figcaption>\n                            <a href=\"https:\/\/monolith.law\/tr\/it\/instagram-preservation-evidence\"><\/a>\n                        <\/figure>\n                    <\/div>\n                                                    <div class=\"article article-area\">\n                        <figure>\n                            <div class=\"img-wrap\">\n                                <img alt=\"LINE'dan Bilgi Talebi M\u00fcmk\u00fcn m\u00fc? G\u00f6nderenin Bilgilerinin A\u00e7\u0131\u011fa \u00c7\u0131kmas\u0131yla Ki\u015fisel Kimlik Tespiti Hakk\u0131nda A\u00e7\u0131klama\" src=\"https:\/\/monolith.law\/tr\/wp-content\/uploads\/sites\/24\/2024\/11\/29578280_m.webp\" width=\"500\" height=\"250\">\n                            <\/div>\n                            <figcaption>\n                                <div class=\"figcaption-inner\">\n                                    <h3>LINE'dan Bilgi Talebi M\u00fcmk\u00fcn m\u00fc? G\u00f6nderenin Bilgilerinin A\u00e7\u0131\u011fa \u00c7\u0131kmas\u0131yla Ki\u015fise.<\/h3>\n                                <\/div>\n                            <\/figcaption>\n                            <a href=\"https:\/\/monolith.law\/tr\/internet\/line-disclosure-request\"><\/a>\n                        <\/figure>\n                    <\/div>\n                                                    <div class=\"article article-area\">\n                        <figure>\n                            <div class=\"img-wrap\">\n                                <img alt=\"At\u0131l Hesaplar\u0131n Tespiti M\u00fcmk\u00fcn m\u00fc? Tespit S\u00fcreci ve Uygun Hukuki \u00d6nlemler Hakk\u0131nda A\u00e7\u0131klama\" src=\"https:\/\/monolith.law\/tr\/wp-content\/uploads\/sites\/24\/2024\/11\/29306999_m-1024x683-1.webp\" width=\"500\" height=\"250\">\n                            <\/div>\n                            <figcaption>\n                                <div class=\"figcaption-inner\">\n                                    <h3>At\u0131l Hesaplar\u0131n Tespiti M\u00fcmk\u00fcn m\u00fc? Tespit S\u00fcreci ve Uygun Hukuki \u00d6nlemler Hakk\u0131n.<\/h3>\n                                <\/div>\n                            <\/figcaption>\n                            <a href=\"https:\/\/monolith.law\/tr\/internet\/throwaway-account\"><\/a>\n                        <\/figure>\n                    <\/div>\n                                            <\/div>\n            <div class=\"btn-more\"><a href=\"https:\/\/monolith.law\/tr\/tag\/id-of-the-defamatory-statement\">Read More<\/a><\/div>\n        <\/div>\n    <\/section>\n\t<\/div>\n<\/section>\n\n<section class=\"orange2-section\">\n\t<div class=\"anchor\" id=\"fee-structure\"><\/div>\n\t<div class=\"section-inner\">\n\t<div class=\"planWrap\">\n\t<h3>Fee Structure<\/h3>\n\t<ul class=\"plan\">\n\t\t<li class=\"txt-left\">\n\t\t\t<div class=\"plan-inner\">\n\t\t\t<div class=\"plan-header\">\n\t\t\t<h4 class=\"plan-title\">Saatlik \u00dccret<\/h4>\n\t\t\t<div class=\"plan-price\"><span class=\"price-figure\">$300<\/span>saat ba\u015f\u0131na<span class=\"price-tax\"> <\/span><\/div>\n\t\t\t<\/div>\n\t\t\t<div class=\"plan-body\">Belirli durumlarda, bir dava veya davan\u0131n ba\u015flat\u0131lma \u00fccreti ve ba\u015far\u0131ya ba\u011fl\u0131 \u00fccret ile kabul edilmesini d\u00fc\u015f\u00fcnebiliriz. Daha fazla bilgi i\u00e7in l\u00fctfen bizimle ileti\u015fime ge\u00e7mekten \u00e7ekinmeyin.<\/div>\n\t\t\t<\/div>\n\t\t<\/li>\n\t\t<li class=\"txt-left\">\n\t\t\t<div class=\"plan-inner\">\n\t\t\t<div class=\"plan-header\">\n\t\t\t<h4 class=\"plan-title\">S\u00f6zle\u015fme Haz\u0131rlama<\/h4>\n\t\t\t<div class=\"plan-price\"><span class=\"price-value\">minimum<\/span><span class=\"price-figure\">$500<\/span><span class=\"price-value\">ile $2,000 veya daha fazla<\/span><span class=\"price-tax\"><\/span><\/div>\n\t\t\t<\/div>\n\t\t\t<div class=\"plan-body\">Fiyatland\u0131rma yap\u0131s\u0131, s\u00f6zle\u015fmelerin t\u00fcr\u00fcne ve miktar\u0131na g\u00f6re de\u011fi\u015fiklik g\u00f6sterebilir. Talep \u00fczerine \u00f6n tahmin sunmaktan memnuniyet duyar\u0131z, bu nedenle daha fazla bilgi i\u00e7in bizimle ileti\u015fime ge\u00e7mekten \u00e7ekinmeyin.<\/div>\n\t\t\t<\/div>\n\t\t<\/li>\n\t\t<li class=\"txt-left\">\n\t\t\t<div class=\"plan-inner\">\n\t\t\t<div class=\"plan-header\">\n\t\t\t<h4 class=\"plan-title\">Di\u011fer Hizmetler<\/h4>\n\t\t\t<div class=\"plan-price\"><span class=\"price-figure\">Bize Ula\u015f\u0131n<\/span><\/div>\n\t\t\t<\/div>\n\t\t\t<div class=\"plan-body\">\u015eirket kurulu\u015fu, s\u00f6zle\u015fme incelemesi, hukuki g\u00f6r\u00fc\u015f, dava incelemesi veya ara\u015ft\u0131rma mektubu dahil olmak \u00fczere geni\u015f bir hizmet yelpazesi sunuyoruz. Herhangi bir sorunuz veya endi\u015feniz varsa, bizimle ileti\u015fime ge\u00e7mekten \u00e7ekinmeyin ve bilgili ekibimiz size yard\u0131mc\u0131 olmaktan mutluluk duyacakt\u0131r.<\/div>\n\t\t\t<\/div>\n\t\t\t<\/div>\n\t\t<\/li>\n\t<\/ul>\n\t<\/div>\n\t<\/div>\n<\/section>\n\n<section class=\"white-section\">\n\t<div class=\"section-inner\">\n\t\t<div class=\"btn-area\">\n\t\t\t<div class=\"btn icon-contact\"><a href=\"\/tr\/contact\">Bize Ula\u015f\u0131n<\/a><\/div>\n\t\t<\/div>\n\t<\/div>\n<\/section>\n","protected":false},"excerpt":{"rendered":"<p>\u0130ftira Beyan\u0131n\u0131n Kimli\u011fi Japon yasalar\u0131na g\u00f6re, bir \u015firket veya birey, internet \u00fczerinde anonim bir kullan\u0131c\u0131 taraf\u0131ndan iftiraya veya mahremiyet ihlaline u\u011frad\u0131\u011f\u0131nda, mahkeme taraf\u0131ndan kolayla\u015ft\u0131r\u0131l [&hellip;]<\/p>\n","protected":false},"author":1,"featured_media":57174,"parent":0,"menu_order":7,"comment_status":"closed","ping_status":"closed","template":"other-page-temp.php","meta":{"footnotes":""},"acf":[],"_links":{"self":[{"href":"https:\/\/monolith.law\/tr\/wp-json\/wp\/v2\/pages\/30684"}],"collection":[{"href":"https:\/\/monolith.law\/tr\/wp-json\/wp\/v2\/pages"}],"about":[{"href":"https:\/\/monolith.law\/tr\/wp-json\/wp\/v2\/types\/page"}],"author":[{"embeddable":true,"href":"https:\/\/monolith.law\/tr\/wp-json\/wp\/v2\/users\/1"}],"replies":[{"embeddable":true,"href":"https:\/\/monolith.law\/tr\/wp-json\/wp\/v2\/comments?post=30684"}],"version-history":[{"count":30,"href":"https:\/\/monolith.law\/tr\/wp-json\/wp\/v2\/pages\/30684\/revisions"}],"predecessor-version":[{"id":62816,"href":"https:\/\/monolith.law\/tr\/wp-json\/wp\/v2\/pages\/30684\/revisions\/62816"}],"wp:featuredmedia":[{"embeddable":true,"href":"https:\/\/monolith.law\/tr\/wp-json\/wp\/v2\/media\/57174"}],"wp:attachment":[{"href":"https:\/\/monolith.law\/tr\/wp-json\/wp\/v2\/media?parent=30684"}],"curies":[{"name":"wp","href":"https:\/\/api.w.org\/{rel}","templated":true}]}}