{"id":31513,"date":"2023-11-05T23:20:32","date_gmt":"2023-11-05T14:20:32","guid":{"rendered":"https:\/\/monolith.law\/?page_id=31513"},"modified":"2024-01-17T18:39:39","modified_gmt":"2024-01-17T09:39:39","slug":"m-and-a-of-sns-accounts","status":"publish","type":"page","link":"https:\/\/monolith.law\/tr\/m-and-a-of-sns-accounts","title":{"rendered":"SNS Hesaplar\u0131n\u0131n M&amp;A's\u0131"},"content":{"rendered":"\n<section class=\"heading-area\">\n\t<div class=\"heading-area-inner\">\n\t\t<h2 class=\"icon-m-and-a-of-sns-accounts\">SNS Hesaplar\u0131n\u0131n M&amp;A&#8217;s\u0131<\/h2>\n\t\t<p>YouTube kanallar\u0131 ve Twitter hesaplar\u0131n\u0131n M&amp;A&#8217;s\u0131, \u00f6zel bilgi ve beceri gerektiren olduk\u00e7a uzmanla\u015fm\u0131\u015f bir aland\u0131r. IT, internet ve i\u015f d\u00fcnyas\u0131 uzmanlar\u0131na sahip bir hukuk firmas\u0131 olarak, bu alanda kapsaml\u0131 destek sa\u011fl\u0131yoruz.<\/p>\n\t<\/div>\n<\/section>\n\n<section class=\"white-section\">\n\t<div class=\"section-inner pdt0 border-bottom-section\">\n\t\t<p>Similar to websites, YouTube channels and Twitter accounts are also subject to M&amp;A. However, because these M&amp;As are unique situations, it is necessary to hire a law firm with specialized knowledge and expertise. \nMonolith Law Office is a law firm specializing in IT, the Internet and business. Our attorneys handle every aspect of many M&amp;As, from small projects involving YouTube channels to projects worth more than 100 million yen, ranging from contract drafting to due diligence (DD).<\/p>\n\t<\/div>\n<\/section>\n\n<section class=\"second-nav\">\n\t<div class=\"second-nav-inner\">\n\t\t<p>BA\u015eLIKLAR<\/p>\n\t\t<nav>\n\t\t\t<ul>\n\t\t\t\t<li><a href=\"#an-example-of-ma-track-record\">M&amp;A ge\u00e7mi\u015fine \u00f6rnekler<\/a><\/li>\n\t\t\t\t<li><a href=\"#ma-special-feature-on-sns-such-as-youtube\">YouTube gibi SNS&#8217;lerde \u00f6zel M&amp;A \u00f6zellikleri<\/a><\/li>\n\t\t\t\t<li><a href=\"#responding-to-legal-due-diligence-dd\">Hukuki nizama (DD) yan\u0131t verme<\/a><\/li>\n\t\t\t\t<li><a href=\"#legal-due-diligence-dd-peculiarities-of-sns-etc\">SNS&#8217;lerin hukuki nizam \u00f6zellikleri<\/a><\/li>\n\t\t\t\t<li><a href=\"#an-example-of-our-client\">M\u00fc\u015fteri \u00f6rne\u011fimiz<\/a><\/li>\n\t\t\t\t<li><a href=\"#book-writing-records\">Yay\u0131n kay\u0131tlar\u0131<\/a><\/li>\n\t\t\t\t<li><a href=\"#media-appearance-record\">Medya g\u00f6r\u00fcn\u00fcm kay\u0131tlar\u0131<\/a><\/li>\n\t\t\t\t<li><a href=\"#monolith-law-magazine\">MONOLITH LAW MAGAZINE<\/a><\/li>\n\t\t\t\t<li><a href=\"#fee-structure\">\u00dccret yap\u0131s\u0131<\/a><\/li>\n\t\t\t<\/ul>\n\t\t<\/nav>\n\t<\/div>\n<\/section>\n\n<section class=\"white-section\">\n\t<div class=\"anchor\" id=\"an-example-of-ma-track-record\"><\/div>\n\t<div class=\"section-inner\">\n\t\t<h3>M&#038;A \u0130\u015flem Ge\u00e7mi\u015fine \u00d6rnekler<\/h3>\n\t\t<ul class=\"layout-column4\">\n\t\t\t<li>\n\t\t\t\t<div><img decoding=\"async\" src=\"\/wp-content\/themes\/monolith2021\/img\/practices-youtuberlaw\/practices-youtuberlaw_necessity_pic3.jpg\" alt=\"YouTube channel\"><\/div>\n\t\t\t\t<h4>YouTube Kanal\u0131<\/h4>\n\t\t\t\t<p>VTuber ve anime YouTube kanallar\u0131n\u0131n devri gibi 100 milyon yenin \u00fczerinde M&#038;A ve due diligence i\u015flemleri konusunda deneyime sahibiz.<\/p>\n\t\t\t<\/li>\n\t\t\t<li>\n\t\t\t\t<div><img decoding=\"async\" src=\"\/wp-content\/themes\/monolith2021\/img\/snsmalaw\/snsmalaw_example_pic2.jpg\" alt=\"Twitter hesab\u0131\"><\/div>\n\t\t\t\t<h4>Twitter Hesab\u0131<\/h4>\n\t\t\t\t<p>Bilgi sa\u011flayan Twitter hesaplar\u0131n\u0131n devriyle ilgili \u00e7ok say\u0131da s\u00f6zle\u015fme ve due diligence i\u015flemlerini y\u00f6netiyoruz.<\/p>\n\t\t\t<\/li>\n\t\t\t<li>\n\t\t\t\t<div><img decoding=\"async\" src=\"\/wp-content\/themes\/monolith2021\/img\/snsmalaw\/snsmalaw_example_pic3.jpg\" alt=\"Instagram hesab\u0131\"><\/div>\n\t\t\t\t<h4>Instagram Hesab\u0131<\/h4>\n\t\t\t\t<p>Sahip oldu\u011fumuz medya i\u015fletmelerinin devri kapsam\u0131nda Instagram hesaplar\u0131n\u0131n transferini destekliyoruz.<\/p>\n\t\t\t<\/li>\n\t\t\t<li>\n\t\t\t\t<div><img decoding=\"async\" src=\"\/wp-content\/themes\/monolith2021\/img\/snsmalaw\/snsmalaw_example_pic4.jpg\" alt=\"Di\u011fer SNS\"><\/div>\n\t\t\t\t<h4>Di\u011fer SNS<\/h4>\n\t\t\t\t<p>Di\u011fer SNS ve web hizmetleri konusunda da deneyim ve bilgi birikimine sahibiz.<\/p>\n\t\t\t<\/li>\n\t\t<\/ul>\n\t<\/div>\n<\/section>\n\n<section class=\"white-section\">\n\t<div class=\"section-inner pdt0\">\n\t\t<div class=\"frame2 max-width860 txt-center-pc\">\n\t\t\t<p class=\"bold txt-l\">MONOLITH LAW OFFICE, IT, internet ve i\u015f d\u00fcnyas\u0131 alanlar\u0131nda uzmanla\u015fm\u0131\u015f bir hukuk firmas\u0131d\u0131r.<br class=\"pcOnly\">K\u00fc\u00e7\u00fck anla\u015fmalardan 100 milyon yenin \u00fczerindeki i\u015flemlere kadar YouTube kanallar\u0131 da dahil olmak \u00fczere M&#038;A&#8217;lar i\u00e7in s\u00f6zle\u015fme haz\u0131rlamadan due diligence (DD) i\u015flemlerine kadar hukuki hizmetler sunuyoruz.<br class=\"pcOnly\"><\/p>\n\t\t<\/div>\n\t<\/div>\n<\/section>\n\n<section class=\"orange-section\">\n\t<div class=\"anchor\" id=\"ma-special-feature-on-sns-such-as-youtube\"><\/div>\n\t<div class=\"section-inner\">\n\t\t<h3>YouTube Gibi SNS&#8217;de \u00d6zel M&#038;A \u00d6zellikleri<\/h3>\n\t\t<ul class=\"layout-column4\">\n\t\t\t<li>\n\t\t\t\t<div><img decoding=\"async\" src=\"\/wp-content\/themes\/monolith2021\/img\/snsmalaw\/snsmalaw_specificity_pic1.jpg\" alt=\"IT\/\u0130nternet hukuki i\u015fleri\"><\/div>\n\t\t\t\t<h4>IT\/\u0130nternet Hukuki \u0130\u015fleri<\/h4>\n\t\t\t\t<p>IT ve \u0130nternet konusunda geni\u015f deneyimlere sahip bir hukuk b\u00fcrosu olmad\u0131k\u00e7a, i\u015flemlerle ilgili hukuki kontrol noktalar\u0131n\u0131 do\u011fru bir \u015fekilde belirlemek zor olacakt\u0131r.<\/p>\n\t\t\t<\/li>\n\t\t\t<li>\n\t\t\t\t<div><img decoding=\"async\" src=\"\/wp-content\/themes\/monolith2021\/img\/snsmalaw\/snsmalaw_specificity_pic2.jpg\" alt=\"Fikri m\u00fclkiyet hukuku\"><\/div>\n\t\t\t\t<h4>Fikri M\u00fclkiyet Hukuku<\/h4>\n\t\t\t\t<p>SNS hesaplar\u0131n\u0131 devrederken haklar\u0131 do\u011fru bir \u015fekilde ele alabilmek i\u00e7in telif haklar\u0131 gibi fikri m\u00fclkiyet haklar\u0131 konusunda uzman bilgi gereklidir.<\/p>\n\t\t\t<\/li>\n\t\t\t<li>\n\t\t\t\t<div><img decoding=\"async\" src=\"\/wp-content\/themes\/monolith2021\/img\/snsmalaw\/snsmalaw_specificity_pic3.jpg\" alt=\"Lisanslama, vb.\"><\/div>\n\t\t\t\t<h4>IP Lisanslama<\/h4>\n\t\t\t\t<p>\u00c7e\u015fitli medyalarda i\u00e7erik yay\u0131nlarken \u00fc\u00e7\u00fcnc\u00fc \u015fah\u0131slar taraf\u0131ndan belirlenen lisanslar\u0131 anlamak esast\u0131r ve bunu do\u011fru yapmak olduk\u00e7a uzmanl\u0131k gerektiren bir i\u015ftir.<\/p>\n\t\t\t<\/li>\n\t\t\t<li>\n\t\t\t\t<div><img decoding=\"async\" src=\"\/wp-content\/themes\/monolith2021\/img\/snsmalaw\/snsmalaw_specificity_pic4.jpg\" alt=\"\u015eartlar ve Y\u00f6nergeler\"><\/div>\n\t\t\t\t<h4>\u015eartlar<\/h4>\n\t\t\t\t<p>\u00d6rne\u011fin, YouTube kanallar\u0131 i\u00e7in Due Diligence (DD) s\u00fcreci, terim bilgisine sahip olmay\u0131 ve \u00e7e\u015fitli y\u00f6nergelerin en g\u00fcncel s\u00fcr\u00fcmlerini takip etmeyi gerektirir.<\/p>\n\t\t\t<\/li>\n\t\t<\/ul>\n\t<\/div>\n<\/section>\n\n<section class=\"white-section\">\n\t<div class=\"anchor\" id=\"responding-to-legal-due-diligence-dd\"><\/div>\n\t<div class=\"section-inner\">\n\t\t<div class=\"flex reverse\">\n\t\t\t<div class=\"width41\"><img decoding=\"async\" src=\"\/wp-content\/themes\/monolith2021\/img\/pic\/pic_legalduediligence.jpg\" alt=\"Hukuki due diligence (DD) s\u00fcrecine yan\u0131t\"><\/div>\n\t\t\t<div class=\"width51\">\n\t\t\t\t<h3>Hukuki durum tespiti (DD) yan\u0131tlama<\/h3>\n\t\t\t\t<p class=\"mgb-small\">YouTube kanallar\u0131 ve Twitter gibi SNS hesaplar\u0131n\u0131n i\u015fletme transferi, bunlara sahip olan \u015firketlerin hisse senedi transferi, baz\u0131 durumlarda, ad\u0131 ge\u00e7en s\u0131radan birle\u015fme ve devralmalar (M&#038;A) gibi hukuki durum tespiti (DD) gerektiren s\u00f6zle\u015fmelerdir.<\/p>\n\t\t\t\t<p class=\"mgb-small\">Hukuk firmam\u0131z MONOLITH LAW OFFICE, bu t\u00fcr y\u00fcksek derecede uzmanla\u015fm\u0131\u015f M&#038;A i\u015flemleri i\u00e7in hukuki durum tespiti (DD) ve DD raporlar\u0131 haz\u0131rlar.<\/p>\n\t\t\t\t<p class=\"txt-s\">* DD raporu olu\u015fturma durumunda, avukat\u0131n \u00e7al\u0131\u015fma saatleri, prensipte, 30 saat veya daha fazlad\u0131r (avukatl\u0131k \u00fccreti 1 milyon yen veya daha fazlad\u0131r).<\/p>\n\t\t\t<\/div>\n\t\t<\/div>\n\t<\/div>\n<\/section>\n\n<section class=\"white-section\">\n\t<div class=\"anchor\" id=\"legal-due-diligence-dd-peculiarities-of-sns-etc\"><\/div>\n\t<div class=\"section-inner-black\">\n\t\t<h3><br class=\"spOnly\">SNS i\u00e7in Hukuki Due Diligence \u00d6zellikleri<\/h3>\n\t\t<p class=\"mgb-small\">\u00d6rne\u011fin, bir YouTube kanal\u0131 i\u00e7in M&#038;A DD y\u00fcr\u00fct\u00fcl\u00fcrken, kanalda yay\u0131nlanan videolar\u0131n yasall\u0131\u011f\u0131, YouTube&#8217;un hizmet \u015fartlar\u0131 ve \u00e7e\u015fitli y\u00f6nergelerle uyumlulu\u011fu g\u00f6z \u00f6n\u00fcnde bulundurulmal\u0131d\u0131r. Bu t\u00fcr sorunlar ortaya \u00e7\u0131karsa, kamu videolar\u0131 silinebilir ve en k\u00f6t\u00fc senaryoda hesap ask\u0131ya al\u0131nabilir, bu da kanal\u0131n de\u011ferinin yanl\u0131\u015f anla\u015f\u0131lmas\u0131na neden olabilir.<\/p>\n\t\t<p class=\"mgb-small\">Bunu yapabilmek i\u00e7in, videolarda kullan\u0131lan nesne ve m\u00fcziklerin telif haklar\u0131, insanlar\u0131n g\u00f6r\u00fcn\u00fc\u015fleriyle ilgili portre haklar\u0131 ve gizlilik haklar\u0131, ayr\u0131ca kozmetik ve sa\u011fl\u0131k g\u0131dalar\u0131 tan\u0131t\u0131l\u0131rken sorun te\u015fkil edebilecek reklam d\u00fczenlemeleri gibi \u00e7e\u015fitli alanlarda hukuki bilgi gereklidir. Kullan\u0131m \u015fartlar\u0131n\u0131 ve \u00e7e\u015fitli y\u00f6nergeleri anlaman\u0131n yan\u0131 s\u0131ra en g\u00fcncel versiyonlar\u0131 takip etmek de kritik \u00f6nem ta\u015f\u0131r.<\/p>\n\t\t<p class=\"mgb-middle\">Ayr\u0131ca, kullan\u0131m \u015fartlar\u0131 ve y\u00f6nergeler g\u00f6n\u00fcll\u00fcl\u00fck esas\u0131na g\u00f6re olu\u015fturuldu\u011fundan, bu alanda uzmanla\u015fm\u0131\u015f bir hukuk b\u00fcrosu bulmak esast\u0131r.<\/p>\n\n\n\n\t<\/div>\n<\/section>\n\n<section class=\"white-section\">\n\t<div class=\"anchor\" id=\"an-example-of-our-client\"><\/div>\n\t<div class=\"section-inner\">\n\t\t<h3>Bir M\u00fc\u015fteri \u00d6rne\u011fimiz<\/h3>\n\t\t<ul class=\"layout-column4 mgb-middle\">\n\t\t\t<li>\n\t\t\t\t<div><img decoding=\"async\" src=\"\/wp-content\/themes\/monolith2021\/img\/clients\/logo_zizai.png\" alt=\"ZIZAI\"><\/div>\n\t\t\t\t<h4><a href=\"https:\/\/zizai.co.jp\/\" target=\"_blank\" rel=\"noopener noreferrer\">ZIZAI Inc.<\/a><\/h4>\n\t\t\t\t<p>ZIZAI Inc. i\u00e7in, VTuber\/virtual YouTuber Miraiakari ve pachinko\/slot e\u011fitim video kanal\u0131 Sulopachi Station&#8217;\u0131 y\u00f6neten bir projeyi ele al\u0131yoruz.<\/p>\n\t\t\t<\/li>\n\t\t\t<li>\n\t\t\t\t<div><img decoding=\"async\" src=\"\/wp-content\/themes\/monolith2021\/img\/clients\/logo_plott.png\" alt=\"Plott Inc.\"><\/div>\n\t\t\t\t<h4><a href=\"https:\/\/plott.tokyo\/\" target=\"_blank\" rel=\"noopener noreferrer\">Plott Inc.<\/a><\/h4>\n\t\t\t\t<p>&#8220;Teikou Penguin&#8221;, &#8220;KAREKORE of MIXED BLOOD&#8221;, &#8220;Grim Reaper Flag Chan!&#8221; ve &#8220;Yaruminati&#8221; gibi anime YouTube kanallar\u0131n\u0131 y\u00f6neten Plott Co., Ltd. i\u00e7in bir projeyi ele al\u0131yoruz.<\/p>\n\t\t\t<\/li>\n\t\t\t<li>\n\t\t\t\t<div><img decoding=\"async\" src=\"\/wp-content\/themes\/monolith2021\/img\/clients\/logo_algorithm.png\" alt=\"Algorithm\"><\/div>\n\t\t\t\t<h4><a href=\"https:\/\/algorithms.co.jp\/\" target=\"_blank\" rel=\"noopenerrnoreferrer noopener\">Algorithm Inc.<\/a><\/h4>\n\t\t\t\t<p>Affiliate medya edinimi ve aktivasyonu ile &#8220;feely&#8221; ve &#8220;tabiyori&#8221; i\u015fletmelerini y\u00fcr\u00fcten Algorithm Inc. i\u00e7in bir projeyi ele al\u0131yoruz.<\/p>\n\t\t\t<\/li>\n\t\t\t<li>\n\t\t\t\t<div><img decoding=\"async\" src=\"\/wp-content\/themes\/monolith2021\/img\/clients\/logo_mediano.png\" alt=\"Mediano\"><\/div>\n\t\t\t\t<h4><a href=\"https:\/\/mediano-ltd.co.jp\/\" target=\"_blank\" rel=\"noopener noreferrer\">Mediano Co., Ltd.<\/a><\/h4>\n\t\t\t\t<p>Smartphone uygulamalar\u0131n\u0131n yan\u0131 s\u0131ra, taraflar\u0131n g\u00fc\u00e7l\u00fc y\u00f6nlerini kullanarak i\u015f birli\u011fini ger\u00e7ekle\u015ftiren ve devir i\u00e7in planlanan medya i\u00e7eri\u011fini edinen Mediano Co., Ltd. i\u00e7in bir projeyi ele al\u0131yoruz.<\/p>\n\t\t\t<\/li>\n\t\t<\/ul>\n\t\t<p class=\"txt-s\">*Ayr\u0131ca bir\u00e7ok di\u011fer m\u00fc\u015fteri projelerinden de sorumluyuz. \u0130\u015f orta\u011f\u0131 bilgilerini a\u00e7\u0131klama izni veren \u015firketler listelenmi\u015ftir. Gizlilik y\u00fck\u00fcml\u00fcl\u00fcklerimiz gere\u011fi, m\u00fc\u015fterimiz oldu\u011funuz bilgisi kesinlikle gizli tutulmaktad\u0131r.<\/p>\n\t<\/div>\n<\/section>\n\n<section class=\"white-section\">\n\t<div class=\"section-inner\">\n\t\t<div class=\"frame2 max-width860 txt-center-pc\">\n\t\t\t<p class=\"bold txt-l mgb-small\">YouTuber \/ VTuber hukuki i\u015flerinde yay\u0131n faaliyetleri<\/p>\n\t\t\t<p>YouTuber\/VTuber hukuki meseleleri olduk\u00e7a uzmanl\u0131k gerektiren bir aland\u0131r. Temsilci avukat\u0131m\u0131z Toki Kawase bu konularla ilgili yay\u0131n faaliyetlerinde de bulunmaktad\u0131r.<\/p>\n\t\t<\/div>\n\t<\/div>\n<\/section>\n<section class=\"orange-section\">\n\t<div class=\"anchor\" id=\"book-writing-records\"><\/div>\n\t<div class=\"section-inner\">\n\t\t<div class=\"flex reverse\">\n\t\t\t<div class=\"width41\"><img decoding=\"async\" src=\"\/wp-content\/uploads\/2022\/07\/it_law_book.jpg\" alt=\"YouTube gibi SNS ile ilgili hukuki i\u015flerde g\u00fc\u00e7l\u00fc bir avukat olarak yay\u0131n ge\u00e7mi\u015fi\"><\/div>\n\t\t\t<div class=\"width51\">\n\t\t\t\t<h3>YouTube dahil olmak \u00fczere SNS hukuki konular\u0131nda uzman bir avukat olarak yay\u0131n faaliyetleri<\/h3>\n\t\t\t\t<p>&#8220;IT Avukat\u0131, L\u00fctfen Bize YouTube Yasalar\u0131 ve \u015eartlar\u0131 Hakk\u0131nda Bilgi Verin&#8221; (Shodensha, 30 Temmuz 2022) ba\u015fl\u0131kl\u0131 kitap, YouTube ile ilgili d\u00fczenlemeleri ve \u015fartlar\u0131 yeni ba\u015flayanlara a\u00e7\u0131klamak \u00fczere yay\u0131nlanm\u0131\u015ft\u0131r. Kitap, bir soru-cevap format\u0131nda, M&#038;A i\u00e7in \u00f6nko\u015ful olan s\u00f6zle\u015fmelerden i\u015f devir s\u00f6zle\u015fmelerine kadar her tema i\u00e7in \u00e7e\u015fitli s\u00f6zle\u015fmeler olu\u015fturma ve kontrol noktalar\u0131n\u0131 a\u00e7\u0131klar.<\/p>\n\t\t\t<\/div>\n\t\t<\/div>\n\t<\/div>\n<\/section>\n<section class=\"white-section\">\n\t<div class=\"anchor\" id=\"media-appearance-record\"><\/div>\n\t<div class=\"section-inner\">\n\t\t<div class=\"flex\">\n\t\t\t<div class=\"width41\"><img decoding=\"async\" src=\"\/wp-content\/themes\/monolith2021\/img\/practices-youtuberlaw\/practices-youtuberlaw_pic2.jpg\"><\/div>\n\t\t\t<div class=\"width51\">\n\t\t\t\t<h3>&#8220;ABEMA Prime&#8221; program\u0131nda VTuber ile ilgili konuk g\u00f6r\u00fcn\u00fcm<\/h3>\n\t\t\t\t<p>&#8220;ABEMA Prime&#8221; adl\u0131 programda, 16 \u015eubat ve 20 May\u0131s 2022 tarihlerinde yay\u0131nlanan b\u00f6l\u00fcmlerde, temsilcimiz avukat VTuber&#8217;lar\u0131n gizlilik hakk\u0131 ve internet \u00fczerinde tart\u0131\u015fma yaratan etkileyicilerle ilgili hukuki meseleler hakk\u0131nda yorum yapt\u0131.<\/p>\n\t\t\t<\/div>\n\t\t<\/div>\n\t<\/div>\n<\/section>\n\n<section class=\"purple2-section\">\n\t<div class=\"anchor\" id=\"monolith-law-magazine\"><\/div>\n\t<div class=\"section-inner\">\n\t\t    <section class=\"white-section temp-article\">\n        <div class=\"section-inner\">\n            <h4>MONOLITH LAW MAGAZINE<\/h4>\n            <div class=\"articles type_practice_column\">\n                                                                    <div class=\"article article-area\">\n                        <figure>\n                            <div class=\"img-wrap\">\n                                <img alt=\"Sanal YouTuber\u30fbVTuber'\u0131n Sat\u0131n Al\u0131nmas\u0131\u30fb\u0130\u015fletme Devri\" src=\"https:\/\/monolith.law\/tr\/wp-content\/uploads\/sites\/24\/2023\/12\/youtuber-vtubervirtual-youtuber-ma-1.jpg\" width=\"500\" height=\"250\">\n                            <\/div>\n                            <figcaption>\n                                <div class=\"figcaption-inner\">\n                                    <h3>Sanal YouTuber\u30fbVTuber'\u0131n Sat\u0131n Al\u0131nmas\u0131\u30fb\u0130\u015fletme Devri<\/h3>\n                                <\/div>\n                            <\/figcaption>\n                            <a href=\"https:\/\/monolith.law\/tr\/internet\/virtual-youtuber-ma\"><\/a>\n                        <\/figure>\n                    <\/div>\n                                                    <div class=\"article article-area\">\n                        <figure>\n                            <div class=\"img-wrap\">\n                                <img alt=\"YouTuber'\u0131n \u0130\u015fletme Devri ve Devirden Sonraki Y\u00f6netim S\u00f6zle\u015fmesinin S\u00f6zle\u015fme Belgesi Nedir?\" src=\"https:\/\/monolith.law\/tr\/wp-content\/uploads\/sites\/24\/2024\/03\/youtuber-business-transfer-Management-contract-i.jpg\" width=\"500\" height=\"250\">\n                            <\/div>\n                            <figcaption>\n                                <div class=\"figcaption-inner\">\n                                    <h3>YouTuber'\u0131n \u0130\u015fletme Devri ve Devirden Sonraki Y\u00f6netim S\u00f6zle\u015fmesinin S\u00f6zle\u015fme Bel.<\/h3>\n                                <\/div>\n                            <\/figcaption>\n                            <a href=\"https:\/\/monolith.law\/tr\/internet\/youtuber-business-transfer-management-contract\"><\/a>\n                        <\/figure>\n                    <\/div>\n                                            <\/div>\n            <div class=\"btn-more\"><a href=\"https:\/\/monolith.law\/tr\/tag\/m-and-a-of-sns-accounts\">Read More<\/a><\/div>\n        <\/div>\n    <\/section>\n\t<\/div>\n<\/section>\n\n<section class=\"orange2-section\">\n\t<div class=\"anchor\" id=\"fee-structure\"><\/div>\n\t<div class=\"section-inner\">\n\t<div class=\"planWrap\">\n\t<h3>\u00dccret Yap\u0131s\u0131<\/h3>\n\t<ul class=\"plan\">\n\t\t<li class=\"txt-left\">\n\t\t\t<div class=\"plan-inner\">\n\t\t\t<div class=\"plan-header\">\n\t\t\t<h4 class=\"plan-title\">Saatlik \u00dccret<\/h4>\n\t\t\t<div class=\"plan-price\"><span class=\"price-figure\">$300<\/span>saat ba\u015f\u0131na<span class=\"price-tax\"><\/span><\/div>\n\t\t\t<\/div>\n\t\t\t<div class=\"plan-body\">Baz\u0131 durumlarda, bir dava veya hukuk davas\u0131n\u0131 ba\u015flang\u0131\u00e7 \u00fccreti ve ba\u015far\u0131ya ba\u011fl\u0131 \u00fccret ile kabul etmeyi d\u00fc\u015f\u00fcnebiliriz. Daha fazla bilgi i\u00e7in l\u00fctfen bizimle ileti\u015fime ge\u00e7mekten \u00e7ekinmeyin.<\/div>\n\t\t\t<\/div>\n\t\t<\/li>\n\t\t<li class=\"txt-left\">\n\t\t\t<div class=\"plan-inner\">\n\t\t\t<div class=\"plan-header\">\n\t\t\t<h4 class=\"plan-title\">S\u00f6zle\u015fme Haz\u0131rlama<\/h4>\n\t\t\t<div class=\"plan-price\"><span class=\"price-value\">ba\u015flang\u0131\u00e7<\/span><span class=\"price-figure\">$500<\/span><span class=\"price-value\">ile $2,000 veya daha fazla<\/span><span class=\"price-tax\"><\/span><\/div>\n\t\t\t<\/div>\n\t\t\t<div class=\"plan-body\">Fiyatland\u0131rma yap\u0131s\u0131, s\u00f6zle\u015fmelerin t\u00fcr\u00fcne ve miktar\u0131na g\u00f6re de\u011fi\u015fiklik g\u00f6sterebilir. Sorgulama \u00fczerine \u00f6n tahmin sunmaktan memnuniyet duyar\u0131z, bu nedenle daha fazla bilgi i\u00e7in bizimle ileti\u015fime ge\u00e7mekten \u00e7ekinmeyin.<\/div>\n\t\t\t<\/div>\n\t\t<\/li>\n\t\t<li class=\"txt-left\">\n\t\t\t<div class=\"plan-inner\">\n\t\t\t<div class=\"plan-header\">\n\t\t\t<h4 class=\"plan-title\">Di\u011fer Hizmetler<\/h4>\n\t\t\t<div class=\"plan-price\"><span class=\"price-figure\">Bize Ula\u015f\u0131n<\/span><\/div>\n\t\t\t<\/div>\n\t\t\t<div class=\"plan-body\">\u015eirket kurulumu, s\u00f6zle\u015fme incelemesi, hukuki g\u00f6r\u00fc\u015f, dava incelemesi veya ara\u015ft\u0131rma mektubu dahil olmak \u00fczere geni\u015f bir hizmet yelpazesi sunuyoruz. Herhangi bir sorunuz veya endi\u015feniz varsa, bizimle ileti\u015fime ge\u00e7mekten \u00e7ekinmeyin ve bilgili ekibimiz size yard\u0131mc\u0131 olmaktan mutluluk duyacakt\u0131r.<\/div>\n\t\t\t<\/div>\n\t\t\t<\/div>\n\t\t<\/li>\n\t<\/ul>\n\t<\/div>\n\t<\/div>\n<\/section>\n\n<section class=\"white-section\">\n\t<div class=\"section-inner\">\n\t\t<div class=\"btn-area\">\n\t\t\t<div class=\"btn icon-contact\"><a href=\"\/tr\/contact\">Bize Ula\u015f\u0131n<\/a><\/div>\n\t\t<\/div>\n\t<\/div>\n<\/section>\n","protected":false},"excerpt":{"rendered":"<p>SNS Hesaplar\u0131n\u0131n M&amp;A&#8217;s\u0131 YouTube kanallar\u0131 ve Twitter hesaplar\u0131n\u0131n M&amp;A&#8217;s\u0131, \u00f6zel bilgi ve beceri gerektiren olduk\u00e7a uzmanla\u015fm\u0131\u015f bir aland\u0131r. IT, internet ve i\u015f d\u00fcnyas\u0131 uzmanlar\u0131na sa [&hellip;]<\/p>\n","protected":false},"author":1,"featured_media":57173,"parent":0,"menu_order":7,"comment_status":"closed","ping_status":"closed","template":"other-page-temp.php","meta":{"footnotes":""},"acf":[],"_links":{"self":[{"href":"https:\/\/monolith.law\/tr\/wp-json\/wp\/v2\/pages\/31513"}],"collection":[{"href":"https:\/\/monolith.law\/tr\/wp-json\/wp\/v2\/pages"}],"about":[{"href":"https:\/\/monolith.law\/tr\/wp-json\/wp\/v2\/types\/page"}],"author":[{"embeddable":true,"href":"https:\/\/monolith.law\/tr\/wp-json\/wp\/v2\/users\/1"}],"replies":[{"embeddable":true,"href":"https:\/\/monolith.law\/tr\/wp-json\/wp\/v2\/comments?post=31513"}],"version-history":[{"count":67,"href":"https:\/\/monolith.law\/tr\/wp-json\/wp\/v2\/pages\/31513\/revisions"}],"predecessor-version":[{"id":62801,"href":"https:\/\/monolith.law\/tr\/wp-json\/wp\/v2\/pages\/31513\/revisions\/62801"}],"wp:featuredmedia":[{"embeddable":true,"href":"https:\/\/monolith.law\/tr\/wp-json\/wp\/v2\/media\/57173"}],"wp:attachment":[{"href":"https:\/\/monolith.law\/tr\/wp-json\/wp\/v2\/media?parent=31513"}],"curies":[{"name":"wp","href":"https:\/\/api.w.org\/{rel}","templated":true}]}}