{"id":31896,"date":"2023-11-06T23:00:19","date_gmt":"2023-11-06T14:00:19","guid":{"rendered":"https:\/\/monolith.law\/?page_id=31896"},"modified":"2024-01-17T18:36:38","modified_gmt":"2024-01-17T09:36:38","slug":"cybercrime","status":"publish","type":"page","link":"https:\/\/monolith.law\/tr\/cybercrime","title":{"rendered":"Siber Su\u00e7lar"},"content":{"rendered":"\n<section class=\"heading-area\">\n\t<div class=\"heading-area-inner\">\n\t\t<h2 class=\"icon-cybercrime\">Siber Su\u00e7lar<\/h2>\n\t\t<p>G\u00fcn\u00fcm\u00fcz toplumunda siber su\u00e7lar ciddi bir sorundur ve i\u015fletmeler, bu t\u00fcr su\u00e7lar\u0131n ma\u011fduru olduklar\u0131nda uygun \u00f6nlemleri almak zorundad\u0131r. Hukuki bilgi ve IT uzmanl\u0131\u011f\u0131na sahip avukatlar\u0131m\u0131z\u0131n yan\u0131 s\u0131ra aktif IT m\u00fchendisleri ve IT dan\u0131\u015fmanlar\u0131 ile firmam\u0131z, \u015firketin \u00f6zel durumuna uygun kesin tavsiyeler sunabilir ve cezai i\u015flemlerin ba\u015flat\u0131lmas\u0131nda yard\u0131mc\u0131 olabilir.<\/p>\n\t<\/div>\n<\/section>\n\n<section class=\"white-section\">\n\t<div class=\"section-inner pdt0  border-bottom-section\">\n\t\t<p>Japonya&#8217;da yetkisiz eri\u015fim gibi olaylarda Japon polisinin soru\u015fturma ve tutuklama yapmas\u0131n\u0131 h\u0131zland\u0131rmak i\u00e7in Japon ceza usullerine hakim uzmanlar\u0131n yard\u0131m\u0131n\u0131 almak etkilidir. IT odakl\u0131 bir hukuk firmas\u0131 olarak, yetkisiz eri\u015fim ve yasa d\u0131\u015f\u0131 veri s\u0131zd\u0131rma gibi siber su\u00e7lar\u0131n ma\u011fduru olan i\u015fletmelere, cezai soru\u015fturma ba\u015flatmak i\u00e7in su\u00e7 duyurular\u0131 ve raporlarla ilgili hukuki yard\u0131m sa\u011fl\u0131yoruz.<\/p>\n\t<\/div>\n<\/section>\n\n<section class=\"second-nav\">\n\t<div class=\"second-nav-inner\">\n\t\t<p>KONULAR<\/p>\n\t\t<nav>\n\t\t\t<ul>\n\t\t\t\t<li><a href=\"#specialized-expertise-in-cybersecurity\">Siber G\u00fcvenlikte Uzmanla\u015fm\u0131\u015f Bilgi<\/a><\/li>\n\t\t\t\t<li><a href=\"#the-need-for-addressing-cybercrime\">Siber Su\u00e7larla M\u00fccadele \u0130htiyac\u0131<\/a><\/li>\n\t\t\t\t<li><a href=\"#the-challenges-of-criminal-prosecution-in-cybercrime-cases\">Siber Su\u00e7 Davalar\u0131nda Ceza Kovalamacas\u0131n\u0131n Zorluklar\u0131<\/a><\/li>\n\t\t\t\t<li><a href=\"#synergy-of-lawyers-and-it-consultants\">Avukatlar ve IT Dan\u0131\u015fmanlar\u0131n\u0131n \u0130\u015f Birli\u011fi<\/a><\/li>\n\t\t\t\t<li><a href=\"#monolith-law-magazine\">MONOLITH LAW MAGAZINE<\/a><\/li>\n\t\t\t\t<li><a href=\"#fee-structure\">\u00dccret Yap\u0131s\u0131<\/a><\/li>\n\t\t\t<\/ul>\n\t\t<\/nav>\n\t<\/div>\n<\/section>\n\n<section class=\"white-section\">\n\t<div class=\"anchor\" id=\"specialized-expertise-in-cybersecurity\"><\/div>\n\t<div class=\"section-inner pdb0\">\n\t\t<h3>Siber G\u00fcvenlikte Uzmanl\u0131k<\/h3>\n\t\t<div class=\"max-width980 mgb-small\"><img decoding=\"async\" src=\"\/wp-content\/themes\/monolith2021\/img\/dispute\/dispute_member.jpg\" alt=\"Siber G\u00fcvenlikte Uzmanl\u0131k\"><\/div>\n\t\t<div class=\"frame2 max-width860 txt-center-pc\">\n\t\t\t<p class=\"bold txt-l\">MONOLITH LAW OFFICE, eski bir IT m\u00fchendisi ve y\u00f6netici olan temsilci avukat\u0131n liderli\u011finde IT hukukunda uzmanla\u015fm\u0131\u015f bir hizmet sunmaktad\u0131r. Firma, 30 avukat, Tokyo Y\u00fcksek Kamu Savc\u0131l\u0131\u011f\u0131&#8217;nda eski bir savc\u0131 olan Kenji Shinjo (dan\u0131\u015fman) ve 16 IT dan\u0131\u015fman\u0131ndan olu\u015fan bir ekibe sahiptir. Ekibimizin IT hukukundaki derin bilgi ve deneyimini kullanarak siber g\u00fcvenlikle ilgili karma\u015f\u0131k anla\u015fmazl\u0131klar\u0131 \u00e7\u00f6zme \u00e7\u00f6z\u00fcmleri sunuyoruz.<\/p>\n\t\t<\/div>\n\t<\/div>\n<\/section>\n\n<section class=\"orange-section mgt-section\">\n\t<div class=\"anchor\" id=\"the-need-for-addressing-cybercrime\"><\/div>\n\t<div class=\"section-inner\">\n\t\t<div class=\"flex\">\n\t\t\t<div class=\"width41\"><img decoding=\"async\" src=\"\/wp-content\/uploads\/2023\/05\/dispute_pic2.jpg\" alt=\"Siber Su\u00e7larla M\u00fccadele Gereklili\u011fi\"><\/div>\n\t\t\t<div class=\"width51\">\n\t\t\t\t<h3>Siber Su\u00e7larla M\u00fccadele \u0130htiyac\u0131<\/h3>\n\t\t\t\t<p class=\"mgb-small\">G\u00fcn\u00fcm\u00fcz d\u00fcnyas\u0131nda, siber su\u00e7lar giderek artan bir tehdit olu\u015fturmaktad\u0131r. Yetkisiz eri\u015fim, yasa d\u0131\u015f\u0131 veri s\u0131zd\u0131rma, spam e-postalar, kimlik av\u0131 doland\u0131r\u0131c\u0131l\u0131klar\u0131 ve k\u00f6t\u00fc ama\u00e7l\u0131 yaz\u0131l\u0131m sald\u0131r\u0131lar\u0131 dahil olmak \u00fczere \u00e7e\u015fitli siber sald\u0131r\u0131 t\u00fcrleri bulunmaktad\u0131r.<\/p>\n\t\t\t\t<p class=\"mgb-small\">Yetkisiz eri\u015fim, bilgi \u00e7almak veya bozmak i\u00e7in bir bilgisayar sistemine s\u0131zmay\u0131 ifade eder. \u015eirketler i\u00e7in bu, gizli bilgilerin \u00e7al\u0131nmas\u0131na veya sistem kesintilerine yol a\u00e7arak \u00fcretkenli\u011fin azalmas\u0131na neden olabilir. Yasa d\u0131\u015f\u0131 veri s\u0131zd\u0131rma, hassas \u015firket bilgilerinin d\u0131\u015f kaynaklara s\u0131zd\u0131r\u0131lmas\u0131n\u0131 i\u00e7erir. Bu, \u00e7al\u0131\u015fanlar\u0131n, i\u00e7eriden hareket ederek \u015firket d\u0131\u015f\u0131na gizli bilgileri \u00e7\u0131karmalar\u0131 veya d\u0131\u015f sald\u0131rganlar\u0131n bilgi \u00e7almak i\u00e7in yetkisiz eri\u015fim sa\u011flamalar\u0131 durumunda meydana gelebilir.<\/p>\n\t\t\t\t<p>Bu siber sald\u0131r\u0131lar, veri ihlalleri ve i\u015f operasyonlar\u0131nda kesintilere neden olarak \u015firketlere \u00f6nemli zararlar vermenin yan\u0131 s\u0131ra, ki\u015fisel bilgilerin s\u0131zd\u0131r\u0131lmas\u0131 yoluyla bir \u015firketin toplumsal g\u00fcvenini de sarsabilir. Hem \u015firketlerin hem de bireylerin g\u00fcvenli\u011fini korumak i\u00e7in siber su\u00e7larla m\u00fccadelede hukuki \u00f6nlemler almak hayati \u00f6nem ta\u015f\u0131maktad\u0131r.<\/p>\n\t\t\t<\/div>\n\t\t<\/div>\n\t<\/div>\n<\/section>\n\n<section class=\"white-section\">\n\t<div class=\"anchor\" id=\"the-challenges-of-criminal-prosecution-in-cybercrime-cases\"><\/div>\n\t<div class=\"section-inner\">\n\t\t<div class=\"flex reverse\">\n\t\t\t<div class=\"width41\"><img decoding=\"async\" src=\"\/wp-content\/uploads\/2023\/05\/dispute_pic2-1.jpg\" alt=\"Siber Su\u00e7 Davalar\u0131nda Ceza Kovalamacas\u0131n\u0131n Zorluklar\u0131\"><\/div>\n\t\t\t<div class=\"width51\">\n\t\t\t\t<h3>Siber Su\u00e7 Davalar\u0131nda Ceza Kovalamacas\u0131n\u0131n Zorluklar\u0131<\/h3>\n\t\t\t\t<p class=\"mgb-small\">Bir birey siber su\u00e7un kurban\u0131 olur ve olay\u0131 polise bildirirse, genellikle polisin soru\u015fturma y\u00fcr\u00fctece\u011fi, faili tespit edece\u011fi ve tutuklama ile kovu\u015fturmaya ge\u00e7ece\u011fi beklenir. Bu &#8220;s\u0131radan vatanda\u015f\u0131n alg\u0131s\u0131d\u0131r.&#8221; Ancak ne yaz\u0131k ki Japonya&#8217;da, insan hayat\u0131 veya fiziksel sa\u011fl\u0131k i\u00e7in tehdit i\u00e7ermeyen ekonomik su\u00e7lar s\u00f6z konusu oldu\u011funda, \u00f6zellikle siber su\u00e7 durumunda, polisin soru\u015fturma kaynaklar\u0131 pratikte s\u0131n\u0131rl\u0131d\u0131r. Kurban\u0131n kapsaml\u0131 soru\u015fturmalar y\u00fcr\u00fctmeden ve &#8220;olay raporlar\u0131&#8221; gibi geni\u015f \u00e7apl\u0131 belgeler olu\u015fturmadan, polis soru\u015fturmalar\u0131n\u0131 etkin bir \u015fekilde te\u015fvik etmek zordur.<\/p>\n\t\t\t\t<p class=\"mgb-small\">Hukuk firmam\u0131z MONOLITH LAW OFFICE taraf\u0131ndan belirli bir siber su\u00e7 davas\u0131nda failin ger\u00e7ekten tutuklanmas\u0131 ve mahkum edilmesini sa\u011flamak i\u00e7in olu\u015fturulan belge miktar\u0131, sa\u011fdaki foto\u011frafta g\u00f6sterilmektedir. Su\u00e7 duyurusunda bulunulduktan veya ma\u011fdur raporu verildikten sonra bile, kurban polisin talebi \u00fczerine \u00e7e\u015fitli detayl\u0131 materyalleri olu\u015fturmaya ve sunmaya devam etmelidir. Soru\u015fturmalar\u0131 ve tutuklamalar\u0131 kolayla\u015ft\u0131rmak i\u00e7in \u00f6nemli miktarda belge haz\u0131rlanmal\u0131 ve sunulmal\u0131d\u0131r.<\/p>\n\t\t\t\t<p>Siber su\u00e7 ma\u011fdurlar\u0131n\u0131n ceza kovu\u015fturmas\u0131na destek olmak, y\u00fcksek uzmanl\u0131k ve organizasyonel yeteneklere sahip bir hukuk firmas\u0131 gerektirir.<\/p>\n\t\t\t<\/div>\n\t\t<\/div>\n\t<\/div>\n<\/section>\n\n<section class=\"purple-section\">\n\t<div class=\"anchor\" id=\"synergy-of-lawyers-and-it-consultants\"><\/div>\n\t<div class=\"section-inner\">\n\t\t<div class=\"flex reverse\">\n\t\t\t<div class=\"width51\">\n\t\t\t\t<h3>Avukatlar ve IT Dan\u0131\u015fmanlar\u0131n\u0131n \u0130\u015f Birli\u011fi<\/h3>\n\t\t\t\t<p class=\"mgb-small\">Siber su\u00e7lar\u0131n faillerini tespit edebilmek ve polise zarar\u0131n boyutunu etkin bir \u015fekilde raporlayabilmek i\u00e7in ileri d\u00fczey IT bilgisi ile hukuki analizin birle\u015fimi \u015fartt\u0131r. \u00d6rne\u011fin, yetkisiz eri\u015fim vakalar\u0131nda, Apache gibi platformlardan elde edilen log kay\u0131tlar\u0131n\u0131 yorumlamak, problemli eri\u015fimi belirlemek ve &#8220;yetkisiz&#8221; eri\u015fim olarak nitelendirilmesinin hukuki gerek\u00e7elerini a\u00e7\u0131klamak i\u00e7in bu eri\u015fimin hukuki sonu\u00e7lar\u0131n\u0131 de\u011ferlendirmek gerekmektedir. Bu bulgular, mant\u0131ksal olarak tutarl\u0131 bir belgede sunulmal\u0131d\u0131r.<\/p>\n\t\t\t\t<p class=\"mgb-small\">Bunu ba\u015farmak i\u00e7in, IT m\u00fchendislerine e\u015fde\u011fer uzmanl\u0131k ve IT hukuku konusunda \u00f6zel bilgi gereklidir.<\/p>\n\t\t\t\t<p>Bizim hukuk firmam\u0131z MONOLITH LAW OFFICE, web tabanl\u0131 \u015firketlerde deneyime sahip eski bir IT m\u00fchendisi olan ba\u015f avukat Toki Kawase liderli\u011finde 30 avukattan, 16 IT dan\u0131\u015fman\u0131ndan ve 85 personelden olu\u015fmaktad\u0131r. Bu organizasyon yap\u0131s\u0131yla, kapsaml\u0131 tek durak \u00e7\u00f6z\u00fcmler sunma konusunda benzersiz bir konumday\u0131z.<\/p>\n\t\t\t<\/div>\n\t\t\t<div class=\"width41\"><img decoding=\"async\" src=\"\/wp-content\/themes\/monolith_en\/img\/operationofofmedia\/operationofofmedia_pic5.svg\" alt=\"Avukatlar ve IT Dan\u0131\u015fmanlar\u0131n\u0131n Sinerjisi\"><\/div>\n\t\t<\/div>\n\t<\/div>\n<\/section>\n\n<section class=\"purple2-section\">\n\t<div class=\"anchor\" id=\"monolith-law-magazine\"><\/div>\n\t<div class=\"section-inner\">\n\t\t    <section class=\"white-section temp-article\">\n        <div class=\"section-inner\">\n            <h4>MONOLITH LAW MAGAZINE<\/h4>\n            <div class=\"articles type_practice_column\">\n                                                                    <div class=\"article article-area\">\n                        <figure>\n                            <div class=\"img-wrap\">\n                                <img alt=\"Ekran G\u00f6r\u00fcnt\u00fcs\u00fc Almak Telif Hakk\u0131 \u0130hlali mi? G\u00f6nderenin Kimli\u011finin Tespiti ve Kald\u0131rma Y\u00f6ntemleri Hakk\u0131nda A\u00e7\u0131klama\" src=\"https:\/\/monolith.law\/tr\/wp-content\/uploads\/sites\/24\/2024\/11\/30375485_m-1024x683-1.webp\" width=\"500\" height=\"250\">\n                            <\/div>\n                            <figcaption>\n                                <div class=\"figcaption-inner\">\n                                    <h3>Ekran G\u00f6r\u00fcnt\u00fcs\u00fc Almak Telif Hakk\u0131 \u0130hlali mi? G\u00f6nderenin Kimli\u011finin Tespiti ve Ka.<\/h3>\n                                <\/div>\n                            <\/figcaption>\n                            <a href=\"https:\/\/monolith.law\/tr\/it\/screenshots-copyright\"><\/a>\n                        <\/figure>\n                    <\/div>\n                                                    <div class=\"article article-area\">\n                        <figure>\n                            <div class=\"img-wrap\">\n                                <img alt=\"\u3010Son Dakika\u3011Reiwa 5 (2023) Y\u0131l\u0131nda Japon Yasad\u0131\u015f\u0131 Eri\u015fim Vakalar\u0131n\u0131n Fark Edilme Say\u0131s\u0131 Bir Y\u0131lda 3 Kat Artt\u0131\" src=\"https:\/\/monolith.law\/tr\/wp-content\/uploads\/sites\/24\/2024\/07\/Shutterstock_2236181323.webp\" width=\"500\" height=\"250\">\n                            <\/div>\n                            <figcaption>\n                                <div class=\"figcaption-inner\">\n                                    <h3>\u3010Son Dakika\u3011Reiwa 5 (2023) Y\u0131l\u0131nda Japon Yasad\u0131\u015f\u0131 Eri\u015fim Vakalar\u0131n\u0131n Fark Edilme.<\/h3>\n                                <\/div>\n                            <\/figcaption>\n                            <a href=\"https:\/\/monolith.law\/tr\/it\/unauthorized-access-statistics-2023\"><\/a>\n                        <\/figure>\n                    <\/div>\n                                                    <div class=\"article article-area\">\n                        <figure>\n                            <div class=\"img-wrap\">\n                                <img alt=\"Avukat\u0131n Yasaklanan Eylemleri ve \u00d6rnekleri A\u00e7\u0131klad\u0131\u011f\u0131 Japon 'Yasad\u0131\u015f\u0131 Eri\u015fim Yasas\u0131'\" src=\"https:\/\/monolith.law\/tr\/wp-content\/uploads\/sites\/24\/2024\/03\/shutterstock_772039471-1024x683-1.jpg\" width=\"500\" height=\"250\">\n                            <\/div>\n                            <figcaption>\n                                <div class=\"figcaption-inner\">\n                                    <h3>Avukat\u0131n Yasaklanan Eylemleri ve \u00d6rnekleri A\u00e7\u0131klad\u0131\u011f\u0131 Japon 'Yasad\u0131\u015f\u0131 Eri\u015fim Yas.<\/h3>\n                                <\/div>\n                            <\/figcaption>\n                            <a href=\"https:\/\/monolith.law\/tr\/it\/injustice-access-law\"><\/a>\n                        <\/figure>\n                    <\/div>\n                                            <\/div>\n            <div class=\"btn-more\"><a href=\"https:\/\/monolith.law\/tr\/tag\/cybercrime\">Read More<\/a><\/div>\n        <\/div>\n    <\/section>\n\t<\/div>\n<\/section>\n\n<section class=\"orange2-section\">\n\t<div class=\"anchor\" id=\"fee-structure\"><\/div>\n\t<div class=\"section-inner\">\n\t<div class=\"planWrap\">\n\t<h3>\u00dccret Yap\u0131s\u0131<\/h3>\n\t<ul class=\"plan\">\n\t\t<li class=\"txt-left\">\n\t\t\t<div class=\"plan-inner\">\n\t\t\t<div class=\"plan-header\">\n\t\t\t<h4 class=\"plan-title\">Saatlik \u00dccret<\/h4>\n\t\t\t<div class=\"plan-price\"><span class=\"price-figure\">$300<\/span>saat ba\u015f\u0131na<span class=\"price-tax\"><\/span><\/div>\n\t\t\t<\/div>\n\t\t\t<div class=\"plan-body\">Baz\u0131 durumlarda, bir dava veya hukuk davas\u0131n\u0131 ba\u015flang\u0131\u00e7 \u00fccreti ve ba\u015far\u0131ya ba\u011fl\u0131 \u00fccret ile kabul etmeyi d\u00fc\u015f\u00fcnebiliriz. Daha fazla bilgi i\u00e7in l\u00fctfen bizimle ileti\u015fime ge\u00e7mekten \u00e7ekinmeyin.<\/div>\n\t\t\t<\/div>\n\t\t<\/li>\n\t\t<li class=\"txt-left\">\n\t\t\t<div class=\"plan-inner\">\n\t\t\t<div class=\"plan-header\">\n\t\t\t<h4 class=\"plan-title\">S\u00f6zle\u015fme Haz\u0131rlama<\/h4>\n\t\t\t<div class=\"plan-price\"><span class=\"price-value\">ba\u015flang\u0131\u00e7<\/span><span class=\"price-figure\">$500<\/span><span class=\"price-value\">ile $2,000 veya daha fazla<\/span><span class=\"price-tax\"><\/span><\/div>\n\t\t\t<\/div>\n\t\t\t<div class=\"plan-body\">Fiyatland\u0131rma yap\u0131s\u0131, s\u00f6zle\u015fmelerin t\u00fcr\u00fcne ve miktar\u0131na g\u00f6re de\u011fi\u015fiklik g\u00f6sterebilir. Sorgulama \u00fczerine \u00f6n tahmin sunmaktan memnuniyet duyar\u0131z, bu nedenle daha fazla bilgi i\u00e7in bizimle ileti\u015fime ge\u00e7mekten \u00e7ekinmeyin.<\/div>\n\t\t\t<\/div>\n\t\t<\/li>\n\t\t<li class=\"txt-left\">\n\t\t\t<div class=\"plan-inner\">\n\t\t\t<div class=\"plan-header\">\n\t\t\t<h4 class=\"plan-title\">Di\u011fer Hizmetler<\/h4>\n\t\t\t<div class=\"plan-price\"><span class=\"price-figure\">Bize Ula\u015f\u0131n<\/span><\/div>\n\t\t\t<\/div>\n\t\t\t<div class=\"plan-body\">\u015eirket kurulumu, s\u00f6zle\u015fme incelemesi, hukuki g\u00f6r\u00fc\u015f, dava incelemesi veya ara\u015ft\u0131rma mektubu dahil olmak \u00fczere geni\u015f bir hizmet yelpazesi sunuyoruz. Herhangi bir sorunuz veya endi\u015feniz varsa, bizimle ileti\u015fime ge\u00e7mekten \u00e7ekinmeyin ve bilgili ekibimiz size yard\u0131mc\u0131 olmaktan mutluluk duyacakt\u0131r.<\/div>\n\t\t\t<\/div>\n\t\t\t<\/div>\n\t\t<\/li>\n\t<\/ul>\n\t<\/div>\n\t<\/div>\n<\/section>\n\n<section class=\"white-section\">\n\t<div class=\"section-inner\">\n\t\t<div class=\"btn-area\">\n\t\t\t<div class=\"btn icon-contact\"><a href=\"\/tr\/contact\">Bize Ula\u015f\u0131n<\/a><\/div>\n\t\t<\/div>\n\t<\/div>\n<\/section>\n","protected":false},"excerpt":{"rendered":"<p>Siber Su\u00e7lar G\u00fcn\u00fcm\u00fcz toplumunda siber su\u00e7lar ciddi bir sorundur ve i\u015fletmeler, bu t\u00fcr su\u00e7lar\u0131n ma\u011fduru olduklar\u0131nda uygun \u00f6nlemleri almak zorundad\u0131r. Hukuki bilgi ve IT uzmanl\u0131\u011f\u0131na sahip avukatlar\u0131m\u0131z [&hellip;]<\/p>\n","protected":false},"author":1,"featured_media":57158,"parent":0,"menu_order":7,"comment_status":"closed","ping_status":"closed","template":"other-page-temp.php","meta":{"footnotes":""},"acf":[],"_links":{"self":[{"href":"https:\/\/monolith.law\/tr\/wp-json\/wp\/v2\/pages\/31896"}],"collection":[{"href":"https:\/\/monolith.law\/tr\/wp-json\/wp\/v2\/pages"}],"about":[{"href":"https:\/\/monolith.law\/tr\/wp-json\/wp\/v2\/types\/page"}],"author":[{"embeddable":true,"href":"https:\/\/monolith.law\/tr\/wp-json\/wp\/v2\/users\/1"}],"replies":[{"embeddable":true,"href":"https:\/\/monolith.law\/tr\/wp-json\/wp\/v2\/comments?post=31896"}],"version-history":[{"count":22,"href":"https:\/\/monolith.law\/tr\/wp-json\/wp\/v2\/pages\/31896\/revisions"}],"predecessor-version":[{"id":62797,"href":"https:\/\/monolith.law\/tr\/wp-json\/wp\/v2\/pages\/31896\/revisions\/62797"}],"wp:featuredmedia":[{"embeddable":true,"href":"https:\/\/monolith.law\/tr\/wp-json\/wp\/v2\/media\/57158"}],"wp:attachment":[{"href":"https:\/\/monolith.law\/tr\/wp-json\/wp\/v2\/media?parent=31896"}],"curies":[{"name":"wp","href":"https:\/\/api.w.org\/{rel}","templated":true}]}}