{"id":32193,"date":"2023-11-06T23:20:51","date_gmt":"2023-11-06T14:20:51","guid":{"rendered":"https:\/\/monolith.law\/?page_id=32193"},"modified":"2024-01-17T18:31:03","modified_gmt":"2024-01-17T09:31:03","slug":"terms-of-use","status":"publish","type":"page","link":"https:\/\/monolith.law\/tr\/terms-of-use","title":{"rendered":"Kullan\u0131m Ko\u015fullar\u0131"},"content":{"rendered":"\n<section class=\"heading-area\">\n\t<div class=\"heading-area-inner\">\n\t\t<h2 class=\"icon-terms-of-use\">Kullan\u0131m Ko\u015fullar\u0131<\/h2>\n\t\t<p>MONOLITH LAW OFFICE olarak, Japonya&#8217;daki \u00e7e\u015fitli uygulamalar, hizmetler ve oyunlar i\u00e7in kullan\u0131m ko\u015fullar\u0131 ve gizlilik politikalar\u0131n\u0131n olu\u015fturulmas\u0131 ve g\u00f6zden ge\u00e7irilmesi konusunda hizmet vermekteyiz. Ayr\u0131ca, ilgili uygulama geli\u015ftirmesi i\u00e7in gereksinim tan\u0131mlar\u0131n\u0131z\u0131, Adobe XD \u00e7er\u00e7evelerini, hedef sayfalar\u0131, potansiyel m\u00fc\u015fteriler i\u00e7in sat\u0131\u015f materyallerini ve di\u011fer mevcut belge ve verileri inceleyebiliriz.<\/p>\n\t<\/div>\n<\/section>\n\n<section class=\"white-section\">\n\t<div class=\"section-inner pdt0  border-bottom-section\">\n\t\t<p class=\"mgb-small\">MONOLITH LAW OFFICE&#8217;da, Japonya&#8217;daki ge\u00e7erli yasalara ve d\u00fczenlemelere uygun olarak \u00e7e\u015fitli kullan\u0131m \u015fartlar\u0131, gizlilik politikalar\u0131 ve di\u011fer gerekli anla\u015fmalar\u0131n olu\u015fturulmas\u0131, de\u011fi\u015ftirilmesi ve g\u00f6zden ge\u00e7irilmesi i\u015flemlerini y\u00fcr\u00fct\u00fcyoruz. Uygulamalar, hizmetler, oyunlar ve di\u011fer dijital platformlar i\u00e7in hukuki destek sa\u011flamada uzman\u0131z.<\/p>\n\t\t<p class=\"mgb-small\">Mevcut materyal ve verilerinizle, \u00f6rne\u011fin gereksinim tan\u0131mlar\u0131, Adobe XD ile olu\u015fturulan \u00e7er\u00e7eveler, hedef sayfalar ve potansiyel m\u00fc\u015fterilere y\u00f6nelik sat\u0131\u015f materyalleriyle \u00e7al\u0131\u015fabiliriz. Ekibimiz, bu materyalleri anlay\u0131p analiz ederek yasal uyumlulu\u011fu sa\u011flamak ve de\u011ferli i\u00e7g\u00f6r\u00fcler sunmak i\u00e7in yeteneklidir.<\/p>\n\t\t<p>Uygulaman\u0131z\u0131n veya dijital hizmetinizin i\u015fletilmesi ve piyasaya s\u00fcr\u00fclmesi i\u00e7in gerekli olan kullan\u0131m ko\u015fullar\u0131, gizlilik politikalar\u0131 veya di\u011fer hukuki belgelerin haz\u0131rlanmas\u0131 veya g\u00fcncellenmesi konusunda yard\u0131m i\u00e7in bizimle \u00e7ekinmeden ileti\u015fime ge\u00e7ebilirsiniz.<\/p>\n\t<\/div>\n<\/section>\n\n<section class=\"second-nav\">\n\t<div class=\"second-nav-inner\">\n\t\t<p>KONULAR<\/p>\n\t\t<nav>\n\t\t\t<ul>\n\t\t\t\t<li><a href=\"#apps-web-services-and-digital-platforms\">Uygulamalar, Web Hizmetleri ve Dijital Platformlar<\/a><\/li>\n\t\t\t\t<li><a href=\"#games\">Oyunlar<\/a><\/li>\n\t\t\t\t<li><a href=\"#publication-of-books-on-legal-matters-related-to-it\">IT ile \u0130lgili Hukuki Konularda Kitap Yay\u0131mlama<\/a><\/li>\n\t\t\t\t<li><a href=\"#crypto-asset-and-blockchain\">Kripto Varl\u0131k ve Blockchain<\/a><\/li>\n\t\t\t\t<li><a href=\"#medical-Apps-etc\">Medikal Uygulamalar vb.<\/a><\/li>\n\t\t\t\t<li><a href=\"#drafting-with-minimal-operating-time\">Minimum \u0130\u015fletim S\u00fcresiyle Taslak Haz\u0131rlama<\/a><\/li>\n\t\t\t\t<li><a href=\"#some-examples-of-our-clients-and-the-products\">M\u00fc\u015fterilerimizin ve \u00dcr\u00fcnlerinin Baz\u0131 \u00d6rnekleri<\/a><\/li>\n\t\t\t\t<li><a href=\"#monolith-law-magazine\">MONOLITH LAW MAGAZINE<\/a><\/li>\n\t\t\t\t<li><a href=\"#fee-structure\">\u00dccret Yap\u0131s\u0131<\/a><\/li>\n\t\t\t<\/ul>\n\t\t<\/nav>\n\t<\/div>\n<\/section>\n\n<section class=\"white-section mgt-section mgb-section80\">\n\t<div class=\"anchor\" id=\"apps-web-services-and-digital-platforms\"><\/div>\n\t<div class=\"section-inner-black\">\n\t\t<h3>Uygulamalar, Web Hizmetleri ve Dijital Platformlar<\/h3>\n\t\t<p class=\"mgb-middle\">Uygulamalar, web hizmetleri ve dijital platformlarla ilgili kullan\u0131m \u015fartlar\u0131, gizlilik politikalar\u0131 ve di\u011fer hukuki belgelerin olu\u015fturulmas\u0131 ve de\u011fi\u015ftirilmesi konusunda geni\u015f bir deneyime sahibiz. Ayr\u0131ca, ilgili mevzuatlara uygun olarak web hizmetlerinin ve uygulamalar\u0131n yasal i\u015fletilmesine yard\u0131mc\u0131 olmak i\u00e7in dan\u0131\u015fmanl\u0131k hizmetleri de sunuyoruz.<\/p>\n\t\t<h4 class=\"mgb-small\">\u0130\u015fte ba\u015far\u0131lar\u0131m\u0131zdan baz\u0131 \u00f6rnekler<\/h4>\n\t\t<p class=\"mgb-middle\">BGM ve ses efekti da\u011f\u0131t\u0131m hizmetleri, Arka plan m\u00fczik \u00e7alma uygulamalar\u0131, B2B i\u00e7in SaaS tabanl\u0131 ses tan\u0131ma hizmetleri, T\u00fcketiciye do\u011frudan e-ticaret siteleri, EC platformlar\u0131, SaaS platformlar\u0131 aras\u0131nda veri entegrasyonunu kolayla\u015ft\u0131ran hizmetler, SaaS sa\u011flay\u0131c\u0131lar\u0131 i\u00e7in entegrasyon hizmetleri, Sanat\u00e7\u0131 platformlar\u0131, Sat\u0131\u015f destek ara\u00e7lar\u0131, Ki\u015fisel finans y\u00f6netimi uygulamalar\u0131, \u0130\u015f ilan\u0131 web hizmetleri ve i\u015f arama platformlar\u0131, Bulut tabanl\u0131 masraf y\u00f6netim hizmetleri, Bulut tabanl\u0131 devam takip hizmetleri, Bulut tabanl\u0131 seyahat masraf\u0131 geri \u00f6deme hizmetleri, Takviye sat\u0131\u015f hizmetleri, Politika ile ilgili sosyal a\u011f hizmetleri, Taksi \u00e7a\u011f\u0131rma uygulamalar\u0131, Veri analizi d\u0131\u015f kaynak kullan\u0131m hizmetleri, Video tabanl\u0131 sosyal a\u011f hizmetleri, \u0130\u015f odakl\u0131 sosyal a\u011f platformlar\u0131, \u0130\u015f e\u015fle\u015ftirme web siteleri, Hastane randevu platformlar\u0131, Programlama okullar\u0131, Blok zinciri tabanl\u0131 sosyal a\u011f hizmetleri, Blok zinciri tabanl\u0131 reklam a\u011flar\u0131, Referans hizmetleri, Seyahat dan\u0131\u015fmanl\u0131k hizmetleri, G\u00fcvenlik onay hizmetleri, T\u0131bbi bilgi a\u011f sistemleri, Kripto para borsalar\u0131 (yurtd\u0131\u015f\u0131), Ortodonti klini\u011fi veritaban\u0131 web siteleri, Engelli destek hizmetleri, Yeni mezun i\u015fe al\u0131m, \u00e7al\u0131\u015fan y\u00f6netimi ve e\u011fitimi i\u00e7in bulut tabanl\u0131 hizmetler, Resmi ithal araba sat\u0131\u015f web siteleri, Ya\u015fam tarz\u0131 destek hizmetleri, Startup destek hizmetleri, Anti-sosyal kontrol hizmetleri<\/p>\n\t<\/div>\n<\/section>\n\n<section class=\"white-section mgt-section mgb-section\">\n\t<div class=\"anchor\" id=\"games\"><\/div>\n\t<div class=\"section-inner-black\">\n\t\t<h3>Oyunlar<\/h3>\n\t\t<p class=\"mgb-small\">Konsol oyunlar\u0131ndan mobil oyunlara kadar \u00e7e\u015fitli oyun t\u00fcrleri i\u00e7in kullan\u0131m \u015fartlar\u0131 haz\u0131rlama konusunda geni\u015f bir deneyime sahibiz. Oyun i\u015fletmecili\u011fiyle ilgili telif hakk\u0131 yasas\u0131, \u00f6d\u00fcl tan\u0131t\u0131m yasas\u0131, \u00f6deme hizmetleri yasas\u0131, t\u00fcketici s\u00f6zle\u015fmesi yasas\u0131, belirli ticari i\u015flemler yasas\u0131 ve telekom\u00fcnikasyon i\u015fletmecili\u011fi yasas\u0131 dahil olmak \u00fczere yasal etkileri ve gereklilikleri anl\u0131yoruz. \u0130lgili d\u00fczenlemelere uygun kapsaml\u0131 kullan\u0131m \u015fartlar\u0131 olu\u015fturman\u0131zda size yard\u0131mc\u0131 olabiliriz.<\/p>\n\t\t<p class=\"mgb-small\">Bunun yan\u0131 s\u0131ra, hizmetlerimiz kullan\u0131m \u015fartlar\u0131n\u0131n ilk tasla\u011f\u0131n\u0131n haz\u0131rlanmas\u0131n\u0131n \u00f6tesine ge\u00e7mektedir. Oyun i\u015fletmecili\u011fiyle ilgili etkinliklerin ve di\u011fer faaliyetlerin yasal olarak uygulanmas\u0131 konusunda dan\u0131\u015fmanl\u0131k sunuyoruz. Ekibimiz oyun etkinliklerinin yasal y\u00f6nleri hakk\u0131nda bilgilidir ve uygulanabilir yasalara ve d\u00fczenlemelere uygunlu\u011fu sa\u011flamak i\u00e7in rehberlik edebilir.<\/p>\n\t\t<p class=\"mgb-middle\">Oyun geli\u015ftirici veya oyun i\u015fletmecili\u011fiyle ilgilenen bir \u015firket olman\u0131z fark etmeksizin, oyun end\u00fcstrisindeki \u00f6zel ihtiya\u00e7lar\u0131n\u0131za uygun hukuki destek sa\u011flamak i\u00e7in donan\u0131ml\u0131y\u0131z.<\/p>\n\t<\/div>\n<\/section>\n\n<section class=\"purple-section\">\n\t<div class=\"anchor\" id=\"publication-of-books-on-legal-matters-related-to-it\"><\/div>\n\t<div class=\"section-inner\">\n\t\t<div class=\"flex reverse\">\n\t\t\t<div class=\"width41\"><img decoding=\"async\" src=\"\/wp-content\/themes\/monolith2021\/img\/pic\/pic_publishing.jpg\" alt=\"IT ile \u0130lgili Hukuki Konular \u00dczerine Kitap Yay\u0131mlama\"><\/div>\n\t\t\t<div class=\"width51\">\n\t\t\t\t<h3>IT ile \u0130lgili Hukuki Konular \u00dczerine Kitap Yay\u0131mlanmas\u0131<\/h3>\n\t\t\t\t<p>Sistem geli\u015ftirme ve hizmet \u015fartlar\u0131 olu\u015fturma, web hizmetleri, uygulamalar ve oyunla ilgili konular dahil olmak \u00fczere IT ile ilgili hukuki konularda uzmanla\u015fm\u0131\u015f bir hukuk firmas\u0131 olan Monolith Hukuk B\u00fcrosu, &#8220;IT M\u00fchendisleri \u0130\u00e7in Anla\u015f\u0131l\u0131r Hukuk Soru-Cevap&#8221; adl\u0131 bir kitap yay\u0131mlam\u0131\u015ft\u0131r. Kitap, eski bir m\u00fchendis olan ve \u015fimdi avukat olan Toki Kawase taraf\u0131ndan yaz\u0131lm\u0131\u015ft\u0131r ve \u00f6ncelikli olarak IT m\u00fchendislerini hedeflemektedir. Kitap, hizmet \u015fartlar\u0131 geli\u015ftirme gibi konular\u0131 kapsayan, IT m\u00fchendislerinin ihtiya\u00e7lar\u0131na \u00f6zel olarak uyarlanm\u0131\u015f hukuki bilgilerin a\u00e7\u0131klamalar\u0131n\u0131 sa\u011flar. Kitab\u0131n amac\u0131, hukuki kavramlara kullan\u0131c\u0131 dostu bir yakla\u015f\u0131m sunmak ve IT m\u00fchendislerinin i\u015flerinin hukuki y\u00f6nlerinde yol g\u00f6stermektir.<\/p>\n\t\t\t<\/div>\n\t\t<\/div>\n\t<\/div>\n<\/section>\n\n<section class=\"white-section\">\n\t<div class=\"anchor\" id=\"crypto-asset-and-blockchain\"><\/div>\n\t<div class=\"section-inner\">\n\t\t<div class=\"flex\">\n\t\t\t<div class=\"width41\"><img decoding=\"async\" src=\"\/wp-content\/uploads\/2022\/07\/shutterstock_1151380622_2.png\" alt=\"Kripto Varl\u0131k ve Blockchain\"><\/div>\n\t\t\t<div class=\"width51\">\n\t\t\t\t<h3>Kripto Varl\u0131k ve Blockchain<\/h3>\n\t\t\t\t<p>MONOLITH LAW OFFICE, 2017 y\u0131l\u0131nda kuruldu\u011fundan bu yana kripto varl\u0131klar ve blockchain teknolojisi ile ilgili hukuki i\u015flerde aktif olarak yer almaktad\u0131r. Blockchain tabanl\u0131 oyunlarla ilgili hukuki meseleleri ele alabilme kapasitesine de sahibiz. IT ve oyunla ilgili hukuki konulardaki uzmanl\u0131\u011f\u0131m\u0131zla, d\u00fczenleyici uyumluluk, fikri m\u00fclkiyet korumas\u0131, kullan\u0131c\u0131 anla\u015fmalar\u0131 ve daha fazlas\u0131 dahil olmak \u00fczere blockchain oyunlar\u0131n\u0131n hukuki karma\u015f\u0131kl\u0131klar\u0131n\u0131 y\u00f6netmede kapsaml\u0131 destek sa\u011flayabiliriz.<\/p>\n\t\t\t<\/div>\n\t\t<\/div>\n\t<\/div>\n<\/section>\n\n<section class=\"white-section mgb-section\">\n\t<div class=\"anchor\" id=\"medical-Apps-etc\"><\/div>\n\t<div class=\"section-inner-black\">\n\t\t<h3>T\u0131bbi Uygulamalar, vb.<\/h3>\n\t\t<p class=\"mgb-small\">Hukuk firmam\u0131z, IT m\u00fchendisli\u011fi alan\u0131nda deneyime sahip kurucu avukat ve t\u0131bbi konularda geni\u015f deneyime sahip avukatlar dahil olmak \u00fczere g\u00fc\u00e7l\u00fc bir avukat ekibine sahiptir. Bu uzmanl\u0131kla, sa\u011fl\u0131k sekt\u00f6r\u00fcne ili\u015fkin i\u015fletmeler, uygulamalar ve web hizmetleriyle ilgilenme konusunda olduk\u00e7a donan\u0131ml\u0131y\u0131z. Bu alanda kan\u0131tlanm\u0131\u015f bir ba\u015far\u0131 ge\u00e7mi\u015fimiz bulunmaktad\u0131r.<\/p>\n\t\t<p class=\"mgb-middle\">Japonya&#8217;daki sa\u011fl\u0131kla ilgili hukuki \u00e7er\u00e7eve karma\u015f\u0131k olabilir, ancak firmam\u0131za bu karma\u015f\u0131kl\u0131klar\u0131n i\u00e7inden ge\u00e7me konusunda g\u00fcvenebilirsiniz. D\u00fczenleyici uyumluluk, veri gizlili\u011fi, lisanslama, s\u00f6zle\u015fmeler ve uyu\u015fmazl\u0131k \u00e7\u00f6z\u00fcm\u00fc dahil olmak \u00fczere t\u0131bbi sekt\u00f6r\u00fcn benzersiz ihtiya\u00e7lar\u0131na uygun kapsaml\u0131 hukuki destek sa\u011flayabiliriz. Amac\u0131m\u0131z, sa\u011fl\u0131kla ilgili giri\u015fimlerinizin ge\u00e7erli yasalar ve d\u00fczenlemelere uygun bir \u015fekilde y\u00fcr\u00fct\u00fclmesini sa\u011flamak ve \u00e7\u0131karlar\u0131n\u0131z\u0131 korumakt\u0131r.<\/p>\n\t<\/div>\n<\/section>\n\n<section class=\"orange-section\">\n\t<div class=\"anchor\" id=\"drafting-with-minimal-operating-time\"><\/div>\n\t<div class=\"section-inner\">\n\t\t<div class=\"flex\">\n\t\t\t<div class=\"width41\"><img decoding=\"async\" src=\"\/wp-content\/themes\/monolith2021\/img\/pic\/pic_draft.jpg\" alt=\"Minimum \u0130\u015flem S\u00fcresiyle Taslak Haz\u0131rlama\"><\/div>\n\t\t\t<div class=\"width51\">\n\t\t\t\t<h3>Minimum \u0130\u015fletim S\u00fcresi ile Taslak Haz\u0131rlama<\/h3>\n\t\t\t\t<p class=\"mgb-small\">Ana avukat\u0131m\u0131z\u0131n eski bir IT m\u00fchendisi olmas\u0131, hizmet \u015fartlar\u0131 ve di\u011fer ilgili belgeler olu\u015ftururken uygulamalar\u0131n ve web hizmetlerinin teknik y\u00f6nlerini, kullan\u0131c\u0131 aray\u00fcz\u00fcn\u00fc ve i\u015flevselli\u011fini anlama yetene\u011fine sahip olmam\u0131z\u0131 sa\u011flar. \u015eirketinizin zaten sahip oldu\u011fu mevcut gereksinim tan\u0131mlar\u0131n\u0131, \u00e7er\u00e7eveleri, a\u00e7\u0131l\u0131\u015f sayfalar\u0131n\u0131 ve pazarlama materyallerini kullanabiliriz, bu da bize gerekli bilgileri yorumlama ve \u00e7\u0131karma yetene\u011fi sa\u011flar.<\/p>\n\t\t\t\t<p>Geni\u015f \u00e7apl\u0131 m\u00fclakatlar veya toplant\u0131lar ihtiyac\u0131n\u0131 en aza indirerek, ileti\u015fim maliyetlerini ve s\u00fcrelerini s\u0131k\u0131\u015ft\u0131r\u0131rken hizmet \u015fartlar\u0131n\u0131 etkin bir \u015fekilde taslak haline getirebiliriz. Bu yakla\u015f\u0131m, s\u00fcreci h\u0131zland\u0131rmam\u0131za ve sonu\u00e7lar\u0131 zaman\u0131nda sunmam\u0131za olanak sa\u011flar.<\/p>\n\t\t\t<\/div>\n\t\t<\/div>\n\t<\/div>\n<\/section>\n\n<section class=\"white-section\">\n\t<div class=\"anchor\" id=\"some-examples-of-our-clients-and-the-products\"><\/div>\n\t<div class=\"section-inner\">\n\t\t<h3>M\u00fc\u015fterilerimiz ve \u00dcr\u00fcnlerine Dair Baz\u0131 \u00d6rnekler<\/h3>\n\t\t<ul class=\"layout-column4 mgb-middle\">\n\t\t\t<li>\n\t\t\t\t<div><img decoding=\"async\" src=\"\/wp-content\/themes\/monolith2021\/img\/clients\/logo_tokium.png\"><\/div>\n\t\t\t\t<h4><a href=\"https:\/\/www.keihi.com\/lp\/\" target=\"_blank\" rel=\"noopener noreferrer\">TOKIUM Gider R\u00fccu<\/a><\/h4>\n\t\t\t\t<p>TOKIUM Inc. ile, \u015firketin kurumsal finans uygulamas\u0131 &#8220;TOKIUM Gider R\u00fccu&#8221;nun arkas\u0131ndaki firma olarak Ba\u015f Hukuk M\u00fc\u015faviri s\u0131fat\u0131yla \u00e7al\u0131\u015ft\u0131k. &#8220;TOKIUM Fatura&#8221; adl\u0131 gider r\u00fccu sistemlerinin yay\u0131nlanmas\u0131 da dahil olmak \u00fczere projeleri i\u00e7in hukuki destek sa\u011flad\u0131k.<\/p>\n\t\t\t<\/li>\n\t\t\t<li>\n\t\t\t\t<div><img decoding=\"async\" src=\"\/wp-content\/themes\/monolith2021\/img\/clients\/logo_seculio.png\"><\/div>\n\t\t\t\t<h4><a href=\"https:\/\/www.lrm.jp\/seculio\/feature\/\" target=\"_blank\" rel=\"noopener noreferrer\">Securio<\/a><\/h4>\n\t\t\t\t<p>\u015eirket genelinde bilgi g\u00fcvenli\u011fi alg\u0131s\u0131n\u0131 iyile\u015ftiren Securio&#8217;yu piyasaya s\u00fcren LRM Corporation i\u00e7in denet\u00e7i olarak g\u00f6rev yapt\u0131k.<\/p>\n\t\t\t<\/li>\n\t\t\t<li>\n\t\t\t\t<div><img decoding=\"async\" src=\"\/wp-content\/themes\/monolith2021\/img\/clients\/logo_tribeau.png\"><\/div>\n\t\t\t\t<h4><a href=\"https:\/\/corp.tribeau.jp\/\" target=\"_blank\" rel=\"noopener noreferrer\">TRIBEAU<\/a><\/h4>\n\t\t\t\t<p>G\u00fczellik medikal inceleme ve rezervasyon uygulamas\u0131 &#8220;TRIBEAU&#8221;nun arkas\u0131ndaki firma olan TRIBEAU Inc. ile \u00e7al\u0131\u015ft\u0131k. Uygulama ve web servis s\u00fcr\u00fcmlerinin her ikisinin de yay\u0131nlanmas\u0131 i\u00e7in hukuki yard\u0131m sa\u011flad\u0131k.<\/p>\n\t\t\t<\/li>\n\t\t\t<li>\n\t\t\t\t<div><img decoding=\"async\" src=\"\/wp-content\/themes\/monolith2021\/img\/clients\/logo_flowerknightgirl.png\"><\/div>\n\t\t\t\t<h4><a href=\"https:\/\/flower-knight-girl.com\/\" target=\"_blank\" rel=\"noopener noreferrer\">FLOWER KNIGHT GIRL<\/a><\/h4>\n\t\t\t\t<p>Pop\u00fcler RPG oyunu &#8220;FLOWER KNIGHT GIRL&#8221;\u0131n arkas\u0131ndaki firma olan YourGames Inc.&#8217;e, bir milyon kay\u0131tl\u0131 kullan\u0131c\u0131y\u0131 a\u015fan oyunun yay\u0131nlanmas\u0131nda yard\u0131mc\u0131 olduk. Oyun, DMM GAMES platformunda mevcut.<\/p>\n\t\t\t<\/li>\n\t\t<\/ul>\n\t\t<p class=\"txt-s\">* Bunlar sadece birka\u00e7 \u00f6rnek olup, bir\u00e7ok farkl\u0131 m\u00fc\u015fteriyle \u00e7al\u0131\u015fmaktay\u0131z. M\u00fc\u015fteri gizlili\u011fine \u00f6ncelik veriyor ve sadece kamuoyu ile payla\u015f\u0131lmas\u0131na izin veren veya resmi kay\u0131tlarda yetkili olarak kay\u0131tl\u0131 olan \u015firketlerle olan ili\u015fkimizi a\u00e7\u0131kl\u0131yoruz.<\/p>\n\t<\/div>\n<\/section>\n\n<section class=\"purple2-section\">\n\t<div class=\"anchor\" id=\"monolith-law-magazine\"><\/div>\n\t<div class=\"section-inner\">\n\t\t    <section class=\"white-section temp-article\">\n        <div class=\"section-inner\">\n            <h4>MONOLITH LAW MAGAZINE<\/h4>\n            <div class=\"articles type_practice_column\">\n                                                                    <div class=\"article article-area\">\n                        <figure>\n                            <div class=\"img-wrap\">\n                                <img alt=\"Google Yorum Hizmetleri \u0130llegal mi? Hediye Reklam Kanunu ile \u0130li\u015fkisi ve Cezai Yapt\u0131r\u0131mlar\u0131n A\u00e7\u0131klanmas\u0131\" src=\"https:\/\/monolith.law\/tr\/wp-content\/uploads\/sites\/24\/2025\/08\/18d044df35c4f42bb7e1507848a5e228.webp\" width=\"500\" height=\"250\">\n                            <\/div>\n                            <figcaption>\n                                <div class=\"figcaption-inner\">\n                                    <h3>Google Yorum Hizmetleri \u0130llegal mi? Hediye Reklam Kanunu ile \u0130li\u015fkisi ve Cezai Y.<\/h3>\n                                <\/div>\n                            <\/figcaption>\n                            <a href=\"https:\/\/monolith.law\/tr\/it\/google-review-agency\"><\/a>\n                        <\/figure>\n                    <\/div>\n                                                    <div class=\"article article-area\">\n                        <figure>\n                            <div class=\"img-wrap\">\n                                <img alt=\"Ki\u015fisel Verilerin Korunmas\u0131 Kanunu'nda \"Bulut \u0130stisnas\u0131\" Nedir? Bulut Hizmeti Sa\u011flay\u0131c\u0131lar\u0131n\u0131n Ald\u0131\u011f\u0131 \u0130dari Y\u00f6nlendirmelerin Ger\u00e7ek \u00d6rnekleriyle A\u00e7\u0131klama\" src=\"https:\/\/monolith.law\/tr\/wp-content\/uploads\/sites\/24\/2025\/08\/0cdfadb6e93fc71449935bfe824bbde2.jpg\" width=\"500\" height=\"250\">\n                            <\/div>\n                            <figcaption>\n                                <div class=\"figcaption-inner\">\n                                    <h3>Ki\u015fisel Verilerin Korunmas\u0131 Kanunu'nda \"Bulut \u0130stisnas\u0131\" Nedir? Bulut Hizmeti Sa.<\/h3>\n                                <\/div>\n                            <\/figcaption>\n                            <a href=\"https:\/\/monolith.law\/tr\/it\/personal-information-cloud-exceptions\"><\/a>\n                        <\/figure>\n                    <\/div>\n                                                    <div class=\"article article-area\">\n                        <figure>\n                            <div class=\"img-wrap\">\n                                <img alt=\"Yapay Zeka \u00dcretimi ve Telif Haklar\u0131 Aras\u0131ndaki \u0130li\u015fkide G\u00f6z \u00d6n\u00fcnde Bulundurulmas\u0131 Gereken D\u00fc\u015f\u00fcnce Tarz\u0131 Nedir?\" src=\"https:\/\/monolith.law\/tr\/wp-content\/uploads\/sites\/24\/2024\/08\/Shutterstock_2292818415.webp\" width=\"500\" height=\"250\">\n                            <\/div>\n                            <figcaption>\n                                <div class=\"figcaption-inner\">\n                                    <h3>Yapay Zeka \u00dcretimi ve Telif Haklar\u0131 Aras\u0131ndaki \u0130li\u015fkide G\u00f6z \u00d6n\u00fcnde Bulundurulmas.<\/h3>\n                                <\/div>\n                            <\/figcaption>\n                            <a href=\"https:\/\/monolith.law\/tr\/it\/generative-ai-copyright\"><\/a>\n                        <\/figure>\n                    <\/div>\n                                            <\/div>\n            <div class=\"btn-more\"><a href=\"https:\/\/monolith.law\/tr\/tag\/terms-of-use\">Read More<\/a><\/div>\n        <\/div>\n    <\/section>\n\t<\/div>\n<\/section>\n\n<section class=\"orange2-section\">\n\t<div class=\"anchor\" id=\"fee-structure\"><\/div>\n\t<div class=\"section-inner\">\n\t<div class=\"planWrap\">\n\t<h3>\u00dccret Yap\u0131s\u0131<\/h3>\n\t<ul class=\"plan\">\n\t\t<li class=\"txt-left\">\n\t\t\t<div class=\"plan-inner\">\n\t\t\t<div class=\"plan-header\">\n\t\t\t<h4 class=\"plan-title\">Saatlik \u00dccret<\/h4>\n\t\t\t<div class=\"plan-price\"><span class=\"price-figure\">$300<\/span>saat ba\u015f\u0131na<span class=\"price-tax\"><\/span><\/div>\n\t\t\t<\/div>\n\t\t\t<div class=\"plan-body\">Baz\u0131 durumlarda, bir dava veya hukuk davas\u0131n\u0131 ba\u015flang\u0131\u00e7 \u00fccreti ve ba\u015far\u0131ya ba\u011fl\u0131 \u00fccret ile kabul etmeyi d\u00fc\u015f\u00fcnebiliriz. Daha fazla bilgi i\u00e7in l\u00fctfen bizimle ileti\u015fime ge\u00e7mekten \u00e7ekinmeyin.<\/div>\n\t\t\t<\/div>\n\t\t<\/li>\n\t\t<li class=\"txt-left\">\n\t\t\t<div class=\"plan-inner\">\n\t\t\t<div class=\"plan-header\">\n\t\t\t<h4 class=\"plan-title\">S\u00f6zle\u015fme Haz\u0131rlama<\/h4>\n\t\t\t<div class=\"plan-price\"><span class=\"price-value\">ba\u015flang\u0131\u00e7 fiyat\u0131<\/span><span class=\"price-figure\">$500<\/span><span class=\"price-value\">ile $2,000 veya daha fazla<\/span><span class=\"price-tax\"><\/span><\/div>\n\t\t\t<\/div>\n\t\t\t<div class=\"plan-body\">Fiyatland\u0131rma yap\u0131s\u0131, s\u00f6zle\u015fmelerin t\u00fcr\u00fcne ve miktar\u0131na g\u00f6re de\u011fi\u015fiklik g\u00f6sterebilir. Sorgulama \u00fczerine \u00f6n tahmin sunmaktan memnuniyet duyar\u0131z, bu nedenle daha fazla bilgi i\u00e7in bizimle ileti\u015fime ge\u00e7mekten \u00e7ekinmeyin.<\/div>\n\t\t\t<\/div>\n\t\t<\/li>\n\t\t<li class=\"txt-left\">\n\t\t\t<div class=\"plan-inner\">\n\t\t\t<div class=\"plan-header\">\n\t\t\t<h4 class=\"plan-title\">Di\u011fer Hizmetler<\/h4>\n\t\t\t<div class=\"plan-price\"><span class=\"price-figure\">Bize Ula\u015f\u0131n<\/span><\/div>\n\t\t\t<\/div>\n\t\t\t<div class=\"plan-body\">\u015eirket kurulumu, s\u00f6zle\u015fme incelemesi, hukuki g\u00f6r\u00fc\u015f, dava incelemesi veya ara\u015ft\u0131rma mektubu dahil olmak \u00fczere geni\u015f bir hizmet yelpazesi sunuyoruz. Herhangi bir sorunuz veya endi\u015feniz varsa, bizimle ileti\u015fime ge\u00e7mekten \u00e7ekinmeyin ve bilgili ekibimiz size yard\u0131mc\u0131 olmaktan mutluluk duyacakt\u0131r.<\/div>\n\t\t\t<\/div>\n\t\t\t<\/div>\n\t\t<\/li>\n\t<\/ul>\n\t<\/div>\n\t<\/div>\n<\/section>\n\n<section class=\"white-section\">\n\t<div class=\"section-inner\">\n\t\t<div class=\"btn-area\">\n\t\t\t<div class=\"btn icon-contact\"><a href=\"\/tr\/contact\">Bize Ula\u015f\u0131n<\/a><\/div>\n\t\t<\/div>\n\t<\/div>\n<\/section>\n","protected":false},"excerpt":{"rendered":"<p>Kullan\u0131m Ko\u015fullar\u0131 MONOLITH LAW OFFICE olarak, Japonya&#8217;daki \u00e7e\u015fitli uygulamalar, hizmetler ve oyunlar i\u00e7in kullan\u0131m ko\u015fullar\u0131 ve gizlilik politikalar\u0131n\u0131n olu\u015fturulmas\u0131 ve g\u00f6zden ge\u00e7irilmesi konu [&hellip;]<\/p>\n","protected":false},"author":1,"featured_media":57154,"parent":0,"menu_order":7,"comment_status":"closed","ping_status":"closed","template":"other-page-temp.php","meta":{"footnotes":""},"acf":[],"_links":{"self":[{"href":"https:\/\/monolith.law\/tr\/wp-json\/wp\/v2\/pages\/32193"}],"collection":[{"href":"https:\/\/monolith.law\/tr\/wp-json\/wp\/v2\/pages"}],"about":[{"href":"https:\/\/monolith.law\/tr\/wp-json\/wp\/v2\/types\/page"}],"author":[{"embeddable":true,"href":"https:\/\/monolith.law\/tr\/wp-json\/wp\/v2\/users\/1"}],"replies":[{"embeddable":true,"href":"https:\/\/monolith.law\/tr\/wp-json\/wp\/v2\/comments?post=32193"}],"version-history":[{"count":19,"href":"https:\/\/monolith.law\/tr\/wp-json\/wp\/v2\/pages\/32193\/revisions"}],"predecessor-version":[{"id":62789,"href":"https:\/\/monolith.law\/tr\/wp-json\/wp\/v2\/pages\/32193\/revisions\/62789"}],"wp:featuredmedia":[{"embeddable":true,"href":"https:\/\/monolith.law\/tr\/wp-json\/wp\/v2\/media\/57154"}],"wp:attachment":[{"href":"https:\/\/monolith.law\/tr\/wp-json\/wp\/v2\/media?parent=32193"}],"curies":[{"name":"wp","href":"https:\/\/api.w.org\/{rel}","templated":true}]}}