{"id":32253,"date":"2023-11-06T23:30:39","date_gmt":"2023-11-06T14:30:39","guid":{"rendered":"https:\/\/monolith.law\/?page_id=32253"},"modified":"2024-08-14T12:20:03","modified_gmt":"2024-08-14T03:20:03","slug":"system-development","status":"publish","type":"page","link":"https:\/\/monolith.law\/tr\/system-development","title":{"rendered":"Sistem Geli\u015ftirme"},"content":{"rendered":"\n<section class=\"heading-area\">\n\t<div class=\"heading-area-inner\">\n\t\t<h2 class=\"icon-system-development\">Sistem Geli\u015ftirme<\/h2>\n\t\t<p>Y\u00fcksek uzmanl\u0131k gerektiren sistem geli\u015ftirme s\u0131kl\u0131kla zorlu sorunlarla ve s\u00f6zle\u015fme m\u00fczakerelerinde karma\u015f\u0131k durumlarla kar\u015f\u0131la\u015f\u0131r. \u015eirketinizin, sadece hukuk uzmanlar\u0131 olarak de\u011fil, ayn\u0131 zamanda IT uzmanlar\u0131 olarak da \u015firket i\u00e7in hayati olan unsurlar\u0131 belirlemek ad\u0131na bilgilerimizi kullanarak destek olmaya haz\u0131r\u0131z.<\/p>\n\t<\/div>\n<\/section>\n\n<section class=\"white-section\">\n\t<div class=\"section-inner pdt0 border-bottom-section\">\n\t\t<p>Bir eski IT m\u00fchendisi olan avukat taraf\u0131ndan y\u00f6netilen bir hukuk firmas\u0131y\u0131z ve y\u00fcksek uzmanl\u0131k gerektiren sistem geli\u015ftirme i\u00e7in s\u00f6zle\u015fmelerin tasarlanmas\u0131ndan, revize edilmesinden ve m\u00fczakerelerinden, ortaya \u00e7\u0131kan anla\u015fmazl\u0131klar\u0131n \u00e7\u00f6z\u00fclmesine kadar her \u015feyi ele al\u0131yoruz. Ayr\u0131ca, teklif dok\u00fcmanlar\u0131 gibi mevcut materyallere dayanarak ve minimum toplant\u0131larla s\u0131f\u0131rdan s\u00f6zle\u015fmeler haz\u0131rl\u0131yoruz.<\/p>\n\t<\/div>\n<\/section>\n\n<section class=\"second-nav\">\n\t<div class=\"second-nav-inner\">\n\t\t<p>BA\u015eLIKLAR<\/p>\n\t\t<nav>\n\t\t\t<ul>\n\t\t\t\t<li><a href=\"#contract-drafting-in-system-development\">Sistem Geli\u015ftirmede S\u00f6zle\u015fme Tasar\u0131m\u0131<\/a><\/li>\n\t\t\t\t<li><a href=\"#dispute-resolution-in-system-development\">Sistem Geli\u015ftirmede Anla\u015fmazl\u0131k \u00c7\u00f6z\u00fcm\u00fc<\/a><\/li>\n\t\t\t\t<li><a href=\"#drafting-with-minimal-operating-time\">Minimum \u0130\u015fletme S\u00fcresiyle Tasar\u0131m<\/a><\/li>\n\t\t\t\t<li><a href=\"#examples-of-support-provided-by-our-firm\">Firmam\u0131z Taraf\u0131ndan Sa\u011flanan Destek \u00d6rnekleri<\/a><\/li>\n\t\t\t\t<li><a href=\"#publication-achievements-systems-development-legal\">Yay\u0131n Ba\u015far\u0131lar\u0131<\/a><\/li>\n\t\t\t\t<li><a href=\"#crypto-assets-and-blockchain\">Kripto Varl\u0131klar ve Blockchain<\/a><\/li>\n\t\t\t\t<li><a href=\"#manda\">M&amp;A<\/a><\/li>\n\t\t\t\t<li><a href=\"#monolith-law-magazine\">MONOLITH LAW MAGAZINE<\/a><\/li>\n\t\t\t\t<li><a href=\"#fee-structure\">\u00dccret Yap\u0131s\u0131<\/a><\/li>\n\t\t\t<\/ul>\n\t\t<\/nav>\n\t<\/div>\n<\/section>\n\n<section class=\"white-section mgt-section mgb-section80\">\n\t<div class=\"anchor\" id=\"contract-drafting-in-system-development\"><\/div>\n\t<div class=\"section-inner-black\">\n\t\t<h3>Sistem Geli\u015ftirme S\u00f6zle\u015fmelerinin Haz\u0131rlanmas\u0131<\/h3>\n\t\t<p class=\"mgb-small\">Sistem geli\u015ftirme durumunda, s\u00f6zle\u015fmeye uygun olmama durumunda sorumluluk gibi soyut h\u00fck\u00fcmler sa\u011flanabilir, ancak s\u00f6zle\u015fme sadece &#8220;ayr\u0131 bir anla\u015fma ile&#8221; der. Yani, sistem- veya proje \u00f6zel durumlar\u0131 do\u011frudan belirtilmez. Sonu\u00e7 olarak, ger\u00e7ek bir anla\u015fmazl\u0131k durumunda sonucun ne olaca\u011f\u0131 genellikle belirsiz olur.<\/p>\n\t\t<p class=\"mgb-middle\">Firmam\u0131z, s\u00f6zle\u015fmelerin haz\u0131rlanmas\u0131n\u0131 de\u011fil, ayn\u0131 zamanda ilgili sistem geli\u015ftirmenin derin bir anlay\u0131\u015f\u0131n\u0131 da i\u015fimizin \u00f6nemli bir par\u00e7as\u0131 olarak g\u00f6r\u00fcr.<\/p>\n\n\t<\/div>\n<\/section>\n\n<section class=\"purple-section\">\n\t<div class=\"anchor\" id=\"dispute-resolution-in-system-development\"><\/div>\n\t<div class=\"section-inner\">\n\t\t<div class=\"flex\">\n\t\t\t<div class=\"width41\"><img decoding=\"async\" src=\"\/wp-content\/themes\/monolith2021\/img\/systemdevelopment\/systemdevelopment_pic1.jpg\" alt=\" Sistem Geli\u015ftirmede Anla\u015fmazl\u0131k \u00c7\u00f6z\u00fcm\u00fc\"><\/div>\n\t\t\t<div class=\"width51\">\n\t\t\t\t<h3>Sistem Geli\u015ftirme Alan\u0131nda Uyu\u015fmazl\u0131k \u00c7\u00f6z\u00fcm\u00fc<\/h3>\n\t\t\t\t<p class=\"mgb-small\">Bir uyu\u015fmazl\u0131k ortaya \u00e7\u0131kt\u0131\u011f\u0131nda, dava d\u0131\u015f\u0131 tazminat talepleri ve ge\u00e7ici tedbirler ile yarg\u0131lamalar i\u00e7in sorumluluk al\u0131r\u0131z.<\/p>\n\t\t\t\t<p>Ancak, uyu\u015fmazl\u0131klar\u0131n hi\u00e7 ortaya \u00e7\u0131kmamas\u0131 tercih edilir ve bir uyu\u015fmazl\u0131k i\u00e7in f\u0131rsat bile olsa, en iyisi mahkemeye gitmemesidir. Bu, temel g\u00f6r\u00fc\u015f\u00fcm\u00fcz ve duru\u015fumuzdur ve bu varsay\u0131ma dayanarak kurumsal m\u00fc\u015fterilerimize g\u00fcnl\u00fck hukuki hizmetler sunuyoruz.<\/p>\n\t\t\t<\/div>\n\t\t<\/div>\n\t<\/div>\n<\/section>\n\n<section class=\"white-section\">\n\t<div class=\"anchor\" id=\"drafting-with-minimal-operating-time\"><\/div>\n\t<div class=\"section-inner\">\n\t\t<div class=\"flex reverse\">\n\t\t\t<div class=\"width41\"><img decoding=\"async\" src=\"\/wp-content\/themes\/monolith2021\/img\/pic\/pic_draft.jpg\" alt=\"Minimum \u0130\u015flem S\u00fcresiyle Taslak Haz\u0131rlama\"><\/div>\n\t\t\t<div class=\"width51\">\n\t\t\t\t<h3>Minimum \u0130\u015fletim S\u00fcresiyle S\u00f6zle\u015fme Tasar\u0131m\u0131<\/h3>\n\t\t\t\t<p class=\"mgb-small\">Kurucu avukat\u0131m\u0131z eski bir IT m\u00fchendisidir.<\/p>\n\t\t\t\t<p class=\"mgb-small\">Sistem geli\u015ftirme i\u00e7in bir s\u00f6zle\u015fme tasarlamak ve bu t\u00fcr bir s\u00f6zle\u015fme i\u00e7in bir \u015fema tasarlamak, ilgili sistemin genel hatlar\u0131n\u0131 anlamay\u0131 gerektirir. \u015eirketinizde zaten mevcut olan, ilgili sistem geli\u015ftirmeye y\u00f6nelik gereksinim tan\u0131mlar\u0131 ve potansiyel m\u00fc\u015fteriler i\u00e7in sat\u0131\u015f materyalleri gibi \u00e7e\u015fitli belge ve verileri bizim taraf\u0131m\u0131zdan inceleyebiliriz.<\/p>\n\t\t\t\t<p>Bu nedenle, toplant\u0131lar vb. i\u00e7in harcanan minimum s\u00fcre ile s\u00f6zle\u015fme taslaklar\u0131 ve di\u011fer belgeleri haz\u0131rlayabiliriz, bu da ileti\u015fim maliyetlerini ve haz\u0131rl\u0131k i\u00e7in gereken s\u00fcreyi etkin bir \u015fekilde azalt\u0131r.<\/p>\n\t\t\t<\/div>\n\t\t<\/div>\n\t<\/div>\n<\/section>\n\n<section class=\"orange-section\">\n\t<div class=\"anchor\" id=\"examples-of-support-provided-by-our-firm\"><\/div>\n\t<div class=\"section-inner\">\n\t\t<h3 class=\"mgb-middle\">Firmam\u0131z Taraf\u0131ndan Sa\u011flanan Destek \u00d6rnekleri<\/h3>\n\t\t<ul class=\"layout-column4\">\n\t\t\t<li>\n\t\t\t\t<div><img decoding=\"async\" src=\"\/wp-content\/themes\/monolith2021\/img\/systemdevelopment\/systemdevelopment_support_pic1.jpg\"><\/div>\n\t\t\t\t<h4>IT Tedarik\u00e7ileri<\/h4>\n\t\t\t\t<p>Sistem geli\u015ftirme hizmetleri sunan \u015firketler i\u00e7in sistem geli\u015ftirme ile ilgili s\u00f6zle\u015fmelerin tasarlanmas\u0131ndan anla\u015fmazl\u0131k \u00e7\u00f6z\u00fcm\u00fcne kadar \u00e7e\u015fitli hizmetler sunuyoruz. Hukuki dan\u0131\u015fmanl\u0131k ve di\u011fer hukuki hizmetler \u015feklinde bu hizmetleri sa\u011fl\u0131yoruz. Ayr\u0131ca blockchain ile ilgili konular gibi ileri teknoloji alanlar\u0131nda da \u00e7al\u0131\u015fmalar y\u00fcr\u00fct\u00fcyoruz.<\/p>\n\t\t\t<\/li>\n\t\t\t<li>\n\t\t\t\t<div><img decoding=\"async\" src=\"\/wp-content\/themes\/monolith2021\/img\/systemdevelopment\/systemdevelopment_support_pic2.jpg\"><\/div>\n\t\t\t\t<h4>\u0130\u015fletme \u015eirketleri<\/h4>\n\t\t\t\t<p>Sistem geli\u015ftirme i\u015fi i\u00e7in sipari\u015f veren i\u015fletme \u015firketlerine \u00e7e\u015fitli hizmetler sunuyoruz. \u00d6zellikle IT alan\u0131nda uzmanla\u015fmam\u0131\u015f \u015firketlerin yeni i\u015f kollar\u0131 i\u00e7in, teslimattan sonraki takip dahil olmak \u00fczere t\u00fcm i\u015fletme i\u00e7in sistem tasar\u0131m\u0131 da dahil destek sa\u011flayabiliriz.<\/p>\n\t\t\t<\/li>\n\t\t\t<li>\n\t\t\t\t<div><img decoding=\"async\" src=\"\/wp-content\/themes\/monolith2021\/img\/systemdevelopment\/systemdevelopment_support_pic3.jpg\"><\/div>\n\t\t\t\t<h4>Sistem M\u00fchendisli\u011fi Hizmetleri (SES)<\/h4>\n\t\t\t\t<p>MONOLITH LAW OFFICE, bir\u00e7ok SES \u015firketine hukuki hizmetler sunmaktad\u0131r. SES ile ilgili s\u00f6zle\u015fmelerin tasarlanmas\u0131ndan, belirli sorunlarla ilgili d\u0131\u015f mahkeme anla\u015fmazl\u0131klar\u0131n\u0131n \u00e7\u00f6z\u00fcm\u00fcne ve dava i\u015flemlerinin y\u00fcr\u00fct\u00fclmesine kadar \u00e7al\u0131\u015fmalar yapmaktay\u0131z.<\/p>\n\t\t\t<\/li>\n\t\t\t<li>\n\t\t\t\t<div><img decoding=\"async\" src=\"\/wp-content\/themes\/monolith2021\/img\/systemdevelopment\/systemdevelopment_support_pic4.jpg\"><\/div>\n\t\t\t\t<h4>A\u00e7\u0131k kaynakl\u0131 yaz\u0131l\u0131m(OSS)<\/h4>\n\t\t\t\t<p>MONOLITH LAW OFFICE, hem GPL hem de di\u011fer a\u00e7\u0131k kaynak lisanslar\u0131 sunan ve ticari lisanslar sunan \u015firketler i\u00e7in kullan\u0131c\u0131 belgelerinin profesyonel tasar\u0131m\u0131 ve denetimini ba\u015far\u0131yla sa\u011flam\u0131\u015ft\u0131r.<\/p>\n\t\t\t<\/li>\n\t\t<\/ul>\n\t<\/div>\n<\/section>\n\n<section class=\"white-section\">\n\t<div class=\"anchor\" id=\"publication-achievements-systems-development-legal\"><\/div>\n\t<div class=\"section-inner\">\n\t\t<div class=\"flex reverse\">\n\t\t\t<div class=\"width41\"><img decoding=\"async\" src=\"\/wp-content\/themes\/monolith2021\/img\/pic\/pic_publishing.jpg\" alt=\"Sistem Geli\u015ftirme ile \u0130lgili Hukuki Konular \u00dczerine Kitaplar\u0131n Yay\u0131nlanmas\u0131\"><\/div>\n\t\t\t<div class=\"width51\">\n\t\t\t\t<h3>Sistem Geli\u015ftirme ile \u0130lgili Hukuki Konular \u00dczerine Kitaplar\u0131n Yay\u0131nlanmas\u0131<\/h3>\n\t\t\t\t<p class=\"mgb-small\">Web hizmetleri, uygulamalar ve oyunlar i\u00e7in sistem geli\u015ftirmeye odaklanan bir hukuk firmas\u0131 olarak, &#8220;IT M\u00fchendisleri i\u00e7in Giri\u015f Seviyesi Hukuki Soru-Cevap&#8221; adl\u0131 kitab\u0131 yay\u0131nlad\u0131k. Bu kitapta, eski bir m\u00fchendis olan avukat, ba\u015fta IT m\u00fchendisleri olmak \u00fczere hukuki bilgileri a\u00e7\u0131klamaktad\u0131r.<\/p>\n\t\t\t\t<p>Kitap, Telif Haklar\u0131n\u0131n Tuzaklar\u0131, Geli\u015ftirme S\u00f6zle\u015fmelerinin Tuzaklar\u0131, \u0130\u015f \u0130li\u015fkilerinin Tuzaklar\u0131, S\u00f6zle\u015fmelerin Kontrol Noktalar\u0131 adl\u0131 b\u00f6l\u00fcmlerden olu\u015fmakta ve ger\u00e7ek sistem geli\u015ftirme durumlar\u0131nda problemli olabilecek belirli noktalar\u0131n hukuki a\u00e7\u0131klamalar\u0131n\u0131 sa\u011flamaktad\u0131r.<\/p>\n\t\t\t<\/div>\n\t\t<\/div>\n\t<\/div>\n<\/section>\n\n<section class=\"purple-section\">\n\t<div class=\"anchor\" id=\"crypto-assets-and-blockchain\"><\/div>\n\t<div class=\"section-inner\">\n\t\t<div class=\"flex\">\n\t\t\t<div class=\"width41\"><img decoding=\"async\" src=\"\/wp-content\/uploads\/2022\/07\/shutterstock_1151380622_2.png\" alt=\"Kripto Varl\u0131klar ve Blockchain\"><\/div>\n\t\t\t<div class=\"width51\">\n\t\t\t\t<h3>Kripto Varl\u0131klar ve Blockchain<\/h3>\n\t\t\t\t<p>Blockchain, merkezi olmayan bir veritaban\u0131d\u0131r, kay\u0131t kayb\u0131 riski d\u00fc\u015f\u00fckt\u00fcr ve ge\u00e7mi\u015f kay\u0131tlar\u0131n de\u011fi\u015ftirilmesi zordur. Bu, konsensus algoritmalar\u0131, kriptografi ve P2P a\u011flar\u0131 gibi IT teknikleri arac\u0131l\u0131\u011f\u0131yla ger\u00e7ekle\u015ftirilir. MONOLITH LAW OFFICE, 2017&#8217;deki a\u00e7\u0131l\u0131\u015f\u0131ndan bu yana kripto varl\u0131k ve blockchain hukuki i\u015flerinde yer alm\u0131\u015ft\u0131r.<\/p>\n\t\t\t<\/div>\n\t\t<\/div>\n\t<\/div>\n<\/section>\n\n<section class=\"white-section mgt-section mgb-section\">\n\t<div class=\"anchor\" id=\"manda\"><\/div>\n\t<div class=\"section-inner-black\">\n\t\t<h3>M&amp;A<\/h3>\n\t\t<p class=\"mgb-middle\">IT sistemlerini i\u00e7eren M&amp;A&#8217;da geni\u015f deneyime sahibiz, i\u015f transferlerini ve uygulama ve web hizmetlerinin sat\u0131n al\u0131nmas\u0131n\u0131 i\u00e7erir.<\/p>\n\t<\/div>\n<\/section>\n\n<section class=\"purple2-section\">\n\t<div class=\"anchor\" id=\"monolith-law-magazine\"><\/div>\n\t<div class=\"section-inner\">\n\t\t    <section class=\"white-section temp-article\">\n        <div class=\"section-inner\">\n            <h4>MONOLITH LAW MAGAZINE<\/h4>\n            <div class=\"articles type_practice_column\">\n                                                                    <div class=\"article article-area\">\n                        <figure>\n                            <div class=\"img-wrap\">\n                                <img alt=\"OSS'yi \u0130\u00e7eren Teslimatlar \u0130\u00e7in Sat\u0131c\u0131lar\u0131n Sorumlulu\u011fu Ne Kadar? S\u00f6zle\u015fme T\u00fcrlerine G\u00f6re Medeni Sorumluluk ve \u00d6nlemler A\u00e7\u0131klan\u0131yor\" src=\"https:\/\/monolith.law\/tr\/wp-content\/uploads\/sites\/24\/2025\/08\/a3e2bebbbd18ab9195487c8b62e3ba94.webp\" width=\"500\" height=\"250\">\n                            <\/div>\n                            <figcaption>\n                                <div class=\"figcaption-inner\">\n                                    <h3>OSS'yi \u0130\u00e7eren Teslimatlar \u0130\u00e7in Sat\u0131c\u0131lar\u0131n Sorumlulu\u011fu Ne Kadar? S\u00f6zle\u015fme T\u00fcrler.<\/h3>\n                                <\/div>\n                            <\/figcaption>\n                            <a href=\"https:\/\/monolith.law\/tr\/it\/oss-contract\"><\/a>\n                        <\/figure>\n                    <\/div>\n                                                    <div class=\"article article-area\">\n                        <figure>\n                            <div class=\"img-wrap\">\n                                <img alt=\"A\u00e7\u0131k Kaynak Yaz\u0131l\u0131m (OSS) Kullan\u0131larak Yaz\u0131l\u0131m Geli\u015ftirmede Kar\u015f\u0131la\u015f\u0131lan 8 Hukuki Sorunun A\u00e7\u0131klamas\u0131\" src=\"https:\/\/monolith.law\/tr\/wp-content\/uploads\/sites\/24\/2025\/08\/2e3dcd72416c364f481cdcf21967a2a8.webp\" width=\"500\" height=\"250\">\n                            <\/div>\n                            <figcaption>\n                                <div class=\"figcaption-inner\">\n                                    <h3>A\u00e7\u0131k Kaynak Yaz\u0131l\u0131m (OSS) Kullan\u0131larak Yaz\u0131l\u0131m Geli\u015ftirmede Kar\u015f\u0131la\u015f\u0131lan 8 Hukuk.<\/h3>\n                                <\/div>\n                            <\/figcaption>\n                            <a href=\"https:\/\/monolith.law\/tr\/it\/oss-law\"><\/a>\n                        <\/figure>\n                    <\/div>\n                                                    <div class=\"article article-area\">\n                        <figure>\n                            <div class=\"img-wrap\">\n                                <img alt=\"Yaz\u0131l\u0131m Geli\u015ftirme D\u0131\u015f Kaynak Kullan\u0131m S\u00f6zle\u015fmelerinde A\u00e7\u0131k Kaynak Yaz\u0131l\u0131m (OSS) Kullan\u0131rken Dikkat Edilmesi Gereken Hususlar\" src=\"https:\/\/monolith.law\/tr\/wp-content\/uploads\/sites\/24\/2025\/08\/9132dea58501d53c6b72439e72a5a1e0.webp\" width=\"500\" height=\"250\">\n                            <\/div>\n                            <figcaption>\n                                <div class=\"figcaption-inner\">\n                                    <h3>Yaz\u0131l\u0131m Geli\u015ftirme D\u0131\u015f Kaynak Kullan\u0131m S\u00f6zle\u015fmelerinde A\u00e7\u0131k Kaynak Yaz\u0131l\u0131m (OSS).<\/h3>\n                                <\/div>\n                            <\/figcaption>\n                            <a href=\"https:\/\/monolith.law\/tr\/it\/oss-development-contract\"><\/a>\n                        <\/figure>\n                    <\/div>\n                                            <\/div>\n            <div class=\"btn-more\"><a href=\"https:\/\/monolith.law\/tr\/tag\/system-development\">Read More<\/a><\/div>\n        <\/div>\n    <\/section>\n\t<\/div>\n<\/section>\n\n<section class=\"orange2-section\">\n\t<div class=\"anchor\" id=\"fee-structure\"><\/div>\n\t<div class=\"section-inner\">\n\t<div class=\"planWrap\">\n\t<h3>\u00dccret Yap\u0131s\u0131<\/h3>\n\t<ul class=\"plan\">\n\t\t<li class=\"txt-left\">\n\t\t\t<div class=\"plan-inner\">\n\t\t\t<div class=\"plan-header\">\n\t\t\t<h4 class=\"plan-title\">Saatlik \u00dccret<\/h4>\n\t\t\t<div class=\"plan-price\"><span class=\"price-figure\">$300<\/span>saat ba\u015f\u0131na<span class=\"price-tax\"><\/span><\/div>\n\t\t\t<\/div>\n\t\t\t<div class=\"plan-body\">Baz\u0131 durumlarda, bir dava veya hukuk davas\u0131n\u0131 ba\u015flang\u0131\u00e7 \u00fccreti ve ba\u015far\u0131ya ba\u011fl\u0131 \u00fccret ile kabul etmeyi d\u00fc\u015f\u00fcnebiliriz. Daha fazla bilgi i\u00e7in l\u00fctfen bizimle ileti\u015fime ge\u00e7mekten \u00e7ekinmeyin.<\/div>\n\t\t\t<\/div>\n\t\t<\/li>\n\t\t<li class=\"txt-left\">\n\t\t\t<div class=\"plan-inner\">\n\t\t\t<div class=\"plan-header\">\n\t\t\t<h4 class=\"plan-title\">S\u00f6zle\u015fme Haz\u0131rlama<\/h4>\n\t\t\t<div class=\"plan-price\"><span class=\"price-value\">ba\u015flang\u0131\u00e7<\/span><span class=\"price-figure\">$500<\/span><span class=\"price-value\">ile $2,000 veya daha fazla<\/span><span class=\"price-tax\"><\/span><\/div>\n\t\t\t<\/div>\n\t\t\t<div class=\"plan-body\">Fiyatland\u0131rma yap\u0131s\u0131, s\u00f6zle\u015fmelerin t\u00fcr\u00fcne ve miktar\u0131na g\u00f6re de\u011fi\u015fiklik g\u00f6sterebilir. Sorgulama \u00fczerine \u00f6n tahmin sunmaktan memnuniyet duyar\u0131z, bu nedenle daha fazla bilgi i\u00e7in bizimle ileti\u015fime ge\u00e7mekten \u00e7ekinmeyin.<\/div>\n\t\t\t<\/div>\n\t\t<\/li>\n\t\t<li class=\"txt-left\">\n\t\t\t<div class=\"plan-inner\">\n\t\t\t<div class=\"plan-header\">\n\t\t\t<h4 class=\"plan-title\">Di\u011fer Hizmetler<\/h4>\n\t\t\t<div class=\"plan-price\"><span class=\"price-figure\">Bize Ula\u015f\u0131n<\/span><\/div>\n\t\t\t<\/div>\n\t\t\t<div class=\"plan-body\">\u015eirket kurulumu, s\u00f6zle\u015fme incelemesi, hukuki g\u00f6r\u00fc\u015f, dava incelemesi veya ara\u015ft\u0131rma mektubu dahil olmak \u00fczere geni\u015f bir hizmet yelpazesi sunuyoruz. Herhangi bir sorunuz veya endi\u015feniz varsa, bizimle ileti\u015fime ge\u00e7mekten \u00e7ekinmeyin ve bilgili ekibimiz size yard\u0131mc\u0131 olmaktan mutluluk duyacakt\u0131r.<\/div>\n\t\t\t<\/div>\n\t\t\t<\/div>\n\t\t<\/li>\n\t<\/ul>\n\t<\/div>\n\t<\/div>\n<\/section>\n\n<section class=\"white-section\">\n\t<div class=\"section-inner\">\n\t\t<div class=\"btn-area\">\n\t\t\t<div class=\"btn icon-contact\"><a href=\"\/tr\/contact\">Bize Ula\u015f\u0131n<\/a><\/div>\n\t\t<\/div>\n\t<\/div>\n<\/section>\n","protected":false},"excerpt":{"rendered":"<p>Sistem Geli\u015ftirme Y\u00fcksek uzmanl\u0131k gerektiren sistem geli\u015ftirme s\u0131kl\u0131kla zorlu sorunlarla ve s\u00f6zle\u015fme m\u00fczakerelerinde karma\u015f\u0131k durumlarla kar\u015f\u0131la\u015f\u0131r. \u015eirketinizin, sadece hukuk uzmanlar\u0131 olarak de\u011fil,  [&hellip;]<\/p>\n","protected":false},"author":1,"featured_media":57152,"parent":0,"menu_order":7,"comment_status":"closed","ping_status":"closed","template":"other-page-temp.php","meta":{"footnotes":""},"acf":[],"_links":{"self":[{"href":"https:\/\/monolith.law\/tr\/wp-json\/wp\/v2\/pages\/32253"}],"collection":[{"href":"https:\/\/monolith.law\/tr\/wp-json\/wp\/v2\/pages"}],"about":[{"href":"https:\/\/monolith.law\/tr\/wp-json\/wp\/v2\/types\/page"}],"author":[{"embeddable":true,"href":"https:\/\/monolith.law\/tr\/wp-json\/wp\/v2\/users\/1"}],"replies":[{"embeddable":true,"href":"https:\/\/monolith.law\/tr\/wp-json\/wp\/v2\/comments?post=32253"}],"version-history":[{"count":34,"href":"https:\/\/monolith.law\/tr\/wp-json\/wp\/v2\/pages\/32253\/revisions"}],"predecessor-version":[{"id":72278,"href":"https:\/\/monolith.law\/tr\/wp-json\/wp\/v2\/pages\/32253\/revisions\/72278"}],"wp:featuredmedia":[{"embeddable":true,"href":"https:\/\/monolith.law\/tr\/wp-json\/wp\/v2\/media\/57152"}],"wp:attachment":[{"href":"https:\/\/monolith.law\/tr\/wp-json\/wp\/v2\/media?parent=32253"}],"curies":[{"name":"wp","href":"https:\/\/api.w.org\/{rel}","templated":true}]}}