{"id":32408,"date":"2023-11-07T23:20:29","date_gmt":"2023-11-07T14:20:29","guid":{"rendered":"https:\/\/monolith.law\/?page_id=32408"},"modified":"2024-07-05T18:36:49","modified_gmt":"2024-07-05T09:36:49","slug":"m-and-a","status":"publish","type":"page","link":"https:\/\/monolith.law\/tr\/m-and-a","title":{"rendered":"M&amp;A"},"content":{"rendered":"\n<section class=\"heading-area\">\n\t<div class=\"heading-area-inner\">\n\t\t<h2 class=\"icon-m-and-a\">M&amp;A<\/h2>\n\t\t<p>MONOLITH LAW OFFICE olarak, uygulamalar ve web hizmetleri de dahil olmak \u00fczere IT alan\u0131nda merkezlenmi\u015f \u00e7ok say\u0131da sermaye ve M&amp;A ile ilgili hukuki i\u015fleri y\u00f6netmi\u015f bulunmaktay\u0131z. \u015eirket sat\u0131n almalar\u0131 ve benzeri durumlarda hukuki nedeniyle inceleme (DD) yapma yetene\u011fine sahibiz.<\/p>\n\t<\/div>\n<\/section>\n\n<section class=\"white-section\">\n\t<div class=\"section-inner pdt0 border-bottom-section\">\n\t\t<p>MONOLITH LAW OFFICE, i\u015f transferleri, hisse senedi ile ilgili hukuki i\u015fler gibi \u00fc\u00e7\u00fcnc\u00fc \u015fah\u0131slara hisse tahsisi, hisse senedi opsiyonlar\u0131 ihra\u00e7 etme, y\u00f6netim sat\u0131n almalar\u0131 (MBO) ve ortak giri\u015fimler (JV) kurma, ayr\u0131ca bu i\u015flemlerle ilgili uyu\u015fmazl\u0131k \u00e7\u00f6z\u00fcm\u00fc gibi \u00e7ok say\u0131da M&amp;A i\u015flemlerini y\u00f6netmi\u015ftir. \u0130\u015flerimiz genellikle IT alan\u0131nda, uygulamalar ve web hizmetleri de dahil olmak \u00fczere yo\u011funla\u015fmaktad\u0131r. Ayr\u0131ca, \u015firket sat\u0131n almalar\u0131 gibi durumlarda \u00f6zellikle ciddi hukuki sorunlar\u0131n olup olmad\u0131\u011f\u0131n\u0131 do\u011frulamak i\u00e7in yap\u0131lan hukuki ara\u015ft\u0131rma olan s\u00f6zde hukuki nedeniyle inceleme (DD) i\u015flemlerini y\u00fcr\u00fctecek bir sisteme sahibiz.<\/p>\n\t<\/div>\n<\/section>\n\n<section class=\"second-nav\">\n\t<div class=\"second-nav-inner\">\n\t\t<p>BA\u015eLIKLAR<\/p>\n\t\t<nav>\n\t\t\t<ul>\n\t\t\t\t<li><a href=\"#examples-of-support-provided-by-our-firm\">Firmam\u0131z Taraf\u0131ndan Sa\u011flanan Destek \u00d6rnekleri<\/a><\/li>\n\t\t\t\t<li><a href=\"#share-and-capital-increase\">Hisse ve Sermaye Art\u0131r\u0131m\u0131<\/a><\/li>\n\t\t\t\t<li><a href=\"#ma-related-legal-affairs\">M&amp;A \u0130le \u0130lgili Hukuki \u0130\u015fler<\/a><\/li>\n\t\t\t\t<li><a href=\"#ma-of-sns-such-as-youtube\">YouTube Gibi SNS&#8217;lerin M&amp;A \u0130\u015flemleri<\/a><\/li>\n\t\t\t\t<li><a href=\"#one-stop-service-in-cooperation-with-judicial-scriveners\">Adli Yazmanlarla \u0130\u015fbirli\u011fi \u0130\u00e7inde Tek Durak Hizmeti<\/a><\/li>\n\t\t\t\t<li><a href=\"#legal-due-diligence-dd-support\">Hukuki Nedeniyle \u0130nceleme (DD) Deste\u011fi<\/a><\/li>\n\t\t\t\t<li><a href=\"#legal-due-diligence-cases-we-have-handled\">MONOLITH LAW OFFICE Olarak \u00dcstlendi\u011fimiz Hukuki Due Diligence (DD) Vakalar\u0131<\/a><\/li>\n\t\t\t\t<li><a href=\"#disputes-related-to-stocks-and-investments\">Hisse Senetleri ve Yat\u0131r\u0131mlarla \u0130lgili Uyu\u015fmazl\u0131klar<\/a><\/li>\n\t\t\t\t<li><a href=\"#monolith-law-magazine\">MONOLITH LAW MAGAZINE<\/a><\/li>\n\t\t\t\t<li><a href=\"#fee-structure\">\u00dccret Yap\u0131s\u0131<\/a><\/li>\n\t\t\t<\/ul>\n\t\t<\/nav>\n\t<\/div>\n<\/section>\n\n<section class=\"white-section\">\n\t<div class=\"anchor\" id=\"examples-of-support-provided-by-our-firm\"><\/div>\n\t<div class=\"section-inner-bottomhalf\">\n\t\t<h3 class=\"mgb-middle\">Firmam\u0131z Taraf\u0131ndan Sa\u011flanan Destek \u00d6rne\u011fi<\/h3>\n\t\t<ul class=\"mgb-small layout-column4\">\n\t\t\t<li>\n\t\t\t\t<h4>\u00dc\u00e7\u00fcnc\u00fc \u015eah\u0131slara Hisse Tahsisi Yoluyla Sermaye Art\u0131r\u0131m\u0131<\/h4>\n\t\t\t\t<div><img decoding=\"async\" src=\"\/wp-content\/themes\/monolith2021\/img\/stockrelatedlaw\/stockrelatedlaw_support_pic1.jpg\"><\/div>\n\t\t\t\t<p>Bir\u00e7ok giri\u015fim \u015firketine, \u00fc\u00e7\u00fcnc\u00fc \u015fah\u0131slara hisse tahsisi yoluyla sermaye art\u0131r\u0131m\u0131nda yard\u0131mc\u0131 olduk. Ayr\u0131ca, bir halka a\u00e7\u0131k \u015firketin, bir term sheet ve yat\u0131r\u0131m anla\u015fmas\u0131 tasla\u011f\u0131 haz\u0131rlayarak ilk giri\u015fim sermayesi yat\u0131r\u0131m\u0131n\u0131 yapmas\u0131na da yard\u0131mc\u0131 olduk.<\/p>\n\t\t\t<\/li>\n\t\t\t<li>\n\t\t\t\t<h4>Y\u00f6netim Sat\u0131n Almas\u0131 (MBO)<\/h4>\n\t\t\t\t<div><img decoding=\"async\" src=\"\/wp-content\/themes\/monolith2021\/img\/stockrelatedlaw\/stockrelatedlaw_support_pic2.jpg\"><\/div>\n\t\t\t\t<p>Sermaye ili\u015fkileri sorunlar\u0131 ya\u015fayan giri\u015fim \u015firketleriyle \u00e7al\u0131\u015farak, fon toplama, i\u015flem arac\u0131 olarak hizmet verecek yeni bir hukuki varl\u0131k kurma ve bu yeni hukuki varl\u0131\u011f\u0131n mevcut hissedarlardan hisse sat\u0131n almas\u0131n\u0131 i\u00e7eren y\u00f6netim sat\u0131n almalar\u0131 (MBO) i\u00e7in stratejiler geli\u015ftirdik ve \u00e7e\u015fitli anla\u015fmalar haz\u0131rlad\u0131k.<\/p>\n\t\t\t<\/li>\n\t\t\t<li>\n\t\t\t\t<h4>Ortak Giri\u015fimlerin Kurulmas\u0131<\/h4>\n\t\t\t\t<div><img decoding=\"async\" src=\"\/wp-content\/themes\/monolith2021\/img\/stockrelatedlaw\/stockrelatedlaw_support_pic3.jpg\"><\/div>\n\t\t\t\t<p>Start-up \u015firketlerle, bir start-up \u015firketi ve b\u00fcy\u00fck bir i\u015fletmenin ayn\u0131 \u015firkette hisse sahibi oldu\u011fu ortak giri\u015fimlerin (JV) kurulmas\u0131 \u00fczerine \u00e7al\u0131\u015ft\u0131k. Bu, terim sayfalar\u0131 haz\u0131rlama, s\u00f6zle\u015fmeler \u00fczerinde m\u00fczakere y\u00fcr\u00fctme ve i\u015fi start-up \u015firketinden yeni kurulan \u015firkete aktarma i\u015flemlerini i\u00e7ermektedir.<\/p>\n\t\t\t\t<\/li>\n\t\t\t<li>\n\t\t\t\t<h4>Hisse Senetleriyle \u0130lgili Dava \u0130\u015fleri<\/h4>\n\t\t\t\t<div><img decoding=\"async\" src=\"\/wp-content\/themes\/monolith2021\/img\/stockrelatedlaw\/stockrelatedlaw_support_pic4.jpg\"><\/div>\n\t\t\t\t<p>Bir start-up \u015firketinin \u00f6zel bir yat\u0131r\u0131mc\u0131dan yat\u0131r\u0131m ald\u0131\u011f\u0131 ve sonras\u0131nda yat\u0131r\u0131m s\u00f6zle\u015fmesinin ge\u00e7erlili\u011finin tart\u0131\u015f\u0131ld\u0131\u011f\u0131, ba\u015far\u0131l\u0131 bir sat\u0131n alma i\u015flemi ger\u00e7ekle\u015ftiren bir \u015firketin kurucusunun sonradan y\u00fck\u00fcml\u00fcl\u00fcklerini yerine getirmedi\u011fi iddias\u0131yla kar\u015f\u0131 kar\u015f\u0131ya kald\u0131\u011f\u0131 ve hisselerini satt\u0131\u011f\u0131 \u015firketten tazminat talebiyle dava edildi\u011fi durumlar\u0131, mahkeme d\u0131\u015f\u0131 m\u00fczakerelerden dava s\u00fcre\u00e7lerine kadar ele ald\u0131k.<\/p>\n\t\t\t<\/li>\n\t\t<\/ul>\n\t<\/div>\n<\/section>\n\n<section class=\"white-section\">\n\t<div class=\"section-inner-tophalf\">\n\t\t<div class=\"frame2 max-width860 txt-center-pc\">\n\t\t\t<p class=\"bold txt-l\">Bir\u00e7ok IT start-up \u015firketine hukuki dan\u0131\u015fmanl\u0131k hizmeti verdik.<br>Hisse senedi ve M&amp;A ile ilgili hukuki i\u015fler, ana \u00e7al\u0131\u015fma alanlar\u0131m\u0131zdan biridir.<\/p>\n\t\t<\/div>\n\t<\/div>\n<\/section>\n\n<section class=\"white-section mgb-section80\">\n\t<div class=\"anchor\" id=\"share-and-capital-increase\"><\/div>\n\t<div class=\"section-inner-black\">\n\t\t<h3>Hisse ve Sermaye Art\u0131r\u0131m\u0131<\/h3>\n\t\t<p class=\"mgb-middle\">\u00dc\u00e7\u00fcnc\u00fc taraf tahsis yoluyla hisse senedi ihra\u00e7lar\u0131na ili\u015fkin olarak, terim sayfalar\u0131n\u0131n haz\u0131rlanmas\u0131ndan yat\u0131r\u0131m anla\u015fmalar\u0131 ve hissedarlar anla\u015fmalar\u0131n\u0131n tasla\u011f\u0131n\u0131n olu\u015fturulmas\u0131na kadar her \u015feyi ele al\u0131yoruz. Ayr\u0131ca, tercihli da\u011f\u0131t\u0131m\u0131 vb. belirleyen s\u0131n\u0131f hisselerin tasar\u0131m\u0131n\u0131, hisse senedi edinme haklar\u0131n\u0131n ihra\u00e7 edilmesini, kurucu-kurucu anla\u015fmalar\u0131n\u0131, hisse senetlerinin transferini ve \u00e7e\u015fitli di\u011fer sermaye ile ilgili stratejileri ve s\u00f6zle\u015fmeleri de ele al\u0131yoruz.<\/p>\n\n\n\n\t<\/div>\n<\/section>\n\n<section class=\"white-section mgb-section100\">\n\t<div class=\"anchor\" id=\"ma-related-legal-affairs\"><\/div>\n\t<div class=\"section-inner-black\">\n\t\t<h3>M&amp;A \u0130lgili Hukuki \u0130\u015fler<\/h3>\n\t\t<p class=\"mgb-middle\">Web hizmetleri ve uygulamalar\u0131n i\u015f transferleri ve giri\u015fim \u015firketlerinin sat\u0131n al\u0131nmas\u0131 da dahil olmak \u00fczere, \u00f6zellikle IT alan\u0131nda geni\u015f anlamda M&amp;A i\u015flemlerinde geni\u015f deneyime sahibiz. Ayr\u0131ca, bir giri\u015fim \u015firketinden IT sistemleri i\u015finin transferinde TSE prime listelenmi\u015f bir \u015firket i\u00e7in bir m\u00fc\u015fteri olarak hareket ettik.<\/p>\n\n\n\n\t<\/div>\n<\/section>\n\n<section class=\"purple-section\">\n\t<div class=\"anchor\" id=\"ma-of-sns-such-as-youtube\"><\/div>\n\t<div class=\"section-inner\">\n\t\t<div class=\"flex reverse\">\n\t\t\t<div class=\"width41\"><img decoding=\"async\" src=\"\/wp-content\/themes\/monolith2021\/img\/pic\/pic_sns_manda.jpg\" alt=\"YouTube gibi SNS'nin M&amp;A\"><\/div>\n\t\t\t<div class=\"width51\">\n\t\t\t\t<h3>YouTube gibi SNS&#8217;lerin M&amp;A&#8217;s\u0131<\/h3>\n\t\t\t\t<p class=\"mgb-small\">YouTube kanallar\u0131 ve Twitter hesaplar\u0131, web siteleri vb. gibi M&amp;A&#8217;ya tabidir. Ancak, bu M&amp;A i\u015flemlerinin \u00f6zel do\u011fas\u0131 nedeniyle, uzman bilgi ve bilgi birikimine sahip bir hukuk firmas\u0131 gereklidir.<\/p>\n\t\t\t\t<p class=\"mgb-small\">Firmam\u0131z, k\u00fc\u00e7\u00fck miktarlardan 100 milyon yenin \u00fczerinde olanlara kadar \u00e7e\u015fitli YouTube kanallar\u0131 ve di\u011ferleri i\u00e7in \u00e7ok say\u0131da M&amp;A i\u015flemi ger\u00e7ekle\u015ftirmi\u015ftir, s\u00f6zle\u015fme tasla\u011f\u0131ndan nihai incelemeye (DD) kadar hukuki hizmetler sunmaktad\u0131r.<\/p>\n\t\t\t\t<div class=\"btn-area align-left\">\n\t\t\t\t\t\n\t\t\t\t<\/div>\n\t\t\t<\/div>\n\t\t<\/div>\n\t<\/div>\n<\/section>\n\n<section class=\"white-section\">\n\t<div class=\"anchor\" id=\"one-stop-service-in-cooperation-with-judicial-scriveners\"><\/div>\n\t<div class=\"section-inner\">\n\t\t<div class=\"flex\">\n\t\t\t<div class=\"width41\"><img decoding=\"async\" src=\"\/wp-content\/themes\/monolith2021\/img\/stockrelatedlaw\/stockrelatedlaw_pic2.jpg\" alt=\"Yarg\u0131 Yazmanlar\u0131 ile \u0130\u015fbirli\u011fi \u0130\u00e7inde Tek Durakl\u0131 Hizmet\"><\/div>\n\t\t\t<div class=\"width51\">\n\t\t\t\t<h3>Adli Yazmanlar ile \u0130\u015fbirli\u011fi \u0130\u00e7inde Tek Durak Hizmet<\/h3>\n\t\t\t\t<p class=\"mgb-small\">Yeni hisse senetlerinin \u00fc\u00e7\u00fcnc\u00fc taraflara tahsis edilmesi gibi \u00e7e\u015fitli t\u00fcrdeki i\u015fler, b\u00fcy\u00fck \u00f6l\u00e7\u00fcde avukatlar\u0131n uzmanl\u0131k alan\u0131 olan d\u00f6nem tablosu haz\u0131rl\u0131\u011f\u0131, s\u00f6zle\u015fme m\u00fczakeresi ve yat\u0131r\u0131m anla\u015fmalar\u0131 ve hissedarlar anla\u015fmalar\u0131n\u0131n haz\u0131rlanmas\u0131 ile adli yazmanlar\u0131n uzmanl\u0131k alan\u0131 olan kay\u0131tla ilgili i\u015fler olmak \u00fczere ikiye ayr\u0131l\u0131r.<\/p>\n\t\t\t\t<p class=\"mgb-small\">Ve bunlar birbiriyle ili\u015fkili oldu\u011fundan, m\u00fc\u015fterilerin birden fazla firmayla ayr\u0131 ayr\u0131 ilgilenmesi gerekti\u011finde ileti\u015fim maliyetleri \u015fi\u015fer.<\/p>\n\t\t\t\t<p>MONOLITH LAW OFFICE, adli yazmanlar ofisleri ile i\u015fbirli\u011fi i\u00e7inde, bu hizmetlerin t\u00fcm\u00fcn\u00fc tek bir ileti\u015fim noktas\u0131nda ve birle\u015fik bir \u015fekilde ele alabilir.<\/p>\n\t\t\t<\/div>\n\t\t<\/div>\n\t<\/div>\n<\/section>\n\n<section class=\"orange-section\">\n\t<div class=\"anchor\" id=\"legal-due-diligence-dd-support\"><\/div>\n\t<div class=\"section-inner\">\n\t\t<div class=\"flex reverse\">\n\t\t\t<div class=\"width41\"><img decoding=\"async\" src=\"\/wp-content\/themes\/monolith2021\/img\/pic\/pic_legalduediligence.jpg\" alt=\"Legal Due Diligence Support\"><\/div>\n\t\t\t<div class=\"width51\">\n\t\t\t\t<h3>Hukuki Due Diligence Destek<\/h3>\n\t\t\t\t<p class=\"mgb-small\">\u015eirket sat\u0131n almalar\u0131 ve di\u011fer durumlarda, hukuki due diligence (DD) a\u015fa\u011f\u0131daki alanlarda herhangi bir ciddi hukuki sorun olup olmad\u0131\u011f\u0131n\u0131 belirlemek i\u00e7in bir hukuki incelemedir: kurulu\u015f, \u015firket yap\u0131s\u0131, hisseler, hissedarlar, ba\u011fl\u0131 kurulu\u015flar, birle\u015fme ve devralmalar (M&amp;A), gayrimenkul, ta\u015f\u0131nabilir varl\u0131klar, fikri m\u00fclkiyet haklar\u0131, finans, s\u00f6zle\u015fmeler, dava ve anla\u015fmazl\u0131klar, uyumluluk ve benzeri. Due diligence (DD) hukuk firmalar\u0131n\u0131n organizasyon becerilerini gerektiren bir g\u00f6revdir. 30 avukatl\u0131k ekibimiz, bu t\u00fcr hukuki due diligence&#8217;\u0131 ger\u00e7ekle\u015ftirebilir ve DD raporlar\u0131n\u0131 zaman\u0131nda haz\u0131rlayabilir.<\/p>\n\t\t\t\t<p><span class=\"bold\">*Bir DD raporu haz\u0131rlarken, genellikle bir avukat\u0131n 30 saatten fazla zaman\u0131 gereklidir (avukat \u00fccretleri 12.000 dolardan biraz fazla).<\/span><\/p>\n\t\t\t<\/div>\n\t\t<\/div>\n\t<\/div>\n<\/section>\n\n<section class=\"orange2-section\">\n\t<div class=\"anchor\" id=\"legal-due-diligence-cases-we-have-handled\"><\/div>\n\t<div class=\"section-inner\">\n\t\t<h3>MONOLITH LAW OFFICE Olarak \u00dcstlendi\u011fimiz Hukuki Due Diligence (DD) Vakalar\u0131<\/h3>\n\t\t<p class=\"mgb-small\">Temel olarak, Due Diligence kapsam\u0131, \u015firketlerin veya i\u015fletmelerin temelini olu\u015fturan konular\u0131 ve kurumsal faaliyetler \u00fczerinde \u00f6nemli etkisi olan konular\u0131 i\u00e7erir.<\/p>\n\t\t<p class=\"mgb-small\">\u00d6zellikle, \u015firket veya i\u015fletmelerin kendilerini s\u00fcrd\u00fcrebilirli\u011fini korporatif yap\u0131 ve y\u00f6netim a\u00e7\u0131s\u0131ndan de\u011ferlendirme, \u015firketlerin ve i\u015fletmelerin ilerlemesi i\u00e7in gerekli olan hukuki d\u00fczenlemeleri ve izinleri belirleme ve bu t\u00fcr izinlerin s\u00fcrd\u00fcr\u00fclebilirli\u011fini tespit etme i\u015flemlerini i\u00e7erir. Ayr\u0131ca, i\u015f operasyonlar\u0131yla ilgili \u00f6nemli varl\u0131k ve y\u00fck\u00fcml\u00fcl\u00fcklerin durumunu de\u011ferlendirme, gerekli s\u00f6zle\u015fmelerin (i\u015f\u00e7i ili\u015fkileri ve ilgili taraflarla yap\u0131lan i\u015flemler dahil) eksikli\u011fini belirleme, bu s\u00f6zle\u015fmelerin uygun ko\u015fullar alt\u0131nda devam etme olas\u0131l\u0131\u011f\u0131n\u0131 de\u011ferlendirme ve ortaya \u00e7\u0131kabilecek risklerin potansiyel etkisini de\u011ferlendirme i\u015flemlerini de kapsar.<\/p>\n\t\t<p class=\"mgb-middle\">Bu temel y\u00f6nler \u00fczerine kurulu olmas\u0131na ra\u011fmen, hukuki due diligence kapsam\u0131, \u015firketin veya i\u015fletmenin do\u011fas\u0131na \u00f6zg\u00fc belirli noktalara g\u00f6re \u015fekillendirilir.<\/p>\n\t\t<ol class=\"layout-datalist\">\n\t\t\t<li>\n\t\t\t\t<h4>Bir Teknoloji Startup&#8217;\u0131<\/h4>\n\t\t\t\t<p>Hisse senedi ihra\u00e7 edilmesi, hissedarlar\u0131n ve y\u00f6neticilerin kompozisyonu dahil olmak \u00fczere kurumsal yap\u0131da ara\u015ft\u0131rma yapmaktan ba\u015flayarak, ana i\u015fle ilgili patentli bulu\u015flar ve di\u011fer haklar \u00fczerinde de yak\u0131n bir inceleme yapmaya ve i\u015f analizine b\u00fcy\u00fck \u00f6nem veriyoruz.<\/p>\n\t\t\t<\/li>\n\t\t\t<li>\n\t\t\t\t<h4>Bir Medya Y\u00f6netim \u015eirketi<\/h4>\n\t\t\t\t<p>YouTube kanallar\u0131n\u0131, Hizmet \u015eartlar\u0131 ve Gizlilik Politikas\u0131&#8217;na uygun olarak i\u015fletilip i\u015fletilmedi\u011fini ve daha \u00f6nce yay\u0131nlad\u0131klar\u0131 video i\u00e7eri\u011finin telif hakk\u0131 ve reklam d\u00fczenlemelerine uygun olup olmad\u0131\u011f\u0131n\u0131 kontrol etmek i\u00e7in inceledik.<\/p>\n\t\t\t<\/li>\n\t\t\t<li>\n\t\t\t\t<h4>S\u00f6zle\u015fmeli Bir IT \u015eirketi<\/h4>\n\t\t\t\t<p>Hisse senedi ihra\u00e7 edilmesi ve hissedarlar toplant\u0131s\u0131n\u0131n tutulmas\u0131 konusunda Ana S\u00f6zle\u015fme ile ger\u00e7ek durum aras\u0131nda bir farkl\u0131l\u0131k tespit edildi\u011finde, bu konularla ilgili riskleri a\u00e7\u0131kl\u0131\u011fa kavu\u015fturduk ve gelecekteki \u00f6nlemlerin uygulanmas\u0131na yard\u0131mc\u0131 olduk.<\/p>\n\t\t\t<\/li>\n\t\t\t<li>\n\t\t\t\t<h4>PC \u0130lgili Perakendeciler<\/h4>\n\t\t\t\t<p>\u0130\u015fin kendisine odaklanmak yerine, di\u011fer \u015firketlerle yap\u0131lan i\u015flemlerin durumunu ve \u015firketin \u00fcr\u00fcnlerinin sat\u0131n al\u0131nmas\u0131 i\u00e7in s\u00f6zle\u015fmelerin durumunu da de\u011ferlendirdik. Ayr\u0131ca, \u015firketin in\u015faat taahh\u00fct i\u015fleriyle de ilgilendi\u011fini g\u00f6z \u00f6n\u00fcnde bulundurarak, in\u015faat i\u015flerinin devam\u0131yla ilgili lisans ve izinlerin ayr\u0131nt\u0131lar\u0131n\u0131 ve yenileme durumlar\u0131n\u0131, sorumlu taraf\u0131n konumunu da i\u00e7erecek \u015fekilde dikkatlice onaylad\u0131k.<\/p>\n\t\t\t<\/li>\n\t\t\t<li>\n\t\t\t\t<h4>PC \u0130lgili \u00dcreticiler<\/h4>\n\t\t\t\t<p>\u00c7al\u0131\u015fma kurallar\u0131 ve \u00fccret d\u00fczenlemeleri gibi i\u015f ko\u015fullar\u0131n\u0131 ara\u015ft\u0131rman\u0131n yan\u0131 s\u0131ra, \u015firketin birka\u00e7 i\u015fle ilgili makine, fabrika ve araziye sahip oldu\u011funu g\u00f6z \u00f6n\u00fcnde bulundurarak, bunlar\u0131n haklar\u0131n\u0131 ve edinme de\u011ferini de yak\u0131ndan inceledik.<\/p>\n\t\t\t<\/li>\n\t\t<\/ol>\n\t<\/div>\n<\/section>\n\n<section class=\"white-section\">\n\t<div class=\"anchor\" id=\"disputes-related-to-stocks-and-investments\"><\/div>\n\t<div class=\"section-inner\">\n\t\t<div class=\"flex\">\n\t\t\t<div class=\"width41\"><img decoding=\"async\" src=\"\/wp-content\/themes\/monolith2021\/img\/stockrelatedlaw\/stockrelatedlaw_pic4.jpg\" alt=\"Hisse ve Yat\u0131r\u0131mlarla \u0130lgili Anla\u015fmazl\u0131klar\"><\/div>\n\t\t\t<div class=\"width51\">\n\t\t\t\t<h3>Hisse Senetleri ve Yat\u0131r\u0131mlarla \u0130lgili Anla\u015fmazl\u0131klar<\/h3>\n\t\t\t\t<p>\u015eirketler ve hissedarlar aras\u0131ndaki davalardan, hissedar t\u00fcrevi davalar gibi, sermaye art\u0131r\u0131mlar\u0131, sat\u0131n almalar ve di\u011fer konularla ilgili sorunlara kadar yat\u0131r\u0131mlar ve di\u011fer konularla ilgili sorunlar\u0131 ve anla\u015fmazl\u0131klar\u0131 \u00e7\u00f6zme konusunda b\u00fcy\u00fck bir uzmanl\u0131\u011f\u0131m\u0131z bulunmaktad\u0131r.<\/p>\n\t\t\t<\/div>\n\t\t<\/div>\n\t<\/div>\n<\/section>\n\n<section class=\"purple2-section\">\n\t<div class=\"anchor\" id=\"monolith-law-magazine\"><\/div>\n\t<div class=\"section-inner\">\n\t\t    <section class=\"white-section temp-article\">\n        <div class=\"section-inner\">\n            <h4>MONOLITH LAW MAGAZINE<\/h4>\n            <div class=\"articles type_practice_column\">\n                                                                    <div class=\"article article-area\">\n                        <figure>\n                            <div class=\"img-wrap\">\n                                <img alt=\"\u3010Reiwa 6 (2024) Ekim Y\u00fcr\u00fcrl\u00fc\u011fe Girecek\u3011Kay\u0131tlarda Temsilci Direkt\u00f6r Adreslerinin Gizli Tutulmas\u0131n\u0131n Avantajlar\u0131 ve Dezavantajlar\u0131na Detayl\u0131 Bir Bak\u0131\u015f\" src=\"https:\/\/monolith.law\/tr\/wp-content\/uploads\/sites\/24\/2024\/07\/shutterstock_446633164-1.webp\" width=\"500\" height=\"250\">\n                            <\/div>\n                            <figcaption>\n                                <div class=\"figcaption-inner\">\n                                    <h3>\u3010Reiwa 6 (2024) Ekim Y\u00fcr\u00fcrl\u00fc\u011fe Girecek\u3011Kay\u0131tlarda Temsilci Direkt\u00f6r Adreslerinin.<\/h3>\n                                <\/div>\n                            <\/figcaption>\n                            <a href=\"https:\/\/monolith.law\/tr\/general-corporate\/ceo-address-hidden\"><\/a>\n                        <\/figure>\n                    <\/div>\n                                                    <div class=\"article article-area\">\n                        <figure>\n                            <div class=\"img-wrap\">\n                                <img alt=\"Artan Uluslararas\u0131 Ticaret: Uluslararas\u0131 S\u00f6zle\u015fmelerde Uygulanacak Hukukun Se\u00e7imi ve Yerel S\u00f6zle\u015fmelerden Farklar\u0131\" src=\"https:\/\/monolith.law\/tr\/wp-content\/uploads\/sites\/24\/2024\/08\/Shutterstock_736886620.webp\" width=\"500\" height=\"250\">\n                            <\/div>\n                            <figcaption>\n                                <div class=\"figcaption-inner\">\n                                    <h3>Artan Uluslararas\u0131 Ticaret: Uluslararas\u0131 S\u00f6zle\u015fmelerde Uygulanacak Hukukun Se\u00e7im.<\/h3>\n                                <\/div>\n                            <\/figcaption>\n                            <a href=\"https:\/\/monolith.law\/tr\/general-corporate\/international-contract\"><\/a>\n                        <\/figure>\n                    <\/div>\n                                                    <div class=\"article article-area\">\n                        <figure>\n                            <div class=\"img-wrap\">\n                                <img alt=\"Japon Bak\u0131m Hizmeti Sa\u011flay\u0131c\u0131lar\u0131n\u0131n M&amp;A \u0130\u015flemlerindeki Ana \u015eemalar ve Aralar\u0131ndaki Farklar\" src=\"https:\/\/monolith.law\/tr\/wp-content\/uploads\/sites\/24\/2024\/08\/Shutterstock_1789226708.webp\" width=\"500\" height=\"250\">\n                            <\/div>\n                            <figcaption>\n                                <div class=\"figcaption-inner\">\n                                    <h3>Japon Bak\u0131m Hizmeti Sa\u011flay\u0131c\u0131lar\u0131n\u0131n M&amp;A \u0130\u015flemlerindeki Ana \u015eemalar ve Arala.<\/h3>\n                                <\/div>\n                            <\/figcaption>\n                            <a href=\"https:\/\/monolith.law\/tr\/general-corporate\/nursing_care_ma\"><\/a>\n                        <\/figure>\n                    <\/div>\n                                            <\/div>\n            <div class=\"btn-more\"><a href=\"https:\/\/monolith.law\/tr\/tag\/m-and-a\">Read More<\/a><\/div>\n        <\/div>\n    <\/section>\n\t<\/div>\n<\/section>\n\n<section class=\"orange2-section\">\n\t<div class=\"anchor\" id=\"fee-structure\"><\/div>\n\t<div class=\"section-inner\">\n\t<div class=\"planWrap\">\n\t<h3>\u00dccret Yap\u0131s\u0131<\/h3>\n\t<ul class=\"plan\">\n\t\t<li class=\"txt-left\">\n\t\t\t<div class=\"plan-inner\">\n\t\t\t<div class=\"plan-header\">\n\t\t\t<h4 class=\"plan-title\">Saatlik \u00dccret<\/h4>\n\t\t\t<div class=\"plan-price\"><span class=\"price-figure\">$300<\/span>saat ba\u015f\u0131na<span class=\"price-tax\"><\/span><\/div>\n\t\t\t<\/div>\n\t\t\t<div class=\"plan-body\">Baz\u0131 durumlarda, bir dava veya davan\u0131n ba\u015flang\u0131\u00e7 \u00fccreti ve ba\u015far\u0131ya ba\u011fl\u0131 \u00fccret ile kabul edilmesini de\u011ferlendirebiliriz. Daha fazla bilgi i\u00e7in l\u00fctfen bizimle ileti\u015fime ge\u00e7mekten \u00e7ekinmeyin.<\/div>\n\t\t\t<\/div>\n\t\t<\/li>\n\t\t<li class=\"txt-left\">\n\t\t\t<div class=\"plan-inner\">\n\t\t\t<div class=\"plan-header\">\n\t\t\t<h4 class=\"plan-title\">S\u00f6zle\u015fme Haz\u0131rlama<\/h4>\n\t\t\t<div class=\"plan-price\"><span class=\"price-value\">ba\u015flang\u0131\u00e7 fiyat\u0131<\/span><span class=\"price-figure\">$500<\/span><span class=\"price-value\">ile $2,000 veya daha fazla<\/span><span class=\"price-tax\"><\/span><\/div>\n\t\t\t<\/div>\n\t\t\t<div class=\"plan-body\">Fiyatland\u0131rma yap\u0131s\u0131, s\u00f6zle\u015fmelerin t\u00fcr\u00fcne ve miktar\u0131na g\u00f6re de\u011fi\u015fiklik g\u00f6sterebilir. Sorgulama \u00fczerine \u00f6n tahmin sunmaktan memnuniyet duyar\u0131z, bu nedenle daha fazla bilgi i\u00e7in bizimle ileti\u015fime ge\u00e7mekten \u00e7ekinmeyin.<\/div>\n\t\t\t<\/div>\n\t\t<\/li>\n\t\t<li class=\"txt-left\">\n\t\t\t<div class=\"plan-inner\">\n\t\t\t<div class=\"plan-header\">\n\t\t\t<h4 class=\"plan-title\">Di\u011fer Hizmetler<\/h4>\n\t\t\t<div class=\"plan-price\"><span class=\"price-figure\">Bize Ula\u015f\u0131n<\/span><\/div>\n\t\t\t<\/div>\n\t\t\t<div class=\"plan-body\">\u015eirket kurulumu, s\u00f6zle\u015fme incelemesi, hukuki g\u00f6r\u00fc\u015f, dava incelemesi veya ara\u015ft\u0131rma mektubu dahil olmak \u00fczere geni\u015f bir hizmet yelpazesi sunuyoruz. Herhangi bir sorunuz veya endi\u015feniz varsa, bizimle ileti\u015fime ge\u00e7mekten \u00e7ekinmeyin ve bilgili ekibimiz size yard\u0131mc\u0131 olmaktan mutluluk duyacakt\u0131r.<\/div>\n\t\t\t<\/div>\n\t\t\t<\/div>\n\t\t<\/li>\n\t<\/ul>\n\t<\/div>\n\t<\/div>\n<\/section>\n\n<section class=\"white-section\">\n\t<div class=\"section-inner\">\n\t\t<div class=\"btn-area\">\n\t\t\t<div class=\"btn icon-contact\"><a href=\"\/tr\/contact\">Bize Ula\u015f\u0131n<\/a><\/div>\n\t\t<\/div>\n\t<\/div>\n<\/section>\n","protected":false},"excerpt":{"rendered":"<p>M&amp;A MONOLITH LAW OFFICE olarak, uygulamalar ve web hizmetleri de dahil olmak \u00fczere IT alan\u0131nda merkezlenmi\u015f \u00e7ok say\u0131da sermaye ve M&amp;A ile ilgili hukuki i\u015fleri y\u00f6netmi\u015f bulunmaktay\u0131z. \u015eirket sa [&hellip;]<\/p>\n","protected":false},"author":1,"featured_media":57141,"parent":0,"menu_order":7,"comment_status":"closed","ping_status":"closed","template":"other-page-temp.php","meta":{"footnotes":""},"acf":[],"_links":{"self":[{"href":"https:\/\/monolith.law\/tr\/wp-json\/wp\/v2\/pages\/32408"}],"collection":[{"href":"https:\/\/monolith.law\/tr\/wp-json\/wp\/v2\/pages"}],"about":[{"href":"https:\/\/monolith.law\/tr\/wp-json\/wp\/v2\/types\/page"}],"author":[{"embeddable":true,"href":"https:\/\/monolith.law\/tr\/wp-json\/wp\/v2\/users\/1"}],"replies":[{"embeddable":true,"href":"https:\/\/monolith.law\/tr\/wp-json\/wp\/v2\/comments?post=32408"}],"version-history":[{"count":34,"href":"https:\/\/monolith.law\/tr\/wp-json\/wp\/v2\/pages\/32408\/revisions"}],"predecessor-version":[{"id":71978,"href":"https:\/\/monolith.law\/tr\/wp-json\/wp\/v2\/pages\/32408\/revisions\/71978"}],"wp:featuredmedia":[{"embeddable":true,"href":"https:\/\/monolith.law\/tr\/wp-json\/wp\/v2\/media\/57141"}],"wp:attachment":[{"href":"https:\/\/monolith.law\/tr\/wp-json\/wp\/v2\/media?parent=32408"}],"curies":[{"name":"wp","href":"https:\/\/api.w.org\/{rel}","templated":true}]}}