{"id":4096,"date":"2023-11-11T23:50:29","date_gmt":"2023-11-11T14:50:29","guid":{"rendered":"https:\/\/monolith.law\/?page_id=4096"},"modified":"2024-01-17T18:26:46","modified_gmt":"2024-01-17T09:26:46","slug":"overview-of-our-firm","status":"publish","type":"page","link":"https:\/\/monolith.law\/tr\/overview-of-our-firm","title":{"rendered":"Firmam\u0131z Hakk\u0131nda Genel Bilgi"},"content":{"rendered":"\n<section class=\"heading-area\">\n\t<div class=\"heading-area-inner\">\n\t\t<h2 class=\"icon-overview-of-our-firm\">Firmam\u0131z Hakk\u0131nda Genel Bilgi<\/h2>\n\t\t<p>MONOLITH LAW OFFICE, IT, \u0130nternet ve \u0130\u015f alanlar\u0131nda uzmanla\u015fm\u0131\u015f, IT m\u00fchendisi olarak geni\u015f bir ge\u00e7mi\u015fe sahip Kurucu Avukat da dahil olmak \u00fczere IT uzmanlar\u0131ndan olu\u015fan Tokyo merkezli bir Japon hukuk firmas\u0131d\u0131r.<\/p>\n\t<\/div>\n<\/section>\n<section class=\"white-section\">\n\t<div class=\"section-inner pdt0 border-bottom-section\">\n\t\t<p>Kurucu Avukat\u0131m\u0131z Toki Kawase, ilkokul \u00fc\u00e7\u00fcnc\u00fc s\u0131n\u0131ftan beri programlamaya ilgi duymu\u015f ve \u00fcniversite \u00f6\u011frencisiyken IT sekt\u00f6r\u00fcnde \u00e7al\u0131\u015fm\u0131\u015ft\u0131r. Yirmili ya\u015flar\u0131nda, startup \u015firketlerin ve daha b\u00fcy\u00fck i\u015fletmelerin y\u00f6netim deneyimleri ya\u015fam\u0131\u015ft\u0131r. Bu benzersiz deneyimlerin sinerjisi sayesinde, firmam\u0131z m\u00fc\u015fterilerimize \u00e7\u00f6z\u00fcmler sunmada yard\u0131mc\u0131 olan bir IT profesyonelleri ekibine sahiptir. <br>MONOLITH LAW OFFICE, IT alan\u0131ndaki g\u00fcc\u00fcn\u00fc tam anlam\u0131yla kullanarak hukuki dan\u0131\u015fmanl\u0131k hizmetleri sunmaktad\u0131r. M\u00fc\u015fterilerimiz, en \u00fcst d\u00fczey \u015firketlerden tohum a\u015famas\u0131ndaki startup \u015firketlere kadar geni\u015f bir yelpazeyi kapsamaktad\u0131r. \u00c7e\u015fitli \u015firketlere IT ile ilgili hukuki hizmetler sunma konusunda geni\u015f bir deneyime sahibiz.<\/p>\n\t<\/div>\n<\/section>\n<section class=\"second-nav\">\n\t<div class=\"second-nav-inner\">\n\t\t<p>BA\u015eLIKLAR<\/p>\n\t\t<nav>\n\t\t\t<ul>\n\t\t\t\t<li><a href=\"#specialization-in-it\">IT&#8217;de Uzmanla\u015fma<\/a><\/li>\n\t\t\t\t<li><a href=\"#law-firm-at-otemachi-tokyo\">Tokyo Otemachi&#8217;deki Hukuk B\u00fcromuz<\/a><\/li>\n\t\t\t\t<li><a href=\"#what-is-a-monolith\">Monolith Nedir?<\/a><\/li>\n\t\t\t\t<li><a href=\"#from-legal-advisor-to-it-specialized-lawyer\">Hukuki Dan\u0131\u015fmandan IT Uzman\u0131 Avukata<\/a><\/li>\n\t\t\t\t<li><a href=\"#handling-cross-border-legal-matters\">Uluslararas\u0131 Hukuki \u0130\u015flerin Y\u00fcr\u00fct\u00fclmesi<\/a><\/li>\n\t\t\t\t<li><a href=\"#our-clients\">M\u00fc\u015fterilerimiz<\/a><\/li>\n\t\t\t<\/ul>\n\t\t<\/nav>\n\t<\/div>\n<\/section>\n<section class=\"white-section\">\n\t<div class=\"anchor\" id=\"specialization-in-it\"><\/div>\n\t<div class=\"section-inner\">\n\t\t<div class=\"flex\">\n\t\t\t<div class=\"width41\"><img decoding=\"async\" src=\"\/wp-content\/uploads\/2023\/06\/about_pic1.jpg\" alt=\"Specialization in IT\"><\/div>\n\t\t\t<div class=\"width51\">\n\t\t\t\t<h3>IT Alan\u0131nda Uzmanl\u0131k<\/h3>\n\t\t\t\t<p class=\"mgb-small\">Tokyo merkezli bir Japon hukuk firmas\u0131 olan MONOLITH LAW OFFICE, IT alan\u0131nda \u00f6zel bir g\u00fcce sahiptir. Sadece farkl\u0131 IT alanlar\u0131nda uzmanla\u015fm\u0131\u015f Avukatlar\u0131m\u0131z de\u011fil, ayn\u0131 zamanda IT konusunda geni\u015f bilgiye sahip IT Dan\u0131\u015fmanlar\u0131m\u0131z da bulunmaktad\u0131r. Hukuk ve IT&#8217;nin sinerjisiyle m\u00fc\u015fterilerimizin en iyi \u00e7\u0131karlar\u0131n\u0131 sa\u011flamaktay\u0131z.<\/p>\n\t\t\t\t<p class=\"mgb-small\">Temsilci avukat\u0131m\u0131z Toki Kawase, ilkokul \u00fc\u00e7\u00fcnc\u00fc s\u0131n\u0131fta programlamaya ba\u015flad\u0131. \u00dcniversiteye girdikten hemen sonra kendini IT sekt\u00f6r\u00fcne adam\u0131\u015f olan Toki, \u00f6zellikle 20&#8217;li ya\u015flar\u0131nda deneyimledi\u011fi startuplar ve k\u00fc\u00e7\u00fck ve orta \u00f6l\u00e7ekli \u015firketlerde i\u015f d\u00fcnyas\u0131na da b\u00fcy\u00fck bir ilgi g\u00f6stermi\u015ftir. Bunlar, kurucu avukat\u0131m\u0131z Toki Kawase&#8217;nin g\u00fc\u00e7l\u00fc y\u00f6nleri ve MONOLITH LAW OFFICE&#8217;\u0131n uygulama alanlar\u0131d\u0131r.<\/p>\n\t\t\t\t<p class=\"mgb-middle\">Bu perspektiflerden yola \u00e7\u0131karak, MONOLITH LAW OFFICE, anahtar kelime olarak &#8220;IT&#8221; ile, \u00fcst d\u00fczey \u015firketlerden tohum a\u015famas\u0131ndaki startuplara kadar dan\u0131\u015fmanl\u0131k ve di\u011fer hizmetler sunmaktad\u0131r; ayn\u0131 zamanda &#8220;\u0130nternet&#8221; ve &#8220;\u0130\u015f&#8221; kelimeleriyle, halka a\u00e7\u0131k \u015firketler i\u00e7in internet hukuku i\u015flerinden M&#038;A&#8217;ya kadar hizmetler sunmaktad\u0131r.<\/p>\n\t\t\t\t<div class=\"btn-area\">\n\t\t\t\t\t<div class=\"btn icon-services\"><a href=\"\/tr\/services\">Hizmetler<\/a><\/div>\n\t\t\t\t\t<div class=\"btn icon-people\"><a href=\"\/en\/people\">Ekibimiz<\/a><\/div>\n\t\t\t\t<\/div>\n\t\t\t<\/div>\n\t\t<\/div>\n\t<\/div>\n<\/section>\n<section class=\"purple-section\">\n\t<div class=\"anchor\" id=\"law-firm-at-otemachi-tokyo\"><\/div>\n\t<div class=\"section-inner\">\n\t\t<div class=\"flex reverse\">\n\t\t\t<div class=\"width41\"><img decoding=\"async\" src=\"\/wp-content\/uploads\/2023\/06\/about_pic2.jpg\" alt=\"Law Firm at Otemachi, Tokyo\"><\/div>\n\t\t\t<div class=\"width51\">\n\t\t\t\t<div class=\"inline-inner\">\n\t\t\t\t\t<h3>Otemachi, Tokyo&#8217;daki Hukuk Firmas\u0131<\/h3>\n\t\t\t\t\t<p class=\"mgb-small\">MONOLITH LAW OFFICE, Otemachi, Chiyoda-ku, Tokyo&#8217;da bulunan bir Japon hukuk firmas\u0131d\u0131r.<\/p>\n\t\t\t\t\t<p class=\"mgb-small\">Tohum a\u015famas\u0131ndaki startup \u015firketlerden Tokyo Borsas\u0131 Birinci B\u00f6l\u00fcm \u015firketlerine kadar olan yakla\u015f\u0131k 1087 IT \u015firketi i\u00e7in hukuk dan\u0131\u015fman\u0131 olarak hizmet verdik. \u0130tibar zarar\u0131n\u0131 \u00f6nleme, iftira kar\u015f\u0131t\u0131 ve sistem geli\u015ftirme ile ilgili anla\u015fmazl\u0131klar gibi IT ile ilgili hukuki konulara odaklanarak toplam 1855 m\u00fc\u015fteriye hukuki hizmetler sunuyoruz.<\/p>\n\t\t\t\t\t<p class=\"mgb-middle\">&#8220;IT ve \u0130\u015f D\u00fcnyas\u0131nda Uzmanl\u0131k&#8221; bizi \u00f6zel k\u0131lan \u015feydir.<\/p>\n\t\t\t\t\t<div class=\"btn-area\">\n\t\t\t\t\t\t<div class=\"btn icon-access\"><a href=\"\/tr\/access\">Access<\/a><\/div>\n\t\t\t\t\t<\/div>\n\t\t\t\t<\/div>\n\t\t\t<\/div>\n\t\t<\/div>\n\t<\/div>\n<\/section>\n<section class=\"white-section\">\n\t<div class=\"anchor\" id=\"what-is-a-monolith\"><\/div>\n\t<div class=\"section-inner\">\n\t\t<div class=\"flex\">\n\t\t\t<div class=\"width41\"><img decoding=\"async\" src=\"\/wp-content\/themes\/monolith2021\/img\/about\/about_pic3.jpg\" alt=\"What is a Monolith\"><\/div>\n\t\t\t<div class=\"width51\">\n\t\t\t\t<h3>Monolith Nedir<\/h3>\n\t\t\t\t<p class=\"mgb-small\">&#8220;Monolith&#8221; kelimesi Latinceden t\u00fcretilmi\u015ftir ve tek veya izole bir kaya anlam\u0131na gelir. Stanley Kubrick&#8217;in &#8220;2001: Bir Uzay Maceras\u0131&#8221; filmi, onlar\u0131 d\u0131\u015f d\u00fcnya zekas\u0131n\u0131n ara\u00e7lar\u0131 olarak tasvir eder ve insan evrimini katalize etme rol\u00fcne sahiptirler.<\/p>\n\t\t\t\t<p class=\"mgb-small\">MONOLITH LAW OFFICE&#8217;nin misyonu, bir hukuk uzman\u0131 olarak IT ve di\u011fer teknolojilerin yan\u0131 s\u0131ra sosyal sistemlerin evrimini te\u015fvik etmektir. MONOLITH, ba\u015flang\u0131\u00e7 \u015firketleri taraf\u0131ndan ortaya at\u0131lan hipotezleri test etmek, itibar hasar\u0131 \u00f6nleme ve uyu\u015fmazl\u0131k \u00e7\u00f6z\u00fcm\u00fcnde IT ve hukuku koordine etmek ve daha sorunsuz i\u015f sistemleri olu\u015fturmak i\u00e7in \u00e7al\u0131\u015f\u0131r.<\/p>\n\t\t\t\t<p class=\"mgb-small\">MONOLITH LAW OFFICE, hukukun teknoloji ve toplum arac\u0131l\u0131\u011f\u0131yla insanl\u0131\u011f\u0131n evrimini katalize etti\u011fine inanmaktad\u0131r. <\/p>\n\t\t\t\t<p class=\"mgb-middle\">MONOLITH LAW OFFICE&#8217;nin nihai hedefi, IT, toplum ve insanl\u0131\u011f\u0131n evrimini te\u015fvik etmektir. <\/p>\n\t\t<\/div>\n\t<\/div>\n<\/section>\n<section class=\"orange-section\">\n\t<div class=\"anchor\" id=\"from-legal-advisor-to-it-specialized-lawyer\"><\/div>\n\t<div class=\"section-inner\">\n\t\t<div class=\"flex reverse\">\n\t\t\t<div class=\"width41\"><img decoding=\"async\" src=\"\/wp-content\/uploads\/2023\/06\/about_pic4.jpg\" alt=\"From \"><\/div>\n\t\t\t<div class=\"width51\">\n\t\t\t\t<h3>Hukuk Dan\u0131\u015fmanl\u0131\u011f\u0131ndan IT Hukuk Uzmanl\u0131\u011f\u0131na<\/h3>\n\t\t\t\t<p class=\"mgb-small\">MONOLITH LAW OFFICE, &#8220;IT hukuku, \u0130nternet hukuku ve \u0130\u015f hukuku&#8221; alanlar\u0131nda avantajlar\u0131n\u0131 savunmaktad\u0131r. IT&#8217;ye odaklanarak bir\u00e7ok \u015firkete hukuki hizmetler sunuyoruz. \u0130ki ana t\u00fcrde hukuki hizmet sunmaktay\u0131z.<\/p>\n\t\t\t\t<p class=\"mgb-small\">Birincisi, bir IT \u015firketi i\u00e7in &#8220;Genel Hukuk M\u00fc\u015faviri&#8221; veya &#8220;Ba\u015f Hukuk Sorumlusu&#8221; pozisyonuna dayal\u0131 bir hizmettir. \u015eirketin as\u0131l i\u015fi IT ile ilgili oldu\u011fundan, firmam\u0131z m\u00fc\u015fterinin IT teknolojisini ve i\u015fini anlama yetene\u011fi nedeniyle tercih edilmektedir.<\/p>\n\t\t\t\t<p class=\"mgb-small\">\u0130kincisi, IT&#8217;nin \u00e7ekirdek i\u015fleri olmad\u0131\u011f\u0131 \u015firketler i\u00e7in bir &#8220;IT\/\u0130nternet hukuk profesyoneli&#8221; olarak \u00e7al\u0131\u015fmakt\u0131r. Finans, emlak ve restoranlar gibi i\u015fletmelerde IT \u00e7ekirdek i\u015f olmasa da, art\u0131k IT ve \u0130nternet olmadan var olamazlar. IT ve \u0130nternetle ilgili operasyonlar\u0131nda \u015firketlere hukuki perspektiften destek sa\u011fl\u0131yoruz.<\/p>\n\t\t\t\t<p class=\"mgb-middle\">MONOLITH LAW OFFICE, \u015firketinizin geli\u015fimini desteklemek i\u00e7in y\u00fcksek uzmanl\u0131k seviyemize dayanarak sizinle \u00e7e\u015fitli pozisyonlarda \u00e7al\u0131\u015facak.<\/p>\n\t\t\t\t<div class=\"btn-area\">\n\t\t\t\t\t<div class=\"btn icon-general-corporate\"><a href=\"\/tr\/services#general-corporate\">Genel Kurumsal<\/a><\/div>\n\t\t\t\t\t<div class=\"btn icon-it\"><a href=\"\/tr\/services#it\">IT<\/a><\/div>\n\t\t\t\t<\/div>\n\t\t\t<\/div>\n\t\t<\/div>\n\t<\/div>\n<\/section>\n<section class=\"white-section\">\n\t<div class=\"anchor\" id=\"handling-cross-border-legal-matters\"><\/div>\n\t<div class=\"section-inner\">\n\t\t<div class=\"flex\">\n\t\t\t<div class=\"width41\"><img decoding=\"async\" src=\"\/wp-content\/uploads\/2023\/06\/about_pic5.jpg\" alt=\"Handling cross-border legal matters\"><\/div>\n\t\t\t<div class=\"width51\">\n\t\t\t\t<h3>Uluslararas\u0131 Hukuki \u0130\u015flerin Y\u00fcr\u00fct\u00fclmesi<\/h3>\n\t\t\t\t<p class=\"mgb-small\">IT ve \u0130nternet sekt\u00f6rlerinde uluslararas\u0131 hukuki i\u015flerin y\u00f6netimi bizim uzmanl\u0131k alan\u0131m\u0131zd\u0131r. K\u00fcreselle\u015fme ve s\u0131n\u0131r \u00f6tesi faaliyetlerin \u00f6nemi artt\u0131k\u00e7a, uygun hukuki deste\u011fin sa\u011flanmas\u0131 hayati hale gelmektedir.<\/p>\n\t\t\t\t<p class=\"mgb-small\">\u00d6rne\u011fin, bir Japon SaaS \u015firketi uluslararas\u0131 pazarlara a\u00e7\u0131ld\u0131\u011f\u0131nda, yerel hukuki gerekliliklere ve d\u00fczenlemelere uymak esast\u0131r. Benzer \u015fekilde, yabanc\u0131 yat\u0131r\u0131mlar al\u0131nd\u0131\u011f\u0131nda, yat\u0131r\u0131m anla\u015fmalar\u0131n\u0131n ve ilgili hukuki belgelerin haz\u0131rlanmas\u0131 ve m\u00fczakerelerinde yard\u0131m almak gereklidir. Tersine, yurtd\u0131\u015f\u0131nda birle\u015fme ve sat\u0131n alma i\u015flemlerine veya k\u00fcresel geni\u015flemeye dahil olan Japon \u015firketleri i\u00e7in yerel yasalar\u0131 ve d\u00fczenlemeleri anlamak hayati \u00f6nem ta\u015f\u0131r. Ayr\u0131ca, influencer pazarlamas\u0131 ve gelen talepler gibi durumlarda dil ve k\u00fclt\u00fcrel engellerin a\u015f\u0131lmas\u0131, yerel yasalar\u0131n ve s\u00f6zle\u015fme meselelerinin ele al\u0131nmas\u0131n\u0131 gerektirir.<\/p>\n\t\t\t\t<p class=\"mgb-middle\">MONOLITH LAW OFFICE, s\u0131n\u0131r \u00f6tesi ve k\u00fcreselle\u015fme taleplerini kar\u015f\u0131lamak i\u00e7in ileri hukuk alanlar\u0131nda yeteneklerini g\u00fc\u00e7lendirmi\u015ftir. Avukatlar\u0131m\u0131zdan olu\u015fan ekibimizi m\u00fchendisler ve di\u011fer profesyonellerle birle\u015ftirerek, m\u00fc\u015fterilerimizin uluslararas\u0131 geni\u015flemeleri ve k\u00fcresel i\u015f giri\u015fimleri i\u00e7in teknik bilgi ve hukuki uzmanl\u0131k kullanarak kapsaml\u0131 destek sa\u011fl\u0131yoruz.<\/p>\n\t\t\t\t<div class=\"btn-area\">\n\t\t\t\t\t<div class=\"btn icon-cross-border\"><a href=\"\/tr\/services#cross-border\">Cross-border<\/a><\/div>\n\t\t\t\t<\/div>\n\t\t\t<\/div>\n\t\t<\/div>\n\t<\/div>\n<\/section>\n<section class=\"purple-section\">\n\t<div class=\"anchor\" id=\"our-clients\"><\/div>\n\t<div class=\"section-inner\">\n\t\t<div class=\"flex reverse\">\n\t\t\t<div class=\"width41\"><img decoding=\"async\" src=\"\/wp-content\/uploads\/2019\/09\/beartail_kurosaki.jpg\" alt=\"Our Clients\"><\/div>\n\t\t\t<div class=\"width51\">\n\t\t\t\t<h3>M\u00fc\u015fterilerimiz<\/h3>\n\t\t\t\t<p class=\"mgb-small\">MONOLITH LAW OFFICE iki ana t\u00fcr hizmet sunmaktad\u0131r. Birincisi, bir IT ve startup \u015firketinin genel m\u00fc\u015faviri veya ba\u015f hukuk m\u00fc\u015faviri olmak ve \u015firketin genel hukuki i\u015flerini y\u00fcr\u00fctmektir. \u0130kincisi, \u00e7e\u015fitli \u015firketler i\u00e7in bir &#8220;IT ve IP avukat\u0131&#8221; olarak hareket etmek ve \u015firketin IT ve IP hukuki i\u015flerini ele almakt\u0131r.<\/p>\n\t\t\t\t<p class=\"mgb-small\">M\u00fc\u015fterilerimizden a\u015fa\u011f\u0131daki mesaj\u0131 ald\u0131k:<\/p>\n\t\t\t\t<p class=\"mgb-small\">&#8220;Hukuki riski \u00fcstlenmek teknoloji anlay\u0131\u015f\u0131n\u0131 gerektirir ve MONOLITH LAW OFFICE bu alanda bir profesyoneldir.&#8221;<\/p>\n\t\t\t\t<p class=\"mgb-small\">&#8220;MONOLITH LAW OFFICE, bir \u015firket y\u00f6neticisinin perspektifinden &#8216;riski nas\u0131l kontrol edece\u011fimizi&#8217; anlamam\u0131za yard\u0131mc\u0131 oluyor.&#8221;<\/p>\n\t\t\t\t<p class=\"mgb-middle\">&#8220;MONOLITH LAW OFFICE hem bir hukuk firmas\u0131 hem de bir y\u00f6netim dan\u0131\u015fman\u0131d\u0131r. A\u00e7\u0131klamalar\u0131 i\u00e7in hukuki temel sa\u011flarlar.&#8221;<\/p>\n\t\t\t\t\n\t\t<\/div>\n\t<\/div>\n<\/section>\n","protected":false},"excerpt":{"rendered":"<p>Firmam\u0131z Hakk\u0131nda Genel Bilgi MONOLITH LAW OFFICE, IT, \u0130nternet ve \u0130\u015f alanlar\u0131nda uzmanla\u015fm\u0131\u015f, IT m\u00fchendisi olarak geni\u015f bir ge\u00e7mi\u015fe sahip Kurucu Avukat da dahil olmak \u00fczere IT uzmanlar\u0131ndan olu\u015fan To [&hellip;]<\/p>\n","protected":false},"author":1,"featured_media":56658,"parent":0,"menu_order":1,"comment_status":"closed","ping_status":"closed","template":"other-page-temp.php","meta":{"footnotes":""},"acf":[],"_links":{"self":[{"href":"https:\/\/monolith.law\/tr\/wp-json\/wp\/v2\/pages\/4096"}],"collection":[{"href":"https:\/\/monolith.law\/tr\/wp-json\/wp\/v2\/pages"}],"about":[{"href":"https:\/\/monolith.law\/tr\/wp-json\/wp\/v2\/types\/page"}],"author":[{"embeddable":true,"href":"https:\/\/monolith.law\/tr\/wp-json\/wp\/v2\/users\/1"}],"replies":[{"embeddable":true,"href":"https:\/\/monolith.law\/tr\/wp-json\/wp\/v2\/comments?post=4096"}],"version-history":[{"count":95,"href":"https:\/\/monolith.law\/tr\/wp-json\/wp\/v2\/pages\/4096\/revisions"}],"predecessor-version":[{"id":62784,"href":"https:\/\/monolith.law\/tr\/wp-json\/wp\/v2\/pages\/4096\/revisions\/62784"}],"wp:featuredmedia":[{"embeddable":true,"href":"https:\/\/monolith.law\/tr\/wp-json\/wp\/v2\/media\/56658"}],"wp:attachment":[{"href":"https:\/\/monolith.law\/tr\/wp-json\/wp\/v2\/media?parent=4096"}],"curies":[{"name":"wp","href":"https:\/\/api.w.org\/{rel}","templated":true}]}}