{"id":41151,"date":"2023-11-14T14:33:54","date_gmt":"2023-11-14T05:33:54","guid":{"rendered":"https:\/\/monolith.law\/?page_id=41151"},"modified":"2025-08-30T09:13:29","modified_gmt":"2025-08-30T00:13:29","slug":"home","status":"publish","type":"page","link":"https:\/\/monolith.law\/tr\/","title":{"rendered":"MONOLITH LAW OFFICE | Tokyo, Japonya"},"content":{"rendered":"\n<p>\n<\/p>\n\n\n\n<section class=\"white-section front-top\" data-delighter=\"\">\n\t<div class=\"section-inner\">\n\t<div class=\"top-logo\">\n\t<div class=\"base\"><\/div>\n\t<img decoding=\"async\" src=\"\/wp-content\/themes\/monolith2021\/img\/top\/top_logo_m.svg\" alt=\"M\" class=\"top-logo-1\">\n\t<img decoding=\"async\" src=\"\/wp-content\/themes\/monolith2021\/img\/top\/top_logo_o.svg\" alt=\"O\" class=\"top-logo-2\">\n\t<img decoding=\"async\" src=\"\/wp-content\/themes\/monolith2021\/img\/top\/top_logo_n.svg\" alt=\"N\" class=\"top-logo-3\">\n\t<img decoding=\"async\" src=\"\/wp-content\/themes\/monolith2021\/img\/top\/top_logo_o.svg\" alt=\"O\" class=\"top-logo-4\">\n\t<img decoding=\"async\" src=\"\/wp-content\/themes\/monolith2021\/img\/top\/top_logo_l.svg\" alt=\"L\" class=\"top-logo-5\">\n\t<img decoding=\"async\" src=\"\/wp-content\/themes\/monolith2021\/img\/top\/top_logo_i.svg\" alt=\"I\" class=\"top-logo-6\">\n\t<img decoding=\"async\" src=\"\/wp-content\/themes\/monolith2021\/img\/top\/top_logo_t.svg\" alt=\"T\" class=\"top-logo-7\">\n\t<img decoding=\"async\" src=\"\/wp-content\/themes\/monolith2021\/img\/top\/top_logo_h.svg\" alt=\"H\" class=\"top-logo-8\">\n\t<\/div>\n\t<p class=\"text1\"><strong>IT&#8217;nin Evrimle\u015fmesi<\/strong><\/p>\n\t<p class=\"text2\">G\u00fcn\u00fcm\u00fczde, IT modern i\u015f operasyonlar\u0131n\u0131n kalbinde yer al\u0131r, <br class=\"sp-none\">ancak i\u015f i\u00e7in IT kullanmak hukuki risk y\u00f6netimini gerektirir.<br>MONOLITH LAW OFFICE&#8217;da, avukatlar\u0131m\u0131z ve IT dan\u0131\u015fmanlar\u0131m\u0131z ekibimiz, m\u00fc\u015fterinin sorunlar\u0131n\u0131 ele almak i\u00e7in birlikte \u00e7al\u0131\u015f\u0131r.<br class=\"sp-none\">Misyonumuz, Japonya&#8217;da IT yenili\u011fini ate\u015flemek ve b\u00fcy\u00fcmeyi h\u0131zland\u0131rmak, i\u015fletmelerin e\u015fi g\u00f6r\u00fclmemi\u015f y\u00fcksekliklere ula\u015fmas\u0131n\u0131 sa\u011flamakt\u0131r.<\/p>\n\t\n\t<\/div>\n<\/section>\n<section class=\"white-section front-about\">\n\t<div class=\"section-inner\">\n\t<div class=\"text\">\n\t<p class=\"en\">MONOLITH LAW OFFICE HAKKINDA<\/p>\n\t<h2>IT M\u00fchendisli\u011fi Arka Plan\u0131na Sahip Bir Hukuk Profesyoneli Olarak Misyonumuz<\/h2>\n\t<p class=\"text\">MONOLITH LAW OFFICE, \u00e7e\u015fitli \u015firketlere IT hukuki hizmetleri sunan Tokyo merkezli bir Japon hukuk firmas\u0131d\u0131r.<br>Y\u00f6netici Avukat\u0131m\u0131z Toki Kawase, \u00fcniversite \u00f6\u011frencisiyken serbest IT m\u00fchendisi olarak \u00e7al\u0131\u015fm\u0131\u015ft\u0131r. Bir IT \u015firketi kurma deneyimi ya\u015fam\u0131\u015f ve ayn\u0131 zamanda bir IT m\u00fchendisi olarak \u00e7al\u0131\u015fm\u0131\u015ft\u0131r. Toki, IT&#8217;nin start-up&#8217;lar ve di\u011fer \u015firketlerin \u00f6nemli b\u00fcy\u00fcmesini ve s\u00fcre\u00e7te kar\u015f\u0131la\u015f\u0131lan \u00e7e\u015fitli riskleri kendi g\u00f6zleriyle g\u00f6rm\u00fc\u015ft\u00fcr. IT&#8217;nin gelecekte \u015firketlere b\u00fcy\u00fck faydalar sa\u011flamaya devam etmesi i\u00e7in, yenilik\u00e7i bir hukuki bak\u0131\u015f a\u00e7\u0131s\u0131na sahip olman\u0131n gereklili\u011fini anlam\u0131\u015ft\u0131r.<br>Bu deneyime dayanarak, \u00e7e\u015fitli \u00e7\u00f6z\u00fcmler sunmak \u00fczere y\u00fcksek derecede uzmanla\u015fm\u0131\u015f avukatlar ve IT dan\u0131\u015fmanlar\u0131ndan olu\u015fan bir organizasyon olan MONOLITH LAW OFFICE&#8217;\u0131 kurmu\u015ftur.<\/p>\n\t<\/div>\n\t<div class=\"pic\"><img decoding=\"async\" src=\"\/wp-content\/themes\/monolith2021\/img\/top\/kawase_pic.png\" alt=\"Kurucu Avukat\u0131m\u0131z Toki Kawase\"><\/div>\n\t<\/div>\n<\/section>\n<section class=\"white-section front-numbers\">\n\t<div class=\"section-inner\">\n\t<p class=\"en\">Rakamlarla MONOLITH LAW OFFICE<\/p>\n\t<h2>Bir hukuk firmas\u0131 ve kurumsal IT uzman\u0131 olarak deneyimimiz.<\/h2>\n\t<div class=\"box-wrap\">\n\t<div class=\"sub-box\">\n\t\t<h3>M\u00fc\u015fteriler<\/h3>\n\t\t<p class=\"code\">1855\n\t\t<p class=\"text\">\u00c7e\u015fitli sekt\u00f6rlerdeki farkl\u0131 t\u00fcrdeki \u015firketlere destek olmu\u015f bulunmaktay\u0131z. M\u00fc\u015fteri portf\u00f6y\u00fcm\u00fcz, Japonya&#8217;n\u0131n en \u00fcst d\u00fczey organizasyonlar\u0131ndan k\u00fc\u00e7\u00fck ve orta \u00f6l\u00e7ekli \u015firketlere kadar uzanmaktad\u0131r. Her bir m\u00fc\u015fterinin ihtiya\u00e7lar\u0131na y\u00f6nelik hizmetler sunmaktay\u0131z.<\/p>\n\t<\/div>\n\t<div class=\"sub-box\">\n\t\t<h3>Orijinal IT \u00c7\u00f6z\u00fcmleri<\/h3>\n\t\t<p class=\"code\">7\n\t\t<p class=\"text\">Biz, kurumsal IT&#8217;ye odaklanan bir ekibiz. MONOLITH LAW OFFICE, \u00f6zel ihtiya\u00e7lar\u0131n\u0131za y\u00f6nelik \u00f6zelle\u015ftirilmi\u015f \u00e7\u00f6z\u00fcmler olu\u015fturmak i\u00e7in adanm\u0131\u015f yetenekli avukatlar ve IT dan\u0131\u015fmanlar\u0131ndan olu\u015fan bir ekiptir.<\/p>\n\t<\/div>\n\t<div class=\"sub-box\">\n\t\t<h3>Avukatlar<\/h3>\n\t\t<p class=\"code\">30\n\t\t<p class=\"text\">IT sorunlar\u0131n\u0131 \u00e7\u00f6zmedeki en \u00f6nemli fakt\u00f6r, ilk yan\u0131t\u0131n h\u0131z\u0131d\u0131r. MONOLITH LAW OFFICE, her g\u00fcn \u00e7e\u015fitli dan\u0131\u015fmalara yan\u0131t verebilecek bir\u00e7ok avukata sahiptir.<\/p>\n\t<\/div>\n\t<div class=\"sub-box\">\n\t\t<h3>IT Dan\u0131\u015fmanlar\u0131<\/h3>\n\t\t<p class=\"code\">16\n\t\t<p class=\"text\">S\u00fcrekli evrilen teknolojiyle ayak uydurmak ve daha karma\u015f\u0131k kurumsal IT sorunlar\u0131na yan\u0131t vermek i\u00e7in IT dan\u0131\u015fmanlar\u0131n\u0131n, avukatlar kadar \u00f6nemli oldu\u011funa inan\u0131yoruz.<\/p>\n\t<\/div>\n\t<div class=\"sub-box\">\n\t<h3>Desteklenen \u00dclkeler<\/h3>\n\t\t<p class=\"code\">18\n\t\t<p class=\"text\">S\u0131n\u0131r \u00f6tesi uzmanl\u0131\u011fa sahip Japon hukuk firmas\u0131. Uluslararas\u0131 i\u015flemler, dava ve d\u00fczenleyici uyumluluk konular\u0131nda uzmanla\u015fm\u0131\u015ft\u0131r. \u0130\u015f ve hukuk konular\u0131nda k\u00fcresel m\u00fc\u015fterilere \u00f6zel \u00e7\u00f6z\u00fcmler sunmaktad\u0131r.<\/p>\n\t<\/div>\n\t<div class=\"sub-box\">\n\t\t<h3>BT ve Hukuki \u0130\u00e7g\u00f6r\u00fcler Makaleleri<\/h3>\n\t\t<p class=\"code\">1009\n\t\t<p class=\"text\">Web medyas\u0131 &#8220;MONOLITH LAW MAGAZINE&#8221;de kurumsal BT ile ilgili \u00e7e\u015fitli vaka \u00e7al\u0131\u015fmalar\u0131n\u0131 analiz ediyor ve a\u00e7\u0131kl\u0131yoruz. Kurumsal BT\u2019de giderek karma\u015f\u0131kla\u015fan ve \u00e7e\u015fitlenen zorluklar i\u00e7in uygun \u00e7\u00f6z\u00fcmler \u00fczerinde s\u00fcrekli ara\u015ft\u0131rmalar yap\u0131yoruz.<\/p>\n\t<\/div>\n\t<\/div>\n\t<\/div>\n<\/section>\n<section class=\"front-service\">\n\t<div class=\"section-inner\">\n\t\t<p class=\"en\">MONOLITH LAW OFFICE H\u0130ZMETLER\u0130<\/p>\n\t\t<h2>Karma\u015f\u0131k IT riskleri i\u00e7in \u00e7\u00f6z\u00fcmlerimiz.<\/h2>\n\t<\/div>\n\t<div class=\"front-service-field\">\n\t<div class=\"section-inner\">\n\t<h3><a href=\"\/tr\/services\">Hizmetler<\/a><\/h3>\n\t<div class=\"box-wrap\">\n\t<div class=\"sub-box\">\n\t\t<h4>Genel Kurumsal<\/h4>\n\t\t<div class=\"icon\"><img decoding=\"async\" src=\"\/wp-content\/themes\/monolith_en\/img\/top\/service_general-corporate.svg\" alt=\"IT ve Startup \u0130\u015fletmeler i\u00e7in Kurumsal Hukuki \u0130\u015fler\"><\/div>\n\t\t<p>IT ve startup \u015firketlerine \u00f6zg\u00fc dinamik ortamda do\u011fru hukuki destek sa\u011flamak i\u00e7in uzman bilgi ve deneyim kritik \u00f6neme sahiptir. Firmam\u0131z bu sekt\u00f6rde bir\u00e7ok uzmana sahip olup, TSE Birinci B\u00f6l\u00fcm \u015firketlerinden tohum a\u015famas\u0131ndaki startup&#8217;lara kadar \u00e7o\u011funlukla IT \u015firketleri olmak \u00fczere 1087 \u015firkete hukuki dan\u0131\u015fmanl\u0131k yapm\u0131\u015ft\u0131r.<\/p>\n\t\t<div class=\"btn-more\"><a href=\"\/tr\/general-corporate\">Daha Fazla G\u00f6r<\/a><\/div>\n\t<\/div>\n\t<div class=\"sub-box\">\n\t\t<h4>IT<\/h4>\n\t\t<div class=\"icon\"><img decoding=\"async\" src=\"\/wp-content\/themes\/monolith_en\/img\/top\/service_it.svg\" alt=\"\u00c7e\u015fitli \u015firketler i\u00e7in IT ve IP hukuki i\u015fleri\"><\/div>\n\t\t<p>G\u00fcn\u00fcm\u00fczde t\u00fcm \u015firketler, i\u015f alanlar\u0131na veya i\u015fletme b\u00fcy\u00fckl\u00fcklerine bak\u0131lmaks\u0131z\u0131n, kurumsal faaliyetlerinde bir \u015fekilde IT ile ilgilenmektedirler. Zaten birincil hukuki dan\u0131\u015fman\u0131 olan \u015firketler i\u00e7in veya ana i\u015fi IT olmayan \u015firketler i\u00e7in &#8220;IT ve fikri m\u00fclkiyet alan\u0131nda uzman avukatlar&#8221; olarak rol alabiliriz.<\/p>\n\t\t<div class=\"btn-more\"><a href=\"\/tr\/it\">Daha Fazla G\u00f6r<\/a><\/div>\n\t<\/div>\n\t<div class=\"sub-box\">\n\t\t<h4>Uluslararas\u0131<\/h4>\n\t\t<div class=\"icon\"><img decoding=\"async\" src=\"\/wp-content\/themes\/monolith_en\/img\/top\/service_cross-border.svg\" alt=\"Uluslararas\u0131 Hukuki \u0130\u015fler\"><\/div>\n\t\t<p>\u00d6ncelikli odak noktam\u0131z, uluslararas\u0131 pazara giren Japon IT \u015firketlerine kapsaml\u0131 hukuki hizmetler sunmakt\u0131r. Ayn\u0131 zamanda, Japonya&#8217;daki yabanc\u0131 IT \u015firketlerine profesyonel hukuki destek de sa\u011fl\u0131yoruz. Firmam\u0131z, s\u0131n\u0131r \u00f6tesi i\u015flemleri etkin bir \u015fekilde desteklemek i\u00e7in \u00e7e\u015fitli \u00fclke ve b\u00f6lgelerden yabanc\u0131 lisansl\u0131 avukatlardan olu\u015fmaktad\u0131r.<\/p>\n\t\t<div class=\"btn-more\"><a href=\"\/tr\/cross-border\">Daha Fazla G\u00f6r<\/a><\/div>\n\t<\/div>\n\t<div class=\"sub-box\">\n\t\t<h4>\u0130nternet<\/h4>\n\t\t<div class=\"icon\"><img decoding=\"async\" src=\"\/wp-content\/themes\/monolith_en\/img\/top\/service_internet.svg\" alt=\"Influencer Pazarlamas\u0131\"><\/div>\n\t\t<p>\u0130nternet hukuku konusunda uzmanl\u0131kla, YouTuber&#8217;lar ve SNS kullanan \u015firketler dahil internet giri\u015fimcilerine kapsaml\u0131 hukuki destek sunuyoruz. \u00c7evrimi\u00e7i anla\u015fmazl\u0131klar\u0131 \u00e7\u00f6zme, olumsuz web sayfalar\u0131n\u0131 kald\u0131rma ve \u00e7evrimi\u00e7i itibar y\u00f6netimi konular\u0131nda uzman\u0131z. \u0130nternet i\u00e7in etkili \u00e7\u00f6z\u00fcmler i\u00e7in nitelikli avukatlar\u0131m\u0131za dan\u0131\u015f\u0131n.<\/p>\n\t\t<div class=\"btn-more\"><a href=\"\/tr\/internet\">Daha Fazla G\u00f6r<\/a><\/div>\n\t<\/div>\n\t<\/div>\n\t<\/div>\n\t<\/div>\n\t<div class=\"front-service-example\">\n\t<div class=\"section-inner\">\n\t<p>\u00d6rnekler<\/p>\n\t<ul class=\"clearfix\">\n\t\t<li>\n\t\t\t<div class=\"icon\"><a href=\"\/tr\/system-development\/\"><img decoding=\"async\" src=\"\/wp-content\/themes\/monolith_en\/img\/top\/service_ex_system-development.svg\" alt=\"Sistem Geli\u015ftirme\"><\/a><\/div>\n\t\t\t<p>Sistem<br>Geli\u015ftirme<\/p>\n\t\t<\/li>\n\t\t<li>\n\t\t\t<div class=\"icon\"><a href=\"\/tr\/crypto-asset-and-blockchain\/\"><img decoding=\"async\" src=\"\/wp-content\/themes\/monolith_en\/img\/top\/service_ex_crypto-asset-and-blockchain.svg\" alt=\"Kripto Varl\u0131k ve Blockchain\"><\/a><\/div>\n\t\t\t<p>Kripto Varl\u0131k <br>ve Blockchain<\/p>\n\t\t<\/li>\n\t\t<li>\n\t\t\t<div class=\"icon\"><a href=\"\/tr\/ai\/\"><img decoding=\"async\" src=\"\/wp-content\/themes\/monolith_en\/img\/top\/service_ex_ai.svg\" alt=\"ai\"><\/a><\/div>\n\t\t\t<p>AI<br>(ChatGPT vb.)<\/p>\n\t\t<\/li>\n\t\t<li>\n\t\t\t<div class=\"icon\"><a href=\"\/tr\/advertisement-review\/\"><img decoding=\"async\" src=\"\/wp-content\/themes\/monolith_en\/img\/top\/service_ex_advertisement-review.svg\" alt=\"Reklam \u0130ncelemesi\"><\/a><\/div>\n\t\t\t<p>Reklam<br>\u0130ncelemesi<\/p>\n\t\t<\/li>\n\t\t<li>\n\t\t\t<div class=\"icon\"><a href=\"\/tr\/mitigating-reputational-damage\/\"><img decoding=\"async\" src=\"\/wp-content\/themes\/monolith_en\/img\/top\/service_ex_mitigating-reputational-damage.svg\" alt=\"\u0130tibar Zarar\u0131n\u0131 Azaltma\"><\/a><\/div>\n\t\t\t<p>\u0130tibar<br>Zarar\u0131n\u0131 Azaltma<\/p>\n\t\t<\/li>\n\t<\/ul>\n\t<\/div>\n\t<\/div>\n<\/section>\n<section class=\"white-section front-client\">\n\t<div class=\"section-inner\">\n\t\t<h2>M\u00dc\u015eTER\u0130<\/h2>\n\t\t<ul>\n\t\t\t<li><img src=\"https:\/\/monolith.law\/tr\/wp-content\/themes\/monolith_tr\/img\/clients\/logo_01.png\"><\/li>\n\t\t\t<li><img src=\"https:\/\/monolith.law\/tr\/wp-content\/themes\/monolith_tr\/img\/clients\/logo_02.png\"><\/li>\n\t\t\t<li><img src=\"https:\/\/monolith.law\/tr\/wp-content\/themes\/monolith_tr\/img\/clients\/logo_03.png\"><\/li>\n\t\t\t<li><img src=\"https:\/\/monolith.law\/tr\/wp-content\/themes\/monolith_tr\/img\/clients\/logo_04.png\"><\/li>\n\t\t\t<li><img src=\"https:\/\/monolith.law\/tr\/wp-content\/themes\/monolith_tr\/img\/clients\/logo_05.png\"><\/li>\n\t\t\t<li><img src=\"https:\/\/monolith.law\/tr\/wp-content\/themes\/monolith_tr\/img\/clients\/logo_06.png\"><\/li>\n\t\t\t<li><img src=\"https:\/\/monolith.law\/tr\/wp-content\/themes\/monolith_tr\/img\/clients\/logo_07.png\"><\/li>\n\t\t\t<li><img src=\"https:\/\/monolith.law\/tr\/wp-content\/themes\/monolith_tr\/img\/clients\/logo_08.png\"><\/li>\n\t\t\t<li><img src=\"https:\/\/monolith.law\/tr\/wp-content\/themes\/monolith_tr\/img\/clients\/logo_09.png\"><\/li>\n\t\t\t<li><img src=\"https:\/\/monolith.law\/tr\/wp-content\/themes\/monolith_tr\/img\/clients\/logo_10.png\"><\/li>\n\t\t\t<li><img src=\"https:\/\/monolith.law\/tr\/wp-content\/themes\/monolith_tr\/img\/clients\/logo_11.png\"><\/li>\n\t\t\t<li><img src=\"https:\/\/monolith.law\/tr\/wp-content\/themes\/monolith_tr\/img\/clients\/logo_12.png\"><\/li>\n\t\t\t<li><img src=\"https:\/\/monolith.law\/tr\/wp-content\/themes\/monolith_tr\/img\/clients\/logo_13.png\"><\/li>\n\t\t\t<li><img src=\"https:\/\/monolith.law\/tr\/wp-content\/themes\/monolith_tr\/img\/clients\/logo_14.png\"><\/li>\n\t\t\t<li><img src=\"https:\/\/monolith.law\/tr\/wp-content\/themes\/monolith_tr\/img\/clients\/logo_15.png\"><\/li>\n\t\t<\/ul>\n\t\t<!--<div class=\"btn-more\"><a href=\"https:\/\/monolith.law\/tr\/clients\">Daha Fazla G\u00f6r<\/a><\/div>-->\n\t<\/div>\n<\/section>\n<section class=\"white-section front-news\">\n    <div class=\"section-inner\">\n        <h2>HABERLER [en]<\/h2>\n        <div>\n                        <ul>\n                                                    <li><span class=\"date\">2026.04.01<\/span><span class=\"category news-category-2\">NEWS<\/span><span class=\"subject\">Attorney Shota Akiyama has joined the firm.<\/span><\/li>\n                                                                <li><span class=\"date\">2026.03.26<\/span><span class=\"category news-category-2\">NEWS<\/span><span class=\"subject\">Attorneys Miki Takatsuki, Toko Takayanagi, Mizuki Kobayashi, Ryo Watanabe, and Shuto Ishimura have joined our firm.<\/span><\/li>\n                                                                <li><span class=\"date\">2025.05.08<\/span><span class=\"category news-category-2\">NEWS<\/span><span class=\"subject\">Monolith Law Office has been selected as a finalist for the Rising Law Firm of the Year category of the ALB Japan Law Awards, hosted by Asian Legal Business, an international law firm evaluation organization.<\/span><\/li>\n                                                                <li><span class=\"date\">2025.04.01<\/span><span class=\"category news-category-2\">NEWS<\/span><span class=\"subject\">Attorney Keita Yokoyama has joined the firm.<\/span><\/li>\n                                                                <li><span class=\"date\">2025.03.27<\/span><span class=\"category news-category-2\">NEWS<\/span><span class=\"subject\">Attorneys Yusuke Mizutani, Ryusei Juman, Mizuki Koyama, and Yusuke Muto have joined the firm.<\/span><\/li>\n                                                                <li><span class=\"date\">2024.06.12<\/span><span class=\"category news-category-2\">NEWS<\/span><span class=\"subject\">Attorney Akira Yoshida has joined the firm.<\/span><\/li>\n                                                            <\/ul>\n            <div class=\"btn-more\"><a href=\"\/en\/news\/\">Daha Fazla G\u00f6r [en]<\/a><\/div>\n        <\/div>\n    <\/div>\n<\/section>\n<section class=\"white-section front-banner\">\n<div class=\"section-inner\">\n<div class=\"banner-slider\">\n<div><a href=\"\/tr\/cross-border\"><img decoding=\"async\" src=\"\/wp-content\/themes\/monolith_en\/img\/top\/banner_crossborder.png\" alt=\"Uluslararas\u0131\"><\/a><\/div>\n<div><a href=\"\/en\/job-openings\"><img decoding=\"async\" src=\"\/wp-content\/themes\/monolith_en\/img\/top\/banner_jobopenings.png\" alt=\"\u0130\u015f \u0130lanlar\u0131\"><\/a><\/div>\n<div><a href=\"https:\/\/www.linkedin.com\/company\/monolith-law-office\/\" target=\"\u201d_blank\u201d\" rel=\"noopener\"><img decoding=\"async\" src=\"\/wp-content\/themes\/monolith_en\/img\/top\/banner_linkedin.png\" alt=\"LinkedIn\"><\/a><\/div>\n<div><a href=\"\/tr\/article\"><img decoding=\"async\" src=\"\/wp-content\/themes\/monolith_en\/img\/top\/banner_monolithlawmagazine.svg\" alt=\"MONOLITH LAW MAGAZINE\"><\/a><\/div>\n<\/div>\n<\/div>\n<\/section>\n","protected":false},"excerpt":{"rendered":"<p>IT&#8217;nin Evrimle\u015fmesi G\u00fcn\u00fcm\u00fczde, IT modern i\u015f operasyonlar\u0131n\u0131n kalbinde yer al\u0131r, ancak i\u015f i\u00e7in IT kullanmak hukuki risk y\u00f6netimini gerektirir.MONOLITH LAW OFFICE&#8217;da, avukatlar\u0131m\u0131z ve IT dan [&hellip;]<\/p>\n","protected":false},"author":1,"featured_media":56656,"parent":0,"menu_order":0,"comment_status":"closed","ping_status":"closed","template":"front-page-temp.php","meta":{"footnotes":""},"acf":[],"_links":{"self":[{"href":"https:\/\/monolith.law\/tr\/wp-json\/wp\/v2\/pages\/41151"}],"collection":[{"href":"https:\/\/monolith.law\/tr\/wp-json\/wp\/v2\/pages"}],"about":[{"href":"https:\/\/monolith.law\/tr\/wp-json\/wp\/v2\/types\/page"}],"author":[{"embeddable":true,"href":"https:\/\/monolith.law\/tr\/wp-json\/wp\/v2\/users\/1"}],"replies":[{"embeddable":true,"href":"https:\/\/monolith.law\/tr\/wp-json\/wp\/v2\/comments?post=41151"}],"version-history":[{"count":125,"href":"https:\/\/monolith.law\/tr\/wp-json\/wp\/v2\/pages\/41151\/revisions"}],"predecessor-version":[{"id":74236,"href":"https:\/\/monolith.law\/tr\/wp-json\/wp\/v2\/pages\/41151\/revisions\/74236"}],"wp:featuredmedia":[{"embeddable":true,"href":"https:\/\/monolith.law\/tr\/wp-json\/wp\/v2\/media\/56656"}],"wp:attachment":[{"href":"https:\/\/monolith.law\/tr\/wp-json\/wp\/v2\/media?parent=41151"}],"curies":[{"name":"wp","href":"https:\/\/api.w.org\/{rel}","templated":true}]}}