{"id":4213,"date":"2023-11-08T04:28:26","date_gmt":"2023-11-07T19:28:26","guid":{"rendered":"https:\/\/monolith.law\/?page_id=4213"},"modified":"2024-01-17T18:36:06","modified_gmt":"2024-01-17T09:36:06","slug":"services","status":"publish","type":"page","link":"https:\/\/monolith.law\/tr\/services","title":{"rendered":"Hizmetler"},"content":{"rendered":"\n<section class=\"heading-area\">\n\t<div class=\"heading-area-inner\">\n\t\t<h2 class=\"icon-services\">Hizmetler<\/h2>\n\t\t<p>Y\u00f6netici avukat\u0131m\u0131z\u0131n IT m\u00fchendisi olarak ge\u00e7mi\u015fi ve IT \u015firketlerini y\u00f6netme deneyimi ile MONOLITH LAW OFFICE, IT, i\u015f ve \u0130nternet alanlar\u0131nda uzmanla\u015fm\u0131\u015f Japonya&#8217;n\u0131n \u00f6nde gelen hukuk firmalar\u0131ndan biri olarak konumlanmaktad\u0131r. K\u00fcresel organizasyonumuz, bu alanlarda y\u00fcksek derecede uzmanla\u015fm\u0131\u015f hukuki hizmetler sunmam\u0131z\u0131 sa\u011flar.<\/p>\n\t<\/div>\n<\/section>\n<section class=\"second-nav\">\n\t<div class=\"second-nav-inner\">\n\t\t<p>KONULAR<\/p>\n\t\t<nav>\n\t\t\t<ul>\n\t\t\t\t<li><a href=\"#general-corporate\">Genel Kurumsal<\/a><\/li>\n\t\t\t\t<li><a href=\"#it\">IT<\/a><\/li>\n\t\t\t\t<li><a href=\"#cross-border\">S\u0131n\u0131r \u00d6tesi<\/a><\/li>\n\t\t\t\t<li><a href=\"#internet\">\u0130nternet<\/a><\/li>\n\t\t\t<\/ul>\n\t\t<\/nav>\n\t<\/div>\n<\/section>\n<section class=\"white-section\">\n\t<div class=\"anchor\" id=\"general-corporate\"><\/div>\n\t<div class=\"section-inner pdb0\">\n\t\t<div class=\"flex\">\n\t\t\t<div class=\"width41\"><img decoding=\"async\" src=\"\/wp-content\/themes\/monolith2021\/img\/pic\/pic_practices-corporate.jpg\" alt=\"Genel Kurumsal\"><\/div>\n\t\t\t<div class=\"width51\">\n\t\t\t\t<div class=\"inline-inner\">\n\t\t\t\t\t<h3>Genel Kurumsal Hukuk<\/h3>\n\t\t\t\t\t<p>IT ve startup i\u015f d\u00fcnyas\u0131n\u0131n h\u0131zla de\u011fi\u015fen ortam\u0131nda do\u011fru hukuki destek sa\u011flamak i\u00e7in \u00f6zel bilgi ve deneyime sahip olmak \u00f6nemlidir. MONOLITH LAW OFFICE olarak bu alanda bir\u00e7ok uzman\u0131m\u0131z bulunmakta ve Japonya&#8217;daki IT \u015firketleri a\u011f\u0131rl\u0131kl\u0131 olmak \u00fczere, en \u00fcst d\u00fczey \u015firketlerden tohum a\u015famas\u0131ndaki startup \u015firketlerine kadar 1087 \u015firkete y\u00f6netim kurulu \u00fcyeleri, icra kurulu \u00fcyeleri vb. i\u00e7in \u00e7e\u015fitli s\u00f6zle\u015fmeler dahil olmak \u00fczere hukuki dan\u0131\u015fmanl\u0131k hizmeti vermi\u015f bulunmaktay\u0131z.<\/p>\n\t\t\t\t<\/div>\n\t\t\t<\/div>\n\t\t<\/div>\n\t<\/div>\n<\/section>\n<section class=\"white-section\">\n\t<div class=\"section-inner\">\n\t\t<ol class=\"practices-list mgb-big\">\n\t\t\t<li>\n\t\t\t\t<h4><img decoding=\"async\" src=\"\/wp-content\/themes\/monolith_en\/img\/practices\/practices_1_1.svg\" alt=\"1.Giri\u015fim Hukuku\"><\/h4>\n\t\t\t\t<img decoding=\"async\" src=\"\/wp-content\/themes\/monolith2021\/img\/practices\/practices_1_1_pic.png\" alt=\"Giri\u015fim Hukuku\">\n\t\t\t\t<p>Finansman, i\u015f devirleri ve sat\u0131n almalar da dahil olmak \u00fczere i\u015f ve sermaye ile ilgili hukuki konularda geni\u015f bir deneyime sahibiz.<\/p>\n\t\t\t<\/li>\n\t\t\t<li>\n\t\t\t\t<h4><img decoding=\"async\" src=\"\/wp-content\/themes\/monolith_en\/img\/practices\/practices_1_2.svg\" alt=\"2.IT ve Fikri M\u00fclkiyet Hukuku\"><\/h4>\n\t\t\t\t<img decoding=\"async\" src=\"\/wp-content\/themes\/monolith2021\/img\/practices\/practices_1_2_pic.png\" alt=\"IT ve Fikri M\u00fclkiyet Hukuku\">\n\t\t\t\t<p>Temsilci Avukat\u0131m\u0131z ve eski m\u00fchendis Toki Kawase, \u015firketinizin \u00fcr\u00fcnlerini derinlemesine anlamak i\u00e7in zaman zaman kodlar\u0131 bizzat okuyarak \u00e7al\u0131\u015fmalar yapmaktad\u0131r.<\/p>\n\t\t\t<\/li>\n\t\t\t<li>\n\t\t\t\t<h4><img decoding=\"async\" src=\"\/wp-content\/themes\/monolith_en\/img\/practices\/practices_1_3.svg\" alt=\"3.H\u0131z\"><\/h4>\n\t\t\t\t<img decoding=\"async\" src=\"\/wp-content\/themes\/monolith2021\/img\/practices\/practices_1_3_pic.png\" alt=\"H\u0131z\">\n\t\t\t\t<p>\u0130\u015fletmeniz ve \u015firketiniz i\u00e7in h\u0131zl\u0131 yan\u0131t s\u00fcresinin \u00f6nemini anl\u0131yoruz. Genel bir kural olarak, bir i\u015f g\u00fcn\u00fc i\u00e7inde yan\u0131t veriyoruz.<\/p>\n\t\t\t<\/li>\n\t\t\t<li>\n\t\t\t\t<h4><img decoding=\"async\" src=\"\/wp-content\/themes\/monolith_en\/img\/practices\/practices_1_4.svg\" alt=\"4.K\u00fc\u00e7\u00fck ve Orta \u00d6l\u00e7ekli \u0130\u015fletmelerin Hukuki \u0130\u015fleri\"><\/h4>\n\t\t\t\t<img decoding=\"async\" src=\"\/wp-content\/themes\/monolith2021\/img\/practices\/practices_1_4_pic.png\" alt=\"K\u00fc\u00e7\u00fck ve Orta \u00d6l\u00e7ekli \u0130\u015fletmelerin Hukuki \u0130\u015fleri\">\n\t\t\t\t<p>Kurucu avukat\u0131m\u0131z\u0131n \u015firket y\u00f6netimi konusunda deneyimi bulunmakta ve y\u00f6netim zorluklar\u0131n\u0131 deneyimlerinden biliyor.<\/p>\n\t\t\t<\/li>\n\t\t<\/ol>\n\t\t<div class=\"btn-area\">\n\t\t\t<div class=\"btn icon-general-corporate\"><a href=\"\/tr\/general-corporate\">Genel Kurumsal Hukuk<\/a><\/div>\n\t\t<\/div>\n\t<\/div>\n<\/section>\n<section class=\"purple-section\">\n\t<div class=\"anchor\" id=\"it\"><\/div>\n\t<div class=\"section-inner\">\n\t\t<div class=\"flex mgb-middle\">\n\t\t\t<div class=\"width41\"><img decoding=\"async\" src=\"\/wp-content\/themes\/monolith2021\/img\/pic\/pic_practices-itlaw.jpg\" alt=\"IT\"><\/div>\n\t\t\t<div class=\"width51\">\n\t\t\t\t<div class=\"inline-inner\">\n\t\t\t\t\t<h3>IT<\/h3>\n\t\t\t\t\t<p class=\" mgb-middle\">IT \u015firketleri i\u00e7in avukatlar\u0131n, \u015firketin g\u00fcnl\u00fck i\u015fleriyle ilgili IT ve fikri m\u00fclkiyetle alakal\u0131 teknolojiyi ve operasyonlar\u0131 anlamas\u0131 \u00f6nemlidir. <br>MONOLITH LAW OFFICE, IT \u015firketleri i\u00e7in hukuki dan\u0131\u015fmanl\u0131k ve ba\u015f hukuk m\u00fc\u015favirli\u011fi g\u00f6revi \u00fcstlenerek, Japonya&#8217;da sistem geli\u015ftirme, uygulama ve hizmetler i\u00e7in kullan\u0131m \u015fartlar\u0131n\u0131n s\u00fcrd\u00fcr\u00fclmesi, medya y\u00f6netimi, pazarlama operasyonlar\u0131, blockchain, AI, ki\u015fisel bilgi korumas\u0131 ve IP ile ilgili hukuki i\u015fler gibi uzmanla\u015fm\u0131\u015f ve karma\u015f\u0131k IT ile ilgili hukuki i\u015fleri ele al\u0131r.<\/p>\n\t\t\t\t<\/div>\n\t\t\t<\/div>\n\t\t<\/div>\n\t\t<ul class=\"layout-column4 mgb-big\">\n\t\t\t<li>\n\t\t\t\t<div><img decoding=\"async\" src=\"\/wp-content\/themes\/monolith2021\/img\/practices-itlaw\/practices-itlaw_pic1.jpg\"><\/div>\n\t\t\t\t<h4>Sistem Geli\u015ftirme<\/h4>\n\t\t\t\t<p>S\u00f6zle\u015fmelerin tasarlanmas\u0131ndan, revize edilmesinden ve m\u00fczakerelerine kadar, sorunlar ortaya \u00e7\u0131kt\u0131\u011f\u0131nda uyu\u015fmazl\u0131klar\u0131n \u00e7\u00f6z\u00fclmesine kadar geni\u015f bir yelpazede hizmet sunar\u0131z.<\/p>\n\t\t\t<\/li>\n\t\t\t<li>\n\t\t\t\t<div><img decoding=\"async\" src=\"\/wp-content\/themes\/monolith2021\/img\/practices-itlaw\/practices-itlaw_pic2.jpg\"><\/div>\n\t\t\t\t<h4>Kullan\u0131m Ko\u015fullar\u0131<\/h4>\n\t\t\t\t<p>Yay\u0131mlanma veya i\u015fletme i\u00e7in gerekli olan \u015fartlar ve gizlilik politikalar\u0131n\u0131n olu\u015fturulmas\u0131 ve de\u011fi\u015ftirilmesi.<\/p>\n\t\t\t<\/li>\n\t\t\t<li>\n\t\t\t\t<div><img decoding=\"async\" src=\"\/wp-content\/uploads\/2023\/05\/oss.jpg\"><\/div>\n\t\t\t\t<h4>OSS<\/h4>\n\t\t\t\t<p>Lisans tasar\u0131m\u0131 ve lisans anla\u015fmalar\u0131 da dahil olmak \u00fczere yaz\u0131l\u0131m\u0131n anla\u015f\u0131lmas\u0131na dayal\u0131 \u00e7e\u015fitli destek t\u00fcrleri sa\u011flar\u0131z.<\/p>\n\t\t\t<\/li>\n\t\t\t<li>\n\t\t\t\t<div><img decoding=\"async\" src=\"\/wp-content\/uploads\/2022\/07\/shutterstock_1151380622_2.png\"><\/div>\n\t\t\t\t<h4>Kripto Varl\u0131klar<\/h4>\n\t\t\t\t<p>Fon toplama, i\u00e7erik i\u015fletmeleri ve NFT&#8217;ler de dahil olmak \u00fczere blockchain ile ilgili i\u015fletmeler i\u00e7in hukuki perspektiften destek sa\u011flar\u0131z.<\/p>\n\t\t\t<\/li>\n\t\t<\/ul>\n\t\t<div class=\"btn-area\">\n\t\t\t<div class=\"btn icon-it\"><a href=\"\/tr\/it\">IT<\/a><\/div>\n\t\t<\/div>\n\t<\/div>\n<\/section>\n<section class=\"white-section\">\n\t<div class=\"anchor\" id=\"cross-border\"><\/div>\n\t<div class=\"section-inner\">\n\t\t<div class=\"flex reverse\">\n\t\t\t<div class=\"width41\"><img decoding=\"async\" src=\"\/en\/wp-content\/uploads\/sites\/6\/2023\/06\/global.jpg\" alt=\"Cross Border\"><\/div>\n\t\t\t<div class=\"width51\">\n\t\t\t\t<div class=\"inline-inner\">\n\t\t\t\t\t<h3>Uluslararas\u0131<\/h3>\n\t\t\t\t\t<p class=\"mgb-small\">MONOLITH LAW OFFICE, Japon pazar\u0131na giri\u015f yapmak isteyen yabanc\u0131 \u015firketlere geni\u015f bir yelpazede hukuki hizmetler sunmakta uzmanla\u015fm\u0131\u015ft\u0131r. IT ve start-up alanlar\u0131nda uzmanla\u015fm\u0131\u015f deneyimli avukatlar\u0131m\u0131z, lisans anla\u015fmalar\u0131, fikri m\u00fclkiyet haklar\u0131, veri gizlili\u011fi uyumu, s\u00f6zle\u015fme m\u00fczakereleri ve hukuki risk y\u00f6netimi konular\u0131nda destek sa\u011flamaktad\u0131r.<\/p>\n\t\t\t\t\t<p class=\"mgb-small\">Ayr\u0131ca, start-up&#8217;lara fon toplama, yat\u0131r\u0131m anla\u015fmalar\u0131 ve halka arzlar konusunda yard\u0131mc\u0131 olmakta, stratejik hukuki destekle b\u00fcy\u00fcmelerini ve ba\u015far\u0131lar\u0131n\u0131 s\u00fcrd\u00fcrmekteyiz. Ekibimiz, her i\u015fletmenin benzersiz \u00f6zelliklerini ve hedeflerini anlayarak, uluslararas\u0131 bir perspektifle yerel i\u00e7g\u00f6r\u00fclerin birle\u015fti\u011fi \u00f6zelle\u015ftirilmi\u015f tavsiyeler ve \u00e7\u00f6z\u00fcmler sunmaktad\u0131r.<\/p>\n\t\t\t\t\t<p class=\"mgb-small\">Japonya&#8217;da ba\u015far\u0131l\u0131 bir geni\u015fleme i\u00e7in hukuki problem \u00e7\u00f6zme hayati \u00f6nem ta\u015f\u0131maktad\u0131r. \u0130\u015fletmenizin Japon pazar\u0131nda nas\u0131l geli\u015febilece\u011fini tart\u0131\u015fmak i\u00e7in bizimle ileti\u015fime ge\u00e7in.<\/p>\n\t\t\t\t<\/div>\n\t\t\t<\/div>\n\t\t<\/div>\n\t\t<div class=\"max-width980 mgb-small\"><img decoding=\"async\" src=\"\/wp-content\/uploads\/2023\/05\/global_map.png\" alt=\"Desteklenen \u00dclkeler\"><\/div>\n\t\t<div class=\"frame2 max-width860 mgb-big txt-center-pc\">\n\t\t\t<p>K\u00fcresel Hukuki Hizmetler: S\u0131n\u0131rlar\u0131n \u00d6tesinde Uzmanl\u0131k ve Eri\u015fim. G\u00fcvenilir ortak firmalar arac\u0131l\u0131\u011f\u0131yla d\u00fcnya \u00e7ap\u0131nda kapsaml\u0131 yard\u0131m. Uluslararas\u0131 hukuki ihtiya\u00e7lar\u0131n\u0131z i\u00e7in bizimle ileti\u015fime ge\u00e7in.<\/p>\n\t\t<\/div>\n\t\t<div class=\"btn-area\">\n\t\t\t<div class=\"btn icon-cross-border\"><a href=\"\/tr\/cross-border\">Uluslararas\u0131<\/a><\/div>\n\t\t<\/div>\n\t<\/div>\n<\/section>\n\n<section class=\"orange-section\">\n\t<div class=\"anchor\" id=\"internet\"><\/div>\n\t<div class=\"section-inner\">\n\t\t<div class=\"flex mgb-middle\">\n\t\t\t<div class=\"width41\"><img decoding=\"async\" src=\"\/en\/wp-content\/uploads\/sites\/6\/2023\/06\/internet.jpg\" alt=\"Internet\"><\/div>\n\t\t\t<div class=\"width51\">\n\t\t\t\t<h3>\u0130nternet<\/h3>\n\t\t\t\t<p class=\"mgb-small\">MONOLITH LAW OFFICE, IT ile ilgili hukuki meselelerde geni\u015f deneyime sahip olup, YouTuber&#8217;lar ve YouTube ile ilgili faaliyetlerde bulunan \u015firketler de dahil olmak \u00fczere internet tabanl\u0131 i\u015fletmeleri destekleme konusunda \u00f6zellikle uzmand\u0131r.<\/p>\n\t\t\t\t<p class=\"mgb-middle\">\u0130nternetle ili\u015fkili do\u011fal riskleri, \u00f6rne\u011fin olumsuz web sayfalar\u0131 ve \u00e7evrimi\u00e7i forum g\u00f6nderilerini anl\u0131yoruz. Firmam\u0131z, bireylerden b\u00fcy\u00fck \u015firketlere kadar \u00e7e\u015fitli m\u00fc\u015fteriler i\u00e7in \u00e7evrimi\u00e7i itibar y\u00f6netimiyle ilgili say\u0131s\u0131z davay\u0131 ba\u015far\u0131yla ele alm\u0131\u015ft\u0131r. Japonya&#8217;da olumsuz web sayfalar\u0131 benzersiz bir hukuki meydan okuma sunmakta ve nitelikli avukatlar\u0131m\u0131z etkili \u00e7\u00f6z\u00fcmler sunmak i\u00e7in donan\u0131ml\u0131d\u0131r. Olumsuz web sayfalar\u0131yla ilgili sorunlar\u0131 \u00e7\u00f6zme konusundaki uzmanl\u0131k ve deneyimimizi kullanarak sizinle g\u00f6r\u00fc\u015fmeyi sab\u0131rs\u0131zl\u0131kla bekliyoruz.<\/p>\n\t\t\t<\/div>\n\t\t<\/div>\n\t\t<ul class=\"layout-column4 mgb-big\">\n\t\t\t<li>\n\t\t\t\t<div><img decoding=\"async\" src=\"\/wp-content\/themes\/monolith2021\/img\/pic\/pic_practices-youtuberlaw.jpg\" alt=\"YouTuber\"><\/div>\n\t\t\t\t<h4>YouTuber<\/h4>\n\t\t\t\t<p>\u0130nfluencer y\u00f6netimi konusunda uzmanl\u0131k. Japon hukukunu ve s\u00fcrekli geli\u015fen internet ortam\u0131n\u0131 anl\u0131yoruz. En \u00fcst d\u00fczey YouTuber ajanslar\u0131, VTuber \u015firketleri ve yarat\u0131c\u0131lar taraf\u0131ndan g\u00fcveniliriz. Japonya&#8217;da s\u00f6zle\u015fmeler ve video ile ilgili konularda \u00f6zel hukuki destek sunuyoruz.<\/p>\n\t\t\t<\/li>\n\t\t\t<li>\n\t\t\t\t<div><img decoding=\"async\" src=\"\/wp-content\/themes\/monolith2021\/img\/pic\/pic_sns_manda.jpg\" alt=\"M&#038;A of SNS\"><\/div>\n\t\t\t\t<h4>SNS M&#038;A<\/h4>\n\t\t\t\t<p>Sosyal medya M&#038;A konusunda uzmanl\u0131k. Hukuk b\u00fcromuz, YouTube ve Twitter hesap i\u015flemlerinin benzersiz do\u011fas\u0131n\u0131 anl\u0131yor. G\u00fc\u00e7l\u00fc IT ve internet bilgisiyle, s\u00f6zle\u015fmeler, due diligence ve hukuki y\u00f6nlerde kapsaml\u0131 destek sa\u011fl\u0131yoruz. Dijital varl\u0131klar\u0131n\u0131z\u0131n de\u011ferini korumak ve maksimize etmek i\u00e7in bize g\u00fcvenin.<\/p>\n\t\t\t<\/li>\n\t\t\t<li>\n\t\t\t\t<div><img decoding=\"async\" src=\"\/wp-content\/themes\/monolith2021\/img\/pic\/pic_practices-reputation.jpg\" alt=\"Negative Web Pages\"><\/div>\n\t\t\t\t<h4>Olumsuz Web Sayfalar\u0131<\/h4>\n\t\t\t\t<p>\u00c7evrimi\u00e7i sald\u0131r\u0131lara kar\u015f\u0131 savunma. \u0130nternet hukuku konusunda uzmanla\u015fm\u0131\u015f olan firmam\u0131z, itibar\u0131 zarar veren zararl\u0131 web sayfalar\u0131n\u0131 kald\u0131r\u0131r. Kurumlar ve bireyler taraf\u0131ndan g\u00fcvenilen firmam\u0131z, \u00e7evrimi\u00e7i varl\u0131\u011f\u0131n\u0131z\u0131 ve itibar\u0131n\u0131z\u0131 korumak i\u00e7in stratejik hukuki m\u00fcdahaleler ve kapsaml\u0131 \u00e7\u00f6z\u00fcmler sunar.<\/p>\n\t\t\t<\/li>\n\t\t\t<li>\n\t\t\t\t<div><img decoding=\"async\" src=\"\/wp-content\/themes\/monolith2021\/img\/pic\/pic_reputation.jpg\" alt=\"Identification of Posters\"><\/div>\n\t\t\t\t<h4>Posterlar\u0131n Kimli\u011finin Belirlenmesi<\/h4>\n\t\t\t\t<p>Yasad\u0131\u015f\u0131 g\u00f6nderilerden sorumlu ki\u015filerin kimli\u011finin belirlenmesi. MONOLITH LAW OFFICE, internet hukuku konusunda uzmanla\u015fm\u0131\u015ft\u0131r ve olumsuz \u00e7evrimi\u00e7i i\u00e7erikle ilgili davalarda geni\u015f deneyime sahiptir. Hukuki s\u00fcre\u00e7leri, adaleti sa\u011flamak ve m\u00fc\u015fterilerimizin \u00e7\u0131karlar\u0131n\u0131 korumak i\u00e7in y\u00f6nlendiriyoruz.<\/p>\n\t\t\t<\/li>\n\t\t<\/ul>\n\t\t<div class=\"btn-area\">\n\t\t\t<div class=\"btn icon-internet\"><a href=\"\/tr\/internet\">Internet<\/a><\/div>\n\t\t<\/div>\n\t<\/div>\n<\/section>\n","protected":false},"excerpt":{"rendered":"<p>Hizmetler Y\u00f6netici avukat\u0131m\u0131z\u0131n IT m\u00fchendisi olarak ge\u00e7mi\u015fi ve IT \u015firketlerini y\u00f6netme deneyimi ile MONOLITH LAW OFFICE, IT, i\u015f ve \u0130nternet alanlar\u0131nda uzmanla\u015fm\u0131\u015f Japonya&#8217;n\u0131n \u00f6nde gelen hukuk f [&hellip;]<\/p>\n","protected":false},"author":1,"featured_media":57138,"parent":0,"menu_order":4,"comment_status":"closed","ping_status":"closed","template":"practices-page-temp.php","meta":{"footnotes":""},"acf":[],"_links":{"self":[{"href":"https:\/\/monolith.law\/tr\/wp-json\/wp\/v2\/pages\/4213"}],"collection":[{"href":"https:\/\/monolith.law\/tr\/wp-json\/wp\/v2\/pages"}],"about":[{"href":"https:\/\/monolith.law\/tr\/wp-json\/wp\/v2\/types\/page"}],"author":[{"embeddable":true,"href":"https:\/\/monolith.law\/tr\/wp-json\/wp\/v2\/users\/1"}],"replies":[{"embeddable":true,"href":"https:\/\/monolith.law\/tr\/wp-json\/wp\/v2\/comments?post=4213"}],"version-history":[{"count":114,"href":"https:\/\/monolith.law\/tr\/wp-json\/wp\/v2\/pages\/4213\/revisions"}],"predecessor-version":[{"id":62796,"href":"https:\/\/monolith.law\/tr\/wp-json\/wp\/v2\/pages\/4213\/revisions\/62796"}],"wp:featuredmedia":[{"embeddable":true,"href":"https:\/\/monolith.law\/tr\/wp-json\/wp\/v2\/media\/57138"}],"wp:attachment":[{"href":"https:\/\/monolith.law\/tr\/wp-json\/wp\/v2\/media?parent=4213"}],"curies":[{"name":"wp","href":"https:\/\/api.w.org\/{rel}","templated":true}]}}