{"id":4232,"date":"2023-11-11T23:40:45","date_gmt":"2023-11-11T14:40:45","guid":{"rendered":"https:\/\/monolith.law\/?page_id=4232"},"modified":"2024-01-17T18:34:11","modified_gmt":"2024-01-17T09:34:11","slug":"greetings-from-the-managing-attorney","status":"publish","type":"page","link":"https:\/\/monolith.law\/tr\/greetings-from-the-managing-attorney","title":{"rendered":"Y\u00f6netici Avukattan Selamlar"},"content":{"rendered":"\n<section class=\"heading-area\">\n\t<div class=\"heading-area-inner\">\n\t\t<h2 class=\"icon-greetings-from-the-managing-attorney\">Y\u00f6netici Avukattan Selamlar<\/h2>\n\t<\/div>\n<\/section>\n\n<section class=\"white-section\">\n\t<div class=\"section-inner section-inner-bottomhalf pdt0 border-bottom-section\">\n\t\t<div class=\"tagline\">\n\t\t\t<div class=\"textArea\">\n\t\t\t\t<p>Bilgi teknolojisinin g\u00fcc\u00fcn\u00fc kullanmak, insanl\u0131k tarihinde dinamitin etkisiyle kar\u015f\u0131la\u015ft\u0131r\u0131labilir bir devrim yaratm\u0131\u015ft\u0131r,<br class=\"pcOnly\"> \u00f6zellikle \u0130nternet, evrimin seyrini h\u0131zla d\u00f6n\u00fc\u015ft\u00fcrm\u00fc\u015f,<br class=\"pcOnly\"> insanl\u0131\u011f\u0131 benzeri g\u00f6r\u00fclmemi\u015f bir h\u0131zla ileriye ta\u015f\u0131m\u0131\u015ft\u0131r.<br>Ancak b\u00fcy\u00fck g\u00fc\u00e7, b\u00fcy\u00fck riskler de getirir.<\/p>\n\t\t\t\t<p>MONOLITH LAW OFFICE olarak, zaman\u0131m\u0131z\u0131n G\u00fc\u00e7lerini i\u015fletmelere tehdit olarak de\u011fil,<br class=\"pcOnly\"> onlar\u0131n devrimci evrimi i\u00e7in bir kataliz\u00f6r olarak kullan\u0131lmas\u0131n\u0131 sa\u011flaman\u0131n bizim sorumlulu\u011fumuz oldu\u011funa inan\u0131yoruz.<br>Yenilik\u00e7i ve ileri g\u00f6r\u00fc\u015fl\u00fc bir ekip olmay\u0131 hedefleyerek, \u015firketlerin bilgi teknolojisinin tam potansiyelini a\u00e7\u0131\u011fa \u00e7\u0131karmalar\u0131n\u0131 sa\u011flayacak hukuki rehberlik<br class=\"pcOnly\"> ve destek sunuyoruz.<\/p>\n\t\t\t\t<p>Misyonumuz, karma\u015f\u0131k hukuki manzarada yol g\u00f6stererek i\u015fletmelerin IT&#8217;yi en iyi \u015fekilde kullanmalar\u0131n\u0131 sa\u011flamakt\u0131r. Dijital \u00e7a\u011f\u0131n sundu\u011fu f\u0131rsatlar\u0131 benimseyerek, m\u00fc\u015fterilerimizin i\u015fletmelerinin d\u00f6n\u00fc\u015ft\u00fcr\u00fcc\u00fc b\u00fcy\u00fcmesini kolayla\u015ft\u0131rmay\u0131 hedefliyoruz.<\/p>\n\t\t\t\t<p class=\"txt-l\">IT&#8217;yi Evrimle\u015ftirmek<\/p>\n\t\t\t\t<p>MONOLITH LAW OFFICE<\/p>\n\t\t\t<\/div>\n\t\t\t<div class=\"logo\"><img decoding=\"async\" src=\"\/wp-content\/themes\/monolith2021\/img\/logo.svg\" alt=\"MONOLITH LAW OFFICE\"><\/div>\n\t\t<\/div>\n\t<\/div>\n<\/section>\n\n<section class=\"second-nav\">\n\t<div class=\"second-nav-inner\">\n\t\t<p>KONULAR<\/p>\n\t\t<nav>\n\t\t\t<ul>\n\t\t\t\t<li><a href=\"#law-firm-led-by-former-it-engineer-turned-lawyer-with-corporate-management-experience\">Kurumsal Y\u00f6netim Deneyimine Sahip Eski IT M\u00fchendisi Taraf\u0131ndan Y\u00f6netilen Hukuk B\u00fcrosu<\/a><\/li>\n\t\t\t\t<li><a href=\"#a-law-firm-emphasizing-it-internet-and-business-expertise\">IT, \u0130nternet ve \u0130\u015f Uzmanl\u0131\u011f\u0131na Vurgu Yapan Hukuk B\u00fcrosu<\/a><\/li>\n\t\t\t\t<li><a href=\"#corporate-law-and-it-legal-expertise\">Kurumsal Hukuk ve IT Hukuki Uzmanl\u0131\u011f\u0131<\/a><\/li>\n\t\t\t\t<li><a href=\"#a-team-of-lawyers-and-it-consultants\">Avukatlar ve IT Dan\u0131\u015fmanlar\u0131ndan Olu\u015fan Bir Ekip<\/a><\/li>\n\t\t\t<\/ul>\n\t\t<\/nav>\n\t<\/div>\n<\/section>\n\n<section class=\"white-section\">\n\t<div class=\"anchor\" id=\"law-firm-led-by-former-it-engineer-turned-lawyer-with-corporate-management-experience\"><\/div>\n\t<div class=\"section-inner\">\n\t\t<div class=\"flex\">\n\t\t\t<div class=\"width41\"><img decoding=\"async\" src=\"\/wp-content\/uploads\/2023\/06\/message_1.jpg\" alt=\"Kurumsal Y\u00f6netim Deneyimine Sahip Eski IT M\u00fchendisi Taraf\u0131ndan Y\u00f6netilen Hukuk B\u00fcrosu\"><\/div>\n\t\t\t<div class=\"width51\">\n\t\t\t\t<h3>IT M\u00fchendisi Olarak Ba\u015flay\u0131p Kurumsal Y\u00f6netim Deneyimi Kazanan Avukat Taraf\u0131ndan Y\u00f6netilen Hukuk B\u00fcrosu<\/h3>\n\t\t\t\t<p class=\"font-h3 txt-right mgb-middle\">Y\u00f6netici Avukat: Toki Kawase<\/p>\n\t\t\t\t<p class=\"mgb-small\">K\u00fc\u00e7\u00fck ya\u015flar\u0131mdan itibaren bilgisayar ve teknolojiye b\u00fcy\u00fck bir tutkuyla ba\u011fland\u0131m ve bu beni &#8220;bilgisayar kurdu&#8221; yapm\u0131\u015ft\u0131. Ergenlik y\u0131llar\u0131m ve gen\u00e7 yeti\u015fkinlik d\u00f6nemim boyunca IT d\u00fcnyas\u0131na dald\u0131m, kendi i\u015fimi kurarak de\u011ferli deneyimler kazand\u0131m.<\/p>\n\t\t\t\t<p class=\"mgb-small\">\u0130lk PC&#8217;m &#8220;MSX 2+&#8221; ile programlamaya ba\u015flad\u0131\u011f\u0131m ilkokul y\u0131llar\u0131nda bu yolculu\u011fum ba\u015flad\u0131. Ortaokulda okulun bilgisayar tak\u0131m\u0131na bile kat\u0131ld\u0131m ve programlamaya olan tutkumu daha da alevlendirdim. \u00dcniversite y\u0131llar\u0131mda bir \u015firket i\u00e7in web sitesi olu\u015fturma f\u0131rsat\u0131 do\u011fdu ve bu, kariyerimde bir d\u00f6n\u00fcm noktas\u0131 oldu. Bu giri\u015fimin esnekli\u011fi ve mali \u00f6d\u00fclleri, web geli\u015ftirme, web hizmeti olu\u015fturma ve SEO optimizasyonu gibi \u00e7e\u015fitli IT ile ilgili i\u015fleri ke\u015ffetmeme yol a\u00e7t\u0131.<\/p>\n\t\t\t\t<p class=\"mgb-small\">Bu d\u00f6nemde, IT alan\u0131nda gen\u00e7 profesyoneller taraf\u0131ndan y\u00f6netilen giri\u015fimler ivme kazan\u0131yordu ve ben kendimi giri\u015fimcilik d\u00fcnyas\u0131n\u0131n dinamik ve h\u0131zla geli\u015fen ortam\u0131na tamamen kapt\u0131rm\u0131\u015ft\u0131m. Durmaks\u0131z\u0131n \u00e7al\u0131\u015farak, hem yurt i\u00e7i hem de s\u0131n\u0131r \u00f6tesi projelerde yer ald\u0131m, uluslararas\u0131 ortaklarla i\u015fbirli\u011fi yapt\u0131m ve s\u00fcrekli de\u011fi\u015fen ortama uyum sa\u011flad\u0131m.<\/p>\n\t\t\t\t<p class=\"mgb-small\">Ancak yirmili ya\u015flar\u0131m\u0131n sonunda hayat\u0131m\u0131 de\u011fi\u015ftirecek bir karar ald\u0131m. IT i\u015fimi ba\u015fkalar\u0131na devrettim ve yeni bir yola \u00e7\u0131kt\u0131m. Teknik uzmanl\u0131\u011f\u0131m\u0131 hukuki bilgiyle birle\u015ftirmeyi hedefleyerek hukuk fak\u00fcltesine kaydoldum. Bug\u00fcn, bir avukat ve eski bir IT m\u00fchendisi olarak, kurumsal y\u00f6netim deneyimine sahip MONOLITH LAW OFFICE&#8217;\u0131 y\u00f6netiyorum ve IT end\u00fcstrisinin inceliklerini anlayarak kapsaml\u0131 hukuki hizmetler sunuyorum.<\/p>\n\t\t\t\t<p>Firmam\u0131zda, m\u00fc\u015fterilerimize etkili rehberlik ve destek sa\u011flamak i\u00e7in benzersiz IT bilgisi ve hukuki uzmanl\u0131k kar\u0131\u015f\u0131m\u0131m\u0131z\u0131 kullan\u0131yoruz. Dijital \u00e7a\u011fda ortaya \u00e7\u0131kan zorluklar\u0131 ve f\u0131rsatlar\u0131 anl\u0131yoruz ve i\u015fletmelerin hukuki manzarada yol almas\u0131na ve hedeflerine ula\u015fmas\u0131na yard\u0131mc\u0131 olmaya adanm\u0131\u015f durumday\u0131z.<\/p>\n\t\t\t<\/div>\n\t\t<\/div>\n\t<\/div>\n<\/section>\n\n<section class=\"purple-section\">\n\t<div class=\"anchor\" id=\"a-law-firm-emphasizing-it-internet-and-business-expertise\"><\/div>\n\t<div class=\"section-inner\">\n\t\t<div class=\"flex reverse\">\n\t\t\t<div class=\"width41\"><img decoding=\"async\" src=\"\/wp-content\/uploads\/2023\/06\/message_2.jpg\" alt=\"IT, \u0130nternet ve \u0130\u015f Uzmanl\u0131\u011f\u0131na Vurgu Yapan Hukuk B\u00fcrosu\"><\/div>\n\t\t\t<div class=\"width51\">\n\t\t\t\t<h3>IT, \u0130nternet ve \u0130\u015f Hukuku Uzmanl\u0131\u011f\u0131na Vurgu Yapan Bir Hukuk B\u00fcrosu<\/h3>\n\t\t\t\t<p class=\"mgb-small\">\u0130nsanlar genellikle IT i\u015fletmecili\u011finden avukatl\u0131\u011fa ge\u00e7i\u015fimi tam bir 180 derece d\u00f6n\u00fc\u015f olarak alg\u0131larlar. Ancak, bu de\u011fi\u015fikli\u011fin g\u00f6r\u00fcnd\u00fc\u011f\u00fc kadar keskin olmad\u0131\u011f\u0131n\u0131 d\u00fc\u015f\u00fcn\u00fcyorum.<\/p>\n\t\t\t\t<p class=\"mgb-small\">Ge\u00e7mi\u015fime bakt\u0131\u011f\u0131mda, bir bilim odakl\u0131 IT m\u00fchendisi olarak bile, insani bilimlerle ilgili d\u00fc\u015f\u00fcnmeye do\u011fal bir e\u011filimim oldu\u011funu fark ediyorum. \u0130\u015f d\u00fcnyas\u0131na olan ilgim, beni geleneksel bir IT m\u00fchendisi olarak kariyer yapmak yerine giri\u015fimcili\u011fe y\u00f6nlendirdi.<\/p>\n\t\t\t\t<p class=\"mgb-small\">Bug\u00fcn bir avukat olarak, geleneksel olarak insani bilimlerle ili\u015fkilendirilen bir alanda bilimsel d\u00fc\u015f\u00fcnme konusunda uzman birisiyim. Bu ge\u00e7mi\u015fim, IT, \u0130nternet ve i\u015f konular\u0131nda g\u00fc\u00e7l\u00fc bir vurgu yapan MONOLITH LAW OFFICE&#8217;\u0131n y\u00f6netici avukat\u0131 olarak beni konumland\u0131r\u0131yor.<\/p>\n\t\t\t\t<p class=\"mgb-big\">Kariyerim tipik bir IT m\u00fchendisinin kariyerinden farkl\u0131 olabilir, ancak IT m\u00fchendisinden avukata ge\u00e7i\u015fimi tam bir d\u00f6n\u00fc\u015f yerine, belki birka\u00e7 d\u00fczine derece olarak daha kademeli bir ge\u00e7i\u015f olarak g\u00f6r\u00fcyorum. Asl\u0131nda, bu ge\u00e7i\u015fi, IT, \u0130nternet ve i\u015f sekt\u00f6rlerindeki m\u00fc\u015fterilerimize hizmet verirken benzersiz beceri ve bilgi birikimimi daha iyi kullanmama olanak tan\u0131yan do\u011fal bir ilerleme olarak alg\u0131l\u0131yorum.<\/p>\n\t\t\t\t<div class=\"btn-area align-left\">\n\t\t\t\t\t<div class=\"btn icon-services\"><a href=\"\/tr\/services\">Hizmetler<\/a><\/div>\n\t\t\t\t<\/div>\n\t\t\t<\/div>\n\t\t<\/div>\n\t<\/div>\n<\/section>\n\n<section class=\"white-section\">\n\t<div class=\"anchor\" id=\"corporate-law-and-it-legal-expertise\"><\/div>\n\t<div class=\"section-inner\">\n\t\t<div class=\"flex\">\n\t\t\t<div class=\"width41\"><img decoding=\"async\" src=\"\/wp-content\/uploads\/2023\/06\/message_3.jpg\" alt=\"Kurumsal Hukuk ve IT Hukuku Uzmanl\u0131\u011f\u0131\"><\/div>\n\t\t\t<div class=\"width51\">\n\t\t\t\t<h3>Kurumsal Hukuk ve IT Hukuki Uzmanl\u0131\u011f\u0131<\/h3>\n\t\t\t\t<p class=\"mgb-small\">MONOLITH LAW OFFICE&#8217;da \u00e7ift y\u00f6nl\u00fc bir rol \u00fcstleniyorum. \u0130lk olarak, IT \u015firketlerine ve start-up&#8217;lara dan\u0131\u015fman olarak kurumsal hukuk deste\u011fi sa\u011fl\u0131yorum. IT sekt\u00f6r\u00fcn\u00fcn inceliklerini ve start-up&#8217;lar\u0131n kar\u015f\u0131la\u015ft\u0131\u011f\u0131 benzersiz zorluklar\u0131 anlamak, onlar\u0131n ihtiya\u00e7lar\u0131na \u00f6zel etkili hukuki hizmetler sunabilmek i\u00e7in \u015fartt\u0131r. IT ve start-up ortamlar\u0131nda do\u011frudan deneyime ve uzmanl\u0131\u011fa sahip olarak, bu m\u00fc\u015fterilere ola\u011fan\u00fcst\u00fc hukuki yard\u0131m sunmaya haz\u0131r\u0131m.<\/p>\n\t\t\t\t<p class=\"mgb-small\">\u0130kinci olarak, IT ile ilgili hukuki konularda rehberlik gerektiren \u00e7e\u015fitli end\u00fcstrilerden \u015firketlere dan\u0131\u015fmanl\u0131k hizmetleri sunan IT ve hukuk uzmanlar\u0131ndan olu\u015fan bir ekip i\u00e7inde \u00e7al\u0131\u015f\u0131yorum. Ekibimiz, her m\u00fc\u015fterinin \u00f6zel gereksinimlerini kar\u015f\u0131layacak en uygun \u00e7\u00f6z\u00fcmleri olu\u015fturup sunmak i\u00e7in IT ve hukuk alan\u0131ndaki kolektif bilgimizi kullan\u0131yor.<\/p>\n\t\t\t\t<p class=\"mgb-small\">Geleneksel hukuki hizmetler genellikle talep \u00fczerine dava a\u00e7ma gibi belirli \u00fcr\u00fcnler sunmaya odaklan\u0131rken, sunulan \u00e7\u00f6z\u00fcmlerin ger\u00e7ekten m\u00fc\u015fterinin ihtiya\u00e7lar\u0131n\u0131 kar\u015f\u0131lamas\u0131n\u0131n \u00f6nemini kabul ediyorum. M\u00fc\u015fterinin benzersiz zorluklar\u0131n\u0131 etkili bir \u015fekilde ele alacak bir \u00e7\u00f6z\u00fcm tasarlamas\u0131na tamamen g\u00fcvenebilir miyiz? Bunlar g\u00f6z \u00f6n\u00fcnde bulundurdu\u011fum kritik hususlard\u0131r.<\/p>\n\t\t\t\t<p class=\"mgb-small\">\u00d6rne\u011fin, Japonya&#8217;da halka arz (IPO) deste\u011fini ele alal\u0131m. Uyumlulu\u011fu sa\u011flamak i\u00e7in, \u015firketler i\u015flemlerini etkileyebilecek Japon yasalar\u0131ndaki ve d\u00fczenlemelerindeki t\u00fcm potansiyel de\u011fi\u015fiklikleri kapsaml\u0131 bir \u015fekilde incelemeli ve uygun eylemleri almal\u0131d\u0131r. Ancak, k\u00fc\u00e7\u00fck de\u011fi\u015fiklikler dahil olmak \u00fczere say\u0131s\u0131z de\u011fi\u015fikli\u011fi takip etmek, avukatlar i\u00e7in g\u00fcnl\u00fck i\u015flerinde zorlay\u0131c\u0131 olabilir.<\/p>\n\t\t\t\t<p>Bir IT ve hukuk uzman\u0131 olarak, bu karma\u015f\u0131k sorunlar\u0131 etkili bir \u015fekilde ele almak i\u00e7in IT&#8217;nin ve hukukun g\u00fcc\u00fcn\u00fc birle\u015ftiren &#8220;\u00e7\u00f6z\u00fcmler&#8221; sunmay\u0131 hedefliyorum.<\/p>\n\t\t\t<\/div>\n\t\t<\/div>\n\t<\/div>\n<\/section>\n\n<section class=\"orange-section\">\n\t<div class=\"anchor\" id=\"a-team-of-lawyers-and-it-consultants\"><\/div>\n\t<div class=\"section-inner\">\n\t\t<div class=\"flex reverse\">\n\t\t\t<div class=\"width41\"><img decoding=\"async\" src=\"\/wp-content\/uploads\/2023\/06\/message_4.jpg\" alt=\"Avukatlar ve IT Dan\u0131\u015fmanlar\u0131ndan Olu\u015fan Bir Ekip\"><\/div>\n\t\t\t<div class=\"width51\">\n\t\t\t\t<h3>Avukatlar ve IT Dan\u0131\u015fmanlar\u0131ndan Olu\u015fan Bir Ekip<\/h3>\n\t\t\t\t<p class=\"mgb-small\">Halka arz deste\u011fi \u00f6rne\u011fine ek olarak, IT ve hukukun birle\u015ftirilmesinin m\u00fc\u015fteri ihtiya\u00e7lar\u0131n\u0131 kar\u015f\u0131lamak i\u00e7in hayati oldu\u011fu pek \u00e7ok durum bulunmaktad\u0131r. Karma\u015f\u0131k problem senaryolar\u0131yla ba\u015fa \u00e7\u0131kmak, bilin\u00e7li kararlar alabilen ve geni\u015f bir yelpazeden etkili \u00f6nlemler uygulayabilen yetenekli ve yetenekli bir ekip gerektirir. Avukatlar hukuk profesyonelleri ve hukuki meselelerde uzman olsalar da, kapsaml\u0131 bir &#8220;\u00e7\u00f6z\u00fcm&#8221; olu\u015fturmak yaln\u0131zca hukuki uzmanl\u0131kla s\u0131n\u0131rl\u0131 kalmamal\u0131d\u0131r.<\/p>\n\t\t\t\t<p class=\"mgb-small\">Bu y\u00fczden ekibimizde sadece avukatlar de\u011fil, ayn\u0131 zamanda internet ara\u015ft\u0131rmalar\u0131 yapabilen, \u00e7\u00f6z\u00fcm \u00f6nerilerini a\u00e7\u0131klayabilen ve geleneksel hukuki bilginin \u00f6tesinde i\u00e7g\u00f6r\u00fcler sunabilen IT dan\u0131\u015fmanlar\u0131 gibi farkl\u0131 becerilere sahip personel \u00fcyeleri de bulunmaktad\u0131r. S\u0131n\u0131r \u00f6tesi hukuki meselelerle ilgilenirken, avukatlar\u0131n \u00f6tesindeki ekiplerle i\u015f birli\u011fi yapmak hayati \u00f6nem ta\u015f\u0131r. Yabanc\u0131 dil bilgisine sahip ve yabanc\u0131 i\u015f ortamlar\u0131n\u0131 derinlemesine anlayan ekibimiz, s\u0131n\u0131r \u00f6tesi IT sekt\u00f6r\u00fcnde \u00f6nc\u00fc alanlarda yol g\u00f6stermemizi sa\u011flar.<\/p>\n\t\t\t\t<p class=\"mgb-small\">\u0130\u015fe al\u0131m konusunda, bir\u00e7ok avukat\u0131m\u0131z\u0131n geni\u015f IT bilgisi olmadan firmam\u0131za kat\u0131ld\u0131\u011f\u0131n\u0131 belirtmek \u00f6nemlidir. IT ile ilgili hukuki konularda \u00e7e\u015fitli deneyimlere sahip avukatlar\u0131n bir arada \u00e7al\u0131\u015ft\u0131\u011f\u0131 i\u015f birlik\u00e7i bir ortam geli\u015ftiriyoruz. Avukat olmayan ekip \u00fcyelerinin sorumluluklar\u0131, firmaya kat\u0131ld\u0131ktan ve \u00e7e\u015fitli i\u015f kollar\u0131yla ilgilendikten sonra yetenek ve \u00f6zelliklerine g\u00f6re belirlenmektedir. IT konusunda uzmanla\u015fm\u0131\u015f bilgiye sahip olmayan veya &#8220;uzman&#8221; etiketiyle an\u0131lmaktan \u00e7ekinen avukatlar\u0131n ba\u015fvurular\u0131n\u0131 bekliyoruz.<\/p>\n\t\t\t\t<p class=\"mgb-big\">Firmam\u0131zda, her ekip \u00fcyesinin kolektif uzmanl\u0131\u011f\u0131n\u0131 ve katk\u0131lar\u0131n\u0131 de\u011ferli buluyor, hukuki yeterlilik ile IT i\u00e7g\u00f6r\u00fclerinin birle\u015fti\u011fi dinamik ve yenilik\u00e7i bir ortam yarat\u0131yoruz.<\/p>\n\t\t\t\t<div class=\"btn-area align-left\">\n\t\t\t\t\t<div class=\"btn icon-job-openings\"><a href=\"\/en\/job-openings\/\">\u0130\u015f \u0130lanlar\u0131<\/a><\/div>\n\t\t\t\t<\/div>\n\t\t\t<\/div>\n\t\t<\/div>\n\t<\/div>\n<\/section>\n","protected":false},"excerpt":{"rendered":"<p>Y\u00f6netici Avukattan Selamlar Bilgi teknolojisinin g\u00fcc\u00fcn\u00fc kullanmak, insanl\u0131k tarihinde dinamitin etkisiyle kar\u015f\u0131la\u015ft\u0131r\u0131labilir bir devrim yaratm\u0131\u015ft\u0131r, \u00f6zellikle \u0130nternet, evrimin seyrini h\u0131zla d\u00f6n\u00fc\u015ft\u00fcr [&hellip;]<\/p>\n","protected":false},"author":1,"featured_media":57134,"parent":0,"menu_order":8,"comment_status":"closed","ping_status":"closed","template":"other-page-temp.php","meta":{"footnotes":""},"acf":[],"_links":{"self":[{"href":"https:\/\/monolith.law\/tr\/wp-json\/wp\/v2\/pages\/4232"}],"collection":[{"href":"https:\/\/monolith.law\/tr\/wp-json\/wp\/v2\/pages"}],"about":[{"href":"https:\/\/monolith.law\/tr\/wp-json\/wp\/v2\/types\/page"}],"author":[{"embeddable":true,"href":"https:\/\/monolith.law\/tr\/wp-json\/wp\/v2\/users\/1"}],"replies":[{"embeddable":true,"href":"https:\/\/monolith.law\/tr\/wp-json\/wp\/v2\/comments?post=4232"}],"version-history":[{"count":34,"href":"https:\/\/monolith.law\/tr\/wp-json\/wp\/v2\/pages\/4232\/revisions"}],"predecessor-version":[{"id":62793,"href":"https:\/\/monolith.law\/tr\/wp-json\/wp\/v2\/pages\/4232\/revisions\/62793"}],"wp:featuredmedia":[{"embeddable":true,"href":"https:\/\/monolith.law\/tr\/wp-json\/wp\/v2\/media\/57134"}],"wp:attachment":[{"href":"https:\/\/monolith.law\/tr\/wp-json\/wp\/v2\/media?parent=4232"}],"curies":[{"name":"wp","href":"https:\/\/api.w.org\/{rel}","templated":true}]}}