{"id":47528,"date":"2023-11-06T23:10:34","date_gmt":"2023-11-06T14:10:34","guid":{"rendered":"https:\/\/monolith.law\/?page_id=47528"},"modified":"2024-03-08T20:57:18","modified_gmt":"2024-03-08T11:57:18","slug":"crypto-asset-and-blockchain","status":"publish","type":"page","link":"https:\/\/monolith.law\/tr\/crypto-asset-and-blockchain","title":{"rendered":"Kripto Varl\u0131klar ve Blokzincirler"},"content":{"rendered":"\n<section class=\"heading-area\">\n\t<div class=\"heading-area-inner\">\n\t\t<h2 class=\"icon-crypto-asset-and-blockchain\">Kripto Varl\u0131klar ve Blokzincirler<\/h2>\n\t\t<p>Kripto Varl\u0131klar ve Blokzincirler, konsens\u00fcs algoritmalar\u0131, kriptografi ve P2P a\u011flar\u0131 dahil olmak \u00fczere \u00e7e\u015fitli IT sistemleri taraf\u0131ndan olu\u015fturulan, de\u011fi\u015ftirilmesi zor ve veri kayb\u0131 riski d\u00fc\u015f\u00fck merkezi olmayan veritabanlar\u0131d\u0131r. IT alan\u0131nda uzmanl\u0131\u011fa sahip bir hukuk firmas\u0131 olarak, kripto varl\u0131klar, NFT&#8217;ler ve blokzincirlerle ilgilenen i\u015fletmelere destek sa\u011fl\u0131yoruz.<\/p>\n\t<\/div>\n<\/section>\n<section class=\"white-section\">\n\t<div class=\"section-inner pdt0 border-bottom-section\">\n\t<p class=\"mgb-small\">Kripto varl\u0131klar, NFT&#8217;ler ve blokzincirler, s\u00fcrekli teknik yenilikler ve fon toplamadan dijital sanat y\u00f6netimine kadar geni\u015f bir ama\u00e7 yelpazesi i\u00e7in potansiyelleri nedeniyle h\u0131zla geli\u015fmektedir. Bu nedenle, yasalarla d\u00fczenlenmesi karma\u015f\u0131k bir alan olmaktad\u0131r.<\/p>\n\t<p class=\"mgb-small\">MONOLITH LAW OFFICE, 2017 y\u0131l\u0131nda kuruldu\u011fu g\u00fcnden bu yana kripto ve blokzincir hukukunda uzmanla\u015fm\u0131\u015f bir hukuk firmas\u0131d\u0131r. Yabanc\u0131 \u015firketlerin hukuki d\u00fczenlemelerini, Japonya&#8217;daki giri\u015fimlerini, uygulamaya y\u00f6nelik uygun i\u015f rehberli\u011fini ve IT ile ilgili i\u015f operasyonlar\u0131 i\u00e7in belge ve s\u00f6zle\u015fmelerin haz\u0131rlanmas\u0131n\u0131 iyi biliyoruz. Bu t\u00fcr \u00e7al\u0131\u015fmalar, uluslararas\u0131 IT, i\u015f, finansal mevzuat ve di\u011fer hukuki konularda bilgi ve deneyim gerektirir.<\/p>\n\t<p>Blokzincirlerini, kripto varl\u0131klar\u0131n\u0131 ve NFT&#8217;leri kullanan i\u015fletmelere, avukatlar ve IT dan\u0131\u015fmanlar\u0131 aras\u0131ndaki karma\u015f\u0131k i\u015f birli\u011fi yoluyla sofistike destek sa\u011fl\u0131yoruz.<\/p>\n\t<\/div>\n<\/section>\n<section class=\"second-nav\">\n\t<div class=\"second-nav-inner\">\n\t\t<p>KONULAR<\/p>\n\t\t<nav>\n\t\t\t<ul>\n\t\t\t\t<li><a href=\"#highly-specialized-teams-and-global-network\">Y\u00fcksek Uzmanl\u0131k Sahibi Ekipler ve K\u00fcresel A\u011f<\/a><\/li>\n\t\t\t\t<li><a href=\"#examples-of-the-firms-support-achievements\">Firman\u0131n Destek Ba\u015far\u0131lar\u0131na \u00d6rnekler<\/a><\/li>\n\t\t\t\t<li><a href=\"#advanced-technology-and-financial-legislation\">\u0130leri Teknoloji ve Finansal Mevzuat<\/a><\/li>\n\t\t\t\t<li><a href=\"#providing-one-stop-solutions\">Tek Durak \u00c7\u00f6z\u00fcmler Sunma<\/a><\/li>\n\t\t\t\t<li><a href=\"#legal-support-for-nft-related-businesses\">NFT \u0130le \u0130lgili \u0130\u015fletmelere Hukuki Destek<\/a><\/li>\n\t\t\t\t<li><a href=\"#crypto-asset-businesses-and-custody-services\">Kripto Varl\u0131k \u0130\u015fletmeleri ve Saklama Hizmetleri<\/a><\/li>\n\t\t\t\t<li><a href=\"#other-crypto-assets-related-businesses\">Di\u011fer Kripto Varl\u0131k \u0130lgili \u0130\u015fletmeler<\/a><\/li>\n\t\t\t\t<li><a href=\"#system-development\">Sistem Geli\u015ftirme<\/a><\/li>\n\t\t\t\t<li><a href=\"#terms-of-use-maintenance-for-applications-etc\">Belge Hizmetleri<\/a><\/li>\n\t\t\t\t<li><a href=\"#monolith-law-magazine\">MONOLITH LAW MAGAZINE<\/a><\/li>\n\t\t\t\t<li><a href=\"#fee-structure\">\u00dccret Yap\u0131s\u0131<\/a><\/li>\n\t\t\t<\/ul>\n\t\t<\/nav>\n\t<\/div>\n<\/section>\n<section class=\"white-section\">\n\t<div class=\"anchor\" id=\"highly-specialized-teams-and-global-network\"><\/div>\n\t<div class=\"section-inner pdb0\">\n\t\t<h3>Y\u00fcksek Derecede Uzmanla\u015fm\u0131\u015f Ekipler ve K\u00fcresel A\u011f<\/h3>\n\t\t<div class=\"max-width980 mgb-small\"><img decoding=\"async\" src=\"\/wp-content\/uploads\/2023\/05\/web3team.jpg\" alt=\"Avukatlar\"><\/div>\n\t\t<div class=\"frame2 max-width860 txt-center-pc\">\n\t\t\t<p class=\"bold txt-l mgb-small\">Blockchain ve kripto varl\u0131klar \u00e7evresindeki i\u015f d\u00fcnyas\u0131 h\u0131zla evrildik\u00e7e, bu alanda uzmanla\u015fm\u0131\u015f hukuk firmalar\u0131 ve avukatlara ihtiya\u00e7 duyulmaktad\u0131r.<\/p>\n\t\t\t<p> MONOLITH LAW OFFICE&#8217;da, geni\u015f IT bilgisine sahip avukatlardan olu\u015fan bir ekip, uluslararas\u0131 nitelikte avukatlar ve deneyimli IT m\u00fchendisleri kurduk. G\u00fc\u00e7l\u00fc uluslararas\u0131 a\u011f\u0131m\u0131z arac\u0131l\u0131\u011f\u0131yla bilgi birikimini te\u015fvik ediyoruz, bu da bizi bu dinamik alandaki en \u00f6n s\u0131ralarda tutmam\u0131z\u0131 sa\u011fl\u0131yor.<\/p>\n\t\t<\/div>\n\t<\/div>\n<\/section>\n<section class=\"white-section\">\n\t<div class=\"anchor\" id=\"examples-of-the-firms-support-achievements\"><\/div>\n\t<div class=\"section-inner\">\n\t\t<h3>Firman\u0131n Destek Ba\u015far\u0131lar\u0131na \u00d6rnekler<\/h3>\n\t\t<ul class=\"layout-column4\">\n\t\t\t<li>\n\t\t\t\t<div><img decoding=\"async\" src=\"\/wp-content\/uploads\/2022\/07\/shutterstock_1009471096.png\"><\/div>\n\t\t\t\t<h4>Fon Toplama\uff08ICO,STO,IEO\uff09<\/h4>\n\t\t\t\t<p>G\u00fcn\u00fcm\u00fczde, kripto varl\u0131klar\u0131 fon toplama arac\u0131 olarak kullanan ICO, STO ve IEO&#8217;lar pop\u00fclerlik kazanmaktad\u0131r. Bunlar, yat\u0131r\u0131mc\u0131 korumas\u0131n\u0131 Japon Finansal Ara\u00e7lar ve Borsa Kanunu (Financial Instruments and Exchange Act) ve Japon \u00d6deme Hizmetleri Kanunu (Payment Services Act) d\u00fczenlemeleri alt\u0131nda sa\u011flarken, halka arzlar (IPO) gibi di\u011fer y\u00f6ntemlere k\u0131yasla daha esnek bir fon toplama yolunu temsil etmektedir. MONOLITH LAW OFFICE, i\u015fin yasall\u0131\u011f\u0131 konusunda destek sa\u011flayarak yard\u0131m ve rapor haz\u0131rlama konusunda yard\u0131mc\u0131 olmaktad\u0131r.<\/p>\n\t\t\t<\/li>\n\t\t\t<li>\n\t\t\t\t<div><img decoding=\"async\" src=\"\/wp-content\/uploads\/2022\/07\/shutterstock_758063575-1.png\"><\/div>\n\t\t\t\t<h4>Madencilik\/Staking<\/h4>\n\t\t\t\t<p>Blockchainlerde madencilik ve staking&#8217;in yasall\u0131\u011f\u0131 \u00fczerine ara\u015ft\u0131rmalar yapmakta ve s\u00f6zle\u015fmeler ile ilgili di\u011fer belgeleri haz\u0131rlamaktay\u0131z. Baz\u0131 durumlarda, blockchainlerde madencilik ve staking faaliyetlerinde bulunmak, kripto varl\u0131k de\u011fi\u015fim i\u015fletmesi olarak kay\u0131t gerektirebilir. Hukuki gereklilikleri anlama ve m\u00fc\u015fterilerimizin gerekli d\u00fczenlemelere uyum sa\u011flamalar\u0131na yard\u0131mc\u0131 olma konusundaki uzmanl\u0131\u011f\u0131m\u0131z burada devreye girmektedir.<\/p>\n\t\t\t<\/li>\n\t\t\t<li>\n\t\t\t\t<div><img decoding=\"async\" src=\"\/wp-content\/uploads\/2022\/07\/shutterstock_1096851425.png\"><\/div>\n\t\t\t\t<h4>Kripto Varl\u0131k Borsalar\u0131 ve \u0130\u015fletmeleri<\/h4>\n\t\t\t\t<p>Yenilenen Japon Fonlar\u0131n Tasfiyesi Kanunu (Funds Settlement Law) kapsam\u0131nda, kripto varl\u0131klar\u0131 sat\u0131n almak, satmak, takas etmek ve kripto varl\u0131klar i\u00e7in arac\u0131 veya acente olarak hareket etmek i\u00e7in art\u0131k kripto varl\u0131k de\u011fi\u015fim i\u015fletmesi olarak kay\u0131t gerekmektedir. Benzersiz bir i\u015f modeli geli\u015ftirerek, bu kanunun kapsam\u0131 i\u00e7inde s\u00f6z konusu kay\u0131ttan ka\u00e7\u0131nmak m\u00fcmk\u00fcnd\u00fcr. Ayr\u0131ca, kripto varl\u0131k de\u011fi\u015fim i\u015fletmesi olarak kay\u0131t i\u00e7in m\u00fc\u015fterilerimize destek sa\u011flayabilir ve sanal para borsalar\u0131n\u0131 i\u015fleten \u015firketlere s\u00fcrekli destek sunabiliriz.<\/p>\n\t\t\t<li>\n\t\t\t\t<div><img decoding=\"async\" src=\"\/wp-content\/uploads\/2022\/07\/shutterstock_2118688160.png\"><\/div>\n\t\t\t\t<h4>\u0130\u00e7erik \u0130\u015fletmeleri \/ NFT<\/h4>\n\t\t\t\t<p>Dijital sanat, blockchain oyun \u00f6\u011feleri gibi \u015feyleri temsil eden Non-Fungible Token&#8217;lar (NFT&#8217;ler), sistemlerine ba\u011fl\u0131 olarak kripto varl\u0131klardan \u00f6n \u00f6demeli \u00f6deme ara\u00e7lar\u0131na, elektronik olarak kaydedilmi\u015f devir haklar\u0131na (menkul k\u0131ymetler) kadar farkl\u0131 hukuki stat\u00fclere sahip olabilirler, ancak karma\u015f\u0131k ve kat\u0131 kurallara tabidirler. M\u00fc\u015fterilerimizin i\u015flerinin yasall\u0131\u011f\u0131n\u0131 incelemekte ve onlara hukuki a\u00e7\u0131dan destek sa\u011flamaktay\u0131z.<\/p>\n\t\t\t<\/li>\n\t\t<\/ul>\n\t<\/div>\n<\/section>\n<section class=\"white-section\">\n\t<div class=\"anchor\" id=\"advanced-technology-and-financial-legislation\"><\/div>\n\t<div class=\"section-inner\">\n\t\t<div class=\"flex reverse\">\n\t\t\t<div class=\"width41\"><img decoding=\"async\" src=\"\/wp-content\/uploads\/2022\/07\/shutterstock_1144405721.png\" alt=\"Advanced Technology and Financial Legislation\"><\/div>\n\t\t\t<div class=\"width51\">\n\t\t\t\t<h3>\u0130leri Teknoloji ve Finansal Mevzuat<\/h3>\n\t\t\t\t<p class=\"mgb-small\">Blockchain alan\u0131, \u00f6zellikle yurtd\u0131\u015f\u0131nda olmak \u00fczere, bu teknolojiyi kullanan i\u015fletmelerin h\u0131zla geli\u015fti\u011fi bir aland\u0131r. Bu alanda faaliyet g\u00f6steren \u015firketler, en son yabanc\u0131 d\u00fczenlemelere dayanarak b\u00f6yle bir sistemin Japonya&#8217;da uygulanabilir olup olmad\u0131\u011f\u0131n\u0131 d\u00fc\u015f\u00fcnmelidir. \u00d6ncelikle, en son teknolojilere ili\u015fkin IT bilgimiz do\u011frultusunda, yurtd\u0131\u015f\u0131ndaki bu t\u00fcr i\u015fletmeler taraf\u0131ndan a\u00e7\u0131klanan materyalleri okuruz. Ard\u0131ndan, finansal mevzuat ve idari g\u00f6r\u00fc\u015fler dahil olmak \u00fczere yerel hukuk sistemine g\u00f6re sistemin Japonya&#8217;daki yasall\u0131\u011f\u0131n\u0131 inceleriz. Son olarak, i\u015f yarg\u0131lar\u0131m\u0131za dayanarak sistemin Japonya&#8217;da nas\u0131l yasal olarak uygulanabilece\u011fi konusunda tavsiyelerde bulunuruz.<\/p>\n\t\t\t\t<p>Blockchain, kripto varl\u0131klar ve NFT dahil olmak \u00fczere, hem IT hem de hukuk konusunda y\u00fcksek d\u00fczeyde uzmanl\u0131\u011fa sahip hukuk firmalar\u0131 ve avukatlara ihtiya\u00e7 duyan karma\u015f\u0131k bir aland\u0131r.<\/p>\n\t\t\t<\/div>\n\t\t<\/div>\n\t<\/div>\n<\/section>\n<section class=\"purple-section\">\n\t<div class=\"anchor\" id=\"providing-one-stop-solutions\"><\/div>\n\t<div class=\"section-inner\">\n\t\t<div class=\"flex reverse\">\n\t\t\t<div class=\"width51\">\n\t\t\t\t<h3>Tek Durakta \u00c7\u00f6z\u00fcmler Sunma<\/h3>\n\t\t\t\t<p class=\"mgb-small\">Firmam\u0131z, eski bir IT m\u00fchendisi ve IT \u015firketi sahibi olan kurucunun denetiminde 30 avukat ve 85 personel \u00fcyesi, IT dan\u0131\u015fmanlar\u0131 dahil olmak \u00fczere olu\u015fmaktad\u0131r.<\/p>\n\t\t\t\t<p>Yurtd\u0131\u015f\u0131nda i\u015f yapan i\u015f sahipleri taraf\u0131ndan yay\u0131nlanan belgelerin \u00e7evirisi ve teknik anlamas\u0131, ayr\u0131ca \u015firket i\u00e7inde olu\u015fturulan teknik belgeler ve kodlar, temsilci avukat ve IT dan\u0131\u015fmanl\u0131k departman\u0131 taraf\u0131ndan ger\u00e7ekle\u015ftirilir. Hukuki ara\u015ft\u0131rmalar, s\u00f6zle\u015fme tasla\u011f\u0131 haz\u0131rlama, belge haz\u0131rlama ve di\u011fer hukuki hizmetler temsilci avukat ve hukuk avukat\u0131 taraf\u0131ndan ger\u00e7ekle\u015ftirilir. B\u00f6ylece, hem IT hem de hukukta y\u00fcksek d\u00fczeyde uzmanl\u0131k gerektiren bir dizi durum i\u00e7in tek durakta hizmet sunabiliriz.<\/p>\n\t\t\t<\/div>\n\t\t\t<div class=\"width41\"><img decoding=\"async\" src=\"\/wp-content\/themes\/monolith_en\/img\/operationofofmedia\/operationofofmedia_pic5.svg\" alt=\"Tek Durakta \u00c7\u00f6z\u00fcmler Sunma\"><\/div>\n\t\t<\/div>\n\t<\/div>\n<\/section>\n<section class=\"white-section mgt-section\">\n\t<div class=\"anchor\" id=\"legal-support-for-nft-related-businesses\"><\/div>\n\t<div class=\"section-inner-black\">\n\t\t<h3>NFT \u0130lgili \u0130\u015fletmeler i\u00e7in Hukuki Destek<\/h3>\n\t\t\t\t<p class=\"mgb-small\">\u00d6ncelikli olarak Ethereum blockchain \u00fczerine in\u015fa edilen Non-Fungible Token&#8217;lar (NFT&#8217;ler), dijital sanat, blockchain oyun e\u015fyalar\u0131 ve ticaret kartlar\u0131 gibi benzersiz \u00fcr\u00fcnler yaratmak i\u00e7in pratik kullan\u0131ma sunulmu\u015ftur. Ayr\u0131ca, gayrimenkul gibi ger\u00e7ek m\u00fclkiyetin sahiplik kan\u0131t\u0131n\u0131 temsil etmek ve ger\u00e7ek d\u00fcnyadaki \u00fcyelikleri temsil etmek i\u00e7in de kullan\u0131l\u0131rlar.<\/p>\n\t\t\t\t<p class=\"mgb-middle\">NFT&#8217;ler, tasar\u0131mlar\u0131na ve i\u015f modeline ba\u011fl\u0131 olarak, kriptografik varl\u0131klar, \u00f6n \u00f6demeli \u00f6deme ara\u00e7lar\u0131, elektronik kay\u0131t transfer haklar\u0131 vb. kategoriler alt\u0131na girebilir. Biz, y\u00fcksek uzmanl\u0131k seviyemizle NFT ile ilgili i\u015fletmelere destek sa\u011fl\u0131yoruz.<\/p>\n\t<\/div>\n<\/section>\n<section class=\"white-section\">\n\t<div class=\"anchor\" id=\"crypto-asset-businesses-and-custody-services\"><\/div>\n\t<div class=\"section-inner\">\n\t\t<div class=\"flex reverse\">\n\t\t\t<div class=\"width41\"><img decoding=\"async\" src=\"\/wp-content\/uploads\/2022\/07\/shutterstock_1151380622_2.png\" alt=\"Kripto Varl\u0131k \u0130\u015fletmeleri ve Saklama Hizmetleri\"><\/div>\n\t\t\t<div class=\"width51\">\n\t\t\t\t<h3>Kripto Varl\u0131k \u0130\u015fletmeleri ve Saklama Hizmetleri<\/h3>\n\t\t\t\t<p class=\"mgb-small\">2020&#8217;de yeniden d\u00fczenlenen Para \u00d6deme Yasas\u0131&#8217;na g\u00f6re, &#8220;ba\u015fkalar\u0131 i\u00e7in kripto varl\u0131k y\u00f6netimi (yani, saklama i\u015fi)&#8221; art\u0131k kripto varl\u0131k de\u011fi\u015fim i\u015fine dahil edilmi\u015ftir. Bu, bir kripto varl\u0131k hizmet sa\u011flay\u0131c\u0131s\u0131 olarak kay\u0131t gerektirir ve bu nedenle kripto varl\u0131klar\u0131n y\u00f6netimini i\u00e7eren bir d\u00fczeni uygulamak i\u00e7in \u00e7e\u015fitli d\u00fczenlemelere tabidir. Ancak, bu d\u00fczenlemeler, sadece saklama hizmetleri sa\u011flayan ancak sanal para de\u011fi\u015fim hizmetleri olmayanlar i\u00e7in olduk\u00e7a a\u011f\u0131rd\u0131r.<\/p>\n\t\t\t\t<p>Bu t\u00fcr hizmetler, kripto varl\u0131k de\u011fi\u015ftirici olarak kay\u0131t olup i\u015f yapmaya karar vermelidirler ya da kay\u0131t olmaktan ka\u00e7\u0131n\u0131rken kripto varl\u0131klarla ilgilenmeye devam etmelidirler.<\/p>\n\t\t\t<\/div>\n\t\t<\/div>\n\t<\/div>\n<\/section>\n<section class=\"white-section mgb-section\">\n\t<div class=\"anchor\" id=\"other-crypto-assets-related-businesses\"><\/div>\n\t<div class=\"section-inner-black\">\n\t\t<h3>Di\u011fer Kripto Varl\u0131klar ve Blockchain \u0130lgili \u0130\u015fletmeler<\/h3>\n\t\t<p class=\"mgb-small\">Kripto varl\u0131klar ve blockchainler s\u00fcrekli evrim ge\u00e7iren teknolojik ve i\u015f alanlar\u0131d\u0131r. Bu, 2022&#8217;de yeniden d\u00fczenlenen Fonlar \u00d6deme Yasas\u0131 kapsam\u0131nda d\u00fczenlenen stabil coinler ve sanal para birimi borsalar\u0131n\u0131 inceleyen bir fonlama y\u00f6ntemi olan IEO&#8217;lar ve staking ile ilgili i\u015fletmeleri i\u00e7erir. Firmam\u0131z en son geli\u015fmeleri takip eder ve bu t\u00fcr i\u015fletmelere destek sa\u011flar.<\/p>\n\t\t<p class=\"mgb-middle\">Eski bir IT m\u00fchendisi olarak deneyime sahip bir kurucu avukat\u0131n yan\u0131 s\u0131ra, yurtd\u0131\u015f\u0131nda yay\u0131nlanan beyaz ka\u011f\u0131tlar\u0131, teknik belgeleri ve di\u011fer materyalleri anlama konusunda deneyime sahip IT dan\u0131\u015fmanlar\u0131ndan olu\u015fan bir hukuk firmas\u0131y\u0131z. Bu sayede teknolojiyi ve i\u015f modellerini anlama yetene\u011fine sahibiz.<\/p>\n\t<\/div>\n<\/section>\n<section class=\"orange-section\">\n\t<div class=\"anchor\" id=\"system-development\"><\/div>\n\t<div class=\"section-inner\">\n\t\t<div class=\"flex reverse\">\n\t\t\t<div class=\"width41\"><img decoding=\"async\" src=\"\/wp-content\/themes\/monolith2021\/img\/practices-itlaw\/practices-itlaw_pic1.jpg\" alt=\"Sistem Geli\u015ftirme\"><\/div>\n\t\t\t<div class=\"width51\">\n\t\t\t\t<h3>Sistem Geli\u015ftirme<\/h3>\n\t\t\t\t<p>Eski bir IT m\u00fchendisi taraf\u0131ndan kurulan MONOLITH LAW OFFICE, kripto varl\u0131klar ve blockchain ile ilgili konular\u0131n yan\u0131 s\u0131ra, sanal para borsalar\u0131 i\u00e7in sistem geli\u015ftirme gibi \u00e7e\u015fitli y\u00fcksek derecede uzmanla\u015fm\u0131\u015f sistem geli\u015ftirme konular\u0131nda, s\u00f6zle\u015fme tasla\u011f\u0131 olu\u015fturma, de\u011fi\u015ftirme ve s\u00f6zle\u015fme m\u00fczakeresi yapma, ayr\u0131ca sorunlar ortaya \u00e7\u0131kt\u0131\u011f\u0131nda uyu\u015fmazl\u0131k \u00e7\u00f6z\u00fcm\u00fc ile ilgilenen bir hukuk firmas\u0131d\u0131r. Sorunlar ortaya \u00e7\u0131kt\u0131\u011f\u0131nda uyu\u015fmazl\u0131k \u00e7\u00f6z\u00fcm\u00fc de sa\u011fl\u0131yoruz.<\/p>\n\t\t\t<\/div>\n\t\t<\/div>\n\t<\/div>\n<\/section>\n<section class=\"white-section\">\n\t<div class=\"anchor\" id=\"terms-of-use-maintenance-for-applications-etc\"><\/div>\n\t<div class=\"section-inner\">\n\t\t<div class=\"flex\">\n\t\t\t<div class=\"width41\"><img decoding=\"async\" src=\"\/wp-content\/themes\/monolith2021\/img\/practices-itlaw\/practices-itlaw_pic2.jpg\" alt=\"Belge Hizmetleri\"><\/div>\n\t\t\t<div class=\"width51\">\n\t\t\t\t<h3>Belge Hizmetleri<\/h3>\n\t\t\t\t<p>MONOLITH LAW OFFICE, blockchain oyunlar\u0131, kripto varl\u0131klar ve blockchain ile ilgili \u00fcr\u00fcn ve hizmetler de dahil olmak \u00fczere \u00e7e\u015fitli uygulamalar, hizmetler ve oyunlar i\u00e7in kullan\u0131m \u015fartlar\u0131n\u0131 ve gizlilik politikalar\u0131n\u0131 belirleyen belgelerin olu\u015fturulmas\u0131 ve revizyonu konusunda hizmet vermektedir. Ayr\u0131ca, ilgili uygulama geli\u015ftirme i\u00e7in gereksinim tan\u0131mlar\u0131, Adobe XD&#8217;de olu\u015fturulan \u00e7er\u00e7eveler, LP&#8217;ler, potansiyel m\u00fc\u015fteriler i\u00e7in sat\u0131\u015f materyalleri vb. gibi mevcut kurumsal belgeleri ve verileri de inceleriz.<\/p>\n\t\t\t<\/div>\n\t\t<\/div>\n\t<\/div>\n<\/section>\n\n<section class=\"purple2-section\">\n\t<div class=\"anchor\" id=\"monolith-law-magazine\"><\/div>\n\t<div class=\"section-inner\">\n\t\t    <section class=\"white-section temp-article\">\n        <div class=\"section-inner\">\n            <h4>MONOLITH LAW MAGAZINE<\/h4>\n            <div class=\"articles type_practice_column\">\n                                                                    <div class=\"article article-area\">\n                        <figure>\n                            <div class=\"img-wrap\">\n                                <img alt=\"Web3'\u00fc Kullanan \u0130\u015f Modelleri Nedir? En Son Trendler ve Kullan\u0131m \u00d6rnekleri A\u00e7\u0131klan\u0131yor\" src=\"https:\/\/monolith.law\/tr\/wp-content\/uploads\/sites\/24\/2025\/08\/Shutterstock_2333502635.webp\" width=\"500\" height=\"250\">\n                            <\/div>\n                            <figcaption>\n                                <div class=\"figcaption-inner\">\n                                    <h3>Web3'\u00fc Kullanan \u0130\u015f Modelleri Nedir? En Son Trendler ve Kullan\u0131m \u00d6rnekleri A\u00e7\u0131kla.<\/h3>\n                                <\/div>\n                            <\/figcaption>\n                            <a href=\"https:\/\/monolith.law\/tr\/it\/web3-business-model\"><\/a>\n                        <\/figure>\n                    <\/div>\n                                                    <div class=\"article article-area\">\n                        <figure>\n                            <div class=\"img-wrap\">\n                                <img alt=\"\u30102025 Y\u0131l\u0131 G\u00fcncel Versiyonu\u3011Kripto Varl\u0131klar\u0131n (Sanal Para Birimleri) Hukuki Yorumu: Menkul K\u0131ymetlerle \u0130lgili Uygunluk ve \u0130\u015fletmelerin Dikkat Etmesi Gereken Hususlar\" src=\"https:\/\/monolith.law\/tr\/wp-content\/uploads\/sites\/24\/2025\/08\/Shutterstock_2049735344.webp\" width=\"500\" height=\"250\">\n                            <\/div>\n                            <figcaption>\n                                <div class=\"figcaption-inner\">\n                                    <h3>\u30102025 Y\u0131l\u0131 G\u00fcncel Versiyonu\u3011Kripto Varl\u0131klar\u0131n (Sanal Para Birimleri) Hukuki Yor.<\/h3>\n                                <\/div>\n                            <\/figcaption>\n                            <a href=\"https:\/\/monolith.law\/tr\/it\/crypto-assets-securities\"><\/a>\n                        <\/figure>\n                    <\/div>\n                                                    <div class=\"article article-area\">\n                        <figure>\n                            <div class=\"img-wrap\">\n                                <img alt=\"NASDAQ'da Listelenmek i\u00e7in Gerekli Olan Kurumsal Y\u00f6netim Gereklilikleri Nelerdir?\" src=\"https:\/\/monolith.law\/tr\/wp-content\/uploads\/sites\/24\/2025\/08\/19e0312b170969f265c8e568bdf254db.webp\" width=\"500\" height=\"250\">\n                            <\/div>\n                            <figcaption>\n                                <div class=\"figcaption-inner\">\n                                    <h3>NASDAQ'da Listelenmek i\u00e7in Gerekli Olan Kurumsal Y\u00f6netim Gereklilikleri Nelerdir.<\/h3>\n                                <\/div>\n                            <\/figcaption>\n                            <a href=\"https:\/\/monolith.law\/tr\/it\/nasdaq-corporate-governance\"><\/a>\n                        <\/figure>\n                    <\/div>\n                                            <\/div>\n            <div class=\"btn-more\"><a href=\"https:\/\/monolith.law\/tr\/tag\/crypto-assets-and-blockchains\">Read More<\/a><\/div>\n        <\/div>\n    <\/section>\n\t<\/div>\n<\/section>\n\n<section class=\"orange2-section\">\n\t<div class=\"anchor\" id=\"fee-structure\"><\/div>\n\t<div class=\"section-inner\">\n\t<div class=\"planWrap\">\n\t<h3>\u00dccret Yap\u0131s\u0131<\/h3>\n\t<ul class=\"plan\">\n\t\t<li class=\"txt-left\">\n\t\t\t<div class=\"plan-inner\">\n\t\t\t<div class=\"plan-header\">\n\t\t\t<h4 class=\"plan-title\">Saatlik \u00dccret<\/h4>\n\t\t\t<div class=\"plan-price\"><span class=\"price-figure\">$300<\/span>saat ba\u015f\u0131na<span class=\"price-tax\"><\/span><\/div>\n\t\t\t<\/div>\n\t\t\t<div class=\"plan-body\">Baz\u0131 durumlarda, bir dava veya davan\u0131n ba\u015flang\u0131\u00e7 \u00fccreti ve ba\u015far\u0131ya ba\u011fl\u0131 \u00fccret ile kabul edilmesini de\u011ferlendirebiliriz. Daha fazla bilgi i\u00e7in l\u00fctfen bizimle ileti\u015fime ge\u00e7mekten \u00e7ekinmeyin.<\/div>\n\t\t\t<\/div>\n\t\t<\/li>\n\t\t<li class=\"txt-left\">\n\t\t\t<div class=\"plan-inner\">\n\t\t\t<div class=\"plan-header\">\n\t\t\t<h4 class=\"plan-title\">S\u00f6zle\u015fme Haz\u0131rlama<\/h4>\n\t\t\t<div class=\"plan-price\"><span class=\"price-value\">ba\u015flang\u0131\u00e7<\/span><span class=\"price-figure\">$500<\/span><span class=\"price-value\">ile $2,000 veya daha fazla<\/span><span class=\"price-tax\"><\/span><\/div>\n\t\t\t<\/div>\n\t\t\t<div class=\"plan-body\">Fiyatland\u0131rma yap\u0131s\u0131, s\u00f6zle\u015fmelerin t\u00fcr\u00fcne ve miktar\u0131na g\u00f6re de\u011fi\u015fiklik g\u00f6sterebilir. Sorgulama \u00fczerine \u00f6n tahmin sunmaktan memnuniyet duyar\u0131z, bu nedenle daha fazla bilgi i\u00e7in bizimle ileti\u015fime ge\u00e7mekten \u00e7ekinmeyin.<\/div>\n\t\t\t<\/div>\n\t\t<\/li>\n\t\t<li class=\"txt-left\">\n\t\t\t<div class=\"plan-inner\">\n\t\t\t<div class=\"plan-header\">\n\t\t\t<h4 class=\"plan-title\">Di\u011fer Hizmetler<\/h4>\n\t\t\t<div class=\"plan-price\"><span class=\"price-figure\">Bizimle \u0130leti\u015fime Ge\u00e7in<\/span><\/div>\n\t\t\t<\/div>\n\t\t\t<div class=\"plan-body\">\u015eirket kurulumu, s\u00f6zle\u015fme incelemesi, hukuki g\u00f6r\u00fc\u015f, dava incelemesi veya ara\u015ft\u0131rma mektubu dahil olmak \u00fczere geni\u015f bir hizmet yelpazesi sunuyoruz. Herhangi bir sorunuz veya endi\u015feniz varsa, sizi bizimle ileti\u015fime ge\u00e7meye davet ediyoruz. Size yard\u0131mc\u0131 olmaktan mutluluk duyar\u0131z.<\/div>\n\t\t\t<\/div>\n\t\t\t<\/div>\n\t\t<\/li>\n\t<\/ul>\n\t<\/div>\n\t<\/div>\n<\/section>\n\n<section class=\"white-section\">\n\t<div class=\"section-inner\">\n\t\t<div class=\"btn-area\">\n\t\t\t<div class=\"btn icon-contact\"><a href=\"\/tr\/contact\">Bizimle \u0130leti\u015fime Ge\u00e7in<\/a><\/div>\n\t\t<\/div>\n\t<\/div>\n<\/section>\n","protected":false},"excerpt":{"rendered":"<p>Kripto Varl\u0131klar ve Blokzincirler Kripto Varl\u0131klar ve Blokzincirler, konsens\u00fcs algoritmalar\u0131, kriptografi ve P2P a\u011flar\u0131 dahil olmak \u00fczere \u00e7e\u015fitli IT sistemleri taraf\u0131ndan olu\u015fturulan, de\u011fi\u015ftirilmesi z [&hellip;]<\/p>\n","protected":false},"author":1,"featured_media":56655,"parent":0,"menu_order":6,"comment_status":"closed","ping_status":"closed","template":"other-page-temp.php","meta":{"footnotes":""},"acf":[],"_links":{"self":[{"href":"https:\/\/monolith.law\/tr\/wp-json\/wp\/v2\/pages\/47528"}],"collection":[{"href":"https:\/\/monolith.law\/tr\/wp-json\/wp\/v2\/pages"}],"about":[{"href":"https:\/\/monolith.law\/tr\/wp-json\/wp\/v2\/types\/page"}],"author":[{"embeddable":true,"href":"https:\/\/monolith.law\/tr\/wp-json\/wp\/v2\/users\/1"}],"replies":[{"embeddable":true,"href":"https:\/\/monolith.law\/tr\/wp-json\/wp\/v2\/comments?post=47528"}],"version-history":[{"count":70,"href":"https:\/\/monolith.law\/tr\/wp-json\/wp\/v2\/pages\/47528\/revisions"}],"predecessor-version":[{"id":62908,"href":"https:\/\/monolith.law\/tr\/wp-json\/wp\/v2\/pages\/47528\/revisions\/62908"}],"wp:featuredmedia":[{"embeddable":true,"href":"https:\/\/monolith.law\/tr\/wp-json\/wp\/v2\/media\/56655"}],"wp:attachment":[{"href":"https:\/\/monolith.law\/tr\/wp-json\/wp\/v2\/media?parent=47528"}],"curies":[{"name":"wp","href":"https:\/\/api.w.org\/{rel}","templated":true}]}}