{"id":56075,"date":"2023-11-06T23:50:40","date_gmt":"2023-11-06T14:50:40","guid":{"rendered":"https:\/\/monolith.law\/tr\/?page_id=56075"},"modified":"2024-01-17T18:37:26","modified_gmt":"2024-01-17T09:37:26","slug":"it","status":"publish","type":"page","link":"https:\/\/monolith.law\/tr\/it","title":{"rendered":"IT"},"content":{"rendered":"\n<section class=\"heading-area\">\n\t<div class=\"heading-area-inner\">\n\t\t<h2 class=\"icon-it\">IT<\/h2>\n\t\t<p>Teknolojinin h\u0131zla geli\u015fti\u011fi bir toplumda, \u015firketlerin IT ve fikri m\u00fclkiyetine derinlemesine hakim olmak, Japonya&#8217;daki kurumsal avukatlar i\u00e7in hayati \u00f6nem ta\u015f\u0131maktad\u0131r. Firmam\u0131z\u0131n g\u00fcc\u00fc, bu alanda uzmanla\u015fm\u0131\u015f ekibimizdedir.<\/p>\n\t<\/div>\n<\/section>\n\n<section class=\"white-section\">\n\t<div class=\"section-inner pdt0  border-bottom-section\">\n\t\t<p>IT \u015firketlerinin avukatlar\u0131 i\u00e7in, \u015firketin g\u00fcnl\u00fck i\u015flerinde IT ve fikri m\u00fclkiyetle ilgili teknolojiyi ve operasyonlar\u0131 anlamak \u00f6nemlidir. IT hakk\u0131nda bilgi ve anlay\u0131\u015fa sahip olmadan, \u015firketler i\u00e7in en \u00f6nemli olan \u00fcr\u00fcnlerle ilgili s\u00f6zle\u015fmeleri ve di\u011fer belgeleri dikkatlice incelemek veya olas\u0131 sorunlara kar\u015f\u0131 nas\u0131l yan\u0131t verilece\u011fini ve \u00f6nlem al\u0131naca\u011f\u0131n\u0131 d\u00fc\u015f\u00fcnmek m\u00fcmk\u00fcn de\u011fildir. MONOLITH LAW OFFICE, sadece IT alan\u0131nda uzmanla\u015fm\u0131\u015f startup \u015firketleri ve borsada listelenen \u015firketlerle ilgili davalar\u0131 de\u011fil, ayn\u0131 zamanda IT olmayan \u015firketlerin IT ve \u0130nternet davalar\u0131n\u0131 da IT ve fikri m\u00fclkiyet konular\u0131nda sorumlu avukat olarak ele almaktad\u0131r.<\/p>\n\t<\/div>\n<\/section>\n\n\n<section class=\"white-section\">\n\t<div class=\"section-inner\">\n\t\t<h3 class=\"ttl-white\">Bug\u00fcn, IT \u015firket faaliyetlerinin her y\u00f6n\u00fcnde mevcut<\/h3>\n\t\t<ul class=\"layout-column4\">\n\t\t\t<li>\n\t\t\t\t<h4>Restoran i\u015fletmeleri i\u00e7in<\/h4>\n\t\t\t\t<div><img decoding=\"async\" src=\"\/wp-content\/themes\/monolith2021\/img\/practices-itlaw\/practices-itlaw_illust1.png\"><\/div>\n\t\t\t\t<p>M\u00fc\u015fteri \u00e7ekmek i\u00e7in <span class=\"bold\">web pazarlamas\u0131<\/span> yaparken IT hizmetlerini ve IT \u015firketlerini d\u0131\u015f kaynak olarak kullanmak gereklidir.<\/p>\n\t\t\t<\/li>\n\t\t\t<li>\n\t\t\t\t<h4>\u0130malat sanayi i\u00e7in<\/h4>\n\t\t\t\t<div><img decoding=\"async\" src=\"\/wp-content\/themes\/monolith2021\/img\/practices-itlaw\/practices-itlaw_illust2.png\"><\/div>\n\t\t\t\t<p>\u00dcretim y\u00f6netimi i\u00e7in s\u00fcrekli <span class=\"bold\">IT tabanl\u0131 bilgi<\/span> geli\u015ftirmek esast\u0131r.<\/p>\n\t\t\t<\/li>\n\t\t\t<li>\n\t\t\t\t<h4>E-ticaret \u015firketleri i\u00e7in<\/h4>\n\t\t\t\t<div><img decoding=\"async\" src=\"\/wp-content\/themes\/monolith2021\/img\/practices-itlaw\/practices-itlaw_illust3.png\"><\/div>\n\t\t\t\t<p>E-ticaret sitesi y\u00f6netimi ve <span class=\"bold\">web medya pazarlama operasyonlar\u0131<\/span> da IT ile ilgili i\u015flerimiz aras\u0131ndad\u0131r.<\/p>\n\t\t\t<\/li>\n\t\t\t<li>\n\t\t\t\t<h4>E\u011flence sekt\u00f6r\u00fc i\u00e7in<\/h4>\n\t\t\t\t<div><img decoding=\"async\" src=\"\/wp-content\/themes\/monolith2021\/img\/practices-itlaw\/practices-itlaw_illust4.png\"><\/div>\n\t\t\t\t<p>\u0130nternet, <span class=\"bold\">medya y\u00f6netimi ve i\u00e7erik da\u011f\u0131t\u0131m\u0131<\/span> i\u00e7in vazge\u00e7ilmezdir.<\/p>\n\t\t\t<\/li>\n\t\t<\/ul>\n\t<\/div>\n<\/section>\n\n<section class=\"white-section\">\n\t<div class=\"section-inner pdt0\">\n\t\t<p class=\"txt-l txt-center mgb-middle\">Firmam\u0131z, eski bir IT m\u00fchendisi olan Y\u00f6netici Avukat\u0131m\u0131z\u0131n deneyiminden yararlanmaktad\u0131r.<br><span class=\"bold\">Japon IT\/Fikri M\u00fclkiyet hukukunda g\u00fc\u00e7l\u00fc bir hukuk b\u00fcrosuyuz<\/span><\/p>\n\t\t<div class=\"frame2 max-width860 txt-center-pc\">\n\t\t\t<p class=\"txt-l\"><span class=\"bold\">IT ve startup \u015firketleri i\u00e7in t\u00fcm hukuki i\u015flemleri y\u00f6netebiliriz.<br>IT alan\u0131nda faaliyet g\u00f6stermeyen \u015firketler i\u00e7in &#8220;IT\/Fikri M\u00fclkiyet hukuki dan\u0131\u015fman avukatlar\u0131&#8221; olarak g\u00f6rev yapmaktay\u0131z.<\/p>\n\t\t<\/div>\n\t<\/div>\n<\/section>\n\n<section class=\"second-nav\">\n\t<div class=\"second-nav-inner\">\n\t\t<p>KONULAR<\/p>\n\t\t<nav>\n\t\t\t<ul>\n\t\t\t\t<li><a href=\"#system-development\">Sistem Geli\u015ftirme<\/a><\/li>\n\t\t\t\t<li><a href=\"#terms-of-use\">Kullan\u0131m Ko\u015fullar\u0131<\/a><\/li>\n\t\t\t\t<li><a href=\"#crypto-assets-and-blockchain\">Kripto Varl\u0131klar ve Blockchain<\/a><\/li>\n\t\t\t\t<li><a href=\"#ai-chatgpt-etc\">AI (ChatGPT vb.)<\/a><\/li>\n\t\t\t\t<li><a href=\"#games\">Oyunlar<\/a><\/li>\n\t\t\t\t<li><a href=\"#swift-and-efficient-tech-legal-analysis\">H\u0131zl\u0131 ve etkili teknik\/hukuki analiz<\/a><\/li>\n\t\t\t\t<li><a href=\"#intellectual-property-rights\">Fikri M\u00fclkiyet Haklar\u0131<\/a><\/li>\n\t\t\t\t<li><a href=\"#domain-name-disputes\">Alan Ad\u0131 Anla\u015fmazl\u0131klar\u0131<\/a><\/li>\n\t\t\t\t<li><a href=\"#e-commerce\">E-ticaret<\/a><\/li>\n\t\t\t\t<li><a href=\"#medical-law\">T\u0131p Hukuku<\/a><\/li>\n\t\t\t\t<li><a href=\"#cybercrime\">Siber Su\u00e7lar<\/a><\/li>\n\t\t\t\t<li><a href=\"#monolith-law-magazine\">MONOLITH LAW MAGAZINE<\/a><\/li>\n\t\t\t\t<li><a href=\"#fee-structure\">\u00dccret Yap\u0131s\u0131<\/a><\/li>\n\t\t\t<\/ul>\n\t\t<\/nav>\n\t<\/div>\n<\/section>\n\n\n<section class=\"white-section\">\n\t<div class=\"anchor\" id=\"system-development\"><\/div>\n\t<div class=\"section-inner\">\n\t\t<div class=\"flex\">\n\t\t\t<div class=\"width41\"><img decoding=\"async\" src=\"\/wp-content\/themes\/monolith2021\/img\/practices-itlaw\/practices-itlaw_pic1.jpg\" alt=\"Sistem Geli\u015ftirme\"><\/div>\n\t\t\t<div class=\"width51\">\n\t\t\t\t<h3>Sistem Geli\u015ftirme<\/h3>\n\t\t\t\t<p class=\"mgb-middle\">Eski bir IT m\u00fchendisi taraf\u0131ndan y\u00f6netilen bir hukuk firmas\u0131y\u0131z ve s\u00f6zle\u015fmelerin tasla\u011f\u0131n\u0131 \u00e7\u0131karmaktan, revize etmekten ve m\u00fczakere etmekten, anla\u015fmazl\u0131klar\u0131 \u00e7\u00f6zmeye kadar sistem geli\u015ftirme konular\u0131nda uzmanla\u015f\u0131yoruz. Ayr\u0131ca, teklif belgeleri gibi mevcut materyallere dayanarak, minimum m\u00fc\u015fteri g\u00f6r\u00fc\u015fmeleri ile s\u0131f\u0131rdan s\u00f6zle\u015fmeler haz\u0131rl\u0131yoruz.<\/p>\n\t\t\t\t<div class=\"btn-area align-left\">\n\t\t\t\t\t<div class=\"btn icon-system-development\"><a href=\"\/tr\/system-development\">Sistem Geli\u015ftirme<\/a><\/div>\n\t\t\t\t<\/div>\n\t\t\t<\/div>\n\t\t<\/div>\n\t<\/div>\n<\/section>\n\n<section class=\"orange-section\">\n\t<div class=\"anchor\" id=\"terms-of-use\"><\/div>\n\t<div class=\"section-inner\">\n\t\t<div class=\"flex reverse\">\n\t\t\t<div class=\"width41\"><img decoding=\"async\" src=\"\/wp-content\/themes\/monolith2021\/img\/practices-itlaw\/practices-itlaw_pic2.jpg\" alt=\"Uygulamalar i\u00e7in Kullan\u0131m \u015eartlar\u0131n\u0131n \u0130ncelemesi\"><\/div>\n\t\t\t<div class=\"width51\">\n\t\t\t\t<h3>Kullan\u0131m \u015eartlar\u0131<\/h3>\n\t\t\t\t<p class=\"mgb-middle\">MONOLITH LAW OFFICE, Japonya&#8217;daki \u00e7e\u015fitli uygulamalar, hizmetler, oyunlar i\u00e7in kullan\u0131m \u015fartlar\u0131 ve gizlilik politikalar\u0131n\u0131n olu\u015fturulmas\u0131 ve g\u00f6zden ge\u00e7irilmesi konusunda hizmet vermektedir. Ek olarak, ilgili uygulama geli\u015ftirme i\u00e7in gereksinimlerinizi, Adobe XD \u00e7er\u00e7evelerini, LP&#8217;leri, potansiyel m\u00fc\u015fteriler i\u00e7in sat\u0131\u015f materyallerini ve di\u011fer mevcut belge ve verilerinizi okuyabiliriz.<\/p>\n\t\t\t\t<div class=\"btn-area align-left\">\n\t\t\t\t\t<div class=\"btn icon-terms-of-use\"><a href=\"\/tr\/terms-of-use\">Kullan\u0131m \u015eartlar\u0131<\/a><\/div>\n\t\t\t\t<\/div>\n\t\t\t<\/div>\n\t\t<\/div>\n\t<\/div>\n<\/section>\n\n<section class=\"white-section\">\n\t<div class=\"anchor\" id=\"crypto-assets-and-blockchain\"><\/div>\n\t<div class=\"section-inner\">\n\t\t<div class=\"flex\">\n\t\t\t<div class=\"width41\"><img decoding=\"async\" src=\"\/wp-content\/uploads\/2022\/07\/shutterstock_1151380622_2.png\" alt=\"Kripto Varl\u0131klar ve Blockchain\"><\/div>\n\t\t\t<div class=\"width51\">\n\t\t\t\t<h3>Kripto Varl\u0131klar ve Blockchain<\/h3>\n\t\t\t\t<p class=\"mgb-middle\">Blockchain&#8217;ler, kay\u0131t kayb\u0131n\u0131n son derece d\u00fc\u015f\u00fck riskini ta\u015f\u0131yan, ge\u00e7mi\u015f kay\u0131tlar\u0131n sahtecili\u011fini zorla\u015ft\u0131ran ve konsensus algoritmalar\u0131, kriptografi ve P2P a\u011flar\u0131 gibi IT teknikleri taraf\u0131ndan m\u00fcmk\u00fcn k\u0131l\u0131nan merkezi olmayan veritabanlar\u0131d\u0131r. MONOLITH LAW OFFICE, 2017 y\u0131l\u0131nda kurulduktan k\u0131sa bir s\u00fcre sonra kripto varl\u0131k ve blockchain hukuki \u00e7al\u0131\u015fmalar\u0131nda yer alm\u0131\u015ft\u0131r.<\/p>\n\t\t\t\t<div class=\"btn-area align-left\">\n\t\t\t\t\t<div class=\"btn icon-crypto-asset-and-blockchain\"><a href=\"\/tr\/crypto-asset-and-blockchain\">Kripto Varl\u0131klar<br>ve Blockchain<\/a><\/div>\n\t\t\t\t<\/div>\n\t\t\t<\/div>\n\t\t<\/div>\n\t<\/div>\n<\/section>\n\n<section class=\"purple-section\">\n\t<div class=\"anchor\" id=\"ai-chatgpt-etc\"><\/div>\n\t<div class=\"section-inner\">\n\t\t<div class=\"flex reverse\">\n\t\t\t<div class=\"width41\"><img decoding=\"async\" src=\"\/wp-content\/themes\/monolith2021\/img\/practices-itlaw\/practices-itlaw_pic5.jpg\" alt=\"AI (ChatGPT, vb.)\"><\/div>\n\t\t\t<div class=\"width51\">\n\t\t\t\t<h3>AI (ChatGPT, vb.)<\/h3>\n\t\t\t\t<p class=\"mgb-small\">IT startup ve i\u015fletme \u015firketlerinin talebi \u00fczerine, g\u00f6r\u00fcnt\u00fc ve do\u011fal dil AI hizmetleri ile telif hakk\u0131 hukuku, ki\u015fisel bilgi koruma hukuku vb. konularla ilgili hukuki kontroller, s\u00f6zle\u015fme i\u015flemleri ve h\u00fck\u00fcmet bildirim deste\u011fi sa\u011fl\u0131yoruz.<\/p>\n\t\t\t\t<p class=\"mgb-middle\">Belirli durumlarda, hizmetin yasall\u0131\u011f\u0131n\u0131 ve Japonya&#8217;daki yasal i\u015fleyi\u015fi i\u00e7in gerekli sistemi de\u011ferlendirmeden \u00f6nce, k\u00fct\u00fcphanenin tam i\u015fleyi\u015fini anlamak i\u00e7in teknik belgeleri ve kaynak kodlar\u0131 inceleriz.<\/p>\n\t\t\t\t<div class=\"btn-area align-left\">\n\t\t\t\t\t<div class=\"btn icon-ai\"><a href=\"\/tr\/ai\">AI (ChatGPT, vb.)<\/a><\/div>\n\t\t\t\t<\/div>\n\t\t\t<\/div>\n\t\t<\/div>\n\t<\/div>\n<\/section>\n\n<section class=\"white-section mgt-section \">\n\t<div class=\"anchor\" id=\"games\"><\/div>\n\t<div class=\"section-inner-black\">\n\t\t<h3>Oyunlar<\/h3>\n\t\t<p class=\"mgb-middle\"> Japonya&#8217;da, Telif Hakk\u0131 Yasas\u0131, Haks\u0131z Primler ve Yan\u0131lt\u0131c\u0131 Temsiller Yasas\u0131, Fonlar Yerle\u015fim Yasas\u0131, T\u00fcketici S\u00f6zle\u015fmesi Yasas\u0131, Belirli Ticari \u0130\u015flemler Yasas\u0131 ve Telekom\u00fcnikasyon \u0130\u015f Yasas\u0131 olmak \u00fczere bir\u00e7ok yasa, sosyal oyunlar\u0131n i\u015fletilmesini d\u00fczenler.<br> Anla\u015fmazl\u0131klardan ve h\u00fck\u00fcmet cezalar\u0131ndan ka\u00e7\u0131nmak i\u00e7in yasal uyumlulu\u011fun sa\u011flanmas\u0131 gereklidir.<br> Hukuk b\u00fcromuz ayr\u0131ca, Japonya&#8217;daki video oyunlar\u0131 ve e-spor \u015firketlerine hukuki dan\u0131\u015fmanl\u0131k hizmeti vermektedir, bu da sekt\u00f6r\u00fcn anla\u015f\u0131lmas\u0131n\u0131 ve yasal i\u015fletilmesini gerektirir.<\/p>\n\t<\/div>\n<\/section>\n\n<section class=\"white-section\">\n\t<div class=\"anchor\" id=\"swift-and-efficient-tech-legal-analysis\"><\/div>\n\t<div class=\"section-inner\">\n\t\t<div class=\"flex reverse\">\n\t\t\t<div class=\"width41\"><img decoding=\"async\" src=\"\/wp-content\/themes\/monolith2021\/img\/pic\/pic_draft.jpg\" alt=\"Minimum i\u015fletme s\u00fcresiyle taslak haz\u0131rlama\"><\/div>\n\t\t\t<div class=\"width51\">\n\t\t\t\t<h3>Taslak Haz\u0131rlama \u0130\u00e7in Gerekli Minimum S\u00fcre<\/h3>\n\t\t\t\t<p class=\"mgb-middle\">Eski bir IT m\u00fchendisi olan Y\u00f6netici Avukat\u0131m\u0131z ve IT dan\u0131\u015fmanlar\u0131ndan olu\u015fan ekibimizle, \u00f6zellikle AI gibi ileri teknolojiler i\u00e7in teknik analiz ve hukuki inceleme hizmetleri sunan firmam\u0131z, tek durakl\u0131 bir hizmet sunmaktad\u0131r. <\/p>\n\t\t\t\t<p>\u00d6zellikle AI kullan\u0131lan ileri teknoloji hizmetlerinin yasall\u0131\u011f\u0131, bu t\u00fcr hizmetlerin nas\u0131l \u00e7al\u0131\u015ft\u0131\u011f\u0131n\u0131 teknik olarak anlamadan belirlenemez. Tek durakl\u0131 bir hizmet olarak, hem teknik analiz hem de hukuki inceleme sa\u011flayabiliriz.<\/p>\n\t\t\t<\/div>\n\t\t<\/div>\n\t<\/div>\n<\/section>\n\n<section class=\"white-section mgb-section80\">\n\t<div class=\"anchor\" id=\"intellectual-property-rights\"><\/div>\n\t<div class=\"section-inner-black\">\n\t\t<h3>Fikri M\u00fclkiyet<\/h3>\n\t\t<p class=\"mgb-middle\">We handle IP strategy planning, contractual relations and litigation in both the IT and entertainment fields.\nIn the case of disputes, we also handle highly specialized litigation, such as litigation over patent ownership rights.<\/p>\n\t<\/div>\n<\/section>\n\n<section class=\"white-section mgt-section80\">\n\t<div class=\"anchor\" id=\"domain-name-disputes\"><\/div>\n\t<div class=\"section-inner-black\">\n\t\t<h3>Alan Ad\u0131 Anla\u015fmazl\u0131klar\u0131<\/h3>\n\t\t<p class=\"mgb-middle\">We have expertise in handling domain names, intellectual property rights, and dispute resolution based on the JP Domain Name Dispute Resolution Policy (DRP) and litigation procedures using the Unfair Competition Prevention Act.\n<\/p>\n\t<\/div>\n<\/section>\n\n<section class=\"white-section\">\n\t<div class=\"anchor\" id=\"e-commerce\"><\/div>\n\t<div class=\"section-inner\">\n\t\t<div class=\"flex\">\n\t\t\t<div class=\"width41\"><img decoding=\"async\" src=\"\/wp-content\/themes\/monolith2021\/img\/practices-itlaw\/practices-itlaw_pic7.jpg\" alt=\"E-ticaret\"><\/div>\n\t\t\t<div class=\"width51\">\n\t\t\t\t<h3>E-ticaret<\/h3>\n\t\t\t\t<p>Rakuten, Amazon ve Yahoo!Shopping gibi platformlarda marka ve telif hakk\u0131 ihlallerine kar\u015f\u0131 ihtiyati tedbirler dahil olmak \u00fczere, \u00e7e\u015fitli Japon e-ticaret anla\u015fmazl\u0131klar\u0131n\u0131 \u00e7\u00f6zme konusunda deneyimimiz bulunmaktad\u0131r.<\/p>\n\t\t\t<\/div>\n\t\t<\/div>\n\t<\/div>\n<\/section>\n\n<section class=\"white-section mgb-section80\">\n\t<div class=\"anchor\" id=\"medical-law\"><\/div>\n\t<div class=\"section-inner-black\">\n\t\t<h3>T\u0131p Hukuku<\/h3>\n\t\t<p class=\"mgb-middle\">The intersection of laws related to medical care in Japan, such as the Pharmaceutical Affairs Act, Medical Service Act, and Medical Practitioners Act, with IT and the Internet, is a complex and specialized area.\nOur firm has medical-related legal specialists and a founding lawyer who is a former IT engineer, is well-versed in the industry.<\/p>\n\t\t<h4 class=\"mgb-middle\">T\u0131p Hukuku Davalar\u0131nda Deneyimlerimiz (\u00d6rnekler)<\/h4>\n\t\t<p class=\"mgb-middle\">\u0130la\u00e7 ve T\u0131bbi Cihaz Yasas\u0131 (PMD Yasas\u0131) ve takviye \u00fcr\u00fcn da\u011f\u0131t\u0131c\u0131lar\u0131n\u0131n LP&#8217;leri hakk\u0131nda di\u011fer yasalar alt\u0131nda hukuki inceleme, g\u00fczellikle ilgili medya i\u00e7in PMD Yasas\u0131 ve di\u011fer ilgili yasalar alt\u0131nda hukuki incelemeler ve y\u00f6nergelerin form\u00fclasyonu, t\u0131bbi alanda yeni giri\u015fimlerin hukuki me\u015fruiyetinin denetimi, t\u0131bbi giri\u015fimler i\u00e7in \u00fcniversitelerle ortak ara\u015ft\u0131rma s\u00f6zle\u015fmelerinin haz\u0131rlanmas\u0131. T\u0131bbi bilgi i\u015fbirli\u011fi hizmetleri i\u00e7in kullan\u0131m \u015fartlar\u0131n\u0131n hukuki incelemesi ve haz\u0131rlanmas\u0131, takviye sat\u0131\u015f i\u015fletmeleri i\u00e7in Belirli Ticari Kanun a\u00e7\u0131klamalar\u0131n\u0131n haz\u0131rlanmas\u0131.<\/p>\n\t<\/div>\n<\/section>\n\n<section class=\"white-section\">\n\t<div class=\"anchor\" id=\"cybercrime\"><\/div>\n\t<div class=\"section-inner\">\n\t\t<div class=\"flex reverse\">\n\t\t\t<div class=\"width41\"><img decoding=\"async\" src=\"\/wp-content\/uploads\/2023\/05\/dispute_pic2.jpg\" alt=\"Siber Su\u00e7\"><\/div>\n\t\t\t<div class=\"width51\">\n\t\t\t\t<h3>Siber Su\u00e7lar<\/h3>\n\t\t\t\t<p class=\"mgb-middle\">Japonya&#8217;da meydana gelen yetkisiz eri\u015fim gibi olaylarla ilgili olarak Japon polisinin soru\u015fturma ve tutuklama yapmas\u0131n\u0131 te\u015fvik etmek i\u00e7in, Japon ceza usul\u00fc konusunda bilgili uzmanlar\u0131n yard\u0131m\u0131 etkilidir. IT konusunda uzmanla\u015fm\u0131\u015f bir hukuk firmas\u0131 olarak, yetkisiz eri\u015fim ve yasad\u0131\u015f\u0131 veri s\u0131z\u0131nt\u0131s\u0131 gibi siber su\u00e7lar\u0131n kurban\u0131 olan \u015firketlere, ceza soru\u015fturmalar\u0131n\u0131 ba\u015flatmak i\u00e7in ceza \u015fikayetlerinin ve raporlar\u0131n sunulmas\u0131 dahil olmak \u00fczere hukuki destek sunuyoruz. Bu, bizim ay\u0131rt edici \u00f6zelliklerimizden biridir.<\/p>\n\t\t\t\t<div class=\"btn-area align-left\">\n\t\t\t\t\t<div class=\"btn icon-cybercrime\"><a href=\"\/tr\/cybercrime\">Siber Su\u00e7lar<\/a><\/div>\n\t\t\t\t<\/div>\n\t\t\t<\/div>\n\t\t<\/div>\n\t<\/div>\n<\/section>\n\n<section class=\"white-section\">\n\t<div class=\"section-inner pdt0\">\n\t\t<div class=\"frame2 max-width860 txt-center-pc\">\n\t\t\t<p class=\"bold txt-l\">Ayr\u0131ca, \u015firketinizin ana hukuki dan\u0131\u015fman\u0131ndan ayr\u0131 bir kapasitede g\u00fc\u00e7l\u00fc y\u00f6nlerimizi kullanarak \u015firketinizin &#8220;ikinci avukat\u0131&#8221; olarak da g\u00f6rev yapabiliriz.<\/p>\n\t\t<\/div>\n\t<\/div>\n<\/section>\n\n<section class=\"purple2-section\">\n\t<div class=\"anchor\" id=\"monolith-law-magazine\"><\/div>\n\t<div class=\"section-inner\">\n\t\t    <section class=\"white-section temp-article\">\n        <div class=\"section-inner\">\n            <h4>MONOLITH LAW MAGAZINE<\/h4>\n            <div class=\"articles type_practice_column\">\n                                                                    <div class=\"article article-area\">\n                        <figure>\n                            <div class=\"img-wrap\">\n                                <img alt=\"Ekonomi, Ticaret ve Sanayi Bakanl\u0131\u011f\u0131'n\u0131n \"Yapay Zeka \u0130\u015fletmecileri \u0130\u00e7in K\u0131lavuz\" \u0130\u00e7eri\u011fini Avukatlar A\u00e7\u0131kl\u0131yor\" src=\"https:\/\/monolith.law\/tr\/wp-content\/uploads\/sites\/24\/2025\/08\/e36600b5b611907cab776b37513c6f6e.webp\" width=\"500\" height=\"250\">\n                            <\/div>\n                            <figcaption>\n                                <div class=\"figcaption-inner\">\n                                    <h3>Ekonomi, Ticaret ve Sanayi Bakanl\u0131\u011f\u0131'n\u0131n \"Yapay Zeka \u0130\u015fletmecileri \u0130\u00e7in K\u0131lavuz\".<\/h3>\n                                <\/div>\n                            <\/figcaption>\n                            <a href=\"https:\/\/monolith.law\/tr\/it\/ai-business-guidelines\"><\/a>\n                        <\/figure>\n                    <\/div>\n                                                    <div class=\"article article-area\">\n                        <figure>\n                            <div class=\"img-wrap\">\n                                <img alt=\"AB'nin Yapay Zeka D\u00fczenlemesi ve Japon \u015eirketler \u0130\u00e7in Gerekli Tepkiler\" src=\"https:\/\/monolith.law\/tr\/wp-content\/uploads\/sites\/24\/2025\/08\/a1a29c01832a47f3d2c7dc6bfde10302.webp\" width=\"500\" height=\"250\">\n                            <\/div>\n                            <figcaption>\n                                <div class=\"figcaption-inner\">\n                                    <h3>AB'nin Yapay Zeka D\u00fczenlemesi ve Japon \u015eirketler \u0130\u00e7in Gerekli Tepkiler<\/h3>\n                                <\/div>\n                            <\/figcaption>\n                            <a href=\"https:\/\/monolith.law\/tr\/it\/eu-ai-act\"><\/a>\n                        <\/figure>\n                    <\/div>\n                                                    <div class=\"article article-area\">\n                        <figure>\n                            <div class=\"img-wrap\">\n                                <img alt=\"Google Yorum Hizmetleri \u0130llegal mi? Hediye Reklam Kanunu ile \u0130li\u015fkisi ve Cezai Yapt\u0131r\u0131mlar\u0131n A\u00e7\u0131klanmas\u0131\" src=\"https:\/\/monolith.law\/tr\/wp-content\/uploads\/sites\/24\/2025\/08\/18d044df35c4f42bb7e1507848a5e228.webp\" width=\"500\" height=\"250\">\n                            <\/div>\n                            <figcaption>\n                                <div class=\"figcaption-inner\">\n                                    <h3>Google Yorum Hizmetleri \u0130llegal mi? Hediye Reklam Kanunu ile \u0130li\u015fkisi ve Cezai Y.<\/h3>\n                                <\/div>\n                            <\/figcaption>\n                            <a href=\"https:\/\/monolith.law\/tr\/it\/google-review-agency\"><\/a>\n                        <\/figure>\n                    <\/div>\n                                            <\/div>\n            <div class=\"btn-more\"><a href=\"https:\/\/monolith.law\/tr\/tag\/it\">Read More<\/a><\/div>\n        <\/div>\n    <\/section>\n\t<\/div>\n<\/section>\n\n<section class=\"orange2-section\">\n\t<div class=\"anchor\" id=\"fee-structure\"><\/div>\n\t<div class=\"section-inner\">\n\t\t<div class=\"planWrap\">\n\t\t\t<h3>\u00dccret Yap\u0131s\u0131<\/h3>\n\t\t\t<ul class=\"plan\">\n\t\t\t\t<li class=\"txt-left\">\n\t\t\t\t\t<div class=\"plan-inner\">\n\t\t\t\t\t<div class=\"plan-header\">\n\t\t\t\t\t\t<h4 class=\"plan-title\">Saatlik \u00dccret<\/h4>\n\t\t\t\t\t\t<div class=\"plan-price\">\n\t\t\t\t\t\t\t<div class=\"plan-price\"><span class=\"price-figure\">$300<\/span>saat ba\u015f\u0131na<span class=\"price-value\"><\/span><\/div>\n<\/div>\n\t\t\t\t\t<\/div>\n\t\t\t\t\t<div class=\"plan-body\">\n\t\t\t\t\t\t<p>Baz\u0131 durumlarda, bir dava veya hukuk davas\u0131n\u0131 ba\u015flang\u0131\u00e7 \u00fccreti ve ba\u015far\u0131ya ba\u011fl\u0131 \u00fccret ile kabul etmeyi d\u00fc\u015f\u00fcnebiliriz. Daha fazla bilgi i\u00e7in l\u00fctfen bizimle ileti\u015fime ge\u00e7mekten \u00e7ekinmeyin.<\/p>\n\t\t\t\t\t\t<p><\/p>\n\t\t\t\t\t\t<p class=\"txt-s\"><\/p>\n\t\t\t\t\t<\/div>\n\t\t\t\t\t<\/div>\n\t\t\t\t<\/li>\n\t\t\t\t<li class=\"txt-left\">\n\t\t\t\t\t<div class=\"plan-inner\">\n\t\t\t\t\t<div class=\"plan-header\">\n\t\t\t\t\t\t<h4 class=\"plan-title\">S\u00f6zle\u015fme Haz\u0131rlama<\/h4>\n\t\t\t\t\t\t<div class=\"plan-price\">\n\t\t\t\t\t\t<div class=\"plan-price\"><span class=\"price-value\">ba\u015flang\u0131\u00e7 fiyat\u0131<\/span><span class=\"price-figure\">$500<\/span><span class=\"price-value\">$2,000 veya daha fazla<\/span><\/div>\n<\/div>\n\t\t\t\t\t<\/div>\n\t\t\t\t\t<div class=\"plan-body\">\n\t\t\t\t\t\t<p>The pricing structure is subject to variation based on the type and quantity of contracts. We are pleased to offer a preliminary estimate upon inquiry, thereby encouraging you to reach out to us for further details.\n<\/p>\n\t\t\t\t\t\t<p class=\"txt-s\"><\/p>\n\t\t\t\t\t<\/div>\n\t\t\t\t\t<\/div>\n\t\t\t\t<\/li>\n\t\t\t\t<li class=\"txt-left\">\n\t\t\t\t\t<div class=\"plan-inner\">\n\t\t\t\t\t<div class=\"plan-header\">\n\t\t\t\t\t<h4 class=\"plan-title\">Di\u011fer Hizmetler<\/h4>\n\t\t\t\t\t<div class=\"plan-price\">\n\t\t\t\t\t\t<div class=\"plan-price\"><span class=\"price-figure\">Bize Ula\u015f\u0131n<\/span><\/div>\n\t\t\t\t\t<\/div>\n\t\t\t\t\t<div class=\"plan-body\">\n\t\t\t\t\t\t<p>\u015eirket kurulumu, s\u00f6zle\u015fme incelemesi, hukuki g\u00f6r\u00fc\u015f, dava incelemesi veya ara\u015ft\u0131rma mektubu dahil olmak \u00fczere geni\u015f bir hizmet yelpazesi sunuyoruz. Herhangi bir sorunuz veya endi\u015feniz varsa, bilgili ekibimizin size yard\u0131mc\u0131 olmak i\u00e7in sab\u0131rs\u0131zland\u0131\u011f\u0131n\u0131 bilerek bizimle ileti\u015fime ge\u00e7mekten \u00e7ekinmeyin.<\/p>\n\t\t\t\t\t\t<p>\n<\/p>\n\t\t\t\t\t\t<p class=\"txt-s\"><\/p>\n\t\t\t\t\t<\/div>\n\t\t\t\t\t<\/div>\n\t\t\t\t<\/li>\n\t\t\t<\/ul>\n\t\t<\/div>\n\t<\/div>\n<\/section>\n<section class=\"white-section\">\n\t<div class=\"section-inner\">\n\t\t<div class=\"btn-area\">\n\t\t\t<div class=\"btn icon-contact\"><a href=\"\/tr\/contact\">Bize Ula\u015f\u0131n<\/a><\/div>\n\t\t<\/div>\n\t<\/div>\n<\/section>\n","protected":false},"excerpt":{"rendered":"<p>IT Teknolojinin h\u0131zla geli\u015fti\u011fi bir toplumda, \u015firketlerin IT ve fikri m\u00fclkiyetine derinlemesine hakim olmak, Japonya&#8217;daki kurumsal avukatlar i\u00e7in hayati \u00f6nem ta\u015f\u0131maktad\u0131r. Firmam\u0131z\u0131n g\u00fcc\u00fc, bu al [&hellip;]<\/p>\n","protected":false},"author":1,"featured_media":57140,"parent":0,"menu_order":0,"comment_status":"closed","ping_status":"closed","template":"non-other-page-temp.php","meta":{"footnotes":""},"acf":[],"_links":{"self":[{"href":"https:\/\/monolith.law\/tr\/wp-json\/wp\/v2\/pages\/56075"}],"collection":[{"href":"https:\/\/monolith.law\/tr\/wp-json\/wp\/v2\/pages"}],"about":[{"href":"https:\/\/monolith.law\/tr\/wp-json\/wp\/v2\/types\/page"}],"author":[{"embeddable":true,"href":"https:\/\/monolith.law\/tr\/wp-json\/wp\/v2\/users\/1"}],"replies":[{"embeddable":true,"href":"https:\/\/monolith.law\/tr\/wp-json\/wp\/v2\/comments?post=56075"}],"version-history":[{"count":30,"href":"https:\/\/monolith.law\/tr\/wp-json\/wp\/v2\/pages\/56075\/revisions"}],"predecessor-version":[{"id":62798,"href":"https:\/\/monolith.law\/tr\/wp-json\/wp\/v2\/pages\/56075\/revisions\/62798"}],"wp:featuredmedia":[{"embeddable":true,"href":"https:\/\/monolith.law\/tr\/wp-json\/wp\/v2\/media\/57140"}],"wp:attachment":[{"href":"https:\/\/monolith.law\/tr\/wp-json\/wp\/v2\/media?parent=56075"}],"curies":[{"name":"wp","href":"https:\/\/api.w.org\/{rel}","templated":true}]}}