{"id":56080,"date":"2023-11-05T23:50:59","date_gmt":"2023-11-05T14:50:59","guid":{"rendered":"https:\/\/monolith.law\/tr\/?page_id=56080"},"modified":"2024-08-14T12:21:19","modified_gmt":"2024-08-14T03:21:19","slug":"internet","status":"publish","type":"page","link":"https:\/\/monolith.law\/tr\/internet","title":{"rendered":"Internet"},"content":{"rendered":"\n<section class=\"heading-area\">\n\t<div class=\"heading-area-inner\">\n\t\t<h2 class=\"icon-internet\">\u0130nternet<\/h2>\n\t\t<p>G\u00fc\u00e7l\u00fc IT uzmanl\u0131\u011f\u0131na sahip bir hukuk firmas\u0131 olarak, YouTuber&#8217;lar da dahil olmak \u00fczere internet end\u00fcstrisindeki giri\u015fimcilere kapsaml\u0131 hukuki destek sa\u011flama konusunda kan\u0131tlanm\u0131\u015f bir ge\u00e7mi\u015fe sahibiz. Ayr\u0131ca, \u00e7evrimi\u00e7i platformlarla ilgili anla\u015fmazl\u0131klar\u0131n \u00e7\u00f6z\u00fcm\u00fcnde uzmanla\u015fm\u0131\u015f durumday\u0131z ve m\u00fc\u015fterilerin olumsuz web sayfalar\u0131n\u0131 kald\u0131rmalar\u0131na ve \u00e7evrimi\u00e7i \u00e7at\u0131\u015fmalar\u0131 \u00e7\u00f6zmelerine ba\u015far\u0131yla yard\u0131mc\u0131 olduk.<\/p>\n\t<\/div>\n<\/section>\n\n<section class=\"white-section\">\n\t<div class=\"section-inner pdt0  border-bottom-section\">\n\t\t<p class=\"mgb-small\">IT ile ilgili hukuki konularda geni\u015f deneyime sahip olan MONOLITH LAW OFFICE, YouTuber&#8217;lar ve YouTube ile ilgili faaliyetlerde bulunan \u015firketler de dahil olmak \u00fczere internet tabanl\u0131 i\u015fletmeleri destekleme konusunda \u00f6zellikle bilgilidir.<\/p>\n\t\t<p>\u0130nternetle ili\u015fkili do\u011fal riskleri, \u00f6rne\u011fin olumsuz web sayfalar\u0131 ve \u00e7evrimi\u00e7i b\u00fclten panolar\u0131ndaki g\u00f6nderileri anl\u0131yoruz. Firmam\u0131z, bireylerden b\u00fcy\u00fck \u015firketlere kadar \u00e7e\u015fitli m\u00fc\u015fteriler i\u00e7in \u00e7evrimi\u00e7i itibar y\u00f6netimiyle ilgili say\u0131s\u0131z davay\u0131 ba\u015far\u0131yla ele ald\u0131. Japonya&#8217;da olumsuz web sayfalar\u0131 benzersiz bir hukuki meydan okuma sunmakta ve nitelikli avukatlar\u0131m\u0131z etkili \u00e7\u00f6z\u00fcmler sunmak i\u00e7in donan\u0131ml\u0131d\u0131r. Olumsuz web sayfalar\u0131yla ilgili sorunlar\u0131 \u00e7\u00f6zme konusundaki uzmanl\u0131k ve deneyimimizi kullanarak sizinle g\u00f6r\u00fc\u015fmeyi sab\u0131rs\u0131zl\u0131kla bekliyoruz.<\/p>\n\t<\/div>\n<\/section>\n\n<section class=\"second-nav\">\n\t<div class=\"second-nav-inner\">\n\t\t<p>BA\u015eLIKLAR<\/p>\n\t\t<nav>\n\t\t\t<ul>\n\t\t\t\t<li><a href=\"#legal-support-for-youtuber\">YouTuber i\u00e7in Hukuki Destek<\/a><\/li>\n\t\t\t\t<li><a href=\"#legal-support-for-vtuber\">VTuber i\u00e7in Hukuki Destek<\/a><\/li>\n\t\t\t\t<li><a href=\"#manda-of-sns-accounts\">SNS Hesaplar\u0131n\u0131n M&amp;A&#8217;s\u0131<\/a><\/li>\n\t\t\t\t<li><a href=\"#mitigating-reputational-damage\">\u0130tibar Zarar\u0131n\u0131 Azaltma<\/a><\/li>\n\t\t\t\t<li><a href=\"#id-of-the-defamatory-statement\">\u0130ftira \u0130\u00e7eren \u0130fadenin Kimli\u011fi<\/a><\/li>\n\t\t\t\t<li><a href=\"#corporate-reputation-management\">Kurumsal \u0130tibar Y\u00f6netimi<\/a><\/li>\n\t\t\t\t<li><a href=\"#removal-of-past-unwanted-info\">Ge\u00e7mi\u015fteki \u0130stenmeyen Bilgilerin Kald\u0131r\u0131lmas\u0131<\/a><\/li>\n\t\t\t\t<li><a href=\"#monolith-law-magazine\">MONOLITH LAW MAGAZINE<\/a><\/li>\n\t\t\t\t<li><a href=\"#fee-structure\">\u00dccret Yap\u0131s\u0131<\/a><\/li>\n\t\t\t<\/ul>\n\t\t<\/nav>\n\t<\/div>\n<\/section>\n\n<section class=\"purple-section mgt-section\">\n\t<div class=\"anchor\" id=\"legal-support-for-youtuber\"><\/div>\n\t<div class=\"section-inner\">\n\t\t<div class=\"flex\">\n\t\t\t<div class=\"width41\"><img decoding=\"async\" src=\"\/wp-content\/themes\/monolith2021\/img\/pic\/pic_practices-youtuberlaw.jpg\" alt=\"YouTuber i\u00e7in Hukuki Destek\"><\/div>\n\t\t\t<div class=\"width51\">\n\t\t\t\t<h3>YouTuber i\u00e7in Hukuki Destek<\/h3>\n\t\t\t\t<p class=\"mgb-small\">YouTuber ajanslar\u0131 taraf\u0131ndan y\u00f6netilen YouTube kanallar\u0131, Sanal YouTuber&#8217;lar\u0131 (VTuber&#8217;lar\u0131) i\u015fleten \u015firketler ve i\u015f \u015firketleri, Japonya&#8217;da \u00f6zelle\u015fmi\u015f bilgi ve deneyime sahip hukuki dan\u0131\u015fmanlara ihtiya\u00e7 duyar.<\/p>\n\t\t\t\t<p class=\"mgb-middle\">M\u00fc\u015fterilerimiz aras\u0131nda b\u00fcy\u00fck Japon YouTuber Y\u00f6netim \u015eirketleri, \u00f6ne \u00e7\u0131kan bireysel YouTuber&#8217;lar ve Japonya genelinde \u00e7e\u015fitli VTuber i\u015f y\u00f6netim \u015firketleri bulunmaktad\u0131r. Ayr\u0131ca, Japonya&#8217;da video olu\u015fturma ile ilgili hukuki sorunlar\u0131 ele al\u0131rken ve YouTuber ve VTuber ile ilgili s\u00f6zle\u015fmeleri taslak haline getirirken ve g\u00f6zden ge\u00e7irirken son derece \u00f6zelle\u015fmi\u015f destek sa\u011fl\u0131yoruz.<\/p>\n\t\t\t\t<div class=\"btn-area align-left\">\n\t\t\t\t\t<div class=\"btn icon-legal-support-for-youtuber\"><a href=\"\/tr\/legal-support-for-youtuber\/\">YouTuber i\u00e7in<br>Hukuki Destek<\/a><\/div>\n\t\t\t\t<\/div>\n\t\t\t<\/div>\n\t\t<\/div>\n\t<\/div>\n<\/section>\n\n<section class=\"white-section\">\n\t<div class=\"anchor\" id=\"legal-support-for-vtuber\"><\/div>\n\t<div class=\"section-inner\">\n\t\t<div class=\"flex reverse\">\n\t\t\t<div class=\"width41\"><img decoding=\"async\" src=\"\/wp-content\/themes\/monolith2021\/img\/vtuberlaw\/pic_practices-vtuberlaw.jpg\" alt=\"VTuber i\u00e7in Hukuki Destek\"><\/div>\n\t\t\t<div class=\"width51\">\n\t\t\t\t<h3>VTuber i\u00e7in Hukuki Destek<\/h3>\n\t\t\t\t<p class=\"mgb-small\">VTuber&#8217;lar\u0131n, 2D veya 3D avatarlar kullanarak videolar ve canl\u0131 yay\u0131nlar olu\u015fturan YouTuber&#8217;lar, pop\u00fclaritesi art\u0131k yerle\u015fmi\u015f durumda. Bu trend Japonya&#8217;da ba\u015flad\u0131 ve \u015fimdi d\u00fcnya genelindeki \u00fclkelere yay\u0131lm\u0131\u015f durumda.<\/p>\n\t\t\t\t<p class=\"mgb-middle\">2017&#8217;den beri, Japonya&#8217;daki VTuber hukuki meseleleriyle ilgileniyoruz ve geni\u015f bir deneyim ve sa\u011flam bir ge\u00e7mi\u015fe sahibiz. VTuber&#8217;lar ve onlar\u0131n ba\u011fl\u0131 oldu\u011fu \u015firketlere ve ajanslara d\u00fcnya genelinde kapsaml\u0131 destek sa\u011flamaya tamamen ba\u011fl\u0131y\u0131z.<\/p>\n\t\t\t\t<div class=\"btn-area align-left\">\n\t\t\t\t\t<div class=\"btn icon-legal-support-for-vtuber\"><a href=\"\/tr\/legal-support-for-vtuber\/\">VTuber i\u00e7in<br>Hukuki Destek<\/a><\/div>\n\t\t\t\t<\/div>\n\t\t\t<\/div>\n\t\t<\/div>\n\t<\/div>\n<\/section>\n\n<section class=\"white-section\">\n\t<div class=\"anchor\" id=\"manda-of-sns-accounts\"><\/div>\n\t<div class=\"section-inner\">\n\t\t<div class=\"flex\">\n\t\t\t<div class=\"width41\"><img decoding=\"async\" src=\"\/wp-content\/themes\/monolith2021\/img\/pic\/pic_sns_manda.jpg\" alt=\"SNS hesaplar\u0131n\u0131n M&amp;A\"><\/div>\n\t\t\t<div class=\"width51\">\n\t\t\t\t<h3>SNS Hesaplar\u0131n\u0131n Sat\u0131n Al\u0131nmas\u0131 ve Birle\u015fmesi<\/h3>\n\t\t\t\t<p class=\"mgb-small\">Web siteleri gibi, YouTube kanallar\u0131 ve Twitter hesaplar\u0131 da sat\u0131n alma ve birle\u015fmelere (M&amp;A) konu olabilir. Ancak, bu t\u00fcr M&amp;A&#8217;lar \u00f6zel durumlar oldu\u011fundan, uzman bilgi ve tecr\u00fcbeye sahip bir hukuk firmas\u0131 gereklidir. Monolith Hukuk B\u00fcrosu, IT, internet ve i\u015f d\u00fcnyas\u0131nda uzmanla\u015fm\u0131\u015f bir hukuk firmas\u0131d\u0131r. Avukatlar\u0131m\u0131z, YouTube kanallar\u0131n\u0131 i\u00e7eren k\u00fc\u00e7\u00fck projelerden 100 milyon yenin \u00fczerindeki projelere kadar bir\u00e7ok M&amp;A i\u00e7in s\u00f6zle\u015fme tasla\u011f\u0131ndan nihai incelemeye (DD) kadar her \u015feyi ele al\u0131r.<\/p>\n\t\t\t\t<div class=\"btn-area align-left\">\n\t\t\t\t\t<div class=\"btn icon-m-and-a-of-sns-accounts\"><a href=\"\/tr\/m-and-a-of-sns-accounts\/\">SNS Hesaplar\u0131n\u0131n Sat\u0131n Al\u0131nmas\u0131 ve Birle\u015fmesi<\/a><\/div>\n\t\t\t\t<\/div>\n\n\t\t\t<\/div>\n\t\t<\/div>\n\t<\/div>\n<\/section>\n\n<section class=\"purple-section\">\n\t<div class=\"anchor\" id=\"mitigating-reputational-damage\"><\/div>\n\t<div class=\"section-inner\">\n\t\t<div class=\"flex reverse\">\n\t\t\t<div class=\"width41\"><img decoding=\"async\" src=\"\/wp-content\/themes\/monolith2021\/img\/pic\/pic_practices-reputation.jpg\" alt=\"\u0130tibar Zarar\u0131n\u0131 Hafifletme\"><\/div>\n\t\t\t<div class=\"width51\">\n\t\t\t\t<h3>\u0130tibar Zarar\u0131n\u0131 Hafifletme<\/h3>\n\t\t\t\t<p class=\"mgb-small\">\u015eirketlere veya bireylere sald\u0131r\u0131da bulunan olumsuz web sayfalar\u0131, itibarlar\u0131 \u00fczerinde zararl\u0131 etkilere sahip olabilir. Ancak Japon yasalar\u0131, bu t\u00fcr web sayfalar\u0131 iftira veya mahremiyet ihlali olu\u015fturuyorsa, onlar\u0131n kald\u0131r\u0131lmas\u0131 i\u00e7in h\u00fck\u00fcmler sa\u011flar. MONOLITH LAW OFFICE olarak, internetle ilgili hukuki meselelerde uzmanla\u015fm\u0131\u015f durumday\u0131z ve internetten zararl\u0131 bilgilerin kald\u0131r\u0131lmas\u0131yla ilgili pek \u00e7ok davay\u0131 ba\u015far\u0131yla ele ald\u0131k.<\/p>\n\t\t\t\t<p class=\"mgb-middle\">G\u00fc\u00e7l\u00fc internet deneyimimiz ve Japon hukuk ilkelerine derinlemesine hakimiyetimizle, b\u00fcy\u00fck \u015firketlerden bireylere kadar geni\u015f bir m\u00fc\u015fteri yelpazesine, olumsuz web sayfalar\u0131yla etkili bir \u015fekilde m\u00fccadele etmelerinde yard\u0131mc\u0131 olduk. Stratejik hukuki m\u00fcdahaleler yoluyla, m\u00fcvekkillerimizin itibarlar\u0131n\u0131 korumak ve iftira veya mahremiyet ihlali i\u00e7eren i\u00e7eriklerden kaynaklanan zarar\u0131 hafifletmek i\u00e7in \u00f6zveriyle \u00e7al\u0131\u015f\u0131yoruz.<\/p>\n\t\t\t\t<div class=\"btn-area align-left\">\n\t\t\t\t\t<div class=\"btn icon-mitigating-reputational-damage\"><a href=\"\/tr\/mitigating-reputational-damage\/\">\u0130tibar Zarar\u0131n\u0131<br>Hafifletme<\/a><\/div>\n\t\t\t\t<\/div>\n\t\t\t<\/div>\n\t\t<\/div>\n\t<\/div>\n<\/section>\n\n<section class=\"white-section\">\n\t<div class=\"anchor\" id=\"id-of-the-defamatory-statement\"><\/div>\n\t<div class=\"section-inner\">\n\t\t<div class=\"flex\">\n\t\t\t<div class=\"width41\"><img decoding=\"async\" src=\"\/wp-content\/themes\/monolith2021\/img\/pic\/pic_reputation.jpg\" alt=\"\u0130ftira Beyan\u0131n\u0131n Kayna\u011f\u0131n\u0131n ID'si\"><\/div>\n\t\t\t<div class=\"width51\">\n\t\t\t\t<h3>\u0130ftira Beyan\u0131n\u0131n Kimli\u011fi<\/h3>\n\t\t\t\t<p class=\"mgb-small\">Japon hukukuna g\u00f6re, iftira gibi yasad\u0131\u015f\u0131 g\u00f6nderilerden sorumlu ki\u015filerin kimli\u011fi, Sa\u011flay\u0131c\u0131 Sorumluluk S\u0131n\u0131rlama Yasas\u0131&#8217;n\u0131n h\u00fck\u00fcmleri arac\u0131l\u0131\u011f\u0131yla takip edilebilir. Bu hukuki i\u015flem, bir Japon mahkemesinde y\u00fcr\u00fct\u00fcl\u00fcr.<\/p>\n\t\t\t\t<p class=\"mgb-middle\">Bir i\u015fletme sahibini antisosyal g\u00fc\u00e7lerle ili\u015fkilendiren yan\u0131lt\u0131c\u0131 iddialar gibi g\u00f6z ard\u0131 edilemeyecek derecede k\u00f6t\u00fc niyetli g\u00f6nderilerin oldu\u011fu durumlarda, faillerin kimli\u011fini belirlemek ve uygun hukuki yapt\u0131r\u0131mlar\u0131 aramak hayati \u00f6nem ta\u015f\u0131r. Ayr\u0131ca, yasad\u0131\u015f\u0131 g\u00f6nderiler s\u00fcrekli olarak ger\u00e7ekle\u015fti\u011finde, tekrar\u0131n\u0131 \u00f6nlemek i\u00e7in kimliklerini belirlemeye ve \u00f6nlemeye y\u00f6nelik \u00e7abalar g\u00f6sterilmelidir.<\/p>\n\t\t\t\t<div class=\"btn-area align-left\">\n\t\t\t\t\t<div class=\"btn icon-id-of-the-defamatory-statement\"><a href=\"\/tr\/id-of-the-defamatory-statement\/\">\u0130ftira Beyan\u0131n\u0131n<br>Kimli\u011fi<\/a><\/div>\n\t\t\t\t<\/div>\n\t\t\t<\/div>\n\t\t<\/div>\n\t<\/div>\n<\/section>\n\n<section class=\"orange-section\">\n\t<div class=\"anchor\" id=\"corporate-reputation-management\"><\/div>\n\t<div class=\"section-inner\">\n\t\t<div class=\"flex reverse\">\n\t\t\t<div class=\"width41\"><img decoding=\"async\" src=\"\/en\/wp-content\/uploads\/sites\/6\/2023\/06\/pic_practices-listedcompany.jpg\" alt=\"Kurumsal \u0130tibar Y\u00f6netimi\"><\/div>\n\t\t\t<div class=\"width51\">\n\t\t\t\t<h3>Kurumsal \u0130tibar Y\u00f6netimi<\/h3>\n\t\t\t\t<p class=\"mgb-small\">Bir b\u00fcy\u00fck \u015firket, \u0130nternet&#8217;teki say\u0131s\u0131z olumsuz web sayfas\u0131 nedeniyle itibar zarar\u0131yla kar\u015f\u0131 kar\u015f\u0131ya kald\u0131\u011f\u0131nda, sorunu \u00e7\u00f6zmek karma\u015f\u0131k hale gelir. Hangi sayfalar\u0131n \u00f6ncelikli olarak kald\u0131r\u0131laca\u011f\u0131n\u0131 belirlemek ve kald\u0131rma \u00e7abalar\u0131n\u0131n maliyet etkinli\u011fini de\u011ferlendirmek \u00f6nemli zorluklar olu\u015fturur. Hem hukuki uzmanl\u0131\u011fa hem de IT dan\u0131\u015fmanl\u0131\u011f\u0131na sahip bir hukuk firmas\u0131 olarak, bu karma\u015f\u0131k problem senaryolar\u0131na \u00f6zel olarak uyarlanm\u0131\u015f kapsaml\u0131 \u00e7\u00f6z\u00fcmler sunuyoruz.<\/p>\n\t\t\t\t<p>Avukatlar\u0131m\u0131z ve IT dan\u0131\u015fmanlar\u0131m\u0131zdan olu\u015fan ekibimiz, \u00f6ncelik belirleme, anahtar performans g\u00f6stergeleri (KPI) tasarlama ve b\u00fct\u00e7e tahsisine ili\u015fkin maliyet-fayda oranlar\u0131n\u0131 tahmin etme konusunda uzmanl\u0131\u011fa sahiptir. Durumu dan\u0131\u015fmanl\u0131k firmalar\u0131na benzer bir \u015fekilde ele al\u0131yor, s\u00fcreci etkili bir \u015fekilde y\u00f6nlendirmek i\u00e7in stratejik rehberlik ve analiz sunuyoruz.<\/p>\n\t\t\t<\/div>\n\t\t<\/div>\n\t<\/div>\n<\/section>\n\n<section class=\"white-section\">\n\t<div class=\"anchor\" id=\"removal-of-past-unwanted-info\"><\/div>\n\t<div class=\"section-inner\">\n\t\t<div class=\"flex\">\n\t\t\t<div class=\"width41\"><img decoding=\"async\" src=\"\/en\/wp-content\/uploads\/sites\/6\/2023\/06\/pastunwantedcontent.jpg\" alt=\"Ge\u00e7mi\u015fte \u0130stenmeyen \u0130\u00e7eri\u011fin Kald\u0131r\u0131lmas\u0131\"><\/div>\n\t\t\t<div class=\"width51\">\n\t\t\t\t<h3>Ge\u00e7mi\u015fteki \u0130stenmeyen Bilgilerin Kald\u0131r\u0131lmas\u0131<\/h3>\n\t\t\t\t<p class=\"mgb-small\">MONOLITH LAW OFFICE, \u00f6zellikle e\u011flence sekt\u00f6r\u00fcnde faaliyet g\u00f6steren bireylerin \u00e7evrimi\u00e7i varl\u0131klar\u0131n\u0131 y\u00f6netme zorlu\u011funu \u00e7\u00f6zmekte uzmand\u0131r. Resmi ve resmi olmayan bilgilerin ki\u015fisel ve profesyonel ya\u015famlar \u00fczerinde kal\u0131c\u0131 bir etkisi olabilece\u011fini anl\u0131yoruz. Firmam\u0131z, bu endi\u015feleri ele almak i\u00e7in hukuki uzmanl\u0131k ve bilgi teknolojisi alanlar\u0131n\u0131n benzersiz bir kombinasyonunu kullanarak kapsaml\u0131 \u00e7\u00f6z\u00fcmler sunmaktad\u0131r. \u0130stenmeyen i\u00e7eri\u011fin kald\u0131r\u0131lmas\u0131, dijital izlerin y\u00f6netilmesi veya &#8220;unutulma hakk\u0131&#8221; konular\u0131n\u0131n ele al\u0131nmas\u0131 olsun, \u00e7evrimi\u00e7i itibar\u0131n\u0131z\u0131 korumak i\u00e7in tek durakl\u0131 bir \u00e7\u00f6z\u00fcm sunuyoruz.<\/p>\n\t\t\t\t<p>Gizlili\u011finizi korumak ve gelecekteki giri\u015fimlerinize sorunsuz bir ge\u00e7i\u015f sa\u011flamak i\u00e7in MONOLITH LAW OFFICE&#8217;a g\u00fcvenin.<\/p>\n\t\t\t<\/div>\n\t\t<\/div>\n\t<\/div>\n<\/section>\n\n<section class=\"purple2-section\">\n\t<div class=\"anchor\" id=\"monolith-law-magazine\"><\/div>\n\t<div class=\"section-inner\">\n\t\t    <section class=\"white-section temp-article\">\n        <div class=\"section-inner\">\n            <h4>MONOLITH LAW MAGAZINE<\/h4>\n            <div class=\"articles type_practice_column\">\n                                                                    <div class=\"article article-area\">\n                        <figure>\n                            <div class=\"img-wrap\">\n                                <img alt=\"Ticari Markalar\u0131n Benzerli\u011fi Ne Kadar Kabul Edilebilir? Benzerlik Kriterleri ve Ticari Marka Hakk\u0131 \u0130hlali Durumlar\u0131n\u0131n A\u00e7\u0131klanmas\u0131\" src=\"https:\/\/monolith.law\/tr\/wp-content\/uploads\/sites\/24\/2025\/08\/eac576e0765af2cac6d210d899b2d93d.webp\" width=\"500\" height=\"250\">\n                            <\/div>\n                            <figcaption>\n                                <div class=\"figcaption-inner\">\n                                    <h3>Ticari Markalar\u0131n Benzerli\u011fi Ne Kadar Kabul Edilebilir? Benzerlik Kriterleri ve .<\/h3>\n                                <\/div>\n                            <\/figcaption>\n                            <a href=\"https:\/\/monolith.law\/tr\/internet\/trademark-infringement\"><\/a>\n                        <\/figure>\n                    <\/div>\n                                                    <div class=\"article article-area\">\n                        <figure>\n                            <div class=\"img-wrap\">\n                                <img alt=\"Yanl\u0131\u015f Bilginin Yay\u0131lmas\u0131 ve Geni\u015flemesinin Hukuki Sorumlulu\u011fu Nedir? Tutuklama \u00d6rnekleri \u00dczerinden \u0130ki Ceza Sorumlulu\u011funu A\u00e7\u0131kl\u0131yoruz\" src=\"https:\/\/monolith.law\/tr\/wp-content\/uploads\/sites\/24\/2025\/08\/7d8b9299c2a15a801c04913ba0d80d99.webp\" width=\"500\" height=\"250\">\n                            <\/div>\n                            <figcaption>\n                                <div class=\"figcaption-inner\">\n                                    <h3>Yanl\u0131\u015f Bilginin Yay\u0131lmas\u0131 ve Geni\u015flemesinin Hukuki Sorumlulu\u011fu Nedir? Tutuklama .<\/h3>\n                                <\/div>\n                            <\/figcaption>\n                            <a href=\"https:\/\/monolith.law\/tr\/internet\/false-information-criminal-liability\"><\/a>\n                        <\/figure>\n                    <\/div>\n                                                    <div class=\"article article-area\">\n                        <figure>\n                            <div class=\"img-wrap\">\n                                <img alt=\"Dwango ve FC2'nin Dava \u00d6rne\u011finden \u00d6\u011frenilen Patent \u0130hlali ve Yerellik \u0130lkesinin \u00d6nemi\" src=\"https:\/\/monolith.law\/tr\/wp-content\/uploads\/sites\/24\/2025\/08\/3d197fbdd689457ec22de396ff65b2df.webp\" width=\"500\" height=\"250\">\n                            <\/div>\n                            <figcaption>\n                                <div class=\"figcaption-inner\">\n                                    <h3>Dwango ve FC2'nin Dava \u00d6rne\u011finden \u00d6\u011frenilen Patent \u0130hlali ve Yerellik \u0130lkesinin .<\/h3>\n                                <\/div>\n                            <\/figcaption>\n                            <a href=\"https:\/\/monolith.law\/tr\/internet\/patent-infringement-territoriality\"><\/a>\n                        <\/figure>\n                    <\/div>\n                                            <\/div>\n            <div class=\"btn-more\"><a href=\"https:\/\/monolith.law\/tr\/tag\/internet\">Read More<\/a><\/div>\n        <\/div>\n    <\/section>\n\t<\/div>\n<\/section>\n\n<section class=\"orange2-section\">\n\t<div class=\"anchor\" id=\"fee-structure\"><\/div>\n\t<div class=\"section-inner\">\n\t<div class=\"planWrap\">\n\t<h3>\u00dccret Yap\u0131s\u0131<\/h3>\n\t<ul class=\"plan\">\n\t\t<li class=\"txt-left\">\n\t\t\t<div class=\"plan-inner\">\n\t\t\t<div class=\"plan-header\">\n\t\t\t<h4 class=\"plan-title\">Saatlik \u00dccret<\/h4>\n\t\t\t<div class=\"plan-price\"><span class=\"price-figure\">$300<\/span>saat ba\u015f\u0131na<span class=\"price-tax\"><\/span><\/div>\n\t\t\t<\/div>\n\t\t\t<div class=\"plan-body\">Baz\u0131 durumlarda, bir dava veya hukuk davas\u0131n\u0131 ba\u015flang\u0131\u00e7 \u00fccreti ve ba\u015far\u0131ya ba\u011fl\u0131 \u00fccret ile kabul etmeyi d\u00fc\u015f\u00fcnebiliriz. Daha fazla bilgi i\u00e7in l\u00fctfen bizimle ileti\u015fime ge\u00e7mekten \u00e7ekinmeyin.<\/div>\n\t\t\t<\/div>\n\t\t<\/li>\n\t\t<li class=\"txt-left\">\n\t\t\t<div class=\"plan-inner\">\n\t\t\t<div class=\"plan-header\">\n\t\t\t<h4 class=\"plan-title\">S\u00f6zle\u015fme Haz\u0131rlama<\/h4>\n\t\t\t<div class=\"plan-price\"><span class=\"price-value\">ba\u015flang\u0131\u00e7 fiyat\u0131<\/span><span class=\"price-figure\">$500<\/span><span class=\"price-value\">$2,000 veya daha fazlas\u0131na kadar<\/span><span class=\"price-tax\"><\/span><\/div>\n\t\t\t<\/div>\n\t\t\t<div class=\"plan-body\">Fiyatland\u0131rma yap\u0131s\u0131, s\u00f6zle\u015fmelerin t\u00fcr\u00fcne ve miktar\u0131na g\u00f6re de\u011fi\u015fiklik g\u00f6sterebilir. Sorgulama \u00fczerine \u00f6n tahmin sunmaktan memnuniyet duyar\u0131z, bu nedenle daha fazla bilgi i\u00e7in bizimle ileti\u015fime ge\u00e7mekten \u00e7ekinmeyin.<\/div>\n\t\t\t<\/div>\n\t\t<\/li>\n\t\t<li class=\"txt-left\">\n\t\t\t<div class=\"plan-inner\">\n\t\t\t<div class=\"plan-header\">\n\t\t\t<h4 class=\"plan-title\">Di\u011fer Hizmetler<\/h4>\n\t\t\t<div class=\"plan-price\"><span class=\"price-figure\">Bize Ula\u015f\u0131n<\/span><\/div>\n\t\t\t<\/div>\n\t\t\t<div class=\"plan-body\">\u015eirket kurulu\u015fu, s\u00f6zle\u015fme incelemesi, hukuki g\u00f6r\u00fc\u015f, dava incelemesi veya ara\u015ft\u0131rma mektubu dahil olmak \u00fczere geni\u015f bir hizmet yelpazesi sunuyoruz. Herhangi bir sorunuz veya endi\u015feniz varsa, bizimle ileti\u015fime ge\u00e7mekten \u00e7ekinmeyin ve bilgili ekibimiz size yard\u0131mc\u0131 olmaktan mutluluk duyacakt\u0131r.<\/div>\n\t\t\t<\/div>\n\t\t\t<\/div>\n\t\t<\/li>\n\t<\/ul>\n\t<\/div>\n\t<\/div>\n<\/section>\n\n<section class=\"white-section\">\n\t<div class=\"section-inner\">\n\t\t<div class=\"btn-area\">\n\t\t\t<div class=\"btn icon-contact\"><a href=\"\/tr\/contact\">Bize Ula\u015f\u0131n<\/a><\/div>\n\t\t<\/div>\n\t<\/div>\n<\/section>\n","protected":false},"excerpt":{"rendered":"<p>\u0130nternet G\u00fc\u00e7l\u00fc IT uzmanl\u0131\u011f\u0131na sahip bir hukuk firmas\u0131 olarak, YouTuber&#8217;lar da dahil olmak \u00fczere internet end\u00fcstrisindeki giri\u015fimcilere kapsaml\u0131 hukuki destek sa\u011flama konusunda kan\u0131tlanm\u0131\u015f bir ge [&hellip;]<\/p>\n","protected":false},"author":1,"featured_media":57159,"parent":0,"menu_order":0,"comment_status":"closed","ping_status":"closed","template":"other-page-temp.php","meta":{"footnotes":""},"acf":[],"_links":{"self":[{"href":"https:\/\/monolith.law\/tr\/wp-json\/wp\/v2\/pages\/56080"}],"collection":[{"href":"https:\/\/monolith.law\/tr\/wp-json\/wp\/v2\/pages"}],"about":[{"href":"https:\/\/monolith.law\/tr\/wp-json\/wp\/v2\/types\/page"}],"author":[{"embeddable":true,"href":"https:\/\/monolith.law\/tr\/wp-json\/wp\/v2\/users\/1"}],"replies":[{"embeddable":true,"href":"https:\/\/monolith.law\/tr\/wp-json\/wp\/v2\/comments?post=56080"}],"version-history":[{"count":28,"href":"https:\/\/monolith.law\/tr\/wp-json\/wp\/v2\/pages\/56080\/revisions"}],"predecessor-version":[{"id":72279,"href":"https:\/\/monolith.law\/tr\/wp-json\/wp\/v2\/pages\/56080\/revisions\/72279"}],"wp:featuredmedia":[{"embeddable":true,"href":"https:\/\/monolith.law\/tr\/wp-json\/wp\/v2\/media\/57159"}],"wp:attachment":[{"href":"https:\/\/monolith.law\/tr\/wp-json\/wp\/v2\/media?parent=56080"}],"curies":[{"name":"wp","href":"https:\/\/api.w.org\/{rel}","templated":true}]}}