{"id":25864,"date":"2021-01-09T01:19:39","date_gmt":"2021-01-08T16:19:39","guid":{"rendered":"https:\/\/monolith.law\/?page_id=25864"},"modified":"2023-12-20T18:13:32","modified_gmt":"2023-12-20T09:13:32","slug":"access","status":"publish","type":"page","link":"https:\/\/monolith.law\/vi\/access","title":{"rendered":"Truy c\u1eadp"},"content":{"rendered":"\n<section class=\"heading-area\">\n\t<div class=\"heading-area-inner\">\n\t\t<h2 class=\"icon-access\">Truy c\u1eadp<\/h2>\n\t<\/div>\n<\/section>\n<section class=\"second-nav\">\n\t<div class=\"second-nav-inner\">\n\t\t<p>CH\u1ee6 \u0110\u1ec0<\/p>\n\t\t<nav>\n\t\t\t<ul>\n\t\t\t\t<li><a href=\"#law-firm-with-strength-in-it-internet-and-business\">V\u0103n ph\u00f2ng lu\u1eadt s\u01b0 m\u1ea1nh v\u1ec1 IT, Internet v\u00e0 Kinh doanh<\/a><\/li>\n\t\t\t\t<li><a href=\"#access-map\">B\u1ea3n \u0111\u1ed3 truy c\u1eadp<\/a><\/li>\n\t\t\t\t<li><a href=\"#expansion-and-relocation-to-otemachi-financial-city\">M\u1edf r\u1ed9ng v\u00e0 chuy\u1ec3n \u0111\u1ebfn Th\u00e0nh ph\u1ed1 T\u00e0i ch\u00ednh Otemachi<\/a><\/li>\n\t\t\t<\/ul>\n\t\t<\/nav>\n\t<\/div>\n<\/section>\n<section class=\"white-section\">\n\t<div class=\"anchor\" id=\"law-firm-with-strength-in-it-internet-and-business\"><\/div>\n\t<div class=\"section-inner\">\n\t\t<div class=\"flex\">\n\t\t\t<div class=\"width41\"><img decoding=\"async\" src=\"\/wp-content\/themes\/monolith2021\/img\/access\/access_pic1.jpg\" alt=\"V\u0103n ph\u00f2ng lu\u1eadt s\u01b0 m\u1ea1nh v\u1ec1 IT, Internet v\u00e0 Kinh doanh\"><\/div>\n\t\t\t<div class=\"width51\">\n\t\t\t\t<h3>V\u0103n ph\u00f2ng Lu\u1eadt s\u01b0 MONOLITH &#8211; Th\u1ebf m\u1ea1nh v\u1ec1 IT, Internet v\u00e0 Kinh doanh<\/h3>\n\t\t\t\t<p class=\"mgb-small\">V\u0103n ph\u00f2ng Lu\u1eadt s\u01b0 MONOLITH t\u1ecda l\u1ea1c t\u1ea1i Otemachi, Chiyoda-ku, Tokyo, Nh\u1eadt B\u1ea3n. N\u01a1i \u0111\u00e2y c\u00f3 k\u1ebft n\u1ed1i tr\u1ef1c ti\u1ebfp \u0111\u1ebfn Ga Otemachi v\u00e0 ch\u1ec9 c\u00e1ch Ga Tokyo 7 ph\u00fat \u0111i b\u1ed9.<\/p>\n\t\t\t\t<p class=\"mgb-small\">Ch\u00fang t\u00f4i \u0111\u00e3 cung c\u1ea5p d\u1ecbch v\u1ee5 t\u01b0 v\u1ea5n ph\u00e1p l\u00fd (bao g\u1ed3m c\u00e1c h\u1ee3p \u0111\u1ed3ng kh\u00e1c nhau v\u1edbi gi\u00e1m \u0111\u1ed1c, \u0111i\u1ec1u h\u00e0nh, v.v.) cho 1087 c\u00f4ng ty, t\u1eeb c\u00e1c c\u00f4ng ty ni\u00eam y\u1ebft tr\u00ean S\u00e0n giao d\u1ecbch Ch\u1ee9ng kho\u00e1n Tokyo Prime \u0111\u1ebfn c\u00e1c c\u00f4ng ty kh\u1edfi nghi\u1ec7p giai \u0111o\u1ea1n \u0111\u1ea7u. C\u00f4ng vi\u1ec7c li\u00ean quan \u0111\u1ebfn IT\/Internet c\u1ee7a ch\u00fang t\u00f4i bao g\u1ed3m ng\u0103n ch\u1eb7n t\u1ed5n h\u1ea1i danh ti\u1ebfng, ch\u1ed1ng ph\u1ec9 b\u00e1ng v\u00e0 gi\u1ea3i quy\u1ebft tranh ch\u1ea5p li\u00ean quan \u0111\u1ebfn ph\u00e1t tri\u1ec3n h\u1ec7 th\u1ed1ng. Ch\u00fang t\u00f4i c\u0169ng cung c\u1ea5p d\u1ecbch v\u1ee5 ph\u00e1p l\u00fd li\u00ean quan \u0111\u1ebfn c\u00e1c c\u00f4ng ty kh\u1edfi nghi\u1ec7p, bao g\u1ed3m c\u00e1c kho\u1ea3n \u0111\u1ea7u t\u01b0 100 tri\u1ec7u y\u00ean tr\u1edf l\u00ean t\u1eeb c\u00e1c c\u00f4ng ty ni\u00eam y\u1ebft tr\u00ean TSE v\u00e0 M&#038;A do c\u00e1c c\u00f4ng ty kh\u1edfi nghi\u1ec7p th\u1ef1c hi\u1ec7n. \u0110\u1ebfn nay, ch\u00fang t\u00f4i \u0111\u00e3 cung c\u1ea5p d\u1ecbch v\u1ee5 ph\u00e1p l\u00fd cho 1855 kh\u00e1ch h\u00e0ng.<\/p>\n\t\t\t\t<p class=\"mgb-middle\">&#8220;Hi\u1ec3u bi\u1ebft v\u1ec1 IT v\u00e0 kinh doanh&#8221; l\u00e0 \u0111i\u1ec1u l\u00e0m n\u00ean s\u1ef1 \u0111\u1eb7c bi\u1ec7t c\u1ee7a ch\u00fang t\u00f4i.<\/p>\n\t\t\t\t<div class=\"btn-area\">\n\t\t\t\t\t<div class=\"btn icon-services\"><a href=\"\/vi\/services\">D\u1ecbch v\u1ee5<\/a><\/div>\n\t\t\t\t\t<div class=\"btn icon-overview-of-our-firm\"><a href=\"\/vi\/overview-of-our-firm\">T\u1ed5ng quan v\u1ec1 V\u0103n ph\u00f2ng<\/a><\/div>\n\t\t\t\t<\/div>\n\t\t\t<\/div>\n\t\t<\/div>\n\t<\/div>\n<\/section>\n<section class=\"purple-section\">\n\t<div class=\"anchor\" id=\"access-map\"><\/div>\n\t<div class=\"section-inner\">\n\t\t<div class=\"flex reverse\">\n\t\t\t<div class=\"width41\"><img decoding=\"async\" src=\"\/wp-content\/themes\/monolith2021\/img\/about\/about_pic2.jpg\" alt=\"V\u0103n ph\u00f2ng Lu\u1eadt s\u01b0 MONOLITH\"><\/div>\n\t\t\t<div class=\"width51\">\n\t\t\t\t<h3>MONOLITH LAW OFFICE (V\u0103n ph\u00f2ng Otemachi)<\/h3>\n\t\t\t\t<p><a href=\"https:\/\/goo.gl\/maps\/YfcgPhBgXFyg1hHF6\" target=\"_blank\" rel=\"noopener noreferrer\">21\/F Financial City North Tower 1-9-5 Otemachi, Chiyoda-ku Tokyo 100-0004, Japan<\/a><\/p>\n\t\t\t\t<p>Tuy\u1ebfn Tokyo Metro Marunouchi, Tozai, Chiyoda, Hanzomon, Tuy\u1ebfn Toei Subway Mita<\/p>\n\t\t\t\t<p class=\"mgb-small\"><a href=\"https:\/\/www.tokyometro.jp\/station\/otemachi\/yardmap\/index.html\" target=\"_blank\" rel=\"noopener noreferrer\">Truy c\u1eadp tr\u1ef1c ti\u1ebfp t\u1eeb L\u1ed1i ra A1 c\u1ee7a Ga Otemachi<\/a><\/p>\n\t\t\t\t<p>Shinkansen: Tohoku Shinkansen, Joetsu Shinkansen, Hokuriku Shinkansen, Hokkaido Shinkansen, Yamagata Shinkansen, Akita Shinkansen, JR Tokaido Line, Keihin Tohoku Line, Yamanote Line, Chuo Line, Yokosuka Line, Keiyo Line, Tokyo Metro Marunouchi Line<\/p>\n\t\t\t\t<p class=\"mgb-small\"><a href=\"https:\/\/www.tokyometro.jp\/station\/tokyo\/index.html\" target=\"_blank\" rel=\"noopener noreferrer\">\u0110i b\u1ed9 7 ph\u00fat t\u1eeb L\u1ed1i ra ph\u00eda B\u1eafc Marunouchi c\u1ee7a Ga Tokyo<\/a><\/p>\n\t\t\t\t<p>B\u00e3i \u0111\u1eadu xe Otemachi Financial City<\/p>\n\t\t\t\t<p class=\"mgb-middle\"><a href=\"https:\/\/www.otemachi-financialcity.jp\/access\/\">1-9-5, 1-9-7, Otemachi, Chiyoda-ku, Tokyo<\/a><\/p>\n\t\t\t\t<div class=\"btn-area align-left\">\n\t\t\t\t\t<div class=\"btn icon-contact\"><a href=\"\/vi\/contact\">Li\u00ean h\u1ec7<\/a><\/div>\n\t\t\t\t<\/div>\n\t\t\t<\/div>\n\t\t<\/div>\n\t<\/div>\n<\/section>\t \n<section class=\"google-maps\"><iframe src=\"https:\/\/www.google.com\/maps\/embed?pb=!1m18!1m12!1m3!1d3240.541568341125!2d139.7659268!3d35.6882884!2m3!1f0!2f0!3f0!3m2!1i1024!2i768!4f13.1!3m3!1m2!1s0x60188cec724a6ae9%3A0x6efbadeb18528c88!2sMonolith%20Law%20Office!5e0!3m2!1svi!2sjp!4v1693561299771!5m2!1svi!2sjp\" width=\"600\" height=\"450\" style=\"border:0;\" allowfullscreen=\"\" loading=\"lazy\" referrerpolicy=\"no-referrer-when-downgrade\"><\/iframe><\/section>\n<section class=\"white-section\">\n\t<div class=\"anchor\" id=\"expansion-and-relocation-to-otemachi-financial-city\"><\/div>\n\t<div class=\"section-inner\">\n\t\t<div class=\"flex\">\n\t\t\t<div class=\"width41\"><img decoding=\"async\" src=\"\/wp-content\/uploads\/2022\/11\/financialcity.jpg\" alt=\"M\u1edf r\u1ed9ng v\u00e0 Chuy\u1ec3n \u0111\u1ebfn Otemachi Financial City\"><\/div>\n\t\t\t<div class=\"width51\">\n\t\t\t\t<h3>M\u1edf r\u1ed9ng v\u00e0 Chuy\u1ec3n \u0111\u1ebfn Otemachi Financial City<\/h3>\n\t\t\t\t<p class=\"mgb-small\">Sau khi khai tr\u01b0\u01a1ng t\u1ea1i Yotsuya, Shinjuku-ku, Tokyo v\u00e0o th\u00e1ng 3 n\u0103m 2017, MONOLITH LAW OFFICE \u0111\u00e3 chuy\u1ec3n \u0111\u1ebfn Otemachi (T\u00f2a nh\u00e0 Asahi Seimei Otemachi) v\u00e0o th\u00e1ng 8 n\u0103m 2018, nh\u1edd s\u1ef1 h\u1ed7 tr\u1ee3 c\u1ee7a qu\u00fd v\u1ecb, v\u00e0 \u0111\u00e3 \u0111\u01b0\u1ee3c th\u00e0nh l\u1eadp th\u00e0nh m\u1ed9t c\u00f4ng ty lu\u1eadt v\u00e0o th\u00e1ng 3 n\u0103m 2020. V\u00e0o th\u00e1ng 12 n\u0103m 2020, ch\u00fang t\u00f4i \u0111\u00e3 m\u1edf m\u1ed9t v\u0103n ph\u00f2ng chi nh\u00e1nh t\u1ea1i t\u1ea7ng 29 c\u1ee7a c\u00f9ng m\u1ed9t t\u00f2a nh\u00e0 v\u1edbi v\u0103n ph\u00f2ng Otemachi c\u1ee7a ch\u00fang t\u00f4i (T\u00f2a nh\u00e0 Asahi Seimei Otemachi).<\/p>\n\t\t\t\t<p class=\"mgb-small\">Sau \u0111\u00f3, v\u00e0o th\u00e1ng 9 n\u0103m 2022, ch\u00fang t\u00f4i \u0111\u00e3 m\u1edf r\u1ed9ng v\u00e0 chuy\u1ec3n \u0111\u1ebfn Otemachi Financial City.<\/p>\n\t\t\t\t<p class=\"mgb-small\">Ch\u00fang t\u00f4i r\u1ea5t mong \u0111\u01b0\u1ee3c h\u1ee3p t\u00e1c v\u1edbi qu\u00fd v\u1ecb.<\/p>\n\t\t\t<\/div>\n\t\t<\/div>\n\t<\/div>\n<\/section>\n","protected":false},"excerpt":{"rendered":"<p>Truy c\u1eadp CH\u1ee6 \u0110\u1ec0 V\u0103n ph\u00f2ng lu\u1eadt s\u01b0 m\u1ea1nh v\u1ec1 IT, Internet v\u00e0 Kinh doanh B\u1ea3n \u0111\u1ed3 truy c\u1eadp M\u1edf r\u1ed9ng v\u00e0 chuy\u1ec3n \u0111\u1ebfn Th\u00e0nh ph\u1ed1 T\u00e0i ch\u00ednh Otemachi V\u0103n ph\u00f2ng Lu\u1eadt s\u01b0 MONOLITH &#8211; Th\u1ebf m\u1ea1nh v\u1ec1 IT, Internet v\u00e0 K [&hellip;]<\/p>\n","protected":false},"author":1,"featured_media":57041,"parent":0,"menu_order":10,"comment_status":"closed","ping_status":"closed","template":"other-page-temp.php","meta":{"footnotes":""},"acf":[],"_links":{"self":[{"href":"https:\/\/monolith.law\/vi\/wp-json\/wp\/v2\/pages\/25864"}],"collection":[{"href":"https:\/\/monolith.law\/vi\/wp-json\/wp\/v2\/pages"}],"about":[{"href":"https:\/\/monolith.law\/vi\/wp-json\/wp\/v2\/types\/page"}],"author":[{"embeddable":true,"href":"https:\/\/monolith.law\/vi\/wp-json\/wp\/v2\/users\/1"}],"replies":[{"embeddable":true,"href":"https:\/\/monolith.law\/vi\/wp-json\/wp\/v2\/comments?post=25864"}],"version-history":[{"count":25,"href":"https:\/\/monolith.law\/vi\/wp-json\/wp\/v2\/pages\/25864\/revisions"}],"predecessor-version":[{"id":61189,"href":"https:\/\/monolith.law\/vi\/wp-json\/wp\/v2\/pages\/25864\/revisions\/61189"}],"wp:featuredmedia":[{"embeddable":true,"href":"https:\/\/monolith.law\/vi\/wp-json\/wp\/v2\/media\/57041"}],"wp:attachment":[{"href":"https:\/\/monolith.law\/vi\/wp-json\/wp\/v2\/media?parent=25864"}],"curies":[{"name":"wp","href":"https:\/\/api.w.org\/{rel}","templated":true}]}}