{"id":30628,"date":"2021-02-27T22:20:08","date_gmt":"2021-02-27T13:20:08","guid":{"rendered":"https:\/\/monolith.law\/?page_id=30628"},"modified":"2023-12-05T14:39:49","modified_gmt":"2023-12-05T05:39:49","slug":"contract-drafting-and-review","status":"publish","type":"page","link":"https:\/\/monolith.law\/vi\/contract-drafting-and-review","title":{"rendered":"So\u1ea1n Th\u1ea3o v\u00e0 R\u00e0 So\u00e1t H\u1ee3p \u0110\u1ed3ng"},"content":{"rendered":"\n<section class=\"heading-area\">\n\t<div class=\"heading-area-inner\">\n\t\t<h2 class=\"icon-contract-drafting-and-review\">So\u1ea1n Th\u1ea3o v\u00e0 R\u00e0 So\u00e1t H\u1ee3p \u0110\u1ed3ng<\/h2>\n\t\t<p>L\u00e0 c\u1ed1 v\u1ea5n ph\u00e1p l\u00fd cho c\u00e1c c\u00f4ng ty IT v\u00e0 startup, \u0111\u00f4i khi c\u0169ng l\u00e0 c\u1ed1 v\u1ea5n IT cho c\u00e1c t\u1eadp \u0111o\u00e0n, ch\u00fang t\u00f4i so\u1ea1n th\u1ea3o v\u00e0 r\u00e0 so\u00e1t nhi\u1ec1u lo\u1ea1i h\u1ee3p \u0111\u1ed3ng IT chuy\u00ean bi\u1ec7t. M\u1ee5c ti\u00eau c\u1ee7a ch\u00fang t\u00f4i l\u00e0 \u0111\u1ea3m b\u1ea3o v\u1ecb th\u1ebf v\u1eefng ch\u1eafc trong m\u00f4i tr\u01b0\u1eddng kinh doanh nhanh ch\u00f3ng thay \u0111\u1ed5i t\u1ea1i Nh\u1eadt B\u1ea3n.<\/p>\n\t<\/div>\n<\/section>\n<section class=\"white-section mgb-section\">\n\t<div class=\"section-inner pdt0 border-bottom-section\">\n\t\t<p>MONOLITH LAW OFFICE \u0111\u00f3ng vai tr\u00f2 l\u00e0 c\u1ed1 v\u1ea5n ph\u00e1p l\u00fd cho c\u00e1c c\u00f4ng ty IT v\u00e0 startup Nh\u1eadt B\u1ea3n trong vi\u1ec7c k\u1ebft n\u1ed1i v\u1edbi c\u00e1c lo\u1ea1i h\u1ee3p \u0111\u1ed3ng kh\u00e1c nhau, bao g\u1ed3m h\u1ee3p \u0111\u1ed3ng outsourcing li\u00ean quan \u0111\u1ebfn ho\u1ea1t \u0111\u1ed9ng \u0111\u01b0\u1ee3c giao ph\u00f3, h\u1ee3p \u0111\u1ed3ng s\u1eed d\u1ee5ng v\u00e0 \u0111\u1ea1i l\u00fd li\u00ean quan \u0111\u1ebfn s\u1ea3n ph\u1ea9m c\u1ee7a h\u1ecd, h\u1ee3p \u0111\u1ed3ng \u0111\u1ea7u t\u01b0 v\u00e0 th\u1ecfa thu\u1eadn c\u1ed5 \u0111\u00f4ng nh\u01b0 l\u00e0 h\u1ee3p \u0111\u1ed3ng li\u00ean quan \u0111\u1ebfn v\u1ed1n, v\u00e0 h\u1ee3p \u0111\u1ed3ng lao \u0111\u1ed9ng nh\u01b0 l\u00e0 h\u1ee3p \u0111\u1ed3ng li\u00ean quan \u0111\u1ebfn c\u00f4ng ty. Ch\u00fang t\u00f4i c\u0169ng \u0111\u00f3ng vai tr\u00f2 l\u00e0 lu\u1eadt s\u01b0 IT cho c\u00e1c c\u00f4ng ty kinh doanh Nh\u1eadt B\u1ea3n.<br>H\u01a1n n\u1eefa, nh\u01b0 l\u00e0 lu\u1eadt s\u01b0 IT cho c\u00e1c c\u00f4ng ty ho\u1ea1t \u0111\u1ed9ng, ch\u00fang t\u00f4i so\u1ea1n th\u1ea3o v\u00e0 r\u00e0 so\u00e1t h\u1ee3p \u0111\u1ed3ng li\u00ean quan \u0111\u1ebfn doanh nghi\u1ec7p m\u1edbi trong l\u0129nh v\u1ef1c IT, h\u1ee3p \u0111\u1ed3ng li\u00ean quan \u0111\u1ebfn vi\u1ec7c outsourcing cho c\u00e1c c\u00f4ng ty IT, v\u00e0 c\u00e1c h\u1ee3p \u0111\u1ed3ng kh\u00e1c n\u1eefa.<\/p>\n\t<\/div>\n<\/section>\n<section class=\"white-section\">\n\t<div class=\"section-inner pdt0\">\n\t\t<h3 class=\"ttl-enjp mgb-middle\"><span class=\"en\"><\/span><span class=\"ja\">\u0110\u1eb7c \u0111i\u1ec3m c\u1ee7a MONOLITH LAW OFFICE <\/span><\/h3>\n\t\t<ol class=\"practices-list\">\n\t\t\t<li>\n\t\t\t\t<h4><img decoding=\"async\" src=\"\/wp-content\/themes\/monolith_en\/img\/practices\/practices_1_1.svg\" alt=\"1.D\u1ecbch V\u1ee5 Ph\u00e1p L\u00fd Cho Startup\"><\/h4>\n\t\t\t\t<img decoding=\"async\" src=\"\/wp-content\/themes\/monolith2021\/img\/practices\/practices_1_1_pic.png\" alt=\"D\u1ecbch V\u1ee5 Ph\u00e1p L\u00fd Cho Startup\">\n\t\t\t\t<p>Ch\u00fang t\u00f4i c\u00f3 kinh nghi\u1ec7m r\u1ed9ng l\u1edbn trong vi\u1ec7c cung c\u1ea5p d\u1ecbch v\u1ee5 ph\u00e1p l\u00fd li\u00ean quan \u0111\u1ebfn v\u1ea5n \u0111\u1ec1 kinh doanh v\u00e0 v\u1ed1n, bao g\u1ed3m g\u1ecdi v\u1ed1n, chuy\u1ec3n nh\u01b0\u1ee3ng doanh nghi\u1ec7p, v\u00e0 mua l\u1ea1i c\u1ed5 ph\u1ea7n t\u1ea1i Nh\u1eadt B\u1ea3n.<\/p>\n\t\t\t<\/li>\n\t\t\t<li>\n\t\t\t\t<h4><img decoding=\"async\" src=\"\/wp-content\/themes\/monolith_en\/img\/practices\/practices_1_2.svg\" alt=\"2.D\u1ecbch V\u1ee5 Ph\u00e1p L\u00fd IT v\u00e0 S\u1edf H\u1eefu Tr\u00ed Tu\u1ec7\"><\/h4>\n\t\t\t\t<img decoding=\"async\" src=\"\/wp-content\/themes\/monolith2021\/img\/practices\/practices_1_2_pic.png\" alt=\"D\u1ecbch V\u1ee5 Ph\u00e1p L\u00fd IT v\u00e0 S\u1edf H\u1eefu Tr\u00ed Tu\u1ec7\">\n\t\t\t\t<p>C\u00e1c lu\u1eadt s\u01b0 c\u1ee7a ch\u00fang t\u00f4i, bao g\u1ed3m c\u1ea3 ng\u01b0\u1eddi s\u00e1ng l\u1eadp l\u00e0 c\u1ef1u k\u1ef9 s\u01b0, n\u1ed7 l\u1ef1c \u0111\u1ec3 hi\u1ec3u s\u00e2u v\u1ec1 s\u1ea3n ph\u1ea9m c\u1ee7a b\u1ea1n, \u0111\u00f4i khi b\u1eb1ng c\u00e1ch \u0111\u1ecdc m\u00e3 ngu\u1ed3n.<\/p>\n\t\t\t<\/li>\n\t\t\t<li>\n\t\t\t\t<h4><img decoding=\"async\" src=\"\/wp-content\/themes\/monolith_en\/img\/practices\/practices_1_3.svg\" alt=\"3.T\u1ed1c \u0110\u1ed9\"><\/h4>\n\t\t\t\t<img decoding=\"async\" src=\"\/wp-content\/themes\/monolith2021\/img\/practices\/practices_1_3_pic.png\" alt=\"T\u1ed1c \u0110\u1ed9\">\n\t\t\t\t<p>Ch\u00fang t\u00f4i hi\u1ec3u t\u1ea7m quan tr\u1ecdng c\u1ee7a vi\u1ec7c ph\u1ea3n h\u1ed3i nhanh ch\u00f3ng \u0111\u1ed1i v\u1edbi nhu c\u1ea7u kinh doanh c\u1ee7a b\u1ea1n v\u00e0 th\u00f4ng th\u01b0\u1eddng ch\u00fang t\u00f4i s\u1ebd ph\u1ea3n h\u1ed3i trong v\u00f2ng m\u1ed9t ng\u00e0y l\u00e0m vi\u1ec7c.<\/p>\n\t\t\t<\/li>\n\t\t\t<li>\n\t\t\t\t<h4><img decoding=\"async\" src=\"\/wp-content\/themes\/monolith_en\/img\/practices\/practices_1_4.svg\" alt=\"4.D\u1ecbch V\u1ee5 Ph\u00e1p L\u00fd Doanh Nghi\u1ec7p Cho C\u00e1c C\u00f4ng Ty V\u1eeba v\u00e0 Nh\u1ecf\"><\/h4>\n\t\t\t\t<img decoding=\"async\" src=\"\/wp-content\/themes\/monolith2021\/img\/practices\/practices_1_4_pic.png\" alt=\"D\u1ecbch V\u1ee5 Ph\u00e1p L\u00fd Doanh Nghi\u1ec7p Cho C\u00e1c C\u00f4ng Ty V\u1eeba v\u00e0 Nh\u1ecf\">\n\t\t\t\t<p>Lu\u1eadt s\u01b0 s\u00e1ng l\u1eadp c\u1ee7a ch\u00fang t\u00f4i, v\u1edbi kinh nghi\u1ec7m qu\u1ea3n l\u00fd doanh nghi\u1ec7p t\u1ea1i Nh\u1eadt B\u1ea3n, hi\u1ec3u r\u00f5 nh\u1eefng th\u00e1ch th\u1ee9c trong vi\u1ec7c \u0111i\u1ec1u h\u00e0nh doanh nghi\u1ec7p.<\/p>\n\t\t\t<\/li>\n\t\t<\/ol>\n\t<\/div>\n<\/section>\n<section class=\"second-nav\">\n\t<div class=\"second-nav-inner\">\n\t\t<p>CH\u1ee6 \u0110\u1ec0<\/p>\n\t\t<nav>\n\t\t\t<ul>\n\t\t\t\t<li><a href=\"#our-experience-in-contract-drafting-etc\">Kinh Nghi\u1ec7m c\u1ee7a Ch\u00fang T\u00f4i trong So\u1ea1n Th\u1ea3o H\u1ee3p \u0110\u1ed3ng, v.v.<\/a><\/li>\n\t\t\t\t<li><a href=\"#handling-more-than-3000-contracts-per-year-as-an-organization\">X\u1eed L\u00fd H\u01a1n 3,000 H\u1ee3p \u0110\u1ed3ng m\u1ed7i N\u0103m nh\u01b0 m\u1ed9t T\u1ed5 Ch\u1ee9c<\/a><\/li>\n\t\t\t\t<li><a href=\"#IT\">IT<\/a><\/li>\n\t\t\t\t<li><a href=\"#extensive-experience-in-investment-contracts-etc\">Kinh Nghi\u1ec7m R\u1ed9ng L\u1edbn trong H\u1ee3p \u0110\u1ed3ng \u0110\u1ea7u T\u01b0, v.v.<\/a><\/li>\n\t\t\t\t<li><a href=\"#examples-of-support-provided-by-our-firm\">V\u00ed d\u1ee5 v\u1ec1 S\u1ef1 H\u1ed7 Tr\u1ee3 do C\u00f4ng Ty Ch\u00fang T\u00f4i Cung C\u1ea5p<\/a><\/li>\n\t\t\t\t<li><a href=\"#monolith-law-magazine\">MONOLITH LAW MAGAZINE<\/a><\/li>\n\t\t\t\t<li><a href=\"#fee-structure\">C\u1ea5u Tr\u00fac Ph\u00ed<\/a><\/li>\n\t\t\t<\/ul>\n\t\t<\/nav>\n\t<\/div>\n<\/section>\n<section class=\"white-section mgt-section mgb-section\">\n\t<div class=\"anchor\" id=\"our-experience-in-contract-drafting-etc\"><\/div>\n\t<div class=\"section-inner-black\">\n\t\t<h3>Kinh nghi\u1ec7m c\u1ee7a ch\u00fang t\u00f4i trong vi\u1ec7c so\u1ea1n th\u1ea3o h\u1ee3p \u0111\u1ed3ng, <br class=\"spOnly\">v.v.<\/h3>\n\t\t<p class=\"mgb-middle\">V\u0103n ph\u00f2ng lu\u1eadt s\u01b0 MONOLITH LAW OFFICE, v\u1edbi t\u01b0 c\u00e1ch l\u00e0 m\u1ed9t v\u0103n ph\u00f2ng lu\u1eadt chuy\u00ean v\u1ec1 &#8220;IT, Internet v\u00e0 Kinh doanh&#8221;, cung c\u1ea5p c\u00e1c lo\u1ea1i d\u1ecbch v\u1ee5 so\u1ea1n th\u1ea3o v\u00e0 xem x\u00e9t h\u1ee3p \u0111\u1ed3ng li\u00ean quan \u0111\u1ebfn IT v\u00e0 kinh doanh. M\u1ed9t s\u1ed1 v\u00ed d\u1ee5 v\u1ec1 d\u1ecbch v\u1ee5 c\u1ee7a ch\u00fang t\u00f4i bao g\u1ed3m nh\u01b0ng kh\u00f4ng gi\u1edbi h\u1ea1n \u1edf nh\u1eefng \u0111i\u1ec1u sau:<\/p>\n\t\t<p class=\"mgb-middle\">H\u1ee3p \u0111\u1ed3ng Outsourcing SEO, H\u1ee3p \u0111\u1ed3ng Outsourcing v\u1eadn h\u00e0nh SNS, H\u1ee3p \u0111\u1ed3ng S\u00e1p nh\u1eadp, H\u1ee3p \u0111\u1ed3ng Chuy\u1ec3n nh\u01b0\u1ee3ng C\u1ed5 ph\u1ea7n, H\u1ee3p \u0111\u1ed3ng \u0110\u0103ng k\u00fd C\u1ed5 ph\u1ea7n, H\u1ee3p \u0111\u1ed3ng Nghi\u00ean c\u1ee9u chung, H\u1ee3p \u0111\u1ed3ng Li\u00ean doanh, H\u1ee3p \u0111\u1ed3ng D\u1ecbch v\u1ee5, H\u1ee3p \u0111\u1ed3ng Li\u00ean minh Kinh doanh, H\u1ee3p \u0111\u1ed3ng Cho vay, H\u1ee3p \u0111\u1ed3ng Outsourcing Qu\u1ea3ng c\u00e1o, H\u1ee3p \u0111\u1ed3ng Giao d\u1ecbch Qu\u1ea3ng c\u00e1o C\u01a1 b\u1ea3n, H\u1ee3p \u0111\u1ed3ng T\u01b0 v\u1ea5n, H\u1ee3p \u0111\u1ed3ng Lao \u0111\u1ed9ng, H\u1ee3p \u0111\u1ed3ng T\u01b0 v\u1ea5n, H\u1ee3p \u0111\u1ed3ng Chuy\u1ec3n nh\u01b0\u1ee3ng Quy\u1ec1n \u0111\u00f2i n\u1ee3, H\u1ee3p \u0111\u1ed3ng Chuy\u1ec3n nh\u01b0\u1ee3ng Quy\u1ec1n \u0111\u1ea3m b\u1ea3o, H\u1ee3p \u0111\u1ed3ng Chuy\u1ec3n nh\u01b0\u1ee3ng Doanh nghi\u1ec7p, H\u1ee3p \u0111\u1ed3ng Chuy\u1ec3n nh\u01b0\u1ee3ng Nh\u00e3n hi\u1ec7u, H\u1ee3p \u0111\u1ed3ng Tuy\u1ec3n d\u1ee5ng C\u01a1 b\u1ea3n, H\u1ee3p \u0111\u1ed3ng Li\u00ean minh v\u1ed1n v\u00e0 Kinh doanh, H\u1ee3p \u0111\u1ed3ng Tr\u00e1ch nhi\u1ec7m h\u1eefu h\u1ea1n, H\u1ee3p \u0111\u1ed3ng Li\u00ean k\u1ebft T\u00e0i n\u0103ng, H\u1ee3p \u0111\u1ed3ng Ch\u1ea5m d\u1ee9t Lao \u0111\u1ed9ng, H\u1ee3p \u0111\u1ed3ng \u0110\u1ea1i l\u00fd, H\u1ee3p \u0111\u1ed3ng Chuy\u1ec3n nh\u01b0\u1ee3ng B\u1ea3n quy\u1ec1n, H\u1ee3p \u0111\u1ed3ng \u0110\u1ea7u t\u01b0, H\u1ee3p \u0111\u1ed3ng Mua b\u00e1n C\u01a1 b\u1ea3n, H\u1ee3p \u0111\u1ed3ng Ph\u00e2n ph\u1ed1i, H\u1ee3p \u0111\u1ed3ng B\u1ea3o m\u1eadt, H\u1ee3p \u0111\u1ed3ng Nh\u01b0\u1ee3ng quy\u1ec1n, H\u1ee3p \u0111\u1ed3ng \u0110\u0103ng k\u00fd chung, H\u1ee3p \u0111\u1ed3ng Qu\u1ea3n l\u00fd, H\u1ee3p \u0111\u1ed3ng MEO, H\u1ee3p \u0111\u1ed3ng C\u1ea5p ph\u00e9p, H\u1ee3p \u0111\u1ed3ng Cung \u1ee9ng Nh\u00e2n c\u00f4ng, H\u1ee3p \u0111\u1ed3ng Gi\u1ea3i quy\u1ebft<\/p>\n\t<\/div>\n<\/section>\n<section class=\"purple-section\">\n\t<div class=\"anchor\" id=\"handling-more-than-3000-contracts-per-year-as-an-organization\"><\/div>\n\t<div class=\"section-inner\">\n\t\t<div class=\"flex\">\n\t\t\t<div class=\"width51\">\n\t\t\t\t<h3>X\u1eed l\u00fd h\u01a1n 3.000 h\u1ee3p \u0111\u1ed3ng m\u1ed7i n\u0103m<\/h3>\n\t\t\t\t<p class=\"mgb-small\">MONOLITH LAW OFFICE l\u00e0 m\u1ed9t t\u1ed5 ch\u1ee9c g\u1ed3m 30 lu\u1eadt s\u01b0 do lu\u1eadt s\u01b0 s\u00e1ng l\u1eadp c\u1ee7a ch\u00fang t\u00f4i, m\u1ed9t c\u1ef1u k\u1ef9 s\u01b0 IT v\u00e0 gi\u00e1m \u0111\u1ed1c \u0111i\u1ec1u h\u00e0nh kinh doanh, l\u00e3nh \u0111\u1ea1o.<\/p>\n\t\t\t\t<p class=\"mgb-small\">V\u0103n ph\u00f2ng lu\u1eadt s\u01b0 c\u1ee7a ch\u00fang t\u00f4i so\u1ea1n th\u1ea3o v\u00e0 xem x\u00e9t h\u01a1n 3.000 h\u1ee3p \u0111\u1ed3ng h\u00e0ng n\u0103m, ch\u1ee9ng minh kinh nghi\u1ec7m v\u00e0 chuy\u00ean m\u00f4n r\u1ed9ng l\u1edbn trong nh\u1eefng v\u1ea5n \u0111\u1ec1 n\u00e0y.<\/p>\n\t\t\t\t<p>*C\u00e1c bi\u1ec3u \u0111\u1ed3 d\u1ef1a tr\u00ean s\u1ed1 li\u1ec7u \u01b0\u1edbc t\u00ednh, v\u00e0 c\u00f3 th\u1ec3 c\u00f3 sai s\u1ed1 l\u00ean \u0111\u1ebfn 20%.<\/p>\n\t\t\t<\/div>\n\t\t\t<div class=\"width41\"><img decoding=\"async\" src=\"\/wp-content\/themes\/monolith_en\/img\/contractcreation\/contractcreation_pic1.png\" alt=\"X\u1eed l\u00fd h\u01a1n 2.000 h\u1ee3p \u0111\u1ed3ng m\u1ed7i n\u0103m nh\u01b0 m\u1ed9t t\u1ed5 ch\u1ee9c\"><\/div>\n\t\t<\/div>\n\t<\/div>\n<\/section>\n\n<section class=\"white-section\">\n\t<div id=\"IT\"><\/div>\n\t<div class=\"section-inner\">\n\t<div class=\"flex\">\n\t<div class=\"width41\"><img decoding=\"async\" src=\"\/wp-content\/themes\/monolith2021\/img\/pic\/pic_practices-itlaw.jpg\" alt=\"IT\" \/><\/div>\n\t<div class=\"width51\">\n\t\t<h3>IT<\/h3>\n\t\t<p class=\"mgb-middle\">V\u0103n ph\u00f2ng lu\u1eadt s\u01b0 MONOLITH chuy\u00ean v\u1ec1 lu\u1eadt IT v\u00e0 cung c\u1ea5p h\u1ed7 tr\u1ee3 ph\u00e1p l\u00fd to\u00e0n di\u1ec7n cho c\u00e1c c\u00f4ng ty IT kh\u00e1c nhau. Chuy\u00ean m\u00f4n c\u1ee7a ch\u00fang t\u00f4i bao g\u1ed3m vi\u1ec7c so\u1ea1n th\u1ea3o h\u1ee3p \u0111\u1ed3ng li\u00ean quan \u0111\u1ebfn c\u00f4ng ngh\u1ec7 ti\u00ean ti\u1ebfn, c\u0169ng nh\u01b0 c\u00e1c giao d\u1ecbch \u0111\u1ea7u t\u01b0 v\u00e0 M&#038;A li\u00ean quan \u0111\u1ebfn c\u00e1c c\u00f4ng ty kh\u1edfi nghi\u1ec7p. V\u1edbi kinh nghi\u1ec7m r\u1ed9ng l\u1edbn c\u1ee7a ch\u00fang t\u00f4i trong vi\u1ec7c so\u1ea1n th\u1ea3o h\u1ee3p \u0111\u1ed3ng, \u0111\u1eb7c bi\u1ec7t l\u00e0 trong ng\u00e0nh IT, ch\u00fang t\u00f4i c\u00f3 \u0111\u1ee7 kh\u1ea3 n\u0103ng \u0111\u00e1p \u1ee9ng nhu c\u1ea7u ph\u00e1p l\u00fd \u0111\u1ed9c \u0111\u00e1o c\u1ee7a c\u00e1c doanh nghi\u1ec7p d\u1ef1a tr\u00ean c\u00f4ng ngh\u1ec7.<\/p>\n\t\t<div class=\"btn-area align-left\">\n\t\t\t<div class=\"btn icon-it\"><a href=\"\/vi\/it\">IT<\/a><\/div>\n\t\t<\/div>\n\t<\/div>\n\t<\/div>\n\t<\/div>\n<\/section>\n\n<section class=\"white-section\">\n\t<div class=\"anchor\" id=\"extensive-experience-in-investment-contracts-etc\"><\/div>\n\t<div class=\"section-inner-black\">\n\t\t<h3>Kinh nghi\u1ec7m r\u1ed9ng l\u1edbn trong Th\u1ecfa thu\u1eadn \u0110\u1ea7u t\u01b0, v.v.<\/h3>\n\t\t<p class=\"mgb-middle\">V\u1ec1 vi\u1ec7c ph\u00e1t h\u00e0nh c\u1ed5 phi\u1ebfu th\u00f4ng qua b\u1ed1 tr\u00ed cho b\u00ean th\u1ee9 ba, MONOLITH LAW OFFICE x\u1eed l\u00fd m\u1ecdi th\u1ee9 t\u1eeb vi\u1ec7c chu\u1ea9n b\u1ecb b\u1ea3ng \u0111i\u1ec1u kho\u1ea3n cho \u0111\u1ebfn so\u1ea1n th\u1ea3o h\u1ee3p \u0111\u1ed3ng \u0111\u1ea7u t\u01b0 v\u00e0 h\u1ee3p \u0111\u1ed3ng c\u1ed5 \u0111\u00f4ng. Ch\u00fang t\u00f4i c\u0169ng x\u1eed l\u00fd vi\u1ec7c thi\u1ebft k\u1ebf c\u1ed5 phi\u1ebfu \u01b0u \u0111\u00e3i quy \u0111\u1ecbnh v\u1ec1 ph\u00e2n ph\u1ed1i \u01b0u ti\u00ean, v.v., ph\u00e1t h\u00e0nh quy\u1ec1n mua c\u1ed5 phi\u1ebfu, th\u1ecfa thu\u1eadn gi\u1eefa c\u00e1c nh\u00e0 s\u00e1ng l\u1eadp, chuy\u1ec3n nh\u01b0\u1ee3ng c\u1ed5 phi\u1ebfu, v\u00e0 nhi\u1ec1u chi\u1ebfn l\u01b0\u1ee3c v\u00e0 h\u1ee3p \u0111\u1ed3ng li\u00ean quan \u0111\u1ebfn v\u1ed1n kh\u00e1c.<\/p>\n\t<\/div>\n<\/section>\n\n<section class=\"orange-section mgt-section\">\n\t<div class=\"anchor\" id=\"examples-of-support-provided-by-our-firm\"><\/div>\n\t<div class=\"section-inner\">\n\t\t<h3 class=\"mgb-middle\">C\u00e1c v\u00ed d\u1ee5 v\u1ec1 s\u1ef1 h\u1ed7 tr\u1ee3 do MONOLITH LAW OFFICE cung c\u1ea5p<\/h3>\n\t\t<p class=\"mgb-middle\">MONOLITH LAW OFFICE \u0111\u00e3 \u0111\u00f3ng vai tr\u00f2 l\u00e0 c\u1ed1 v\u1ea5n ph\u00e1p l\u00fd cho c\u00e1c c\u00f4ng ty IT v\u00e0 startup Nh\u1eadt B\u1ea3n trong vi\u1ec7c k\u1ebft n\u1ed1i v\u1edbi nhi\u1ec1u lo\u1ea1i h\u1ee3p \u0111\u1ed3ng kh\u00e1c nhau, bao g\u1ed3m h\u1ee3p \u0111\u1ed3ng thu\u00ea ngo\u00e0i cho c\u00e1c ho\u1ea1t \u0111\u1ed9ng \u0111\u01b0\u1ee3c giao, h\u1ee3p \u0111\u1ed3ng s\u1eed d\u1ee5ng v\u00e0 \u0111\u1ea1i l\u00fd cho s\u1ea3n ph\u1ea9m c\u00f4ng ty, h\u1ee3p \u0111\u1ed3ng \u0111\u1ea7u t\u01b0 v\u00e0 h\u1ee3p \u0111\u1ed3ng c\u1ed5 \u0111\u00f4ng cho c\u00e1c h\u1ee3p \u0111\u1ed3ng li\u00ean quan \u0111\u1ebfn v\u1ed1n, v\u00e0 h\u1ee3p \u0111\u1ed3ng lao \u0111\u1ed9ng cho c\u00e1c h\u1ee3p \u0111\u1ed3ng li\u00ean quan \u0111\u1ebfn c\u00f4ng ty. Ch\u00fang t\u00f4i c\u0169ng \u0111\u00f3ng vai tr\u00f2 l\u00e0 lu\u1eadt s\u01b0 IT cho c\u00e1c c\u00f4ng ty kinh doanh t\u1ea1i Nh\u1eadt B\u1ea3n, so\u1ea1n th\u1ea3o v\u00e0 xem x\u00e9t h\u1ee3p \u0111\u1ed3ng cho c\u00e1c doanh nghi\u1ec7p m\u1edbi li\u00ean quan \u0111\u1ebfn IT v\u00e0 h\u1ee3p \u0111\u1ed3ng li\u00ean quan \u0111\u1ebfn c\u00f4ng ty IT.<\/p>\n\t\t<div class=\"white-base\">\n\t\t\t<ul>\n\t\t\t\t<li class=\"mgb-small\">\n\t\t\t\t\t<figure><img decoding=\"async\" alt=\"HAZAMA ANDO CORPORATION\" src=\"\/wp-content\/themes\/monolith2021\/img\/clients\/logo_andohazama.png\"><\/figure>\n\t\t\t\t\t<h4 class=\"mgt-small mgb-small\">HAZAMA ANDO CORPORATION<\/h4>\n\t\t\t\t\t<p>C\u00f4ng ty ch\u00fang t\u00f4i \u0111\u00e3 so\u1ea1n th\u1ea3o h\u1ee3p \u0111\u1ed3ng li\u00ean quan \u0111\u1ebfn IT cho kh\u00e1ch h\u00e0ng n\u00e0y, m\u1ed9t nh\u00e0 th\u1ea7u ch\u00ednh l\u1edbn \u0111\u01b0\u1ee3c ni\u00eam y\u1ebft tr\u00ean S\u00e0n giao d\u1ecbch Ch\u1ee9ng kho\u00e1n Tokyo Prime.<\/p>\n\t\t\t\t<\/li>\n\t\t\t\t<li class=\"mgb-small\">\n\t\t\t\t\t<figure><img decoding=\"async\" alt=\"Gftd Japan\" src=\"\/wp-content\/themes\/monolith2021\/img\/clients\/logo_gftd.png\"><\/figure>\n\t\t\t\t\t<h4 class=\"mgt-small mgb-small\">Gftd Japan<\/h4>\n\t\t\t\t\t<p>Gftd Japan l\u00e0 m\u1ed9t c\u00f4ng ty startup li\u00ean quan \u0111\u1ebfn blockchain, m\u00e0 ch\u00fang t\u00f4i \u0111\u00e3 so\u1ea1n th\u1ea3o nhi\u1ec1u lo\u1ea1i h\u1ee3p \u0111\u1ed3ng kh\u00e1c nhau, t\u1eeb h\u1ee3p \u0111\u1ed3ng li\u00ean quan \u0111\u1ebfn kinh doanh \u0111\u1ebfn h\u1ee3p \u0111\u1ed3ng lao \u0111\u1ed9ng.<\/p>\n\t\t\t\t<\/li>\n\t\t\t\t<li class=\"mgb-small\">\n\t\t\t\t\t<figure><img decoding=\"async\" alt=\"TOKIUM Inc.\" src=\"\/wp-content\/uploads\/2022\/04\/logo_tokium.png\"><\/figure>\n\t\t\t\t\t<h4 class=\"mgt-small mgb-small\">TOKIUM Inc.<\/h4>\n\t\t\t\t\t<p>Tokium l\u00e0 m\u1ed9t c\u00f4ng ty startup li\u00ean quan \u0111\u1ebfn fintech, m\u00e0 ch\u00fang t\u00f4i \u0111\u00e3 so\u1ea1n th\u1ea3o c\u00e1c h\u1ee3p \u0111\u1ed3ng t\u1eeb th\u1ecfa thu\u1eadn li\u00ean doanh v\u00e0 h\u1ee3p t\u00e1c kinh doanh \u0111\u1ebfn h\u1ee3p \u0111\u1ed3ng li\u00ean quan \u0111\u1ebfn kinh doanh.<\/p>\n\t\t\t\t<\/li>\n\t\t\t\t<li class=\"mgb-small\">\n\t\t\t\t\t<figure><img decoding=\"async\" alt=\"MI-6 Ltd.\" src=\"\/wp-content\/themes\/monolith2021\/img\/clients\/logo_mi-6.png\"><\/figure>\n\t\t\t\t\t<h4 class=\"mgt-small mgb-small\">MI-6 Ltd.<\/h4>\n\t\t\t\t\t<p>C\u00f4ng ty ch\u00fang t\u00f4i \u0111\u00e3 chu\u1ea9n b\u1ecb h\u1ee3p \u0111\u1ed3ng \u0111\u1ea7u t\u01b0, ph\u00e1t h\u00e0nh quy\u1ec1n ch\u1ecdn c\u1ed5 phi\u1ebfu ki\u1ec3u J-KISS, v\u00e0 h\u1ee3p \u0111\u1ed3ng li\u00ean quan \u0111\u1ebfn nghi\u00ean c\u1ee9u chung.<\/p>\n\t\t\t\t<\/li>\n\t\t\t<\/ul><p class=\"mgb-small\">\n\t\t<p class=\"txt-s\">*Ngo\u00e0i nh\u1eefng kh\u00e1ch h\u00e0ng \u0111\u00e3 n\u00eau, c\u00f4ng ty ch\u00fang t\u00f4i c\u00f2n \u0111\u1ea3m nh\u1eadn d\u1ef1 \u00e1n cho nhi\u1ec1u kh\u00e1ch h\u00e0ng kh\u00e1c. Ch\u00fang t\u00f4i ch\u1ec9 li\u1ec7t k\u00ea m\u1ed9t s\u1ed1 kh\u00e1ch h\u00e0ng \u0111\u00e3 cho ph\u00e9p ch\u00fang t\u00f4i ti\u1ebft l\u1ed9 t\u00ecnh tr\u1ea1ng l\u00e0 kh\u00e1ch h\u00e0ng c\u1ee7a h\u1ecd (ho\u1eb7c \u0111\u01b0\u1ee3c \u0111\u0103ng k\u00fd l\u00e0 th\u00e0nh vi\u00ean c\u1ee7a h\u1ed9i \u0111\u1ed3ng qu\u1ea3n tr\u1ecb). Theo nguy\u00ean t\u1eafc chung, ch\u00fang t\u00f4i lu\u00f4n duy tr\u00ec b\u1ea3o m\u1eadt th\u00f4ng tin kh\u00e1ch h\u00e0ng theo ngh\u0129a v\u1ee5 b\u1ea3o m\u1eadt.<\/p>\n\t<\/div><\/div>\n<\/section>\n\n<section class=\"purple2-section\">\n\t<div class=\"anchor\" id=\"monolith-law-magazine\"><\/div>\n\t<div class=\"section-inner\">\n\t\t    <section class=\"white-section temp-article\">\n        <div class=\"section-inner\">\n            <h4>MONOLITH LAW MAGAZINE<\/h4>\n            <div class=\"articles type_practice_column\">\n                                                                    <div class=\"article article-area\">\n                        <figure>\n                            <div class=\"img-wrap\">\n                                <img alt=\"Quy\u1ec1n ch\u00e2n dung v\u00e0 b\u1ea3o v\u1ec7 ph\u00e1p l\u00fd trong tr\u00f2 ch\u01a1i \u0111i\u1ec7n t\u1eed.\" src=\"https:\/\/monolith.law\/vi\/wp-content\/uploads\/sites\/17\/2025\/03\/009b049064307a52d4e7c541b90c915e-1024x538.jpg\" width=\"500\" height=\"250\">\n                            <\/div>\n                            <figcaption>\n                                <div class=\"figcaption-inner\">\n                                    <h3>Quy\u1ec1n ch\u00e2n dung v\u00e0 b\u1ea3o v\u1ec7 ph\u00e1p l\u00fd trong tr\u00f2 ch\u01a1i \u0111i\u1ec7n t\u1eed.<\/h3>\n                                <\/div>\n                            <\/figcaption>\n                            <a href=\"https:\/\/monolith.law\/vi\/general-corporate\/portrait-rights-legal-protection-digital-games\"><\/a>\n                        <\/figure>\n                    <\/div>\n                                                    <div class=\"article article-area\">\n                        <figure>\n                            <div class=\"img-wrap\">\n                                <img alt=\"Kh\u1ea3 n\u0103ng vi ph\u1ea1m b\u1ea3n quy\u1ec1n trong kinh doanh qu\u00e1n game bar\" src=\"https:\/\/monolith.law\/vi\/wp-content\/uploads\/sites\/17\/2025\/03\/a01973fe332607297c001f31fa1b5f5d-1024x538.jpg\" width=\"500\" height=\"250\">\n                            <\/div>\n                            <figcaption>\n                                <div class=\"figcaption-inner\">\n                                    <h3>Kh\u1ea3 n\u0103ng vi ph\u1ea1m b\u1ea3n quy\u1ec1n trong kinh doanh qu\u00e1n game bar<\/h3>\n                                <\/div>\n                            <\/figcaption>\n                            <a href=\"https:\/\/monolith.law\/vi\/general-corporate\/copyright-infringement-game-bar-operation\"><\/a>\n                        <\/figure>\n                    <\/div>\n                                                    <div class=\"article article-area\">\n                        <figure>\n                            <div class=\"img-wrap\">\n                                <img alt=\"T\u00ednh ch\u1ea5t lao \u0111\u1ed9ng v\u00e0 b\u1ea3o v\u1ec7 ph\u00e1p l\u00fd c\u1ee7a tuy\u1ec3n th\u1ee7 eSports\" src=\"https:\/\/monolith.law\/vi\/wp-content\/uploads\/sites\/17\/2025\/03\/roudou-1024x538.jpg\" width=\"500\" height=\"250\">\n                            <\/div>\n                            <figcaption>\n                                <div class=\"figcaption-inner\">\n                                    <h3>T\u00ednh ch\u1ea5t lao \u0111\u1ed9ng v\u00e0 b\u1ea3o v\u1ec7 ph\u00e1p l\u00fd c\u1ee7a tuy\u1ec3n th\u1ee7 eSports<\/h3>\n                                <\/div>\n                            <\/figcaption>\n                            <a href=\"https:\/\/monolith.law\/vi\/general-corporate\/worker-status-legal-protection-e-sports-athletes\"><\/a>\n                        <\/figure>\n                    <\/div>\n                                            <\/div>\n            <div class=\"btn-more\"><a href=\"https:\/\/monolith.law\/vi\/tag\/contract-drafting-and-review\">Read More<\/a><\/div>\n        <\/div>\n    <\/section>\n\t<\/div>\n<\/section>\n\n<section class=\"orange2-section\">\n\t<div id=\"fee-structure\"><\/div>\n\t<div class=\"section-inner\">\n\t<div class=\"planWrap\">\n\t<h3>C\u1ea5u tr\u00fac Ph\u00ed D\u1ecbch V\u1ee5<\/h3>\n\t<ul class=\"plan\">\n\t\t<li class=\"txt-left\">\n\t\t\t<div class=\"plan-inner\">\n\t\t\t<div class=\"plan-header\">\n\t\t\t<h4 class=\"plan-title\">M\u1ee9c Ph\u00ed Theo Gi\u1edd<\/h4>\n\t\t\t<div class=\"plan-price\"><span class=\"price-figure\">$300<\/span>m\u1ed7i gi\u1edd<span class=\"price-value\"><\/span><\/div>\n\t\t\t<\/div>\n\t\t\t<div class=\"plan-body\">Trong m\u1ed9t s\u1ed1 tr\u01b0\u1eddng h\u1ee3p, ch\u00fang t\u00f4i c\u00f3 th\u1ec3 xem x\u00e9t vi\u1ec7c ch\u1ea5p nh\u1eadn m\u1ed9t tranh ch\u1ea5p ho\u1eb7c v\u1ee5 ki\u1ec7n v\u1edbi m\u1ed9t kho\u1ea3n ph\u00ed kh\u1edfi t\u1ea1o v\u00e0 ph\u00ed hoa h\u1ed3ng c\u01a1 h\u1ed9i. \u0110\u1ec3 bi\u1ebft th\u00eam chi ti\u1ebft, xin vui l\u00f2ng li\u00ean h\u1ec7 v\u1edbi ch\u00fang t\u00f4i.<\/div>\n\t\t\t<\/div>\n\t\t<\/li>\n\t\t<li class=\"txt-left\">\n\t\t\t<div class=\"plan-inner\">\n\t\t\t<div class=\"plan-header\">\n\t\t\t<h4 class=\"plan-title\">So\u1ea1n Th\u1ea3o H\u1ee3p \u0110\u1ed3ng<\/h4>\n\t\t\t<div class=\"plan-price\"><span class=\"price-value\">t\u1eeb<\/span><span class=\"price-figure\">$500<\/span><span class=\"price-value\">\u0111\u1ebfn $2,000 ho\u1eb7c cao h\u01a1n<\/span><\/div>\n\t\t\t<\/div>\n\t\t\t<div class=\"plan-body\">C\u1ea5u tr\u00fac gi\u00e1 c\u1ea3 c\u00f3 th\u1ec3 thay \u0111\u1ed5i t\u00f9y thu\u1ed9c v\u00e0o lo\u1ea1i v\u00e0 s\u1ed1 l\u01b0\u1ee3ng h\u1ee3p \u0111\u1ed3ng. Ch\u00fang t\u00f4i r\u1ea5t vui l\u00f2ng cung c\u1ea5p b\u1ea3ng gi\u00e1 \u01b0\u1edbc t\u00ednh s\u01a1 b\u1ed9 khi b\u1ea1n y\u00eau c\u1ea7u, do \u0111\u00f3 khuy\u1ebfn kh\u00edch b\u1ea1n li\u00ean h\u1ec7 v\u1edbi ch\u00fang t\u00f4i \u0111\u1ec3 bi\u1ebft th\u00eam chi ti\u1ebft.<\/div>\n\t\t\t<\/div>\n\t\t<\/li>\n\t\t<li class=\"txt-left\">\n\t\t\t<div class=\"plan-inner\">\n\t\t\t<div class=\"plan-header\">\n\t\t\t<h4 class=\"plan-title\">C\u00e1c D\u1ecbch V\u1ee5 Kh\u00e1c<\/h4>\n\t\t\t<div class=\"plan-price\"><span class=\"price-figure\">Li\u00ean H\u1ec7 Ch\u00fang T\u00f4i<\/span><\/div>\n\t\t\t<\/div>\n\t\t\t<div class=\"plan-body\">Ch\u00fang t\u00f4i cung c\u1ea5p m\u1ed9t lo\u1ea1t c\u00e1c d\u1ecbch v\u1ee5 bao g\u1ed3m th\u00e0nh l\u1eadp c\u00f4ng ty, xem x\u00e9t h\u1ee3p \u0111\u1ed3ng, \u00fd ki\u1ebfn ph\u00e1p l\u00fd, xem x\u00e9t v\u1ee5 \u00e1n, ho\u1eb7c th\u01b0 nghi\u00ean c\u1ee9u. N\u1ebfu b\u1ea1n c\u00f3 b\u1ea5t k\u1ef3 th\u1eafc m\u1eafc ho\u1eb7c lo ng\u1ea1i n\u00e0o, ch\u00fang t\u00f4i tr\u00e2n tr\u1ecdng m\u1eddi b\u1ea1n li\u00ean h\u1ec7 v\u1edbi ch\u00fang t\u00f4i v\u00e0 \u0111\u1ed9i ng\u0169 chuy\u00ean nghi\u1ec7p c\u1ee7a ch\u00fang t\u00f4i s\u1ebd r\u1ea5t h\u1ea1nh ph\u00fac khi \u0111\u01b0\u1ee3c h\u1ed7 tr\u1ee3 b\u1ea1n.<\/div>\n\t\t\t<\/div>\n\t\t<\/li>\n\t<\/ul>\n\t<\/div>\n\t<\/div>\n<\/section>\n\n<section class=\"white-section\">\n\t<div class=\"section-inner\">\n\t<div class=\"btn-area\">\n\t<div class=\"btn icon-contact\"><a href=\"\/vi\/contact\">Li\u00ean H\u1ec7 Ch\u00fang T\u00f4i<\/a><\/div>\n\t<\/div>\n\t<\/div>\n<\/section>\n","protected":false},"excerpt":{"rendered":"<p>So\u1ea1n Th\u1ea3o v\u00e0 R\u00e0 So\u00e1t H\u1ee3p \u0110\u1ed3ng L\u00e0 c\u1ed1 v\u1ea5n ph\u00e1p l\u00fd cho c\u00e1c c\u00f4ng ty IT v\u00e0 startup, \u0111\u00f4i khi c\u0169ng l\u00e0 c\u1ed1 v\u1ea5n IT cho c\u00e1c t\u1eadp \u0111o\u00e0n, ch\u00fang t\u00f4i so\u1ea1n th\u1ea3o v\u00e0 r\u00e0 so\u00e1t nhi\u1ec1u lo\u1ea1i h\u1ee3p \u0111\u1ed3ng IT chuy\u00ean bi\u1ec7t. M\u1ee5c ti\u00eau c [&hellip;]<\/p>\n","protected":false},"author":1,"featured_media":57034,"parent":0,"menu_order":7,"comment_status":"closed","ping_status":"closed","template":"other-page-temp.php","meta":{"footnotes":""},"acf":[],"_links":{"self":[{"href":"https:\/\/monolith.law\/vi\/wp-json\/wp\/v2\/pages\/30628"}],"collection":[{"href":"https:\/\/monolith.law\/vi\/wp-json\/wp\/v2\/pages"}],"about":[{"href":"https:\/\/monolith.law\/vi\/wp-json\/wp\/v2\/types\/page"}],"author":[{"embeddable":true,"href":"https:\/\/monolith.law\/vi\/wp-json\/wp\/v2\/users\/1"}],"replies":[{"embeddable":true,"href":"https:\/\/monolith.law\/vi\/wp-json\/wp\/v2\/comments?post=30628"}],"version-history":[{"count":96,"href":"https:\/\/monolith.law\/vi\/wp-json\/wp\/v2\/pages\/30628\/revisions"}],"predecessor-version":[{"id":61122,"href":"https:\/\/monolith.law\/vi\/wp-json\/wp\/v2\/pages\/30628\/revisions\/61122"}],"wp:featuredmedia":[{"embeddable":true,"href":"https:\/\/monolith.law\/vi\/wp-json\/wp\/v2\/media\/57034"}],"wp:attachment":[{"href":"https:\/\/monolith.law\/vi\/wp-json\/wp\/v2\/media?parent=30628"}],"curies":[{"name":"wp","href":"https:\/\/api.w.org\/{rel}","templated":true}]}}