{"id":31513,"date":"2021-04-13T15:59:32","date_gmt":"2021-04-13T06:59:32","guid":{"rendered":"https:\/\/monolith.law\/?page_id=31513"},"modified":"2023-12-05T15:09:32","modified_gmt":"2023-12-05T06:09:32","slug":"m-and-a-of-sns-accounts","status":"publish","type":"page","link":"https:\/\/monolith.law\/vi\/m-and-a-of-sns-accounts","title":{"rendered":"M&#038;A c\u1ee7a T\u00e0i Kho\u1ea3n M\u1ea1ng X\u00e3 H\u1ed9i"},"content":{"rendered":"\n<section class=\"heading-area\">\n\t<div class=\"heading-area-inner\">\n\t\t<h2 class=\"icon-m-and-a-of-sns-accounts\">M&#038;A c\u1ee7a T\u00e0i Kho\u1ea3n M\u1ea1ng X\u00e3 H\u1ed9i<\/h2>\n\t\t<p>M&#038;A c\u1ee7a k\u00eanh YouTube v\u00e0 t\u00e0i kho\u1ea3n Twitter l\u00e0 m\u1ed9t l\u0129nh v\u1ef1c chuy\u00ean m\u00f4n cao \u0111\u00f2i h\u1ecfi ki\u1ebfn th\u1ee9c v\u00e0 k\u1ef9 n\u0103ng chuy\u00ean bi\u1ec7t. L\u00e0 m\u1ed9t v\u0103n ph\u00f2ng lu\u1eadt s\u01b0 c\u00f3 chuy\u00ean gia v\u1ec1 IT, Internet v\u00e0 kinh doanh trong \u0111\u1ed9i ng\u0169, ch\u00fang t\u00f4i cung c\u1ea5p s\u1ef1 h\u1ed7 tr\u1ee3 to\u00e0n di\u1ec7n trong l\u0129nh v\u1ef1c n\u00e0y.<\/p>\n\t<\/div>\n<\/section>\n\n<section class=\"white-section\">\n\t<div class=\"section-inner pdt0 border-bottom-section\">\n\t\t<p>Similar to websites, YouTube channels and Twitter accounts are also subject to M&amp;A. However, because these M&amp;As are unique situations, it is necessary to hire a law firm with specialized knowledge and expertise. \nMonolith Law Office is a law firm specializing in IT, the Internet and business. Our attorneys handle every aspect of many M&amp;As, from small projects involving YouTube channels to projects worth more than 100 million yen, ranging from contract drafting to due diligence (DD).<\/p>\n\t<\/div>\n<\/section>\n\n<section class=\"second-nav\">\n\t<div class=\"second-nav-inner\">\n\t\t<p>CH\u1ee6 \u0110\u1ec0<\/p>\n\t\t<nav>\n\t\t\t<ul>\n\t\t\t\t<li><a href=\"#an-example-of-ma-track-record\">V\u00ed d\u1ee5 v\u1ec1 h\u1ed3 s\u01a1 M&#038;A<\/a><\/li>\n\t\t\t\t<li><a href=\"#ma-special-feature-on-sns-such-as-youtube\">\u0110\u1eb7c \u0111i\u1ec3m \u0111\u1eb7c bi\u1ec7t c\u1ee7a M&#038;A tr\u00ean c\u00e1c SNS nh\u01b0 YouTube<\/a><\/li>\n\t\t\t\t<li><a href=\"#responding-to-legal-due-diligence-dd\">\u1ee8ng ph\u00f3 v\u1edbi th\u1ea9m \u0111\u1ecbnh ph\u00e1p l\u00fd<\/a><\/li>\n\t\t\t\t<li><a href=\"#legal-due-diligence-dd-peculiarities-of-sns-etc\">\u0110i\u1ec3m \u0111\u1eb7c bi\u1ec7t c\u1ee7a th\u1ea9m \u0111\u1ecbnh ph\u00e1p l\u00fd SNS<\/a><\/li>\n\t\t\t\t<li><a href=\"#an-example-of-our-client\">M\u1ed9t v\u00ed d\u1ee5 v\u1ec1 kh\u00e1ch h\u00e0ng c\u1ee7a ch\u00fang t\u00f4i<\/a><\/li>\n\t\t\t\t<li><a href=\"#book-writing-records\">H\u1ed3 s\u01a1 xu\u1ea5t b\u1ea3n<\/a><\/li>\n\t\t\t\t<li><a href=\"#media-appearance-record\">H\u1ed3 s\u01a1 xu\u1ea5t hi\u1ec7n tr\u00ean truy\u1ec1n th\u00f4ng<\/a><\/li>\n\t\t\t\t<li><a href=\"#monolith-law-magazine\">MONOLITH LAW MAGAZINE<\/a><\/li>\n\t\t\t\t<li><a href=\"#fee-structure\">C\u1ea5u tr\u00fac ph\u00ed<\/a><\/li>\n\t\t\t<\/ul>\n\t\t<\/nav>\n\t<\/div>\n<\/section>\n\n<section class=\"white-section\">\n\t<div class=\"anchor\" id=\"an-example-of-ma-track-record\"><\/div>\n\t<div class=\"section-inner\">\n\t\t<h3>V\u00ed d\u1ee5 v\u1ec1 th\u00e0nh t\u00edch M&#038;A<\/h3>\n\t\t<ul class=\"layout-column4\">\n\t\t\t<li>\n\t\t\t\t<div><img decoding=\"async\" src=\"\/wp-content\/themes\/monolith2021\/img\/practices-youtuberlaw\/practices-youtuberlaw_necessity_pic3.jpg\" alt=\"YouTube channel\"><\/div>\n\t\t\t\t<h4>K\u00eanh YouTube<\/h4>\n\t\t\t\t<p>Ch\u00fang t\u00f4i c\u00f3 th\u00e0nh t\u00edch th\u1ef1c hi\u1ec7n c\u00e1c giao d\u1ecbch M&#038;A v\u00e0 due diligence v\u1edbi gi\u00e1 tr\u1ecb v\u01b0\u1ee3t qu\u00e1 100 tri\u1ec7u y\u00ean, nh\u01b0 vi\u1ec7c chuy\u1ec3n nh\u01b0\u1ee3ng c\u00e1c k\u00eanh YouTube c\u1ee7a VTuber v\u00e0 anime.<\/p>\n\t\t\t<\/li>\n\t\t\t<li>\n\t\t\t\t<div><img decoding=\"async\" src=\"\/wp-content\/themes\/monolith2021\/img\/snsmalaw\/snsmalaw_example_pic2.jpg\" alt=\"T\u00e0i kho\u1ea3n Twitter\"><\/div>\n\t\t\t\t<h4>T\u00e0i kho\u1ea3n Twitter<\/h4>\n\t\t\t\t<p>Ch\u00fang t\u00f4i x\u1eed l\u00fd m\u1ed9t s\u1ed1 l\u01b0\u1ee3ng l\u1edbn h\u1ee3p \u0111\u1ed3ng v\u00e0 c\u00f4ng vi\u1ec7c due diligence li\u00ean quan \u0111\u1ebfn vi\u1ec7c chuy\u1ec3n nh\u01b0\u1ee3ng c\u00e1c t\u00e0i kho\u1ea3n Twitter cung c\u1ea5p th\u00f4ng tin.<\/p>\n\t\t\t<\/li>\n\t\t\t<li>\n\t\t\t\t<div><img decoding=\"async\" src=\"\/wp-content\/themes\/monolith2021\/img\/snsmalaw\/snsmalaw_example_pic3.jpg\" alt=\"T\u00e0i kho\u1ea3n Instagram\"><\/div>\n\t\t\t\t<h4>T\u00e0i kho\u1ea3n Instagram<\/h4>\n\t\t\t\t<p>Ch\u00fang t\u00f4i h\u1ed7 tr\u1ee3 vi\u1ec7c chuy\u1ec3n nh\u01b0\u1ee3ng t\u00e0i kho\u1ea3n Instagram nh\u01b0 m\u1ed9t ph\u1ea7n c\u1ee7a vi\u1ec7c chuy\u1ec3n giao doanh nghi\u1ec7p truy\u1ec1n th\u00f4ng s\u1edf h\u1eefu.<\/p>\n\t\t\t<\/li>\n\t\t\t<li>\n\t\t\t\t<div><img decoding=\"async\" src=\"\/wp-content\/themes\/monolith2021\/img\/snsmalaw\/snsmalaw_example_pic4.jpg\" alt=\"C\u00e1c SNS kh\u00e1c\"><\/div>\n\t\t\t\t<h4>C\u00e1c SNS kh\u00e1c<\/h4>\n\t\t\t\t<p>Ch\u00fang t\u00f4i c\u0169ng c\u00f3 kinh nghi\u1ec7m v\u00e0 ki\u1ebfn th\u1ee9c li\u00ean quan \u0111\u1ebfn c\u00e1c SNS v\u00e0 d\u1ecbch v\u1ee5 web kh\u00e1c.<\/p>\n\t\t\t<\/li>\n\t\t<\/ul>\n\t<\/div>\n<\/section>\n\n<section class=\"white-section\">\n\t<div class=\"section-inner pdt0\">\n\t\t<div class=\"frame2 max-width860 txt-center-pc\">\n\t\t\t<p class=\"bold txt-l\">V\u0103n ph\u00f2ng Lu\u1eadt s\u01b0 MONOLITH LAW OFFICE l\u00e0 m\u1ed9t c\u00f4ng ty lu\u1eadt chuy\u00ean v\u1ec1 IT, Internet v\u00e0 kinh doanh.<br class=\"pcOnly\">Ch\u00fang t\u00f4i cung c\u1ea5p c\u00e1c d\u1ecbch v\u1ee5 ph\u00e1p l\u00fd t\u1eeb so\u1ea1n th\u1ea3o h\u1ee3p \u0111\u1ed3ng \u0111\u1ebfn due diligence (DD) cho c\u00e1c giao d\u1ecbch M&#038;A, bao g\u1ed3m c\u1ea3 k\u00eanh YouTube,<br class=\"pcOnly\"> t\u1eeb c\u00e1c th\u1ecfa thu\u1eadn nh\u1ecf \u0111\u1ebfn c\u00e1c giao d\u1ecbch v\u01b0\u1ee3t qu\u00e1 100 tri\u1ec7u y\u00ean.<br class=\"pcOnly\"><\/p>\n\t\t<\/div>\n\t<\/div>\n<\/section>\n\n<section class=\"orange-section\">\n\t<div class=\"anchor\" id=\"ma-special-feature-on-sns-such-as-youtube\"><\/div>\n\t<div class=\"section-inner\">\n\t\t<h3>\u0110\u1eb7c \u0111i\u1ec3m n\u1ed5i b\u1eadt c\u1ee7a M&#038;A tr\u00ean c\u00e1c SNS nh\u01b0 YouTube<\/h3>\n\t\t<ul class=\"layout-column4\">\n\t\t\t<li>\n\t\t\t\t<div><img decoding=\"async\" src=\"\/wp-content\/themes\/monolith2021\/img\/snsmalaw\/snsmalaw_specificity_pic1.jpg\" alt=\"Ph\u00e1p l\u00fd IT\/Internet\"><\/div>\n\t\t\t\t<h4>Ph\u00e1p l\u00fd IT\/Internet<\/h4>\n\t\t\t\t<p>Ch\u1ec9 c\u00f3 c\u00e1c v\u0103n ph\u00f2ng lu\u1eadt s\u01b0 c\u00f3 kinh nghi\u1ec7m r\u1ed9ng l\u1edbn v\u1ec1 IT v\u00e0 Internet m\u1edbi c\u00f3 th\u1ec3 x\u00e1c \u0111\u1ecbnh ch\u00ednh x\u00e1c c\u00e1c \u0111i\u1ec3m ki\u1ec3m tra ph\u00e1p l\u00fd li\u00ean quan \u0111\u1ebfn giao d\u1ecbch.<\/p>\n\t\t\t<\/li>\n\t\t\t<li>\n\t\t\t\t<div><img decoding=\"async\" src=\"\/wp-content\/themes\/monolith2021\/img\/snsmalaw\/snsmalaw_specificity_pic2.jpg\" alt=\"Lu\u1eadt s\u1edf h\u1eefu tr\u00ed tu\u1ec7\"><\/div>\n\t\t\t\t<h4>Lu\u1eadt s\u1edf h\u1eefu tr\u00ed tu\u1ec7<\/h4>\n\t\t\t\t<p>Ki\u1ebfn th\u1ee9c chuy\u00ean m\u00f4n v\u1ec1 quy\u1ec1n s\u1edf h\u1eefu tr\u00ed tu\u1ec7, nh\u01b0 b\u1ea3n quy\u1ec1n, l\u00e0 c\u1ea7n thi\u1ebft \u0111\u1ec3 x\u1eed l\u00fd \u0111\u00fang c\u00e1ch quy\u1ec1n khi chuy\u1ec3n nh\u01b0\u1ee3ng t\u00e0i kho\u1ea3n SNS.<\/p>\n\t\t\t<\/li>\n\t\t\t<li>\n\t\t\t\t<div><img decoding=\"async\" src=\"\/wp-content\/themes\/monolith2021\/img\/snsmalaw\/snsmalaw_specificity_pic3.jpg\" alt=\"C\u1ea5p ph\u00e9p, v.v.\"><\/div>\n\t\t\t\t<h4>C\u1ea5p ph\u00e9p IP<\/h4>\n\t\t\t\t<p>Hi\u1ec3u bi\u1ebft v\u1ec1 c\u00e1c gi\u1ea5y ph\u00e9p do b\u00ean th\u1ee9 ba thi\u1ebft l\u1eadp l\u00e0 c\u1ea7n thi\u1ebft khi ph\u00e1t t\u00e1n n\u1ed9i dung tr\u00ean c\u00e1c ph\u01b0\u01a1ng ti\u1ec7n truy\u1ec1n th\u00f4ng kh\u00e1c nhau, v\u00e0 vi\u1ec7c l\u00e0m \u0111\u00fang \u0111i\u1ec1u n\u00e0y l\u00e0 m\u1ed9t nhi\u1ec7m v\u1ee5 chuy\u00ean m\u00f4n cao.<\/p>\n\t\t\t<\/li>\n\t\t\t<li>\n\t\t\t\t<div><img decoding=\"async\" src=\"\/wp-content\/themes\/monolith2021\/img\/snsmalaw\/snsmalaw_specificity_pic4.jpg\" alt=\"\u0110i\u1ec1u kho\u1ea3n v\u00e0 H\u01b0\u1edbng d\u1eabn\"><\/div>\n\t\t\t\t<h4>\u0110i\u1ec1u kho\u1ea3n<\/h4>\n\t\t\t\t<p>V\u00ed d\u1ee5, qu\u00e1 tr\u00ecnh Due Diligence (DD) cho c\u00e1c k\u00eanh YouTube \u0111\u00f2i h\u1ecfi ki\u1ebfn th\u1ee9c v\u1ec1 thu\u1eadt ng\u1eef c\u0169ng nh\u01b0 c\u1eadp nh\u1eadt li\u00ean t\u1ee5c c\u00e1c phi\u00ean b\u1ea3n m\u1edbi nh\u1ea5t c\u1ee7a c\u00e1c h\u01b0\u1edbng d\u1eabn kh\u00e1c nhau.<\/p>\n\t\t\t<\/li>\n\t\t<\/ul>\n\t<\/div>\n<\/section>\n\n<section class=\"white-section\">\n\t<div class=\"anchor\" id=\"responding-to-legal-due-diligence-dd\"><\/div>\n\t<div class=\"section-inner\">\n\t\t<div class=\"flex reverse\">\n\t\t\t<div class=\"width41\"><img decoding=\"async\" src=\"\/wp-content\/themes\/monolith2021\/img\/pic\/pic_legalduediligence.jpg\" alt=\"Ph\u1ea3n h\u1ed3i v\u1edbi due diligence (DD) ph\u00e1p l\u00fd\"><\/div>\n\t\t\t<div class=\"width51\">\n\t\t\t\t<h3>\u0110\u00e1p \u1ee9ng nhu c\u1ea7u ki\u1ec3m to\u00e1n ph\u00e1p l\u00fd<\/h3>\n\t\t\t\t<p class=\"mgb-small\">Vi\u1ec7c chuy\u1ec3n nh\u01b0\u1ee3ng doanh nghi\u1ec7p c\u1ee7a c\u00e1c t\u00e0i kho\u1ea3n SNS nh\u01b0 k\u00eanh YouTube v\u00e0 Twitter, c\u0169ng nh\u01b0 vi\u1ec7c chuy\u1ec3n nh\u01b0\u1ee3ng c\u1ed5 ph\u1ea7n c\u1ee7a c\u00e1c c\u00f4ng ty s\u1edf h\u1eefu ch\u00fang, l\u00e0 nh\u1eefng h\u1ee3p \u0111\u1ed3ng m\u00e0 trong m\u1ed9t s\u1ed1 tr\u01b0\u1eddng h\u1ee3p, \u0111\u00f2i h\u1ecfi ki\u1ec3m to\u00e1n ph\u00e1p l\u00fd (DD), gi\u1ed1ng nh\u01b0 c\u00e1c giao d\u1ecbch M&amp;A th\u00f4ng th\u01b0\u1eddng.<\/p>\n\t\t\t\t<p class=\"mgb-small\">V\u0103n ph\u00f2ng lu\u1eadt s\u01b0 c\u1ee7a ch\u00fang t\u00f4i, MONOLITH LAW OFFICE, c\u0169ng chu\u1ea9n b\u1ecb ki\u1ec3m to\u00e1n ph\u00e1p l\u00fd (DD) v\u00e0 b\u00e1o c\u00e1o DD cho nh\u1eefng giao d\u1ecbch M&amp;A chuy\u00ean s\u00e2u nh\u01b0 v\u1eady.<\/p>\n\t\t\t\t<p class=\"txt-s\">* Trong tr\u01b0\u1eddng h\u1ee3p t\u1ea1o b\u00e1o c\u00e1o DD, th\u1eddi gian l\u00e0m vi\u1ec7c c\u1ee7a lu\u1eadt s\u01b0, nguy\u00ean t\u1eafc, l\u00e0 30 gi\u1edd ho\u1eb7c nhi\u1ec1u h\u01a1n (ph\u00ed lu\u1eadt s\u01b0 l\u00e0 1 tri\u1ec7u y\u00ean ho\u1eb7c nhi\u1ec1u h\u01a1n).<\/p>\n\t\t\t<\/div>\n\t\t<\/div>\n\t<\/div>\n<\/section>\n\n<section class=\"white-section\">\n\t<div class=\"anchor\" id=\"legal-due-diligence-dd-peculiarities-of-sns-etc\"><\/div>\n\t<div class=\"section-inner-black\">\n\t\t<h3><br class=\"spOnly\">\u0110\u1eb7c \u0111i\u1ec3m n\u1ed5i b\u1eadt c\u1ee7a vi\u1ec7c th\u1ea9m \u0111\u1ecbnh ph\u00e1p l\u00fd cho SNS<\/h3>\n\t\t<p class=\"mgb-small\">Khi ti\u1ebfn h\u00e0nh th\u1ea9m \u0111\u1ecbnh ph\u00e1p l\u00fd cho vi\u1ec7c M&#038;A c\u1ee7a m\u1ed9t k\u00eanh YouTube, ch\u1eb3ng h\u1ea1n, vi\u1ec7c xem x\u00e9t t\u00ednh h\u1ee3p ph\u00e1p c\u1ee7a c\u00e1c video \u0111\u01b0\u1ee3c \u0111\u0103ng t\u1ea3i tr\u00ean k\u00eanh c\u0169ng nh\u01b0 s\u1ef1 ph\u00f9 h\u1ee3p v\u1edbi c\u00e1c \u0111i\u1ec1u kho\u1ea3n s\u1eed d\u1ee5ng v\u00e0 h\u01b0\u1edbng d\u1eabn kh\u00e1c nhau c\u1ee7a YouTube l\u00e0 nh\u1eefng v\u1ea5n \u0111\u1ec1 c\u1ea7n quan t\u00e2m. N\u1ebfu nh\u1eefng v\u1ea5n \u0111\u1ec1 n\u00e0y xu\u1ea5t hi\u1ec7n, c\u00e1c video c\u00f4ng khai c\u00f3 th\u1ec3 b\u1ecb x\u00f3a b\u1ecf, v\u00e0 trong tr\u01b0\u1eddng h\u1ee3p x\u1ea5u nh\u1ea5t, c\u00e1c bi\u1ec7n ph\u00e1p nh\u01b0 \u0111\u00ecnh ch\u1ec9 t\u00e0i kho\u1ea3n c\u00f3 th\u1ec3 \u0111\u01b0\u1ee3c \u00e1p d\u1ee5ng, v\u00e0 gi\u00e1 tr\u1ecb c\u1ee7a k\u00eanh c\u00f3 th\u1ec3 b\u1ecb hi\u1ec3u l\u1ea7m.<\/p>\n\t\t<p class=\"mgb-small\">\u0110\u1ec3 l\u00e0m \u0111\u01b0\u1ee3c \u0111i\u1ec1u n\u00e0y, ki\u1ebfn th\u1ee9c ph\u00e1p l\u00fd trong nhi\u1ec1u l\u0129nh v\u1ef1c l\u00e0 c\u1ea7n thi\u1ebft, bao g\u1ed3m b\u1ea3n quy\u1ec1n c\u1ee7a c\u00e1c \u0111\u1ed1i t\u01b0\u1ee3ng v\u00e0 \u00e2m nh\u1ea1c \u0111\u01b0\u1ee3c s\u1eed d\u1ee5ng trong video, quy\u1ec1n h\u00ecnh \u1ea3nh v\u00e0 quy\u1ec1n ri\u00eang t\u01b0 li\u00ean quan \u0111\u1ebfn h\u00ecnh \u1ea3nh c\u1ee7a m\u1ecdi ng\u01b0\u1eddi, v\u00e0 c\u00e1c quy \u0111\u1ecbnh qu\u1ea3ng c\u00e1o c\u00f3 th\u1ec3 g\u1eb7p v\u1ea5n \u0111\u1ec1 khi gi\u1edbi thi\u1ec7u m\u1ef9 ph\u1ea9m v\u00e0 th\u1ef1c ph\u1ea9m ch\u1ee9c n\u0103ng. Vi\u1ec7c hi\u1ec3u r\u00f5 c\u00e1c \u0111i\u1ec1u kho\u1ea3n s\u1eed d\u1ee5ng v\u00e0 c\u00e1c h\u01b0\u1edbng d\u1eabn kh\u00e1c nhau, c\u0169ng nh\u01b0 c\u1eadp nh\u1eadt v\u1edbi phi\u00ean b\u1ea3n m\u1edbi nh\u1ea5t l\u00e0 r\u1ea5t quan tr\u1ecdng.<\/p>\n\t\t<p class=\"mgb-middle\">H\u01a1n n\u1eefa, b\u1edfi v\u00ec c\u00e1c \u0111i\u1ec1u kho\u1ea3n s\u1eed d\u1ee5ng v\u00e0 h\u01b0\u1edbng d\u1eabn \u0111\u01b0\u1ee3c t\u1ea1o ra m\u1ed9t c\u00e1ch t\u1ef1 nguy\u1ec7n, vi\u1ec7c t\u00ecm ki\u1ebfm m\u1ed9t v\u0103n ph\u00f2ng lu\u1eadt s\u01b0 chuy\u00ean nghi\u1ec7p trong l\u0129nh v\u1ef1c n\u00e0y l\u00e0 c\u1ea7n thi\u1ebft.<\/p>\n\n\n\n\t<\/div>\n<\/section>\n\n<section class=\"white-section\">\n\t<div class=\"anchor\" id=\"an-example-of-our-client\"><\/div>\n\t<div class=\"section-inner\">\n\t\t<h3>M\u1ed9t v\u00ed d\u1ee5 v\u1ec1 kh\u00e1ch h\u00e0ng c\u1ee7a ch\u00fang t\u00f4i<\/h3>\n\t\t<ul class=\"layout-column4 mgb-middle\">\n\t\t\t<li>\n\t\t\t\t<div><img decoding=\"async\" src=\"\/wp-content\/themes\/monolith2021\/img\/clients\/logo_zizai.png\" alt=\"ZIZAI\"><\/div>\n\t\t\t\t<h4><a href=\"https:\/\/zizai.co.jp\/\" target=\"_blank\" rel=\"noopener noreferrer\">ZIZAI Inc.<\/a><\/h4>\n\t\t\t\t<p>Ch\u00fang t\u00f4i \u0111ang x\u1eed l\u00fd m\u1ed9t d\u1ef1 \u00e1n cho ZIZAI Inc., c\u00f4ng ty \u0111i\u1ec1u h\u00e0nh VTuber\/virtual YouTuber Miraiakari v\u00e0 k\u00eanh video \u0111\u00e0o t\u1ea1o pachinko\/slot Sulopachi Station.<\/p>\n\t\t\t<\/li>\n\t\t\t<li>\n\t\t\t\t<div><img decoding=\"async\" src=\"\/wp-content\/themes\/monolith2021\/img\/clients\/logo_plott.png\" alt=\"Plott Inc.\"><\/div>\n\t\t\t\t<h4><a href=\"https:\/\/plott.tokyo\/\" target=\"_blank\" rel=\"noopener noreferrer\">Plott Inc.<\/a><\/h4>\n\t\t\t\t<p>Ch\u00fang t\u00f4i \u0111ang x\u1eed l\u00fd m\u1ed9t d\u1ef1 \u00e1n c\u1ee7a Plott Co., Ltd., c\u00f4ng ty qu\u1ea3n l\u00fd c\u00e1c k\u00eanh YouTube anime nh\u01b0 &#8220;Teikou Penguin&#8221;, &#8220;KAREKORE of MIXED BLOOD&#8221;, &#8220;Grim Reaper Flag Chan!&#8221;, v\u00e0 &#8220;Yaruminati&#8221;.<\/p>\n\t\t\t<\/li>\n\t\t\t<li>\n\t\t\t\t<div><img decoding=\"async\" src=\"\/wp-content\/themes\/monolith2021\/img\/clients\/logo_algorithm.png\" alt=\"Algorithm\"><\/div>\n\t\t\t\t<h4><a href=\"https:\/\/algorithms.co.jp\/\" target=\"_blank\" rel=\"noopenerrnoreferrer noopener\">Algorithm Inc.<\/a><\/h4>\n\t\t\t\t<p>Ch\u00fang t\u00f4i \u0111ang x\u1eed l\u00fd m\u1ed9t d\u1ef1 \u00e1n cho Algorithm Inc., c\u00f4ng ty ch\u1ee7 y\u1ebfu ho\u1ea1t \u0111\u1ed9ng trong l\u0129nh v\u1ef1c thu gom v\u00e0 k\u00edch ho\u1ea1t c\u00e1c ph\u01b0\u01a1ng ti\u1ec7n truy\u1ec1n th\u00f4ng li\u00ean k\u1ebft, c\u0169ng nh\u01b0 v\u1eadn h\u00e0nh &#8220;feely&#8221; v\u00e0 &#8220;tabiyori&#8221;.<\/p>\n\t\t\t<\/li>\n\t\t\t<li>\n\t\t\t\t<div><img decoding=\"async\" src=\"\/wp-content\/themes\/monolith2021\/img\/clients\/logo_mediano.png\" alt=\"Mediano\"><\/div>\n\t\t\t\t<h4><a href=\"https:\/\/mediano-ltd.co.jp\/\" target=\"_blank\" rel=\"noopener noreferrer\">Mediano Co., Ltd.<\/a><\/h4>\n\t\t\t\t<p>Ngo\u00e0i \u1ee9ng d\u1ee5ng di \u0111\u1ed9ng, ch\u00fang t\u00f4i c\u0169ng x\u1eed l\u00fd d\u1ef1 \u00e1n cho Mediano Co., Ltd., c\u00f4ng ty ch\u1ee7 y\u1ebfu th\u1ef1c hi\u1ec7n c\u00e1c giao d\u1ecbch M&#038;A nh\u1eb1m th\u1ef1c hi\u1ec7n s\u1ef1 h\u1ee3p t\u00e1c t\u1eadn d\u1ee5ng th\u1ebf m\u1ea1nh c\u1ee7a c\u1ea3 hai b\u00ean v\u00e0 c\u0169ng thu gom n\u1ed9i dung truy\u1ec1n th\u00f4ng d\u1ef1 ki\u1ebfn chuy\u1ec3n nh\u01b0\u1ee3ng.<\/p>\n\t\t\t<\/li>\n\t\t<\/ul>\n\t\t<p class=\"txt-s\">*Ch\u00fang t\u00f4i c\u0169ng ph\u1ee5 tr\u00e1ch nhi\u1ec1u d\u1ef1 \u00e1n kh\u00e1ch h\u00e0ng kh\u00e1c. Ch\u1ec9 c\u00f3 c\u00e1c c\u00f4ng ty \u0111\u01b0\u1ee3c ph\u00e9p ti\u1ebft l\u1ed9 th\u00f4ng tin \u0111\u1ed1i t\u00e1c kinh doanh m\u1edbi \u0111\u01b0\u1ee3c li\u1ec7t k\u00ea. Do ngh\u0129a v\u1ee5 b\u1ea3o m\u1eadt, vi\u1ec7c b\u1ea1n l\u00e0 kh\u00e1ch h\u00e0ng c\u1ee7a ch\u00fang t\u00f4i \u0111\u01b0\u1ee3c gi\u1eef k\u00edn tuy\u1ec7t \u0111\u1ed1i.<\/p>\n\t<\/div>\n<\/section>\n\n<section class=\"white-section\">\n\t<div class=\"section-inner\">\n\t\t<div class=\"frame2 max-width860 txt-center-pc\">\n\t\t\t<p class=\"bold txt-l mgb-small\">Ho\u1ea1t \u0111\u1ed9ng xu\u1ea5t b\u1ea3n trong l\u0129nh v\u1ef1c ph\u00e1p l\u00fd YouTuber \/ VTuber<\/p>\n\t\t\t<p>C\u00e1c v\u1ea5n \u0111\u1ec1 ph\u00e1p l\u00fd li\u00ean quan \u0111\u1ebfn YouTubers\/VTubers l\u00e0 m\u1ed9t l\u0129nh v\u1ef1c chuy\u00ean m\u00f4n cao. Toki Kawase, lu\u1eadt s\u01b0 \u0111\u1ea1i di\u1ec7n c\u1ee7a ch\u00fang t\u00f4i, c\u0169ng tham gia v\u00e0o c\u00e1c ho\u1ea1t \u0111\u1ed9ng xu\u1ea5t b\u1ea3n li\u00ean quan \u0111\u1ebfn c\u00e1c ch\u1ee7 \u0111\u1ec1 n\u00e0y.<\/p>\n\t\t<\/div>\n\t<\/div>\n<\/section>\n<section class=\"orange-section\">\n\t<div class=\"anchor\" id=\"book-writing-records\"><\/div>\n\t<div class=\"section-inner\">\n\t\t<div class=\"flex reverse\">\n\t\t\t<div class=\"width41\"><img decoding=\"async\" src=\"\/wp-content\/uploads\/2022\/07\/it_law_book.jpg\" alt=\"H\u1ed3 s\u01a1 xu\u1ea5t b\u1ea3n c\u1ee7a lu\u1eadt s\u01b0 m\u1ea1nh v\u1ec1 c\u00e1c v\u1ea5n \u0111\u1ec1 ph\u00e1p l\u00fd li\u00ean quan \u0111\u1ebfn SNS nh\u01b0 YouTube\"><\/div>\n\t\t\t<div class=\"width51\">\n\t\t\t\t<h3>Ho\u1ea1t \u0111\u1ed9ng xu\u1ea5t b\u1ea3n nh\u01b0 m\u1ed9t lu\u1eadt s\u01b0 chuy\u00ean v\u1ec1 c\u00e1c v\u1ea5n \u0111\u1ec1 ph\u00e1p l\u00fd SNS, bao g\u1ed3m YouTube<\/h3>\n\t\t\t\t<p>&#8220;Lu\u1eadt s\u01b0 IT, H\u00e3y Gi\u1ea3i Th\u00edch cho Ch\u00fang T\u00f4i v\u1ec1 Lu\u1eadt v\u00e0 \u0110i\u1ec1u Kho\u1ea3n YouTube&#8221; (Shodensha, ng\u00e0y 30 th\u00e1ng 7 n\u0103m 2022) \u0111\u00e3 \u0111\u01b0\u1ee3c xu\u1ea5t b\u1ea3n \u0111\u1ec3 gi\u1ea3i th\u00edch c\u00e1c quy \u0111\u1ecbnh v\u00e0 \u0111i\u1ec1u kho\u1ea3n li\u00ean quan \u0111\u1ebfn YouTube cho ng\u01b0\u1eddi m\u1edbi b\u1eaft \u0111\u1ea7u. D\u01b0\u1edbi d\u1ea1ng Q&amp;A, cu\u1ed1n s\u00e1ch gi\u1ea3i th\u00edch c\u00e1ch t\u1ea1o ra c\u00e1c h\u1ee3p \u0111\u1ed3ng kh\u00e1c nhau v\u00e0 c\u00e1c \u0111i\u1ec3m ki\u1ec3m tra cho m\u1ed7i ch\u1ee7 \u0111\u1ec1, t\u1eeb c\u00e1c h\u1ee3p \u0111\u1ed3ng l\u00e0 \u0111i\u1ec1u ki\u1ec7n ti\u00ean quy\u1ebft cho M&amp;A \u0111\u1ebfn c\u00e1c h\u1ee3p \u0111\u1ed3ng chuy\u1ec3n giao doanh nghi\u1ec7p.<\/p>\n\t\t\t<\/div>\n\t\t<\/div>\n\t<\/div>\n<\/section>\n<section class=\"white-section\">\n\t<div class=\"anchor\" id=\"media-appearance-record\"><\/div>\n\t<div class=\"section-inner\">\n\t\t<div class=\"flex\">\n\t\t\t<div class=\"width41\"><img decoding=\"async\" src=\"\/wp-content\/themes\/monolith2021\/img\/practices-youtuberlaw\/practices-youtuberlaw_pic2.jpg\"><\/div>\n\t\t\t<div class=\"width51\">\n\t\t\t\t<h3>Kh\u00e1ch m\u1eddi li\u00ean quan \u0111\u1ebfn VTuber tr\u00ean &#8220;ABEMA Prime&#8221;<\/h3>\n\t\t\t\t<p>Trong ch\u01b0\u01a1ng tr\u00ecnh &#8220;ABEMA Prime&#8221; ph\u00e1t s\u00f3ng v\u00e0o ng\u00e0y 16 th\u00e1ng 2 v\u00e0 20 th\u00e1ng 5 n\u0103m 2022, lu\u1eadt s\u01b0 \u0111\u1ea1i di\u1ec7n c\u1ee7a ch\u00fang t\u00f4i \u0111\u00e3 b\u00ecnh lu\u1eadn v\u1ec1 c\u00e1c v\u1ea5n \u0111\u1ec1 ph\u00e1p l\u00fd nh\u01b0 quy\u1ec1n ri\u00eang t\u01b0 c\u1ee7a VTubers v\u00e0 nh\u1eefng nh\u00e2n v\u1eadt \u1ea3nh h\u01b0\u1edfng g\u00e2y tranh c\u00e3i tr\u00ean Internet.<\/p>\n\t\t\t<\/div>\n\t\t<\/div>\n\t<\/div>\n<\/section>\n\n<section class=\"purple2-section\">\n\t<div class=\"anchor\" id=\"monolith-law-magazine\"><\/div>\n\t<div class=\"section-inner\">\n\t\t    <section class=\"white-section temp-article\">\n        <div class=\"section-inner\">\n            <h4>MONOLITH LAW MAGAZINE<\/h4>\n            <div class=\"articles type_practice_column\">\n                                                                    <div class=\"article article-area\">\n                        <figure>\n                            <div class=\"img-wrap\">\n                                <img alt=\"Vi\u1ec7c mua l\u1ea1i v\u00e0 chuy\u1ec3n nh\u01b0\u1ee3ng doanh nghi\u1ec7p c\u1ee7a YouTuber \u1ea3o\u30fbVTuber\" src=\"https:\/\/monolith.law\/vi\/wp-content\/uploads\/sites\/17\/2023\/09\/youtuber-vtubervirtual-youtuber-ma-1.jpg\" width=\"500\" height=\"250\">\n                            <\/div>\n                            <figcaption>\n                                <div class=\"figcaption-inner\">\n                                    <h3>Vi\u1ec7c mua l\u1ea1i v\u00e0 chuy\u1ec3n nh\u01b0\u1ee3ng doanh nghi\u1ec7p c\u1ee7a YouTuber \u1ea3o\u30fbVTuber<\/h3>\n                                <\/div>\n                            <\/figcaption>\n                            <a href=\"https:\/\/monolith.law\/vi\/internet\/virtual-youtuber-ma\"><\/a>\n                        <\/figure>\n                    <\/div>\n                                                    <div class=\"article article-area\">\n                        <figure>\n                            <div class=\"img-wrap\">\n                                <img alt=\"B\u1ea3n h\u1ee3p \u0111\u1ed3ng v\u1ec1 vi\u1ec7c chuy\u1ec3n nh\u01b0\u1ee3ng doanh nghi\u1ec7p c\u1ee7a YouTuber v\u00e0 h\u1ee3p \u0111\u1ed3ng qu\u1ea3n l\u00fd sau khi chuy\u1ec3n nh\u01b0\u1ee3ng l\u00e0 g\u00ec?\" src=\"https:\/\/monolith.law\/vi\/wp-content\/uploads\/sites\/17\/2023\/10\/youtuber-business-transfer-Management-contract-i.jpg\" width=\"500\" height=\"250\">\n                            <\/div>\n                            <figcaption>\n                                <div class=\"figcaption-inner\">\n                                    <h3>B\u1ea3n h\u1ee3p \u0111\u1ed3ng v\u1ec1 vi\u1ec7c chuy\u1ec3n nh\u01b0\u1ee3ng doanh nghi\u1ec7p c\u1ee7a YouTuber v\u00e0 h\u1ee3p \u0111\u1ed3ng qu\u1ea3n l\u00fd.<\/h3>\n                                <\/div>\n                            <\/figcaption>\n                            <a href=\"https:\/\/monolith.law\/vi\/internet\/youtuber-business-transfer-management-contract\"><\/a>\n                        <\/figure>\n                    <\/div>\n                                            <\/div>\n            <div class=\"btn-more\"><a href=\"https:\/\/monolith.law\/vi\/tag\/m-and-a-of-sns-accounts\">Read More<\/a><\/div>\n        <\/div>\n    <\/section>\n\t<\/div>\n<\/section>\n\n<section class=\"orange2-section\">\n\t<div class=\"anchor\" id=\"fee-structure\"><\/div>\n\t<div class=\"section-inner\">\n\t<div class=\"planWrap\">\n\t<h3>C\u1ea5u tr\u00fac Ph\u00ed D\u1ecbch V\u1ee5<\/h3>\n\t<ul class=\"plan\">\n\t\t<li class=\"txt-left\">\n\t\t\t<div class=\"plan-inner\">\n\t\t\t<div class=\"plan-header\">\n\t\t\t<h4 class=\"plan-title\">M\u1ee9c Ph\u00ed Theo Gi\u1edd<\/h4>\n\t\t\t<div class=\"plan-price\"><span class=\"price-figure\">$300<\/span>m\u1ed7i gi\u1edd<span class=\"price-tax\"> <\/span><\/div>\n\t\t\t<\/div>\n\t\t\t<div class=\"plan-body\">Trong m\u1ed9t s\u1ed1 tr\u01b0\u1eddng h\u1ee3p, ch\u00fang t\u00f4i c\u00f3 th\u1ec3 xem x\u00e9t vi\u1ec7c ch\u1ea5p nh\u1eadn m\u1ed9t tranh ch\u1ea5p ho\u1eb7c v\u1ee5 ki\u1ec7n v\u1edbi m\u1ed9t kho\u1ea3n ph\u00ed kh\u1edfi t\u1ea1o v\u00e0 ph\u00ed hoa h\u1ed3ng c\u01a1 h\u1ed9i. \u0110\u1ec3 bi\u1ebft th\u00eam chi ti\u1ebft, xin vui l\u00f2ng li\u00ean h\u1ec7 v\u1edbi ch\u00fang t\u00f4i.<\/div>\n\t\t\t<\/div>\n\t\t<\/li>\n\t\t<li class=\"txt-left\">\n\t\t\t<div class=\"plan-inner\">\n\t\t\t<div class=\"plan-header\">\n\t\t\t<h4 class=\"plan-title\">So\u1ea1n Th\u1ea3o H\u1ee3p \u0110\u1ed3ng<\/h4>\n\t\t\t<div class=\"plan-price\"><span class=\"price-value\">t\u1eeb<\/span><span class=\"price-figure\">$500<\/span><span class=\"price-value\">\u0111\u1ebfn $2,000 ho\u1eb7c cao h\u01a1n<\/span><span class=\"price-tax\"><\/span><\/div>\n\t\t\t<\/div>\n\t\t\t<div class=\"plan-body\">C\u1ea5u tr\u00fac gi\u00e1 c\u1ea3 c\u00f3 th\u1ec3 thay \u0111\u1ed5i t\u00f9y thu\u1ed9c v\u00e0o lo\u1ea1i v\u00e0 s\u1ed1 l\u01b0\u1ee3ng h\u1ee3p \u0111\u1ed3ng. Ch\u00fang t\u00f4i s\u1eb5n l\u00f2ng cung c\u1ea5p m\u1ed9t b\u00e1o gi\u00e1 s\u01a1 b\u1ed9 khi c\u00f3 y\u00eau c\u1ea7u, do \u0111\u00f3 khuy\u1ebfn kh\u00edch b\u1ea1n li\u00ean h\u1ec7 v\u1edbi ch\u00fang t\u00f4i \u0111\u1ec3 bi\u1ebft th\u00eam chi ti\u1ebft.<\/div>\n\t\t\t<\/div>\n\t\t<\/li>\n\t\t<li class=\"txt-left\">\n\t\t\t<div class=\"plan-inner\">\n\t\t\t<div class=\"plan-header\">\n\t\t\t<h4 class=\"plan-title\">C\u00e1c D\u1ecbch V\u1ee5 Kh\u00e1c<\/h4>\n\t\t\t<div class=\"plan-price\"><span class=\"price-figure\">Li\u00ean H\u1ec7 Ch\u00fang T\u00f4i<\/span><\/div>\n\t\t\t<\/div>\n\t\t\t<div class=\"plan-body\">Ch\u00fang t\u00f4i cung c\u1ea5p m\u1ed9t lo\u1ea1t c\u00e1c d\u1ecbch v\u1ee5 bao g\u1ed3m th\u00e0nh l\u1eadp c\u00f4ng ty, xem x\u00e9t h\u1ee3p \u0111\u1ed3ng, \u00fd ki\u1ebfn ph\u00e1p l\u00fd, xem x\u00e9t v\u1ee5 \u00e1n, ho\u1eb7c th\u01b0 nghi\u00ean c\u1ee9u. N\u1ebfu b\u1ea1n c\u00f3 b\u1ea5t k\u1ef3 th\u1eafc m\u1eafc ho\u1eb7c quan ng\u1ea1i n\u00e0o, ch\u00fang t\u00f4i tr\u00e2n tr\u1ecdng m\u1eddi b\u1ea1n li\u00ean h\u1ec7 v\u1edbi ch\u00fang t\u00f4i v\u00e0 \u0111\u1ed9i ng\u0169 chuy\u00ean nghi\u1ec7p c\u1ee7a ch\u00fang t\u00f4i s\u1ebd h\u00e2n h\u1ea1nh h\u1ed7 tr\u1ee3 b\u1ea1n.<\/div>\n\t\t\t<\/div>\n\t\t\t<\/div>\n\t\t<\/li>\n\t<\/ul>\n\t<\/div>\n\t<\/div>\n<\/section>\n\n<section class=\"white-section\">\n\t<div class=\"section-inner\">\n\t\t<div class=\"btn-area\">\n\t\t\t<div class=\"btn icon-contact\"><a href=\"\/vi\/contact\">Li\u00ean H\u1ec7 Ch\u00fang T\u00f4i<\/a><\/div>\n\t\t<\/div>\n\t<\/div>\n<\/section>\n","protected":false},"excerpt":{"rendered":"<p>M&#038;A c\u1ee7a T\u00e0i Kho\u1ea3n M\u1ea1ng X\u00e3 H\u1ed9i M&#038;A c\u1ee7a k\u00eanh YouTube v\u00e0 t\u00e0i kho\u1ea3n Twitter l\u00e0 m\u1ed9t l\u0129nh v\u1ef1c chuy\u00ean m\u00f4n cao \u0111\u00f2i h\u1ecfi ki\u1ebfn th\u1ee9c v\u00e0 k\u1ef9 n\u0103ng chuy\u00ean bi\u1ec7t. L\u00e0 m\u1ed9t v\u0103n ph\u00f2ng lu\u1eadt s\u01b0 c\u00f3 chuy\u00ean gia v\u1ec1 IT, [&hellip;]<\/p>\n","protected":false},"author":26,"featured_media":57173,"parent":0,"menu_order":7,"comment_status":"closed","ping_status":"closed","template":"other-page-temp.php","meta":{"footnotes":""},"acf":[],"_links":{"self":[{"href":"https:\/\/monolith.law\/vi\/wp-json\/wp\/v2\/pages\/31513"}],"collection":[{"href":"https:\/\/monolith.law\/vi\/wp-json\/wp\/v2\/pages"}],"about":[{"href":"https:\/\/monolith.law\/vi\/wp-json\/wp\/v2\/types\/page"}],"author":[{"embeddable":true,"href":"https:\/\/monolith.law\/vi\/wp-json\/wp\/v2\/users\/26"}],"replies":[{"embeddable":true,"href":"https:\/\/monolith.law\/vi\/wp-json\/wp\/v2\/comments?post=31513"}],"version-history":[{"count":65,"href":"https:\/\/monolith.law\/vi\/wp-json\/wp\/v2\/pages\/31513\/revisions"}],"predecessor-version":[{"id":61138,"href":"https:\/\/monolith.law\/vi\/wp-json\/wp\/v2\/pages\/31513\/revisions\/61138"}],"wp:featuredmedia":[{"embeddable":true,"href":"https:\/\/monolith.law\/vi\/wp-json\/wp\/v2\/media\/57173"}],"wp:attachment":[{"href":"https:\/\/monolith.law\/vi\/wp-json\/wp\/v2\/media?parent=31513"}],"curies":[{"name":"wp","href":"https:\/\/api.w.org\/{rel}","templated":true}]}}