{"id":31896,"date":"2021-04-23T15:41:19","date_gmt":"2021-04-23T06:41:19","guid":{"rendered":"https:\/\/monolith.law\/?page_id=31896"},"modified":"2023-12-05T13:46:50","modified_gmt":"2023-12-05T04:46:50","slug":"cybercrime","status":"publish","type":"page","link":"https:\/\/monolith.law\/vi\/cybercrime","title":{"rendered":"T\u1ed9i ph\u1ea1m m\u1ea1ng"},"content":{"rendered":"\n<section class=\"heading-area\">\n\t<div class=\"heading-area-inner\">\n\t\t<h2 class=\"icon-cybercrime\">T\u1ed9i ph\u1ea1m m\u1ea1ng<\/h2>\n\t\t<p>T\u1ed9i ph\u1ea1m m\u1ea1ng l\u00e0 m\u1ed9t v\u1ea5n \u0111\u1ec1 nghi\u00eam tr\u1ecdng trong x\u00e3 h\u1ed9i ng\u00e0y nay, v\u00e0 vi\u1ec7c doanh nghi\u1ec7p th\u1ef1c hi\u1ec7n c\u00e1c bi\u1ec7n ph\u00e1p th\u00edch h\u1ee3p khi tr\u1edf th\u00e0nh n\u1ea1n nh\u00e2n c\u1ee7a nh\u1eefng t\u1ed9i ph\u1ea1m n\u00e0y l\u00e0 r\u1ea5t quan tr\u1ecdng. V\u1edbi \u0111\u1ed9i ng\u0169 lu\u1eadt s\u01b0 c\u00f3 ki\u1ebfn th\u1ee9c ph\u00e1p l\u00fd v\u00e0 chuy\u00ean m\u00f4n IT, c\u00f9ng v\u1edbi c\u00e1c k\u1ef9 s\u01b0 IT n\u0103ng \u0111\u1ed9ng v\u00e0 t\u01b0 v\u1ea5n vi\u00ean IT, c\u00f4ng ty ch\u00fang t\u00f4i c\u00f3 th\u1ec3 cung c\u1ea5p l\u1eddi khuy\u00ean ch\u00ednh x\u00e1c, ph\u00f9 h\u1ee3p v\u1edbi t\u00ecnh h\u00ecnh c\u1ee5 th\u1ec3 c\u1ee7a c\u00f4ng ty v\u00e0 h\u1ed7 tr\u1ee3 kh\u1edfi x\u01b0\u1edbng c\u00e1c th\u1ee7 t\u1ee5c h\u00ecnh s\u1ef1.<\/p>\n\t<\/div>\n<\/section>\n\n<section class=\"white-section\">\n\t<div class=\"section-inner pdt0  border-bottom-section\">\n\t\t<p>Vi\u1ec7c nh\u1edd c\u1eady s\u1ef1 gi\u00fap \u0111\u1ee1 c\u1ee7a c\u00e1c chuy\u00ean gia am hi\u1ec3u v\u1ec1 th\u1ee7 t\u1ee5c h\u00ecnh s\u1ef1 Nh\u1eadt B\u1ea3n \u0111\u1ec3 th\u00fac \u0111\u1ea9y cu\u1ed9c \u0111i\u1ec1u tra v\u00e0 b\u1eaft gi\u1eef c\u1ee7a c\u1ea3nh s\u00e1t Nh\u1eadt B\u1ea3n trong c\u00e1c tr\u01b0\u1eddng h\u1ee3p li\u00ean quan \u0111\u1ebfn vi\u1ec7c truy c\u1eadp tr\u00e1i ph\u00e9p t\u1ea1i Nh\u1eadt B\u1ea3n l\u00e0 hi\u1ec7u qu\u1ea3. L\u00e0 m\u1ed9t c\u00f4ng ty lu\u1eadt chuy\u00ean v\u1ec1 IT, ch\u00fang t\u00f4i cung c\u1ea5p h\u1ed7 tr\u1ee3 ph\u00e1p l\u00fd cho c\u00e1c doanh nghi\u1ec7p \u0111\u00e3 tr\u1edf th\u00e0nh n\u1ea1n nh\u00e2n c\u1ee7a t\u1ed9i ph\u1ea1m m\u1ea1ng nh\u01b0 truy c\u1eadp tr\u00e1i ph\u00e9p v\u00e0 vi\u1ec7c chi\u1ebfm \u0111o\u1ea1t d\u1eef li\u1ec7u b\u1ea5t h\u1ee3p ph\u00e1p, bao g\u1ed3m vi\u1ec7c h\u1ed7 tr\u1ee3 n\u1ed9p \u0111\u01a1n khi\u1ebfu n\u1ea1i v\u00e0 b\u00e1o c\u00e1o \u0111\u1ec3 kh\u1edfi x\u01b0\u1edbng \u0111i\u1ec1u tra h\u00ecnh s\u1ef1.<\/p>\n\t<\/div>\n<\/section>\n\n<section class=\"second-nav\">\n\t<div class=\"second-nav-inner\">\n\t\t<p>CH\u1ee6 \u0110\u1ec0<\/p>\n\t\t<nav>\n\t\t\t<ul>\n\t\t\t\t<li><a href=\"#specialized-expertise-in-cybersecurity\">Chuy\u00ean m\u00f4n h\u00f3a trong An ninh m\u1ea1ng<\/a><\/li>\n\t\t\t\t<li><a href=\"#the-need-for-addressing-cybercrime\">Nhu c\u1ea7u \u0111\u1ed1i ph\u00f3 v\u1edbi T\u1ed9i ph\u1ea1m m\u1ea1ng<\/a><\/li>\n\t\t\t\t<li><a href=\"#the-challenges-of-criminal-prosecution-in-cybercrime-cases\">Th\u00e1ch th\u1ee9c trong Vi\u1ec7c truy t\u1ed1 h\u00ecnh s\u1ef1 c\u00e1c v\u1ee5 \u00e1n T\u1ed9i ph\u1ea1m m\u1ea1ng<\/a><\/li>\n\t\t\t\t<li><a href=\"#synergy-of-lawyers-and-it-consultants\">S\u1ef1 h\u1ee3p t\u00e1c c\u1ee7a Lu\u1eadt s\u01b0 v\u00e0 T\u01b0 v\u1ea5n vi\u00ean IT<\/a><\/li>\n\t\t\t\t<li><a href=\"#monolith-law-magazine\">MONOLITH LAW MAGAZINE<\/a><\/li>\n\t\t\t\t<li><a href=\"#fee-structure\">C\u1ea5u tr\u00fac Ph\u00ed<\/a><\/li>\n\t\t\t<\/ul>\n\t\t<\/nav>\n\t<\/div>\n<\/section>\n\n<section class=\"white-section\">\n\t<div class=\"anchor\" id=\"specialized-expertise-in-cybersecurity\"><\/div>\n\t<div class=\"section-inner pdb0\">\n\t\t<h3>Chuy\u00ean m\u00f4n v\u1ec1 An ninh m\u1ea1ng<\/h3>\n\t\t<div class=\"max-width980 mgb-small\"><img decoding=\"async\" src=\"\/wp-content\/themes\/monolith2021\/img\/dispute\/dispute_member.jpg\" alt=\"Chuy\u00ean m\u00f4n v\u1ec1 An ninh m\u1ea1ng\"><\/div>\n\t\t<div class=\"frame2 max-width860 txt-center-pc\">\n\t\t\t<p class=\"bold txt-l\">V\u0103n ph\u00f2ng lu\u1eadt s\u01b0 MONOLITH cung c\u1ea5p chuy\u00ean m\u00f4n v\u1ec1 lu\u1eadt IT, do m\u1ed9t lu\u1eadt s\u01b0 \u0111\u1ea1i di\u1ec7n c\u00f3 n\u1ec1n t\u1ea3ng l\u00e0 m\u1ed9t k\u1ef9 s\u01b0 IT v\u00e0 gi\u00e1m \u0111\u1ed1c c\u0169 d\u1eabn d\u1eaft. C\u00f4ng ty bao g\u1ed3m 30 lu\u1eadt s\u01b0, Kenji Shinjo (c\u1ed1 v\u1ea5n), m\u1ed9t c\u1ef1u c\u00f4ng t\u1ed1 vi\u00ean t\u1ea1i V\u0103n ph\u00f2ng C\u00f4ng t\u1ed1 vi\u00ean Cao c\u1ea5p Tokyo, v\u00e0 m\u1ed9t nh\u00f3m 16 t\u01b0 v\u1ea5n IT. Ch\u00fang t\u00f4i cung c\u1ea5p c\u00e1c gi\u1ea3i ph\u00e1p \u0111\u1ec3 gi\u1ea3i quy\u1ebft c\u00e1c tranh ch\u1ea5p ph\u1ee9c t\u1ea1p li\u00ean quan \u0111\u1ebfn an ninh m\u1ea1ng, t\u1eadn d\u1ee5ng ki\u1ebfn th\u1ee9c s\u00e2u r\u1ed9ng v\u00e0 kinh nghi\u1ec7m c\u1ee7a \u0111\u1ed9i ng\u0169 c\u1ee7a ch\u00fang t\u00f4i trong l\u0129nh v\u1ef1c lu\u1eadt IT.<\/p>\n\t\t<\/div>\n\t<\/div>\n<\/section>\n\n<section class=\"orange-section mgt-section\">\n\t<div class=\"anchor\" id=\"the-need-for-addressing-cybercrime\"><\/div>\n\t<div class=\"section-inner\">\n\t\t<div class=\"flex\">\n\t\t\t<div class=\"width41\"><img decoding=\"async\" src=\"\/wp-content\/uploads\/2023\/05\/dispute_pic2.jpg\" alt=\"Nhu c\u1ea7u gi\u1ea3i quy\u1ebft T\u1ed9i ph\u1ea1m m\u1ea1ng\"><\/div>\n\t\t\t<div class=\"width51\">\n\t\t\t\t<h3>Nhu c\u1ea7u \u0111\u1ed1i ph\u00f3 v\u1edbi t\u1ed9i ph\u1ea1m m\u1ea1ng<\/h3>\n\t\t\t\t<p class=\"mgb-small\">Trong th\u1ebf gi\u1edbi hi\u1ec7n \u0111\u1ea1i, t\u1ed9i ph\u1ea1m m\u1ea1ng \u0111ang tr\u1edf th\u00e0nh m\u1ed1i \u0111e d\u1ecda ng\u00e0y c\u00e0ng nghi\u00eam tr\u1ecdng. C\u00f3 nhi\u1ec1u lo\u1ea1i t\u1ea5n c\u00f4ng m\u1ea1ng kh\u00e1c nhau, bao g\u1ed3m truy c\u1eadp tr\u00e1i ph\u00e9p, r\u00f2 r\u1ec9 d\u1eef li\u1ec7u b\u1ea5t h\u1ee3p ph\u00e1p, email r\u00e1c, l\u1eeba \u0111\u1ea3o phishing v\u00e0 c\u00e1c cu\u1ed9c t\u1ea5n c\u00f4ng b\u1eb1ng m\u00e3 \u0111\u1ed9c.<\/p>\n\t\t\t\t<p class=\"mgb-small\">Truy c\u1eadp tr\u00e1i ph\u00e9p l\u00e0 vi\u1ec7c x\u00e2m nh\u1eadp v\u00e0o h\u1ec7 th\u1ed1ng m\u00e1y t\u00ednh \u0111\u1ec3 \u0111\u00e1nh c\u1eafp ho\u1eb7c l\u00e0m thay \u0111\u1ed5i th\u00f4ng tin. \u0110\u1ed1i v\u1edbi c\u00e1c c\u00f4ng ty, \u0111i\u1ec1u n\u00e0y c\u00f3 th\u1ec3 d\u1eabn \u0111\u1ebfn vi\u1ec7c \u0111\u00e1nh c\u1eafp th\u00f4ng tin m\u1eadt ho\u1eb7c g\u00e2y gi\u00e1n \u0111o\u1ea1n h\u1ec7 th\u1ed1ng, d\u1eabn \u0111\u1ebfn gi\u1ea3m n\u0103ng su\u1ea5t. R\u00f2 r\u1ec9 d\u1eef li\u1ec7u b\u1ea5t h\u1ee3p ph\u00e1p li\u00ean quan \u0111\u1ebfn vi\u1ec7c l\u1ed9 th\u00f4ng tin nh\u1ea1y c\u1ea3m c\u1ee7a c\u00f4ng ty ra b\u00ean ngo\u00e0i. \u0110i\u1ec1u n\u00e0y c\u00f3 th\u1ec3 x\u1ea3y ra khi nh\u00e2n vi\u00ean, h\u00e0nh \u0111\u1ed9ng nh\u01b0 ng\u01b0\u1eddi trong cu\u1ed9c, mang th\u00f4ng tin m\u1eadt ra kh\u1ecfi c\u00f4ng ty ho\u1eb7c khi k\u1ebb t\u1ea5n c\u00f4ng b\u00ean ngo\u00e0i truy c\u1eadp tr\u00e1i ph\u00e9p \u0111\u1ec3 \u0111\u00e1nh c\u1eafp th\u00f4ng tin.<\/p>\n\t\t\t\t<p>Nh\u1eefng cu\u1ed9c t\u1ea5n c\u00f4ng m\u1ea1ng n\u00e0y kh\u00f4ng ch\u1ec9 g\u00e2y t\u1ed5n h\u1ea1i nghi\u00eam tr\u1ecdng cho c\u00e1c c\u00f4ng ty, nh\u01b0 vi\u1ec7c r\u00f2 r\u1ec9 d\u1eef li\u1ec7u v\u00e0 gi\u00e1n \u0111o\u1ea1n ho\u1ea1t \u0111\u1ed9ng kinh doanh, m\u00e0 c\u00f2n l\u00e0m suy gi\u1ea3m l\u00f2ng tin x\u00e3 h\u1ed9i \u0111\u1ed1i v\u1edbi c\u00f4ng ty th\u00f4ng qua vi\u1ec7c l\u1ed9 th\u00f4ng tin c\u00e1 nh\u00e2n. Vi\u1ec7c th\u1ef1c hi\u1ec7n c\u00e1c bi\u1ec7n ph\u00e1p ph\u00e1p l\u00fd \u0111\u1ec3 \u0111\u1ed1i ph\u00f3 v\u1edbi t\u1ed9i ph\u1ea1m m\u1ea1ng l\u00e0 c\u1ef1c k\u1ef3 quan tr\u1ecdng nh\u1eb1m b\u1ea3o v\u1ec7 an to\u00e0n cho c\u1ea3 c\u00f4ng ty v\u00e0 c\u00e1 nh\u00e2n.<\/p>\n\t\t\t<\/div>\n\t\t<\/div>\n\t<\/div>\n<\/section>\n\n<section class=\"white-section\">\n\t<div class=\"anchor\" id=\"the-challenges-of-criminal-prosecution-in-cybercrime-cases\"><\/div>\n\t<div class=\"section-inner\">\n\t\t<div class=\"flex reverse\">\n\t\t\t<div class=\"width41\"><img decoding=\"async\" src=\"\/wp-content\/uploads\/2023\/05\/dispute_pic2-1.jpg\" alt=\"Th\u00e1ch th\u1ee9c trong vi\u1ec7c truy t\u1ed1 h\u00ecnh s\u1ef1 c\u00e1c v\u1ee5 \u00e1n t\u1ed9i ph\u1ea1m m\u1ea1ng\"><\/div>\n\t\t\t<div class=\"width51\">\n\t\t\t\t<h3>Th\u00e1ch th\u1ee9c trong vi\u1ec7c truy t\u1ed1 h\u00ecnh s\u1ef1 c\u00e1c v\u1ee5 \u00e1n li\u00ean quan \u0111\u1ebfn t\u1ed9i ph\u1ea1m m\u1ea1ng<\/h3>\n\t\t\t\t<p class=\"mgb-small\">Khi m\u1ed9t c\u00e1 nh\u00e2n tr\u1edf th\u00e0nh n\u1ea1n nh\u00e2n c\u1ee7a t\u1ed9i ph\u1ea1m m\u1ea1ng v\u00e0 b\u00e1o c\u00e1o s\u1ef1 vi\u1ec7c cho c\u1ea3nh s\u00e1t, ng\u01b0\u1eddi ta th\u01b0\u1eddng k\u1ef3 v\u1ecdng r\u1eb1ng c\u1ea3nh s\u00e1t s\u1ebd ti\u1ebfn h\u00e0nh \u0111i\u1ec1u tra, x\u00e1c \u0111\u1ecbnh th\u1ee7 ph\u1ea1m v\u00e0 ti\u1ebfp t\u1ee5c v\u1edbi vi\u1ec7c b\u1eaft gi\u1eef v\u00e0 truy t\u1ed1. \u0110\u00e2y l\u00e0 &#8220;qu\u1ea3 \u0111\u1ecbnh c\u1ee7a ng\u01b0\u1eddi d\u00e2n b\u00ecnh th\u01b0\u1eddng.&#8221; Tuy nhi\u00ean, th\u1eadt kh\u00f4ng may, \u1edf Nh\u1eadt B\u1ea3n, khi n\u00f3i \u0111\u1ebfn c\u00e1c t\u1ed9i ph\u1ea1m kinh t\u1ebf kh\u00f4ng li\u00ean quan \u0111\u1ebfn \u0111e d\u1ecda \u0111\u1ebfn t\u00ednh m\u1ea1ng ho\u1eb7c s\u1ee9c kh\u1ecfe th\u1ec3 ch\u1ea5t, \u0111\u1eb7c bi\u1ec7t l\u00e0 trong tr\u01b0\u1eddng h\u1ee3p c\u1ee7a t\u1ed9i ph\u1ea1m m\u1ea1ng, ngu\u1ed3n l\u1ef1c \u0111i\u1ec1u tra c\u1ee7a c\u1ea3nh s\u00e1t th\u1ef1c t\u1ebf l\u00e0 c\u00f3 h\u1ea1n. N\u1ebfu kh\u00f4ng c\u00f3 vi\u1ec7c n\u1ea1n nh\u00e2n ti\u1ebfn h\u00e0nh \u0111i\u1ec1u tra k\u1ef9 l\u01b0\u1ee1ng v\u00e0 t\u1ea1o ra t\u00e0i li\u1ec7u \u0111\u1ea7y \u0111\u1ee7, nh\u01b0 &#8220;b\u00e1o c\u00e1o s\u1ef1 c\u1ed1,&#8221; s\u1ebd kh\u00f3 \u0111\u1ec3 th\u00fac \u0111\u1ea9y hi\u1ec7u qu\u1ea3 cu\u1ed9c \u0111i\u1ec1u tra c\u1ee7a c\u1ea3nh s\u00e1t.<\/p>\n\t\t\t\t<p class=\"mgb-small\">L\u01b0\u1ee3ng t\u00e0i li\u1ec7u m\u00e0 v\u0103n ph\u00f2ng lu\u1eadt s\u01b0 MONOLITH LAW OFFICE c\u1ee7a ch\u00fang t\u00f4i t\u1ea1o ra trong m\u1ed9t v\u1ee5 \u00e1n t\u1ed9i ph\u1ea1m m\u1ea1ng c\u1ee5 th\u1ec3 nh\u1eb1m \u0111\u1ea1t \u0111\u01b0\u1ee3c vi\u1ec7c b\u1eaft gi\u1eef v\u00e0 k\u1ebft \u00e1n th\u1ee7 ph\u1ea1m th\u1ef1c s\u1ef1 \u0111\u01b0\u1ee3c hi\u1ec3n th\u1ecb trong b\u1ee9c \u1ea3nh b\u00ean ph\u1ea3i. Ngay c\u1ea3 sau khi n\u1ed9p \u0111\u01a1n khi\u1ebfu n\u1ea1i h\u00ecnh s\u1ef1 ho\u1eb7c b\u00e1o c\u00e1o n\u1ea1n nh\u00e2n, n\u1ea1n nh\u00e2n v\u1eabn ph\u1ea3i ti\u1ebfp t\u1ee5c t\u1ea1o ra v\u00e0 n\u1ed9p c\u00e1c t\u00e0i li\u1ec7u chi ti\u1ebft kh\u00e1c nhau theo y\u00eau c\u1ea7u c\u1ee7a c\u1ea3nh s\u00e1t. \u0110\u1ec3 t\u1ea1o \u0111i\u1ec1u ki\u1ec7n cho vi\u1ec7c \u0111i\u1ec1u tra v\u00e0 b\u1eaft gi\u1eef, m\u1ed9t l\u01b0\u1ee3ng l\u1edbn t\u00e0i li\u1ec7u ph\u1ea3i \u0111\u01b0\u1ee3c chu\u1ea9n b\u1ecb v\u00e0 n\u1ed9p l\u00ean.<\/p>\n\t\t\t\t<p>H\u1ed7 tr\u1ee3 truy t\u1ed1 h\u00ecnh s\u1ef1 \u0111\u1ed1i v\u1edbi n\u1ea1n nh\u00e2n c\u1ee7a t\u1ed9i ph\u1ea1m m\u1ea1ng \u0111\u00f2i h\u1ecfi m\u1ed9t v\u0103n ph\u00f2ng lu\u1eadt s\u01b0 c\u00f3 chuy\u00ean m\u00f4n cao v\u00e0 kh\u1ea3 n\u0103ng t\u1ed5 ch\u1ee9c m\u1ea1nh m\u1ebd.<\/p>\n\t\t\t<\/div>\n\t\t<\/div>\n\t<\/div>\n<\/section>\n\n<section class=\"purple-section\">\n\t<div class=\"anchor\" id=\"synergy-of-lawyers-and-it-consultants\"><\/div>\n\t<div class=\"section-inner\">\n\t\t<div class=\"flex reverse\">\n\t\t\t<div class=\"width51\">\n\t\t\t\t<h3>S\u1ef1 H\u1ee3p T\u00e1c Gi\u1eefa Lu\u1eadt S\u01b0 v\u00e0 Chuy\u00ean Gia T\u01b0 V\u1ea5n IT<\/h3>\n\t\t\t\t<p class=\"mgb-small\">\u0110\u1ec3 b\u00e1o c\u00e1o hi\u1ec7u qu\u1ea3 v\u1ec1 m\u1ee9c \u0111\u1ed9 thi\u1ec7t h\u1ea1i v\u00e0 cung c\u1ea5p th\u00f4ng tin d\u1eabn \u0111\u1ebfn th\u1ee7 ph\u1ea1m c\u1ee7a t\u1ed9i ph\u1ea1m m\u1ea1ng cho c\u1ea3nh s\u00e1t, s\u1ef1 k\u1ebft h\u1ee3p gi\u1eefa ki\u1ebfn th\u1ee9c IT ti\u00ean ti\u1ebfn v\u00e0 ph\u00e2n t\u00edch ph\u00e1p l\u00fd l\u00e0 c\u1ea7n thi\u1ebft. Ch\u1eb3ng h\u1ea1n, trong tr\u01b0\u1eddng h\u1ee3p truy c\u1eadp tr\u00e1i ph\u00e9p, c\u1ea7n ph\u1ea3i gi\u1ea3i th\u00edch nh\u1eadt k\u00fd t\u1eeb c\u00e1c n\u1ec1n t\u1ea3ng nh\u01b0 Apache, x\u00e1c \u0111\u1ecbnh truy c\u1eadp c\u00f3 v\u1ea5n \u0111\u1ec1 v\u00e0 \u0111\u00e1nh gi\u00e1 h\u1eadu qu\u1ea3 ph\u00e1p l\u00fd \u0111\u1ec3 gi\u1ea3i th\u00edch t\u1ea1i sao n\u00f3 \u0111\u01b0\u1ee3c coi l\u00e0 truy c\u1eadp &#8220;kh\u00f4ng \u0111\u01b0\u1ee3c ph\u00e9p&#8221;. Nh\u1eefng ph\u00e1t hi\u1ec7n n\u00e0y ph\u1ea3i \u0111\u01b0\u1ee3c tr\u00ecnh b\u00e0y trong m\u1ed9t t\u00e0i li\u1ec7u c\u00f3 t\u00ednh logic nh\u1ea5t qu\u00e1n.<\/p>\n\t\t\t\t<p class=\"mgb-small\">\u0110\u1ec3 \u0111\u1ea1t \u0111\u01b0\u1ee3c \u0111i\u1ec1u n\u00e0y, ki\u1ebfn th\u1ee9c chuy\u00ean m\u00f4n t\u01b0\u01a1ng \u0111\u01b0\u01a1ng v\u1edbi k\u1ef9 s\u01b0 IT v\u00e0 ki\u1ebfn th\u1ee9c chuy\u00ean s\u00e2u v\u1ec1 lu\u1eadt IT l\u00e0 kh\u00f4ng th\u1ec3 thi\u1ebfu.<\/p>\n\t\t\t\t<p>V\u0103n ph\u00f2ng lu\u1eadt s\u01b0 MONOLITH LAW OFFICE c\u1ee7a ch\u00fang t\u00f4i g\u1ed3m c\u00f3 30 lu\u1eadt s\u01b0, d\u1eabn d\u1eaft b\u1edfi lu\u1eadt s\u01b0 \u0111\u1ea1i di\u1ec7n Toki Kawase, ng\u01b0\u1eddi t\u1eebng l\u00e0 k\u1ef9 s\u01b0 IT v\u1edbi kinh nghi\u1ec7m l\u00e0m vi\u1ec7c t\u1ea1i c\u00e1c c\u00f4ng ty web, c\u00f9ng v\u1edbi \u0111\u1ed9i ng\u0169 16 chuy\u00ean gia t\u01b0 v\u1ea5n IT v\u00e0 85 nh\u00e2n vi\u00ean. V\u1edbi c\u1ea5u tr\u00fac t\u1ed5 ch\u1ee9c n\u00e0y, ch\u00fang t\u00f4i c\u00f3 v\u1ecb th\u1ebf \u0111\u1ed9c \u0111\u00e1o \u0111\u1ec3 cung c\u1ea5p gi\u1ea3i ph\u00e1p to\u00e0n di\u1ec7n &#8220;m\u1ed9t c\u1eeda&#8221;.<\/p>\n\t\t\t<\/div>\n\t\t\t<div class=\"width41\"><img decoding=\"async\" src=\"\/wp-content\/themes\/monolith_en\/img\/operationofofmedia\/operationofofmedia_pic5.svg\" alt=\"S\u1ef1 K\u1ebft H\u1ee3p C\u1ee7a Lu\u1eadt S\u01b0 v\u00e0 Chuy\u00ean Gia T\u01b0 V\u1ea5n IT\"><\/div>\n\t\t<\/div>\n\t<\/div>\n<\/section>\n\n<section class=\"purple2-section\">\n\t<div class=\"anchor\" id=\"monolith-law-magazine\"><\/div>\n\t<div class=\"section-inner\">\n\t\t    <section class=\"white-section temp-article\">\n        <div class=\"section-inner\">\n            <h4>MONOLITH LAW MAGAZINE<\/h4>\n            <div class=\"articles type_practice_column\">\n                                                                    <div class=\"article article-area\">\n                        <figure>\n                            <div class=\"img-wrap\">\n                                <img alt=\"Ch\u1ee5p m\u00e0n h\u00ecnh c\u00f3 vi ph\u1ea1m b\u1ea3n quy\u1ec1n kh\u00f4ng? Gi\u1ea3i th\u00edch c\u00e1ch x\u00e1c \u0111\u1ecbnh ng\u01b0\u1eddi \u0111\u0103ng v\u00e0 ph\u01b0\u01a1ng ph\u00e1p x\u00f3a b\u1ecf\" src=\"https:\/\/monolith.law\/vi\/wp-content\/uploads\/sites\/17\/2024\/11\/30375485_m-1024x683-1.webp\" width=\"500\" height=\"250\">\n                            <\/div>\n                            <figcaption>\n                                <div class=\"figcaption-inner\">\n                                    <h3>Ch\u1ee5p m\u00e0n h\u00ecnh c\u00f3 vi ph\u1ea1m b\u1ea3n quy\u1ec1n kh\u00f4ng? Gi\u1ea3i th\u00edch c\u00e1ch x\u00e1c \u0111\u1ecbnh ng\u01b0\u1eddi \u0111\u0103ng v\u00e0.<\/h3>\n                                <\/div>\n                            <\/figcaption>\n                            <a href=\"https:\/\/monolith.law\/vi\/it\/screenshots-copyright\"><\/a>\n                        <\/figure>\n                    <\/div>\n                                                    <div class=\"article article-area\">\n                        <figure>\n                            <div class=\"img-wrap\">\n                                <img alt=\"Lu\u1eadt c\u1ea5m truy c\u1eadp tr\u00e1i ph\u00e9p Nh\u1eadt B\u1ea3n: C\u00e1c h\u00e0nh vi v\u00e0 v\u00ed d\u1ee5 b\u1ecb c\u1ea5m - Ph\u00e2n t\u00edch c\u1ee7a lu\u1eadt s\u01b0\" src=\"https:\/\/monolith.law\/vi\/wp-content\/uploads\/sites\/17\/2023\/11\/shutterstock_772039471-1024x683.jpg\" width=\"500\" height=\"250\">\n                            <\/div>\n                            <figcaption>\n                                <div class=\"figcaption-inner\">\n                                    <h3>Lu\u1eadt c\u1ea5m truy c\u1eadp tr\u00e1i ph\u00e9p Nh\u1eadt B\u1ea3n: C\u00e1c h\u00e0nh vi v\u00e0 v\u00ed d\u1ee5 b\u1ecb c\u1ea5m - Ph\u00e2n t\u00edch c\u1ee7.<\/h3>\n                                <\/div>\n                            <\/figcaption>\n                            <a href=\"https:\/\/monolith.law\/vi\/it\/injustice-access-law\"><\/a>\n                        <\/figure>\n                    <\/div>\n                                                    <div class=\"article article-area\">\n                        <figure>\n                            <div class=\"img-wrap\">\n                                <img alt=\"T\u1ed9i ph\u1ea1m \u0111e d\u1ecda v\u00e0 x\u00fai gi\u1ee5c t\u1ef1 t\u1eed tr\u00ean LINE\" src=\"https:\/\/monolith.law\/vi\/wp-content\/uploads\/sites\/17\/2023\/10\/intimidation-crime-by-line-1.jpg\" width=\"500\" height=\"250\">\n                            <\/div>\n                            <figcaption>\n                                <div class=\"figcaption-inner\">\n                                    <h3>T\u1ed9i ph\u1ea1m \u0111e d\u1ecda v\u00e0 x\u00fai gi\u1ee5c t\u1ef1 t\u1eed tr\u00ean LINE<\/h3>\n                                <\/div>\n                            <\/figcaption>\n                            <a href=\"https:\/\/monolith.law\/vi\/it\/intimidation-crime-by-line\"><\/a>\n                        <\/figure>\n                    <\/div>\n                                            <\/div>\n            <div class=\"btn-more\"><a href=\"https:\/\/monolith.law\/vi\/tag\/cybercrime\">Read More<\/a><\/div>\n        <\/div>\n    <\/section>\n\t<\/div>\n<\/section>\n\n<section class=\"orange2-section\">\n\t<div class=\"anchor\" id=\"fee-structure\"><\/div>\n\t<div class=\"section-inner\">\n\t<div class=\"planWrap\">\n\t<h3>C\u1ea5u tr\u00fac Ph\u00ed D\u1ecbch v\u1ee5<\/h3>\n\t<ul class=\"plan\">\n\t\t<li class=\"txt-left\">\n\t\t\t<div class=\"plan-inner\">\n\t\t\t<div class=\"plan-header\">\n\t\t\t<h4 class=\"plan-title\">M\u1ee9c Ph\u00ed Theo Gi\u1edd<\/h4>\n\t\t\t<div class=\"plan-price\"><span class=\"price-figure\">$300<\/span>m\u1ed7i gi\u1edd<span class=\"price-tax\"> <\/span><\/div>\n\t\t\t<\/div>\n\t\t\t<div class=\"plan-body\">Trong m\u1ed9t s\u1ed1 tr\u01b0\u1eddng h\u1ee3p, ch\u00fang t\u00f4i c\u00f3 th\u1ec3 xem x\u00e9t vi\u1ec7c ch\u1ea5p nh\u1eadn m\u1ed9t tranh ch\u1ea5p ho\u1eb7c v\u1ee5 ki\u1ec7n v\u1edbi m\u1ed9t kho\u1ea3n ph\u00ed kh\u1edfi t\u1ea1o v\u00e0 ph\u00ed hoa h\u1ed3ng c\u01a1 h\u1ed9i. \u0110\u1ec3 bi\u1ebft th\u00eam chi ti\u1ebft, xin vui l\u00f2ng li\u00ean h\u1ec7 v\u1edbi ch\u00fang t\u00f4i.<\/div>\n\t\t\t<\/div>\n\t\t<\/li>\n\t\t<li class=\"txt-left\">\n\t\t\t<div class=\"plan-inner\">\n\t\t\t<div class=\"plan-header\">\n\t\t\t<h4 class=\"plan-title\">So\u1ea1n Th\u1ea3o H\u1ee3p \u0110\u1ed3ng<\/h4>\n\t\t\t<div class=\"plan-price\"><span class=\"price-value\">t\u1eeb<\/span><span class=\"price-figure\">$500<\/span><span class=\"price-value\">\u0111\u1ebfn $2,000 ho\u1eb7c cao h\u01a1n<\/span><span class=\"price-tax\"><\/span><\/div>\n\t\t\t<\/div>\n\t\t\t<div class=\"plan-body\">C\u1ea5u tr\u00fac gi\u00e1 c\u1ea3 c\u00f3 th\u1ec3 thay \u0111\u1ed5i t\u00f9y thu\u1ed9c v\u00e0o lo\u1ea1i v\u00e0 s\u1ed1 l\u01b0\u1ee3ng h\u1ee3p \u0111\u1ed3ng. Ch\u00fang t\u00f4i r\u1ea5t vui l\u00f2ng cung c\u1ea5p b\u1ea3ng gi\u00e1 \u01b0\u1edbc t\u00ednh s\u01a1 b\u1ed9 khi b\u1ea1n y\u00eau c\u1ea7u, do \u0111\u00f3, ch\u00fang t\u00f4i khuy\u1ebfn kh\u00edch b\u1ea1n li\u00ean h\u1ec7 v\u1edbi ch\u00fang t\u00f4i \u0111\u1ec3 bi\u1ebft th\u00eam chi ti\u1ebft.<\/div>\n\t\t\t<\/div>\n\t\t<\/li>\n\t\t<li class=\"txt-left\">\n\t\t\t<div class=\"plan-inner\">\n\t\t\t<div class=\"plan-header\">\n\t\t\t<h4 class=\"plan-title\">C\u00e1c D\u1ecbch v\u1ee5 Kh\u00e1c<\/h4>\n\t\t\t<div class=\"plan-price\"><span class=\"price-figure\">Li\u00ean h\u1ec7 Ch\u00fang T\u00f4i<\/span><\/div>\n\t\t\t<\/div>\n\t\t\t<div class=\"plan-body\">Ch\u00fang t\u00f4i cung c\u1ea5p m\u1ed9t lo\u1ea1t c\u00e1c d\u1ecbch v\u1ee5 bao g\u1ed3m th\u00e0nh l\u1eadp c\u00f4ng ty, xem x\u00e9t h\u1ee3p \u0111\u1ed3ng, \u00fd ki\u1ebfn ph\u00e1p l\u00fd, xem x\u00e9t v\u1ee5 \u00e1n, ho\u1eb7c th\u01b0 nghi\u00ean c\u1ee9u. N\u1ebfu b\u1ea1n c\u00f3 b\u1ea5t k\u1ef3 th\u1eafc m\u1eafc ho\u1eb7c quan ng\u1ea1i n\u00e0o, ch\u00fang t\u00f4i tr\u00e2n tr\u1ecdng m\u1eddi b\u1ea1n li\u00ean h\u1ec7 v\u1edbi ch\u00fang t\u00f4i v\u00e0 \u0111\u1ed9i ng\u0169 chuy\u00ean nghi\u1ec7p c\u1ee7a ch\u00fang t\u00f4i s\u1ebd r\u1ea5t h\u1ea1nh ph\u00fac khi \u0111\u01b0\u1ee3c h\u1ed7 tr\u1ee3 b\u1ea1n.<\/div>\n\t\t\t<\/div>\n\t\t\t<\/div>\n\t\t<\/li>\n\t<\/ul>\n\t<\/div>\n\t<\/div>\n<\/section>\n\n<section class=\"white-section\">\n\t<div class=\"section-inner\">\n\t\t<div class=\"btn-area\">\n\t\t\t<div class=\"btn icon-contact\"><a href=\"\/vi\/contact\">Li\u00ean h\u1ec7 Ch\u00fang T\u00f4i<\/a><\/div>\n\t\t<\/div>\n\t<\/div>\n<\/section>\n","protected":false},"excerpt":{"rendered":"<p>T\u1ed9i ph\u1ea1m m\u1ea1ng T\u1ed9i ph\u1ea1m m\u1ea1ng l\u00e0 m\u1ed9t v\u1ea5n \u0111\u1ec1 nghi\u00eam tr\u1ecdng trong x\u00e3 h\u1ed9i ng\u00e0y nay, v\u00e0 vi\u1ec7c doanh nghi\u1ec7p th\u1ef1c hi\u1ec7n c\u00e1c bi\u1ec7n ph\u00e1p th\u00edch h\u1ee3p khi tr\u1edf th\u00e0nh n\u1ea1n nh\u00e2n c\u1ee7a nh\u1eefng t\u1ed9i ph\u1ea1m n\u00e0y l\u00e0 r\u1ea5t quan tr\u1ecdng. V\u1edb [&hellip;]<\/p>\n","protected":false},"author":1,"featured_media":57158,"parent":0,"menu_order":7,"comment_status":"closed","ping_status":"closed","template":"other-page-temp.php","meta":{"footnotes":""},"acf":[],"_links":{"self":[{"href":"https:\/\/monolith.law\/vi\/wp-json\/wp\/v2\/pages\/31896"}],"collection":[{"href":"https:\/\/monolith.law\/vi\/wp-json\/wp\/v2\/pages"}],"about":[{"href":"https:\/\/monolith.law\/vi\/wp-json\/wp\/v2\/types\/page"}],"author":[{"embeddable":true,"href":"https:\/\/monolith.law\/vi\/wp-json\/wp\/v2\/users\/1"}],"replies":[{"embeddable":true,"href":"https:\/\/monolith.law\/vi\/wp-json\/wp\/v2\/comments?post=31896"}],"version-history":[{"count":21,"href":"https:\/\/monolith.law\/vi\/wp-json\/wp\/v2\/pages\/31896\/revisions"}],"predecessor-version":[{"id":61109,"href":"https:\/\/monolith.law\/vi\/wp-json\/wp\/v2\/pages\/31896\/revisions\/61109"}],"wp:featuredmedia":[{"embeddable":true,"href":"https:\/\/monolith.law\/vi\/wp-json\/wp\/v2\/media\/57158"}],"wp:attachment":[{"href":"https:\/\/monolith.law\/vi\/wp-json\/wp\/v2\/media?parent=31896"}],"curies":[{"name":"wp","href":"https:\/\/api.w.org\/{rel}","templated":true}]}}