{"id":32253,"date":"2021-05-11T11:20:39","date_gmt":"2021-05-11T02:20:39","guid":{"rendered":"https:\/\/monolith.law\/?page_id=32253"},"modified":"2024-08-14T11:45:22","modified_gmt":"2024-08-14T02:45:22","slug":"system-development","status":"publish","type":"page","link":"https:\/\/monolith.law\/vi\/system-development","title":{"rendered":"Ph\u00e1t Tri\u1ec3n H\u1ec7 Th\u1ed1ng"},"content":{"rendered":"\n<section class=\"heading-area\">\n\t<div class=\"heading-area-inner\">\n\t\t<h2 class=\"icon-system-development\">Ph\u00e1t Tri\u1ec3n H\u1ec7 Th\u1ed1ng<\/h2>\n\t\t<p>Vi\u1ec7c ph\u00e1t tri\u1ec3n h\u1ec7 th\u1ed1ng chuy\u00ean bi\u1ec7t th\u01b0\u1eddng g\u1eb7p ph\u1ea3i nh\u1eefng v\u1ea5n \u0111\u1ec1 ph\u1ee9c t\u1ea1p v\u00e0 \u0111\u00e0m ph\u00e1n trong qu\u00e1 tr\u00ecnh th\u01b0\u01a1ng l\u01b0\u1ee3ng h\u1ee3p \u0111\u1ed3ng. Ch\u00fang t\u00f4i s\u1eb5n s\u00e0ng h\u1ed7 tr\u1ee3 c\u00f4ng ty c\u1ee7a b\u1ea1n b\u1eb1ng c\u00e1ch s\u1eed d\u1ee5ng ki\u1ebfn th\u1ee9c kh\u00f4ng ch\u1ec9 nh\u01b0 c\u00e1c chuy\u00ean gia ph\u00e1p l\u00fd m\u00e0 c\u00f2n l\u00e0 c\u00e1c chuy\u00ean gia IT \u0111\u1ec3 x\u00e1c \u0111\u1ecbnh nh\u1eefng g\u00ec l\u00e0 c\u1ea7n thi\u1ebft cho c\u00f4ng ty.<\/p>\n\t<\/div>\n<\/section>\n\n<section class=\"white-section\">\n\t<div class=\"section-inner pdt0 border-bottom-section\">\n\t\t<p>Ch\u00fang t\u00f4i l\u00e0 m\u1ed9t v\u0103n ph\u00f2ng lu\u1eadt s\u01b0 do m\u1ed9t lu\u1eadt s\u01b0 t\u1eebng l\u00e0 k\u1ef9 s\u01b0 IT \u0111\u1ee9ng \u0111\u1ea7u, v\u00e0 ch\u00fang t\u00f4i x\u1eed l\u00fd m\u1ecdi th\u1ee9 t\u1eeb vi\u1ec7c so\u1ea1n th\u1ea3o, ch\u1ec9nh s\u1eeda v\u00e0 \u0111\u00e0m ph\u00e1n h\u1ee3p \u0111\u1ed3ng cho vi\u1ec7c ph\u00e1t tri\u1ec3n h\u1ec7 th\u1ed1ng chuy\u00ean bi\u1ec7t \u0111\u1ebfn gi\u1ea3i quy\u1ebft tranh ch\u1ea5p khi ch\u00fang ph\u00e1t sinh. Ch\u00fang t\u00f4i c\u0169ng so\u1ea1n th\u1ea3o h\u1ee3p \u0111\u1ed3ng t\u1eeb \u0111\u1ea7u d\u1ef1a tr\u00ean c\u00e1c t\u00e0i li\u1ec7u hi\u1ec7n c\u00f3, nh\u01b0 t\u00e0i li\u1ec7u \u0111\u1ec1 xu\u1ea5t, v\u00e0 v\u1edbi s\u1ed1 l\u01b0\u1ee3ng cu\u1ed9c h\u1ecdp t\u1ed1i thi\u1ec3u.<\/p>\n\t<\/div>\n<\/section>\n\n<section class=\"second-nav\">\n\t<div class=\"second-nav-inner\">\n\t\t<p>CH\u1ee6 \u0110\u1ec0<\/p>\n\t\t<nav>\n\t\t\t<ul>\n\t\t\t\t<li><a href=\"#contract-drafting-in-system-development\">So\u1ea1n Th\u1ea3o H\u1ee3p \u0110\u1ed3ng Trong Ph\u00e1t Tri\u1ec3n H\u1ec7 Th\u1ed1ng<\/a><\/li>\n\t\t\t\t<li><a href=\"#dispute-resolution-in-system-development\">Gi\u1ea3i Quy\u1ebft Tranh Ch\u1ea5p Trong Ph\u00e1t Tri\u1ec3n H\u1ec7 Th\u1ed1ng<\/a><\/li>\n\t\t\t\t<li><a href=\"#drafting-with-minimal-operating-time\">So\u1ea1n Th\u1ea3o V\u1edbi Th\u1eddi Gian Ho\u1ea1t \u0110\u1ed9ng T\u1ed1i Thi\u1ec3u<\/a><\/li>\n\t\t\t\t<li><a href=\"#examples-of-support-provided-by-our-firm\">V\u00ed D\u1ee5 V\u1ec1 S\u1ef1 H\u1ed7 Tr\u1ee3 C\u1ee7a V\u0103n Ph\u00f2ng Ch\u00fang T\u00f4i<\/a><\/li>\n\t\t\t\t<li><a href=\"#publication-achievements-systems-development-legal\">Th\u00e0nh T\u1ef1u Xu\u1ea5t B\u1ea3n<\/a><\/li>\n\t\t\t\t<li><a href=\"#crypto-assets-and-blockchain\">T\u00e0i S\u1ea3n M\u00e3 H\u00f3a v\u00e0 Blockchain<\/a><\/li>\n\t\t\t\t<li><a href=\"#manda\">M&amp;A<\/a><\/li>\n\t\t\t\t<li><a href=\"#monolith-law-magazine\">MONOLITH LAW MAGAZINE<\/a><\/li>\n\t\t\t\t<li><a href=\"#fee-structure\">C\u1ea5u Tr\u00fac Ph\u00ed<\/a><\/li>\n\t\t\t<\/ul>\n\t\t<\/nav>\n\t<\/div>\n<\/section>\n\n<section class=\"white-section mgt-section mgb-section80\">\n\t<div class=\"anchor\" id=\"contract-drafting-in-system-development\"><\/div>\n\t<div class=\"section-inner-black\">\n\t\t<h3>Chu\u1ea9n b\u1ecb H\u1ee3p \u0111\u1ed3ng Ph\u00e1t tri\u1ec3n H\u1ec7 th\u1ed1ng<\/h3>\n\t\t<p class=\"mgb-small\">Trong tr\u01b0\u1eddng h\u1ee3p ph\u00e1t tri\u1ec3n h\u1ec7 th\u1ed1ng, m\u1eb7c d\u00f9 c\u00f3 th\u1ec3 \u0111\u01b0\u1ee3c cung c\u1ea5p c\u00e1c \u0111i\u1ec1u kho\u1ea3n tr\u1eebu t\u01b0\u1ee3ng nh\u01b0 tr\u00e1ch nhi\u1ec7m trong tr\u01b0\u1eddng h\u1ee3p kh\u00f4ng tu\u00e2n th\u1ee7 h\u1ee3p \u0111\u1ed3ng, nh\u01b0ng h\u1ee3p \u0111\u1ed3ng ch\u1ec9 n\u00f3i &#8220;theo th\u1ecfa thu\u1eadn ri\u00eang&#8221;. N\u00f3i c\u00e1ch kh\u00e1c, c\u00e1c ho\u00e0n c\u1ea3nh c\u1ee5 th\u1ec3 li\u00ean quan \u0111\u1ebfn h\u1ec7 th\u1ed1ng ho\u1eb7c d\u1ef1 \u00e1n kh\u00f4ng \u0111\u01b0\u1ee3c \u0111\u1ec1 c\u1eadp tr\u1ef1c ti\u1ebfp. Do \u0111\u00f3, th\u01b0\u1eddng kh\u00f4ng r\u00f5 r\u00e0ng k\u1ebft qu\u1ea3 s\u1ebd nh\u01b0 th\u1ebf n\u00e0o trong tr\u01b0\u1eddng h\u1ee3p c\u00f3 tranh ch\u1ea5p th\u1ef1c t\u1ebf.<\/p>\n\t\t<p class=\"mgb-middle\">V\u0103n ph\u00f2ng lu\u1eadt s\u01b0 MONOLITH LAW OFFICE c\u1ee7a ch\u00fang t\u00f4i, v\u1edbi s\u1ef1 l\u00e3nh \u0111\u1ea1o c\u1ee7a lu\u1eadt s\u01b0 Toki Kawase c\u00f3 kinh nghi\u1ec7m trong l\u0129nh v\u1ef1c IT, coi vi\u1ec7c hi\u1ec3u s\u00e2u v\u1ec1 h\u1ec7 th\u1ed1ng \u0111ang \u0111\u01b0\u1ee3c ph\u00e1t tri\u1ec3n l\u00e0 m\u1ed9t ph\u1ea7n quan tr\u1ecdng c\u1ee7a c\u00f4ng vi\u1ec7c chu\u1ea9n b\u1ecb h\u1ee3p \u0111\u1ed3ng c\u1ee7a ch\u00fang t\u00f4i.<\/p>\n\n\t<\/div>\n<\/section>\n\n<section class=\"purple-section\">\n\t<div class=\"anchor\" id=\"dispute-resolution-in-system-development\"><\/div>\n\t<div class=\"section-inner\">\n\t\t<div class=\"flex\">\n\t\t\t<div class=\"width41\"><img decoding=\"async\" src=\"\/wp-content\/themes\/monolith2021\/img\/systemdevelopment\/systemdevelopment_pic1.jpg\" alt=\" Gi\u1ea3i quy\u1ebft tranh ch\u1ea5p trong Ph\u00e1t tri\u1ec3n H\u1ec7 th\u1ed1ng\"><\/div>\n\t\t\t<div class=\"width51\">\n\t\t\t\t<h3> Gi\u1ea3i quy\u1ebft tranh ch\u1ea5p trong ph\u00e1t tri\u1ec3n h\u1ec7 th\u1ed1ng<\/h3>\n\t\t\t\t<p class=\"mgb-small\">Khi m\u1ed9t tranh ch\u1ea5p x\u1ea3y ra, ch\u00fang t\u00f4i ch\u1ecbu tr\u00e1ch nhi\u1ec7m cho c\u00e1c y\u00eau c\u1ea7u b\u1ed3i th\u01b0\u1eddng ngo\u00e0i t\u00f2a, c\u0169ng nh\u01b0 c\u00e1c l\u1ec7nh c\u1ea5m t\u1ea1m th\u1eddi v\u00e0 x\u1eed l\u00fd t\u1ea1i t\u00f2a.<\/p>\n\t\t\t\t<p>Tuy nhi\u00ean, \u0111i\u1ec1u t\u1ed1t nh\u1ea5t l\u00e0 kh\u00f4ng c\u00f3 tranh ch\u1ea5p n\u00e0o x\u1ea3y ra, v\u00e0 ngay c\u1ea3 khi c\u00f3 c\u01a1 h\u1ed9i cho m\u1ed9t tranh ch\u1ea5p, \u0111i\u1ec1u t\u1ed1t nh\u1ea5t l\u00e0 n\u00f3 kh\u00f4ng \u0111i \u0111\u1ebfn t\u00f2a \u00e1n. \u0110\u00e2y l\u00e0 quan \u0111i\u1ec3m v\u00e0 l\u1eadp tr\u01b0\u1eddng c\u01a1 b\u1ea3n c\u1ee7a ch\u00fang t\u00f4i, v\u00e0 ch\u00fang t\u00f4i cung c\u1ea5p d\u1ecbch v\u1ee5 ph\u00e1p l\u00fd h\u00e0ng ng\u00e0y cho c\u00e1c kh\u00e1ch h\u00e0ng doanh nghi\u1ec7p c\u1ee7a m\u00ecnh d\u1ef1a tr\u00ean gi\u1ea3 \u0111\u1ecbnh n\u00e0y.<\/p>\n\t\t\t<\/div>\n\t\t<\/div>\n\t<\/div>\n<\/section>\n\n<section class=\"white-section\">\n\t<div class=\"anchor\" id=\"drafting-with-minimal-operating-time\"><\/div>\n\t<div class=\"section-inner\">\n\t\t<div class=\"flex reverse\">\n\t\t\t<div class=\"width41\"><img decoding=\"async\" src=\"\/wp-content\/themes\/monolith2021\/img\/pic\/pic_draft.jpg\" alt=\"Drafting with Minimal Operating Time\"><\/div>\n\t\t\t<div class=\"width51\">\n\t\t\t\t<h3>So\u1ea1n Th\u1ea3o V\u1edbi Th\u1eddi Gian Ho\u1ea1t \u0110\u1ed9ng T\u1ed1i Thi\u1ec3u<\/h3>\n\t\t\t\t<p class=\"mgb-small\">Lu\u1eadt s\u01b0 s\u00e1ng l\u1eadp c\u1ee7a ch\u00fang t\u00f4i t\u1eebng l\u00e0 m\u1ed9t k\u1ef9 s\u01b0 IT.<\/p>\n\t\t\t\t<p class=\"mgb-small\">\u0110\u1ec3 so\u1ea1n th\u1ea3o h\u1ee3p \u0111\u1ed3ng ph\u00e1t tri\u1ec3n h\u1ec7 th\u1ed1ng v\u00e0 thi\u1ebft k\u1ebf m\u1ed9t k\u1ebf ho\u1ea1ch l\u00e0m c\u01a1 s\u1edf cho h\u1ee3p \u0111\u1ed3ng \u0111\u00f3, c\u1ea7n ph\u1ea3i hi\u1ec3u r\u00f5 v\u1ec1 h\u1ec7 th\u1ed1ng li\u00ean quan. Ch\u00fang t\u00f4i c\u00f3 kh\u1ea3 n\u0103ng \u0111\u1ecdc c\u00e1c t\u00e0i li\u1ec7u v\u00e0 d\u1eef li\u1ec7u \u0111\u00e3 c\u00f3 s\u1eb5n trong c\u00f4ng ty c\u1ee7a b\u1ea1n, nh\u01b0 \u0111\u1ecbnh ngh\u0129a y\u00eau c\u1ea7u v\u00e0 t\u00e0i li\u1ec7u b\u00e1n h\u00e0ng cho kh\u00e1ch h\u00e0ng ti\u1ec1m n\u0103ng c\u1ee7a vi\u1ec7c ph\u00e1t tri\u1ec3n h\u1ec7 th\u1ed1ng \u0111\u00f3, m\u00e0 kh\u00f4ng c\u1ea7n ph\u1ea3i qua nhi\u1ec1u cu\u1ed9c h\u1ecdp.<\/p>\n\t\t\t\t<p>Do \u0111\u00f3, ch\u00fang t\u00f4i c\u00f3 th\u1ec3 chu\u1ea9n b\u1ecb b\u1ea3n nh\u00e1p h\u1ee3p \u0111\u1ed3ng v\u00e0 c\u00e1c t\u00e0i li\u1ec7u kh\u00e1c ch\u1ec9 trong m\u1ed9t kho\u1ea3ng th\u1eddi gian t\u1ed1i thi\u1ec3u, gi\u1ea3m thi\u1ec3u chi ph\u00ed giao ti\u1ebfp v\u00e0 th\u1eddi gian c\u1ea7n thi\u1ebft cho vi\u1ec7c chu\u1ea9n b\u1ecb.<\/p>\n\t\t\t<\/div>\n\t\t<\/div>\n\t<\/div>\n<\/section>\n\n<section class=\"orange-section\">\n\t<div class=\"anchor\" id=\"examples-of-support-provided-by-our-firm\"><\/div>\n\t<div class=\"section-inner\">\n\t\t<h3 class=\"mgb-middle\">C\u00e1c v\u00ed d\u1ee5 v\u1ec1 s\u1ef1 h\u1ed7 tr\u1ee3 do c\u00f4ng ty ch\u00fang t\u00f4i cung c\u1ea5p<\/h3>\n\t\t<ul class=\"layout-column4\">\n\t\t\t<li>\n\t\t\t\t<div><img decoding=\"async\" src=\"\/wp-content\/themes\/monolith2021\/img\/systemdevelopment\/systemdevelopment_support_pic1.jpg\"><\/div>\n\t\t\t\t<h4>Nh\u00e0 Cung C\u1ea5p IT<\/h4>\n\t\t\t\t<p>Ch\u00fang t\u00f4i cung c\u1ea5p nhi\u1ec1u d\u1ecbch v\u1ee5 cho c\u00e1c c\u00f4ng ty cung c\u1ea5p d\u1ecbch v\u1ee5 ph\u00e1t tri\u1ec3n h\u1ec7 th\u1ed1ng, t\u1eeb vi\u1ec7c so\u1ea1n th\u1ea3o h\u1ee3p \u0111\u1ed3ng li\u00ean quan \u0111\u1ebfn ph\u00e1t tri\u1ec3n h\u1ec7 th\u1ed1ng \u0111\u1ebfn gi\u1ea3i quy\u1ebft tranh ch\u1ea5p, d\u01b0\u1edbi h\u00ecnh th\u1ee9c t\u01b0 v\u1ea5n ph\u00e1p l\u00fd v\u00e0 c\u00e1c d\u1ecbch v\u1ee5 ph\u00e1p l\u00fd kh\u00e1c. Ch\u00fang t\u00f4i c\u0169ng x\u1eed l\u00fd c\u00e1c l\u0129nh v\u1ef1c ti\u00ean ti\u1ebfn nh\u01b0 c\u00e1c v\u1ea5n \u0111\u1ec1 li\u00ean quan \u0111\u1ebfn blockchain.<\/p>\n\t\t\t<\/li>\n\t\t\t<li>\n\t\t\t\t<div><img decoding=\"async\" src=\"\/wp-content\/themes\/monolith2021\/img\/systemdevelopment\/systemdevelopment_support_pic2.jpg\"><\/div>\n\t\t\t\t<h4>C\u00f4ng Ty Kinh Doanh<\/h4>\n\t\t\t\t<p>Ch\u00fang t\u00f4i cung c\u1ea5p nhi\u1ec1u d\u1ecbch v\u1ee5 cho c\u00e1c c\u00f4ng ty kinh doanh \u0111\u1eb7t h\u00e0ng ph\u00e1t tri\u1ec3n h\u1ec7 th\u1ed1ng. \u0110\u1eb7c bi\u1ec7t, \u0111\u1ed1i v\u1edbi c\u00e1c doanh nghi\u1ec7p m\u1edbi c\u1ee7a c\u00e1c c\u00f4ng ty kh\u00f4ng chuy\u00ean v\u1ec1 IT, ch\u00fang t\u00f4i c\u00f3 th\u1ec3 cung c\u1ea5p h\u1ed7 tr\u1ee3 bao g\u1ed3m thi\u1ebft k\u1ebf h\u1ec7 th\u1ed1ng cho to\u00e0n b\u1ed9 doanh nghi\u1ec7p, bao g\u1ed3m c\u1ea3 h\u1ed7 tr\u1ee3 sau khi giao h\u00e0ng.<\/p>\n\t\t\t<\/li>\n\t\t\t<li>\n\t\t\t\t<div><img decoding=\"async\" src=\"\/wp-content\/themes\/monolith2021\/img\/systemdevelopment\/systemdevelopment_support_pic3.jpg\"><\/div>\n\t\t\t\t<h4>D\u1ecbch V\u1ee5 K\u1ef9 Thu\u1eadt H\u1ec7 Th\u1ed1ng (SES)<\/h4>\n\t\t\t\t<p>MONOLITH LAW OFFICE cung c\u1ea5p d\u1ecbch v\u1ee5 ph\u00e1p l\u00fd cho nhi\u1ec1u c\u00f4ng ty SES. Ch\u00fang t\u00f4i tham gia so\u1ea1n th\u1ea3o h\u1ee3p \u0111\u1ed3ng li\u00ean quan \u0111\u1ebfn SES, gi\u1ea3i quy\u1ebft tranh ch\u1ea5p ngo\u00e0i t\u00f2a \u00e1n v\u1ec1 c\u00e1c v\u1ea5n \u0111\u1ec1 c\u1ee5 th\u1ec3, v\u00e0 x\u1eed l\u00fd c\u00e1c v\u1ee5 ki\u1ec7n.<\/p>\n\t\t\t<\/li>\n\t\t\t<li>\n\t\t\t\t<div><img decoding=\"async\" src=\"\/wp-content\/themes\/monolith2021\/img\/systemdevelopment\/systemdevelopment_support_pic4.jpg\"><\/div>\n\t\t\t\t<h4>Ph\u1ea7n M\u1ec1m M\u00e3 Ngu\u1ed3n M\u1edf (OSS)<\/h4>\n\t\t\t\t<p>Ch\u00fang t\u00f4i \u0111\u00e3 th\u00e0nh c\u00f4ng trong vi\u1ec7c cung c\u1ea5p thi\u1ebft k\u1ebf chuy\u00ean nghi\u1ec7p v\u00e0 gi\u00e1m s\u00e1t t\u00e0i li\u1ec7u ng\u01b0\u1eddi d\u00f9ng cho c\u00e1c c\u00f4ng ty cung c\u1ea5p c\u1ea3 gi\u1ea5y ph\u00e9p m\u00e3 ngu\u1ed3n m\u1edf nh\u01b0 GPL v\u00e0 c\u00e1c gi\u1ea5y ph\u00e9p th\u01b0\u01a1ng m\u1ea1i.<\/p>\n\t\t\t<\/li>\n\t\t<\/ul>\n\t<\/div>\n<\/section>\n\n<section class=\"white-section\">\n\t<div class=\"anchor\" id=\"publication-achievements-systems-development-legal\"><\/div>\n\t<div class=\"section-inner\">\n\t\t<div class=\"flex reverse\">\n\t\t\t<div class=\"width41\"><img decoding=\"async\" src=\"\/wp-content\/themes\/monolith2021\/img\/pic\/pic_publishing.jpg\" alt=\"Xu\u1ea5t b\u1ea3n S\u00e1ch v\u1ec1 C\u00e1c V\u1ea5n \u0110\u1ec1 Ph\u00e1p L\u00fd Li\u00ean Quan \u0110\u1ebfn Ph\u00e1t Tri\u1ec3n H\u1ec7 Th\u1ed1ng\"><\/div>\n\t\t\t<div class=\"width51\">\n\t\t\t\t<h3>Xu\u1ea5t b\u1ea3n s\u00e1ch v\u1ec1 c\u00e1c v\u1ea5n \u0111\u1ec1 ph\u00e1p l\u00fd li\u00ean quan \u0111\u1ebfn ph\u00e1t tri\u1ec3n h\u1ec7 th\u1ed1ng<\/h3>\n\t\t\t\t<p class=\"mgb-small\">L\u00e0 m\u1ed9t v\u0103n ph\u00f2ng lu\u1eadt chuy\u00ean v\u1ec1 ph\u00e1t tri\u1ec3n h\u1ec7 th\u1ed1ng cho c\u00e1c d\u1ecbch v\u1ee5 web, \u1ee9ng d\u1ee5ng v\u00e0 tr\u00f2 ch\u01a1i, ch\u00fang t\u00f4i \u0111\u00e3 xu\u1ea5t b\u1ea3n cu\u1ed1n s\u00e1ch &#8220;C\u00e2u h\u1ecfi v\u00e0 tr\u1ea3 l\u1eddi ph\u00e1p l\u00fd c\u01a1 b\u1ea3n cho c\u00e1c k\u1ef9 s\u01b0 IT&#8221;. Trong cu\u1ed1n s\u00e1ch, m\u1ed9t lu\u1eadt s\u01b0 t\u1eebng l\u00e0 k\u1ef9 s\u01b0 gi\u1ea3i th\u00edch ki\u1ebfn th\u1ee9c ph\u00e1p l\u00fd ch\u1ee7 y\u1ebfu d\u00e0nh cho c\u00e1c k\u1ef9 s\u01b0 IT.<\/p>\n\t\t\t\t<p>Cu\u1ed1n s\u00e1ch bao g\u1ed3m c\u00e1c ch\u01b0\u01a1ng v\u1ec1 R\u1ee7i ro c\u1ee7a B\u1ea3n quy\u1ec1n, R\u1ee7i ro c\u1ee7a H\u1ee3p \u0111\u1ed3ng ph\u00e1t tri\u1ec3n, R\u1ee7i ro c\u1ee7a Quan h\u1ec7 lao \u0111\u1ed9ng, \u0110i\u1ec3m ki\u1ec3m tra c\u1ee7a H\u1ee3p \u0111\u1ed3ng, cung c\u1ea5p c\u00e1c gi\u1ea3i th\u00edch ph\u00e1p l\u00fd v\u1ec1 c\u00e1c \u0111i\u1ec3m c\u1ee5 th\u1ec3 c\u00f3 th\u1ec3 g\u00e2y ra v\u1ea5n \u0111\u1ec1 trong t\u00ecnh hu\u1ed1ng ph\u00e1t tri\u1ec3n h\u1ec7 th\u1ed1ng th\u1ef1c t\u1ebf.<\/p>\n\t\t\t<\/div>\n\t\t<\/div>\n\t<\/div>\n<\/section>\n\n<section class=\"purple-section\">\n\t<div class=\"anchor\" id=\"crypto-assets-and-blockchain\"><\/div>\n\t<div class=\"section-inner\">\n\t\t<div class=\"flex\">\n\t\t\t<div class=\"width41\"><img decoding=\"async\" src=\"\/wp-content\/uploads\/2022\/07\/shutterstock_1151380622_2.png\" alt=\"Crypto Assets and Blockchain\"><\/div>\n\t\t\t<div class=\"width51\">\n\t\t\t\t<h3>T\u00e0i s\u1ea3n m\u00e3 h\u00f3a v\u00e0 Blockchain<\/h3>\n\t\t\t\t<p>Blockchain l\u00e0 m\u1ed9t c\u01a1 s\u1edf d\u1eef li\u1ec7u ph\u00e2n t\u00e1n, v\u1edbi r\u1ee7i ro m\u1ea5t m\u00e1t h\u1ed3 s\u01a1 th\u1ea5p v\u00e0 kh\u00f3 \u0111\u1ec3 thay \u0111\u1ed5i h\u1ed3 s\u01a1 trong qu\u00e1 kh\u1ee9. \u0110i\u1ec1u n\u00e0y \u0111\u01b0\u1ee3c th\u1ef1c hi\u1ec7n th\u00f4ng qua c\u00e1c k\u1ef9 thu\u1eadt IT nh\u01b0 thu\u1eadt to\u00e1n \u0111\u1ed3ng thu\u1eadn, m\u1eadt m\u00e3 h\u1ecdc, v\u00e0 m\u1ea1ng l\u01b0\u1edbi P2P. MONOLITH LAW OFFICE \u0111\u00e3 tham gia v\u00e0o c\u00f4ng vi\u1ec7c ph\u00e1p l\u00fd li\u00ean quan \u0111\u1ebfn t\u00e0i s\u1ea3n m\u00e3 h\u00f3a v\u00e0 blockchain k\u1ec3 t\u1eeb khi m\u1edf c\u1eeda v\u00e0o n\u0103m 2017.<\/p>\n\t\t\t<\/div>\n\t\t<\/div>\n\t<\/div>\n<\/section>\n\n<section class=\"white-section mgt-section mgb-section\">\n\t<div class=\"anchor\" id=\"manda\"><\/div>\n\t<div class=\"section-inner-black\">\n\t\t<h3>M&amp;A<\/h3>\n\t\t<p class=\"mgb-middle\">Ch\u00fang t\u00f4i c\u00f3 kinh nghi\u1ec7m r\u1ed9ng l\u1edbn trong M&amp;A li\u00ean quan \u0111\u1ebfn h\u1ec7 th\u1ed1ng IT, bao g\u1ed3m vi\u1ec7c chuy\u1ec3n nh\u01b0\u1ee3ng doanh nghi\u1ec7p v\u00e0 mua l\u1ea1i c\u00e1c \u1ee9ng d\u1ee5ng v\u00e0 d\u1ecbch v\u1ee5 web.<\/p>\n\t<\/div>\n<\/section>\n\n<section class=\"purple2-section\">\n\t<div class=\"anchor\" id=\"monolith-law-magazine\"><\/div>\n\t<div class=\"section-inner\">\n\t\t    <section class=\"white-section temp-article\">\n        <div class=\"section-inner\">\n            <h4>MONOLITH LAW MAGAZINE<\/h4>\n            <div class=\"articles type_practice_column\">\n                                                                    <div class=\"article article-area\">\n                        <figure>\n                            <div class=\"img-wrap\">\n                                <img alt=\"Gi\u1ea3i th\u00edch c\u00e1c \u0111i\u1ec3m c\u1ea7n l\u01b0u \u00fd v\u1ec1 ph\u00e1p l\u00fd trong 'H\u1ee3p \u0111\u1ed3ng SES' \u0111\u1ec3 gi\u1ea3i quy\u1ebft t\u00ecnh tr\u1ea1ng thi\u1ebfu nh\u00e2n l\u1ef1c\" src=\"https:\/\/monolith.law\/vi\/wp-content\/uploads\/sites\/17\/2023\/11\/ses-contract-legal-notes-i.jpg\" width=\"500\" height=\"250\">\n                            <\/div>\n                            <figcaption>\n                                <div class=\"figcaption-inner\">\n                                    <h3>Gi\u1ea3i th\u00edch c\u00e1c \u0111i\u1ec3m c\u1ea7n l\u01b0u \u00fd v\u1ec1 ph\u00e1p l\u00fd trong 'H\u1ee3p \u0111\u1ed3ng SES' \u0111\u1ec3 gi\u1ea3i quy\u1ebft t\u00ecnh.<\/h3>\n                                <\/div>\n                            <\/figcaption>\n                            <a href=\"https:\/\/monolith.law\/vi\/it\/ses-contract-legal-notes\"><\/a>\n                        <\/figure>\n                    <\/div>\n                                                    <div class=\"article article-area\">\n                        <figure>\n                            <div class=\"img-wrap\">\n                                <img alt=\"V\u1ec1 v\u1ea5n \u0111\u1ec1 ph\u00e1p l\u00fd li\u00ean quan \u0111\u1ebfn c\u01a1 s\u1edf d\u1eef li\u1ec7u c\u1ee7a h\u1ec7 th\u1ed1ng IT\" src=\"https:\/\/monolith.law\/vi\/wp-content\/uploads\/sites\/17\/2023\/11\/shutterstock_366193529.jpg\" width=\"500\" height=\"250\">\n                            <\/div>\n                            <figcaption>\n                                <div class=\"figcaption-inner\">\n                                    <h3>V\u1ec1 v\u1ea5n \u0111\u1ec1 ph\u00e1p l\u00fd li\u00ean quan \u0111\u1ebfn c\u01a1 s\u1edf d\u1eef li\u1ec7u c\u1ee7a h\u1ec7 th\u1ed1ng IT<\/h3>\n                                <\/div>\n                            <\/figcaption>\n                            <a href=\"https:\/\/monolith.law\/vi\/it\/itsystem-database-law-problem\"><\/a>\n                        <\/figure>\n                    <\/div>\n                                                    <div class=\"article article-area\">\n                        <figure>\n                            <div class=\"img-wrap\">\n                                <img alt=\"\u0110\u1ec3 S\u1eed d\u1ee5ng H\u1ee3p \u0111\u1ed3ng SES m\u1ed9t c\u00e1ch An to\u00e0n \uff5eGi\u1ea3i th\u00edch v\u1ec1 nh\u1eefng R\u1eafc r\u1ed1i Ph\u00e1p l\u00fd c\u00f3 th\u1ec3 X\u1ea3y ra\uff5e\" src=\"https:\/\/monolith.law\/vi\/wp-content\/uploads\/sites\/17\/2023\/11\/ses-contract-for-safe-use-legal-trouble-i.jpg\" width=\"500\" height=\"250\">\n                            <\/div>\n                            <figcaption>\n                                <div class=\"figcaption-inner\">\n                                    <h3>\u0110\u1ec3 S\u1eed d\u1ee5ng H\u1ee3p \u0111\u1ed3ng SES m\u1ed9t c\u00e1ch An to\u00e0n \uff5eGi\u1ea3i th\u00edch v\u1ec1 nh\u1eefng R\u1eafc r\u1ed1i Ph\u00e1p l\u00fd c\u00f3.<\/h3>\n                                <\/div>\n                            <\/figcaption>\n                            <a href=\"https:\/\/monolith.law\/vi\/it\/ses-contract-for-safe-use-legal-trouble\"><\/a>\n                        <\/figure>\n                    <\/div>\n                                            <\/div>\n            <div class=\"btn-more\"><a href=\"https:\/\/monolith.law\/vi\/tag\/system-development\">Read More<\/a><\/div>\n        <\/div>\n    <\/section>\n\t<\/div>\n<\/section>\n\n<section class=\"orange2-section\">\n\t<div class=\"anchor\" id=\"fee-structure\"><\/div>\n\t<div class=\"section-inner\">\n\t<div class=\"planWrap\">\n\t<h3>C\u1ea5u tr\u00fac Ph\u00ed D\u1ecbch v\u1ee5<\/h3>\n\t<ul class=\"plan\">\n\t\t<li class=\"txt-left\">\n\t\t\t<div class=\"plan-inner\">\n\t\t\t<div class=\"plan-header\">\n\t\t\t<h4 class=\"plan-title\">M\u1ee9c Ph\u00ed Theo Gi\u1edd<\/h4>\n\t\t\t<div class=\"plan-price\"><span class=\"price-figure\">$300<\/span>m\u1ed7i gi\u1edd<span class=\"price-tax\"><\/span><\/div>\n\t\t\t<\/div>\n\t\t\t<div class=\"plan-body\">Trong m\u1ed9t s\u1ed1 tr\u01b0\u1eddng h\u1ee3p, ch\u00fang t\u00f4i c\u00f3 th\u1ec3 xem x\u00e9t vi\u1ec7c ch\u1ea5p nh\u1eadn m\u1ed9t tranh ch\u1ea5p ho\u1eb7c v\u1ee5 ki\u1ec7n v\u1edbi m\u1ed9t kho\u1ea3n ph\u00ed kh\u1edfi t\u1ea1o v\u00e0 ph\u00ed d\u1ef1a tr\u00ean k\u1ebft qu\u1ea3. \u0110\u1ec3 bi\u1ebft th\u00eam chi ti\u1ebft, xin vui l\u00f2ng li\u00ean h\u1ec7 v\u1edbi ch\u00fang t\u00f4i.<\/div>\n\t\t\t<\/div>\n\t\t<\/li>\n\t\t<li class=\"txt-left\">\n\t\t\t<div class=\"plan-inner\">\n\t\t\t<div class=\"plan-header\">\n\t\t\t<h4 class=\"plan-title\">So\u1ea1n Th\u1ea3o H\u1ee3p \u0110\u1ed3ng<\/h4>\n\t\t\t<div class=\"plan-price\"><span class=\"price-value\">t\u1eeb<\/span><span class=\"price-figure\">$500<\/span><span class=\"price-value\">\u0111\u1ebfn $2,000 ho\u1eb7c cao h\u01a1n<\/span><span class=\"price-tax\"><\/span><\/div>\n\t\t\t<\/div>\n\t\t\t<div class=\"plan-body\">C\u1ea5u tr\u00fac gi\u00e1 c\u1ea3 c\u00f3 th\u1ec3 thay \u0111\u1ed5i t\u00f9y thu\u1ed9c v\u00e0o lo\u1ea1i v\u00e0 s\u1ed1 l\u01b0\u1ee3ng h\u1ee3p \u0111\u1ed3ng. Ch\u00fang t\u00f4i s\u1eb5n l\u00f2ng cung c\u1ea5p m\u1ed9t \u01b0\u1edbc t\u00ednh s\u01a1 b\u1ed9 khi b\u1ea1n y\u00eau c\u1ea7u, do \u0111\u00f3 khuy\u1ebfn kh\u00edch b\u1ea1n li\u00ean h\u1ec7 v\u1edbi ch\u00fang t\u00f4i \u0111\u1ec3 bi\u1ebft th\u00eam chi ti\u1ebft.<\/div>\n\t\t\t<\/div>\n\t\t<\/li>\n\t\t<li class=\"txt-left\">\n\t\t\t<div class=\"plan-inner\">\n\t\t\t<div class=\"plan-header\">\n\t\t\t<h4 class=\"plan-title\">C\u00e1c D\u1ecbch v\u1ee5 Kh\u00e1c<\/h4>\n\t\t\t<div class=\"plan-price\"><span class=\"price-figure\">Li\u00ean h\u1ec7 Ch\u00fang T\u00f4i<\/span><\/div>\n\t\t\t<\/div>\n\t\t\t<div class=\"plan-body\">Ch\u00fang t\u00f4i cung c\u1ea5p m\u1ed9t lo\u1ea1t c\u00e1c d\u1ecbch v\u1ee5 bao g\u1ed3m th\u00e0nh l\u1eadp c\u00f4ng ty, xem x\u00e9t h\u1ee3p \u0111\u1ed3ng, \u00fd ki\u1ebfn ph\u00e1p l\u00fd, xem x\u00e9t v\u1ee5 \u00e1n, ho\u1eb7c th\u01b0 nghi\u00ean c\u1ee9u. N\u1ebfu b\u1ea1n c\u00f3 b\u1ea5t k\u1ef3 th\u1eafc m\u1eafc ho\u1eb7c quan ng\u1ea1i n\u00e0o, ch\u00fang t\u00f4i tr\u00e2n tr\u1ecdng m\u1eddi b\u1ea1n li\u00ean h\u1ec7 v\u1edbi ch\u00fang t\u00f4i v\u00e0 \u0111\u1ed9i ng\u0169 chuy\u00ean nghi\u1ec7p c\u1ee7a ch\u00fang t\u00f4i s\u1ebd h\u00e2n h\u1ea1nh h\u1ed7 tr\u1ee3 b\u1ea1n.<\/div>\n\t\t\t<\/div>\n\t\t\t<\/div>\n\t\t<\/li>\n\t<\/ul>\n\t<\/div>\n\t<\/div>\n<\/section>\n\n<section class=\"white-section\">\n\t<div class=\"section-inner\">\n\t\t<div class=\"btn-area\">\n\t\t\t<div class=\"btn icon-contact\"><a href=\"\/vi\/contact\">Li\u00ean h\u1ec7 Ch\u00fang T\u00f4i<\/a><\/div>\n\t\t<\/div>\n\t<\/div>\n<\/section>\n","protected":false},"excerpt":{"rendered":"<p>Ph\u00e1t Tri\u1ec3n H\u1ec7 Th\u1ed1ng Vi\u1ec7c ph\u00e1t tri\u1ec3n h\u1ec7 th\u1ed1ng chuy\u00ean bi\u1ec7t th\u01b0\u1eddng g\u1eb7p ph\u1ea3i nh\u1eefng v\u1ea5n \u0111\u1ec1 ph\u1ee9c t\u1ea1p v\u00e0 \u0111\u00e0m ph\u00e1n trong qu\u00e1 tr\u00ecnh th\u01b0\u01a1ng l\u01b0\u1ee3ng h\u1ee3p \u0111\u1ed3ng. Ch\u00fang t\u00f4i s\u1eb5n s\u00e0ng h\u1ed7 tr\u1ee3 c\u00f4ng ty c\u1ee7a b\u1ea1n b\u1eb1ng c\u00e1ch s\u1eed [&hellip;]<\/p>\n","protected":false},"author":26,"featured_media":57152,"parent":0,"menu_order":7,"comment_status":"closed","ping_status":"closed","template":"other-page-temp.php","meta":{"footnotes":""},"acf":[],"_links":{"self":[{"href":"https:\/\/monolith.law\/vi\/wp-json\/wp\/v2\/pages\/32253"}],"collection":[{"href":"https:\/\/monolith.law\/vi\/wp-json\/wp\/v2\/pages"}],"about":[{"href":"https:\/\/monolith.law\/vi\/wp-json\/wp\/v2\/types\/page"}],"author":[{"embeddable":true,"href":"https:\/\/monolith.law\/vi\/wp-json\/wp\/v2\/users\/26"}],"replies":[{"embeddable":true,"href":"https:\/\/monolith.law\/vi\/wp-json\/wp\/v2\/comments?post=32253"}],"version-history":[{"count":33,"href":"https:\/\/monolith.law\/vi\/wp-json\/wp\/v2\/pages\/32253\/revisions"}],"predecessor-version":[{"id":68732,"href":"https:\/\/monolith.law\/vi\/wp-json\/wp\/v2\/pages\/32253\/revisions\/68732"}],"wp:featuredmedia":[{"embeddable":true,"href":"https:\/\/monolith.law\/vi\/wp-json\/wp\/v2\/media\/57152"}],"wp:attachment":[{"href":"https:\/\/monolith.law\/vi\/wp-json\/wp\/v2\/media?parent=32253"}],"curies":[{"name":"wp","href":"https:\/\/api.w.org\/{rel}","templated":true}]}}