{"id":4096,"date":"2019-08-29T03:42:29","date_gmt":"2019-08-28T18:42:29","guid":{"rendered":"https:\/\/monolith.law\/?page_id=4096"},"modified":"2023-12-05T18:18:27","modified_gmt":"2023-12-05T09:18:27","slug":"overview-of-our-firm","status":"publish","type":"page","link":"https:\/\/monolith.law\/vi\/overview-of-our-firm","title":{"rendered":"T\u1ed5ng quan v\u1ec1 V\u0103n ph\u00f2ng Lu\u1eadt s\u01b0"},"content":{"rendered":"\n<section class=\"heading-area\">\n\t<div class=\"heading-area-inner\">\n\t\t<h2 class=\"icon-overview-of-our-firm\">T\u1ed5ng quan v\u1ec1 V\u0103n ph\u00f2ng Lu\u1eadt s\u01b0<\/h2>\n\t\t<p>MONOLITH LAW OFFICE l\u00e0 m\u1ed9t v\u0103n ph\u00f2ng lu\u1eadt s\u01b0 c\u00f3 tr\u1ee5 s\u1edf t\u1ea1i Tokyo, Nh\u1eadt B\u1ea3n, chuy\u00ean v\u1ec1 l\u0129nh v\u1ef1c IT, Internet v\u00e0 Kinh doanh, bao g\u1ed3m c\u00e1c chuy\u00ean gia IT, trong \u0111\u00f3 c\u00f3 Lu\u1eadt s\u01b0 s\u00e1ng l\u1eadp c\u00f3 n\u1ec1n t\u1ea3ng s\u00e2u r\u1ed9ng nh\u01b0 m\u1ed9t k\u1ef9 s\u01b0 IT.<\/p>\n\t<\/div>\n<\/section>\n<section class=\"white-section\">\n\t<div class=\"section-inner pdt0 border-bottom-section\">\n\t\t<p>Lu\u1eadt s\u01b0 s\u00e1ng l\u1eadp Toki Kawase \u0111\u00e3 quan t\u00e2m \u0111\u1ebfn l\u1eadp tr\u00ecnh t\u1eeb khi c\u00f2n h\u1ecdc l\u1edbp ba ti\u1ec3u h\u1ecdc v\u00e0 \u0111\u00e3 l\u00e0m vi\u1ec7c trong ng\u00e0nh c\u00f4ng nghi\u1ec7p IT khi c\u00f2n l\u00e0 sinh vi\u00ean \u0111\u1ea1i h\u1ecdc. Trong nh\u1eefng n\u0103m hai m\u01b0\u01a1i tu\u1ed5i, \u00f4ng \u0111\u00e3 c\u00f3 kinh nghi\u1ec7m qu\u1ea3n l\u00fd c\u00e1c c\u00f4ng ty kh\u1edfi nghi\u1ec7p v\u00e0 doanh nghi\u1ec7p l\u1edbn. Nh\u1edd s\u1ef1 k\u1ebft h\u1ee3p c\u1ee7a nh\u1eefng kinh nghi\u1ec7m \u0111\u1ed9c \u0111\u00e1o n\u00e0y, v\u0103n ph\u00f2ng ch\u00fang t\u00f4i c\u00f3 m\u1ed9t \u0111\u1ed9i ng\u0169 chuy\u00ean gia IT gi\u00fap cung c\u1ea5p gi\u1ea3i ph\u00e1p cho kh\u00e1ch h\u00e0ng. <br>MONOLITH LAW OFFICE cung c\u1ea5p d\u1ecbch v\u1ee5 t\u01b0 v\u1ea5n ph\u00e1p l\u00fd b\u1eb1ng c\u00e1ch t\u1eadn d\u1ee5ng tri\u1ec7t \u0111\u1ec3 s\u1ee9c m\u1ea1nh trong l\u0129nh v\u1ef1c IT. Kh\u00e1ch h\u00e0ng c\u1ee7a ch\u00fang t\u00f4i \u0111a d\u1ea1ng t\u1eeb c\u00e1c c\u00f4ng ty h\u00e0ng \u0111\u1ea7u \u0111\u1ebfn c\u00e1c c\u00f4ng ty kh\u1edfi nghi\u1ec7p giai \u0111o\u1ea1n \u0111\u1ea7u. Ch\u00fang t\u00f4i c\u00f3 kinh nghi\u1ec7m r\u1ed9ng l\u1edbn trong vi\u1ec7c cung c\u1ea5p d\u1ecbch v\u1ee5 ph\u00e1p l\u00fd li\u00ean quan \u0111\u1ebfn IT cho nhi\u1ec1u c\u00f4ng ty.<\/p>\n\t<\/div>\n<\/section>\n<section class=\"second-nav\">\n\t<div class=\"second-nav-inner\">\n\t\t<p>CH\u1ee6 \u0110\u1ec0<\/p>\n\t\t<nav>\n\t\t\t<ul>\n\t\t\t\t<li><a href=\"#specialization-in-it\">Chuy\u00ean m\u00f4n h\u00f3a trong IT<\/a><\/li>\n\t\t\t\t<li><a href=\"#law-firm-at-otemachi-tokyo\">V\u0103n ph\u00f2ng Lu\u1eadt s\u01b0 t\u1ea1i Otemachi, Tokyo<\/a><\/li>\n\t\t\t\t<li><a href=\"#what-is-a-monolith\">Monolith l\u00e0 g\u00ec<\/a><\/li>\n\t\t\t\t<li><a href=\"#from-legal-advisor-to-it-specialized-lawyer\">T\u1eeb C\u1ed1 v\u1ea5n Ph\u00e1p l\u00fd \u0111\u1ebfn Lu\u1eadt s\u01b0 chuy\u00ean ng\u00e0nh IT<\/a><\/li>\n\t\t\t\t<li><a href=\"#handling-cross-border-legal-matters\">X\u1eed l\u00fd c\u00e1c v\u1ea5n \u0111\u1ec1 ph\u00e1p l\u00fd xuy\u00ean bi\u00ean gi\u1edbi<\/a><\/li>\n\t\t\t\t<li><a href=\"#our-clients\">Kh\u00e1ch h\u00e0ng c\u1ee7a ch\u00fang t\u00f4i<\/a><\/li>\n\t\t\t<\/ul>\n\t\t<\/nav>\n\t<\/div>\n<\/section>\n<section class=\"white-section\">\n\t<div class=\"anchor\" id=\"specialization-in-it\"><\/div>\n\t<div class=\"section-inner\">\n\t\t<div class=\"flex\">\n\t\t\t<div class=\"width41\"><img decoding=\"async\" src=\"\/wp-content\/uploads\/2023\/06\/about_pic1.jpg\" alt=\"Specialization in IT\"><\/div>\n\t\t\t<div class=\"width51\">\n\t\t\t\t<h3>Chuy\u00ean m\u00f4n v\u1ec1 IT<\/h3>\n\t\t\t\t<p class=\"mgb-small\">Ch\u00fang t\u00f4i l\u00e0 m\u1ed9t v\u0103n ph\u00f2ng lu\u1eadt s\u01b0 Nh\u1eadt B\u1ea3n c\u00f3 tr\u1ee5 s\u1edf t\u1ea1i Tokyo, v\u1edbi s\u1ee9c m\u1ea1nh \u0111\u1eb7c bi\u1ec7t trong l\u0129nh v\u1ef1c IT. Ch\u00fang t\u00f4i kh\u00f4ng ch\u1ec9 c\u00f3 m\u1ed9t \u0111\u1ed9i ng\u0169 lu\u1eadt s\u01b0 chuy\u00ean v\u1ec1 c\u00e1c l\u0129nh v\u1ef1c kh\u00e1c nhau c\u1ee7a IT, m\u00e0 c\u00f2n c\u00f3 m\u1ed9t \u0111\u1ed9i ng\u0169 t\u01b0 v\u1ea5n vi\u00ean IT v\u1edbi ki\u1ebfn th\u1ee9c s\u00e2u r\u1ed9ng v\u1ec1 IT. Th\u00f4ng qua s\u1ef1 k\u1ebft h\u1ee3p gi\u1eefa lu\u1eadt ph\u00e1p v\u00e0 IT, ch\u00fang t\u00f4i \u0111\u1ea3m b\u1ea3o l\u1ee3i \u00edch t\u1ed1t nh\u1ea5t cho kh\u00e1ch h\u00e0ng c\u1ee7a m\u00ecnh.<\/p>\n\t\t\t\t<p class=\"mgb-small\">Lu\u1eadt s\u01b0 \u0111\u1ea1i di\u1ec7n c\u1ee7a ch\u00fang t\u00f4i, Toki Kawase, b\u1eaft \u0111\u1ea7u l\u1eadp tr\u00ecnh t\u1eeb khi h\u1ecdc l\u1edbp ba ti\u1ec3u h\u1ecdc. Toki \u0111\u00e3 \u0111\u1eafm ch\u00ecm trong ng\u00e0nh c\u00f4ng nghi\u1ec7p IT ngay sau khi b\u01b0\u1edbc v\u00e0o \u0111\u1ea1i h\u1ecdc; v\u00e0 kinh doanh, \u0111\u1eb7c bi\u1ec7t l\u00e0 c\u00e1c c\u00f4ng ty kh\u1edfi nghi\u1ec7p v\u00e0 doanh nghi\u1ec7p v\u1eeba v\u00e0 nh\u1ecf, m\u00e0 anh \u0111\u00e3 tr\u1ea3i nghi\u1ec7m khi \u1edf \u0111\u1ed9 tu\u1ed5i 20. \u0110\u00e2y l\u00e0 nh\u1eefng \u0111i\u1ec3m m\u1ea1nh c\u1ee7a Toki Kawase, Lu\u1eadt s\u01b0 s\u00e1ng l\u1eadp, v\u00e0 l\u00e0 c\u00e1c l\u0129nh v\u1ef1c ho\u1ea1t \u0111\u1ed9ng c\u1ee7a MONOLITH LAW OFFICE.<\/p>\n\t\t\t\t<p class=\"mgb-middle\">T\u1eeb nh\u1eefng g\u00f3c \u0111\u1ed9 n\u00e0y, MONOLITH LAW OFFICE t\u1eadp trung v\u00e0o c\u00e1c d\u1ecbch v\u1ee5 t\u01b0 v\u1ea5n v\u00e0 c\u00e1c d\u1ecbch v\u1ee5 kh\u00e1c v\u1edbi &#8220;IT&#8221; l\u00e0 t\u1eeb kh\u00f3a, t\u1eeb c\u00e1c C\u00f4ng ty h\u00e0ng \u0111\u1ea7u \u0111\u1ebfn c\u00e1c c\u00f4ng ty kh\u1edfi nghi\u1ec7p giai \u0111o\u1ea1n h\u1ea1t gi\u1ed1ng, c\u0169ng nh\u01b0 c\u00e1c d\u1ecbch v\u1ee5 v\u1edbi &#8220;Internet&#8221; v\u00e0 &#8220;Kinh doanh&#8221; l\u00e0 t\u1eeb kh\u00f3a, t\u1eeb c\u00e1c v\u1ea5n \u0111\u1ec1 ph\u00e1p l\u00fd tr\u00ean Internet cho c\u00e1c c\u00f4ng ty ni\u00eam y\u1ebft \u0111\u1ebfn M&#038;A.<\/p>\n\t\t\t\t<div class=\"btn-area\">\n\t\t\t\t\t<div class=\"btn icon-services\"><a href=\"\/vi\/services\">D\u1ecbch v\u1ee5<\/a><\/div>\n\t\t\t\t\t<div class=\"btn icon-people\"><a href=\"\/en\/people\">\u0110\u1ed9i ng\u0169<\/a><\/div>\n\t\t\t\t<\/div>\n\t\t\t<\/div>\n\t\t<\/div>\n\t<\/div>\n<\/section>\n<section class=\"purple-section\">\n\t<div class=\"anchor\" id=\"law-firm-at-otemachi-tokyo\"><\/div>\n\t<div class=\"section-inner\">\n\t\t<div class=\"flex reverse\">\n\t\t\t<div class=\"width41\"><img decoding=\"async\" src=\"\/wp-content\/uploads\/2023\/06\/about_pic2.jpg\" alt=\"Law Firm at Otemachi, Tokyo\"><\/div>\n\t\t\t<div class=\"width51\">\n\t\t\t\t<div class=\"inline-inner\">\n\t\t\t\t\t<h3>V\u0103n ph\u00f2ng lu\u1eadt s\u01b0 t\u1ea1i Otemachi, Tokyo<\/h3>\n\t\t\t\t\t<p class=\"mgb-small\">MONOLITH LAW OFFICE l\u00e0 m\u1ed9t v\u0103n ph\u00f2ng lu\u1eadt s\u01b0 Nh\u1eadt B\u1ea3n t\u1ecda l\u1ea1c t\u1ea1i Otemachi, Chiyoda-ku, Tokyo.<\/p>\n\t\t\t\t\t<p class=\"mgb-small\">Ch\u00fang t\u00f4i \u0111\u00e3 ph\u1ee5c v\u1ee5 nh\u01b0 nh\u1eefng c\u1ed1 v\u1ea5n ph\u00e1p l\u00fd cho kho\u1ea3ng 1087 c\u00f4ng ty IT, t\u1eeb c\u00e1c c\u00f4ng ty kh\u1edfi nghi\u1ec7p giai \u0111o\u1ea1n ban \u0111\u1ea7u \u0111\u1ebfn c\u00e1c c\u00f4ng ty ni\u00eam y\u1ebft tr\u00ean S\u1edf Giao d\u1ecbch Ch\u1ee9ng kho\u00e1n Tokyo m\u1ee5c \u0111\u1ea7u ti\u00ean, \u0111\u1ea1i di\u1ec7n cho nh\u1eefng c\u00f4ng ty l\u1edbn nh\u1ea5t v\u00e0 uy t\u00edn nh\u1ea5t \u0111\u01b0\u1ee3c ni\u00eam y\u1ebft tr\u00ean S\u1edf Giao d\u1ecbch Ch\u1ee9ng kho\u00e1n Tokyo. Ch\u00fang t\u00f4i cung c\u1ea5p d\u1ecbch v\u1ee5 ph\u00e1p l\u00fd cho t\u1ed5ng c\u1ed9ng 1855 kh\u00e1ch h\u00e0ng, t\u1eadp trung v\u00e0o c\u00e1c v\u1ea5n \u0111\u1ec1 ph\u00e1p l\u00fd li\u00ean quan \u0111\u1ebfn IT nh\u01b0 ng\u0103n ch\u1eb7n h\u01b0 h\u1ecfng danh ti\u1ebfng, ch\u1ed1ng ph\u1ec9 b\u00e1ng, v\u00e0 tranh ch\u1ea5p li\u00ean quan \u0111\u1ebfn ph\u00e1t tri\u1ec3n h\u1ec7 th\u1ed1ng.<\/p>\n\t\t\t\t\t<p class=\"mgb-middle\">&#8220;Chuy\u00ean m\u00f4n v\u1ec1 IT v\u00e0 Kinh doanh&#8221; l\u00e0 \u0111i\u1ec1u l\u00e0m ch\u00fang t\u00f4i \u0111\u1eb7c bi\u1ec7t.<\/p>\n\t\t\t\t\t<div class=\"btn-area\">\n\t\t\t\t\t\t<div class=\"btn icon-access\"><a href=\"\/vi\/access\">Truy c\u1eadp<\/a><\/div>\n\t\t\t\t\t<\/div>\n\t\t\t\t<\/div>\n\t\t\t<\/div>\n\t\t<\/div>\n\t<\/div>\n<\/section>\n<section class=\"white-section\">\n\t<div class=\"anchor\" id=\"what-is-a-monolith\"><\/div>\n\t<div class=\"section-inner\">\n\t\t<div class=\"flex\">\n\t\t\t<div class=\"width41\"><img decoding=\"async\" src=\"\/wp-content\/themes\/monolith2021\/img\/about\/about_pic3.jpg\" alt=\"What is a Monolith\"><\/div>\n\t\t\t<div class=\"width51\">\n\t\t\t\t<h3>Monolith l\u00e0 g\u00ec<\/h3>\n\t\t\t\t<p class=\"mgb-small\">T\u1eeb &#8220;monolith&#8221; \u0111\u01b0\u1ee3c chuy\u1ec3n t\u1eeb ti\u1ebfng Latin, c\u00f3 ngh\u0129a l\u00e0 m\u1ed9t t\u1ea3ng \u0111\u00e1 \u0111\u01a1n l\u1ebb ho\u1eb7c c\u00f4 l\u1eadp. Trong b\u1ed9 phim &#8220;2001: A Space Odyssey&#8221; c\u1ee7a Stanley Kubrick, ch\u00fang \u0111\u01b0\u1ee3c m\u00f4 t\u1ea3 nh\u01b0 nh\u1eefng c\u00f4ng c\u1ee5 c\u1ee7a tr\u00ed tu\u1ec7 ngo\u00e0i tr\u00e1i \u0111\u1ea5t, v\u1edbi vai tr\u00f2 k\u00edch th\u00edch s\u1ef1 ti\u1ebfn h\u00f3a c\u1ee7a lo\u00e0i ng\u01b0\u1eddi.<\/p>\n\t\t\t\t<p class=\"mgb-small\">S\u1ee9 m\u1ec7nh c\u1ee7a MONOLITH LAW OFFICE l\u00e0 th\u00fac \u0111\u1ea9y s\u1ef1 ti\u1ebfn h\u00f3a c\u1ee7a IT v\u00e0 c\u00e1c c\u00f4ng ngh\u1ec7 kh\u00e1c, c\u0169ng nh\u01b0 c\u00e1c h\u1ec7 th\u1ed1ng x\u00e3 h\u1ed9i nh\u01b0 m\u1ed9t chuy\u00ean gia ph\u00e1p l\u00fd. MONOLITH l\u00e0m vi\u1ec7c \u0111\u1ec3 ki\u1ec3m tra c\u00e1c gi\u1ea3 thuy\u1ebft \u0111\u01b0\u1ee3c \u0111\u01b0a ra b\u1edfi c\u00e1c c\u00f4ng ty kh\u1edfi nghi\u1ec7p, ph\u1ed1i h\u1ee3p IT v\u00e0 lu\u1eadt ph\u00e1p trong c\u00e1c bi\u1ec7n ph\u00e1p \u0111\u1ed1i ph\u00f3 v\u1edbi thi\u1ec7t h\u1ea1i danh ti\u1ebfng c\u0169ng nh\u01b0 gi\u1ea3i quy\u1ebft tranh ch\u1ea5p, v\u00e0 x\u00e2y d\u1ef1ng h\u1ec7 th\u1ed1ng kinh doanh m\u01b0\u1ee3t m\u00e0 h\u01a1n.<\/p>\n\t\t\t\t<p class=\"mgb-small\">MONOLITH LAW OFFICE tin r\u1eb1ng lu\u1eadt ph\u00e1p k\u00edch th\u00edch s\u1ef1 ti\u1ebfn h\u00f3a c\u1ee7a lo\u00e0i ng\u01b0\u1eddi th\u00f4ng qua c\u00f4ng ngh\u1ec7 v\u00e0 x\u00e3 h\u1ed9i. <\/p>\n\t\t\t\t<p class=\"mgb-middle\">M\u1ee5c ti\u00eau cu\u1ed1i c\u00f9ng c\u1ee7a MONOLITH LAW OFFICE, l\u00e0 th\u00fac \u0111\u1ea9y s\u1ef1 ti\u1ebfn h\u00f3a c\u1ee7a IT, x\u00e3 h\u1ed9i, v\u00e0 lo\u00e0i ng\u01b0\u1eddi. <\/p>\n\t\t<\/div>\n\t<\/div>\n<\/section>\n<section class=\"orange-section\">\n\t<div class=\"anchor\" id=\"from-legal-advisor-to-it-specialized-lawyer\"><\/div>\n\t<div class=\"section-inner\">\n\t\t<div class=\"flex reverse\">\n\t\t\t<div class=\"width41\"><img decoding=\"async\" src=\"\/wp-content\/uploads\/2023\/06\/about_pic4.jpg\" alt=\"From \"><\/div>\n\t\t\t<div class=\"width51\">\n\t\t\t\t<h3>T\u1eeb C\u1ed1 V\u1ea5n Ph\u00e1p L\u00fd \u0111\u1ebfn Chuy\u00ean Gia Ph\u00e1p L\u00fd IT<\/h3>\n\t\t\t\t<p class=\"mgb-small\">MONOLITH LAW OFFICE kh\u1eb3ng \u0111\u1ecbnh \u01b0u th\u1ebf c\u1ee7a m\u00ecnh trong l\u0129nh v\u1ef1c &#8220;ph\u00e1p l\u00fd IT, ph\u00e1p l\u00fd Internet v\u00e0 ph\u00e1p l\u00fd kinh doanh&#8221;. Ch\u00fang t\u00f4i cung c\u1ea5p d\u1ecbch v\u1ee5 ph\u00e1p l\u00fd cho nhi\u1ec1u c\u00f4ng ty v\u1edbi tr\u1ecdng t\u00e2m l\u00e0 IT. Ch\u00fang t\u00f4i cung c\u1ea5p hai lo\u1ea1i d\u1ecbch v\u1ee5 ph\u00e1p l\u00fd ch\u00ednh.<\/p>\n\t\t\t\t<p class=\"mgb-small\">M\u1ed9t l\u00e0 d\u1ecbch v\u1ee5 d\u1ef1a tr\u00ean v\u1ecb tr\u00ed &#8220;T\u1ed5ng C\u1ed1 V\u1ea5n Ph\u00e1p L\u00fd&#8221; ho\u1eb7c &#8220;Gi\u00e1m \u0110\u1ed1c Ph\u00e1p L\u00fd&#8221; cho c\u00f4ng ty IT. V\u00ec ho\u1ea1t \u0111\u1ed9ng kinh doanh ch\u00ednh c\u1ee7a c\u00f4ng ty li\u00ean quan \u0111\u1ebfn IT, v\u0103n ph\u00f2ng c\u1ee7a ch\u00fang t\u00f4i \u0111\u01b0\u1ee3c ch\u1ecdn v\u00ec kh\u1ea3 n\u0103ng hi\u1ec3u bi\u1ebft c\u00f4ng ngh\u1ec7 IT v\u00e0 kinh doanh c\u1ee7a kh\u00e1ch h\u00e0ng.<\/p>\n\t\t\t\t<p class=\"mgb-small\">Th\u1ee9 hai l\u00e0 l\u00e0m vi\u1ec7c nh\u01b0 m\u1ed9t &#8220;chuy\u00ean gia ph\u00e1p l\u00fd IT\/Internet&#8221; cho c\u00e1c c\u00f4ng ty m\u00e0 IT kh\u00f4ng ph\u1ea3i l\u00e0 l\u0129nh v\u1ef1c kinh doanh c\u1ed1t l\u00f5i. M\u1eb7c d\u00f9 IT kh\u00f4ng ph\u1ea3i l\u00e0 tr\u1ecdng t\u00e2m c\u1ee7a c\u00e1c doanh nghi\u1ec7p nh\u01b0 t\u00e0i ch\u00ednh, b\u1ea5t \u0111\u1ed9ng s\u1ea3n v\u00e0 nh\u00e0 h\u00e0ng, ch\u00fang kh\u00f4ng th\u1ec3 t\u1ed3n t\u1ea1i m\u00e0 kh\u00f4ng c\u00f3 IT v\u00e0 Internet. Ch\u00fang t\u00f4i cung c\u1ea5p h\u1ed7 tr\u1ee3 t\u1eeb g\u00f3c \u0111\u1ed9 ph\u00e1p l\u00fd cho c\u00e1c c\u00f4ng ty trong ho\u1ea1t \u0111\u1ed9ng li\u00ean quan \u0111\u1ebfn IT v\u00e0 Internet c\u1ee7a h\u1ecd.<\/p>\n\t\t\t\t<p class=\"mgb-middle\">MONOLITH LAW OFFICE s\u1ebd l\u00e0m vi\u1ec7c c\u00f9ng b\u1ea1n \u1edf c\u00e1c v\u1ecb tr\u00ed kh\u00e1c nhau d\u1ef1a tr\u00ean chuy\u00ean m\u00f4n cao c\u1ee7a ch\u00fang t\u00f4i \u0111\u1ec3 h\u1ed7 tr\u1ee3 s\u1ef1 ph\u00e1t tri\u1ec3n c\u1ee7a c\u00f4ng ty b\u1ea1n.<\/p>\n\t\t\t\t<div class=\"btn-area\">\n\t\t\t\t\t<div class=\"btn icon-general-corporate\"><a href=\"\/vi\/services#general-corporate\">Doanh Nghi\u1ec7p Chung<\/a><\/div>\n\t\t\t\t\t<div class=\"btn icon-it\"><a href=\"\/vi\/services#it\">IT<\/a><\/div>\n\t\t\t\t<\/div>\n\t\t\t<\/div>\n\t\t<\/div>\n\t<\/div>\n<\/section>\n<section class=\"white-section\">\n\t<div class=\"anchor\" id=\"handling-cross-border-legal-matters\"><\/div>\n\t<div class=\"section-inner\">\n\t\t<div class=\"flex\">\n\t\t\t<div class=\"width41\"><img decoding=\"async\" src=\"\/wp-content\/uploads\/2023\/06\/about_pic5.jpg\" alt=\"Handling cross-border legal matters\"><\/div>\n\t\t\t<div class=\"width51\">\n\t\t\t\t<h3>X\u1eed l\u00fd c\u00e1c v\u1ea5n \u0111\u1ec1 ph\u00e1p l\u00fd xuy\u00ean bi\u00ean gi\u1edbi<\/h3>\n\t\t\t\t<p class=\"mgb-small\">Qu\u1ea3n l\u00fd c\u00e1c v\u1ea5n \u0111\u1ec1 ph\u00e1p l\u00fd xuy\u00ean bi\u00ean gi\u1edbi trong l\u0129nh v\u1ef1c IT v\u00e0 Internet l\u00e0 chuy\u00ean m\u00f4n c\u1ee7a ch\u00fang t\u00f4i. Khi to\u00e0n c\u1ea7u h\u00f3a v\u00e0 c\u00e1c ho\u1ea1t \u0111\u1ed9ng xuy\u00ean bi\u00ean gi\u1edbi ng\u00e0y c\u00e0ng tr\u1edf n\u00ean quan tr\u1ecdng, vi\u1ec7c c\u00f3 s\u1ef1 h\u1ed7 tr\u1ee3 ph\u00e1p l\u00fd th\u00edch h\u1ee3p tr\u1edf n\u00ean c\u1ef1c k\u1ef3 c\u1ea7n thi\u1ebft.<\/p>\n\t\t\t\t<p class=\"mgb-small\">Ch\u1eb3ng h\u1ea1n, khi m\u1ed9t c\u00f4ng ty Nh\u1eadt B\u1ea3n chuy\u00ean v\u1ec1 SaaS m\u1edf r\u1ed9ng ra th\u1ecb tr\u01b0\u1eddng qu\u1ed1c t\u1ebf, vi\u1ec7c tu\u00e2n th\u1ee7 c\u00e1c y\u00eau c\u1ea7u v\u00e0 quy \u0111\u1ecbnh ph\u00e1p l\u00fd \u0111\u1ecba ph\u01b0\u01a1ng tr\u1edf n\u00ean thi\u1ebft y\u1ebfu. T\u01b0\u01a1ng t\u1ef1, khi nh\u1eadn \u0111\u1ea7u t\u01b0 n\u01b0\u1edbc ngo\u00e0i, vi\u1ec7c h\u1ed7 tr\u1ee3 trong vi\u1ec7c so\u1ea1n th\u1ea3o v\u00e0 \u0111\u00e0m ph\u00e1n c\u00e1c th\u1ecfa thu\u1eadn \u0111\u1ea7u t\u01b0 c\u00f9ng c\u00e1c t\u00e0i li\u1ec7u ph\u00e1p l\u00fd li\u00ean quan l\u00e0 c\u1ea7n thi\u1ebft. Ng\u01b0\u1ee3c l\u1ea1i, \u0111\u1ed1i v\u1edbi c\u00e1c c\u00f4ng ty Nh\u1eadt B\u1ea3n tham gia v\u00e0o c\u00e1c th\u01b0\u01a1ng v\u1ee5 M&#038;A \u1edf n\u01b0\u1edbc ngo\u00e0i ho\u1eb7c m\u1edf r\u1ed9ng to\u00e0n c\u1ea7u, vi\u1ec7c hi\u1ec3u bi\u1ebft v\u1ec1 lu\u1eadt l\u1ec7 v\u00e0 quy \u0111\u1ecbnh \u0111\u1ecba ph\u01b0\u01a1ng l\u00e0 v\u00f4 c\u00f9ng quan tr\u1ecdng. H\u01a1n n\u1eefa, vi\u1ec7c v\u01b0\u1ee3t qua r\u00e0o c\u1ea3n ng\u00f4n ng\u1eef v\u00e0 v\u0103n h\u00f3a trong c\u00e1c tr\u01b0\u1eddng h\u1ee3p nh\u01b0 ti\u1ebfp th\u1ecb qua ng\u01b0\u1eddi \u1ea3nh h\u01b0\u1edfng v\u00e0 nhu c\u1ea7u \u0111\u1ebfn t\u1eeb b\u00ean ngo\u00e0i \u0111\u00f2i h\u1ecfi ph\u1ea3i gi\u1ea3i quy\u1ebft c\u00e1c v\u1ea5n \u0111\u1ec1 ph\u00e1p l\u00fd v\u00e0 h\u1ee3p \u0111\u1ed3ng \u0111\u1ecba ph\u01b0\u01a1ng.<\/p>\n\t\t\t\t<p class=\"mgb-middle\">V\u0103n ph\u00f2ng Lu\u1eadt s\u01b0 MONOLITH LAW OFFICE \u0111\u00e3 t\u0103ng c\u01b0\u1eddng n\u0103ng l\u1ef1c c\u1ee7a m\u00ecnh trong c\u00e1c l\u0129nh v\u1ef1c ph\u00e1p l\u00fd ti\u00ean ti\u1ebfn \u0111\u1ec3 \u0111\u00e1p \u1ee9ng nhu c\u1ea7u c\u1ee7a ho\u1ea1t \u0111\u1ed9ng xuy\u00ean bi\u00ean gi\u1edbi v\u00e0 to\u00e0n c\u1ea7u h\u00f3a. B\u1eb1ng c\u00e1ch k\u1ebft h\u1ee3p \u0111\u1ed9i ng\u0169 lu\u1eadt s\u01b0 c\u1ee7a ch\u00fang t\u00f4i v\u1edbi c\u00e1c k\u1ef9 s\u01b0 v\u00e0 chuy\u00ean gia kh\u00e1c, ch\u00fang t\u00f4i cung c\u1ea5p s\u1ef1 h\u1ed7 tr\u1ee3 to\u00e0n di\u1ec7n, t\u1eadn d\u1ee5ng ki\u1ebfn th\u1ee9c k\u1ef9 thu\u1eadt v\u00e0 chuy\u00ean m\u00f4n ph\u00e1p l\u00fd, cho vi\u1ec7c m\u1edf r\u1ed9ng qu\u1ed1c t\u1ebf v\u00e0 c\u00e1c n\u1ed7 l\u1ef1c kinh doanh to\u00e0n c\u1ea7u c\u1ee7a kh\u00e1ch h\u00e0ng.<\/p>\n\t\t\t\t<div class=\"btn-area\">\n\t\t\t\t\t<div class=\"btn icon-cross-border\"><a href=\"\/vi\/services#cross-border\">Qu\u1ed1c t\u1ebf<\/a><\/div>\n\t\t\t\t<\/div>\n\t\t\t<\/div>\n\t\t<\/div>\n\t<\/div>\n<\/section>\n<section class=\"purple-section\">\n\t<div class=\"anchor\" id=\"our-clients\"><\/div>\n\t<div class=\"section-inner\">\n\t\t<div class=\"flex reverse\">\n\t\t\t<div class=\"width41\"><img decoding=\"async\" src=\"\/wp-content\/uploads\/2019\/09\/beartail_kurosaki.jpg\" alt=\"Our Clients\"><\/div>\n\t\t\t<div class=\"width51\">\n\t\t\t\t<h3>Kh\u00e1ch h\u00e0ng c\u1ee7a ch\u00fang t\u00f4i<\/h3>\n\t\t\t\t<p class=\"mgb-small\">V\u0103n ph\u00f2ng lu\u1eadt s\u01b0 MONOLITH LAW OFFICE cung c\u1ea5p hai lo\u1ea1i d\u1ecbch v\u1ee5 ch\u00ednh. M\u1ed9t l\u00e0 \u0111\u00f3ng vai tr\u00f2 l\u00e0 c\u1ed1 v\u1ea5n ph\u00e1p l\u00fd chung ho\u1eb7c gi\u00e1m \u0111\u1ed1c ph\u00e1p l\u00fd c\u1ee7a m\u1ed9t c\u00f4ng ty IT v\u00e0 startup, x\u1eed l\u00fd c\u00e1c v\u1ea5n \u0111\u1ec1 ph\u00e1p l\u00fd t\u1ed5ng th\u1ec3 c\u1ee7a c\u00f4ng ty. Th\u1ee9 hai l\u00e0 \u0111\u00f3ng vai tr\u00f2 l\u00e0 &#8220;lu\u1eadt s\u01b0 IT v\u00e0 s\u1edf h\u1eefu tr\u00ed tu\u1ec7&#8221; cho c\u00e1c c\u00f4ng ty kh\u00e1c nhau, v\u00e0 x\u1eed l\u00fd c\u00e1c v\u1ea5n \u0111\u1ec1 ph\u00e1p l\u00fd IT v\u00e0 s\u1edf h\u1eefu tr\u00ed tu\u1ec7 c\u1ee7a c\u00f4ng ty.<\/p>\n\t\t\t\t<p class=\"mgb-small\">Ch\u00fang t\u00f4i \u0111\u00e3 nh\u1eadn \u0111\u01b0\u1ee3c nh\u1eefng th\u00f4ng \u0111i\u1ec7p sau t\u1eeb kh\u00e1ch h\u00e0ng c\u1ee7a ch\u00fang t\u00f4i:<\/p>\n\t\t\t\t<p class=\"mgb-small\">&#8220;\u0110\u00e1nh gi\u00e1 r\u1ee7i ro ph\u00e1p l\u00fd \u0111\u00f2i h\u1ecfi s\u1ef1 hi\u1ec3u bi\u1ebft v\u1ec1 c\u00f4ng ngh\u1ec7, v\u00e0 MONOLITH LAW OFFICE l\u00e0 chuy\u00ean gia trong l\u0129nh v\u1ef1c n\u00e0y.&#8221;<\/p>\n\t\t\t\t<p class=\"mgb-small\">&#8220;MONOLITH LAW OFFICE h\u1eefu \u00edch v\u00ec h\u1ecd l\u00e0m vi\u1ec7c c\u00f9ng ch\u00fang t\u00f4i \u0111\u1ec3 t\u00ecm ra &#8216;c\u00e1ch ki\u1ec3m so\u00e1t r\u1ee7i ro&#8217; t\u1eeb g\u00f3c \u0111\u1ed9 c\u1ee7a m\u1ed9t gi\u00e1m \u0111\u1ed1c c\u00f4ng ty.&#8221;<\/p>\n\t\t\t\t<p class=\"mgb-middle\">&#8220;MONOLITH LAW OFFICE v\u1eeba l\u00e0 m\u1ed9t v\u0103n ph\u00f2ng lu\u1eadt s\u01b0 v\u1eeba l\u00e0 m\u1ed9t t\u01b0 v\u1ea5n qu\u1ea3n l\u00fd. H\u1ecd cung c\u1ea5p c\u01a1 s\u1edf ph\u00e1p l\u00fd cho c\u00e1c l\u1eddi gi\u1ea3i th\u00edch c\u1ee7a h\u1ecd.&#8221;<\/p>\n\t\t\t\t\n\t\t<\/div>\n\t<\/div>\n<\/section>\n","protected":false},"excerpt":{"rendered":"<p>T\u1ed5ng quan v\u1ec1 V\u0103n ph\u00f2ng Lu\u1eadt s\u01b0 MONOLITH LAW OFFICE l\u00e0 m\u1ed9t v\u0103n ph\u00f2ng lu\u1eadt s\u01b0 c\u00f3 tr\u1ee5 s\u1edf t\u1ea1i Tokyo, Nh\u1eadt B\u1ea3n, chuy\u00ean v\u1ec1 l\u0129nh v\u1ef1c IT, Internet v\u00e0 Kinh doanh, bao g\u1ed3m c\u00e1c chuy\u00ean gia IT, trong \u0111\u00f3 c\u00f3 Lu\u1eadt s\u01b0 [&hellip;]<\/p>\n","protected":false},"author":1,"featured_media":56658,"parent":0,"menu_order":1,"comment_status":"closed","ping_status":"closed","template":"other-page-temp.php","meta":{"footnotes":""},"acf":[],"_links":{"self":[{"href":"https:\/\/monolith.law\/vi\/wp-json\/wp\/v2\/pages\/4096"}],"collection":[{"href":"https:\/\/monolith.law\/vi\/wp-json\/wp\/v2\/pages"}],"about":[{"href":"https:\/\/monolith.law\/vi\/wp-json\/wp\/v2\/types\/page"}],"author":[{"embeddable":true,"href":"https:\/\/monolith.law\/vi\/wp-json\/wp\/v2\/users\/1"}],"replies":[{"embeddable":true,"href":"https:\/\/monolith.law\/vi\/wp-json\/wp\/v2\/comments?post=4096"}],"version-history":[{"count":95,"href":"https:\/\/monolith.law\/vi\/wp-json\/wp\/v2\/pages\/4096\/revisions"}],"predecessor-version":[{"id":61166,"href":"https:\/\/monolith.law\/vi\/wp-json\/wp\/v2\/pages\/4096\/revisions\/61166"}],"wp:featuredmedia":[{"embeddable":true,"href":"https:\/\/monolith.law\/vi\/wp-json\/wp\/v2\/media\/56658"}],"wp:attachment":[{"href":"https:\/\/monolith.law\/vi\/wp-json\/wp\/v2\/media?parent=4096"}],"curies":[{"name":"wp","href":"https:\/\/api.w.org\/{rel}","templated":true}]}}