{"id":41151,"date":"2022-12-01T14:33:54","date_gmt":"2022-12-01T05:33:54","guid":{"rendered":"https:\/\/monolith.law\/?page_id=41151"},"modified":"2025-08-30T08:57:27","modified_gmt":"2025-08-29T23:57:27","slug":"home","status":"publish","type":"page","link":"https:\/\/monolith.law\/vi\/","title":{"rendered":"MONOLITH LAW OFFICE | Tokyo, Nh\u1eadt B\u1ea3n"},"content":{"rendered":"\n<p>\n<\/p>\n\n\n\n<section class=\"white-section front-top\" data-delighter=\"\">\n\t<div class=\"section-inner\">\n\t<div class=\"top-logo\">\n\t<div class=\"base\"><\/div>\n\t<img decoding=\"async\" src=\"\/wp-content\/themes\/monolith2021\/img\/top\/top_logo_m.svg\" alt=\"M\" class=\"top-logo-1\">\n\t<img decoding=\"async\" src=\"\/wp-content\/themes\/monolith2021\/img\/top\/top_logo_o.svg\" alt=\"O\" class=\"top-logo-2\">\n\t<img decoding=\"async\" src=\"\/wp-content\/themes\/monolith2021\/img\/top\/top_logo_n.svg\" alt=\"N\" class=\"top-logo-3\">\n\t<img decoding=\"async\" src=\"\/wp-content\/themes\/monolith2021\/img\/top\/top_logo_o.svg\" alt=\"O\" class=\"top-logo-4\">\n\t<img decoding=\"async\" src=\"\/wp-content\/themes\/monolith2021\/img\/top\/top_logo_l.svg\" alt=\"L\" class=\"top-logo-5\">\n\t<img decoding=\"async\" src=\"\/wp-content\/themes\/monolith2021\/img\/top\/top_logo_i.svg\" alt=\"I\" class=\"top-logo-6\">\n\t<img decoding=\"async\" src=\"\/wp-content\/themes\/monolith2021\/img\/top\/top_logo_t.svg\" alt=\"T\" class=\"top-logo-7\">\n\t<img decoding=\"async\" src=\"\/wp-content\/themes\/monolith2021\/img\/top\/top_logo_h.svg\" alt=\"H\" class=\"top-logo-8\">\n\t<\/div>\n\t<p class=\"text1\"><strong>IT ti\u1ebfn h\u00f3a<\/strong><\/p>\n\t<p class=\"text2\">Ng\u00e0y nay, IT \u0111ang n\u1eb1m \u1edf trung t\u00e2m c\u1ee7a ho\u1ea1t \u0111\u1ed9ng kinh doanh hi\u1ec7n \u0111\u1ea1i, <br class=\"sp-none\">nh\u01b0ng vi\u1ec7c s\u1eed d\u1ee5ng IT cho kinh doanh \u0111\u00f2i h\u1ecfi qu\u1ea3n l\u00fd r\u1ee7i ro ph\u00e1p l\u00fd.<br>T\u1ea1i MONOLITH LAW OFFICE, \u0111\u1ed9i ng\u0169 lu\u1eadt s\u01b0 v\u00e0 t\u01b0 v\u1ea5n IT c\u1ee7a ch\u00fang t\u00f4i l\u00e0m vi\u1ec7c c\u00f9ng nhau \u0111\u1ec3 gi\u1ea3i quy\u1ebft v\u1ea5n \u0111\u1ec1 c\u1ee7a kh\u00e1ch h\u00e0ng.<br class=\"sp-none\">S\u1ee9 m\u1ec7nh c\u1ee7a ch\u00fang t\u00f4i l\u00e0 kh\u01a1i ngu\u1ed3n s\u1ef1 \u0111\u1ed5i m\u1edbi IT v\u00e0 th\u00fac \u0111\u1ea9y s\u1ef1 ph\u00e1t tri\u1ec3n t\u1ea1i Nh\u1eadt B\u1ea3n, trao quy\u1ec1n cho doanh nghi\u1ec7p bay v\u00fat \u0111\u1ebfn \u0111\u1ed9 cao ch\u01b0a t\u1eebng c\u00f3.<\/p>\t\n\t<\/div>\n<\/section>\n<section class=\"white-section front-about\">\n\t<div class=\"section-inner\">\n\t<div class=\"text\">\n\t<p class=\"en\">V\u1ec0 MONOLITH LAW OFFICE<\/p>\n\t<h2>S\u1ee9 m\u1ec7nh c\u1ee7a ch\u00fang t\u00f4i nh\u01b0 m\u1ed9t chuy\u00ean gia ph\u00e1p l\u00fd v\u1edbi n\u1ec1n t\u1ea3ng k\u1ef9 thu\u1eadt IT.<\/h2>\n\t<p class=\"text\">MONOLITH LAW OFFICE l\u00e0 m\u1ed9t c\u00f4ng ty lu\u1eadt Nh\u1eadt B\u1ea3n c\u00f3 tr\u1ee5 s\u1edf t\u1ea1i Tokyo, cung c\u1ea5p d\u1ecbch v\u1ee5 ph\u00e1p l\u00fd IT cho nhi\u1ec1u c\u00f4ng ty.<br>Toki Kawase, lu\u1eadt s\u01b0 qu\u1ea3n l\u00fd c\u1ee7a ch\u00fang t\u00f4i, \u0111\u00e3 l\u00e0m vi\u1ec7c nh\u01b0 m\u1ed9t k\u1ef9 s\u01b0 IT t\u1ef1 do k\u1ec3 t\u1eeb khi anh \u1ea5y l\u00e0 sinh vi\u00ean \u0111\u1ea1i h\u1ecdc. Anh \u1ea5y c\u00f3 kinh nghi\u1ec7m th\u00e0nh l\u1eadp m\u1ed9t c\u00f4ng ty IT v\u00e0 c\u0169ng \u0111\u00e3 l\u00e0m vi\u1ec7c nh\u01b0 m\u1ed9t k\u1ef9 s\u01b0 IT. Toki \u0111\u00e3 ch\u1ee9ng ki\u1ebfn b\u1eb1ng m\u1eaft th\u1ea5y s\u1ef1 ph\u00e1t tri\u1ec3n \u0111\u00e1ng k\u1ec3 c\u1ee7a c\u00e1c startup v\u00e0 c\u00e1c c\u00f4ng ty kh\u00e1c th\u00f4ng qua IT, v\u00e0 c\u00e1c r\u1ee7i ro kh\u00e1c nhau li\u00ean quan trong qu\u00e1 tr\u00ecnh \u0111\u00f3. Anh \u1ea5y hi\u1ec3u r\u1eb1ng \u0111\u1ec3 IT ti\u1ebfp t\u1ee5c mang l\u1ea1i l\u1ee3i \u00edch l\u1edbn cho c\u00e1c c\u00f4ng ty trong t\u01b0\u01a1ng lai, c\u1ea7n ph\u1ea3i c\u00f3 m\u1ed9t g\u00f3c nh\u00ecn ph\u00e1p l\u00fd s\u00e1ng t\u1ea1o.<br>D\u1ef1a tr\u00ean kinh nghi\u1ec7m n\u00e0y, anh \u0111\u00e3 th\u00e0nh l\u1eadp MONOLITH LAW OFFICE, m\u1ed9t t\u1ed5 ch\u1ee9c c\u1ee7a c\u00e1c lu\u1eadt s\u01b0 chuy\u00ean m\u00f4n cao v\u00e0 c\u00e1c t\u01b0 v\u1ea5n IT \u0111\u1ec3 cung c\u1ea5p m\u1ed9t lo\u1ea1t c\u00e1c gi\u1ea3i ph\u00e1p.<\/p>\n\t<\/div>\n\t<div class=\"pic\"><img decoding=\"async\" src=\"\/wp-content\/themes\/monolith2021\/img\/top\/kawase_pic.png\" alt=\"Lu\u1eadt s\u01b0 s\u00e1ng l\u1eadp c\u1ee7a ch\u00fang t\u00f4i Toki Kawase\"><\/div>\n\t<\/div>\n<\/section>\n<section class=\"white-section front-numbers\">\n\t<div class=\"section-inner\">\n\t<p class=\"en\">S\u1ed0 LI\u1ec6U V\u1ec0 MONOLITH LAW OFFICE<\/p>\n\t<h2>Kinh nghi\u1ec7m c\u1ee7a ch\u00fang t\u00f4i nh\u01b0 m\u1ed9t v\u0103n ph\u00f2ng lu\u1eadt s\u01b0 c\u0169ng nh\u01b0 chuy\u00ean gia IT doanh nghi\u1ec7p.<\/h2>\n\t<div class=\"box-wrap\">\n\t<div class=\"sub-box\">\n\t\t<h3>Kh\u00e1ch h\u00e0ng<\/h3>\n\t\t<p class=\"code\">1855\n\t\t<p class=\"text\">Ch\u00fang t\u00f4i \u0111\u00e3 h\u1ed7 tr\u1ee3 nhi\u1ec1u lo\u1ea1i h\u00ecnh c\u00f4ng ty trong c\u00e1c ng\u00e0nh c\u00f4ng nghi\u1ec7p kh\u00e1c nhau. Kh\u00e1ch h\u00e0ng c\u1ee7a ch\u00fang t\u00f4i bao g\u1ed3m t\u1eeb c\u00e1c t\u1ed5 ch\u1ee9c h\u00e0ng \u0111\u1ea7u c\u1ee7a Nh\u1eadt B\u1ea3n \u0111\u1ebfn c\u00e1c c\u00f4ng ty v\u1eeba v\u00e0 nh\u1ecf. Ch\u00fang t\u00f4i cung c\u1ea5p c\u00e1c d\u1ecbch v\u1ee5 ph\u00f9 h\u1ee3p v\u1edbi nhu c\u1ea7u c\u1ee7a t\u1eebng kh\u00e1ch h\u00e0ng. <\/p>\n\t<\/div>\n\t<div class=\"sub-box\">\n\t\t<h3>Gi\u1ea3i ph\u00e1p IT \u0111\u1ed9c \u0111\u00e1o<\/h3>\n\t\t<p class=\"code\">7\n\t\t<p class=\"text\">Ch\u00fang t\u00f4i l\u00e0 m\u1ed9t nh\u00f3m chuy\u00ean v\u1ec1 IT doanh nghi\u1ec7p. MONOLITH LAW OFFICE l\u00e0 m\u1ed9t nh\u00f3m c\u00e1c lu\u1eadt s\u01b0 v\u00e0 t\u01b0 v\u1ea5n IT t\u00e0i n\u0103ng, t\u1eadn t\u00e2m t\u1ea1o ra c\u00e1c gi\u1ea3i ph\u00e1p t\u00f9y ch\u1ec9nh cho nhu c\u1ea7u c\u1ee5 th\u1ec3 c\u1ee7a b\u1ea1n.<\/p>\n\t<\/div>\n\t<div class=\"sub-box\">\n\t\t<h3>Lu\u1eadt s\u01b0<\/h3>\n\t\t<p class=\"code\">30\n\t\t<p class=\"text\">Y\u1ebfu t\u1ed1 quan tr\u1ecdng nh\u1ea5t trong vi\u1ec7c gi\u1ea3i quy\u1ebft c\u00e1c v\u1ea5n \u0111\u1ec1 IT l\u00e0 t\u1ed1c \u0111\u1ed9 ph\u1ea3n \u1ee9ng ban \u0111\u1ea7u. V\u0103n ph\u00f2ng lu\u1eadt s\u01b0 MONOLITH c\u00f3 nhi\u1ec1u lu\u1eadt s\u01b0 c\u00f3 th\u1ec3 \u0111\u00e1p \u1ee9ng m\u1ed9t lo\u1ea1t c\u00e1c t\u01b0 v\u1ea5n \u0111a d\u1ea1ng h\u00e0ng ng\u00e0y.<\/p>\n\t<\/div>\n\t<div class=\"sub-box\">\n\t\t<h3>T\u01b0 v\u1ea5n IT<\/h3>\n\t\t<p class=\"code\">16\n\t\t<p class=\"text\">Ch\u00fang t\u00f4i tin r\u1eb1ng t\u01b0 v\u1ea5n IT quan tr\u1ecdng kh\u00f4ng k\u00e9m g\u00ec lu\u1eadt s\u01b0 trong vi\u1ec7c theo k\u1ecbp c\u00f4ng ngh\u1ec7 kh\u00f4ng ng\u1eebng ph\u00e1t tri\u1ec3n v\u00e0 \u0111\u00e1p \u1ee9ng nh\u1eefng th\u00e1ch th\u1ee9c IT doanh nghi\u1ec7p ng\u00e0y c\u00e0ng ph\u1ee9c t\u1ea1p.<\/p>\n\t<\/div>\n\t<div class=\"sub-box\">\n\t<h3>Qu\u1ed1c gia \u0111\u01b0\u1ee3c h\u1ed7 tr\u1ee3<\/h3>\n\t\t<p class=\"code\">18\n\t\t<p class=\"text\">V\u0103n ph\u00f2ng lu\u1eadt s\u01b0 Nh\u1eadt B\u1ea3n v\u1edbi chuy\u00ean m\u00f4n v\u1ec1 c\u00e1c v\u1ea5n \u0111\u1ec1 xuy\u00ean qu\u1ed1c gia. Chuy\u00ean v\u1ec1 giao d\u1ecbch qu\u1ed1c t\u1ebf, ki\u1ec7n t\u1ee5ng v\u00e0 tu\u00e2n th\u1ee7 quy \u0111\u1ecbnh. Cung c\u1ea5p c\u00e1c gi\u1ea3i ph\u00e1p ph\u00f9 h\u1ee3p cho kh\u00e1ch h\u00e0ng to\u00e0n c\u1ea7u trong c\u00e1c v\u1ea5n \u0111\u1ec1 kinh doanh v\u00e0 ph\u00e1p l\u00fd.<\/p>\n\t<\/div>\n\t<div class=\"sub-box\">\n\t\t<h3>B\u00e0i vi\u1ebft chuy\u00ean s\u00e2u v\u1ec1 CNTT v\u00e0 ph\u00e1p l\u00fd<\/h3>\n\t\t<p class=\"code\">1021\n\t\t<p class=\"text\">Ch\u00fang t\u00f4i ph\u00e2n t\u00edch v\u00e0 gi\u1ea3i th\u00edch c\u00e1c nghi\u00ean c\u1ee9u tr\u01b0\u1eddng h\u1ee3p kh\u00e1c nhau trong l\u0129nh v\u1ef1c CNTT doanh nghi\u1ec7p tr\u00ean trang web &#8220;MONOLITH LAW MAGAZINE.&#8221; Ch\u00fang t\u00f4i li\u00ean t\u1ee5c nghi\u00ean c\u1ee9u c\u00e1c gi\u1ea3i ph\u00e1p ph\u00f9 h\u1ee3p cho nh\u1eefng th\u00e1ch th\u1ee9c ng\u00e0y c\u00e0ng ph\u1ee9c t\u1ea1p v\u00e0 \u0111a d\u1ea1ng trong l\u0129nh v\u1ef1c CNTT doanh nghi\u1ec7p.<\/p>\n\t<\/div>\n\t<\/div>\n\t<\/div>\n<\/section>\n<section class=\"front-service\">\n\t<div class=\"section-inner\">\n\t\t<p class=\"en\">D\u1ecaCH V\u1ee4 C\u1ee6A MONOLITH LAW OFFICE<\/p>\n\t\t<h2>Gi\u1ea3i ph\u00e1p c\u1ee7a ch\u00fang t\u00f4i cho c\u00e1c r\u1ee7i ro IT ph\u1ee9c t\u1ea1p.<\/h2>\n\t<\/div>\n\t<div class=\"front-service-field\">\n\t<div class=\"section-inner\">\n\t<h3><a href=\"\/vi\/services\">D\u1ecbch v\u1ee5<\/a><\/h3>\n\t<div class=\"box-wrap\">\n\t<div class=\"sub-box\">\n\t\t<h4>Doanh nghi\u1ec7p t\u1ed5ng h\u1ee3p<\/h4>\n\t\t<div class=\"icon\"><img decoding=\"async\" src=\"\/wp-content\/themes\/monolith_en\/img\/top\/service_general-corporate.svg\" alt=\"V\u1ea5n \u0111\u1ec1 ph\u00e1p l\u00fd doanh nghi\u1ec7p cho IT v\u00e0 c\u00e1c c\u00f4ng ty kh\u1edfi nghi\u1ec7p\"><\/div>\n\t\t<p>Ki\u1ebfn th\u1ee9c chuy\u00ean m\u00f4n v\u00e0 kinh nghi\u1ec7m l\u00e0 c\u1ef1c k\u1ef3 quan tr\u1ecdng \u0111\u1ec3 cung c\u1ea5p h\u1ed7 tr\u1ee3 ph\u00e1p l\u00fd ch\u00ednh x\u00e1c trong m\u00f4i tr\u01b0\u1eddng \u0111\u1ed9ng \u0111\u1eb7c tr\u01b0ng cho c\u00e1c c\u00f4ng ty IT v\u00e0 kh\u1edfi nghi\u1ec7p. V\u0103n ph\u00f2ng ch\u00fang t\u00f4i c\u00f3 nhi\u1ec1u chuy\u00ean gia trong ng\u00e0nh n\u00e0y v\u00e0 \u0111\u00e3 \u0111\u1ea3m nh\u1eadn vai tr\u00f2 c\u1ed1 v\u1ea5n ph\u00e1p l\u00fd cho 1087 c\u00f4ng ty, ch\u1ee7 y\u1ebfu l\u00e0 c\u00e1c c\u00f4ng ty IT, t\u1eeb c\u00e1c c\u00f4ng ty ni\u00eam y\u1ebft \u1edf S\u00e0n Giao d\u1ecbch Ch\u1ee9ng kho\u00e1n Tokyo Ph\u1ea7n Nh\u1ea5t \u0111\u1ebfn c\u00e1c Startup giai \u0111o\u1ea1n h\u1ea1t gi\u1ed1ng.<\/p>\n\t\t<div class=\"btn-more\"><a href=\"\/vi\/general-corporate\">Xem th\u00eam<\/a><\/div>\n\t<\/div>\n\t<div class=\"sub-box\">\n\t\t<h4>IT<\/h4>\n\t\t<div class=\"icon\"><img decoding=\"async\" src=\"\/wp-content\/themes\/monolith_en\/img\/top\/service_it.svg\" alt=\"V\u1ea5n \u0111\u1ec1 ph\u00e1p l\u00fd IT v\u00e0 s\u1edf h\u1eefu tr\u00ed tu\u1ec7 cho c\u00e1c c\u00f4ng ty kh\u00e1c nhau\"><\/div>\n\t\t<p>Ng\u00e0y nay, t\u1ea5t c\u1ea3 c\u00e1c c\u00f4ng ty, b\u1ea5t k\u1ec3 l\u0129nh v\u1ef1c kinh doanh hay quy m\u00f4 doanh nghi\u1ec7p, \u0111\u1ec1u li\u00ean quan \u0111\u1ebfn IT trong ho\u1ea1t \u0111\u1ed9ng kinh doanh c\u1ee7a m\u00ecnh. Ch\u00fang t\u00f4i c\u00f3 th\u1ec3 \u0111\u00f3ng vai tr\u00f2 l\u00e0 &#8220;lu\u1eadt s\u01b0 chuy\u00ean v\u1ec1 l\u0129nh v\u1ef1c IT v\u00e0 s\u1edf h\u1eefu tr\u00ed tu\u1ec7&#8221; cho c\u00e1c c\u00f4ng ty \u0111\u00e3 c\u00f3 c\u1ed1 v\u1ea5n ph\u00e1p l\u00fd ch\u00ednh, ho\u1eb7c ngay c\u1ea3 cho c\u00e1c c\u00f4ng ty m\u00e0 kinh doanh ch\u00ednh kh\u00f4ng ph\u1ea3i l\u00e0 IT.<\/p>\n\t\t<div class=\"btn-more\"><a href=\"\/vi\/it\">Xem th\u00eam<\/a><\/div>\n\t<\/div>\n\t<div class=\"sub-box\">\n\t\t<h4>Qu\u1ed1c t\u1ebf<\/h4>\n\t\t<div class=\"icon\"><img decoding=\"async\" src=\"\/wp-content\/themes\/monolith_en\/img\/top\/service_cross-border.svg\" alt=\"V\u1ea5n \u0111\u1ec1 ph\u00e1p l\u00fd qu\u1ed1c t\u1ebf\"><\/div>\n\t\t<p>Ch\u00fang t\u00f4i ch\u1ee7 y\u1ebfu t\u1eadp trung cung c\u1ea5p d\u1ecbch v\u1ee5 ph\u00e1p l\u00fd to\u00e0n di\u1ec7n cho c\u00e1c c\u00f4ng ty IT Nh\u1eadt B\u1ea3n khi ti\u1ebfn v\u00e0o th\u1ecb tr\u01b0\u1eddng qu\u1ed1c t\u1ebf. Ch\u00fang t\u00f4i c\u0169ng cung c\u1ea5p h\u1ed7 tr\u1ee3 ph\u00e1p l\u00fd chuy\u00ean nghi\u1ec7p cho c\u00e1c c\u00f4ng ty IT n\u01b0\u1edbc ngo\u00e0i t\u1ea1i Nh\u1eadt B\u1ea3n. V\u0103n ph\u00f2ng ch\u00fang t\u00f4i bao g\u1ed3m c\u00e1c lu\u1eadt s\u01b0 c\u00f3 gi\u1ea5y ph\u00e9p h\u00e0nh ngh\u1ec1 t\u1eeb nhi\u1ec1u qu\u1ed1c gia v\u00e0 khu v\u1ef1c kh\u00e1c nhau \u0111\u1ec3 h\u1ed7 tr\u1ee3 hi\u1ec7u qu\u1ea3 c\u00e1c giao d\u1ecbch xuy\u00ean bi\u00ean gi\u1edbi.<\/p>\n\t\t<div class=\"btn-more\"><a href=\"\/vi\/cross-border\">Xem th\u00eam<\/a><\/div>\n\t<\/div>\n\t<div class=\"sub-box\">\n\t\t<h4>Internet<\/h4>\n\t\t<div class=\"icon\"><img decoding=\"async\" src=\"\/wp-content\/themes\/monolith_en\/img\/top\/service_internet.svg\" alt=\"Marketing \u1ea3nh h\u01b0\u1edfng\"><\/div>\n\t\t<p>V\u1edbi chuy\u00ean m\u00f4n v\u1ec1 lu\u1eadt internet, ch\u00fang t\u00f4i cung c\u1ea5p h\u1ed7 tr\u1ee3 ph\u00e1p l\u00fd to\u00e0n di\u1ec7n cho c\u00e1c doanh nh\u00e2n internet, bao g\u1ed3m c\u00e1c YouTuber v\u00e0 c\u00f4ng ty s\u1eed d\u1ee5ng SNS. Ch\u00fang t\u00f4i chuy\u00ean gi\u1ea3i quy\u1ebft tranh ch\u1ea5p tr\u1ef1c tuy\u1ebfn, lo\u1ea1i b\u1ecf trang web ti\u00eau c\u1ef1c v\u00e0 qu\u1ea3n l\u00fd danh ti\u1ebfng tr\u1ef1c tuy\u1ebfn. H\u00e3y tham kh\u1ea3o \u00fd ki\u1ebfn c\u1ee7a c\u00e1c lu\u1eadt s\u01b0 c\u00f3 t\u01b0 c\u00e1ch \u0111\u1ec3 t\u00ecm gi\u1ea3i ph\u00e1p hi\u1ec7u qu\u1ea3 cho internet.<\/p>\n\t\t<div class=\"btn-more\"><a href=\"\/vi\/internet\">Xem th\u00eam<\/a><\/div>\n\t<\/div>\n\t<\/div>\n\t<\/div>\n\t<\/div>\n\t<div class=\"front-service-example\">\n\t<div class=\"section-inner\">\n\t<p>V\u00ed d\u1ee5<\/p>\n\t<ul class=\"clearfix\">\n\t\t<li>\n\t\t\t<div class=\"icon\"><a href=\"\/vi\/system-development\/\"><img decoding=\"async\" src=\"\/wp-content\/themes\/monolith_en\/img\/top\/service_ex_system-development.svg\" alt=\"Ph\u00e1t tri\u1ec3n h\u1ec7 th\u1ed1ng\"><\/a><\/div>\n\t\t\t<p>Ph\u00e1t tri\u1ec3n<br>H\u1ec7 th\u1ed1ng<\/p>\n\t\t<\/li>\n\t\t<li>\n\t\t\t<div class=\"icon\"><a href=\"\/vi\/crypto-asset-and-blockchain\/\"><img decoding=\"async\" src=\"\/wp-content\/themes\/monolith_en\/img\/top\/service_ex_crypto-asset-and-blockchain.svg\" alt=\"T\u00e0i s\u1ea3n m\u00e3 h\u00f3a v\u00e0 Blockchain\"><\/a><\/div>\n\t\t\t<p>T\u00e0i s\u1ea3n m\u00e3 h\u00f3a<br>v\u00e0 Blockchain<\/p>\n\t\t<\/li>\n\t\t<li>\n\t\t\t<div class=\"icon\"><a href=\"\/vi\/ai\/\"><img decoding=\"async\" src=\"\/wp-content\/themes\/monolith_en\/img\/top\/service_ex_ai.svg\" alt=\"ai\"><\/a><\/div>\n\t\t\t<p>AI<br>(ChatGPT, v.v.)<\/p>\n\t\t<\/li>\n\t\t<li>\n\t\t\t<div class=\"icon\"><a href=\"\/vi\/advertisement-review\/\"><img decoding=\"async\" src=\"\/wp-content\/themes\/monolith_en\/img\/top\/service_ex_advertisement-review.svg\" alt=\"\u0110\u00e1nh gi\u00e1 qu\u1ea3ng c\u00e1o\"><\/a><\/div>\n\t\t\t<p>\u0110\u00e1nh gi\u00e1<br>Qu\u1ea3ng c\u00e1o<\/p>\n\t\t<\/li>\n\t\t<li>\n\t\t\t<div class=\"icon\"><a href=\"\/vi\/mitigating-reputational-damage\/\"><img decoding=\"async\" src=\"\/wp-content\/themes\/monolith_en\/img\/top\/service_ex_mitigating-reputational-damage.svg\" alt=\"Gi\u1ea3m thi\u1ec3u t\u1ed5n th\u1ea5t danh ti\u1ebfng\"><\/a><\/div>\n\t\t\t<p>Gi\u1ea3m thi\u1ec3u<br>T\u1ed5n th\u1ea5t<br>Danh ti\u1ebfng<\/p>\n\t\t<\/li>\n\t<\/ul>\n\t<\/div>\n\t<\/div>\n<\/section>\n<section class=\"white-section front-client\">\n\t<div class=\"section-inner\">\n\t\t<h2>KH\u00c1CH H\u00c0NG<\/h2>\n\t\t<ul>\n\t\t\t<li><img src=\"https:\/\/monolith.law\/vi\/wp-content\/themes\/monolith_vi\/img\/clients\/logo_01.png\"><\/li>\n\t\t\t<li><img src=\"https:\/\/monolith.law\/vi\/wp-content\/themes\/monolith_vi\/img\/clients\/logo_02.png\"><\/li>\n\t\t\t<li><img src=\"https:\/\/monolith.law\/vi\/wp-content\/themes\/monolith_vi\/img\/clients\/logo_03.png\"><\/li>\n\t\t\t<li><img src=\"https:\/\/monolith.law\/vi\/wp-content\/themes\/monolith_vi\/img\/clients\/logo_04.png\"><\/li>\n\t\t\t<li><img src=\"https:\/\/monolith.law\/vi\/wp-content\/themes\/monolith_vi\/img\/clients\/logo_05.png\"><\/li>\n\t\t\t<li><img src=\"https:\/\/monolith.law\/vi\/wp-content\/themes\/monolith_vi\/img\/clients\/logo_06.png\"><\/li>\n\t\t\t<li><img src=\"https:\/\/monolith.law\/vi\/wp-content\/themes\/monolith_vi\/img\/clients\/logo_07.png\"><\/li>\n\t\t\t<li><img src=\"https:\/\/monolith.law\/vi\/wp-content\/themes\/monolith_vi\/img\/clients\/logo_08.png\"><\/li>\n\t\t\t<li><img src=\"https:\/\/monolith.law\/vi\/wp-content\/themes\/monolith_vi\/img\/clients\/logo_09.png\"><\/li>\n\t\t\t<li><img src=\"https:\/\/monolith.law\/vi\/wp-content\/themes\/monolith_vi\/img\/clients\/logo_10.png\"><\/li>\n\t\t\t<li><img src=\"https:\/\/monolith.law\/vi\/wp-content\/themes\/monolith_vi\/img\/clients\/logo_11.png\"><\/li>\n\t\t\t<li><img src=\"https:\/\/monolith.law\/vi\/wp-content\/themes\/monolith_vi\/img\/clients\/logo_12.png\"><\/li>\n\t\t\t<li><img src=\"https:\/\/monolith.law\/vi\/wp-content\/themes\/monolith_vi\/img\/clients\/logo_13.png\"><\/li>\n\t\t\t<li><img src=\"https:\/\/monolith.law\/vi\/wp-content\/themes\/monolith_vi\/img\/clients\/logo_14.png\"><\/li>\n\t\t\t<li><img src=\"https:\/\/monolith.law\/vi\/wp-content\/themes\/monolith_vi\/img\/clients\/logo_15.png\"><\/li>\n\t\t<\/ul>\n\t\t<!--<div class=\"btn-more\"><a href=\"https:\/\/monolith.law\/vi\/clients\">See More<\/a><\/div>-->\n\t<\/div>\n<\/section>\n<section class=\"white-section front-news\">\n    <div class=\"section-inner\">\n        <h2>TIN T\u1ee8C [en]<\/h2>\n        <div>\n                        <ul>\n                                                    <li><span class=\"date\">2026.04.01<\/span><span class=\"category news-category-2\">NEWS<\/span><span class=\"subject\">Attorney Shota Akiyama has joined the firm.<\/span><\/li>\n                                                                <li><span class=\"date\">2026.03.26<\/span><span class=\"category news-category-2\">NEWS<\/span><span class=\"subject\">Attorneys Miki Takatsuki, Toko Takayanagi, Mizuki Kobayashi, Ryo Watanabe, and Shuto Ishimura have joined our firm.<\/span><\/li>\n                                                                <li><span class=\"date\">2025.05.08<\/span><span class=\"category news-category-2\">NEWS<\/span><span class=\"subject\">Monolith Law Office has been selected as a finalist for the Rising Law Firm of the Year category of the ALB Japan Law Awards, hosted by Asian Legal Business, an international law firm evaluation organization.<\/span><\/li>\n                                                                <li><span class=\"date\">2025.04.01<\/span><span class=\"category news-category-2\">NEWS<\/span><span class=\"subject\">Attorney Keita Yokoyama has joined the firm.<\/span><\/li>\n                                                                <li><span class=\"date\">2025.03.27<\/span><span class=\"category news-category-2\">NEWS<\/span><span class=\"subject\">Attorneys Yusuke Mizutani, Ryusei Juman, Mizuki Koyama, and Yusuke Muto have joined the firm.<\/span><\/li>\n                                                                <li><span class=\"date\">2024.06.12<\/span><span class=\"category news-category-2\">NEWS<\/span><span class=\"subject\">Attorney Akira Yoshida has joined the firm.<\/span><\/li>\n                                                            <\/ul>\n            <div class=\"btn-more\"><a href=\"\/en\/news\/\">Xem th\u00eam [en]<\/a><\/div>\n        <\/div>\n    <\/div>\n<\/section>\n<section class=\"white-section front-banner\">\n<div class=\"section-inner\">\n<div class=\"banner-slider\">\n<div><a href=\"\/vi\/cross-border\"><img decoding=\"async\" src=\"\/wp-content\/themes\/monolith_en\/img\/top\/banner_crossborder.png\" alt=\"Qu\u1ed1c t\u1ebf\"><\/a><\/div>\n<div><a href=\"\/en\/job-openings\"><img decoding=\"async\" src=\"\/wp-content\/themes\/monolith_en\/img\/top\/banner_jobopenings.png\" alt=\"C\u01a1 h\u1ed9i ngh\u1ec1 nghi\u1ec7p\"><\/a><\/div>\n<div><a href=\"https:\/\/www.linkedin.com\/company\/monolith-law-office\/\" target=\"\u201d_blank\u201d\" rel=\"noopener\"><img decoding=\"async\" src=\"\/wp-content\/themes\/monolith_en\/img\/top\/banner_linkedin.png\" alt=\"LinkedIn\"><\/a><\/div>\n<div><a href=\"\/vi\/article\"><img decoding=\"async\" src=\"\/wp-content\/themes\/monolith_en\/img\/top\/banner_monolithlawmagazine.svg\" alt=\"T\u1ea1p ch\u00ed MONOLITH LAW\"><\/a><\/div>\n<\/div>\n<\/div>\n<\/section>\n","protected":false},"excerpt":{"rendered":"<p>IT ti\u1ebfn h\u00f3a Ng\u00e0y nay, IT \u0111ang n\u1eb1m \u1edf trung t\u00e2m c\u1ee7a ho\u1ea1t \u0111\u1ed9ng kinh doanh hi\u1ec7n \u0111\u1ea1i, nh\u01b0ng vi\u1ec7c s\u1eed d\u1ee5ng IT cho kinh doanh \u0111\u00f2i h\u1ecfi qu\u1ea3n l\u00fd r\u1ee7i ro ph\u00e1p l\u00fd.T\u1ea1i MONOLITH LAW OFFICE, \u0111\u1ed9i ng\u0169 lu\u1eadt s\u01b0 v\u00e0 t\u01b0 v\u1ea5n  [&hellip;]<\/p>\n","protected":false},"author":1,"featured_media":56656,"parent":0,"menu_order":0,"comment_status":"closed","ping_status":"closed","template":"front-page-temp.php","meta":{"footnotes":""},"acf":[],"_links":{"self":[{"href":"https:\/\/monolith.law\/vi\/wp-json\/wp\/v2\/pages\/41151"}],"collection":[{"href":"https:\/\/monolith.law\/vi\/wp-json\/wp\/v2\/pages"}],"about":[{"href":"https:\/\/monolith.law\/vi\/wp-json\/wp\/v2\/types\/page"}],"author":[{"embeddable":true,"href":"https:\/\/monolith.law\/vi\/wp-json\/wp\/v2\/users\/1"}],"replies":[{"embeddable":true,"href":"https:\/\/monolith.law\/vi\/wp-json\/wp\/v2\/comments?post=41151"}],"version-history":[{"count":125,"href":"https:\/\/monolith.law\/vi\/wp-json\/wp\/v2\/pages\/41151\/revisions"}],"predecessor-version":[{"id":71246,"href":"https:\/\/monolith.law\/vi\/wp-json\/wp\/v2\/pages\/41151\/revisions\/71246"}],"wp:featuredmedia":[{"embeddable":true,"href":"https:\/\/monolith.law\/vi\/wp-json\/wp\/v2\/media\/56656"}],"wp:attachment":[{"href":"https:\/\/monolith.law\/vi\/wp-json\/wp\/v2\/media?parent=41151"}],"curies":[{"name":"wp","href":"https:\/\/api.w.org\/{rel}","templated":true}]}}