{"id":4213,"date":"2019-08-29T04:28:26","date_gmt":"2019-08-28T19:28:26","guid":{"rendered":"https:\/\/monolith.law\/?page_id=4213"},"modified":"2023-12-05T15:15:06","modified_gmt":"2023-12-05T06:15:06","slug":"services","status":"publish","type":"page","link":"https:\/\/monolith.law\/vi\/services","title":{"rendered":"D\u1ecbch v\u1ee5"},"content":{"rendered":"\n<section class=\"heading-area\">\n\t<div class=\"heading-area-inner\">\n\t\t<h2 class=\"icon-services\">D\u1ecbch v\u1ee5<\/h2>\n\t\t<p>V\u1edbi b\u1ed1i c\u1ea3nh lu\u1eadt s\u01b0 qu\u1ea3n l\u00fd c\u1ee7a ch\u00fang t\u00f4i t\u1eebng l\u00e0 k\u1ef9 s\u01b0 IT v\u00e0 c\u00f3 kinh nghi\u1ec7m qu\u1ea3n l\u00fd c\u00e1c c\u00f4ng ty IT, MONOLITH LAW OFFICE \u0111\u1ee9ng \u0111\u1ea7u nh\u01b0 m\u1ed9t c\u00f4ng ty lu\u1eadt h\u00e0ng \u0111\u1ea7u t\u1ea1i Nh\u1eadt B\u1ea3n chuy\u00ean v\u1ec1 IT, kinh doanh v\u00e0 Internet. T\u1ed5 ch\u1ee9c to\u00e0n c\u1ea7u c\u1ee7a ch\u00fang t\u00f4i cho ph\u00e9p ch\u00fang t\u00f4i cung c\u1ea5p c\u00e1c d\u1ecbch v\u1ee5 ph\u00e1p l\u00fd chuy\u00ean s\u00e2u trong nh\u1eefng l\u0129nh v\u1ef1c n\u00e0y.<\/p>\n\t<\/div>\n<\/section>\n<section class=\"second-nav\">\n\t<div class=\"second-nav-inner\">\n\t\t<p>CH\u1ee6 \u0110\u1ec0<\/p>\n\t\t<nav>\n\t\t\t<ul>\n\t\t\t\t<li><a href=\"#general-corporate\">Doanh nghi\u1ec7p T\u1ed5ng qu\u00e1t<\/a><\/li>\n\t\t\t\t<li><a href=\"#it\">IT<\/a><\/li>\n\t\t\t\t<li><a href=\"#cross-border\">Qu\u1ed1c t\u1ebf<\/a><\/li>\n\t\t\t\t<li><a href=\"#internet\">Internet<\/a><\/li>\n\t\t\t<\/ul>\n\t\t<\/nav>\n\t<\/div>\n<\/section>\n<section class=\"white-section\">\n\t<div class=\"anchor\" id=\"general-corporate\"><\/div>\n\t<div class=\"section-inner pdb0\">\n\t\t<div class=\"flex\">\n\t\t\t<div class=\"width41\"><img decoding=\"async\" src=\"\/wp-content\/themes\/monolith2021\/img\/pic\/pic_practices-corporate.jpg\" alt=\"Doanh nghi\u1ec7p T\u1ed5ng qu\u00e1t\"><\/div>\n\t\t\t<div class=\"width51\">\n\t\t\t\t<div class=\"inline-inner\">\n\t\t\t\t\t<h3>Ph\u00e1p Lu\u1eadt Doanh Nghi\u1ec7p Chung<\/h3>\n\t\t\t\t\t<p>\u0110\u1ec3 cung c\u1ea5p h\u1ed7 tr\u1ee3 ph\u00e1p l\u00fd ch\u00ednh x\u00e1c trong m\u00f4i tr\u01b0\u1eddng nhanh ch\u00f3ng c\u1ee7a ng\u00e0nh IT v\u00e0 kinh doanh startup, vi\u1ec7c c\u00f3 ki\u1ebfn th\u1ee9c chuy\u00ean m\u00f4n v\u00e0 kinh nghi\u1ec7m l\u00e0 r\u1ea5t quan tr\u1ecdng. V\u0103n ph\u00f2ng lu\u1eadt s\u01b0 MONOLITH LAW OFFICE c\u1ee7a ch\u00fang t\u00f4i c\u00f3 nhi\u1ec1u chuy\u00ean gia trong l\u0129nh v\u1ef1c n\u00e0y v\u00e0 ch\u00fang t\u00f4i \u0111\u00e3 c\u00f3 kinh nghi\u1ec7m ph\u1ee5c v\u1ee5 nh\u01b0 c\u1ed1 v\u1ea5n ph\u00e1p l\u00fd (bao g\u1ed3m c\u00e1c h\u1ee3p \u0111\u1ed3ng kh\u00e1c nhau cho gi\u00e1m \u0111\u1ed1c, gi\u00e1m \u0111\u1ed1c \u0111i\u1ec1u h\u00e0nh, v.v.) cho 1087 c\u00f4ng ty, ch\u1ee7 y\u1ebfu l\u00e0 c\u00e1c c\u00f4ng ty IT, t\u1eeb c\u00e1c c\u00f4ng ty h\u00e0ng \u0111\u1ea7u \u0111\u1ebfn c\u00e1c c\u00f4ng ty startup giai \u0111o\u1ea1n \u0111\u1ea7u \u1edf Nh\u1eadt B\u1ea3n.<\/p>\n\t\t\t\t<\/div>\n\t\t\t<\/div>\n\t\t<\/div>\n\t<\/div>\n<\/section>\n<section class=\"white-section\">\n\t<div class=\"section-inner\">\n\t\t<ol class=\"practices-list mgb-big\">\n\t\t\t<li>\n\t\t\t\t<h4><img decoding=\"async\" src=\"\/wp-content\/themes\/monolith_en\/img\/practices\/practices_1_1.svg\" alt=\"1.Ph\u00e1p Lu\u1eadt Doanh Nghi\u1ec7p Kh\u1edfi Nghi\u1ec7p\"><\/h4>\n\t\t\t\t<img decoding=\"async\" src=\"\/wp-content\/themes\/monolith2021\/img\/practices\/practices_1_1_pic.png\" alt=\"Ph\u00e1p Lu\u1eadt Doanh Nghi\u1ec7p Kh\u1edfi Nghi\u1ec7p\">\n\t\t\t\t<p>Ch\u00fang t\u00f4i c\u00f3 kinh nghi\u1ec7m r\u1ed9ng l\u1edbn trong c\u00e1c v\u1ea5n \u0111\u1ec1 ph\u00e1p l\u00fd li\u00ean quan \u0111\u1ebfn kinh doanh v\u00e0 v\u1ed1n, bao g\u1ed3m t\u00e0i ch\u00ednh, chuy\u1ec3n nh\u01b0\u1ee3ng doanh nghi\u1ec7p v\u00e0 mua l\u1ea1i.<\/p>\n\t\t\t<\/li>\n\t\t\t<li>\n\t\t\t\t<h4><img decoding=\"async\" src=\"\/wp-content\/themes\/monolith_en\/img\/practices\/practices_1_2.svg\" alt=\"2.Ph\u00e1p Lu\u1eadt IT v\u00e0 S\u1edf H\u1eefu Tr\u00ed Tu\u1ec7\"><\/h4>\n\t\t\t\t<img decoding=\"async\" src=\"\/wp-content\/themes\/monolith2021\/img\/practices\/practices_1_2_pic.png\" alt=\"Ph\u00e1p Lu\u1eadt IT v\u00e0 S\u1edf H\u1eefu Tr\u00ed Tu\u1ec7\">\n\t\t\t\t<p>Toki Kawase, Lu\u1eadt s\u01b0 \u0110\u1ea1i di\u1ec7n c\u1ee7a ch\u00fang t\u00f4i v\u1edbi kinh nghi\u1ec7m l\u00e0 k\u1ef9 s\u01b0 tr\u01b0\u1edbc \u0111\u00e2y, s\u1ebd hi\u1ec3u s\u00e2u v\u1ec1 s\u1ea3n ph\u1ea9m c\u1ee7a c\u00f4ng ty b\u1ea1n, \u0111\u00f4i khi th\u1eadm ch\u00ed b\u1eb1ng c\u00e1ch tr\u1ef1c ti\u1ebfp \u0111\u1ecdc m\u00e3 ngu\u1ed3n.<\/p>\n\t\t\t<\/li>\n\t\t\t<li>\n\t\t\t\t<h4><img decoding=\"async\" src=\"\/wp-content\/themes\/monolith_en\/img\/practices\/practices_1_3.svg\" alt=\"3.T\u1ed1c \u0110\u1ed9\"><\/h4>\n\t\t\t\t<img decoding=\"async\" src=\"\/wp-content\/themes\/monolith2021\/img\/practices\/practices_1_3_pic.png\" alt=\"T\u1ed1c \u0110\u1ed9\">\n\t\t\t\t<p>Ch\u00fang t\u00f4i hi\u1ec3u t\u1ea7m quan tr\u1ecdng c\u1ee7a vi\u1ec7c ph\u1ea3n h\u1ed3i nhanh ch\u00f3ng \u0111\u1ed1i v\u1edbi doanh nghi\u1ec7p v\u00e0 c\u00f4ng ty c\u1ee7a b\u1ea1n. Theo quy t\u1eafc chung, ch\u00fang t\u00f4i ph\u1ea3n h\u1ed3i trong v\u00f2ng m\u1ed9t ng\u00e0y l\u00e0m vi\u1ec7c.<\/p>\n\t\t\t<\/li>\n\t\t\t<li>\n\t\t\t\t<h4><img decoding=\"async\" src=\"\/wp-content\/themes\/monolith_en\/img\/practices\/practices_1_4.svg\" alt=\"4.Ph\u00e1p Lu\u1eadt C\u1ee7a Doanh Nghi\u1ec7p V\u1eeba v\u00e0 Nh\u1ecf\"><\/h4>\n\t\t\t\t<img decoding=\"async\" src=\"\/wp-content\/themes\/monolith2021\/img\/practices\/practices_1_4_pic.png\" alt=\"Ph\u00e1p Lu\u1eadt C\u1ee7a Doanh Nghi\u1ec7p V\u1eeba v\u00e0 Nh\u1ecf\">\n\t\t\t\t<p>V\u1edbi kinh nghi\u1ec7m qu\u1ea3n l\u00fd doanh nghi\u1ec7p c\u1ee7a lu\u1eadt s\u01b0 s\u00e1ng l\u1eadp, \u00f4ng hi\u1ec3u t\u1eeb kinh nghi\u1ec7m nh\u1eefng kh\u00f3 kh\u0103n c\u1ee7a vi\u1ec7c qu\u1ea3n l\u00fd.<\/p>\n\t\t\t<\/li>\n\t\t<\/ol>\n\t\t<div class=\"btn-area\">\n\t\t\t<div class=\"btn icon-general-corporate\"><a href=\"\/vi\/general-corporate\">Ph\u00e1p Lu\u1eadt Doanh Nghi\u1ec7p Chung<\/a><\/div>\n\t\t<\/div>\n\t<\/div>\n<\/section>\n<section class=\"purple-section\">\n\t<div class=\"anchor\" id=\"it\"><\/div>\n\t<div class=\"section-inner\">\n\t\t<div class=\"flex mgb-middle\">\n\t\t\t<div class=\"width41\"><img decoding=\"async\" src=\"\/wp-content\/themes\/monolith2021\/img\/pic\/pic_practices-itlaw.jpg\" alt=\"IT\"><\/div>\n\t\t\t<div class=\"width51\">\n\t\t\t\t<div class=\"inline-inner\">\n\t\t\t\t\t<h3>IT<\/h3>\n\t\t\t\t\t<p class=\" mgb-middle\">\u0110\u1ed1i v\u1edbi c\u00e1c lu\u1eadt s\u01b0 c\u1ee7a c\u00e1c c\u00f4ng ty IT, vi\u1ec7c hi\u1ec3u bi\u1ebft v\u1ec1 c\u00f4ng ngh\u1ec7 v\u00e0 ho\u1ea1t \u0111\u1ed9ng li\u00ean quan \u0111\u1ebfn IT v\u00e0 s\u1edf h\u1eefu tr\u00ed tu\u1ec7 trong kinh doanh h\u00e0ng ng\u00e0y c\u1ee7a c\u00f4ng ty l\u00e0 r\u1ea5t quan tr\u1ecdng. <br>MONOLITH LAW OFFICE ho\u1ea1t \u0111\u1ed9ng nh\u01b0 m\u1ed9t c\u1ed1 v\u1ea5n ph\u00e1p l\u00fd v\u00e0 gi\u00e1m \u0111\u1ed1c ph\u00e1p l\u00fd cho c\u00e1c c\u00f4ng ty IT, x\u1eed l\u00fd c\u00e1c v\u1ea5n \u0111\u1ec1 ph\u00e1p l\u00fd li\u00ean quan \u0111\u1ebfn IT chuy\u00ean s\u00e2u v\u00e0 ph\u1ee9c t\u1ea1p,<br>nh\u01b0 ph\u00e1t tri\u1ec3n h\u1ec7 th\u1ed1ng, b\u1ea3o tr\u00ec \u0111i\u1ec1u kho\u1ea3n s\u1eed d\u1ee5ng cho \u1ee9ng d\u1ee5ng v\u00e0 d\u1ecbch v\u1ee5, qu\u1ea3n l\u00fd truy\u1ec1n th\u00f4ng, ho\u1ea1t \u0111\u1ed9ng ti\u1ebfp th\u1ecb, blockchain, AI, b\u1ea3o v\u1ec7 th\u00f4ng tin c\u00e1 nh\u00e2n, v\u00e0 c\u00e1c v\u1ea5n \u0111\u1ec1 ph\u00e1p l\u00fd li\u00ean quan \u0111\u1ebfn s\u1edf h\u1eefu tr\u00ed tu\u1ec7 t\u1ea1i Nh\u1eadt B\u1ea3n. <\/p>\n\t\t\t\t<\/div>\n\t\t\t<\/div>\n\t\t<\/div>\n\t\t<ul class=\"layout-column4 mgb-big\">\n\t\t\t<li>\n\t\t\t\t<div><img decoding=\"async\" src=\"\/wp-content\/themes\/monolith2021\/img\/practices-itlaw\/practices-itlaw_pic1.jpg\"><\/div>\n\t\t\t\t<h4>Ph\u00e1t tri\u1ec3n H\u1ec7 th\u1ed1ng<\/h4>\n\t\t\t\t<p>T\u1eeb vi\u1ec7c so\u1ea1n th\u1ea3o, s\u1eeda \u0111\u1ed5i v\u00e0 \u0111\u00e0m ph\u00e1n h\u1ee3p \u0111\u1ed3ng cho \u0111\u1ebfn gi\u1ea3i quy\u1ebft tranh ch\u1ea5p khi c\u00f3 v\u1ea5n \u0111\u1ec1 ph\u00e1t sinh<\/p>\n\t\t\t<\/li>\n\t\t\t<li>\n\t\t\t\t<div><img decoding=\"async\" src=\"\/wp-content\/themes\/monolith2021\/img\/practices-itlaw\/practices-itlaw_pic2.jpg\"><\/div>\n\t\t\t\t<h4>\u0110i\u1ec1u kho\u1ea3n S\u1eed d\u1ee5ng<\/h4>\n\t\t\t\t<p>T\u1ea1o v\u00e0 ch\u1ec9nh s\u1eeda \u0111i\u1ec1u kho\u1ea3n v\u00e0 \u0111i\u1ec1u ki\u1ec7n c\u0169ng nh\u01b0 ch\u00ednh s\u00e1ch b\u1ea3o m\u1eadt, c\u1ea7n thi\u1ebft cho vi\u1ec7c xu\u1ea5t b\u1ea3n ho\u1eb7c v\u1eadn h\u00e0nh. <\/p>\n\t\t\t<\/li>\n\t\t\t<li>\n\t\t\t\t<div><img decoding=\"async\" src=\"\/wp-content\/uploads\/2023\/05\/oss.jpg\"><\/div>\n\t\t\t\t<h4>OSS<\/h4>\n\t\t\t\t<p>C\u00e1c lo\u1ea1i h\u1ed7 tr\u1ee3 d\u1ef1a tr\u00ean s\u1ef1 hi\u1ec3u bi\u1ebft v\u1ec1 ph\u1ea7n m\u1ec1m, bao g\u1ed3m thi\u1ebft k\u1ebf gi\u1ea5y ph\u00e9p v\u00e0 th\u1ecfa thu\u1eadn c\u1ea5p ph\u00e9p<\/p>\n\t\t\t<\/li>\n\t\t\t<li>\n\t\t\t\t<div><img decoding=\"async\" src=\"\/wp-content\/uploads\/2022\/07\/shutterstock_1151380622_2.png\"><\/div>\n\t\t\t\t<h4>T\u00e0i s\u1ea3n M\u00e3 h\u00f3a<\/h4>\n\t\t\t\t<p>h\u1ed7 tr\u1ee3 c\u00e1c doanh nghi\u1ec7p li\u00ean quan \u0111\u1ebfn blockchain t\u1eeb g\u00f3c \u0111\u1ed9 ph\u00e1p l\u00fd, bao g\u1ed3m g\u00e2y qu\u1ef9, doanh nghi\u1ec7p n\u1ed9i dung v\u00e0 NFTs<\/p>\n\t\t\t<\/li>\n\t\t<\/ul>\n\t\t<div class=\"btn-area\">\n\t\t\t<div class=\"btn icon-it\"><a href=\"\/vi\/it\">IT<\/a><\/div>\n\t\t<\/div>\n\t<\/div>\n<\/section>\n<section class=\"white-section\">\n\t<div class=\"anchor\" id=\"cross-border\"><\/div>\n\t<div class=\"section-inner\">\n\t\t<div class=\"flex reverse\">\n\t\t\t<div class=\"width41\"><img decoding=\"async\" src=\"\/en\/wp-content\/uploads\/sites\/6\/2023\/06\/global.jpg\" alt=\"Cross Border\"><\/div>\n\t\t\t<div class=\"width51\">\n\t\t\t\t<div class=\"inline-inner\">\n\t\t\t\t\t<h3>Ho\u1ea1t \u0111\u1ed9ng xuy\u00ean bi\u00ean gi\u1edbi<\/h3>\n\t\t\t\t\t<p class=\"mgb-small\">MONOLITH LAW OFFICE chuy\u00ean cung c\u1ea5p d\u1ecbch v\u1ee5 ph\u00e1p l\u00fd \u0111a d\u1ea1ng cho c\u00e1c c\u00f4ng ty n\u01b0\u1edbc ngo\u00e0i mu\u1ed1n th\u00e2m nh\u1eadp th\u1ecb tr\u01b0\u1eddng Nh\u1eadt B\u1ea3n. V\u1edbi chuy\u00ean m\u00f4n v\u1ec1 IT v\u00e0 kh\u1edfi nghi\u1ec7p, \u0111\u1ed9i ng\u0169 lu\u1eadt s\u01b0 gi\u00e0u kinh nghi\u1ec7m c\u1ee7a ch\u00fang t\u00f4i h\u1ed7 tr\u1ee3 trong vi\u1ec7c th\u01b0\u01a1ng l\u01b0\u1ee3ng h\u1ee3p \u0111\u1ed3ng c\u1ea5p ph\u00e9p, quy\u1ec1n s\u1edf h\u1eefu tr\u00ed tu\u1ec7, tu\u00e2n th\u1ee7 quy \u0111\u1ecbnh v\u1ec1 quy\u1ec1n ri\u00eang t\u01b0 d\u1eef li\u1ec7u, \u0111\u00e0m ph\u00e1n h\u1ee3p \u0111\u1ed3ng v\u00e0 qu\u1ea3n l\u00fd r\u1ee7i ro ph\u00e1p l\u00fd.<\/p>\n\t\t\t\t\t<p class=\"mgb-small\">Ch\u00fang t\u00f4i c\u0169ng chuy\u00ean h\u1ed7 tr\u1ee3 c\u00e1c startup trong vi\u1ec7c g\u1ecdi v\u1ed1n, th\u1ecfa thu\u1eadn \u0111\u1ea7u t\u01b0 v\u00e0 IPO, th\u00fac \u0111\u1ea9y s\u1ef1 ph\u00e1t tri\u1ec3n v\u00e0 th\u00e0nh c\u00f4ng c\u1ee7a h\u1ecd th\u00f4ng qua s\u1ef1 h\u1ed7 tr\u1ee3 ph\u00e1p l\u00fd chi\u1ebfn l\u01b0\u1ee3c. \u0110\u1ed9i ng\u0169 c\u1ee7a ch\u00fang t\u00f4i hi\u1ec3u r\u00f5 \u0111\u1eb7c \u0111i\u1ec3m v\u00e0 m\u1ee5c ti\u00eau \u0111\u1ed9c \u0111\u00e1o c\u1ee7a t\u1eebng doanh nghi\u1ec7p, cung c\u1ea5p l\u1eddi khuy\u00ean v\u00e0 gi\u1ea3i ph\u00e1p c\u00e1 nh\u00e2n h\u00f3a k\u1ebft h\u1ee3p g\u00f3c nh\u00ecn qu\u1ed1c t\u1ebf v\u1edbi hi\u1ec3u bi\u1ebft \u0111\u1ecba ph\u01b0\u01a1ng.<\/p>\n\t\t\t\t\t<p class=\"mgb-small\">Gi\u1ea3i quy\u1ebft v\u1ea5n \u0111\u1ec1 ph\u00e1p l\u00fd l\u00e0 y\u1ebfu t\u1ed1 quan tr\u1ecdng cho s\u1ef1 m\u1edf r\u1ed9ng th\u00e0nh c\u00f4ng t\u1ea1i Nh\u1eadt B\u1ea3n. Li\u00ean h\u1ec7 v\u1edbi ch\u00fang t\u00f4i \u0111\u1ec3 th\u1ea3o lu\u1eadn c\u00e1ch ch\u00fang t\u00f4i c\u00f3 th\u1ec3 gi\u00fap doanh nghi\u1ec7p c\u1ee7a b\u1ea1n ph\u00e1t tri\u1ec3n m\u1ea1nh m\u1ebd t\u1ea1i th\u1ecb tr\u01b0\u1eddng Nh\u1eadt B\u1ea3n.<\/p>\n\t\t\t\t<\/div>\n\t\t\t<\/div>\n\t\t<\/div>\n\t\t<div class=\"max-width980 mgb-small\"><img decoding=\"async\" src=\"\/wp-content\/uploads\/2023\/05\/global_map.png\" alt=\"C\u00e1c qu\u1ed1c gia \u0111\u01b0\u1ee3c h\u1ed7 tr\u1ee3\"><\/div>\n\t\t<div class=\"frame2 max-width860 mgb-big txt-center-pc\">\n\t\t\t<p>D\u1ecbch v\u1ee5 Ph\u00e1p l\u00fd To\u00e0n c\u1ea7u: Chuy\u00ean m\u00f4n v\u00e0 Ph\u1ea1m vi V\u01b0\u1ee3t qua Bi\u00ean gi\u1edbi. H\u1ed7 tr\u1ee3 to\u00e0n di\u1ec7n tr\u00ean to\u00e0n th\u1ebf gi\u1edbi th\u00f4ng qua c\u00e1c \u0111\u1ed1i t\u00e1c tin c\u1eady. Li\u00ean h\u1ec7 v\u1edbi ch\u00fang t\u00f4i cho nhu c\u1ea7u ph\u00e1p l\u00fd xuy\u00ean bi\u00ean gi\u1edbi.<\/p>\n\t\t<\/div>\n\t\t<div class=\"btn-area\">\n\t\t\t<div class=\"btn icon-cross-border\"><a href=\"\/vi\/cross-border\">Ho\u1ea1t \u0111\u1ed9ng xuy\u00ean bi\u00ean gi\u1edbi<\/a><\/div>\n\t\t<\/div>\n\t<\/div>\n<\/section>\n\n<section class=\"orange-section\">\n\t<div class=\"anchor\" id=\"internet\"><\/div>\n\t<div class=\"section-inner\">\n\t\t<div class=\"flex mgb-middle\">\n\t\t\t<div class=\"width41\"><img decoding=\"async\" src=\"\/en\/wp-content\/uploads\/sites\/6\/2023\/06\/internet.jpg\" alt=\"Internet\"><\/div>\n\t\t\t<div class=\"width51\">\n\t\t\t\t<h3>Internet<\/h3>\n\t\t\t\t<p class=\"mgb-small\">V\u1edbi kinh nghi\u1ec7m phong ph\u00fa trong c\u00e1c v\u1ea5n \u0111\u1ec1 ph\u00e1p l\u00fd li\u00ean quan \u0111\u1ebfn IT, MONOLITH LAW OFFICE \u0111\u1eb7c bi\u1ec7t am hi\u1ec3u v\u1ec1 vi\u1ec7c h\u1ed7 tr\u1ee3 c\u00e1c doanh nghi\u1ec7p d\u1ef1a tr\u00ean internet, bao g\u1ed3m c\u1ea3 YouTubers v\u00e0 c\u00e1c c\u00f4ng ty ho\u1ea1t \u0111\u1ed9ng li\u00ean quan \u0111\u1ebfn YouTube.<\/p>\n\t\t\t\t<p class=\"mgb-middle\">Ch\u00fang t\u00f4i nh\u1eadn th\u1ee9c \u0111\u01b0\u1ee3c nh\u1eefng r\u1ee7i ro ti\u1ec1m \u1ea9n c\u1ee7a internet, nh\u01b0 c\u00e1c trang web ti\u00eau c\u1ef1c v\u00e0 b\u00e0i \u0111\u0103ng tr\u00ean di\u1ec5n \u0111\u00e0n tr\u1ef1c tuy\u1ebfn. C\u00f4ng ty ch\u00fang t\u00f4i \u0111\u00e3 th\u00e0nh c\u00f4ng trong vi\u1ec7c x\u1eed l\u00fd nhi\u1ec1u v\u1ee5 vi\u1ec7c li\u00ean quan \u0111\u1ebfn qu\u1ea3n l\u00fd danh ti\u1ebfng tr\u1ef1c tuy\u1ebfn cho \u0111a d\u1ea1ng kh\u00e1ch h\u00e0ng, t\u1eeb c\u00e1 nh\u00e2n \u0111\u1ebfn c\u00e1c t\u1eadp \u0111o\u00e0n l\u1edbn. C\u00e1c trang web ti\u00eau c\u1ef1c \u0111\u1eb7t ra th\u00e1ch th\u1ee9c ph\u00e1p l\u00fd \u0111\u1ed9c \u0111\u00e1o t\u1ea1i Nh\u1eadt B\u1ea3n, v\u00e0 c\u00e1c lu\u1eadt s\u01b0 c\u1ee7a ch\u00fang t\u00f4i c\u00f3 \u0111\u1ee7 n\u0103ng l\u1ef1c \u0111\u1ec3 cung c\u1ea5p c\u00e1c gi\u1ea3i ph\u00e1p hi\u1ec7u qu\u1ea3. Ch\u00fang t\u00f4i mong mu\u1ed1n \u0111\u01b0\u1ee3c t\u01b0 v\u1ea5n cho b\u1ea1n, t\u1eadn d\u1ee5ng chuy\u00ean m\u00f4n v\u00e0 kinh nghi\u1ec7m c\u1ee7a m\u00ecnh trong vi\u1ec7c gi\u1ea3i quy\u1ebft c\u00e1c v\u1ea5n \u0111\u1ec1 li\u00ean quan \u0111\u1ebfn trang web ti\u00eau c\u1ef1c.<\/p>\n\t\t\t<\/div>\n\t\t<\/div>\n\t\t<ul class=\"layout-column4 mgb-big\">\n\t\t\t<li>\n\t\t\t\t<div><img decoding=\"async\" src=\"\/wp-content\/themes\/monolith2021\/img\/pic\/pic_practices-youtuberlaw.jpg\" alt=\"YouTuber\"><\/div>\n\t\t\t\t<h4>YouTuber<\/h4>\n\t\t\t\t<p>Chuy\u00ean m\u00f4n v\u1ec1 qu\u1ea3n l\u00fd influencer. Ch\u00fang t\u00f4i hi\u1ec3u bi\u1ebft v\u1ec1 lu\u1eadt ph\u00e1p Nh\u1eadt B\u1ea3n v\u00e0 c\u1ea3nh quan internet \u0111ang thay \u0111\u1ed5i li\u00ean t\u1ee5c. \u0110\u01b0\u1ee3c c\u00e1c \u0111\u1ea1i l\u00fd YouTuber h\u00e0ng \u0111\u1ea7u, c\u00f4ng ty VTuber v\u00e0 c\u00e1c nh\u00e0 s\u00e1ng t\u1ea1o tin t\u01b0\u1edfng. H\u1ed7 tr\u1ee3 ph\u00e1p l\u00fd chuy\u00ean bi\u1ec7t cho h\u1ee3p \u0111\u1ed3ng v\u00e0 c\u00e1c v\u1ea5n \u0111\u1ec1 li\u00ean quan \u0111\u1ebfn video t\u1ea1i Nh\u1eadt B\u1ea3n.<\/p>\n\t\t\t<\/li>\n\t\t\t<li>\n\t\t\t\t<div><img decoding=\"async\" src=\"\/wp-content\/themes\/monolith2021\/img\/pic\/pic_sns_manda.jpg\" alt=\"M&#038;A of SNS\"><\/div>\n\t\t\t\t<h4>M&#038;A c\u1ee7a SNS<\/h4>\n\t\t\t\t<p>Chuy\u00ean m\u00f4n v\u1ec1 M&#038;A tr\u00ean m\u1ea1ng x\u00e3 h\u1ed9i. C\u00f4ng ty lu\u1eadt c\u1ee7a ch\u00fang t\u00f4i hi\u1ec3u r\u00f5 b\u1ea3n ch\u1ea5t \u0111\u1ed9c \u0111\u00e1o c\u1ee7a c\u00e1c giao d\u1ecbch t\u00e0i kho\u1ea3n YouTube v\u00e0 Twitter. V\u1edbi ki\u1ebfn th\u1ee9c m\u1ea1nh m\u1ebd v\u1ec1 IT v\u00e0 internet, ch\u00fang t\u00f4i cung c\u1ea5p h\u1ed7 tr\u1ee3 to\u00e0n di\u1ec7n cho h\u1ee3p \u0111\u1ed3ng, th\u1ea9m \u0111\u1ecbnh ph\u00e1p l\u00fd v\u00e0 c\u00e1c kh\u00eda c\u1ea1nh ph\u00e1p l\u00fd. H\u00e3y tin t\u01b0\u1edfng ch\u00fang t\u00f4i \u0111\u1ec3 b\u1ea3o v\u1ec7 v\u00e0 t\u1ed1i \u0111a h\u00f3a gi\u00e1 tr\u1ecb c\u1ee7a t\u00e0i s\u1ea3n s\u1ed1 c\u1ee7a b\u1ea1n.<\/p>\n\t\t\t<\/li>\n\t\t\t<li>\n\t\t\t\t<div><img decoding=\"async\" src=\"\/wp-content\/themes\/monolith2021\/img\/pic\/pic_practices-reputation.jpg\" alt=\"Negative Web Pages\"><\/div>\n\t\t\t\t<h4>Trang Web Ti\u00eau C\u1ef1c<\/h4>\n\t\t\t\t<p>Ch\u1ed1ng l\u1ea1i c\u00e1c cu\u1ed9c t\u1ea5n c\u00f4ng tr\u1ef1c tuy\u1ebfn. Chuy\u00ean s\u00e2u v\u1ec1 lu\u1eadt internet, ch\u00fang t\u00f4i lo\u1ea1i b\u1ecf c\u00e1c trang web c\u00f3 h\u1ea1i l\u00e0m t\u1ed5n h\u1ea1i \u0111\u1ebfn danh ti\u1ebfng. \u0110\u01b0\u1ee3c c\u00e1c c\u00f4ng ty v\u00e0 c\u00e1 nh\u00e2n tin c\u1eady, ch\u00fang t\u00f4i cung c\u1ea5p c\u00e1c can thi\u1ec7p ph\u00e1p l\u00fd chi\u1ebfn l\u01b0\u1ee3c v\u00e0 gi\u1ea3i ph\u00e1p to\u00e0n di\u1ec7n \u0111\u1ec3 b\u1ea3o v\u1ec7 s\u1ef1 hi\u1ec7n di\u1ec7n v\u00e0 danh ti\u1ebfng tr\u1ef1c tuy\u1ebfn c\u1ee7a b\u1ea1n.<\/p>\n\t\t\t<\/li>\n\t\t\t<li>\n\t\t\t\t<div><img decoding=\"async\" src=\"\/wp-content\/themes\/monolith2021\/img\/pic\/pic_reputation.jpg\" alt=\"Identification of Posters\"><\/div>\n\t\t\t\t<h4>X\u00e1c \u0110\u1ecbnh Ng\u01b0\u1eddi \u0110\u0103ng<\/h4>\n\t\t\t\t<p>X\u00e1c \u0111\u1ecbnh c\u00e1 nh\u00e2n ch\u1ecbu tr\u00e1ch nhi\u1ec7m v\u1ec1 c\u00e1c b\u00e0i \u0111\u0103ng b\u1ea5t h\u1ee3p ph\u00e1p. MONOLITH LAW OFFICE chuy\u00ean v\u1ec1 lu\u1eadt internet v\u00e0 c\u00f3 kinh nghi\u1ec7m r\u1ed9ng l\u1edbn trong vi\u1ec7c x\u1eed l\u00fd c\u00e1c v\u1ee5 vi\u1ec7c li\u00ean quan \u0111\u1ebfn n\u1ed9i dung tr\u1ef1c tuy\u1ebfn ti\u00eau c\u1ef1c. Ch\u00fang t\u00f4i \u0111i\u1ec1u h\u01b0\u1edbng c\u00e1c quy tr\u00ecnh ph\u00e1p l\u00fd \u0111\u1ec3 t\u00ecm ki\u1ebfm c\u00f4ng l\u00fd v\u00e0 b\u1ea3o v\u1ec7 l\u1ee3i \u00edch c\u1ee7a kh\u00e1ch h\u00e0ng.<\/p>\n\t\t\t<\/li>\n\t\t<\/ul>\n\t\t<div class=\"btn-area\">\n\t\t\t<div class=\"btn icon-internet\"><a href=\"\/vi\/internet\">Internet<\/a><\/div>\n\t\t<\/div>\n\t<\/div>\n<\/section>\n","protected":false},"excerpt":{"rendered":"<p>D\u1ecbch v\u1ee5 V\u1edbi b\u1ed1i c\u1ea3nh lu\u1eadt s\u01b0 qu\u1ea3n l\u00fd c\u1ee7a ch\u00fang t\u00f4i t\u1eebng l\u00e0 k\u1ef9 s\u01b0 IT v\u00e0 c\u00f3 kinh nghi\u1ec7m qu\u1ea3n l\u00fd c\u00e1c c\u00f4ng ty IT, MONOLITH LAW OFFICE \u0111\u1ee9ng \u0111\u1ea7u nh\u01b0 m\u1ed9t c\u00f4ng ty lu\u1eadt h\u00e0ng \u0111\u1ea7u t\u1ea1i Nh\u1eadt B\u1ea3n chuy\u00ean v\u1ec1 IT, kinh [&hellip;]<\/p>\n","protected":false},"author":26,"featured_media":57138,"parent":0,"menu_order":4,"comment_status":"closed","ping_status":"closed","template":"practices-page-temp.php","meta":{"footnotes":""},"acf":[],"_links":{"self":[{"href":"https:\/\/monolith.law\/vi\/wp-json\/wp\/v2\/pages\/4213"}],"collection":[{"href":"https:\/\/monolith.law\/vi\/wp-json\/wp\/v2\/pages"}],"about":[{"href":"https:\/\/monolith.law\/vi\/wp-json\/wp\/v2\/types\/page"}],"author":[{"embeddable":true,"href":"https:\/\/monolith.law\/vi\/wp-json\/wp\/v2\/users\/26"}],"replies":[{"embeddable":true,"href":"https:\/\/monolith.law\/vi\/wp-json\/wp\/v2\/comments?post=4213"}],"version-history":[{"count":112,"href":"https:\/\/monolith.law\/vi\/wp-json\/wp\/v2\/pages\/4213\/revisions"}],"predecessor-version":[{"id":61146,"href":"https:\/\/monolith.law\/vi\/wp-json\/wp\/v2\/pages\/4213\/revisions\/61146"}],"wp:featuredmedia":[{"embeddable":true,"href":"https:\/\/monolith.law\/vi\/wp-json\/wp\/v2\/media\/57138"}],"wp:attachment":[{"href":"https:\/\/monolith.law\/vi\/wp-json\/wp\/v2\/media?parent=4213"}],"curies":[{"name":"wp","href":"https:\/\/api.w.org\/{rel}","templated":true}]}}