{"id":4232,"date":"2019-08-29T04:55:45","date_gmt":"2019-08-28T19:55:45","guid":{"rendered":"https:\/\/monolith.law\/?page_id=4232"},"modified":"2023-12-05T14:48:17","modified_gmt":"2023-12-05T05:48:17","slug":"greetings-from-the-managing-attorney","status":"publish","type":"page","link":"https:\/\/monolith.law\/vi\/greetings-from-the-managing-attorney","title":{"rendered":"L\u1eddi ch\u00e0o t\u1eeb Lu\u1eadt s\u01b0 \u0111i\u1ec1u h\u00e0nh"},"content":{"rendered":"\n<section class=\"heading-area\">\n\t<div class=\"heading-area-inner\">\n\t\t<h2 class=\"icon-greetings-from-the-managing-attorney\">L\u1eddi ch\u00e0o t\u1eeb Lu\u1eadt s\u01b0 \u0111i\u1ec1u h\u00e0nh<\/h2>\n\t<\/div>\n<\/section>\n\n<section class=\"white-section\">\n\t<div class=\"section-inner section-inner-bottomhalf pdt0 border-bottom-section\">\n\t\t<div class=\"tagline\">\n\t\t\t<div class=\"textArea\">\n\t\t\t\t<p>Vi\u1ec7c khai th\u00e1c s\u1ee9c m\u1ea1nh c\u1ee7a c\u00f4ng ngh\u1ec7 th\u00f4ng tin \u0111\u00e3 l\u00e0m thay \u0111\u1ed5i c\u00e1ch m\u1ea1ng l\u1ecbch s\u1eed lo\u00e0i ng\u01b0\u1eddi,<br class=\"pcOnly\"> c\u00f3 th\u1ec3 so s\u00e1nh v\u1edbi t\u00e1c \u0111\u1ed9ng c\u1ee7a thu\u1ed1c n\u1ed5.<br>\u0110\u1eb7c bi\u1ec7t, Internet \u0111\u00e3 nhanh ch\u00f3ng bi\u1ebfn \u0111\u1ed5i qu\u00e1 tr\u00ecnh ti\u1ebfn h\u00f3a,<br class=\"pcOnly\"> \u0111\u1ea9y lo\u00e0i ng\u01b0\u1eddi ti\u1ebfn l\u00ean v\u1edbi t\u1ed1c \u0111\u1ed9 ch\u01b0a t\u1eebng c\u00f3.<br>Tuy nhi\u00ean, c\u00f9ng v\u1edbi s\u1ee9c m\u1ea1nh to l\u1edbn \u0111\u00f3 l\u00e0 nh\u1eefng r\u1ee7i ro l\u1edbn.<\/p>\n\t\t\t\t<p>T\u1ea1i MONOLITH LAW OFFICE, ch\u00fang t\u00f4i tin t\u01b0\u1edfng r\u1eb1ng tr\u00e1ch nhi\u1ec7m c\u1ee7a ch\u00fang t\u00f4i l\u00e0 \u0111\u1ea3m b\u1ea3o<br class=\"pcOnly\"> r\u1eb1ng nh\u1eefng L\u1ef1c l\u01b0\u1ee3ng c\u1ee7a th\u1eddi \u0111\u1ea1i ch\u00fang ta kh\u00f4ng \u0111\u01b0\u1ee3c s\u1eed d\u1ee5ng nh\u01b0 m\u1ed9t m\u1ed1i \u0111e d\u1ecda \u0111\u1ed1i v\u1edbi doanh nghi\u1ec7p,<br class=\"pcOnly\"> m\u00e0 l\u00e0 nh\u01b0 m\u1ed9t ch\u1ea5t x\u00fac t\u00e1c cho s\u1ef1 ti\u1ebfn h\u00f3a c\u00e1ch m\u1ea1ng c\u1ee7a h\u1ecd.<br>Ch\u00fang t\u00f4i n\u1ed7 l\u1ef1c tr\u1edf th\u00e0nh m\u1ed9t \u0111\u1ed9i ng\u0169 s\u00e1ng t\u1ea1o v\u00e0 ti\u00ean ti\u1ebfn, cung c\u1ea5p h\u01b0\u1edbng d\u1eabn ph\u00e1p l\u00fd<br class=\"pcOnly\"> v\u00e0 h\u1ed7 tr\u1ee3 gi\u00fap c\u00e1c c\u00f4ng ty khai th\u00e1c h\u1ebft ti\u1ec1m n\u0103ng c\u1ee7a c\u00f4ng ngh\u1ec7 th\u00f4ng tin.<\/p>\n\t\t\t\t<p>Nhi\u1ec7m v\u1ee5 c\u1ee7a ch\u00fang t\u00f4i l\u00e0 \u0111\u1ecbnh h\u01b0\u1edbng qua c\u1ea3nh quan ph\u00e1p l\u00fd ph\u1ee9c t\u1ea1p, trao quy\u1ec1n cho doanh nghi\u1ec7p<br class=\"pcOnly\"> \u0111\u1ec3 t\u1eadn d\u1ee5ng IT m\u1ed9t c\u00e1ch tri\u1ec7t \u0111\u1ec3 nh\u1ea5t. B\u1eb1ng c\u00e1ch n\u1eafm b\u1eaft c\u01a1 h\u1ed9i do<br class=\"pcOnly\"> th\u1eddi \u0111\u1ea1i s\u1ed1 mang l\u1ea1i, ch\u00fang t\u00f4i mong mu\u1ed1n th\u00fac \u0111\u1ea9y s\u1ef1 ph\u00e1t tri\u1ec3n chuy\u1ec3n \u0111\u1ed5i c\u1ee7a doanh nghi\u1ec7p kh\u00e1ch h\u00e0ng.<\/p>\n\t\t\t\t<p class=\"txt-l\">C\u00e1ch m\u1ea1ng h\u00f3a IT<\/p>\n\t\t\t\t<p>MONOLITH LAW OFFICE<\/p>\n\t\t\t<\/div>\n\t\t\t<div class=\"logo\"><img decoding=\"async\" src=\"\/wp-content\/themes\/monolith2021\/img\/logo.svg\" alt=\"MONOLITH LAW OFFICE\"><\/div>\n\t\t<\/div>\n\t<\/div>\n<\/section>\n\n<section class=\"second-nav\">\n\t<div class=\"second-nav-inner\">\n\t\t<p>CH\u1ee6 \u0110\u1ec0<\/p>\n\t\t<nav>\n\t\t\t<ul>\n\t\t\t\t<li><a href=\"#law-firm-led-by-former-it-engineer-turned-lawyer-with-corporate-management-experience\">V\u0103n ph\u00f2ng Lu\u1eadt s\u01b0 do c\u1ef1u K\u1ef9 s\u01b0 IT chuy\u1ec3n ngh\u1ec1 th\u00e0nh Lu\u1eadt s\u01b0 v\u1edbi kinh nghi\u1ec7m qu\u1ea3n l\u00fd doanh nghi\u1ec7p<\/a><\/li>\n\t\t\t\t<li><a href=\"#a-law-firm-emphasizing-it-internet-and-business-expertise\">V\u0103n ph\u00f2ng Lu\u1eadt s\u01b0 ch\u00fa tr\u1ecdng \u0111\u1ebfn chuy\u00ean m\u00f4n IT, Internet v\u00e0 Kinh doanh<\/a><\/li>\n\t\t\t\t<li><a href=\"#corporate-law-and-it-legal-expertise\">Chuy\u00ean m\u00f4n v\u1ec1 Lu\u1eadt Doanh nghi\u1ec7p v\u00e0 Ph\u00e1p l\u00fd IT<\/a><\/li>\n\t\t\t\t<li><a href=\"#a-team-of-lawyers-and-it-consultants\">\u0110\u1ed9i ng\u0169 Lu\u1eadt s\u01b0 v\u00e0 T\u01b0 v\u1ea5n vi\u00ean IT<\/a><\/li>\n\t\t\t<\/ul>\n\t\t<\/nav>\n\t<\/div>\n<\/section>\n\n<section class=\"white-section\">\n\t<div class=\"anchor\" id=\"law-firm-led-by-former-it-engineer-turned-lawyer-with-corporate-management-experience\"><\/div>\n\t<div class=\"section-inner\">\n\t\t<div class=\"flex\">\n\t\t\t<div class=\"width41\"><img decoding=\"async\" src=\"\/wp-content\/uploads\/2023\/06\/message_1.jpg\" alt=\"V\u0103n ph\u00f2ng Lu\u1eadt s\u01b0 do c\u1ef1u K\u1ef9 s\u01b0 IT chuy\u1ec3n ngh\u1ec1 th\u00e0nh Lu\u1eadt s\u01b0 v\u1edbi kinh nghi\u1ec7m qu\u1ea3n l\u00fd doanh nghi\u1ec7p\"><\/div>\n\t\t\t<div class=\"width51\">\n\t\t\t\t<h3>V\u0103n ph\u00f2ng Lu\u1eadt s\u01b0 do c\u1ef1u k\u1ef9 s\u01b0 IT chuy\u1ec3n ngh\u1ec1 lu\u1eadt s\u01b0 v\u1edbi kinh nghi\u1ec7m qu\u1ea3n l\u00fd doanh nghi\u1ec7p<\/h3>\n\t\t\t\t<p class=\"font-h3 txt-right mgb-middle\">Lu\u1eadt s\u01b0 qu\u1ea3n l\u00fd: Toki Kawase<\/p>\n\t\t\t\t<p class=\"mgb-small\">T\u00f4i lu\u00f4n \u0111am m\u00ea m\u00e1y t\u00ednh v\u00e0 c\u00f4ng ngh\u1ec7 t\u1eeb khi c\u00f2n l\u00e0 m\u1ed9t c\u1eadu b\u00e9, khi\u1ebfn t\u00f4i \u0111\u01b0\u1ee3c m\u1ec7nh danh l\u00e0 &#8220;geek m\u00e1y t\u00ednh&#8221;. Su\u1ed1t nh\u1eefng n\u0103m thi\u1ebfu ni\u00ean v\u00e0 \u0111\u1ea7u \u0111\u1eddi ng\u01b0\u1eddi l\u1edbn, t\u00f4i \u0111\u00e3 \u0111\u1eafm ch\u00ecm trong th\u1ebf gi\u1edbi IT, t\u1ef1 m\u00ecnh kinh doanh v\u00e0 t\u00edch l\u0169y \u0111\u01b0\u1ee3c nhi\u1ec1u kinh nghi\u1ec7m qu\u00fd b\u00e1u.<\/p>\n\t\t\t\t<p class=\"mgb-small\">H\u00e0nh tr\u00ecnh c\u1ee7a t\u00f4i b\u1eaft \u0111\u1ea7u t\u1eeb th\u1eddi ti\u1ec3u h\u1ecdc, khi t\u00f4i b\u1eaft \u0111\u1ea7u l\u1eadp tr\u00ecnh tr\u00ean chi\u1ebfc PC \u0111\u1ea7u ti\u00ean c\u1ee7a m\u00ecnh, &#8220;MSX 2+&#8221;. Khi h\u1ecdc trung h\u1ecdc c\u01a1 s\u1edf, t\u00f4i th\u1eadm ch\u00ed \u0111\u00e3 tham gia \u0111\u1ed9i m\u00e1y t\u00ednh c\u1ee7a tr\u01b0\u1eddng, th\u00fac \u0111\u1ea9y ni\u1ec1m \u0111am m\u00ea l\u1eadp tr\u00ecnh c\u1ee7a m\u00ecnh. Trong nh\u1eefng n\u0103m \u0111\u1ea1i h\u1ecdc, c\u01a1 h\u1ed9i \u0111\u00e3 \u0111\u1ebfn khi t\u00f4i t\u1ea1o ra m\u1ed9t trang web cho m\u1ed9t c\u00f4ng ty, \u0111i\u1ec1u n\u00e0y \u0111\u00e3 tr\u1edf th\u00e0nh b\u01b0\u1edbc ngo\u1eb7t trong s\u1ef1 nghi\u1ec7p c\u1ee7a t\u00f4i. S\u1ef1 linh ho\u1ea1t v\u00e0 ph\u1ea7n th\u01b0\u1edfng t\u00e0i ch\u00ednh t\u1eeb d\u1ef1 \u00e1n n\u00e0y \u0111\u00e3 d\u1eabn t\u00f4i kh\u00e1m ph\u00e1 c\u00e1c doanh nghi\u1ec7p li\u00ean quan \u0111\u1ebfn IT nh\u01b0 ph\u00e1t tri\u1ec3n web, t\u1ea1o d\u1ecbch v\u1ee5 web v\u00e0 t\u1ed1i \u01b0u h\u00f3a SEO.<\/p>\n\t\t\t\t<p class=\"mgb-small\">Trong giai \u0111o\u1ea1n n\u00e0y, c\u00e1c startup do nh\u1eefng chuy\u00ean gia tr\u1ebb trong l\u0129nh v\u1ef1c IT d\u1eabn d\u1eaft \u0111ang ph\u00e1t tri\u1ec3n m\u1ea1nh m\u1ebd, v\u00e0 t\u00f4i \u0111\u00e3 ho\u00e0n to\u00e0n \u0111\u1eafm ch\u00ecm trong th\u1ebf gi\u1edbi kinh doanh n\u0103ng \u0111\u1ed9ng v\u00e0 ph\u00e1t tri\u1ec3n nhanh ch\u00f3ng. L\u00e0m vi\u1ec7c kh\u00f4ng m\u1ec7t m\u1ecfi, t\u00f4i tham gia v\u00e0o c\u1ea3 d\u1ef1 \u00e1n trong n\u01b0\u1edbc v\u00e0 qu\u1ed1c t\u1ebf, h\u1ee3p t\u00e1c v\u1edbi c\u00e1c \u0111\u1ed1i t\u00e1c qu\u1ed1c t\u1ebf v\u00e0 kh\u00f4ng ng\u1eebng th\u00edch nghi v\u1edbi b\u1ed1i c\u1ea3nh thay \u0111\u1ed5i.<\/p>\n\t\t\t\t<p class=\"mgb-small\">Tuy nhi\u00ean, v\u00e0o cu\u1ed1i nh\u1eefng n\u0103m hai m\u01b0\u01a1i tu\u1ed5i, t\u00f4i \u0111\u00e3 \u0111\u01b0a ra quy\u1ebft \u0111\u1ecbnh thay \u0111\u1ed5i cu\u1ed9c \u0111\u1eddi. T\u00f4i \u0111\u00e3 chuy\u1ec3n giao c\u00f4ng vi\u1ec7c kinh doanh IT c\u1ee7a m\u00ecnh cho ng\u01b0\u1eddi kh\u00e1c v\u00e0 b\u1eaft \u0111\u1ea7u m\u1ed9t h\u01b0\u1edbng \u0111i m\u1edbi. T\u00f4i nh\u1eadp h\u1ecdc v\u00e0o tr\u01b0\u1eddng lu\u1eadt v\u1edbi m\u1ee5c ti\u00eau k\u1ebft h\u1ee3p chuy\u00ean m\u00f4n k\u1ef9 thu\u1eadt v\u1edbi ki\u1ebfn th\u1ee9c ph\u00e1p l\u00fd. Ng\u00e0y nay, v\u1edbi t\u01b0 c\u00e1ch l\u00e0 m\u1ed9t lu\u1eadt s\u01b0 v\u00e0 c\u1ef1u k\u1ef9 s\u01b0 IT c\u00f3 kinh nghi\u1ec7m qu\u1ea3n l\u00fd doanh nghi\u1ec7p, t\u00f4i d\u1eabn d\u1eaft MONOLITH LAW OFFICE, m\u1ed9t v\u0103n ph\u00f2ng lu\u1eadt s\u01b0 hi\u1ec3u r\u00f5 nh\u1eefng tinh t\u1ebf c\u1ee7a ng\u00e0nh c\u00f4ng nghi\u1ec7p IT v\u00e0 cung c\u1ea5p d\u1ecbch v\u1ee5 ph\u00e1p l\u00fd to\u00e0n di\u1ec7n.<\/p>\n\t\t\t\t<p>T\u1ea1i v\u0103n ph\u00f2ng ch\u00fang t\u00f4i, ch\u00fang t\u00f4i t\u1eadn d\u1ee5ng s\u1ef1 k\u1ebft h\u1ee3p \u0111\u1ed9c \u0111\u00e1o gi\u1eefa ki\u1ebfn th\u1ee9c IT v\u00e0 chuy\u00ean m\u00f4n ph\u00e1p l\u00fd \u0111\u1ec3 cung c\u1ea5p h\u01b0\u1edbng d\u1eabn v\u00e0 h\u1ed7 tr\u1ee3 hi\u1ec7u qu\u1ea3 cho kh\u00e1ch h\u00e0ng c\u1ee7a m\u00ecnh. Ch\u00fang t\u00f4i hi\u1ec3u r\u00f5 nh\u1eefng th\u00e1ch th\u1ee9c v\u00e0 c\u01a1 h\u1ed9i ph\u00e1t sinh trong k\u1ef7 nguy\u00ean s\u1ed1, v\u00e0 ch\u00fang t\u00f4i cam k\u1ebft gi\u00fap doanh nghi\u1ec7p \u0111i\u1ec1u h\u01b0\u1edbng qua c\u1ea3nh quan ph\u00e1p l\u00fd v\u00e0 \u0111\u1ea1t \u0111\u01b0\u1ee3c m\u1ee5c ti\u00eau c\u1ee7a h\u1ecd.<\/p>\n\t\t\t<\/div>\n\t\t<\/div>\n\t<\/div>\n<\/section>\n\n<section class=\"purple-section\">\n\t<div class=\"anchor\" id=\"a-law-firm-emphasizing-it-internet-and-business-expertise\"><\/div>\n\t<div class=\"section-inner\">\n\t\t<div class=\"flex reverse\">\n\t\t\t<div class=\"width41\"><img decoding=\"async\" src=\"\/wp-content\/uploads\/2023\/06\/message_2.jpg\" alt=\"V\u0103n ph\u00f2ng Lu\u1eadt s\u01b0 Nh\u1ea5n m\u1ea1nh Chuy\u00ean m\u00f4n v\u1ec1 IT, Internet v\u00e0 Kinh doanh\"><\/div>\n\t\t\t<div class=\"width51\">\n\t\t\t\t<h3>V\u0103n ph\u00f2ng Lu\u1eadt s\u01b0 ch\u00fa tr\u1ecdng \u0111\u1ebfn chuy\u00ean m\u00f4n IT, Internet v\u00e0 Kinh doanh<\/h3>\n\t\t\t\t<p class=\"mgb-small\">M\u1ecdi ng\u01b0\u1eddi th\u01b0\u1eddng nh\u00ecn nh\u1eadn s\u1ef1 chuy\u1ec3n \u0111\u1ed5i c\u1ee7a t\u00f4i t\u1eeb ch\u1ee7 s\u1edf h\u1eefu doanh nghi\u1ec7p IT sang lu\u1eadt s\u01b0 nh\u01b0 m\u1ed9t s\u1ef1 thay \u0111\u1ed5i ho\u00e0n to\u00e0n 180 \u0111\u1ed9. Tuy nhi\u00ean, t\u00f4i cho r\u1eb1ng s\u1ef1 thay \u0111\u1ed5i kh\u00f4ng h\u1ec1 nghi\u00eam tr\u1ecdng nh\u01b0 m\u1ecdi ng\u01b0\u1eddi v\u1eabn ngh\u0129.<\/p>\n\t\t\t\t<p class=\"mgb-small\">Nh\u00ecn l\u1ea1i qu\u00e1 kh\u1ee9, t\u00f4i nh\u1eadn ra r\u1eb1ng ngay c\u1ea3 khi l\u00e0 m\u1ed9t k\u1ef9 s\u01b0 IT chuy\u00ean v\u1ec1 khoa h\u1ecdc t\u1ef1 nhi\u00ean, t\u00f4i c\u0169ng c\u00f3 xu h\u01b0\u1edbng t\u1ef1 nhi\u00ean v\u1ec1 t\u01b0 duy nh\u00e2n v\u0103n. Th\u1ebf gi\u1edbi kinh doanh \u0111\u00e3 thu h\u00fat t\u00f4i, th\u00fac \u0111\u1ea9y t\u00f4i b\u01b0\u1edbc v\u00e0o l\u0129nh v\u1ef1c kinh doanh thay v\u00ec theo \u0111u\u1ed5i s\u1ef1 nghi\u1ec7p k\u1ef9 s\u01b0 IT truy\u1ec1n th\u1ed1ng.<\/p>\n\t\t\t\t<p class=\"mgb-small\">Ng\u00e0y nay, v\u1edbi t\u01b0 c\u00e1ch l\u00e0 m\u1ed9t lu\u1eadt s\u01b0, t\u00f4i n\u1ed5i b\u1eadt v\u1edbi kh\u1ea3 n\u0103ng t\u01b0 duy khoa h\u1ecdc trong m\u1ed9t l\u0129nh v\u1ef1c truy\u1ec1n th\u1ed1ng li\u00ean quan \u0111\u1ebfn nh\u00e2n v\u0103n. B\u1ed1i c\u1ea3nh n\u00e0y \u0111\u00e3 \u0111\u1ecbnh v\u1ecb t\u00f4i l\u00e0 lu\u1eadt s\u01b0 qu\u1ea3n l\u00fd c\u1ee7a MONOLITH LAW OFFICE, m\u1ed9t v\u0103n ph\u00f2ng lu\u1eadt s\u01b0 \u0111\u1eb7t n\u1eb7ng v\u1ea5n \u0111\u1ec1 v\u1ec1 IT, Internet v\u00e0 kinh doanh.<\/p>\n\t\t\t\t<p class=\"mgb-big\">M\u1eb7c d\u00f9 s\u1ef1 nghi\u1ec7p c\u1ee7a t\u00f4i c\u00f3 th\u1ec3 kh\u00e1c bi\u1ec7t so v\u1edbi m\u1ed9t k\u1ef9 s\u01b0 IT th\u00f4ng th\u01b0\u1eddng, t\u00f4i xem s\u1ef1 chuy\u1ec3n \u0111\u1ed5i c\u1ee7a m\u00ecnh t\u1eeb k\u1ef9 s\u01b0 IT sang lu\u1eadt s\u01b0 nh\u01b0 m\u1ed9t s\u1ef1 thay \u0111\u1ed5i d\u1ea7n d\u1ea7n, c\u00f3 l\u1ebd ch\u1ec9 v\u00e0i ch\u1ee5c \u0111\u1ed9 ch\u1ee9 kh\u00f4ng ph\u1ea3i l\u00e0 m\u1ed9t s\u1ef1 thay \u0111\u1ed5i ho\u00e0n to\u00e0n. Th\u1ef1c t\u1ebf, t\u00f4i coi \u0111\u00f3 l\u00e0 m\u1ed9t qu\u00e1 tr\u00ecnh ti\u1ebfn tri\u1ec3n t\u1ef1 nhi\u00ean, cho ph\u00e9p t\u00f4i t\u1eadn d\u1ee5ng s\u1ef1 k\u1ebft h\u1ee3p \u0111\u1ed9c \u0111\u00e1o c\u1ee7a k\u1ef9 n\u0103ng v\u00e0 ki\u1ebfn th\u1ee9c \u0111\u1ec3 ph\u1ee5c v\u1ee5 kh\u00e1ch h\u00e0ng c\u1ee7a ch\u00fang t\u00f4i trong c\u00e1c l\u0129nh v\u1ef1c IT, Internet v\u00e0 kinh doanh m\u1ed9t c\u00e1ch t\u1ed1t nh\u1ea5t.<\/p>\n\t\t\t\t<div class=\"btn-area align-left\">\n\t\t\t\t\t<div class=\"btn icon-services\"><a href=\"\/vi\/services\">D\u1ecbch v\u1ee5<\/a><\/div>\n\t\t\t\t<\/div>\n\t\t\t<\/div>\n\t\t<\/div>\n\t<\/div>\n<\/section>\n\n<section class=\"white-section\">\n\t<div class=\"anchor\" id=\"corporate-law-and-it-legal-expertise\"><\/div>\n\t<div class=\"section-inner\">\n\t\t<div class=\"flex\">\n\t\t\t<div class=\"width41\"><img decoding=\"async\" src=\"\/wp-content\/uploads\/2023\/06\/message_3.jpg\" alt=\"Chuy\u00ean m\u00f4n v\u1ec1 Lu\u1eadt Doanh nghi\u1ec7p v\u00e0 IT\"><\/div>\n\t\t\t<div class=\"width51\">\n\t\t\t\t<h3>Chuy\u00ean m\u00f4n v\u1ec1 Lu\u1eadt Doanh nghi\u1ec7p v\u00e0 Ph\u00e1p l\u00fd IT<\/h3>\n\t\t\t\t<p class=\"mgb-small\">T\u1ea1i MONOLITH LAW OFFICE, t\u00f4i \u0111\u1ea3m nh\u1eadn hai vai tr\u00f2. \u0110\u1ea7u ti\u00ean, t\u00f4i cung c\u1ea5p h\u1ed7 tr\u1ee3 ph\u00e1p l\u00fd doanh nghi\u1ec7p cho c\u00e1c c\u00f4ng ty IT v\u00e0 startup v\u1edbi t\u01b0 c\u00e1ch l\u00e0 m\u1ed9t c\u1ed1 v\u1ea5n. Vi\u1ec7c hi\u1ec3u bi\u1ebft s\u00e2u s\u1eafc v\u1ec1 ng\u00e0nh IT v\u00e0 nh\u1eefng th\u00e1ch th\u1ee9c \u0111\u1eb7c th\u00f9 m\u00e0 c\u00e1c startup ph\u1ea3i \u0111\u1ed1i m\u1eb7t l\u00e0 c\u1ea7n thi\u1ebft \u0111\u1ec3 cung c\u1ea5p c\u00e1c d\u1ecbch v\u1ee5 ph\u00e1p l\u00fd hi\u1ec7u qu\u1ea3, \u0111\u01b0\u1ee3c \u0111i\u1ec1u ch\u1ec9nh cho ph\u00f9 h\u1ee3p v\u1edbi nhu c\u1ea7u c\u1ee7a h\u1ecd. V\u1edbi kinh nghi\u1ec7m v\u00e0 chuy\u00ean m\u00f4n tr\u1ef1c ti\u1ebfp trong m\u00f4i tr\u01b0\u1eddng IT v\u00e0 startup, t\u00f4i c\u00f3 \u0111\u1ee7 kh\u1ea3 n\u0103ng \u0111\u1ec3 cung c\u1ea5p s\u1ef1 h\u1ed7 tr\u1ee3 ph\u00e1p l\u00fd xu\u1ea5t s\u1eafc cho nh\u1eefng kh\u00e1ch h\u00e0ng n\u00e0y.<\/p>\n\t\t\t\t<p class=\"mgb-small\">Th\u1ee9 hai, t\u00f4i l\u00e0m vi\u1ec7c trong m\u1ed9t nh\u00f3m c\u00e1c chuy\u00ean gia IT v\u00e0 ph\u00e1p l\u00fd, cung c\u1ea5p d\u1ecbch v\u1ee5 t\u01b0 v\u1ea5n cho c\u00e1c c\u00f4ng ty thu\u1ed9c nhi\u1ec1u ng\u00e0nh ngh\u1ec1 kh\u00e1c nhau c\u1ea7n h\u01b0\u1edbng d\u1eabn v\u1ec1 c\u00e1c v\u1ea5n \u0111\u1ec1 ph\u00e1p l\u00fd li\u00ean quan \u0111\u1ebfn IT. Nh\u00f3m c\u1ee7a ch\u00fang t\u00f4i t\u1eadn d\u1ee5ng ki\u1ebfn th\u1ee9c chung v\u1ec1 IT v\u00e0 lu\u1eadt ph\u00e1p \u0111\u1ec3 t\u1ed5 ch\u1ee9c v\u00e0 cung c\u1ea5p c\u00e1c gi\u1ea3i ph\u00e1p t\u1ed1i \u01b0u \u0111\u00e1p \u1ee9ng y\u00eau c\u1ea7u c\u1ee5 th\u1ec3 c\u1ee7a t\u1eebng kh\u00e1ch h\u00e0ng.<\/p>\n\t\t\t\t<p class=\"mgb-small\">Trong khi c\u00e1c d\u1ecbch v\u1ee5 ph\u00e1p l\u00fd truy\u1ec1n th\u1ed1ng th\u01b0\u1eddng t\u1eadp trung v\u00e0o vi\u1ec7c cung c\u1ea5p c\u00e1c s\u1ea3n ph\u1ea9m c\u1ee5 th\u1ec3, nh\u01b0 vi\u1ec7c n\u1ed9p \u0111\u01a1n ki\u1ec7n theo y\u00eau c\u1ea7u, t\u00f4i nh\u1eadn th\u1ee9c \u0111\u01b0\u1ee3c t\u1ea7m quan tr\u1ecdng c\u1ee7a vi\u1ec7c \u0111\u1ea3m b\u1ea3o r\u1eb1ng c\u00e1c gi\u1ea3i ph\u00e1p \u0111\u01b0\u1ee3c cung c\u1ea5p th\u1ef1c s\u1ef1 ph\u00f9 h\u1ee3p v\u1edbi nhu c\u1ea7u c\u1ee7a kh\u00e1ch h\u00e0ng. Li\u1ec7u ch\u00fang ta c\u00f3 th\u1ec3 ho\u00e0n to\u00e0n d\u1ef1a v\u00e0o kh\u00e1ch h\u00e0ng \u0111\u1ec3 thi\u1ebft k\u1ebf m\u1ed9t gi\u1ea3i ph\u00e1p hi\u1ec7u qu\u1ea3 gi\u1ea3i quy\u1ebft nh\u1eefng th\u00e1ch th\u1ee9c \u0111\u1ed9c \u0111\u00e1o c\u1ee7a h\u1ecd kh\u00f4ng? \u0110\u00e2y l\u00e0 nh\u1eefng xem x\u00e9t quan tr\u1ecdng m\u00e0 t\u00f4i lu\u00f4n ghi nh\u1edb.<\/p>\n\t\t\t\t<p class=\"mgb-small\">Ch\u1eb3ng h\u1ea1n, h\u00e3y xem x\u00e9t vi\u1ec7c h\u1ed7 tr\u1ee3 cho vi\u1ec7c ph\u00e1t h\u00e0nh c\u1ed5 phi\u1ebfu l\u1ea7n \u0111\u1ea7u ra c\u00f4ng ch\u00fang (IPO) t\u1ea1i Nh\u1eadt B\u1ea3n. \u0110\u1ec3 \u0111\u1ea3m b\u1ea3o tu\u00e2n th\u1ee7, c\u00e1c c\u00f4ng ty ph\u1ea3i xem x\u00e9t k\u1ef9 l\u01b0\u1ee1ng t\u1ea5t c\u1ea3 c\u00e1c s\u1eeda \u0111\u1ed5i ti\u1ec1m n\u0103ng \u0111\u1ed1i v\u1edbi c\u00e1c lu\u1eadt v\u00e0 quy \u0111\u1ecbnh c\u1ee7a Nh\u1eadt B\u1ea3n c\u00f3 th\u1ec3 \u1ea3nh h\u01b0\u1edfng \u0111\u1ebfn ho\u1ea1t \u0111\u1ed9ng c\u1ee7a h\u1ecd v\u00e0 th\u1ef1c hi\u1ec7n c\u00e1c bi\u1ec7n ph\u00e1p th\u00edch h\u1ee3p. Tuy nhi\u00ean, vi\u1ec7c theo d\u00f5i h\u00e0ng lo\u1ea1t c\u00e1c s\u1eeda \u0111\u1ed5i, k\u1ec3 c\u1ea3 nh\u1eefng s\u1eeda \u0111\u1ed5i nh\u1ecf, c\u00f3 th\u1ec3 l\u00e0 m\u1ed9t th\u00e1ch th\u1ee9c l\u1edbn \u0111\u1ed1i v\u1edbi lu\u1eadt s\u01b0 trong c\u00f4ng vi\u1ec7c h\u00e0ng ng\u00e0y c\u1ee7a h\u1ecd.<\/p>\n\t\t\t\t<p>L\u00e0 m\u1ed9t chuy\u00ean gia v\u1ec1 IT v\u00e0 ph\u00e1p l\u00fd, t\u00f4i n\u1ed7 l\u1ef1c cung c\u1ea5p &#8220;gi\u1ea3i ph\u00e1p&#8221; k\u1ebft h\u1ee3p s\u1ee9c m\u1ea1nh c\u1ee7a IT v\u00e0 lu\u1eadt ph\u00e1p \u0111\u1ec3 gi\u1ea3i quy\u1ebft hi\u1ec7u qu\u1ea3 nh\u1eefng v\u1ea5n \u0111\u1ec1 ph\u1ee9c t\u1ea1p n\u00e0y.<\/p>\n\t\t\t<\/div>\n\t\t<\/div>\n\t<\/div>\n<\/section>\n\n<section class=\"orange-section\">\n\t<div class=\"anchor\" id=\"a-team-of-lawyers-and-it-consultants\"><\/div>\n\t<div class=\"section-inner\">\n\t\t<div class=\"flex reverse\">\n\t\t\t<div class=\"width41\"><img decoding=\"async\" src=\"\/wp-content\/uploads\/2023\/06\/message_4.jpg\" alt=\"\u0110\u1ed9i ng\u0169 Lu\u1eadt s\u01b0 v\u00e0 C\u1ed1 v\u1ea5n IT\"><\/div>\n\t\t\t<div class=\"width51\">\n\t\t\t\t<h3>\u0110\u1ed9i Ng\u0169 Lu\u1eadt S\u01b0 v\u00e0 T\u01b0 V\u1ea5n Vi\u00ean IT<\/h3>\n\t\t\t\t<p class=\"mgb-small\">Ngo\u00e0i vi\u1ec7c h\u1ed7 tr\u1ee3 IPO, c\u00f3 r\u1ea5t nhi\u1ec1u t\u00ecnh hu\u1ed1ng kh\u00e1c m\u00e0 vi\u1ec7c k\u1ebft h\u1ee3p IT v\u00e0 lu\u1eadt ph\u00e1p l\u00e0 c\u1ea7n thi\u1ebft \u0111\u1ec3 \u0111\u00e1p \u1ee9ng nhu c\u1ea7u c\u1ee7a kh\u00e1ch h\u00e0ng. \u0110\u1ed1i m\u1eb7t v\u1edbi c\u00e1c t\u00ecnh hu\u1ed1ng ph\u1ee9c t\u1ea1p \u0111\u00f2i h\u1ecfi m\u1ed9t \u0111\u1ed9i ng\u0169 c\u00f3 k\u1ef9 n\u0103ng v\u00e0 kh\u1ea3 n\u0103ng \u0111\u1ec3 \u0111\u01b0a ra quy\u1ebft \u0111\u1ecbnh th\u00f4ng minh v\u00e0 th\u1ef1c hi\u1ec7n c\u00e1c bi\u1ec7n ph\u00e1p hi\u1ec7u qu\u1ea3 t\u1eeb nhi\u1ec1u l\u1ef1a ch\u1ecdn kh\u00e1c nhau. M\u1eb7c d\u00f9 lu\u1eadt s\u01b0 l\u00e0 chuy\u00ean gia ph\u00e1p l\u00fd v\u00e0 chuy\u00ean m\u00f4n v\u1ec1 c\u00e1c v\u1ea5n \u0111\u1ec1 ph\u00e1p lu\u1eadt, vi\u1ec7c x\u00e2y d\u1ef1ng m\u1ed9t &#8220;gi\u1ea3i ph\u00e1p&#8221; to\u00e0n di\u1ec7n \u0111\u00f2i h\u1ecfi nhi\u1ec1u h\u01a1n l\u00e0 ch\u1ec9 c\u00f3 ki\u1ebfn th\u1ee9c ph\u00e1p l\u00fd.<\/p>\n\t\t\t\t<p class=\"mgb-small\">Ch\u00ednh v\u00ec l\u00fd do \u0111\u00f3, \u0111\u1ed9i ng\u0169 c\u1ee7a ch\u00fang t\u00f4i bao g\u1ed3m kh\u00f4ng ch\u1ec9 c\u00e1c lu\u1eadt s\u01b0 m\u00e0 c\u00f2n c\u00f3 c\u00e1c t\u01b0 v\u1ea5n vi\u00ean IT, nh\u1eefng ng\u01b0\u1eddi mang l\u1ea1i m\u1ed9t b\u1ed9 k\u1ef9 n\u0103ng \u0111a d\u1ea1ng. V\u1edbi kh\u1ea3 n\u0103ng ti\u1ebfn h\u00e0nh nghi\u00ean c\u1ee9u tr\u00ean internet, gi\u1ea3i th\u00edch c\u00e1c \u0111\u1ec1 xu\u1ea5t gi\u1ea3i ph\u00e1p v\u00e0 cung c\u1ea5p c\u00e1i nh\u00ecn s\u00e2u s\u1eafc v\u01b0\u1ee3t ra ngo\u00e0i ki\u1ebfn th\u1ee9c ph\u00e1p l\u00fd truy\u1ec1n th\u1ed1ng, ch\u00fang t\u00f4i c\u00f3 th\u1ec3 cung c\u1ea5p c\u00e1c gi\u1ea3i ph\u00e1p to\u00e0n di\u1ec7n v\u00e0 hi\u1ec7u qu\u1ea3. Khi x\u1eed l\u00fd c\u00e1c v\u1ea5n \u0111\u1ec1 ph\u00e1p l\u00fd xuy\u00ean bi\u00ean gi\u1edbi, vi\u1ec7c h\u1ee3p t\u00e1c v\u1edbi c\u00e1c \u0111\u1ed9i ng\u0169 ngo\u00e0i lu\u1eadt s\u01b0 l\u00e0 r\u1ea5t quan tr\u1ecdng. C\u00e1c th\u00e0nh vi\u00ean trong \u0111\u1ed9i ng\u0169 c\u1ee7a ch\u00fang t\u00f4i c\u00f3 kh\u1ea3 n\u0103ng ngo\u1ea1i ng\u1eef v\u00e0 hi\u1ec3u bi\u1ebft s\u00e2u r\u1ed9ng v\u1ec1 m\u00f4i tr\u01b0\u1eddng kinh doanh n\u01b0\u1edbc ngo\u00e0i gi\u00fap ch\u00fang t\u00f4i \u0111i\u1ec1u h\u01b0\u1edbng trong l\u0129nh v\u1ef1c IT xuy\u00ean bi\u00ean gi\u1edbi.<\/p>\n\t\t\t\t<p class=\"mgb-small\">V\u1ec1 tuy\u1ec3n d\u1ee5ng, \u0111i\u1ec1u quan tr\u1ecdng c\u1ea7n l\u01b0u \u00fd l\u00e0 nhi\u1ec1u lu\u1eadt s\u01b0 c\u1ee7a ch\u00fang t\u00f4i gia nh\u1eadp MONOLITH LAW OFFICE m\u00e0 kh\u00f4ng c\u00f3 ki\u1ebfn th\u1ee9c chuy\u00ean s\u00e2u v\u1ec1 IT. Ch\u00fang t\u00f4i t\u1ea1o ra m\u1ed9t m\u00f4i tr\u01b0\u1eddng h\u1ee3p t\u00e1c n\u01a1i c\u00e1c lu\u1eadt s\u01b0 v\u1edbi n\u1ec1n t\u1ea3ng v\u00e0 kinh nghi\u1ec7m \u0111a d\u1ea1ng trong c\u00e1c v\u1ea5n \u0111\u1ec1 ph\u00e1p l\u00fd li\u00ean quan \u0111\u1ebfn IT l\u00e0m vi\u1ec7c c\u00f9ng nhau nh\u01b0 m\u1ed9t \u0111\u1ed9i. Tr\u00e1ch nhi\u1ec7m c\u1ee7a c\u00e1c th\u00e0nh vi\u00ean trong \u0111\u1ed9i ng\u0169 kh\u00f4ng ph\u1ea3i l\u00e0 lu\u1eadt s\u01b0 th\u01b0\u1eddng \u0111\u01b0\u1ee3c x\u00e1c \u0111\u1ecbnh d\u1ef1a tr\u00ean kh\u1ea3 n\u0103ng v\u00e0 \u0111\u1eb7c \u0111i\u1ec3m c\u1ee7a h\u1ecd sau khi gia nh\u1eadp c\u00f4ng ty v\u00e0 tham gia v\u00e0o c\u00e1c doanh nghi\u1ec7p kh\u00e1c nhau. Ch\u00fang t\u00f4i ch\u00e0o \u0111\u00f3n \u0111\u01a1n \u1ee9ng tuy\u1ec3n t\u1eeb c\u00e1c lu\u1eadt s\u01b0 c\u00f3 th\u1ec3 kh\u00f4ng c\u00f3 ki\u1ebfn th\u1ee9c chuy\u00ean m\u00f4n v\u1ec1 IT ho\u1eb7c c\u1ea3m th\u1ea5y do d\u1ef1 khi \u0111\u01b0\u1ee3c g\u1eafn m\u00e1c l\u00e0 &#8220;chuy\u00ean gia&#8221;.<\/p>\n\t\t\t\t<p class=\"mgb-big\">T\u1ea1i MONOLITH LAW OFFICE, ch\u00fang t\u00f4i tr\u00e2n tr\u1ecdng kinh nghi\u1ec7m v\u00e0 \u0111\u00f3ng g\u00f3p c\u1ee7a t\u1eebng th\u00e0nh vi\u00ean trong \u0111\u1ed9i ng\u0169, t\u1ea1o ra m\u1ed9t m\u00f4i tr\u01b0\u1eddng n\u0103ng \u0111\u1ed9ng v\u00e0 s\u00e1ng t\u1ea1o k\u1ebft h\u1ee3p gi\u1eefa n\u0103ng l\u1ef1c ph\u00e1p l\u00fd v\u00e0 c\u00e1i nh\u00ecn s\u00e2u s\u1eafc v\u1ec1 IT.<\/p>\n\t\t\t\t<div class=\"btn-area align-left\">\n\t\t\t\t\t<div class=\"btn icon-job-openings\"><a href=\"\/en\/job-openings\/\">C\u01a1 H\u1ed9i Ngh\u1ec1 Nghi\u1ec7p<\/a><\/div>\n\t\t\t\t<\/div>\n\t\t\t<\/div>\n\t\t<\/div>\n\t<\/div>\n<\/section>\n","protected":false},"excerpt":{"rendered":"<p>L\u1eddi ch\u00e0o t\u1eeb Lu\u1eadt s\u01b0 \u0111i\u1ec1u h\u00e0nh Vi\u1ec7c khai th\u00e1c s\u1ee9c m\u1ea1nh c\u1ee7a c\u00f4ng ngh\u1ec7 th\u00f4ng tin \u0111\u00e3 l\u00e0m thay \u0111\u1ed5i c\u00e1ch m\u1ea1ng l\u1ecbch s\u1eed lo\u00e0i ng\u01b0\u1eddi, c\u00f3 th\u1ec3 so s\u00e1nh v\u1edbi t\u00e1c \u0111\u1ed9ng c\u1ee7a thu\u1ed1c n\u1ed5.\u0110\u1eb7c bi\u1ec7t, Internet \u0111\u00e3 nhanh ch\u00f3ng b [&hellip;]<\/p>\n","protected":false},"author":1,"featured_media":57134,"parent":0,"menu_order":8,"comment_status":"closed","ping_status":"closed","template":"other-page-temp.php","meta":{"footnotes":""},"acf":[],"_links":{"self":[{"href":"https:\/\/monolith.law\/vi\/wp-json\/wp\/v2\/pages\/4232"}],"collection":[{"href":"https:\/\/monolith.law\/vi\/wp-json\/wp\/v2\/pages"}],"about":[{"href":"https:\/\/monolith.law\/vi\/wp-json\/wp\/v2\/types\/page"}],"author":[{"embeddable":true,"href":"https:\/\/monolith.law\/vi\/wp-json\/wp\/v2\/users\/1"}],"replies":[{"embeddable":true,"href":"https:\/\/monolith.law\/vi\/wp-json\/wp\/v2\/comments?post=4232"}],"version-history":[{"count":33,"href":"https:\/\/monolith.law\/vi\/wp-json\/wp\/v2\/pages\/4232\/revisions"}],"predecessor-version":[{"id":61131,"href":"https:\/\/monolith.law\/vi\/wp-json\/wp\/v2\/pages\/4232\/revisions\/61131"}],"wp:featuredmedia":[{"embeddable":true,"href":"https:\/\/monolith.law\/vi\/wp-json\/wp\/v2\/media\/57134"}],"wp:attachment":[{"href":"https:\/\/monolith.law\/vi\/wp-json\/wp\/v2\/media?parent=4232"}],"curies":[{"name":"wp","href":"https:\/\/api.w.org\/{rel}","templated":true}]}}