{"id":56080,"date":"2023-06-16T00:51:59","date_gmt":"2023-06-15T15:51:59","guid":{"rendered":"https:\/\/monolith.law\/en\/?page_id=56080"},"modified":"2024-08-14T11:46:45","modified_gmt":"2024-08-14T02:46:45","slug":"internet","status":"publish","type":"page","link":"https:\/\/monolith.law\/vi\/internet","title":{"rendered":"Internet"},"content":{"rendered":"\n<section class=\"heading-area\">\n\t<div class=\"heading-area-inner\">\n\t\t<h2 class=\"icon-internet\">Internet<\/h2>\n\t\t<p>V\u1edbi t\u01b0 c\u00e1ch l\u00e0 m\u1ed9t v\u0103n ph\u00f2ng lu\u1eadt s\u01b0 c\u00f3 chuy\u00ean m\u00f4n m\u1ea1nh v\u1ec1 IT, ch\u00fang t\u00f4i c\u00f3 b\u1ec1 d\u00e0y kinh nghi\u1ec7m trong vi\u1ec7c cung c\u1ea5p h\u1ed7 tr\u1ee3 ph\u00e1p l\u00fd to\u00e0n di\u1ec7n cho c\u00e1c doanh nh\u00e2n trong ng\u00e0nh c\u00f4ng nghi\u1ec7p internet, bao g\u1ed3m c\u1ea3 nh\u1eefng ng\u01b0\u1eddi s\u00e1ng t\u1ea1o n\u1ed9i dung tr\u00ean YouTube. Ch\u00fang t\u00f4i c\u0169ng chuy\u00ean gi\u1ea3i quy\u1ebft c\u00e1c tranh ch\u1ea5p li\u00ean quan \u0111\u1ebfn n\u1ec1n t\u1ea3ng tr\u1ef1c tuy\u1ebfn v\u00e0 \u0111\u00e3 th\u00e0nh c\u00f4ng trong vi\u1ec7c h\u1ed7 tr\u1ee3 kh\u00e1ch h\u00e0ng lo\u1ea1i b\u1ecf c\u00e1c trang web ti\u00eau c\u1ef1c v\u00e0 gi\u1ea3i quy\u1ebft xung \u0111\u1ed9t tr\u1ef1c tuy\u1ebfn.<\/p>\n\t<\/div>\n<\/section>\n\n<section class=\"white-section\">\n\t<div class=\"section-inner pdt0  border-bottom-section\">\n\t\t<p class=\"mgb-small\">V\u0103n ph\u00f2ng lu\u1eadt MONOLITH LAW OFFICE, v\u1edbi kinh nghi\u1ec7m d\u00e0y d\u1eb7n trong c\u00e1c v\u1ea5n \u0111\u1ec1 ph\u00e1p l\u00fd li\u00ean quan \u0111\u1ebfn IT, \u0111\u1eb7c bi\u1ec7t am hi\u1ec3u trong vi\u1ec7c h\u1ed7 tr\u1ee3 c\u00e1c doanh nghi\u1ec7p d\u1ef1a tr\u00ean internet, bao g\u1ed3m c\u1ea3 nh\u1eefng ng\u01b0\u1eddi s\u00e1ng t\u1ea1o n\u1ed9i dung tr\u00ean YouTube v\u00e0 c\u00e1c c\u00f4ng ty tham gia v\u00e0o c\u00e1c ho\u1ea1t \u0111\u1ed9ng li\u00ean quan \u0111\u1ebfn YouTube.<\/p>\n\t\t<p>Ch\u00fang t\u00f4i hi\u1ec3u r\u00f5 nh\u1eefng r\u1ee7i ro ti\u1ec1m \u1ea9n li\u00ean quan \u0111\u1ebfn internet, nh\u01b0 c\u00e1c trang web ti\u00eau c\u1ef1c v\u00e0 b\u00e0i \u0111\u0103ng tr\u00ean di\u1ec5n \u0111\u00e0n tr\u1ef1c tuy\u1ebfn. V\u0103n ph\u00f2ng lu\u1eadt c\u1ee7a ch\u00fang t\u00f4i \u0111\u00e3 th\u00e0nh c\u00f4ng trong vi\u1ec7c x\u1eed l\u00fd nhi\u1ec1u v\u1ee5 vi\u1ec7c li\u00ean quan \u0111\u1ebfn qu\u1ea3n l\u00fd danh ti\u1ebfng tr\u1ef1c tuy\u1ebfn cho \u0111a d\u1ea1ng kh\u00e1ch h\u00e0ng, t\u1eeb c\u00e1 nh\u00e2n \u0111\u1ebfn c\u00e1c t\u1eadp \u0111o\u00e0n l\u1edbn. C\u00e1c trang web ti\u00eau c\u1ef1c \u0111\u1eb7t ra th\u00e1ch th\u1ee9c ph\u00e1p l\u00fd \u0111\u1ed9c \u0111\u00e1o t\u1ea1i Nh\u1eadt B\u1ea3n, v\u00e0 c\u00e1c lu\u1eadt s\u01b0 c\u1ee7a ch\u00fang t\u00f4i c\u00f3 \u0111\u1ee7 n\u0103ng l\u1ef1c \u0111\u1ec3 cung c\u1ea5p gi\u1ea3i ph\u00e1p hi\u1ec7u qu\u1ea3. Ch\u00fang t\u00f4i mong mu\u1ed1n \u0111\u01b0\u1ee3c t\u01b0 v\u1ea5n cho b\u1ea1n, t\u1eadn d\u1ee5ng chuy\u00ean m\u00f4n v\u00e0 kinh nghi\u1ec7m c\u1ee7a m\u00ecnh trong vi\u1ec7c gi\u1ea3i quy\u1ebft c\u00e1c v\u1ea5n \u0111\u1ec1 li\u00ean quan \u0111\u1ebfn c\u00e1c trang web ti\u00eau c\u1ef1c.<\/p>\n\t<\/div>\n<\/section>\n\n<section class=\"second-nav\">\n\t<div class=\"second-nav-inner\">\n\t\t<p>CH\u1ee6 \u0110\u1ec0<\/p>\n\t\t<nav>\n\t\t\t<ul>\n\t\t\t\t<li><a href=\"#legal-support-for-youtuber\">H\u1ed7 tr\u1ee3 Ph\u00e1p l\u00fd cho YouTuber<\/a><\/li>\n\t\t\t\t<li><a href=\"#legal-support-for-vtuber\">H\u1ed7 tr\u1ee3 Ph\u00e1p l\u00fd cho VTuber<\/a><\/li>\n\t\t\t\t<li><a href=\"#manda-of-sns-accounts\">M&amp;A c\u1ee7a t\u00e0i kho\u1ea3n SNS<\/a><\/li>\n\t\t\t\t<li><a href=\"#mitigating-reputational-damage\">Gi\u1ea3m thi\u1ec3u T\u1ed5n h\u1ea1i Danh ti\u1ebfng<\/a><\/li>\n\t\t\t\t<li><a href=\"#id-of-the-defamatory-statement\">X\u00e1c \u0111\u1ecbnh B\u00ecnh lu\u1eadn Ph\u1ec9 b\u00e1ng<\/a><\/li>\n\t\t\t\t<li><a href=\"#corporate-reputation-management\">Qu\u1ea3n l\u00fd Danh ti\u1ebfng Doanh nghi\u1ec7p<\/a><\/li>\n\t\t\t\t<li><a href=\"#removal-of-past-unwanted-info\">Lo\u1ea1i b\u1ecf Th\u00f4ng tin Kh\u00f4ng Mong mu\u1ed1n Tr\u01b0\u1edbc \u0111\u00e2y<\/a><\/li>\n\t\t\t\t<li><a href=\"#monolith-law-magazine\">T\u1ea1p ch\u00ed MONOLITH LAW<\/a><\/li>\n\t\t\t\t<li><a href=\"#fee-structure\">C\u1ea5u tr\u00fac Ph\u00ed<\/a><\/li>\n\t\t\t<\/ul>\n\t\t<\/nav>\n\t<\/div>\n<\/section>\n\n<section class=\"purple-section mgt-section\">\n\t<div class=\"anchor\" id=\"legal-support-for-youtuber\"><\/div>\n\t<div class=\"section-inner\">\n\t\t<div class=\"flex\">\n\t\t\t<div class=\"width41\"><img decoding=\"async\" src=\"\/wp-content\/themes\/monolith2021\/img\/pic\/pic_practices-youtuberlaw.jpg\" alt=\"H\u1ed7 tr\u1ee3 Ph\u00e1p l\u00fd cho YouTuber\"><\/div>\n\t\t\t<div class=\"width51\">\n\t\t\t\t<h3>H\u1ed7 tr\u1ee3 ph\u00e1p l\u00fd cho YouTuber<\/h3>\n\t\t\t\t<p class=\"mgb-small\">C\u00e1c k\u00eanh YouTube \u0111\u01b0\u1ee3c qu\u1ea3n l\u00fd b\u1edfi c\u00e1c c\u00f4ng ty \u0111\u1ea1i di\u1ec7n cho YouTuber, c\u00e1c c\u00f4ng ty ho\u1ea1t \u0111\u1ed9ng v\u1edbi YouTuber \u1ea3o (VTubers), v\u00e0 c\u00e1c c\u00f4ng ty kinh doanh \u0111\u1ec1u c\u1ea7n c\u00f3 c\u00e1c c\u1ed1 v\u1ea5n ph\u00e1p l\u00fd c\u00f3 chuy\u00ean m\u00f4n v\u00e0 kinh nghi\u1ec7m t\u1ea1i Nh\u1eadt B\u1ea3n.<\/p>\n\t\t\t\t<p class=\"mgb-middle\">Kh\u00e1ch h\u00e0ng c\u1ee7a ch\u00fang t\u00f4i bao g\u1ed3m c\u00e1c c\u00f4ng ty qu\u1ea3n l\u00fd YouTuber h\u00e0ng \u0111\u1ea7u Nh\u1eadt B\u1ea3n, c\u00e1c YouTuber c\u00e1 nh\u00e2n n\u1ed5i ti\u1ebfng, v\u00e0 c\u00e1c c\u00f4ng ty qu\u1ea3n l\u00fd kinh doanh VTubers kh\u1eafp Nh\u1eadt B\u1ea3n. Ch\u00fang t\u00f4i c\u0169ng cung c\u1ea5p h\u1ed7 tr\u1ee3 chuy\u00ean s\u00e2u trong vi\u1ec7c so\u1ea1n th\u1ea3o v\u00e0 xem x\u00e9t c\u00e1c h\u1ee3p \u0111\u1ed3ng li\u00ean quan \u0111\u1ebfn YouTuber v\u00e0 VTuber, c\u0169ng nh\u01b0 gi\u1ea3i quy\u1ebft c\u00e1c v\u1ea5n \u0111\u1ec1 ph\u00e1p l\u00fd li\u00ean quan \u0111\u1ebfn vi\u1ec7c t\u1ea1o video t\u1ea1i Nh\u1eadt B\u1ea3n.<\/p>\n\t\t\t\t<div class=\"btn-area align-left\">\n\t\t\t\t\t<div class=\"btn icon-legal-support-for-youtuber\"><a href=\"\/vi\/legal-support-for-youtuber\/\">H\u1ed7 tr\u1ee3 ph\u00e1p l\u00fd<br>cho YouTuber<\/a><\/div>\n\t\t\t\t<\/div>\n\t\t\t<\/div>\n\t\t<\/div>\n\t<\/div>\n<\/section>\n\n<section class=\"white-section\">\n\t<div class=\"anchor\" id=\"legal-support-for-vtuber\"><\/div>\n\t<div class=\"section-inner\">\n\t\t<div class=\"flex reverse\">\n\t\t\t<div class=\"width41\"><img decoding=\"async\" src=\"\/wp-content\/themes\/monolith2021\/img\/vtuberlaw\/pic_practices-vtuberlaw.jpg\" alt=\"H\u1ed7 tr\u1ee3 ph\u00e1p l\u00fd cho VTuber\"><\/div>\n\t\t\t<div class=\"width51\">\n\t\t\t\t<h3>H\u1ed7 tr\u1ee3 ph\u00e1p l\u00fd cho VTuber<\/h3>\n\t\t\t\t<p class=\"mgb-small\">S\u1ef1 ph\u1ed5 bi\u1ebfn c\u1ee7a VTubers, nh\u1eefng YouTubers s\u1eed d\u1ee5ng avatar 2D ho\u1eb7c 3D \u0111\u1ec3 t\u1ea1o ra video v\u00e0 livestreams, \u0111\u00e3 tr\u1edf n\u00ean v\u1eefng ch\u1eafc. N\u00f3 b\u1eaft \u0111\u1ea7u t\u1eeb Nh\u1eadt B\u1ea3n v\u00e0 gi\u1edd \u0111\u00e2y \u0111\u00e3 lan r\u1ed9ng \u0111\u1ebfn c\u00e1c qu\u1ed1c gia tr\u00ean th\u1ebf gi\u1edbi.<\/p>\n\t\t\t\t<p class=\"mgb-middle\">K\u1ec3 t\u1eeb n\u0103m 2017, ch\u00fang t\u00f4i \u0111\u00e3 x\u1eed l\u00fd c\u00e1c v\u1ea5n \u0111\u1ec1 ph\u00e1p l\u00fd VTuber t\u1ea1i Nh\u1eadt B\u1ea3n, v\u00e0 ch\u00fang t\u00f4i \u0111\u00e3 t\u00edch l\u0169y \u0111\u01b0\u1ee3c m\u1ed9t l\u01b0\u1ee3ng kinh nghi\u1ec7m phong ph\u00fa v\u00e0 m\u1ed9t h\u1ed3 s\u01a1 th\u00e0nh t\u00edch v\u1eefng ch\u1eafc. Ch\u00fang t\u00f4i ho\u00e0n to\u00e0n cam k\u1ebft cung c\u1ea5p h\u1ed7 tr\u1ee3 to\u00e0n di\u1ec7n cho VTubers v\u00e0 c\u00e1c c\u00f4ng ty v\u00e0 c\u01a1 quan li\u00ean k\u1ebft c\u1ee7a h\u1ecd tr\u00ean to\u00e0n th\u1ebf gi\u1edbi.<\/p>\n\t\t\t\t<div class=\"btn-area align-left\">\n\t\t\t\t\t<div class=\"btn icon-legal-support-for-vtuber\"><a href=\"\/vi\/legal-support-for-vtuber\/\">H\u1ed7 tr\u1ee3 ph\u00e1p l\u00fd<br>cho VTuber<\/a><\/div>\n\t\t\t\t<\/div>\n\t\t\t<\/div>\n\t\t<\/div>\n\t<\/div>\n<\/section>\n\n<section class=\"white-section\">\n\t<div class=\"anchor\" id=\"manda-of-sns-accounts\"><\/div>\n\t<div class=\"section-inner\">\n\t\t<div class=\"flex\">\n\t\t\t<div class=\"width41\"><img decoding=\"async\" src=\"\/wp-content\/themes\/monolith2021\/img\/pic\/pic_sns_manda.jpg\" alt=\"M&amp;A of SNS accounts\"><\/div>\n\t\t\t<div class=\"width51\">\n\t\t\t\t<h3>M&amp;A c\u1ee7a c\u00e1c t\u00e0i kho\u1ea3n SNS<\/h3>\n\t\t\t\t<p class=\"mgb-small\">T\u01b0\u01a1ng t\u1ef1 nh\u01b0 c\u00e1c trang web, c\u00e1c k\u00eanh YouTube v\u00e0 t\u00e0i kho\u1ea3n Twitter c\u0169ng c\u00f3 th\u1ec3 \u0111\u01b0\u1ee3c chuy\u1ec3n nh\u01b0\u1ee3ng v\u00e0 s\u00e1p nh\u1eadp. Tuy nhi\u00ean, v\u00ec nh\u1eefng tr\u01b0\u1eddng h\u1ee3p M&amp;A n\u00e0y l\u00e0 \u0111\u1eb7c bi\u1ec7t, n\u00ean c\u1ea7n m\u1ed9t v\u0103n ph\u00f2ng lu\u1eadt s\u01b0 c\u00f3 ki\u1ebfn th\u1ee9c v\u00e0 k\u1ef9 n\u0103ng chuy\u00ean m\u00f4n. MONOLITH LAW OFFICE l\u00e0 m\u1ed9t v\u0103n ph\u00f2ng lu\u1eadt s\u01b0 chuy\u00ean v\u1ec1 IT, internet v\u00e0 kinh doanh. C\u00e1c lu\u1eadt s\u01b0 c\u1ee7a ch\u00fang t\u00f4i x\u1eed l\u00fd m\u1ecdi th\u1ee9 t\u1eeb vi\u1ec7c so\u1ea1n th\u1ea3o h\u1ee3p \u0111\u1ed3ng \u0111\u1ebfn ki\u1ec3m to\u00e1n ph\u00e1p l\u00fd (DD) cho nhi\u1ec1u d\u1ef1 \u00e1n M&amp;A, t\u1eeb nh\u1eefng d\u1ef1 \u00e1n nh\u1ecf li\u00ean quan \u0111\u1ebfn k\u00eanh YouTube \u0111\u1ebfn c\u00e1c d\u1ef1 \u00e1n v\u01b0\u1ee3t qu\u00e1 100 tri\u1ec7u y\u00ean.<\/p>\n\t\t\t\t<div class=\"btn-area align-left\">\n\t\t\t\t\t<div class=\"btn icon-m-and-a-of-sns-accounts\"><a href=\"\/vi\/m-and-a-of-sns-accounts\/\">M&amp;A c\u1ee7a c\u00e1c t\u00e0i kho\u1ea3n SNS<\/a><\/div>\n\t\t\t\t<\/div>\n\n\t\t\t<\/div>\n\t\t<\/div>\n\t<\/div>\n<\/section>\n\n<section class=\"purple-section\">\n\t<div class=\"anchor\" id=\"mitigating-reputational-damage\"><\/div>\n\t<div class=\"section-inner\">\n\t\t<div class=\"flex reverse\">\n\t\t\t<div class=\"width41\"><img decoding=\"async\" src=\"\/wp-content\/themes\/monolith2021\/img\/pic\/pic_practices-reputation.jpg\" alt=\"Mitigating Reputational Damage\"><\/div>\n\t\t\t<div class=\"width51\">\n\t\t\t\t<h3>Gi\u1ea3m Thi\u1ec3u T\u1ed5n H\u1ea1i Uy T\u00edn<\/h3>\n\t\t\t\t<p class=\"mgb-small\">C\u00e1c trang web ti\u00eau c\u1ef1c c\u00f3 th\u1ec3 t\u1ea5n c\u00f4ng doanh nghi\u1ec7p ho\u1eb7c c\u00e1 nh\u00e2n, g\u00e2y \u1ea3nh h\u01b0\u1edfng x\u1ea5u \u0111\u1ebfn danh ti\u1ebfng c\u1ee7a h\u1ecd. Tuy nhi\u00ean, lu\u1eadt ph\u00e1p Nh\u1eadt B\u1ea3n cung c\u1ea5p c\u00e1c quy \u0111\u1ecbnh cho vi\u1ec7c g\u1ee1 b\u1ecf nh\u1eefng trang web n\u00e0y n\u1ebfu ch\u00fang c\u1ea5u th\u00e0nh h\u00e0nh vi ph\u1ec9 b\u00e1ng ho\u1eb7c x\u00e2m ph\u1ea1m quy\u1ec1n ri\u00eang t\u01b0. T\u1ea1i MONOLITH LAW OFFICE, ch\u00fang t\u00f4i chuy\u00ean v\u1ec1 c\u00e1c v\u1ea5n \u0111\u1ec1 ph\u00e1p l\u00fd li\u00ean quan \u0111\u1ebfn internet v\u00e0 \u0111\u00e3 th\u00e0nh c\u00f4ng trong vi\u1ec7c x\u1eed l\u00fd nhi\u1ec1u tr\u01b0\u1eddng h\u1ee3p li\u00ean quan \u0111\u1ebfn vi\u1ec7c lo\u1ea1i b\u1ecf th\u00f4ng tin c\u00f3 h\u1ea1i tr\u00ean internet.<\/p>\n\t\t\t\t<p class=\"mgb-middle\">V\u1edbi kinh nghi\u1ec7m m\u1ea1nh m\u1ebd v\u1ec1 internet v\u00e0 s\u1ef1 hi\u1ec3u bi\u1ebft s\u00e2u s\u1eafc v\u1ec1 nguy\u00ean t\u1eafc ph\u00e1p l\u00fd c\u1ee7a Nh\u1eadt B\u1ea3n, \u0111\u1ed9i ng\u0169 t\u1eadn t\u00e2m c\u1ee7a ch\u00fang t\u00f4i \u0111\u00e3 h\u1ed7 tr\u1ee3 nhi\u1ec1u kh\u00e1ch h\u00e0ng, t\u1eeb c\u00e1c t\u1ed5 ch\u1ee9c l\u1edbn \u0111\u1ebfn c\u00e1 nh\u00e2n, trong vi\u1ec7c ch\u1ed1ng l\u1ea1i c\u00e1c trang web ti\u00eau c\u1ef1c m\u1ed9t c\u00e1ch hi\u1ec7u qu\u1ea3. Th\u00f4ng qua c\u00e1c can thi\u1ec7p ph\u00e1p l\u00fd chi\u1ebfn l\u01b0\u1ee3c, ch\u00fang t\u00f4i l\u00e0m vi\u1ec7c kh\u00f4ng m\u1ec7t m\u1ecfi \u0111\u1ec3 b\u1ea3o v\u1ec7 danh ti\u1ebfng c\u1ee7a kh\u00e1ch h\u00e0ng v\u00e0 gi\u1ea3m thi\u1ec3u t\u1ed5n h\u1ea1i do n\u1ed9i dung ph\u1ec9 b\u00e1ng ho\u1eb7c x\u00e2m ph\u1ea1m quy\u1ec1n ri\u00eang t\u01b0 g\u00e2y ra.<\/p>\n\t\t\t\t<div class=\"btn-area align-left\">\n\t\t\t\t\t<div class=\"btn icon-mitigating-reputational-damage\"><a href=\"\/vi\/mitigating-reputational-damage\/\">Gi\u1ea3m Thi\u1ec3u<br>T\u1ed5n H\u1ea1i Uy T\u00edn<\/a><\/div>\n\t\t\t\t<\/div>\n\t\t\t<\/div>\n\t\t<\/div>\n\t<\/div>\n<\/section>\n\n<section class=\"white-section\">\n\t<div class=\"anchor\" id=\"id-of-the-defamatory-statement\"><\/div>\n\t<div class=\"section-inner\">\n\t\t<div class=\"flex\">\n\t\t\t<div class=\"width41\"><img decoding=\"async\" src=\"\/wp-content\/themes\/monolith2021\/img\/pic\/pic_reputation.jpg\" alt=\"ID c\u1ee7a Ngu\u1ed3n Ph\u00e1t Ng\u00f4n Ph\u1ec9 B\u00e1ng\"><\/div>\n\t\t\t<div class=\"width51\">\n\t\t\t\t<h3>X\u00e1c \u0111\u1ecbnh ID c\u1ee7a B\u00ecnh lu\u1eadn Ph\u1ec9 b\u00e1ng<\/h3>\n\t\t\t\t<p class=\"mgb-small\">Theo lu\u1eadt Nh\u1eadt B\u1ea3n, vi\u1ec7c x\u00e1c \u0111\u1ecbnh nh\u1eefng c\u00e1 nh\u00e2n ch\u1ecbu tr\u00e1ch nhi\u1ec7m v\u1ec1 c\u00e1c b\u00e0i \u0111\u0103ng b\u1ea5t h\u1ee3p ph\u00e1p, nh\u01b0 nh\u1eefng b\u00e0i \u0111\u0103ng ph\u1ec9 b\u00e1ng, c\u00f3 th\u1ec3 \u0111\u01b0\u1ee3c ti\u1ebfn h\u00e0nh th\u00f4ng qua c\u00e1c quy \u0111\u1ecbnh c\u1ee7a Lu\u1eadt Gi\u1edbi h\u1ea1n Tr\u00e1ch nhi\u1ec7m c\u1ee7a Nh\u00e0 cung c\u1ea5p (Japanese Provider Liability Limitation Act). Quy tr\u00ecnh ph\u00e1p l\u00fd n\u00e0y \u0111\u01b0\u1ee3c ti\u1ebfn h\u00e0nh t\u1ea1i t\u00f2a \u00e1n Nh\u1eadt B\u1ea3n.<\/p>\n\t\t\t\t<p class=\"mgb-middle\">Trong nh\u1eefng tr\u01b0\u1eddng h\u1ee3p li\u00ean quan \u0111\u1ebfn c\u00e1c b\u00e0i \u0111\u0103ng c\u00f3 \u00fd \u0111\u1ed3 x\u1ea5u xa m\u00e0 kh\u00f4ng th\u1ec3 b\u1ecf qua, nh\u01b0 nh\u1eefng c\u00e1o bu\u1ed9c sai l\u1ec7ch li\u00ean k\u1ebft ch\u1ee7 s\u1edf h\u1eefu doanh nghi\u1ec7p v\u1edbi c\u00e1c l\u1ef1c l\u01b0\u1ee3ng ch\u1ed1ng x\u00e3 h\u1ed9i, vi\u1ec7c x\u00e1c \u0111\u1ecbnh th\u1ee7 ph\u1ea1m v\u00e0 t\u00ecm ki\u1ebfm c\u00e1c bi\u1ec7n ph\u00e1p tr\u1eebng ph\u1ea1t ph\u00e1p l\u00fd th\u00edch h\u1ee3p l\u00e0 r\u1ea5t quan tr\u1ecdng. Ngo\u00e0i ra, khi c\u00e1c b\u00e0i \u0111\u0103ng b\u1ea5t h\u1ee3p ph\u00e1p x\u1ea3y ra li\u00ean t\u1ee5c, n\u00ean c\u00f3 nh\u1eefng n\u1ed7 l\u1ef1c \u0111\u1ec3 x\u00e1c \u0111\u1ecbnh v\u00e0 ng\u0103n ch\u1eb7n s\u1ef1 t\u00e1i ph\u00e1t.<\/p>\n\t\t\t\t<div class=\"btn-area align-left\">\n\t\t\t\t\t<div class=\"btn icon-id-of-the-defamatory-statement\"><a href=\"\/vi\/id-of-the-defamatory-statement\/\">X\u00e1c \u0111\u1ecbnh ID c\u1ee7a B\u00ecnh lu\u1eadn<br>Ph\u1ec9 b\u00e1ng<\/a><\/div>\n\t\t\t\t<\/div>\n\t\t\t<\/div>\n\t\t<\/div>\n\t<\/div>\n<\/section>\n\n<section class=\"orange-section\">\n\t<div class=\"anchor\" id=\"corporate-reputation-management\"><\/div>\n\t<div class=\"section-inner\">\n\t\t<div class=\"flex reverse\">\n\t\t\t<div class=\"width41\"><img decoding=\"async\" src=\"\/en\/wp-content\/uploads\/sites\/6\/2023\/06\/pic_practices-listedcompany.jpg\" alt=\"Qu\u1ea3n l\u00fd Uy t\u00edn Doanh nghi\u1ec7p\"><\/div>\n\t\t\t<div class=\"width51\">\n\t\t\t\t<h3>Qu\u1ea3n l\u00fd Uy t\u00edn Doanh nghi\u1ec7p<\/h3>\n\t\t\t\t<p class=\"mgb-small\">Khi m\u1ed9t c\u00f4ng ty l\u1edbn ph\u1ea3i \u0111\u1ed1i m\u1eb7t v\u1edbi t\u1ed5n th\u1ea5t v\u1ec1 uy t\u00edn do h\u00e0ng lo\u1ea1t trang web ti\u00eau c\u1ef1c tr\u00ean Internet, vi\u1ec7c gi\u1ea3i quy\u1ebft v\u1ea5n \u0111\u1ec1 tr\u1edf n\u00ean ph\u1ee9c t\u1ea1p. Vi\u1ec7c \u01b0u ti\u00ean trang n\u00e0o c\u1ea7n lo\u1ea1i b\u1ecf v\u00e0 \u0111\u00e1nh gi\u00e1 hi\u1ec7u qu\u1ea3 v\u1ec1 m\u1eb7t chi ph\u00ed c\u1ee7a c\u00e1c n\u1ed7 l\u1ef1c lo\u1ea1i b\u1ecf \u0111\u1ec1u \u0111\u1eb7t ra nh\u1eefng th\u00e1ch th\u1ee9c l\u1edbn. L\u00e0 m\u1ed9t v\u0103n ph\u00f2ng lu\u1eadt s\u01b0 \u0111\u01b0\u1ee3c trang b\u1ecb c\u1ea3 chuy\u00ean m\u00f4n ph\u00e1p l\u00fd v\u00e0 t\u01b0 v\u1ea5n IT, ch\u00fang t\u00f4i cung c\u1ea5p c\u00e1c gi\u1ea3i ph\u00e1p to\u00e0n di\u1ec7n ph\u00f9 h\u1ee3p v\u1edbi nh\u1eefng k\u1ecbch b\u1ea3n v\u1ea5n \u0111\u1ec1 ph\u1ee9c t\u1ea1p n\u00e0y.<\/p>\n\t\t\t\t<p>\u0110\u1ed9i ng\u0169 lu\u1eadt s\u01b0 v\u00e0 t\u01b0 v\u1ea5n IT c\u1ee7a ch\u00fang t\u00f4i cung c\u1ea5p chuy\u00ean m\u00f4n trong vi\u1ec7c thi\u1ebft l\u1eadp \u01b0u ti\u00ean, thi\u1ebft k\u1ebf ch\u1ec9 s\u1ed1 hi\u1ec7u su\u1ea5t ch\u00ednh (KPIs), v\u00e0 \u01b0\u1edbc l\u01b0\u1ee3ng t\u1ef7 l\u1ec7 chi ph\u00ed-l\u1ee3i \u00edch li\u00ean quan \u0111\u1ebfn ph\u00e2n b\u1ed5 ng\u00e2n s\u00e1ch. Ch\u00fang t\u00f4i ti\u1ebfp c\u1eadn t\u00ecnh h\u00ecnh t\u01b0\u01a1ng t\u1ef1 nh\u01b0 c\u00e1c c\u00f4ng ty t\u01b0 v\u1ea5n, cung c\u1ea5p h\u01b0\u1edbng d\u1eabn chi\u1ebfn l\u01b0\u1ee3c v\u00e0 ph\u00e2n t\u00edch \u0111\u1ec3 \u0111i\u1ec1u h\u01b0\u1edbng qu\u00e1 tr\u00ecnh m\u1ed9t c\u00e1ch hi\u1ec7u qu\u1ea3.<\/p>\n\t\t\t<\/div>\n\t\t<\/div>\n\t<\/div>\n<\/section>\n\n<section class=\"white-section\">\n\t<div class=\"anchor\" id=\"removal-of-past-unwanted-info\"><\/div>\n\t<div class=\"section-inner\">\n\t\t<div class=\"flex\">\n\t\t\t<div class=\"width41\"><img decoding=\"async\" src=\"\/en\/wp-content\/uploads\/sites\/6\/2023\/06\/pastunwantedcontent.jpg\" alt=\"Lo\u1ea1i b\u1ecf N\u1ed9i dung Kh\u00f4ng mong mu\u1ed1n trong Qu\u00e1 kh\u1ee9\"><\/div>\n\t\t\t<div class=\"width51\">\n\t\t\t\t<h3>X\u00f3a Th\u00f4ng Tin Kh\u00f4ng Mong Mu\u1ed1n Tr\u01b0\u1edbc \u0110\u00e2y<\/h3>\n\t\t\t\t<p class=\"mgb-small\">V\u0103n ph\u00f2ng lu\u1eadt s\u01b0 MONOLITH chuy\u00ean gi\u1ea3i quy\u1ebft th\u00e1ch th\u1ee9c qu\u1ea3n l\u00fd s\u1ef1 hi\u1ec7n di\u1ec7n tr\u1ef1c tuy\u1ebfn, \u0111\u1eb7c bi\u1ec7t l\u00e0 cho nh\u1eefng c\u00e1 nh\u00e2n li\u00ean quan \u0111\u1ebfn ng\u00e0nh c\u00f4ng nghi\u1ec7p gi\u1ea3i tr\u00ed. Ch\u00fang t\u00f4i hi\u1ec3u r\u1eb1ng th\u00f4ng tin, c\u1ea3 ch\u00ednh th\u1ee9c v\u00e0 kh\u00f4ng ch\u00ednh th\u1ee9c, c\u00f3 th\u1ec3 c\u00f3 t\u00e1c \u0111\u1ed9ng l\u00e2u d\u00e0i \u0111\u1ebfn cu\u1ed9c s\u1ed1ng c\u00e1 nh\u00e2n v\u00e0 chuy\u00ean nghi\u1ec7p. V\u0103n ph\u00f2ng c\u1ee7a ch\u00fang t\u00f4i cung c\u1ea5p c\u00e1c gi\u1ea3i ph\u00e1p to\u00e0n di\u1ec7n \u0111\u1ec3 gi\u1ea3i quy\u1ebft nh\u1eefng m\u1ed1i quan t\u00e2m n\u00e0y, s\u1eed d\u1ee5ng s\u1ef1 k\u1ebft h\u1ee3p \u0111\u1ed9c \u0111\u00e1o c\u1ee7a chuy\u00ean m\u00f4n ph\u00e1p l\u00fd v\u00e0 c\u00f4ng ngh\u1ec7 th\u00f4ng tin. D\u00f9 l\u00e0 vi\u1ec7c x\u00f3a n\u1ed9i dung kh\u00f4ng mong mu\u1ed1n, qu\u1ea3n l\u00fd d\u1ea5u v\u1ebft s\u1ed1 h\u00f3a, hay \u0111\u1ecbnh h\u01b0\u1edbng v\u1ea5n \u0111\u1ec1 &#8220;quy\u1ec1n \u0111\u01b0\u1ee3c qu\u00ean&#8221;, ch\u00fang t\u00f4i cung c\u1ea5p m\u1ed9t gi\u1ea3i ph\u00e1p to\u00e0n di\u1ec7n \u0111\u1ec3 b\u1ea3o v\u1ec7 danh ti\u1ebfng tr\u1ef1c tuy\u1ebfn c\u1ee7a b\u1ea1n.<\/p>\n\t\t\t\t<p>H\u00e3y tin t\u01b0\u1edfng V\u0103n ph\u00f2ng lu\u1eadt s\u01b0 MONOLITH \u0111\u1ec3 b\u1ea3o v\u1ec7 quy\u1ec1n ri\u00eang t\u01b0 c\u1ee7a b\u1ea1n v\u00e0 \u0111\u1ea3m b\u1ea3o s\u1ef1 chuy\u1ec3n ti\u1ebfp m\u01b0\u1ee3t m\u00e0 \u0111\u1ebfn nh\u1eefng n\u1ed7 l\u1ef1c trong t\u01b0\u01a1ng lai c\u1ee7a b\u1ea1n.<\/p>\n\t\t\t<\/div>\n\t\t<\/div>\n\t<\/div>\n<\/section>\n\n<section class=\"purple2-section\">\n\t<div class=\"anchor\" id=\"monolith-law-magazine\"><\/div>\n\t<div class=\"section-inner\">\n\t\t    <section class=\"white-section temp-article\">\n        <div class=\"section-inner\">\n            <h4>MONOLITH LAW MAGAZINE<\/h4>\n            <div class=\"articles type_practice_column\">\n                                                                    <div class=\"article article-area\">\n                        <figure>\n                            <div class=\"img-wrap\">\n                                <img alt=\"\u00dd ngh\u0129a v\u00e0 th\u1ef1c ti\u1ec5n c\u1ee7a quy\u1ec1n t\u00e1c gi\u1ea3 trong ho\u1ea1t \u0111\u1ed9ng VTuber\" src=\"https:\/\/monolith.law\/vi\/wp-content\/uploads\/sites\/17\/2025\/02\/ml3c7lqf-1024x526.png\" width=\"500\" height=\"250\">\n                            <\/div>\n                            <figcaption>\n                                <div class=\"figcaption-inner\">\n                                    <h3>\u00dd ngh\u0129a v\u00e0 th\u1ef1c ti\u1ec5n c\u1ee7a quy\u1ec1n t\u00e1c gi\u1ea3 trong ho\u1ea1t \u0111\u1ed9ng VTuber<\/h3>\n                                <\/div>\n                            <\/figcaption>\n                            <a href=\"https:\/\/monolith.law\/vi\/internet\/vtuber-copyright\"><\/a>\n                        <\/figure>\n                    <\/div>\n                                                    <div class=\"article article-area\">\n                        <figure>\n                            <div class=\"img-wrap\">\n                                <img alt=\"Chi\u1ebfn l\u01b0\u1ee3c ti\u1ebfp th\u1ecb m\u1edbi s\u1eed d\u1ee5ng VTuber\" src=\"https:\/\/monolith.law\/vi\/wp-content\/uploads\/sites\/17\/2025\/02\/gtz7unrf.png\" width=\"500\" height=\"250\">\n                            <\/div>\n                            <figcaption>\n                                <div class=\"figcaption-inner\">\n                                    <h3>Chi\u1ebfn l\u01b0\u1ee3c ti\u1ebfp th\u1ecb m\u1edbi s\u1eed d\u1ee5ng VTuber<\/h3>\n                                <\/div>\n                            <\/figcaption>\n                            <a href=\"https:\/\/monolith.law\/vi\/internet\/vtuber-marketing\"><\/a>\n                        <\/figure>\n                    <\/div>\n                                                    <div class=\"article article-area\">\n                        <figure>\n                            <div class=\"img-wrap\">\n                                <img alt=\"X\u1ebfp h\u1ea1ng s\u1ed1 l\u01b0\u1ee3ng ng\u01b0\u1eddi \u0111\u0103ng k\u00fd c\u1ee7a VTuber\" src=\"https:\/\/monolith.law\/vi\/wp-content\/uploads\/sites\/17\/2025\/02\/rcfh0qk3.png\" width=\"500\" height=\"250\">\n                            <\/div>\n                            <figcaption>\n                                <div class=\"figcaption-inner\">\n                                    <h3>X\u1ebfp h\u1ea1ng s\u1ed1 l\u01b0\u1ee3ng ng\u01b0\u1eddi \u0111\u0103ng k\u00fd c\u1ee7a VTuber<\/h3>\n                                <\/div>\n                            <\/figcaption>\n                            <a href=\"https:\/\/monolith.law\/vi\/internet\/vtuber-ranking-best-youtube\"><\/a>\n                        <\/figure>\n                    <\/div>\n                                            <\/div>\n            <div class=\"btn-more\"><a href=\"https:\/\/monolith.law\/vi\/tag\/internet\">Read More<\/a><\/div>\n        <\/div>\n    <\/section>\n\t<\/div>\n<\/section>\n\n<section class=\"orange2-section\">\n\t<div class=\"anchor\" id=\"fee-structure\"><\/div>\n\t<div class=\"section-inner\">\n\t<div class=\"planWrap\">\n\t<h3>C\u1ea5u tr\u00fac Ph\u00ed D\u1ecbch V\u1ee5<\/h3>\n\t<ul class=\"plan\">\n\t\t<li class=\"txt-left\">\n\t\t\t<div class=\"plan-inner\">\n\t\t\t<div class=\"plan-header\">\n\t\t\t<h4 class=\"plan-title\">M\u1ee9c Ph\u00ed Theo Gi\u1edd<\/h4>\n\t\t\t<div class=\"plan-price\"><span class=\"price-figure\">$300<\/span>m\u1ed7i gi\u1edd<span class=\"price-tax\"><\/span><\/div>\n\t\t\t<\/div>\n\t\t\t<div class=\"plan-body\">Trong m\u1ed9t s\u1ed1 tr\u01b0\u1eddng h\u1ee3p, ch\u00fang t\u00f4i c\u00f3 th\u1ec3 xem x\u00e9t vi\u1ec7c ch\u1ea5p nh\u1eadn m\u1ed9t tranh ch\u1ea5p ho\u1eb7c v\u1ee5 ki\u1ec7n v\u1edbi m\u1ed9t kho\u1ea3n ph\u00ed kh\u1edfi t\u1ea1o v\u00e0 ph\u00ed d\u1ef1a tr\u00ean k\u1ebft qu\u1ea3. \u0110\u1ec3 bi\u1ebft th\u00eam chi ti\u1ebft, xin vui l\u00f2ng li\u00ean h\u1ec7 v\u1edbi ch\u00fang t\u00f4i.<\/div>\n\t\t\t<\/div>\n\t\t<\/li>\n\t\t<li class=\"txt-left\">\n\t\t\t<div class=\"plan-inner\">\n\t\t\t<div class=\"plan-header\">\n\t\t\t<h4 class=\"plan-title\">So\u1ea1n Th\u1ea3o H\u1ee3p \u0110\u1ed3ng<\/h4>\n\t\t\t<div class=\"plan-price\"><span class=\"price-value\">t\u1eeb<\/span><span class=\"price-figure\">$500<\/span><span class=\"price-value\">\u0111\u1ebfn $2,000 ho\u1eb7c cao h\u01a1n<\/span><span class=\"price-tax\"><\/span><\/div>\n\t\t\t<\/div>\n\t\t\t<div class=\"plan-body\">C\u1ea5u tr\u00fac gi\u00e1 c\u1ea3 c\u00f3 th\u1ec3 thay \u0111\u1ed5i t\u00f9y thu\u1ed9c v\u00e0o lo\u1ea1i v\u00e0 s\u1ed1 l\u01b0\u1ee3ng h\u1ee3p \u0111\u1ed3ng. Ch\u00fang t\u00f4i s\u1eb5n l\u00f2ng cung c\u1ea5p m\u1ed9t \u01b0\u1edbc t\u00ednh s\u01a1 b\u1ed9 khi b\u1ea1n y\u00eau c\u1ea7u, v\u00ec v\u1eady \u0111\u1eebng ng\u1ea7n ng\u1ea1i li\u00ean h\u1ec7 v\u1edbi ch\u00fang t\u00f4i \u0111\u1ec3 bi\u1ebft th\u00eam chi ti\u1ebft.<\/div>\n\t\t\t<\/div>\n\t\t<\/li>\n\t\t<li class=\"txt-left\">\n\t\t\t<div class=\"plan-inner\">\n\t\t\t<div class=\"plan-header\">\n\t\t\t<h4 class=\"plan-title\">C\u00e1c D\u1ecbch V\u1ee5 Kh\u00e1c<\/h4>\n\t\t\t<div class=\"plan-price\"><span class=\"price-figure\">Li\u00ean H\u1ec7 Ch\u00fang T\u00f4i<\/span><\/div>\n\t\t\t<\/div>\n\t\t\t<div class=\"plan-body\">Ch\u00fang t\u00f4i cung c\u1ea5p m\u1ed9t lo\u1ea1t c\u00e1c d\u1ecbch v\u1ee5 bao g\u1ed3m th\u00e0nh l\u1eadp c\u00f4ng ty, xem x\u00e9t h\u1ee3p \u0111\u1ed3ng, \u00fd ki\u1ebfn ph\u00e1p l\u00fd, xem x\u00e9t v\u1ee5 \u00e1n, ho\u1eb7c th\u01b0 nghi\u00ean c\u1ee9u. N\u1ebfu b\u1ea1n c\u00f3 b\u1ea5t k\u1ef3 th\u1eafc m\u1eafc ho\u1eb7c lo ng\u1ea1i n\u00e0o, ch\u00fang t\u00f4i tr\u00e2n tr\u1ecdng m\u1eddi b\u1ea1n li\u00ean h\u1ec7 v\u1edbi ch\u00fang t\u00f4i v\u00e0 \u0111\u1ed9i ng\u0169 chuy\u00ean nghi\u1ec7p c\u1ee7a ch\u00fang t\u00f4i s\u1ebd h\u00e2n h\u1ea1nh h\u1ed7 tr\u1ee3 b\u1ea1n.<\/div>\n\t\t\t<\/div>\n\t\t\t<\/div>\n\t\t<\/li>\n\t<\/ul>\n\t<\/div>\n\t<\/div>\n<\/section>\n\n<section class=\"white-section\">\n\t<div class=\"section-inner\">\n\t\t<div class=\"btn-area\">\n\t\t\t<div class=\"btn icon-contact\"><a href=\"\/vi\/contact\">Li\u00ean H\u1ec7 Ch\u00fang T\u00f4i<\/a><\/div>\n\t\t<\/div>\n\t<\/div>\n<\/section>\n","protected":false},"excerpt":{"rendered":"<p>Internet V\u1edbi t\u01b0 c\u00e1ch l\u00e0 m\u1ed9t v\u0103n ph\u00f2ng lu\u1eadt s\u01b0 c\u00f3 chuy\u00ean m\u00f4n m\u1ea1nh v\u1ec1 IT, ch\u00fang t\u00f4i c\u00f3 b\u1ec1 d\u00e0y kinh nghi\u1ec7m trong vi\u1ec7c cung c\u1ea5p h\u1ed7 tr\u1ee3 ph\u00e1p l\u00fd to\u00e0n di\u1ec7n cho c\u00e1c doanh nh\u00e2n trong ng\u00e0nh c\u00f4ng nghi\u1ec7p internet [&hellip;]<\/p>\n","protected":false},"author":1,"featured_media":57159,"parent":0,"menu_order":0,"comment_status":"closed","ping_status":"closed","template":"other-page-temp.php","meta":{"footnotes":""},"acf":[],"_links":{"self":[{"href":"https:\/\/monolith.law\/vi\/wp-json\/wp\/v2\/pages\/56080"}],"collection":[{"href":"https:\/\/monolith.law\/vi\/wp-json\/wp\/v2\/pages"}],"about":[{"href":"https:\/\/monolith.law\/vi\/wp-json\/wp\/v2\/types\/page"}],"author":[{"embeddable":true,"href":"https:\/\/monolith.law\/vi\/wp-json\/wp\/v2\/users\/1"}],"replies":[{"embeddable":true,"href":"https:\/\/monolith.law\/vi\/wp-json\/wp\/v2\/comments?post=56080"}],"version-history":[{"count":27,"href":"https:\/\/monolith.law\/vi\/wp-json\/wp\/v2\/pages\/56080\/revisions"}],"predecessor-version":[{"id":68733,"href":"https:\/\/monolith.law\/vi\/wp-json\/wp\/v2\/pages\/56080\/revisions\/68733"}],"wp:featuredmedia":[{"embeddable":true,"href":"https:\/\/monolith.law\/vi\/wp-json\/wp\/v2\/media\/57159"}],"wp:attachment":[{"href":"https:\/\/monolith.law\/vi\/wp-json\/wp\/v2\/media?parent=56080"}],"curies":[{"name":"wp","href":"https:\/\/api.w.org\/{rel}","templated":true}]}}